{"id":10131,"date":"2026-04-27T04:40:57","date_gmt":"2026-04-27T04:40:57","guid":{"rendered":""},"modified":"2026-04-27T04:40:57","modified_gmt":"2026-04-27T04:40:57","slug":"znackovy-mexen-s-axel-df72-set-vanova-a-umyvadlova-baterie-czar-73813df72-70-10131","status":"publish","type":"product","link":"https:\/\/www.oknobuild.com\/index.php\/produkt\/znackovy-mexen-s-axel-df72-set-vanova-a-umyvadlova-baterie-czar-73813df72-70-10131\/","title":{"rendered":"Zna\u010dkov\u00fd MEXEN\/S &#8211; Axel DF72 SET vanov\u00e1 a umyvadlov\u00e1 baterie, czar 73813DF72-70"},"content":{"rendered":"<div class=\"basic-description\">\n<h3>Detailn\u00ed popis produktu<\/h3>\n<p>Technick\u00e1 data:<\/p>\n<p>Materi\u00e1l umyvadlov\u00e9 baterie: mosaz<\/p>\n<p>Hlava: Keramick\u00e1<\/p>\n<p>Perl\u00e1tor: Ano<\/p>\n<p>Povrchov\u00e1 \u00faprava: \u010dern\u00e1<\/p>\n<p>V\u00fd\u0161ka: 290 mm<\/p>\n<p>Rozsah v\u00fdtoku: 145 mm<\/p>\n<p>Materi\u00e1l vanov\u00e9 baterie: mosaz<\/p>\n<p>Hlava: Keramick\u00e1<\/p>\n<p>Perl\u00e1tor: Ano<\/p>\n<p>Povrchov\u00e1 \u00faprava: \u010dern\u00e1<\/p>\n<p>Rozsah v\u00fdtoku: 110 mm<\/p>\n<p>Materi\u00e1l h\u0159\u00eddele: Nerezov\u00e1 ocel, ABS<\/p>\n<p>Povrchov\u00e1 \u00faprava hole: \u010dern\u00e1<\/p>\n<p>V\u00fd\u0161ka: 800 mm<\/p>\n<p>\u0160\u00ed\u0159ka li\u0161ty: 22 mm<\/p>\n<p>Vzd\u00e1lenost od st\u011bny: 105 mm<\/p>\n<p>Miska na m\u00fddlo<\/p>\n<p>Posuvn\u00fd dr\u017e\u00e1k na sluch\u00e1tko<\/p>\n<p>Nastaviteln\u00e9 mont\u00e1\u017en\u00ed dr\u017e\u00e1ky<\/p>\n<p>Materi\u00e1l sluch\u00e1tek: Plast<\/p>\n<p>Povrchov\u00e1 \u00faprava sluch\u00e1tek: \u010dern\u00e1<\/p>\n<p>Po\u010det funkc\u00ed: 1<\/p>\n<p>Materi\u00e1l hadice: PVC<\/p>\n<p>Had\u00ed proveden\u00ed: \u010cern\u00e1<\/p>\n<p>D\u00e9lka hadice: 150 cm<\/p>\n<p>Mosazn\u00e9 hroty<\/p>\n<p>Hladk\u00fd povrch usnad\u0148uje \u00fadr\u017ebu<\/p>\n<p>Oto\u010dn\u00e9 hroty zabra\u0148uj\u00ed kroucen\u00ed<\/p>\n<p>Pru\u017en\u00fd materi\u00e1l odoln\u00fd proti roztahov\u00e1n\u00ed a oh\u00fdb\u00e1n\u00ed<\/p>\n<\/p><\/div>\n<div class=\"extended-description\">\n<h3>Dopl\u0148kov\u00e9 parametry<\/h3>\n<table class=\"detail-parameters\">\n<tbody>\n<tr>\n<th>        <span class=\"row-header-label\">            Kategorie<span class=\"row-header-label-colon\">:<\/span>        <\/span>    <\/th>\n<td>            <\/td>\n<\/tr>\n<tr>\n<th>            <span class=\"row-header-label\">                Z\u00e1ruka<span class=\"row-header-label-colon\">:<\/span>            <\/span>        <\/th>\n<td>            24        <\/td>\n<\/tr>\n<tr>\n<th>            <span class=\"row-header-label\">                Hmotnost<span class=\"row-header-label-colon\">:<\/span>            <\/span>        <\/th>\n<td>            3 kg        <\/td>\n<\/tr>\n<tr class=\"productEan\">\n<th>          <span class=\"row-header-label productEan__label\">              EAN<span class=\"row-header-label-colon\">:<\/span>          <\/span>      <\/th>\n<td>          <span class=\"productEan__value\">5907709184060<\/span>      <\/td>\n<\/tr>\n<tr>\n<th>                <span class=\"row-header-label\">                                            Dostupnost<span class=\"row-header-label-colon\">:<\/span>                                    <\/span>            <\/th>\n<td>                                                            Dod\u00e1n\u00ed do 14ti dn\u016f                                                <\/td>\n<\/tr>\n<\/tbody>\n<\/table><\/div>\n<\/p><\/div>\n<\/p><\/div>\n","protected":false},"excerpt":{"rendered":"<p>Detailn\u00ed popis produktu Technick\u00e1 data: Materi\u00e1l umyvadlov\u00e9 baterie: mosaz Hlava: Keramick\u00e1 Perl\u00e1tor: Ano Povrchov\u00e1 \u00faprava: \u010dern\u00e1 V\u00fd\u0161ka: 290 mm Rozsah v\u00fdtoku: 145 mm Materi\u00e1l vanov\u00e9 baterie: mosaz Hlava: Keramick\u00e1 Perl\u00e1tor: Ano Povrchov\u00e1 \u00faprava: \u010dern\u00e1 Rozsah v\u00fdtoku: 110 mm Materi\u00e1l h\u0159\u00eddele: Nerezov\u00e1 ocel, ABS Povrchov\u00e1 \u00faprava hole: \u010dern\u00e1 V\u00fd\u0161ka: 800 mm \u0160\u00ed\u0159ka li\u0161ty: 22 mm Vzd\u00e1lenost [&hellip;]<\/p>\n","protected":false},"featured_media":10231,"comment_status":"open","ping_status":"open","template":"","meta":[],"product_brand":[],"product_cat":[54],"product_tag":[],"class_list":{"0":"post-10131","1":"product","2":"type-product","3":"status-publish","4":"has-post-thumbnail","6":"product_cat-vodovodni-baterie","8":"first","9":"instock","10":"sale","11":"shipping-taxable","12":"purchasable","13":"product-type-simple"},"yoast_head":"<!-- This site is optimized with the Yoast SEO plugin v26.8 - https:\/\/yoast.com\/product\/yoast-seo-wordpress\/ -->\n<title>Zna\u010dkov\u00fd MEXEN\/S - Axel DF72 SET vanov\u00e1 a umyvadlov\u00e1 baterie, czar 73813DF72-70 -<\/title>\n<meta name=\"robots\" content=\"index, follow, max-snippet:-1, max-image-preview:large, max-video-preview:-1\" \/>\n<link rel=\"canonical\" href=\"https:\/\/www.oknobuild.com\/index.php\/produkt\/znackovy-mexen-s-axel-df72-set-vanova-a-umyvadlova-baterie-czar-73813df72-70-10131\/\" \/>\n<meta property=\"og:locale\" content=\"cs_CZ\" \/>\n<meta property=\"og:type\" content=\"article\" \/>\n<meta property=\"og:title\" content=\"Zna\u010dkov\u00fd MEXEN\/S - Axel DF72 SET vanov\u00e1 a umyvadlov\u00e1 baterie, czar 73813DF72-70 -\" \/>\n<meta property=\"og:description\" content=\"Detailn\u00ed popis produktu Technick\u00e1 data: Materi\u00e1l umyvadlov\u00e9 baterie: mosaz Hlava: Keramick\u00e1 Perl\u00e1tor: Ano Povrchov\u00e1 \u00faprava: \u010dern\u00e1 V\u00fd\u0161ka: 290 mm Rozsah v\u00fdtoku: 145 mm Materi\u00e1l vanov\u00e9 baterie: mosaz Hlava: Keramick\u00e1 Perl\u00e1tor: Ano Povrchov\u00e1 \u00faprava: \u010dern\u00e1 Rozsah v\u00fdtoku: 110 mm Materi\u00e1l h\u0159\u00eddele: Nerezov\u00e1 ocel, ABS Povrchov\u00e1 \u00faprava hole: \u010dern\u00e1 V\u00fd\u0161ka: 800 mm \u0160\u00ed\u0159ka li\u0161ty: 22 mm Vzd\u00e1lenost [&hellip;]\" \/>\n<meta property=\"og:url\" content=\"https:\/\/www.oknobuild.com\/index.php\/produkt\/znackovy-mexen-s-axel-df72-set-vanova-a-umyvadlova-baterie-czar-73813df72-70-10131\/\" \/>\n<meta property=\"og:image\" content=\"https:\/\/www.oknobuild.com\/wp-content\/uploads\/2026\/SK0019714-CZ20260425-092556-0-1777080363-1676317_mexen-s-axel-df72-set-vanova-a-umyvadlova-baterie--.webp\" \/>\n\t<meta property=\"og:image:width\" content=\"1000\" \/>\n\t<meta property=\"og:image:height\" content=\"750\" \/>\n\t<meta property=\"og:image:type\" content=\"image\/webp\" \/>\n<meta name=\"twitter:card\" content=\"summary_large_image\" \/>\n<meta name=\"twitter:label1\" content=\"Odhadovan\u00e1 doba \u010dten\u00ed\" \/>\n\t<meta name=\"twitter:data1\" content=\"1 minuta\" \/>\n<script type=\"application\/ld+json\" class=\"yoast-schema-graph\">{\"@context\":\"https:\/\/schema.org\",\"@graph\":[{\"@type\":\"WebPage\",\"@id\":\"https:\/\/www.oknobuild.com\/index.php\/produkt\/znackovy-mexen-s-axel-df72-set-vanova-a-umyvadlova-baterie-czar-73813df72-70-10131\/\",\"url\":\"https:\/\/www.oknobuild.com\/index.php\/produkt\/znackovy-mexen-s-axel-df72-set-vanova-a-umyvadlova-baterie-czar-73813df72-70-10131\/\",\"name\":\"Zna\u010dkov\u00fd MEXEN\/S - Axel DF72 SET vanov\u00e1 a umyvadlov\u00e1 baterie, czar 73813DF72-70 -\",\"isPartOf\":{\"@id\":\"https:\/\/www.oknobuild.com\/#website\"},\"primaryImageOfPage\":{\"@id\":\"https:\/\/www.oknobuild.com\/index.php\/produkt\/znackovy-mexen-s-axel-df72-set-vanova-a-umyvadlova-baterie-czar-73813df72-70-10131\/#primaryimage\"},\"image\":{\"@id\":\"https:\/\/www.oknobuild.com\/index.php\/produkt\/znackovy-mexen-s-axel-df72-set-vanova-a-umyvadlova-baterie-czar-73813df72-70-10131\/#primaryimage\"},\"thumbnailUrl\":\"https:\/\/www.oknobuild.com\/wp-content\/uploads\/2026\/SK0019714-CZ20260425-092556-0-1777080363-1676317_mexen-s-axel-df72-set-vanova-a-umyvadlova-baterie--.webp\",\"datePublished\":\"2026-04-27T04:40:57+00:00\",\"breadcrumb\":{\"@id\":\"https:\/\/www.oknobuild.com\/index.php\/produkt\/znackovy-mexen-s-axel-df72-set-vanova-a-umyvadlova-baterie-czar-73813df72-70-10131\/#breadcrumb\"},\"inLanguage\":\"cs\",\"potentialAction\":[{\"@type\":\"ReadAction\",\"target\":[\"https:\/\/www.oknobuild.com\/index.php\/produkt\/znackovy-mexen-s-axel-df72-set-vanova-a-umyvadlova-baterie-czar-73813df72-70-10131\/\"]}]},{\"@type\":\"ImageObject\",\"inLanguage\":\"cs\",\"@id\":\"https:\/\/www.oknobuild.com\/index.php\/produkt\/znackovy-mexen-s-axel-df72-set-vanova-a-umyvadlova-baterie-czar-73813df72-70-10131\/#primaryimage\",\"url\":\"https:\/\/www.oknobuild.com\/wp-content\/uploads\/2026\/SK0019714-CZ20260425-092556-0-1777080363-1676317_mexen-s-axel-df72-set-vanova-a-umyvadlova-baterie--.webp\",\"contentUrl\":\"https:\/\/www.oknobuild.com\/wp-content\/uploads\/2026\/SK0019714-CZ20260425-092556-0-1777080363-1676317_mexen-s-axel-df72-set-vanova-a-umyvadlova-baterie--.webp\",\"width\":1000,\"height\":750},{\"@type\":\"BreadcrumbList\",\"@id\":\"https:\/\/www.oknobuild.com\/index.php\/produkt\/znackovy-mexen-s-axel-df72-set-vanova-a-umyvadlova-baterie-czar-73813df72-70-10131\/#breadcrumb\",\"itemListElement\":[{\"@type\":\"ListItem\",\"position\":1,\"name\":\"Home\",\"item\":\"https:\/\/www.oknobuild.com\/\"},{\"@type\":\"ListItem\",\"position\":2,\"name\":\"Products\",\"item\":\"https:\/\/www.oknobuild.com\/index.php\/products\/\"},{\"@type\":\"ListItem\",\"position\":3,\"name\":\"Zna\u010dkov\u00fd MEXEN\/S &#8211; Axel DF72 SET vanov\u00e1 a umyvadlov\u00e1 baterie, czar 73813DF72-70\"}]},{\"@type\":\"WebSite\",\"@id\":\"https:\/\/www.oknobuild.com\/#website\",\"url\":\"https:\/\/www.oknobuild.com\/\",\"name\":\"\",\"description\":\"\",\"potentialAction\":[{\"@type\":\"SearchAction\",\"target\":{\"@type\":\"EntryPoint\",\"urlTemplate\":\"https:\/\/www.oknobuild.com\/?s={search_term_string}\"},\"query-input\":{\"@type\":\"PropertyValueSpecification\",\"valueRequired\":true,\"valueName\":\"search_term_string\"}}],\"inLanguage\":\"cs\"}]}<\/script>\n<!-- \/ Yoast SEO plugin. -->","yoast_head_json":{"title":"Zna\u010dkov\u00fd MEXEN\/S - Axel DF72 SET vanov\u00e1 a umyvadlov\u00e1 baterie, czar 73813DF72-70 -","robots":{"index":"index","follow":"follow","max-snippet":"max-snippet:-1","max-image-preview":"max-image-preview:large","max-video-preview":"max-video-preview:-1"},"canonical":"https:\/\/www.oknobuild.com\/index.php\/produkt\/znackovy-mexen-s-axel-df72-set-vanova-a-umyvadlova-baterie-czar-73813df72-70-10131\/","og_locale":"cs_CZ","og_type":"article","og_title":"Zna\u010dkov\u00fd MEXEN\/S - Axel DF72 SET vanov\u00e1 a umyvadlov\u00e1 baterie, czar 73813DF72-70 -","og_description":"Detailn\u00ed popis produktu Technick\u00e1 data: Materi\u00e1l umyvadlov\u00e9 baterie: mosaz Hlava: Keramick\u00e1 Perl\u00e1tor: Ano Povrchov\u00e1 \u00faprava: \u010dern\u00e1 V\u00fd\u0161ka: 290 mm Rozsah v\u00fdtoku: 145 mm Materi\u00e1l vanov\u00e9 baterie: mosaz Hlava: Keramick\u00e1 Perl\u00e1tor: Ano Povrchov\u00e1 \u00faprava: \u010dern\u00e1 Rozsah v\u00fdtoku: 110 mm Materi\u00e1l h\u0159\u00eddele: Nerezov\u00e1 ocel, ABS Povrchov\u00e1 \u00faprava hole: \u010dern\u00e1 V\u00fd\u0161ka: 800 mm \u0160\u00ed\u0159ka li\u0161ty: 22 mm Vzd\u00e1lenost [&hellip;]","og_url":"https:\/\/www.oknobuild.com\/index.php\/produkt\/znackovy-mexen-s-axel-df72-set-vanova-a-umyvadlova-baterie-czar-73813df72-70-10131\/","og_image":[{"width":1000,"height":750,"url":"https:\/\/www.oknobuild.com\/wp-content\/uploads\/2026\/SK0019714-CZ20260425-092556-0-1777080363-1676317_mexen-s-axel-df72-set-vanova-a-umyvadlova-baterie--.webp","type":"image\/webp"}],"twitter_card":"summary_large_image","twitter_misc":{"Odhadovan\u00e1 doba \u010dten\u00ed":"1 minuta"},"schema":{"@context":"https:\/\/schema.org","@graph":[{"@type":"WebPage","@id":"https:\/\/www.oknobuild.com\/index.php\/produkt\/znackovy-mexen-s-axel-df72-set-vanova-a-umyvadlova-baterie-czar-73813df72-70-10131\/","url":"https:\/\/www.oknobuild.com\/index.php\/produkt\/znackovy-mexen-s-axel-df72-set-vanova-a-umyvadlova-baterie-czar-73813df72-70-10131\/","name":"Zna\u010dkov\u00fd MEXEN\/S - Axel DF72 SET vanov\u00e1 a umyvadlov\u00e1 baterie, czar 73813DF72-70 -","isPartOf":{"@id":"https:\/\/www.oknobuild.com\/#website"},"primaryImageOfPage":{"@id":"https:\/\/www.oknobuild.com\/index.php\/produkt\/znackovy-mexen-s-axel-df72-set-vanova-a-umyvadlova-baterie-czar-73813df72-70-10131\/#primaryimage"},"image":{"@id":"https:\/\/www.oknobuild.com\/index.php\/produkt\/znackovy-mexen-s-axel-df72-set-vanova-a-umyvadlova-baterie-czar-73813df72-70-10131\/#primaryimage"},"thumbnailUrl":"https:\/\/www.oknobuild.com\/wp-content\/uploads\/2026\/SK0019714-CZ20260425-092556-0-1777080363-1676317_mexen-s-axel-df72-set-vanova-a-umyvadlova-baterie--.webp","datePublished":"2026-04-27T04:40:57+00:00","breadcrumb":{"@id":"https:\/\/www.oknobuild.com\/index.php\/produkt\/znackovy-mexen-s-axel-df72-set-vanova-a-umyvadlova-baterie-czar-73813df72-70-10131\/#breadcrumb"},"inLanguage":"cs","potentialAction":[{"@type":"ReadAction","target":["https:\/\/www.oknobuild.com\/index.php\/produkt\/znackovy-mexen-s-axel-df72-set-vanova-a-umyvadlova-baterie-czar-73813df72-70-10131\/"]}]},{"@type":"ImageObject","inLanguage":"cs","@id":"https:\/\/www.oknobuild.com\/index.php\/produkt\/znackovy-mexen-s-axel-df72-set-vanova-a-umyvadlova-baterie-czar-73813df72-70-10131\/#primaryimage","url":"https:\/\/www.oknobuild.com\/wp-content\/uploads\/2026\/SK0019714-CZ20260425-092556-0-1777080363-1676317_mexen-s-axel-df72-set-vanova-a-umyvadlova-baterie--.webp","contentUrl":"https:\/\/www.oknobuild.com\/wp-content\/uploads\/2026\/SK0019714-CZ20260425-092556-0-1777080363-1676317_mexen-s-axel-df72-set-vanova-a-umyvadlova-baterie--.webp","width":1000,"height":750},{"@type":"BreadcrumbList","@id":"https:\/\/www.oknobuild.com\/index.php\/produkt\/znackovy-mexen-s-axel-df72-set-vanova-a-umyvadlova-baterie-czar-73813df72-70-10131\/#breadcrumb","itemListElement":[{"@type":"ListItem","position":1,"name":"Home","item":"https:\/\/www.oknobuild.com\/"},{"@type":"ListItem","position":2,"name":"Products","item":"https:\/\/www.oknobuild.com\/index.php\/products\/"},{"@type":"ListItem","position":3,"name":"Zna\u010dkov\u00fd MEXEN\/S &#8211; Axel DF72 SET vanov\u00e1 a umyvadlov\u00e1 baterie, czar 73813DF72-70"}]},{"@type":"WebSite","@id":"https:\/\/www.oknobuild.com\/#website","url":"https:\/\/www.oknobuild.com\/","name":"","description":"","potentialAction":[{"@type":"SearchAction","target":{"@type":"EntryPoint","urlTemplate":"https:\/\/www.oknobuild.com\/?s={search_term_string}"},"query-input":{"@type":"PropertyValueSpecification","valueRequired":true,"valueName":"search_term_string"}}],"inLanguage":"cs"}]}},"_links":{"self":[{"href":"https:\/\/www.oknobuild.com\/index.php\/wp-json\/wp\/v2\/product\/10131","targetHints":{"allow":["GET"]}}],"collection":[{"href":"https:\/\/www.oknobuild.com\/index.php\/wp-json\/wp\/v2\/product"}],"about":[{"href":"https:\/\/www.oknobuild.com\/index.php\/wp-json\/wp\/v2\/types\/product"}],"replies":[{"embeddable":true,"href":"https:\/\/www.oknobuild.com\/index.php\/wp-json\/wp\/v2\/comments?post=10131"}],"wp:featuredmedia":[{"embeddable":true,"href":"https:\/\/www.oknobuild.com\/index.php\/wp-json\/wp\/v2\/media\/10231"}],"wp:attachment":[{"href":"https:\/\/www.oknobuild.com\/index.php\/wp-json\/wp\/v2\/media?parent=10131"}],"wp:term":[{"taxonomy":"product_brand","embeddable":true,"href":"https:\/\/www.oknobuild.com\/index.php\/wp-json\/wp\/v2\/product_brand?post=10131"},{"taxonomy":"product_cat","embeddable":true,"href":"https:\/\/www.oknobuild.com\/index.php\/wp-json\/wp\/v2\/product_cat?post=10131"},{"taxonomy":"product_tag","embeddable":true,"href":"https:\/\/www.oknobuild.com\/index.php\/wp-json\/wp\/v2\/product_tag?post=10131"}],"curies":[{"name":"wp","href":"https:\/\/api.w.org\/{rel}","templated":true}]}}