{"id":10152,"date":"2026-04-27T04:40:57","date_gmt":"2026-04-27T04:40:57","guid":{"rendered":""},"modified":"2026-04-27T04:40:57","modified_gmt":"2026-04-27T04:40:57","slug":"akcni-cena-mexen-indus-umyvadlova-baterie-vysoka-cerna-zlata-744610-75-10152","status":"publish","type":"product","link":"https:\/\/www.oknobuild.com\/produkt\/akcni-cena-mexen-indus-umyvadlova-baterie-vysoka-cerna-zlata-744610-75-10152\/","title":{"rendered":"Ak\u010dn\u00ed Cena MEXEN &#8211; Indus umyvadlov\u00e1 baterie vysok\u00e1, \u010dern\u00e1\/zlat\u00e1 744610-75"},"content":{"rendered":"<div class=\"basic-description\">\n<h3>Detailn\u00ed popis produktu<\/h3>\n<p>Technick\u00e1 data:<\/p>\n<p> Materi\u00e1l: mosaz<\/p>\n<p> Povrchov\u00e1 \u00faprava: \u010dern\u00e1\/zlat\u00e1<\/p>\n<p> Hlava: Keramick\u00e1<\/p>\n<p> Perl\u00e1tor: Ano<\/p>\n<p> V\u00fd\u0161ka: 270 mm<\/p>\n<p> Rozsah v\u00fdtoku: 180 mm<\/p>\n<\/p><\/div>\n<div class=\"extended-description\">\n<h3>Dopl\u0148kov\u00e9 parametry<\/h3>\n<table class=\"detail-parameters\">\n<tbody>\n<tr>\n<th>        <span class=\"row-header-label\">            Kategorie<span class=\"row-header-label-colon\">:<\/span>        <\/span>    <\/th>\n<td>            <\/td>\n<\/tr>\n<tr>\n<th>            <span class=\"row-header-label\">                Z\u00e1ruka<span class=\"row-header-label-colon\">:<\/span>            <\/span>        <\/th>\n<td>            24        <\/td>\n<\/tr>\n<tr>\n<th>            <span class=\"row-header-label\">                Hmotnost<span class=\"row-header-label-colon\">:<\/span>            <\/span>        <\/th>\n<td>            3 kg        <\/td>\n<\/tr>\n<tr class=\"productEan\">\n<th>          <span class=\"row-header-label productEan__label\">              EAN<span class=\"row-header-label-colon\">:<\/span>          <\/span>      <\/th>\n<td>          <span class=\"productEan__value\">5907709173569<\/span>      <\/td>\n<\/tr>\n<tr>\n<th>                <span class=\"row-header-label\">                                            Dostupnost<span class=\"row-header-label-colon\">:<\/span>                                    <\/span>            <\/th>\n<td>                                                            Dod\u00e1n\u00ed do 14ti dn\u016f                                                <\/td>\n<\/tr>\n<\/tbody>\n<\/table><\/div>\n<\/p><\/div>\n<\/p><\/div>\n","protected":false},"excerpt":{"rendered":"<p>Detailn\u00ed popis produktu Technick\u00e1 data: Materi\u00e1l: mosaz Povrchov\u00e1 \u00faprava: \u010dern\u00e1\/zlat\u00e1 Hlava: Keramick\u00e1 Perl\u00e1tor: Ano V\u00fd\u0161ka: 270 mm Rozsah v\u00fdtoku: 180 mm Dopl\u0148kov\u00e9 parametry Kategorie: Z\u00e1ruka: 24 Hmotnost: 3 kg EAN: 5907709173569 Dostupnost: Dod\u00e1n\u00ed do 14ti dn\u016f<\/p>\n","protected":false},"featured_media":10252,"template":"","meta":[],"product_brand":[],"product_cat":[54],"product_tag":[],"class_list":{"0":"post-10152","1":"product","2":"type-product","3":"status-publish","4":"has-post-thumbnail","6":"product_cat-vodovodni-baterie","8":"first","9":"instock","10":"sale","11":"shipping-taxable","12":"purchasable","13":"product-type-simple"},"yoast_head":"<!-- This site is optimized with the Yoast SEO plugin v26.8 - https:\/\/yoast.com\/product\/yoast-seo-wordpress\/ -->\n<title>Ak\u010dn\u00ed Cena MEXEN - Indus umyvadlov\u00e1 baterie vysok\u00e1, \u010dern\u00e1\/zlat\u00e1 744610-75 - Stavebn\u00ed materi\u00e1ly a vybaven\u00ed dom\u00e1cnosti<\/title>\n<meta name=\"robots\" content=\"index, follow, max-snippet:-1, max-image-preview:large, max-video-preview:-1\" \/>\n<link rel=\"canonical\" href=\"https:\/\/www.oknobuild.com\/index.php\/produkt\/akcni-cena-mexen-indus-umyvadlova-baterie-vysoka-cerna-zlata-744610-75-10152\/\" \/>\n<meta property=\"og:locale\" content=\"cs_CZ\" \/>\n<meta property=\"og:type\" content=\"article\" \/>\n<meta property=\"og:title\" content=\"Ak\u010dn\u00ed Cena MEXEN - Indus umyvadlov\u00e1 baterie vysok\u00e1, \u010dern\u00e1\/zlat\u00e1 744610-75 - Stavebn\u00ed materi\u00e1ly a vybaven\u00ed dom\u00e1cnosti\" \/>\n<meta property=\"og:description\" content=\"Detailn\u00ed popis produktu Technick\u00e1 data: Materi\u00e1l: mosaz Povrchov\u00e1 \u00faprava: \u010dern\u00e1\/zlat\u00e1 Hlava: Keramick\u00e1 Perl\u00e1tor: Ano V\u00fd\u0161ka: 270 mm Rozsah v\u00fdtoku: 180 mm Dopl\u0148kov\u00e9 parametry Kategorie: Z\u00e1ruka: 24 Hmotnost: 3 kg EAN: 5907709173569 Dostupnost: Dod\u00e1n\u00ed do 14ti dn\u016f\" \/>\n<meta property=\"og:url\" content=\"https:\/\/www.oknobuild.com\/index.php\/produkt\/akcni-cena-mexen-indus-umyvadlova-baterie-vysoka-cerna-zlata-744610-75-10152\/\" \/>\n<meta property=\"og:site_name\" content=\"Stavebn\u00ed materi\u00e1ly a vybaven\u00ed dom\u00e1cnosti\" \/>\n<meta property=\"og:image\" content=\"https:\/\/www.oknobuild.com\/wp-content\/uploads\/2026\/SK0019735-CZ20260425-092556-0-1777080363-1676683_mexen-indus-umyvadlova-baterie-vysoka--cerna-zlata-.webp\" \/>\n\t<meta property=\"og:image:width\" content=\"1000\" \/>\n\t<meta property=\"og:image:height\" content=\"750\" \/>\n\t<meta property=\"og:image:type\" content=\"image\/webp\" \/>\n<meta name=\"twitter:card\" content=\"summary_large_image\" \/>\n<script type=\"application\/ld+json\" class=\"yoast-schema-graph\">{\"@context\":\"https:\/\/schema.org\",\"@graph\":[{\"@type\":\"WebPage\",\"@id\":\"https:\/\/www.oknobuild.com\/index.php\/produkt\/akcni-cena-mexen-indus-umyvadlova-baterie-vysoka-cerna-zlata-744610-75-10152\/\",\"url\":\"https:\/\/www.oknobuild.com\/index.php\/produkt\/akcni-cena-mexen-indus-umyvadlova-baterie-vysoka-cerna-zlata-744610-75-10152\/\",\"name\":\"Ak\u010dn\u00ed Cena MEXEN - Indus umyvadlov\u00e1 baterie vysok\u00e1, \u010dern\u00e1\/zlat\u00e1 744610-75 - Stavebn\u00ed materi\u00e1ly a vybaven\u00ed dom\u00e1cnosti\",\"isPartOf\":{\"@id\":\"https:\/\/www.oknobuild.com\/#website\"},\"primaryImageOfPage\":{\"@id\":\"https:\/\/www.oknobuild.com\/index.php\/produkt\/akcni-cena-mexen-indus-umyvadlova-baterie-vysoka-cerna-zlata-744610-75-10152\/#primaryimage\"},\"image\":{\"@id\":\"https:\/\/www.oknobuild.com\/index.php\/produkt\/akcni-cena-mexen-indus-umyvadlova-baterie-vysoka-cerna-zlata-744610-75-10152\/#primaryimage\"},\"thumbnailUrl\":\"https:\/\/www.oknobuild.com\/wp-content\/uploads\/2026\/SK0019735-CZ20260425-092556-0-1777080363-1676683_mexen-indus-umyvadlova-baterie-vysoka--cerna-zlata-.webp\",\"datePublished\":\"2026-04-27T04:40:57+00:00\",\"breadcrumb\":{\"@id\":\"https:\/\/www.oknobuild.com\/index.php\/produkt\/akcni-cena-mexen-indus-umyvadlova-baterie-vysoka-cerna-zlata-744610-75-10152\/#breadcrumb\"},\"inLanguage\":\"cs\",\"potentialAction\":[{\"@type\":\"ReadAction\",\"target\":[\"https:\/\/www.oknobuild.com\/index.php\/produkt\/akcni-cena-mexen-indus-umyvadlova-baterie-vysoka-cerna-zlata-744610-75-10152\/\"]}]},{\"@type\":\"ImageObject\",\"inLanguage\":\"cs\",\"@id\":\"https:\/\/www.oknobuild.com\/index.php\/produkt\/akcni-cena-mexen-indus-umyvadlova-baterie-vysoka-cerna-zlata-744610-75-10152\/#primaryimage\",\"url\":\"https:\/\/www.oknobuild.com\/wp-content\/uploads\/2026\/SK0019735-CZ20260425-092556-0-1777080363-1676683_mexen-indus-umyvadlova-baterie-vysoka--cerna-zlata-.webp\",\"contentUrl\":\"https:\/\/www.oknobuild.com\/wp-content\/uploads\/2026\/SK0019735-CZ20260425-092556-0-1777080363-1676683_mexen-indus-umyvadlova-baterie-vysoka--cerna-zlata-.webp\",\"width\":1000,\"height\":750},{\"@type\":\"BreadcrumbList\",\"@id\":\"https:\/\/www.oknobuild.com\/index.php\/produkt\/akcni-cena-mexen-indus-umyvadlova-baterie-vysoka-cerna-zlata-744610-75-10152\/#breadcrumb\",\"itemListElement\":[{\"@type\":\"ListItem\",\"position\":1,\"name\":\"Home\",\"item\":\"https:\/\/www.oknobuild.com\/\"},{\"@type\":\"ListItem\",\"position\":2,\"name\":\"Products\",\"item\":\"https:\/\/www.oknobuild.com\/products\/\"},{\"@type\":\"ListItem\",\"position\":3,\"name\":\"Ak\u010dn\u00ed Cena MEXEN &#8211; Indus umyvadlov\u00e1 baterie vysok\u00e1, \u010dern\u00e1\/zlat\u00e1 744610-75\"}]},{\"@type\":\"WebSite\",\"@id\":\"https:\/\/www.oknobuild.com\/#website\",\"url\":\"https:\/\/www.oknobuild.com\/\",\"name\":\"Stavebn\u00ed materi\u00e1ly a vybaven\u00ed dom\u00e1cnosti\",\"description\":\"Stavebn\u00ed materi\u00e1ly a vybaven\u00ed dom\u00e1cnosti\",\"publisher\":{\"@id\":\"https:\/\/www.oknobuild.com\/#organization\"},\"potentialAction\":[{\"@type\":\"SearchAction\",\"target\":{\"@type\":\"EntryPoint\",\"urlTemplate\":\"https:\/\/www.oknobuild.com\/?s={search_term_string}\"},\"query-input\":{\"@type\":\"PropertyValueSpecification\",\"valueRequired\":true,\"valueName\":\"search_term_string\"}}],\"inLanguage\":\"cs\"},{\"@type\":\"Organization\",\"@id\":\"https:\/\/www.oknobuild.com\/#organization\",\"name\":\"Stavebn\u00ed materi\u00e1ly a vybaven\u00ed dom\u00e1cnosti\",\"url\":\"https:\/\/www.oknobuild.com\/\",\"logo\":{\"@type\":\"ImageObject\",\"inLanguage\":\"cs\",\"@id\":\"https:\/\/www.oknobuild.com\/#\/schema\/logo\/image\/\",\"url\":\"https:\/\/www.oknobuild.com\/wp-content\/uploads\/2026\/04\/oknobuild_logo.svg\",\"contentUrl\":\"https:\/\/www.oknobuild.com\/wp-content\/uploads\/2026\/04\/oknobuild_logo.svg\",\"width\":720,\"height\":180,\"caption\":\"Stavebn\u00ed materi\u00e1ly a vybaven\u00ed dom\u00e1cnosti\"},\"image\":{\"@id\":\"https:\/\/www.oknobuild.com\/#\/schema\/logo\/image\/\"}}]}<\/script>\n<!-- \/ Yoast SEO plugin. -->","yoast_head_json":{"title":"Ak\u010dn\u00ed Cena MEXEN - Indus umyvadlov\u00e1 baterie vysok\u00e1, \u010dern\u00e1\/zlat\u00e1 744610-75 - Stavebn\u00ed materi\u00e1ly a vybaven\u00ed dom\u00e1cnosti","robots":{"index":"index","follow":"follow","max-snippet":"max-snippet:-1","max-image-preview":"max-image-preview:large","max-video-preview":"max-video-preview:-1"},"canonical":"https:\/\/www.oknobuild.com\/index.php\/produkt\/akcni-cena-mexen-indus-umyvadlova-baterie-vysoka-cerna-zlata-744610-75-10152\/","og_locale":"cs_CZ","og_type":"article","og_title":"Ak\u010dn\u00ed Cena MEXEN - Indus umyvadlov\u00e1 baterie vysok\u00e1, \u010dern\u00e1\/zlat\u00e1 744610-75 - Stavebn\u00ed materi\u00e1ly a vybaven\u00ed dom\u00e1cnosti","og_description":"Detailn\u00ed popis produktu Technick\u00e1 data: Materi\u00e1l: mosaz Povrchov\u00e1 \u00faprava: \u010dern\u00e1\/zlat\u00e1 Hlava: Keramick\u00e1 Perl\u00e1tor: Ano V\u00fd\u0161ka: 270 mm Rozsah v\u00fdtoku: 180 mm Dopl\u0148kov\u00e9 parametry Kategorie: Z\u00e1ruka: 24 Hmotnost: 3 kg EAN: 5907709173569 Dostupnost: Dod\u00e1n\u00ed do 14ti dn\u016f","og_url":"https:\/\/www.oknobuild.com\/index.php\/produkt\/akcni-cena-mexen-indus-umyvadlova-baterie-vysoka-cerna-zlata-744610-75-10152\/","og_site_name":"Stavebn\u00ed materi\u00e1ly a vybaven\u00ed dom\u00e1cnosti","og_image":[{"width":1000,"height":750,"url":"https:\/\/www.oknobuild.com\/wp-content\/uploads\/2026\/SK0019735-CZ20260425-092556-0-1777080363-1676683_mexen-indus-umyvadlova-baterie-vysoka--cerna-zlata-.webp","type":"image\/webp"}],"twitter_card":"summary_large_image","schema":{"@context":"https:\/\/schema.org","@graph":[{"@type":"WebPage","@id":"https:\/\/www.oknobuild.com\/index.php\/produkt\/akcni-cena-mexen-indus-umyvadlova-baterie-vysoka-cerna-zlata-744610-75-10152\/","url":"https:\/\/www.oknobuild.com\/index.php\/produkt\/akcni-cena-mexen-indus-umyvadlova-baterie-vysoka-cerna-zlata-744610-75-10152\/","name":"Ak\u010dn\u00ed Cena MEXEN - Indus umyvadlov\u00e1 baterie vysok\u00e1, \u010dern\u00e1\/zlat\u00e1 744610-75 - Stavebn\u00ed materi\u00e1ly a vybaven\u00ed dom\u00e1cnosti","isPartOf":{"@id":"https:\/\/www.oknobuild.com\/#website"},"primaryImageOfPage":{"@id":"https:\/\/www.oknobuild.com\/index.php\/produkt\/akcni-cena-mexen-indus-umyvadlova-baterie-vysoka-cerna-zlata-744610-75-10152\/#primaryimage"},"image":{"@id":"https:\/\/www.oknobuild.com\/index.php\/produkt\/akcni-cena-mexen-indus-umyvadlova-baterie-vysoka-cerna-zlata-744610-75-10152\/#primaryimage"},"thumbnailUrl":"https:\/\/www.oknobuild.com\/wp-content\/uploads\/2026\/SK0019735-CZ20260425-092556-0-1777080363-1676683_mexen-indus-umyvadlova-baterie-vysoka--cerna-zlata-.webp","datePublished":"2026-04-27T04:40:57+00:00","breadcrumb":{"@id":"https:\/\/www.oknobuild.com\/index.php\/produkt\/akcni-cena-mexen-indus-umyvadlova-baterie-vysoka-cerna-zlata-744610-75-10152\/#breadcrumb"},"inLanguage":"cs","potentialAction":[{"@type":"ReadAction","target":["https:\/\/www.oknobuild.com\/index.php\/produkt\/akcni-cena-mexen-indus-umyvadlova-baterie-vysoka-cerna-zlata-744610-75-10152\/"]}]},{"@type":"ImageObject","inLanguage":"cs","@id":"https:\/\/www.oknobuild.com\/index.php\/produkt\/akcni-cena-mexen-indus-umyvadlova-baterie-vysoka-cerna-zlata-744610-75-10152\/#primaryimage","url":"https:\/\/www.oknobuild.com\/wp-content\/uploads\/2026\/SK0019735-CZ20260425-092556-0-1777080363-1676683_mexen-indus-umyvadlova-baterie-vysoka--cerna-zlata-.webp","contentUrl":"https:\/\/www.oknobuild.com\/wp-content\/uploads\/2026\/SK0019735-CZ20260425-092556-0-1777080363-1676683_mexen-indus-umyvadlova-baterie-vysoka--cerna-zlata-.webp","width":1000,"height":750},{"@type":"BreadcrumbList","@id":"https:\/\/www.oknobuild.com\/index.php\/produkt\/akcni-cena-mexen-indus-umyvadlova-baterie-vysoka-cerna-zlata-744610-75-10152\/#breadcrumb","itemListElement":[{"@type":"ListItem","position":1,"name":"Home","item":"https:\/\/www.oknobuild.com\/"},{"@type":"ListItem","position":2,"name":"Products","item":"https:\/\/www.oknobuild.com\/products\/"},{"@type":"ListItem","position":3,"name":"Ak\u010dn\u00ed Cena MEXEN &#8211; Indus umyvadlov\u00e1 baterie vysok\u00e1, \u010dern\u00e1\/zlat\u00e1 744610-75"}]},{"@type":"WebSite","@id":"https:\/\/www.oknobuild.com\/#website","url":"https:\/\/www.oknobuild.com\/","name":"Stavebn\u00ed materi\u00e1ly a vybaven\u00ed dom\u00e1cnosti","description":"Stavebn\u00ed materi\u00e1ly a vybaven\u00ed dom\u00e1cnosti","publisher":{"@id":"https:\/\/www.oknobuild.com\/#organization"},"potentialAction":[{"@type":"SearchAction","target":{"@type":"EntryPoint","urlTemplate":"https:\/\/www.oknobuild.com\/?s={search_term_string}"},"query-input":{"@type":"PropertyValueSpecification","valueRequired":true,"valueName":"search_term_string"}}],"inLanguage":"cs"},{"@type":"Organization","@id":"https:\/\/www.oknobuild.com\/#organization","name":"Stavebn\u00ed materi\u00e1ly a vybaven\u00ed dom\u00e1cnosti","url":"https:\/\/www.oknobuild.com\/","logo":{"@type":"ImageObject","inLanguage":"cs","@id":"https:\/\/www.oknobuild.com\/#\/schema\/logo\/image\/","url":"https:\/\/www.oknobuild.com\/wp-content\/uploads\/2026\/04\/oknobuild_logo.svg","contentUrl":"https:\/\/www.oknobuild.com\/wp-content\/uploads\/2026\/04\/oknobuild_logo.svg","width":720,"height":180,"caption":"Stavebn\u00ed materi\u00e1ly a vybaven\u00ed dom\u00e1cnosti"},"image":{"@id":"https:\/\/www.oknobuild.com\/#\/schema\/logo\/image\/"}}]}},"_links":{"self":[{"href":"https:\/\/www.oknobuild.com\/wp-json\/wp\/v2\/product\/10152","targetHints":{"allow":["GET"]}}],"collection":[{"href":"https:\/\/www.oknobuild.com\/wp-json\/wp\/v2\/product"}],"about":[{"href":"https:\/\/www.oknobuild.com\/wp-json\/wp\/v2\/types\/product"}],"wp:featuredmedia":[{"embeddable":true,"href":"https:\/\/www.oknobuild.com\/wp-json\/wp\/v2\/media\/10252"}],"wp:attachment":[{"href":"https:\/\/www.oknobuild.com\/wp-json\/wp\/v2\/media?parent=10152"}],"wp:term":[{"taxonomy":"product_brand","embeddable":true,"href":"https:\/\/www.oknobuild.com\/wp-json\/wp\/v2\/product_brand?post=10152"},{"taxonomy":"product_cat","embeddable":true,"href":"https:\/\/www.oknobuild.com\/wp-json\/wp\/v2\/product_cat?post=10152"},{"taxonomy":"product_tag","embeddable":true,"href":"https:\/\/www.oknobuild.com\/wp-json\/wp\/v2\/product_tag?post=10152"}],"curies":[{"name":"wp","href":"https:\/\/api.w.org\/{rel}","templated":true}]}}