{"id":10897,"date":"2026-04-27T04:40:59","date_gmt":"2026-04-27T04:40:59","guid":{"rendered":""},"modified":"2026-04-27T04:40:59","modified_gmt":"2026-04-27T04:40:59","slug":"nizka-cena-cersanit-jota-rohovy-sprchovy-kout-80x80x195-pruhledne-sklo-cerny-levy-s160-007-10897","status":"publish","type":"product","link":"https:\/\/www.oknobuild.com\/index.php\/produkt\/nizka-cena-cersanit-jota-rohovy-sprchovy-kout-80x80x195-pruhledne-sklo-cerny-levy-s160-007-10897\/","title":{"rendered":"N\u00edzk\u00e1 Cena CERSANIT &#8211; JOTA rohov\u00fd sprchov\u00fd kout &#8211; (80x80X195) pr\u016fhledn\u00e9 sklo &#8211; \u010dern\u00fd, LEV\u00dd S160-007"},"content":{"rendered":"<div class=\"basic-description\">\n<h3>Detailn\u00ed popis produktu<\/h3>\n<p><strong>JOTA<\/strong>\u00a0je kolekce bezr\u00e1mov\u00fdch\u00a0<strong>sprchov\u00fdch kout\u016f<\/strong>\u00a0nab\u00edzej\u00edc\u00ed mnoho funk\u010dn\u00edch \u0159e\u0161en\u00ed pro u\u017eivatele.\u00a0Z\u00e1v\u011bs s funkc\u00ed zved\u00e1n\u00ed zarovnan\u00fd se sklen\u011bnou tabul\u00ed usnad\u0148uje udr\u017eov\u00e1n\u00ed kabiny v \u010distot\u011b a povrchov\u00e1 \u00faprava\u00a0<strong>CleanPro<\/strong>\u00a0nav\u00edc usnad\u0148uje proces \u010di\u0161t\u011bn\u00ed kabiny od ne\u010distot a usazenin vodn\u00edho kamene.\u00a0Kovov\u00e9 madlo, kovov\u00e9 panty, prahov\u00e1 li\u0161ta a mo\u017enost mont\u00e1\u017ee na podlahu jsou dal\u0161\u00edmi p\u0159ednostmi tohoto produktu.\u00a0Rohov\u00e9 kabinky\u00a0<strong>JOTA<\/strong>\u00a0d\u00edky sv\u00e9mu funk\u010dn\u00edmu designu a v\u00fd\u0161ce 195 cm umo\u017en\u00ed i vysok\u00fdm u\u017eivatel\u016fm c\u00edtit se v nich maxim\u00e1ln\u011b pohodln\u011b.<\/p>\n<p><strong>Jedn\u00e1 se o lev\u00e9 proveden\u00ed.<\/strong><\/p>\n<\/p><\/div>\n<div class=\"extended-description\">\n<h3>Dopl\u0148kov\u00e9 parametry<\/h3>\n<table class=\"detail-parameters\">\n<tbody>\n<tr>\n<th>        <span class=\"row-header-label\">            Kategorie<span class=\"row-header-label-colon\">:<\/span>        <\/span>    <\/th>\n<td>            <\/td>\n<\/tr>\n<tr>\n<th>            <span class=\"row-header-label\">                Z\u00e1ruka<span class=\"row-header-label-colon\">:<\/span>            <\/span>        <\/th>\n<td>            2 roky        <\/td>\n<\/tr>\n<tr>\n<th>            <span class=\"row-header-label\">                Hmotnost<span class=\"row-header-label-colon\">:<\/span>            <\/span>        <\/th>\n<td>            30 kg        <\/td>\n<\/tr>\n<tr class=\"productEan\">\n<th>          <span class=\"row-header-label productEan__label\">              EAN<span class=\"row-header-label-colon\">:<\/span>          <\/span>      <\/th>\n<td>          <span class=\"productEan__value\">5901771037996<\/span>      <\/td>\n<\/tr>\n<tr>\n<th>                <span class=\"row-header-label\">                                            Dostupnost<span class=\"row-header-label-colon\">:<\/span>                                    <\/span>            <\/th>\n<td>                                                            Dod\u00e1n\u00ed do 14ti dn\u016f                                                <\/td>\n<\/tr>\n<\/tbody>\n<\/table><\/div>\n<\/p><\/div>\n<\/p><\/div>\n","protected":false},"excerpt":{"rendered":"<p>Detailn\u00ed popis produktu JOTA\u00a0je kolekce bezr\u00e1mov\u00fdch\u00a0sprchov\u00fdch kout\u016f\u00a0nab\u00edzej\u00edc\u00ed mnoho funk\u010dn\u00edch \u0159e\u0161en\u00ed pro u\u017eivatele.\u00a0Z\u00e1v\u011bs s funkc\u00ed zved\u00e1n\u00ed zarovnan\u00fd se sklen\u011bnou tabul\u00ed usnad\u0148uje udr\u017eov\u00e1n\u00ed kabiny v \u010distot\u011b a povrchov\u00e1 \u00faprava\u00a0CleanPro\u00a0nav\u00edc usnad\u0148uje proces \u010di\u0161t\u011bn\u00ed kabiny od ne\u010distot a usazenin vodn\u00edho kamene.\u00a0Kovov\u00e9 madlo, kovov\u00e9 panty, prahov\u00e1 li\u0161ta a mo\u017enost mont\u00e1\u017ee na podlahu jsou dal\u0161\u00edmi p\u0159ednostmi tohoto produktu.\u00a0Rohov\u00e9 kabinky\u00a0JOTA\u00a0d\u00edky sv\u00e9mu funk\u010dn\u00edmu [&hellip;]<\/p>\n","protected":false},"featured_media":10997,"comment_status":"open","ping_status":"open","template":"","meta":[],"product_brand":[],"product_cat":[56],"product_tag":[],"class_list":{"0":"post-10897","1":"product","2":"type-product","3":"status-publish","4":"has-post-thumbnail","6":"product_cat-sprchove-kouty","8":"first","9":"instock","10":"sale","11":"shipping-taxable","12":"purchasable","13":"product-type-simple"},"yoast_head":"<!-- This site is optimized with the Yoast SEO plugin v26.8 - https:\/\/yoast.com\/product\/yoast-seo-wordpress\/ -->\n<title>N\u00edzk\u00e1 Cena CERSANIT - JOTA rohov\u00fd sprchov\u00fd kout - (80x80X195) pr\u016fhledn\u00e9 sklo - \u010dern\u00fd, LEV\u00dd S160-007 -<\/title>\n<meta name=\"robots\" content=\"index, follow, max-snippet:-1, max-image-preview:large, max-video-preview:-1\" \/>\n<link rel=\"canonical\" href=\"https:\/\/www.oknobuild.com\/index.php\/produkt\/nizka-cena-cersanit-jota-rohovy-sprchovy-kout-80x80x195-pruhledne-sklo-cerny-levy-s160-007-10897\/\" \/>\n<meta property=\"og:locale\" content=\"cs_CZ\" \/>\n<meta property=\"og:type\" content=\"article\" \/>\n<meta property=\"og:title\" content=\"N\u00edzk\u00e1 Cena CERSANIT - JOTA rohov\u00fd sprchov\u00fd kout - (80x80X195) pr\u016fhledn\u00e9 sklo - \u010dern\u00fd, LEV\u00dd S160-007 -\" \/>\n<meta property=\"og:description\" content=\"Detailn\u00ed popis produktu JOTA\u00a0je kolekce bezr\u00e1mov\u00fdch\u00a0sprchov\u00fdch kout\u016f\u00a0nab\u00edzej\u00edc\u00ed mnoho funk\u010dn\u00edch \u0159e\u0161en\u00ed pro u\u017eivatele.\u00a0Z\u00e1v\u011bs s funkc\u00ed zved\u00e1n\u00ed zarovnan\u00fd se sklen\u011bnou tabul\u00ed usnad\u0148uje udr\u017eov\u00e1n\u00ed kabiny v \u010distot\u011b a povrchov\u00e1 \u00faprava\u00a0CleanPro\u00a0nav\u00edc usnad\u0148uje proces \u010di\u0161t\u011bn\u00ed kabiny od ne\u010distot a usazenin vodn\u00edho kamene.\u00a0Kovov\u00e9 madlo, kovov\u00e9 panty, prahov\u00e1 li\u0161ta a mo\u017enost mont\u00e1\u017ee na podlahu jsou dal\u0161\u00edmi p\u0159ednostmi tohoto produktu.\u00a0Rohov\u00e9 kabinky\u00a0JOTA\u00a0d\u00edky sv\u00e9mu funk\u010dn\u00edmu [&hellip;]\" \/>\n<meta property=\"og:url\" content=\"https:\/\/www.oknobuild.com\/index.php\/produkt\/nizka-cena-cersanit-jota-rohovy-sprchovy-kout-80x80x195-pruhledne-sklo-cerny-levy-s160-007-10897\/\" \/>\n<meta property=\"og:image\" content=\"https:\/\/www.oknobuild.com\/wp-content\/uploads\/2026\/SK0020082-CZ20260425-092556-0-1777080363-1683460_cersanit-jota-rohovy-sprchovy-kout-80x80x195--pruhl.webp\" \/>\n\t<meta property=\"og:image:width\" content=\"1000\" \/>\n\t<meta property=\"og:image:height\" content=\"750\" \/>\n\t<meta property=\"og:image:type\" content=\"image\/webp\" \/>\n<meta name=\"twitter:card\" content=\"summary_large_image\" \/>\n<meta name=\"twitter:label1\" content=\"Odhadovan\u00e1 doba \u010dten\u00ed\" \/>\n\t<meta name=\"twitter:data1\" content=\"1 minuta\" \/>\n<script type=\"application\/ld+json\" class=\"yoast-schema-graph\">{\"@context\":\"https:\/\/schema.org\",\"@graph\":[{\"@type\":\"WebPage\",\"@id\":\"https:\/\/www.oknobuild.com\/index.php\/produkt\/nizka-cena-cersanit-jota-rohovy-sprchovy-kout-80x80x195-pruhledne-sklo-cerny-levy-s160-007-10897\/\",\"url\":\"https:\/\/www.oknobuild.com\/index.php\/produkt\/nizka-cena-cersanit-jota-rohovy-sprchovy-kout-80x80x195-pruhledne-sklo-cerny-levy-s160-007-10897\/\",\"name\":\"N\u00edzk\u00e1 Cena CERSANIT - JOTA rohov\u00fd sprchov\u00fd kout - (80x80X195) pr\u016fhledn\u00e9 sklo - \u010dern\u00fd, LEV\u00dd S160-007 -\",\"isPartOf\":{\"@id\":\"https:\/\/www.oknobuild.com\/#website\"},\"primaryImageOfPage\":{\"@id\":\"https:\/\/www.oknobuild.com\/index.php\/produkt\/nizka-cena-cersanit-jota-rohovy-sprchovy-kout-80x80x195-pruhledne-sklo-cerny-levy-s160-007-10897\/#primaryimage\"},\"image\":{\"@id\":\"https:\/\/www.oknobuild.com\/index.php\/produkt\/nizka-cena-cersanit-jota-rohovy-sprchovy-kout-80x80x195-pruhledne-sklo-cerny-levy-s160-007-10897\/#primaryimage\"},\"thumbnailUrl\":\"https:\/\/www.oknobuild.com\/wp-content\/uploads\/2026\/SK0020082-CZ20260425-092556-0-1777080363-1683460_cersanit-jota-rohovy-sprchovy-kout-80x80x195--pruhl.webp\",\"datePublished\":\"2026-04-27T04:40:59+00:00\",\"breadcrumb\":{\"@id\":\"https:\/\/www.oknobuild.com\/index.php\/produkt\/nizka-cena-cersanit-jota-rohovy-sprchovy-kout-80x80x195-pruhledne-sklo-cerny-levy-s160-007-10897\/#breadcrumb\"},\"inLanguage\":\"cs\",\"potentialAction\":[{\"@type\":\"ReadAction\",\"target\":[\"https:\/\/www.oknobuild.com\/index.php\/produkt\/nizka-cena-cersanit-jota-rohovy-sprchovy-kout-80x80x195-pruhledne-sklo-cerny-levy-s160-007-10897\/\"]}]},{\"@type\":\"ImageObject\",\"inLanguage\":\"cs\",\"@id\":\"https:\/\/www.oknobuild.com\/index.php\/produkt\/nizka-cena-cersanit-jota-rohovy-sprchovy-kout-80x80x195-pruhledne-sklo-cerny-levy-s160-007-10897\/#primaryimage\",\"url\":\"https:\/\/www.oknobuild.com\/wp-content\/uploads\/2026\/SK0020082-CZ20260425-092556-0-1777080363-1683460_cersanit-jota-rohovy-sprchovy-kout-80x80x195--pruhl.webp\",\"contentUrl\":\"https:\/\/www.oknobuild.com\/wp-content\/uploads\/2026\/SK0020082-CZ20260425-092556-0-1777080363-1683460_cersanit-jota-rohovy-sprchovy-kout-80x80x195--pruhl.webp\",\"width\":1000,\"height\":750},{\"@type\":\"BreadcrumbList\",\"@id\":\"https:\/\/www.oknobuild.com\/index.php\/produkt\/nizka-cena-cersanit-jota-rohovy-sprchovy-kout-80x80x195-pruhledne-sklo-cerny-levy-s160-007-10897\/#breadcrumb\",\"itemListElement\":[{\"@type\":\"ListItem\",\"position\":1,\"name\":\"Home\",\"item\":\"https:\/\/www.oknobuild.com\/\"},{\"@type\":\"ListItem\",\"position\":2,\"name\":\"Products\",\"item\":\"https:\/\/www.oknobuild.com\/index.php\/products\/\"},{\"@type\":\"ListItem\",\"position\":3,\"name\":\"N\u00edzk\u00e1 Cena CERSANIT &#8211; JOTA rohov\u00fd sprchov\u00fd kout &#8211; (80x80X195) pr\u016fhledn\u00e9 sklo &#8211; \u010dern\u00fd, LEV\u00dd S160-007\"}]},{\"@type\":\"WebSite\",\"@id\":\"https:\/\/www.oknobuild.com\/#website\",\"url\":\"https:\/\/www.oknobuild.com\/\",\"name\":\"\",\"description\":\"\",\"potentialAction\":[{\"@type\":\"SearchAction\",\"target\":{\"@type\":\"EntryPoint\",\"urlTemplate\":\"https:\/\/www.oknobuild.com\/?s={search_term_string}\"},\"query-input\":{\"@type\":\"PropertyValueSpecification\",\"valueRequired\":true,\"valueName\":\"search_term_string\"}}],\"inLanguage\":\"cs\"}]}<\/script>\n<!-- \/ Yoast SEO plugin. -->","yoast_head_json":{"title":"N\u00edzk\u00e1 Cena CERSANIT - JOTA rohov\u00fd sprchov\u00fd kout - (80x80X195) pr\u016fhledn\u00e9 sklo - \u010dern\u00fd, LEV\u00dd S160-007 -","robots":{"index":"index","follow":"follow","max-snippet":"max-snippet:-1","max-image-preview":"max-image-preview:large","max-video-preview":"max-video-preview:-1"},"canonical":"https:\/\/www.oknobuild.com\/index.php\/produkt\/nizka-cena-cersanit-jota-rohovy-sprchovy-kout-80x80x195-pruhledne-sklo-cerny-levy-s160-007-10897\/","og_locale":"cs_CZ","og_type":"article","og_title":"N\u00edzk\u00e1 Cena CERSANIT - JOTA rohov\u00fd sprchov\u00fd kout - (80x80X195) pr\u016fhledn\u00e9 sklo - \u010dern\u00fd, LEV\u00dd S160-007 -","og_description":"Detailn\u00ed popis produktu JOTA\u00a0je kolekce bezr\u00e1mov\u00fdch\u00a0sprchov\u00fdch kout\u016f\u00a0nab\u00edzej\u00edc\u00ed mnoho funk\u010dn\u00edch \u0159e\u0161en\u00ed pro u\u017eivatele.\u00a0Z\u00e1v\u011bs s funkc\u00ed zved\u00e1n\u00ed zarovnan\u00fd se sklen\u011bnou tabul\u00ed usnad\u0148uje udr\u017eov\u00e1n\u00ed kabiny v \u010distot\u011b a povrchov\u00e1 \u00faprava\u00a0CleanPro\u00a0nav\u00edc usnad\u0148uje proces \u010di\u0161t\u011bn\u00ed kabiny od ne\u010distot a usazenin vodn\u00edho kamene.\u00a0Kovov\u00e9 madlo, kovov\u00e9 panty, prahov\u00e1 li\u0161ta a mo\u017enost mont\u00e1\u017ee na podlahu jsou dal\u0161\u00edmi p\u0159ednostmi tohoto produktu.\u00a0Rohov\u00e9 kabinky\u00a0JOTA\u00a0d\u00edky sv\u00e9mu funk\u010dn\u00edmu [&hellip;]","og_url":"https:\/\/www.oknobuild.com\/index.php\/produkt\/nizka-cena-cersanit-jota-rohovy-sprchovy-kout-80x80x195-pruhledne-sklo-cerny-levy-s160-007-10897\/","og_image":[{"width":1000,"height":750,"url":"https:\/\/www.oknobuild.com\/wp-content\/uploads\/2026\/SK0020082-CZ20260425-092556-0-1777080363-1683460_cersanit-jota-rohovy-sprchovy-kout-80x80x195--pruhl.webp","type":"image\/webp"}],"twitter_card":"summary_large_image","twitter_misc":{"Odhadovan\u00e1 doba \u010dten\u00ed":"1 minuta"},"schema":{"@context":"https:\/\/schema.org","@graph":[{"@type":"WebPage","@id":"https:\/\/www.oknobuild.com\/index.php\/produkt\/nizka-cena-cersanit-jota-rohovy-sprchovy-kout-80x80x195-pruhledne-sklo-cerny-levy-s160-007-10897\/","url":"https:\/\/www.oknobuild.com\/index.php\/produkt\/nizka-cena-cersanit-jota-rohovy-sprchovy-kout-80x80x195-pruhledne-sklo-cerny-levy-s160-007-10897\/","name":"N\u00edzk\u00e1 Cena CERSANIT - JOTA rohov\u00fd sprchov\u00fd kout - (80x80X195) pr\u016fhledn\u00e9 sklo - \u010dern\u00fd, LEV\u00dd S160-007 -","isPartOf":{"@id":"https:\/\/www.oknobuild.com\/#website"},"primaryImageOfPage":{"@id":"https:\/\/www.oknobuild.com\/index.php\/produkt\/nizka-cena-cersanit-jota-rohovy-sprchovy-kout-80x80x195-pruhledne-sklo-cerny-levy-s160-007-10897\/#primaryimage"},"image":{"@id":"https:\/\/www.oknobuild.com\/index.php\/produkt\/nizka-cena-cersanit-jota-rohovy-sprchovy-kout-80x80x195-pruhledne-sklo-cerny-levy-s160-007-10897\/#primaryimage"},"thumbnailUrl":"https:\/\/www.oknobuild.com\/wp-content\/uploads\/2026\/SK0020082-CZ20260425-092556-0-1777080363-1683460_cersanit-jota-rohovy-sprchovy-kout-80x80x195--pruhl.webp","datePublished":"2026-04-27T04:40:59+00:00","breadcrumb":{"@id":"https:\/\/www.oknobuild.com\/index.php\/produkt\/nizka-cena-cersanit-jota-rohovy-sprchovy-kout-80x80x195-pruhledne-sklo-cerny-levy-s160-007-10897\/#breadcrumb"},"inLanguage":"cs","potentialAction":[{"@type":"ReadAction","target":["https:\/\/www.oknobuild.com\/index.php\/produkt\/nizka-cena-cersanit-jota-rohovy-sprchovy-kout-80x80x195-pruhledne-sklo-cerny-levy-s160-007-10897\/"]}]},{"@type":"ImageObject","inLanguage":"cs","@id":"https:\/\/www.oknobuild.com\/index.php\/produkt\/nizka-cena-cersanit-jota-rohovy-sprchovy-kout-80x80x195-pruhledne-sklo-cerny-levy-s160-007-10897\/#primaryimage","url":"https:\/\/www.oknobuild.com\/wp-content\/uploads\/2026\/SK0020082-CZ20260425-092556-0-1777080363-1683460_cersanit-jota-rohovy-sprchovy-kout-80x80x195--pruhl.webp","contentUrl":"https:\/\/www.oknobuild.com\/wp-content\/uploads\/2026\/SK0020082-CZ20260425-092556-0-1777080363-1683460_cersanit-jota-rohovy-sprchovy-kout-80x80x195--pruhl.webp","width":1000,"height":750},{"@type":"BreadcrumbList","@id":"https:\/\/www.oknobuild.com\/index.php\/produkt\/nizka-cena-cersanit-jota-rohovy-sprchovy-kout-80x80x195-pruhledne-sklo-cerny-levy-s160-007-10897\/#breadcrumb","itemListElement":[{"@type":"ListItem","position":1,"name":"Home","item":"https:\/\/www.oknobuild.com\/"},{"@type":"ListItem","position":2,"name":"Products","item":"https:\/\/www.oknobuild.com\/index.php\/products\/"},{"@type":"ListItem","position":3,"name":"N\u00edzk\u00e1 Cena CERSANIT &#8211; JOTA rohov\u00fd sprchov\u00fd kout &#8211; (80x80X195) pr\u016fhledn\u00e9 sklo &#8211; \u010dern\u00fd, LEV\u00dd S160-007"}]},{"@type":"WebSite","@id":"https:\/\/www.oknobuild.com\/#website","url":"https:\/\/www.oknobuild.com\/","name":"","description":"","potentialAction":[{"@type":"SearchAction","target":{"@type":"EntryPoint","urlTemplate":"https:\/\/www.oknobuild.com\/?s={search_term_string}"},"query-input":{"@type":"PropertyValueSpecification","valueRequired":true,"valueName":"search_term_string"}}],"inLanguage":"cs"}]}},"_links":{"self":[{"href":"https:\/\/www.oknobuild.com\/index.php\/wp-json\/wp\/v2\/product\/10897","targetHints":{"allow":["GET"]}}],"collection":[{"href":"https:\/\/www.oknobuild.com\/index.php\/wp-json\/wp\/v2\/product"}],"about":[{"href":"https:\/\/www.oknobuild.com\/index.php\/wp-json\/wp\/v2\/types\/product"}],"replies":[{"embeddable":true,"href":"https:\/\/www.oknobuild.com\/index.php\/wp-json\/wp\/v2\/comments?post=10897"}],"wp:featuredmedia":[{"embeddable":true,"href":"https:\/\/www.oknobuild.com\/index.php\/wp-json\/wp\/v2\/media\/10997"}],"wp:attachment":[{"href":"https:\/\/www.oknobuild.com\/index.php\/wp-json\/wp\/v2\/media?parent=10897"}],"wp:term":[{"taxonomy":"product_brand","embeddable":true,"href":"https:\/\/www.oknobuild.com\/index.php\/wp-json\/wp\/v2\/product_brand?post=10897"},{"taxonomy":"product_cat","embeddable":true,"href":"https:\/\/www.oknobuild.com\/index.php\/wp-json\/wp\/v2\/product_cat?post=10897"},{"taxonomy":"product_tag","embeddable":true,"href":"https:\/\/www.oknobuild.com\/index.php\/wp-json\/wp\/v2\/product_tag?post=10897"}],"curies":[{"name":"wp","href":"https:\/\/api.w.org\/{rel}","templated":true}]}}