{"id":10924,"date":"2026-04-27T04:40:59","date_gmt":"2026-04-27T04:40:59","guid":{"rendered":""},"modified":"2026-04-27T04:40:59","modified_gmt":"2026-04-27T04:40:59","slug":"oblibeny-mexen-apollo-otopny-zebrik-radiator-860-x-550-mm-479-w-cerna-w117-0860-550-00-70-10924","status":"publish","type":"product","link":"https:\/\/www.oknobuild.com\/index.php\/produkt\/oblibeny-mexen-apollo-otopny-zebrik-radiator-860-x-550-mm-479-w-cerna-w117-0860-550-00-70-10924\/","title":{"rendered":"Obl\u00edben\u00fd MEXEN &#8211; Apollo otopn\u00fd \u017eeb\u0159\u00edk\/radi\u00e1tor 860 x 550 mm, 479 W,\u010dern\u00e1 W117-0860-550-00-70"},"content":{"rendered":"<div class=\"basic-description\">\n<h3>Detailn\u00ed popis produktu<\/h3>\n<p>Technick\u00e1 data:<\/p>\n<p> V\u00fd\u0161ka: 860 mm<\/p>\n<p> \u0160\u00ed\u0159ka: 550 mm<\/p>\n<p> Hloubka: 150 mm<\/p>\n<p> Rozte\u010d p\u0159ipojen\u00ed: 52 cm<\/p>\n<p> Barva: \u010dern\u00e1 RAL 9005<\/p>\n<p> Materi\u00e1l: ocel<\/p>\n<p> Hmotnost: 8,70 kg<\/p>\n<p> Reakce na ohe\u0148: A1<\/p>\n<p> Pracovn\u00ed teplota: max 95 \u00b0C<\/p>\n<p> Maxim\u00e1ln\u00ed pracovn\u00ed tlak: 0,6Mpa<\/p>\n<p> Topn\u00fd v\u00fdkon:<\/p>\n<p> &#8211; 75\/65\/20 \u00b0C &#8211; 479W<\/p>\n<p> Spojen\u00ed:<\/p>\n<p> &#8211; 4xG \u00bd\u2033 naho\u0159e a dole vpravo nebo vlevo<\/p>\n<p> Mo\u017enost instalace oh\u0159\u00edva\u010de<\/p>\n<p> Vysoce kvalitn\u00ed, odoln\u00fd n\u00e1t\u011br odoln\u00fd proti korozi<\/p>\n<p> Sada obsahuje: z\u00e1v\u011bsy, mont\u00e1\u017en\u00ed sadu, z\u00e1slepky a odvzdu\u0161\u0148ovac\u00ed ventil<\/p>\n<\/p><\/div>\n<div class=\"extended-description\">\n<h3>Dopl\u0148kov\u00e9 parametry<\/h3>\n<table class=\"detail-parameters\">\n<tbody>\n<tr>\n<th>        <span class=\"row-header-label\">            Kategorie<span class=\"row-header-label-colon\">:<\/span>        <\/span>    <\/th>\n<td>            <\/td>\n<\/tr>\n<tr>\n<th>            <span class=\"row-header-label\">                Z\u00e1ruka<span class=\"row-header-label-colon\">:<\/span>            <\/span>        <\/th>\n<td>            2 roky        <\/td>\n<\/tr>\n<tr>\n<th>            <span class=\"row-header-label\">                Hmotnost<span class=\"row-header-label-colon\">:<\/span>            <\/span>        <\/th>\n<td>            15 kg        <\/td>\n<\/tr>\n<tr class=\"productEan\">\n<th>          <span class=\"row-header-label productEan__label\">              EAN<span class=\"row-header-label-colon\">:<\/span>          <\/span>      <\/th>\n<td>          <span class=\"productEan__value\">5905315051448<\/span>      <\/td>\n<\/tr>\n<tr>\n<th>                <span class=\"row-header-label\">                                            Dostupnost<span class=\"row-header-label-colon\">:<\/span>                                    <\/span>            <\/th>\n<td>                                                            Dod\u00e1n\u00ed do 14ti dn\u016f                                                <\/td>\n<\/tr>\n<\/tbody>\n<\/table><\/div>\n<\/p><\/div>\n<\/p><\/div>\n","protected":false},"excerpt":{"rendered":"<p>Detailn\u00ed popis produktu Technick\u00e1 data: V\u00fd\u0161ka: 860 mm \u0160\u00ed\u0159ka: 550 mm Hloubka: 150 mm Rozte\u010d p\u0159ipojen\u00ed: 52 cm Barva: \u010dern\u00e1 RAL 9005 Materi\u00e1l: ocel Hmotnost: 8,70 kg Reakce na ohe\u0148: A1 Pracovn\u00ed teplota: max 95 \u00b0C Maxim\u00e1ln\u00ed pracovn\u00ed tlak: 0,6Mpa Topn\u00fd v\u00fdkon: &#8211; 75\/65\/20 \u00b0C &#8211; 479W Spojen\u00ed: &#8211; 4xG \u00bd\u2033 naho\u0159e a dole vpravo [&hellip;]<\/p>\n","protected":false},"featured_media":11024,"comment_status":"open","ping_status":"open","template":"","meta":[],"product_brand":[],"product_cat":[62],"product_tag":[],"class_list":{"0":"post-10924","1":"product","2":"type-product","3":"status-publish","4":"has-post-thumbnail","6":"product_cat-koupelnove-radiatory","8":"first","9":"instock","10":"sale","11":"shipping-taxable","12":"purchasable","13":"product-type-simple"},"yoast_head":"<!-- This site is optimized with the Yoast SEO plugin v26.8 - https:\/\/yoast.com\/product\/yoast-seo-wordpress\/ -->\n<title>Obl\u00edben\u00fd MEXEN - Apollo otopn\u00fd \u017eeb\u0159\u00edk\/radi\u00e1tor 860 x 550 mm, 479 W,\u010dern\u00e1 W117-0860-550-00-70 -<\/title>\n<meta name=\"robots\" content=\"index, follow, max-snippet:-1, max-image-preview:large, max-video-preview:-1\" \/>\n<link rel=\"canonical\" href=\"https:\/\/www.oknobuild.com\/index.php\/produkt\/oblibeny-mexen-apollo-otopny-zebrik-radiator-860-x-550-mm-479-w-cerna-w117-0860-550-00-70-10924\/\" \/>\n<meta property=\"og:locale\" content=\"cs_CZ\" \/>\n<meta property=\"og:type\" content=\"article\" \/>\n<meta property=\"og:title\" content=\"Obl\u00edben\u00fd MEXEN - Apollo otopn\u00fd \u017eeb\u0159\u00edk\/radi\u00e1tor 860 x 550 mm, 479 W,\u010dern\u00e1 W117-0860-550-00-70 -\" \/>\n<meta property=\"og:description\" content=\"Detailn\u00ed popis produktu Technick\u00e1 data: V\u00fd\u0161ka: 860 mm \u0160\u00ed\u0159ka: 550 mm Hloubka: 150 mm Rozte\u010d p\u0159ipojen\u00ed: 52 cm Barva: \u010dern\u00e1 RAL 9005 Materi\u00e1l: ocel Hmotnost: 8,70 kg Reakce na ohe\u0148: A1 Pracovn\u00ed teplota: max 95 \u00b0C Maxim\u00e1ln\u00ed pracovn\u00ed tlak: 0,6Mpa Topn\u00fd v\u00fdkon: &#8211; 75\/65\/20 \u00b0C &#8211; 479W Spojen\u00ed: &#8211; 4xG \u00bd\u2033 naho\u0159e a dole vpravo [&hellip;]\" \/>\n<meta property=\"og:url\" content=\"https:\/\/www.oknobuild.com\/index.php\/produkt\/oblibeny-mexen-apollo-otopny-zebrik-radiator-860-x-550-mm-479-w-cerna-w117-0860-550-00-70-10924\/\" \/>\n<meta property=\"og:image\" content=\"https:\/\/www.oknobuild.com\/wp-content\/uploads\/2026\/SK0020109-CZ20260425-092556-0-1777080363-1685845_mexen-apollo-otopny-zebrik-radiator-860-x-550-mm--4.webp\" \/>\n\t<meta property=\"og:image:width\" content=\"1000\" \/>\n\t<meta property=\"og:image:height\" content=\"750\" \/>\n\t<meta property=\"og:image:type\" content=\"image\/webp\" \/>\n<meta name=\"twitter:card\" content=\"summary_large_image\" \/>\n<script type=\"application\/ld+json\" class=\"yoast-schema-graph\">{\"@context\":\"https:\/\/schema.org\",\"@graph\":[{\"@type\":\"WebPage\",\"@id\":\"https:\/\/www.oknobuild.com\/index.php\/produkt\/oblibeny-mexen-apollo-otopny-zebrik-radiator-860-x-550-mm-479-w-cerna-w117-0860-550-00-70-10924\/\",\"url\":\"https:\/\/www.oknobuild.com\/index.php\/produkt\/oblibeny-mexen-apollo-otopny-zebrik-radiator-860-x-550-mm-479-w-cerna-w117-0860-550-00-70-10924\/\",\"name\":\"Obl\u00edben\u00fd MEXEN - Apollo otopn\u00fd \u017eeb\u0159\u00edk\/radi\u00e1tor 860 x 550 mm, 479 W,\u010dern\u00e1 W117-0860-550-00-70 -\",\"isPartOf\":{\"@id\":\"https:\/\/www.oknobuild.com\/#website\"},\"primaryImageOfPage\":{\"@id\":\"https:\/\/www.oknobuild.com\/index.php\/produkt\/oblibeny-mexen-apollo-otopny-zebrik-radiator-860-x-550-mm-479-w-cerna-w117-0860-550-00-70-10924\/#primaryimage\"},\"image\":{\"@id\":\"https:\/\/www.oknobuild.com\/index.php\/produkt\/oblibeny-mexen-apollo-otopny-zebrik-radiator-860-x-550-mm-479-w-cerna-w117-0860-550-00-70-10924\/#primaryimage\"},\"thumbnailUrl\":\"https:\/\/www.oknobuild.com\/wp-content\/uploads\/2026\/SK0020109-CZ20260425-092556-0-1777080363-1685845_mexen-apollo-otopny-zebrik-radiator-860-x-550-mm--4.webp\",\"datePublished\":\"2026-04-27T04:40:59+00:00\",\"breadcrumb\":{\"@id\":\"https:\/\/www.oknobuild.com\/index.php\/produkt\/oblibeny-mexen-apollo-otopny-zebrik-radiator-860-x-550-mm-479-w-cerna-w117-0860-550-00-70-10924\/#breadcrumb\"},\"inLanguage\":\"cs\",\"potentialAction\":[{\"@type\":\"ReadAction\",\"target\":[\"https:\/\/www.oknobuild.com\/index.php\/produkt\/oblibeny-mexen-apollo-otopny-zebrik-radiator-860-x-550-mm-479-w-cerna-w117-0860-550-00-70-10924\/\"]}]},{\"@type\":\"ImageObject\",\"inLanguage\":\"cs\",\"@id\":\"https:\/\/www.oknobuild.com\/index.php\/produkt\/oblibeny-mexen-apollo-otopny-zebrik-radiator-860-x-550-mm-479-w-cerna-w117-0860-550-00-70-10924\/#primaryimage\",\"url\":\"https:\/\/www.oknobuild.com\/wp-content\/uploads\/2026\/SK0020109-CZ20260425-092556-0-1777080363-1685845_mexen-apollo-otopny-zebrik-radiator-860-x-550-mm--4.webp\",\"contentUrl\":\"https:\/\/www.oknobuild.com\/wp-content\/uploads\/2026\/SK0020109-CZ20260425-092556-0-1777080363-1685845_mexen-apollo-otopny-zebrik-radiator-860-x-550-mm--4.webp\",\"width\":1000,\"height\":750},{\"@type\":\"BreadcrumbList\",\"@id\":\"https:\/\/www.oknobuild.com\/index.php\/produkt\/oblibeny-mexen-apollo-otopny-zebrik-radiator-860-x-550-mm-479-w-cerna-w117-0860-550-00-70-10924\/#breadcrumb\",\"itemListElement\":[{\"@type\":\"ListItem\",\"position\":1,\"name\":\"Home\",\"item\":\"https:\/\/www.oknobuild.com\/\"},{\"@type\":\"ListItem\",\"position\":2,\"name\":\"Products\",\"item\":\"https:\/\/www.oknobuild.com\/index.php\/products\/\"},{\"@type\":\"ListItem\",\"position\":3,\"name\":\"Obl\u00edben\u00fd MEXEN &#8211; Apollo otopn\u00fd \u017eeb\u0159\u00edk\/radi\u00e1tor 860 x 550 mm, 479 W,\u010dern\u00e1 W117-0860-550-00-70\"}]},{\"@type\":\"WebSite\",\"@id\":\"https:\/\/www.oknobuild.com\/#website\",\"url\":\"https:\/\/www.oknobuild.com\/\",\"name\":\"\",\"description\":\"\",\"potentialAction\":[{\"@type\":\"SearchAction\",\"target\":{\"@type\":\"EntryPoint\",\"urlTemplate\":\"https:\/\/www.oknobuild.com\/?s={search_term_string}\"},\"query-input\":{\"@type\":\"PropertyValueSpecification\",\"valueRequired\":true,\"valueName\":\"search_term_string\"}}],\"inLanguage\":\"cs\"}]}<\/script>\n<!-- \/ Yoast SEO plugin. -->","yoast_head_json":{"title":"Obl\u00edben\u00fd MEXEN - Apollo otopn\u00fd \u017eeb\u0159\u00edk\/radi\u00e1tor 860 x 550 mm, 479 W,\u010dern\u00e1 W117-0860-550-00-70 -","robots":{"index":"index","follow":"follow","max-snippet":"max-snippet:-1","max-image-preview":"max-image-preview:large","max-video-preview":"max-video-preview:-1"},"canonical":"https:\/\/www.oknobuild.com\/index.php\/produkt\/oblibeny-mexen-apollo-otopny-zebrik-radiator-860-x-550-mm-479-w-cerna-w117-0860-550-00-70-10924\/","og_locale":"cs_CZ","og_type":"article","og_title":"Obl\u00edben\u00fd MEXEN - Apollo otopn\u00fd \u017eeb\u0159\u00edk\/radi\u00e1tor 860 x 550 mm, 479 W,\u010dern\u00e1 W117-0860-550-00-70 -","og_description":"Detailn\u00ed popis produktu Technick\u00e1 data: V\u00fd\u0161ka: 860 mm \u0160\u00ed\u0159ka: 550 mm Hloubka: 150 mm Rozte\u010d p\u0159ipojen\u00ed: 52 cm Barva: \u010dern\u00e1 RAL 9005 Materi\u00e1l: ocel Hmotnost: 8,70 kg Reakce na ohe\u0148: A1 Pracovn\u00ed teplota: max 95 \u00b0C Maxim\u00e1ln\u00ed pracovn\u00ed tlak: 0,6Mpa Topn\u00fd v\u00fdkon: &#8211; 75\/65\/20 \u00b0C &#8211; 479W Spojen\u00ed: &#8211; 4xG \u00bd\u2033 naho\u0159e a dole vpravo [&hellip;]","og_url":"https:\/\/www.oknobuild.com\/index.php\/produkt\/oblibeny-mexen-apollo-otopny-zebrik-radiator-860-x-550-mm-479-w-cerna-w117-0860-550-00-70-10924\/","og_image":[{"width":1000,"height":750,"url":"https:\/\/www.oknobuild.com\/wp-content\/uploads\/2026\/SK0020109-CZ20260425-092556-0-1777080363-1685845_mexen-apollo-otopny-zebrik-radiator-860-x-550-mm--4.webp","type":"image\/webp"}],"twitter_card":"summary_large_image","schema":{"@context":"https:\/\/schema.org","@graph":[{"@type":"WebPage","@id":"https:\/\/www.oknobuild.com\/index.php\/produkt\/oblibeny-mexen-apollo-otopny-zebrik-radiator-860-x-550-mm-479-w-cerna-w117-0860-550-00-70-10924\/","url":"https:\/\/www.oknobuild.com\/index.php\/produkt\/oblibeny-mexen-apollo-otopny-zebrik-radiator-860-x-550-mm-479-w-cerna-w117-0860-550-00-70-10924\/","name":"Obl\u00edben\u00fd MEXEN - Apollo otopn\u00fd \u017eeb\u0159\u00edk\/radi\u00e1tor 860 x 550 mm, 479 W,\u010dern\u00e1 W117-0860-550-00-70 -","isPartOf":{"@id":"https:\/\/www.oknobuild.com\/#website"},"primaryImageOfPage":{"@id":"https:\/\/www.oknobuild.com\/index.php\/produkt\/oblibeny-mexen-apollo-otopny-zebrik-radiator-860-x-550-mm-479-w-cerna-w117-0860-550-00-70-10924\/#primaryimage"},"image":{"@id":"https:\/\/www.oknobuild.com\/index.php\/produkt\/oblibeny-mexen-apollo-otopny-zebrik-radiator-860-x-550-mm-479-w-cerna-w117-0860-550-00-70-10924\/#primaryimage"},"thumbnailUrl":"https:\/\/www.oknobuild.com\/wp-content\/uploads\/2026\/SK0020109-CZ20260425-092556-0-1777080363-1685845_mexen-apollo-otopny-zebrik-radiator-860-x-550-mm--4.webp","datePublished":"2026-04-27T04:40:59+00:00","breadcrumb":{"@id":"https:\/\/www.oknobuild.com\/index.php\/produkt\/oblibeny-mexen-apollo-otopny-zebrik-radiator-860-x-550-mm-479-w-cerna-w117-0860-550-00-70-10924\/#breadcrumb"},"inLanguage":"cs","potentialAction":[{"@type":"ReadAction","target":["https:\/\/www.oknobuild.com\/index.php\/produkt\/oblibeny-mexen-apollo-otopny-zebrik-radiator-860-x-550-mm-479-w-cerna-w117-0860-550-00-70-10924\/"]}]},{"@type":"ImageObject","inLanguage":"cs","@id":"https:\/\/www.oknobuild.com\/index.php\/produkt\/oblibeny-mexen-apollo-otopny-zebrik-radiator-860-x-550-mm-479-w-cerna-w117-0860-550-00-70-10924\/#primaryimage","url":"https:\/\/www.oknobuild.com\/wp-content\/uploads\/2026\/SK0020109-CZ20260425-092556-0-1777080363-1685845_mexen-apollo-otopny-zebrik-radiator-860-x-550-mm--4.webp","contentUrl":"https:\/\/www.oknobuild.com\/wp-content\/uploads\/2026\/SK0020109-CZ20260425-092556-0-1777080363-1685845_mexen-apollo-otopny-zebrik-radiator-860-x-550-mm--4.webp","width":1000,"height":750},{"@type":"BreadcrumbList","@id":"https:\/\/www.oknobuild.com\/index.php\/produkt\/oblibeny-mexen-apollo-otopny-zebrik-radiator-860-x-550-mm-479-w-cerna-w117-0860-550-00-70-10924\/#breadcrumb","itemListElement":[{"@type":"ListItem","position":1,"name":"Home","item":"https:\/\/www.oknobuild.com\/"},{"@type":"ListItem","position":2,"name":"Products","item":"https:\/\/www.oknobuild.com\/index.php\/products\/"},{"@type":"ListItem","position":3,"name":"Obl\u00edben\u00fd MEXEN &#8211; Apollo otopn\u00fd \u017eeb\u0159\u00edk\/radi\u00e1tor 860 x 550 mm, 479 W,\u010dern\u00e1 W117-0860-550-00-70"}]},{"@type":"WebSite","@id":"https:\/\/www.oknobuild.com\/#website","url":"https:\/\/www.oknobuild.com\/","name":"","description":"","potentialAction":[{"@type":"SearchAction","target":{"@type":"EntryPoint","urlTemplate":"https:\/\/www.oknobuild.com\/?s={search_term_string}"},"query-input":{"@type":"PropertyValueSpecification","valueRequired":true,"valueName":"search_term_string"}}],"inLanguage":"cs"}]}},"_links":{"self":[{"href":"https:\/\/www.oknobuild.com\/index.php\/wp-json\/wp\/v2\/product\/10924","targetHints":{"allow":["GET"]}}],"collection":[{"href":"https:\/\/www.oknobuild.com\/index.php\/wp-json\/wp\/v2\/product"}],"about":[{"href":"https:\/\/www.oknobuild.com\/index.php\/wp-json\/wp\/v2\/types\/product"}],"replies":[{"embeddable":true,"href":"https:\/\/www.oknobuild.com\/index.php\/wp-json\/wp\/v2\/comments?post=10924"}],"wp:featuredmedia":[{"embeddable":true,"href":"https:\/\/www.oknobuild.com\/index.php\/wp-json\/wp\/v2\/media\/11024"}],"wp:attachment":[{"href":"https:\/\/www.oknobuild.com\/index.php\/wp-json\/wp\/v2\/media?parent=10924"}],"wp:term":[{"taxonomy":"product_brand","embeddable":true,"href":"https:\/\/www.oknobuild.com\/index.php\/wp-json\/wp\/v2\/product_brand?post=10924"},{"taxonomy":"product_cat","embeddable":true,"href":"https:\/\/www.oknobuild.com\/index.php\/wp-json\/wp\/v2\/product_cat?post=10924"},{"taxonomy":"product_tag","embeddable":true,"href":"https:\/\/www.oknobuild.com\/index.php\/wp-json\/wp\/v2\/product_tag?post=10924"}],"curies":[{"name":"wp","href":"https:\/\/api.w.org\/{rel}","templated":true}]}}