{"id":12373,"date":"2026-04-27T04:41:03","date_gmt":"2026-04-27T04:41:03","guid":{"rendered":""},"modified":"2026-04-27T04:41:03","modified_gmt":"2026-04-27T04:41:03","slug":"pouze-dnes-gelco-vario-gold-matt-sprchova-zastena-walk-in-do-prostoru-1200mm-cire-sklo-12373","status":"publish","type":"product","link":"https:\/\/www.oknobuild.com\/index.php\/produkt\/pouze-dnes-gelco-vario-gold-matt-sprchova-zastena-walk-in-do-prostoru-1200mm-cire-sklo-12373\/","title":{"rendered":"Pouze Dnes Gelco Vario Gold Matt Sprchov\u00e1 z\u00e1st\u011bna Walk-In do prostoru 1200mm \u010dir\u00e9 sklo"},"content":{"rendered":"<div class=\"ProductDetail-content NoFixImageContainer\" id=\"productDescription\">\n<div class=\"Heading\">\n<h2 class=\"Heading-title\">Popis produktu <span class=''>Gelco Vario Gold Matt Sprchov\u00e1 z\u00e1st\u011bna Walk-In do prostoru 1200mm \u010dir\u00e9 sklo<\/span><\/h2>\n<\/p><\/div>\n<div class=\"ProductDetailContent\">\n<p><span style=\"font-size:16px\">Kolekce walk-in z\u00e1st\u011bn VARIO nab\u00edz\u00ed chytr\u00e9 a&nbsp;flexibiln\u00ed \u0159e\u0161en\u00ed podle individu\u00e1ln\u00edch a&nbsp;prostorov\u00fdch dispozic. Stavebnicov\u00fd syst\u00e9m skel, vzp\u011br a&nbsp;profil\u016f umo\u017e\u0148uje promy\u0161len\u00e9 kombinace rozm\u011br\u016f, barev a&nbsp;tvar\u016f z\u00e1st\u011bn \u2013 a\u0165 u\u017e ke st\u011bn\u011b nebo do prostoru. Elegantn\u00ed vzhled d\u00edky minimu komponent\u016f v&nbsp;chromov\u00e9m, \u010dern\u00e9m matn\u00e9m, b\u00edl\u00e9m matn\u00e9m, zlat\u00e9m nebo zlat\u00e9m matn\u00e9m proveden\u00ed je vhodn\u00fd pro ka\u017edou koupelnu.<\/span><\/p>\n<ul>\n<li><span style=\"font-size:16px\">\u0160\u00ed\u0159ka: 1200 mm<\/span><\/li>\n<li><span style=\"font-size:16px\">V\u00fd\u0161ka: 2000 mm<\/span><\/li>\n<li><span style=\"font-size:16px\">Barva profilu: Zlat\u00e1 mat<\/span><\/li>\n<li><span style=\"font-size:16px\">Tvar: Jednost\u011bnn\u00e1 Walk<\/span><\/li>\n<li><span style=\"font-size:16px\">Typ v\u00fdpln\u011b: \u010cir\u00e9 sklo<\/span><\/li>\n<li><span style=\"font-size:16px\">\u00daprava skla: Coated glass<\/span><\/li>\n<li><span style=\"font-size:16px\">Tlou\u0161\u0165ka skla: 8 mm<\/span><\/li>\n<\/ul>\n<div class=\"product-explanation-list\">\n<div class=\"product-explanation-item\">\n<p><span style=\"font-size:18px\"><strong>Coated glass<\/strong><\/span><\/p>\n<p style=\"text-align:justify\"><span style=\"font-size:16px\">Coated glass p\u0159edstavuje jednu z&nbsp;nejkvalitn\u011bj\u0161\u00edch \u00faprav skla sprchov\u00fdch kout\u016f. Jedn\u00e1 se o&nbsp;chemickou slou\u010deninu sm\u011bsi polymer\u016f, kter\u00e1 ve spojen\u00ed s&nbsp;katalyz\u00e1tory reaguje s&nbsp;k\u0159emi\u010ditanov\u00fdmi skupinami obsa\u017een\u00fdmi ve skle. Na sklen\u011bn\u00fdch ploch\u00e1ch tak vytv\u00e1\u0159\u00ed souvislou vrstvu filmu, kter\u00e1 vypln\u00ed mikrop\u00f3ry ve skle a&nbsp;odpuzuje vodu. Vlivem vod\u011bodpudiv\u00e9ho filmu se kapky vody shlukuj\u00ed a&nbsp;st\u00e9kaj\u00ed z&nbsp;povrchu skla. I&nbsp;kdy\u017e dojde k&nbsp;nepatrn\u00e9mu udr\u017een\u00ed men\u0161\u00edch kapek na skle, nedojde k&nbsp;chemick\u00e9 vazb\u011b, sklo nebude naru\u0161eno a&nbsp;neze\u0161edne.<\/span><\/p>\n<\/div>\n<\/div>\n<p><span style=\"font-size:18px\"><strong>Charakteristika sprchov\u00fdch walk-in z\u00e1st\u011bn s\u00e9rie VARIO<\/strong><\/span><\/p>\n<ul>\n<li><span style=\"font-size:16px\">Z\u00e1st\u011bny v&nbsp;\u0161\u00ed\u0159k\u00e1ch 700 a\u017e 1400 mm<\/span><\/li>\n<li><span style=\"font-size:16px\">Bezpe\u010dnostn\u00ed sklo o&nbsp;s\u00edle 8 mm na v\u00fdb\u011br v&nbsp;proveden\u00ed \u010dir\u00e9 \/ kou\u0159ov\u00e9 \/ matn\u00e9 \/ nordic<\/span><\/li>\n<li><span style=\"font-size:16px\">Povrchov\u00e1 \u00faprava Coated Glass zabra\u0148uje usazov\u00e1n\u00ed vodn\u00edho kamene a&nbsp;usnad\u0148uje \u010di\u0161t\u011bn\u00ed<\/span><\/li>\n<li><span style=\"font-size:16px\">St\u011bnov\u00e9 profily s&nbsp;toleranc\u00ed 15 mm usnad\u0148uj\u00ed stabiln\u00ed mont\u00e1\u017e z\u00e1st\u011bn, instalace je mo\u017en\u00e1 na dla\u017ebu nebo sprchovou vani\u010dku<\/span><\/li>\n<li><span style=\"font-size:16px\">St\u011bnov\u00fd profil z\u00e1st\u011bn na v\u00fdb\u011br z&nbsp;proveden\u00ed: chrom \/ \u010dern\u00e1 mat \/ b\u00edl\u00e1 mat \/ zlat\u00e1 \/ zlat\u00e1 mat<\/span><\/li>\n<li><span style=\"font-size:16px\">Kolm\u00e1 vzp\u011bra o&nbsp;d\u00e9lce 1400 mm na v\u00fdb\u011br v&nbsp;proveden\u00ed chrom \/ \u010dern\u00e1 mat \/ b\u00edl\u00e1 mat \/ zlat\u00e1 \/ zlat\u00e1 mat<\/span><\/li>\n<li><span style=\"font-size:16px\">Kolmou vzp\u011bru lze zkr\u00e1tit na po\u017eadovan\u00fd rozm\u011br<\/span><\/li>\n<li><span style=\"font-size:16px\">Rohov\u00e1 vzp\u011bra o&nbsp;d\u00e9lce 650 mm na v\u00fdb\u011br v&nbsp;proveden\u00ed chrom \/ \u010dern\u00e1 mat<\/span><\/li>\n<li><span style=\"font-size:16px\">Mo\u017enost p\u0159id\u00e1n\u00ed pevn\u00e9ho p\u0159\u00eddavn\u00e9ho panelu o&nbsp;\u0161\u00ed\u0159ce 350 mm v&nbsp;proveden\u00ed \u010dir\u00e9 sklo a&nbsp;barv\u011b profilu chrom \/ \u010dern\u00e1 mat<\/span><\/li>\n<li><span style=\"font-size:16px\">Variabiln\u00ed proveden\u00ed L\/R<\/span><\/li>\n<li><span style=\"font-size:16px\">V\u00fd\u0161ka 2000 mm<\/span><\/li>\n<\/ul><\/div>\n<div class=\"ProductDetailContent\">                                                                    <\/div>\n<\/p><\/div>\n<\/p><\/div>\n<\/p><\/div>\n","protected":false},"excerpt":{"rendered":"<p>Popis produktu Gelco Vario Gold Matt Sprchov\u00e1 z\u00e1st\u011bna Walk-In do prostoru 1200mm \u010dir\u00e9 sklo Kolekce walk-in z\u00e1st\u011bn VARIO nab\u00edz\u00ed chytr\u00e9 a&nbsp;flexibiln\u00ed \u0159e\u0161en\u00ed podle individu\u00e1ln\u00edch a&nbsp;prostorov\u00fdch dispozic. Stavebnicov\u00fd syst\u00e9m skel, vzp\u011br a&nbsp;profil\u016f umo\u017e\u0148uje promy\u0161len\u00e9 kombinace rozm\u011br\u016f, barev a&nbsp;tvar\u016f z\u00e1st\u011bn \u2013 a\u0165 u\u017e ke st\u011bn\u011b nebo do prostoru. Elegantn\u00ed vzhled d\u00edky minimu komponent\u016f v&nbsp;chromov\u00e9m, \u010dern\u00e9m matn\u00e9m, b\u00edl\u00e9m [&hellip;]<\/p>\n","protected":false},"featured_media":12473,"comment_status":"open","ping_status":"open","template":"","meta":[],"product_brand":[],"product_cat":[65],"product_tag":[],"class_list":{"0":"post-12373","1":"product","2":"type-product","3":"status-publish","4":"has-post-thumbnail","6":"product_cat-koupelny","8":"first","9":"instock","10":"sale","11":"shipping-taxable","12":"purchasable","13":"product-type-simple"},"yoast_head":"<!-- This site is optimized with the Yoast SEO plugin v26.8 - https:\/\/yoast.com\/product\/yoast-seo-wordpress\/ -->\n<title>Pouze Dnes Gelco Vario Gold Matt Sprchov\u00e1 z\u00e1st\u011bna Walk-In do prostoru 1200mm \u010dir\u00e9 sklo -<\/title>\n<meta name=\"robots\" content=\"index, follow, max-snippet:-1, max-image-preview:large, max-video-preview:-1\" \/>\n<link rel=\"canonical\" href=\"https:\/\/www.oknobuild.com\/index.php\/produkt\/pouze-dnes-gelco-vario-gold-matt-sprchova-zastena-walk-in-do-prostoru-1200mm-cire-sklo-12373\/\" \/>\n<meta property=\"og:locale\" content=\"cs_CZ\" \/>\n<meta property=\"og:type\" content=\"article\" \/>\n<meta property=\"og:title\" content=\"Pouze Dnes Gelco Vario Gold Matt Sprchov\u00e1 z\u00e1st\u011bna Walk-In do prostoru 1200mm \u010dir\u00e9 sklo -\" \/>\n<meta property=\"og:description\" content=\"Popis produktu Gelco Vario Gold Matt Sprchov\u00e1 z\u00e1st\u011bna Walk-In do prostoru 1200mm \u010dir\u00e9 sklo Kolekce walk-in z\u00e1st\u011bn VARIO nab\u00edz\u00ed chytr\u00e9 a&nbsp;flexibiln\u00ed \u0159e\u0161en\u00ed podle individu\u00e1ln\u00edch a&nbsp;prostorov\u00fdch dispozic. Stavebnicov\u00fd syst\u00e9m skel, vzp\u011br a&nbsp;profil\u016f umo\u017e\u0148uje promy\u0161len\u00e9 kombinace rozm\u011br\u016f, barev a&nbsp;tvar\u016f z\u00e1st\u011bn \u2013 a\u0165 u\u017e ke st\u011bn\u011b nebo do prostoru. Elegantn\u00ed vzhled d\u00edky minimu komponent\u016f v&nbsp;chromov\u00e9m, \u010dern\u00e9m matn\u00e9m, b\u00edl\u00e9m [&hellip;]\" \/>\n<meta property=\"og:url\" content=\"https:\/\/www.oknobuild.com\/index.php\/produkt\/pouze-dnes-gelco-vario-gold-matt-sprchova-zastena-walk-in-do-prostoru-1200mm-cire-sklo-12373\/\" \/>\n<meta property=\"og:image\" content=\"https:\/\/www.oknobuild.com\/wp-content\/uploads\/2026\/SK0018765-CZ20260425-092632-0-1777080397-gelco-vario-gold-matt-sprchova-zastena-walk-in-do-prostoru-.webp\" \/>\n\t<meta property=\"og:image:width\" content=\"461\" \/>\n\t<meta property=\"og:image:height\" content=\"600\" \/>\n\t<meta property=\"og:image:type\" content=\"image\/webp\" \/>\n<meta name=\"twitter:card\" content=\"summary_large_image\" \/>\n<meta name=\"twitter:label1\" content=\"Odhadovan\u00e1 doba \u010dten\u00ed\" \/>\n\t<meta name=\"twitter:data1\" content=\"2 minuty\" \/>\n<script type=\"application\/ld+json\" class=\"yoast-schema-graph\">{\"@context\":\"https:\/\/schema.org\",\"@graph\":[{\"@type\":\"WebPage\",\"@id\":\"https:\/\/www.oknobuild.com\/index.php\/produkt\/pouze-dnes-gelco-vario-gold-matt-sprchova-zastena-walk-in-do-prostoru-1200mm-cire-sklo-12373\/\",\"url\":\"https:\/\/www.oknobuild.com\/index.php\/produkt\/pouze-dnes-gelco-vario-gold-matt-sprchova-zastena-walk-in-do-prostoru-1200mm-cire-sklo-12373\/\",\"name\":\"Pouze Dnes Gelco Vario Gold Matt Sprchov\u00e1 z\u00e1st\u011bna Walk-In do prostoru 1200mm \u010dir\u00e9 sklo -\",\"isPartOf\":{\"@id\":\"https:\/\/www.oknobuild.com\/#website\"},\"primaryImageOfPage\":{\"@id\":\"https:\/\/www.oknobuild.com\/index.php\/produkt\/pouze-dnes-gelco-vario-gold-matt-sprchova-zastena-walk-in-do-prostoru-1200mm-cire-sklo-12373\/#primaryimage\"},\"image\":{\"@id\":\"https:\/\/www.oknobuild.com\/index.php\/produkt\/pouze-dnes-gelco-vario-gold-matt-sprchova-zastena-walk-in-do-prostoru-1200mm-cire-sklo-12373\/#primaryimage\"},\"thumbnailUrl\":\"https:\/\/www.oknobuild.com\/wp-content\/uploads\/2026\/SK0018765-CZ20260425-092632-0-1777080397-gelco-vario-gold-matt-sprchova-zastena-walk-in-do-prostoru-.webp\",\"datePublished\":\"2026-04-27T04:41:03+00:00\",\"breadcrumb\":{\"@id\":\"https:\/\/www.oknobuild.com\/index.php\/produkt\/pouze-dnes-gelco-vario-gold-matt-sprchova-zastena-walk-in-do-prostoru-1200mm-cire-sklo-12373\/#breadcrumb\"},\"inLanguage\":\"cs\",\"potentialAction\":[{\"@type\":\"ReadAction\",\"target\":[\"https:\/\/www.oknobuild.com\/index.php\/produkt\/pouze-dnes-gelco-vario-gold-matt-sprchova-zastena-walk-in-do-prostoru-1200mm-cire-sklo-12373\/\"]}]},{\"@type\":\"ImageObject\",\"inLanguage\":\"cs\",\"@id\":\"https:\/\/www.oknobuild.com\/index.php\/produkt\/pouze-dnes-gelco-vario-gold-matt-sprchova-zastena-walk-in-do-prostoru-1200mm-cire-sklo-12373\/#primaryimage\",\"url\":\"https:\/\/www.oknobuild.com\/wp-content\/uploads\/2026\/SK0018765-CZ20260425-092632-0-1777080397-gelco-vario-gold-matt-sprchova-zastena-walk-in-do-prostoru-.webp\",\"contentUrl\":\"https:\/\/www.oknobuild.com\/wp-content\/uploads\/2026\/SK0018765-CZ20260425-092632-0-1777080397-gelco-vario-gold-matt-sprchova-zastena-walk-in-do-prostoru-.webp\",\"width\":461,\"height\":600},{\"@type\":\"BreadcrumbList\",\"@id\":\"https:\/\/www.oknobuild.com\/index.php\/produkt\/pouze-dnes-gelco-vario-gold-matt-sprchova-zastena-walk-in-do-prostoru-1200mm-cire-sklo-12373\/#breadcrumb\",\"itemListElement\":[{\"@type\":\"ListItem\",\"position\":1,\"name\":\"Home\",\"item\":\"https:\/\/www.oknobuild.com\/\"},{\"@type\":\"ListItem\",\"position\":2,\"name\":\"Products\",\"item\":\"https:\/\/www.oknobuild.com\/index.php\/products\/\"},{\"@type\":\"ListItem\",\"position\":3,\"name\":\"Pouze Dnes Gelco Vario Gold Matt Sprchov\u00e1 z\u00e1st\u011bna Walk-In do prostoru 1200mm \u010dir\u00e9 sklo\"}]},{\"@type\":\"WebSite\",\"@id\":\"https:\/\/www.oknobuild.com\/#website\",\"url\":\"https:\/\/www.oknobuild.com\/\",\"name\":\"\",\"description\":\"\",\"potentialAction\":[{\"@type\":\"SearchAction\",\"target\":{\"@type\":\"EntryPoint\",\"urlTemplate\":\"https:\/\/www.oknobuild.com\/?s={search_term_string}\"},\"query-input\":{\"@type\":\"PropertyValueSpecification\",\"valueRequired\":true,\"valueName\":\"search_term_string\"}}],\"inLanguage\":\"cs\"}]}<\/script>\n<!-- \/ Yoast SEO plugin. -->","yoast_head_json":{"title":"Pouze Dnes Gelco Vario Gold Matt Sprchov\u00e1 z\u00e1st\u011bna Walk-In do prostoru 1200mm \u010dir\u00e9 sklo -","robots":{"index":"index","follow":"follow","max-snippet":"max-snippet:-1","max-image-preview":"max-image-preview:large","max-video-preview":"max-video-preview:-1"},"canonical":"https:\/\/www.oknobuild.com\/index.php\/produkt\/pouze-dnes-gelco-vario-gold-matt-sprchova-zastena-walk-in-do-prostoru-1200mm-cire-sklo-12373\/","og_locale":"cs_CZ","og_type":"article","og_title":"Pouze Dnes Gelco Vario Gold Matt Sprchov\u00e1 z\u00e1st\u011bna Walk-In do prostoru 1200mm \u010dir\u00e9 sklo -","og_description":"Popis produktu Gelco Vario Gold Matt Sprchov\u00e1 z\u00e1st\u011bna Walk-In do prostoru 1200mm \u010dir\u00e9 sklo Kolekce walk-in z\u00e1st\u011bn VARIO nab\u00edz\u00ed chytr\u00e9 a&nbsp;flexibiln\u00ed \u0159e\u0161en\u00ed podle individu\u00e1ln\u00edch a&nbsp;prostorov\u00fdch dispozic. Stavebnicov\u00fd syst\u00e9m skel, vzp\u011br a&nbsp;profil\u016f umo\u017e\u0148uje promy\u0161len\u00e9 kombinace rozm\u011br\u016f, barev a&nbsp;tvar\u016f z\u00e1st\u011bn \u2013 a\u0165 u\u017e ke st\u011bn\u011b nebo do prostoru. Elegantn\u00ed vzhled d\u00edky minimu komponent\u016f v&nbsp;chromov\u00e9m, \u010dern\u00e9m matn\u00e9m, b\u00edl\u00e9m [&hellip;]","og_url":"https:\/\/www.oknobuild.com\/index.php\/produkt\/pouze-dnes-gelco-vario-gold-matt-sprchova-zastena-walk-in-do-prostoru-1200mm-cire-sklo-12373\/","og_image":[{"width":461,"height":600,"url":"https:\/\/www.oknobuild.com\/wp-content\/uploads\/2026\/SK0018765-CZ20260425-092632-0-1777080397-gelco-vario-gold-matt-sprchova-zastena-walk-in-do-prostoru-.webp","type":"image\/webp"}],"twitter_card":"summary_large_image","twitter_misc":{"Odhadovan\u00e1 doba \u010dten\u00ed":"2 minuty"},"schema":{"@context":"https:\/\/schema.org","@graph":[{"@type":"WebPage","@id":"https:\/\/www.oknobuild.com\/index.php\/produkt\/pouze-dnes-gelco-vario-gold-matt-sprchova-zastena-walk-in-do-prostoru-1200mm-cire-sklo-12373\/","url":"https:\/\/www.oknobuild.com\/index.php\/produkt\/pouze-dnes-gelco-vario-gold-matt-sprchova-zastena-walk-in-do-prostoru-1200mm-cire-sklo-12373\/","name":"Pouze Dnes Gelco Vario Gold Matt Sprchov\u00e1 z\u00e1st\u011bna Walk-In do prostoru 1200mm \u010dir\u00e9 sklo -","isPartOf":{"@id":"https:\/\/www.oknobuild.com\/#website"},"primaryImageOfPage":{"@id":"https:\/\/www.oknobuild.com\/index.php\/produkt\/pouze-dnes-gelco-vario-gold-matt-sprchova-zastena-walk-in-do-prostoru-1200mm-cire-sklo-12373\/#primaryimage"},"image":{"@id":"https:\/\/www.oknobuild.com\/index.php\/produkt\/pouze-dnes-gelco-vario-gold-matt-sprchova-zastena-walk-in-do-prostoru-1200mm-cire-sklo-12373\/#primaryimage"},"thumbnailUrl":"https:\/\/www.oknobuild.com\/wp-content\/uploads\/2026\/SK0018765-CZ20260425-092632-0-1777080397-gelco-vario-gold-matt-sprchova-zastena-walk-in-do-prostoru-.webp","datePublished":"2026-04-27T04:41:03+00:00","breadcrumb":{"@id":"https:\/\/www.oknobuild.com\/index.php\/produkt\/pouze-dnes-gelco-vario-gold-matt-sprchova-zastena-walk-in-do-prostoru-1200mm-cire-sklo-12373\/#breadcrumb"},"inLanguage":"cs","potentialAction":[{"@type":"ReadAction","target":["https:\/\/www.oknobuild.com\/index.php\/produkt\/pouze-dnes-gelco-vario-gold-matt-sprchova-zastena-walk-in-do-prostoru-1200mm-cire-sklo-12373\/"]}]},{"@type":"ImageObject","inLanguage":"cs","@id":"https:\/\/www.oknobuild.com\/index.php\/produkt\/pouze-dnes-gelco-vario-gold-matt-sprchova-zastena-walk-in-do-prostoru-1200mm-cire-sklo-12373\/#primaryimage","url":"https:\/\/www.oknobuild.com\/wp-content\/uploads\/2026\/SK0018765-CZ20260425-092632-0-1777080397-gelco-vario-gold-matt-sprchova-zastena-walk-in-do-prostoru-.webp","contentUrl":"https:\/\/www.oknobuild.com\/wp-content\/uploads\/2026\/SK0018765-CZ20260425-092632-0-1777080397-gelco-vario-gold-matt-sprchova-zastena-walk-in-do-prostoru-.webp","width":461,"height":600},{"@type":"BreadcrumbList","@id":"https:\/\/www.oknobuild.com\/index.php\/produkt\/pouze-dnes-gelco-vario-gold-matt-sprchova-zastena-walk-in-do-prostoru-1200mm-cire-sklo-12373\/#breadcrumb","itemListElement":[{"@type":"ListItem","position":1,"name":"Home","item":"https:\/\/www.oknobuild.com\/"},{"@type":"ListItem","position":2,"name":"Products","item":"https:\/\/www.oknobuild.com\/index.php\/products\/"},{"@type":"ListItem","position":3,"name":"Pouze Dnes Gelco Vario Gold Matt Sprchov\u00e1 z\u00e1st\u011bna Walk-In do prostoru 1200mm \u010dir\u00e9 sklo"}]},{"@type":"WebSite","@id":"https:\/\/www.oknobuild.com\/#website","url":"https:\/\/www.oknobuild.com\/","name":"","description":"","potentialAction":[{"@type":"SearchAction","target":{"@type":"EntryPoint","urlTemplate":"https:\/\/www.oknobuild.com\/?s={search_term_string}"},"query-input":{"@type":"PropertyValueSpecification","valueRequired":true,"valueName":"search_term_string"}}],"inLanguage":"cs"}]}},"_links":{"self":[{"href":"https:\/\/www.oknobuild.com\/index.php\/wp-json\/wp\/v2\/product\/12373","targetHints":{"allow":["GET"]}}],"collection":[{"href":"https:\/\/www.oknobuild.com\/index.php\/wp-json\/wp\/v2\/product"}],"about":[{"href":"https:\/\/www.oknobuild.com\/index.php\/wp-json\/wp\/v2\/types\/product"}],"replies":[{"embeddable":true,"href":"https:\/\/www.oknobuild.com\/index.php\/wp-json\/wp\/v2\/comments?post=12373"}],"wp:featuredmedia":[{"embeddable":true,"href":"https:\/\/www.oknobuild.com\/index.php\/wp-json\/wp\/v2\/media\/12473"}],"wp:attachment":[{"href":"https:\/\/www.oknobuild.com\/index.php\/wp-json\/wp\/v2\/media?parent=12373"}],"wp:term":[{"taxonomy":"product_brand","embeddable":true,"href":"https:\/\/www.oknobuild.com\/index.php\/wp-json\/wp\/v2\/product_brand?post=12373"},{"taxonomy":"product_cat","embeddable":true,"href":"https:\/\/www.oknobuild.com\/index.php\/wp-json\/wp\/v2\/product_cat?post=12373"},{"taxonomy":"product_tag","embeddable":true,"href":"https:\/\/www.oknobuild.com\/index.php\/wp-json\/wp\/v2\/product_tag?post=12373"}],"curies":[{"name":"wp","href":"https:\/\/api.w.org\/{rel}","templated":true}]}}