{"id":1291,"date":"2026-04-27T04:40:44","date_gmt":"2026-04-27T04:40:44","guid":{"rendered":""},"modified":"2026-04-27T04:40:44","modified_gmt":"2026-04-27T04:40:44","slug":"oblibeny-tuindeco-rondo-picnic-table-1291","status":"publish","type":"product","link":"https:\/\/www.oknobuild.com\/index.php\/produkt\/oblibeny-tuindeco-rondo-picnic-table-1291\/","title":{"rendered":"Obl\u00edben\u00fd Tuindeco Rondo picnic table"},"content":{"rendered":"<div class=\"detail-description__right\">\n<div class=\"parameters\">\n<div class=\"table table--simple\">\n<table>\n<tbody>\n<tr>\n<td colspan=\"2\">\n<h4>Vlastnosti<\/h4>\n<\/td>\n<\/tr>\n<tr>\n<td>material detailed<\/td>\n<td>hardwood class 1<\/td>\n<\/tr>\n<tr>\n<td>quality mark<\/td>\n<td>Indonesian Legal Wood<\/td>\n<\/tr>\n<tr>\n<td>erp pricing group<\/td>\n<td>General<\/td>\n<\/tr>\n<tr>\n<td>product life cycle<\/td>\n<td>Phase out<\/td>\n<\/tr>\n<tr>\n<td>assortment type<\/td>\n<td>Primary Assortment<\/td>\n<\/tr>\n<tr>\n<td>included<\/td>\n<td>fitting kit<\/td>\n<\/tr>\n<tr>\n<td>finishing<\/td>\n<td>planed<\/td>\n<\/tr>\n<tr>\n<td>treatment<\/td>\n<td>oiled<\/td>\n<\/tr>\n<tr>\n<td>height<\/td>\n<td>77 cm<\/td>\n<\/tr>\n<tr>\n<td>diameter<\/td>\n<td>213 cm<\/td>\n<\/tr>\n<tr>\n<td>depth seat<\/td>\n<td>35 cm<\/td>\n<\/tr>\n<tr>\n<td>width seat<\/td>\n<td>35 cm<\/td>\n<\/tr>\n<tr>\n<td>wood thickness<\/td>\n<td>3.5\u00a0cm<\/td>\n<\/tr>\n<tr>\n<td>stock threshold<\/td>\n<td>15<\/td>\n<\/tr>\n<tr>\n<td>diameter tabletop<\/td>\n<td>115 cm<\/td>\n<\/tr>\n<tr>\n<td colspan=\"2\">\n<h4>Parametry<\/h4>\n<\/td>\n<\/tr>\n<tr>\n<td>Z\u00e1ruka<\/td>\n<td>24 m\u011bs\u00edc\u016f<\/td>\n<\/tr>\n<tr>\n<td>Zna\u010dka<\/td>\n<td>Tuindeco<\/td>\n<\/tr>\n<\/tbody>\n<\/table><\/div>\n<\/div><\/div>\n<div class=\"detail-description__top\">\t\t\t\t<\/div>\n<div class=\"detail-description__left\">\n<div class=\"detail-description__left__overflow\">\n<div class=\"detail-description__left__head\">\t\t\t\t\t\tPopis:\t\t\t\t\t<\/div>\n<div class=\"ul-style ul-style--check\">\t<\/div>\n<div class=\"detail-description__left__more\">\t\t\t\t\t\t<span> <\/span><span> <\/span>\t\t\t\t\t<\/div>\n<\/p><\/div>\n<\/p><\/div>\n<div class=\"detail-description__more\"><span> <\/span><span> <\/span><\/div>\n<\/p><\/div>\n<\/p><\/div>\n","protected":false},"excerpt":{"rendered":"<p>Vlastnosti material detailed hardwood class 1 quality mark Indonesian Legal Wood erp pricing group General product life cycle Phase out assortment type Primary Assortment included fitting kit finishing planed treatment oiled height 77 cm diameter 213 cm depth seat 35 cm width seat 35 cm wood thickness 3.5\u00a0cm stock threshold 15 diameter tabletop 115 cm [&hellip;]<\/p>\n","protected":false},"featured_media":1391,"comment_status":"open","ping_status":"open","template":"","meta":[],"product_brand":[],"product_cat":[33],"product_tag":[],"class_list":{"0":"post-1291","1":"product","2":"type-product","3":"status-publish","4":"has-post-thumbnail","6":"product_cat-zahrada","8":"first","9":"instock","10":"sale","11":"shipping-taxable","12":"purchasable","13":"product-type-simple"},"yoast_head":"<!-- This site is optimized with the Yoast SEO plugin v26.8 - https:\/\/yoast.com\/product\/yoast-seo-wordpress\/ -->\n<title>Obl\u00edben\u00fd Tuindeco Rondo picnic table -<\/title>\n<meta name=\"robots\" content=\"index, follow, max-snippet:-1, max-image-preview:large, max-video-preview:-1\" \/>\n<link rel=\"canonical\" href=\"https:\/\/www.oknobuild.com\/index.php\/produkt\/oblibeny-tuindeco-rondo-picnic-table-1291\/\" \/>\n<meta property=\"og:locale\" content=\"cs_CZ\" \/>\n<meta property=\"og:type\" content=\"article\" \/>\n<meta property=\"og:title\" content=\"Obl\u00edben\u00fd Tuindeco Rondo picnic table -\" \/>\n<meta property=\"og:description\" content=\"Vlastnosti material detailed hardwood class 1 quality mark Indonesian Legal Wood erp pricing group General product life cycle Phase out assortment type Primary Assortment included fitting kit finishing planed treatment oiled height 77 cm diameter 213 cm depth seat 35 cm width seat 35 cm wood thickness 3.5\u00a0cm stock threshold 15 diameter tabletop 115 cm [&hellip;]\" \/>\n<meta property=\"og:url\" content=\"https:\/\/www.oknobuild.com\/index.php\/produkt\/oblibeny-tuindeco-rondo-picnic-table-1291\/\" \/>\n<meta property=\"og:image\" content=\"https:\/\/www.oknobuild.com\/wp-content\/uploads\/2026\/SK0022252-CZ20260425-091936-0-1777079982-tuindeco-rondo-picnic-table-w1200-h628-f8-cd2e62e38e0b0bc97.webp\" \/>\n\t<meta property=\"og:image:width\" content=\"1000\" \/>\n\t<meta property=\"og:image:height\" content=\"523\" \/>\n\t<meta property=\"og:image:type\" content=\"image\/webp\" \/>\n<meta name=\"twitter:card\" content=\"summary_large_image\" \/>\n<script type=\"application\/ld+json\" class=\"yoast-schema-graph\">{\"@context\":\"https:\/\/schema.org\",\"@graph\":[{\"@type\":\"WebPage\",\"@id\":\"https:\/\/www.oknobuild.com\/index.php\/produkt\/oblibeny-tuindeco-rondo-picnic-table-1291\/\",\"url\":\"https:\/\/www.oknobuild.com\/index.php\/produkt\/oblibeny-tuindeco-rondo-picnic-table-1291\/\",\"name\":\"Obl\u00edben\u00fd Tuindeco Rondo picnic table -\",\"isPartOf\":{\"@id\":\"https:\/\/www.oknobuild.com\/#website\"},\"primaryImageOfPage\":{\"@id\":\"https:\/\/www.oknobuild.com\/index.php\/produkt\/oblibeny-tuindeco-rondo-picnic-table-1291\/#primaryimage\"},\"image\":{\"@id\":\"https:\/\/www.oknobuild.com\/index.php\/produkt\/oblibeny-tuindeco-rondo-picnic-table-1291\/#primaryimage\"},\"thumbnailUrl\":\"https:\/\/www.oknobuild.com\/wp-content\/uploads\/2026\/SK0022252-CZ20260425-091936-0-1777079982-tuindeco-rondo-picnic-table-w1200-h628-f8-cd2e62e38e0b0bc97.webp\",\"datePublished\":\"2026-04-27T04:40:44+00:00\",\"breadcrumb\":{\"@id\":\"https:\/\/www.oknobuild.com\/index.php\/produkt\/oblibeny-tuindeco-rondo-picnic-table-1291\/#breadcrumb\"},\"inLanguage\":\"cs\",\"potentialAction\":[{\"@type\":\"ReadAction\",\"target\":[\"https:\/\/www.oknobuild.com\/index.php\/produkt\/oblibeny-tuindeco-rondo-picnic-table-1291\/\"]}]},{\"@type\":\"ImageObject\",\"inLanguage\":\"cs\",\"@id\":\"https:\/\/www.oknobuild.com\/index.php\/produkt\/oblibeny-tuindeco-rondo-picnic-table-1291\/#primaryimage\",\"url\":\"https:\/\/www.oknobuild.com\/wp-content\/uploads\/2026\/SK0022252-CZ20260425-091936-0-1777079982-tuindeco-rondo-picnic-table-w1200-h628-f8-cd2e62e38e0b0bc97.webp\",\"contentUrl\":\"https:\/\/www.oknobuild.com\/wp-content\/uploads\/2026\/SK0022252-CZ20260425-091936-0-1777079982-tuindeco-rondo-picnic-table-w1200-h628-f8-cd2e62e38e0b0bc97.webp\",\"width\":1000,\"height\":523},{\"@type\":\"BreadcrumbList\",\"@id\":\"https:\/\/www.oknobuild.com\/index.php\/produkt\/oblibeny-tuindeco-rondo-picnic-table-1291\/#breadcrumb\",\"itemListElement\":[{\"@type\":\"ListItem\",\"position\":1,\"name\":\"Home\",\"item\":\"https:\/\/www.oknobuild.com\/\"},{\"@type\":\"ListItem\",\"position\":2,\"name\":\"Products\",\"item\":\"https:\/\/www.oknobuild.com\/index.php\/products\/\"},{\"@type\":\"ListItem\",\"position\":3,\"name\":\"Obl\u00edben\u00fd Tuindeco Rondo picnic table\"}]},{\"@type\":\"WebSite\",\"@id\":\"https:\/\/www.oknobuild.com\/#website\",\"url\":\"https:\/\/www.oknobuild.com\/\",\"name\":\"\",\"description\":\"\",\"potentialAction\":[{\"@type\":\"SearchAction\",\"target\":{\"@type\":\"EntryPoint\",\"urlTemplate\":\"https:\/\/www.oknobuild.com\/?s={search_term_string}\"},\"query-input\":{\"@type\":\"PropertyValueSpecification\",\"valueRequired\":true,\"valueName\":\"search_term_string\"}}],\"inLanguage\":\"cs\"}]}<\/script>\n<!-- \/ Yoast SEO plugin. -->","yoast_head_json":{"title":"Obl\u00edben\u00fd Tuindeco Rondo picnic table -","robots":{"index":"index","follow":"follow","max-snippet":"max-snippet:-1","max-image-preview":"max-image-preview:large","max-video-preview":"max-video-preview:-1"},"canonical":"https:\/\/www.oknobuild.com\/index.php\/produkt\/oblibeny-tuindeco-rondo-picnic-table-1291\/","og_locale":"cs_CZ","og_type":"article","og_title":"Obl\u00edben\u00fd Tuindeco Rondo picnic table -","og_description":"Vlastnosti material detailed hardwood class 1 quality mark Indonesian Legal Wood erp pricing group General product life cycle Phase out assortment type Primary Assortment included fitting kit finishing planed treatment oiled height 77 cm diameter 213 cm depth seat 35 cm width seat 35 cm wood thickness 3.5\u00a0cm stock threshold 15 diameter tabletop 115 cm [&hellip;]","og_url":"https:\/\/www.oknobuild.com\/index.php\/produkt\/oblibeny-tuindeco-rondo-picnic-table-1291\/","og_image":[{"width":1000,"height":523,"url":"https:\/\/www.oknobuild.com\/wp-content\/uploads\/2026\/SK0022252-CZ20260425-091936-0-1777079982-tuindeco-rondo-picnic-table-w1200-h628-f8-cd2e62e38e0b0bc97.webp","type":"image\/webp"}],"twitter_card":"summary_large_image","schema":{"@context":"https:\/\/schema.org","@graph":[{"@type":"WebPage","@id":"https:\/\/www.oknobuild.com\/index.php\/produkt\/oblibeny-tuindeco-rondo-picnic-table-1291\/","url":"https:\/\/www.oknobuild.com\/index.php\/produkt\/oblibeny-tuindeco-rondo-picnic-table-1291\/","name":"Obl\u00edben\u00fd Tuindeco Rondo picnic table -","isPartOf":{"@id":"https:\/\/www.oknobuild.com\/#website"},"primaryImageOfPage":{"@id":"https:\/\/www.oknobuild.com\/index.php\/produkt\/oblibeny-tuindeco-rondo-picnic-table-1291\/#primaryimage"},"image":{"@id":"https:\/\/www.oknobuild.com\/index.php\/produkt\/oblibeny-tuindeco-rondo-picnic-table-1291\/#primaryimage"},"thumbnailUrl":"https:\/\/www.oknobuild.com\/wp-content\/uploads\/2026\/SK0022252-CZ20260425-091936-0-1777079982-tuindeco-rondo-picnic-table-w1200-h628-f8-cd2e62e38e0b0bc97.webp","datePublished":"2026-04-27T04:40:44+00:00","breadcrumb":{"@id":"https:\/\/www.oknobuild.com\/index.php\/produkt\/oblibeny-tuindeco-rondo-picnic-table-1291\/#breadcrumb"},"inLanguage":"cs","potentialAction":[{"@type":"ReadAction","target":["https:\/\/www.oknobuild.com\/index.php\/produkt\/oblibeny-tuindeco-rondo-picnic-table-1291\/"]}]},{"@type":"ImageObject","inLanguage":"cs","@id":"https:\/\/www.oknobuild.com\/index.php\/produkt\/oblibeny-tuindeco-rondo-picnic-table-1291\/#primaryimage","url":"https:\/\/www.oknobuild.com\/wp-content\/uploads\/2026\/SK0022252-CZ20260425-091936-0-1777079982-tuindeco-rondo-picnic-table-w1200-h628-f8-cd2e62e38e0b0bc97.webp","contentUrl":"https:\/\/www.oknobuild.com\/wp-content\/uploads\/2026\/SK0022252-CZ20260425-091936-0-1777079982-tuindeco-rondo-picnic-table-w1200-h628-f8-cd2e62e38e0b0bc97.webp","width":1000,"height":523},{"@type":"BreadcrumbList","@id":"https:\/\/www.oknobuild.com\/index.php\/produkt\/oblibeny-tuindeco-rondo-picnic-table-1291\/#breadcrumb","itemListElement":[{"@type":"ListItem","position":1,"name":"Home","item":"https:\/\/www.oknobuild.com\/"},{"@type":"ListItem","position":2,"name":"Products","item":"https:\/\/www.oknobuild.com\/index.php\/products\/"},{"@type":"ListItem","position":3,"name":"Obl\u00edben\u00fd Tuindeco Rondo picnic table"}]},{"@type":"WebSite","@id":"https:\/\/www.oknobuild.com\/#website","url":"https:\/\/www.oknobuild.com\/","name":"","description":"","potentialAction":[{"@type":"SearchAction","target":{"@type":"EntryPoint","urlTemplate":"https:\/\/www.oknobuild.com\/?s={search_term_string}"},"query-input":{"@type":"PropertyValueSpecification","valueRequired":true,"valueName":"search_term_string"}}],"inLanguage":"cs"}]}},"_links":{"self":[{"href":"https:\/\/www.oknobuild.com\/index.php\/wp-json\/wp\/v2\/product\/1291","targetHints":{"allow":["GET"]}}],"collection":[{"href":"https:\/\/www.oknobuild.com\/index.php\/wp-json\/wp\/v2\/product"}],"about":[{"href":"https:\/\/www.oknobuild.com\/index.php\/wp-json\/wp\/v2\/types\/product"}],"replies":[{"embeddable":true,"href":"https:\/\/www.oknobuild.com\/index.php\/wp-json\/wp\/v2\/comments?post=1291"}],"wp:featuredmedia":[{"embeddable":true,"href":"https:\/\/www.oknobuild.com\/index.php\/wp-json\/wp\/v2\/media\/1391"}],"wp:attachment":[{"href":"https:\/\/www.oknobuild.com\/index.php\/wp-json\/wp\/v2\/media?parent=1291"}],"wp:term":[{"taxonomy":"product_brand","embeddable":true,"href":"https:\/\/www.oknobuild.com\/index.php\/wp-json\/wp\/v2\/product_brand?post=1291"},{"taxonomy":"product_cat","embeddable":true,"href":"https:\/\/www.oknobuild.com\/index.php\/wp-json\/wp\/v2\/product_cat?post=1291"},{"taxonomy":"product_tag","embeddable":true,"href":"https:\/\/www.oknobuild.com\/index.php\/wp-json\/wp\/v2\/product_tag?post=1291"}],"curies":[{"name":"wp","href":"https:\/\/api.w.org\/{rel}","templated":true}]}}