{"id":12925,"date":"2026-04-27T04:41:04","date_gmt":"2026-04-27T04:41:04","guid":{"rendered":""},"modified":"2026-04-27T04:41:04","modified_gmt":"2026-04-27T04:41:04","slug":"orno-mc4-pv-konektor-pro-fotovoltaicke-panely-1ks-omezena-nabidka-12925","status":"publish","type":"product","link":"https:\/\/www.oknobuild.com\/index.php\/produkt\/orno-mc4-pv-konektor-pro-fotovoltaicke-panely-1ks-omezena-nabidka-12925\/","title":{"rendered":"Orno MC4 PV Konektor pro fotovoltaick\u00e9 panely 1ks Omezen\u00e1 Nab\u00eddka"},"content":{"rendered":"<div class=\"ProductDetail-content NoFixImageContainer\" id=\"productDescription\">\n<div class=\"Heading\">\n<h2 class=\"Heading-title\">Popis produktu <span class=''>Orno MC4 PV Konektor pro fotovoltaick\u00e9 panely 1ks<\/span><\/h2>\n<\/p><\/div>\n<div class=\"ProductDetailContent\">\n<p><span style=\"font-size:16px\">Vysoce kvalitn\u00ed kompletn\u00ed sada konektor\u016f MC4 (samec a samice), kter\u00e9 se pou\u017e\u00edvaj\u00ed pro p\u0159ipojen\u00ed fotovoltaick\u00fdch panel\u016f. Sada je kompatibiln\u00ed s PV vodi\u010di: 1,5-6mm\u00b2. Dlouh\u00e1 \u017eivotnost za\u0159\u00edzen\u00ed je zaru\u010dena kvalitn\u00ed povrchovou \u00fapravou. Stupe\u0148 ochrany IP67 zaji\u0161\u0165uje odolnost proti vod\u011b a prachu. Konektory jsou tak\u00e9 odoln\u00e9 proti UV z\u00e1\u0159en\u00ed a drsn\u00fdm pov\u011btrnostn\u00edm podm\u00ednk\u00e1m.<\/span><\/p>\n<h3><span style=\"font-size:18px\">Parametry<\/span><\/h3>\n<ul>\n<li><span style=\"font-size:16px\">Typ konektoru: MC4 <\/span><\/li>\n<li><span style=\"font-size:16px\">Po\u010det: 1 <\/span><\/li>\n<li><span style=\"font-size:16px\">Pr\u016f\u0159ez: 1,5-6 mm\u00b2 <\/span><\/li>\n<li><span style=\"font-size:16px\">Zdroj nap\u00e1jen\u00ed: 1000V DC<\/span><\/li>\n<li><span style=\"font-size:16px\">Stupe\u0148 kryt\u00ed (IP): 67<\/span><\/li>\n<li><span style=\"font-size:16px\">Kontaktn\u00ed materi\u00e1l: M\u011b\u010f (100%) poc\u00ednovan\u00e1 <\/span><\/li>\n<li><span style=\"font-size:16px\">Norma ho\u0159lavosti pouzdra UL94: V0 <\/span><\/li>\n<li><span style=\"font-size:16px\">Odolnost proti UV z\u00e1\u0159en\u00ed: Ano <\/span><\/li>\n<li><span style=\"font-size:16px\">Typ p\u0159ipojen\u00ed: svorka <\/span><\/li>\n<li><span style=\"font-size:16px\">Podzemn\u00ed instalace: Ne <\/span><\/li>\n<li><span style=\"font-size:16px\">Materi\u00e1l pouzdra: PC\/PPO<\/span><\/li>\n<\/ul><\/div>\n<div class=\"ProductDetailContent\">                                                                    <\/div>\n<\/p><\/div>\n<\/p><\/div>\n<\/p><\/div>\n","protected":false},"excerpt":{"rendered":"<p>Popis produktu Orno MC4 PV Konektor pro fotovoltaick\u00e9 panely 1ks Vysoce kvalitn\u00ed kompletn\u00ed sada konektor\u016f MC4 (samec a samice), kter\u00e9 se pou\u017e\u00edvaj\u00ed pro p\u0159ipojen\u00ed fotovoltaick\u00fdch panel\u016f. Sada je kompatibiln\u00ed s PV vodi\u010di: 1,5-6mm\u00b2. Dlouh\u00e1 \u017eivotnost za\u0159\u00edzen\u00ed je zaru\u010dena kvalitn\u00ed povrchovou \u00fapravou. Stupe\u0148 ochrany IP67 zaji\u0161\u0165uje odolnost proti vod\u011b a prachu. Konektory jsou tak\u00e9 odoln\u00e9 proti [&hellip;]<\/p>\n","protected":false},"featured_media":13025,"comment_status":"open","ping_status":"open","template":"","meta":[],"product_brand":[],"product_cat":[66],"product_tag":[],"class_list":{"0":"post-12925","1":"product","2":"type-product","3":"status-publish","4":"has-post-thumbnail","6":"product_cat-fotovoltaicke-a-solarni-systemy","8":"first","9":"instock","10":"sale","11":"shipping-taxable","12":"purchasable","13":"product-type-simple"},"yoast_head":"<!-- This site is optimized with the Yoast SEO plugin v26.8 - https:\/\/yoast.com\/product\/yoast-seo-wordpress\/ -->\n<title>Orno MC4 PV Konektor pro fotovoltaick\u00e9 panely 1ks Omezen\u00e1 Nab\u00eddka -<\/title>\n<meta name=\"robots\" content=\"index, follow, max-snippet:-1, max-image-preview:large, max-video-preview:-1\" \/>\n<link rel=\"canonical\" href=\"https:\/\/www.oknobuild.com\/index.php\/produkt\/orno-mc4-pv-konektor-pro-fotovoltaicke-panely-1ks-omezena-nabidka-12925\/\" \/>\n<meta property=\"og:locale\" content=\"cs_CZ\" \/>\n<meta property=\"og:type\" content=\"article\" \/>\n<meta property=\"og:title\" content=\"Orno MC4 PV Konektor pro fotovoltaick\u00e9 panely 1ks Omezen\u00e1 Nab\u00eddka -\" \/>\n<meta property=\"og:description\" content=\"Popis produktu Orno MC4 PV Konektor pro fotovoltaick\u00e9 panely 1ks Vysoce kvalitn\u00ed kompletn\u00ed sada konektor\u016f MC4 (samec a samice), kter\u00e9 se pou\u017e\u00edvaj\u00ed pro p\u0159ipojen\u00ed fotovoltaick\u00fdch panel\u016f. Sada je kompatibiln\u00ed s PV vodi\u010di: 1,5-6mm\u00b2. Dlouh\u00e1 \u017eivotnost za\u0159\u00edzen\u00ed je zaru\u010dena kvalitn\u00ed povrchovou \u00fapravou. Stupe\u0148 ochrany IP67 zaji\u0161\u0165uje odolnost proti vod\u011b a prachu. Konektory jsou tak\u00e9 odoln\u00e9 proti [&hellip;]\" \/>\n<meta property=\"og:url\" content=\"https:\/\/www.oknobuild.com\/index.php\/produkt\/orno-mc4-pv-konektor-pro-fotovoltaicke-panely-1ks-omezena-nabidka-12925\/\" \/>\n<meta property=\"og:image\" content=\"https:\/\/www.oknobuild.com\/wp-content\/uploads\/2026\/SK0019242-CZ20260425-092632-0-1777080397-orno-mc4-pv-konektor-pro-fotovoltaicke-panely-1ks-846159.jp.webp\" \/>\n\t<meta property=\"og:image:width\" content=\"600\" \/>\n\t<meta property=\"og:image:height\" content=\"600\" \/>\n\t<meta property=\"og:image:type\" content=\"image\/webp\" \/>\n<meta name=\"twitter:card\" content=\"summary_large_image\" \/>\n<meta name=\"twitter:label1\" content=\"Odhadovan\u00e1 doba \u010dten\u00ed\" \/>\n\t<meta name=\"twitter:data1\" content=\"1 minuta\" \/>\n<script type=\"application\/ld+json\" class=\"yoast-schema-graph\">{\"@context\":\"https:\/\/schema.org\",\"@graph\":[{\"@type\":\"WebPage\",\"@id\":\"https:\/\/www.oknobuild.com\/index.php\/produkt\/orno-mc4-pv-konektor-pro-fotovoltaicke-panely-1ks-omezena-nabidka-12925\/\",\"url\":\"https:\/\/www.oknobuild.com\/index.php\/produkt\/orno-mc4-pv-konektor-pro-fotovoltaicke-panely-1ks-omezena-nabidka-12925\/\",\"name\":\"Orno MC4 PV Konektor pro fotovoltaick\u00e9 panely 1ks Omezen\u00e1 Nab\u00eddka -\",\"isPartOf\":{\"@id\":\"https:\/\/www.oknobuild.com\/#website\"},\"primaryImageOfPage\":{\"@id\":\"https:\/\/www.oknobuild.com\/index.php\/produkt\/orno-mc4-pv-konektor-pro-fotovoltaicke-panely-1ks-omezena-nabidka-12925\/#primaryimage\"},\"image\":{\"@id\":\"https:\/\/www.oknobuild.com\/index.php\/produkt\/orno-mc4-pv-konektor-pro-fotovoltaicke-panely-1ks-omezena-nabidka-12925\/#primaryimage\"},\"thumbnailUrl\":\"https:\/\/www.oknobuild.com\/wp-content\/uploads\/2026\/SK0019242-CZ20260425-092632-0-1777080397-orno-mc4-pv-konektor-pro-fotovoltaicke-panely-1ks-846159.jp.webp\",\"datePublished\":\"2026-04-27T04:41:04+00:00\",\"breadcrumb\":{\"@id\":\"https:\/\/www.oknobuild.com\/index.php\/produkt\/orno-mc4-pv-konektor-pro-fotovoltaicke-panely-1ks-omezena-nabidka-12925\/#breadcrumb\"},\"inLanguage\":\"cs\",\"potentialAction\":[{\"@type\":\"ReadAction\",\"target\":[\"https:\/\/www.oknobuild.com\/index.php\/produkt\/orno-mc4-pv-konektor-pro-fotovoltaicke-panely-1ks-omezena-nabidka-12925\/\"]}]},{\"@type\":\"ImageObject\",\"inLanguage\":\"cs\",\"@id\":\"https:\/\/www.oknobuild.com\/index.php\/produkt\/orno-mc4-pv-konektor-pro-fotovoltaicke-panely-1ks-omezena-nabidka-12925\/#primaryimage\",\"url\":\"https:\/\/www.oknobuild.com\/wp-content\/uploads\/2026\/SK0019242-CZ20260425-092632-0-1777080397-orno-mc4-pv-konektor-pro-fotovoltaicke-panely-1ks-846159.jp.webp\",\"contentUrl\":\"https:\/\/www.oknobuild.com\/wp-content\/uploads\/2026\/SK0019242-CZ20260425-092632-0-1777080397-orno-mc4-pv-konektor-pro-fotovoltaicke-panely-1ks-846159.jp.webp\",\"width\":600,\"height\":600},{\"@type\":\"BreadcrumbList\",\"@id\":\"https:\/\/www.oknobuild.com\/index.php\/produkt\/orno-mc4-pv-konektor-pro-fotovoltaicke-panely-1ks-omezena-nabidka-12925\/#breadcrumb\",\"itemListElement\":[{\"@type\":\"ListItem\",\"position\":1,\"name\":\"Home\",\"item\":\"https:\/\/www.oknobuild.com\/\"},{\"@type\":\"ListItem\",\"position\":2,\"name\":\"Products\",\"item\":\"https:\/\/www.oknobuild.com\/index.php\/products\/\"},{\"@type\":\"ListItem\",\"position\":3,\"name\":\"Orno MC4 PV Konektor pro fotovoltaick\u00e9 panely 1ks Omezen\u00e1 Nab\u00eddka\"}]},{\"@type\":\"WebSite\",\"@id\":\"https:\/\/www.oknobuild.com\/#website\",\"url\":\"https:\/\/www.oknobuild.com\/\",\"name\":\"\",\"description\":\"\",\"potentialAction\":[{\"@type\":\"SearchAction\",\"target\":{\"@type\":\"EntryPoint\",\"urlTemplate\":\"https:\/\/www.oknobuild.com\/?s={search_term_string}\"},\"query-input\":{\"@type\":\"PropertyValueSpecification\",\"valueRequired\":true,\"valueName\":\"search_term_string\"}}],\"inLanguage\":\"cs\"}]}<\/script>\n<!-- \/ Yoast SEO plugin. -->","yoast_head_json":{"title":"Orno MC4 PV Konektor pro fotovoltaick\u00e9 panely 1ks Omezen\u00e1 Nab\u00eddka -","robots":{"index":"index","follow":"follow","max-snippet":"max-snippet:-1","max-image-preview":"max-image-preview:large","max-video-preview":"max-video-preview:-1"},"canonical":"https:\/\/www.oknobuild.com\/index.php\/produkt\/orno-mc4-pv-konektor-pro-fotovoltaicke-panely-1ks-omezena-nabidka-12925\/","og_locale":"cs_CZ","og_type":"article","og_title":"Orno MC4 PV Konektor pro fotovoltaick\u00e9 panely 1ks Omezen\u00e1 Nab\u00eddka -","og_description":"Popis produktu Orno MC4 PV Konektor pro fotovoltaick\u00e9 panely 1ks Vysoce kvalitn\u00ed kompletn\u00ed sada konektor\u016f MC4 (samec a samice), kter\u00e9 se pou\u017e\u00edvaj\u00ed pro p\u0159ipojen\u00ed fotovoltaick\u00fdch panel\u016f. Sada je kompatibiln\u00ed s PV vodi\u010di: 1,5-6mm\u00b2. Dlouh\u00e1 \u017eivotnost za\u0159\u00edzen\u00ed je zaru\u010dena kvalitn\u00ed povrchovou \u00fapravou. Stupe\u0148 ochrany IP67 zaji\u0161\u0165uje odolnost proti vod\u011b a prachu. Konektory jsou tak\u00e9 odoln\u00e9 proti [&hellip;]","og_url":"https:\/\/www.oknobuild.com\/index.php\/produkt\/orno-mc4-pv-konektor-pro-fotovoltaicke-panely-1ks-omezena-nabidka-12925\/","og_image":[{"width":600,"height":600,"url":"https:\/\/www.oknobuild.com\/wp-content\/uploads\/2026\/SK0019242-CZ20260425-092632-0-1777080397-orno-mc4-pv-konektor-pro-fotovoltaicke-panely-1ks-846159.jp.webp","type":"image\/webp"}],"twitter_card":"summary_large_image","twitter_misc":{"Odhadovan\u00e1 doba \u010dten\u00ed":"1 minuta"},"schema":{"@context":"https:\/\/schema.org","@graph":[{"@type":"WebPage","@id":"https:\/\/www.oknobuild.com\/index.php\/produkt\/orno-mc4-pv-konektor-pro-fotovoltaicke-panely-1ks-omezena-nabidka-12925\/","url":"https:\/\/www.oknobuild.com\/index.php\/produkt\/orno-mc4-pv-konektor-pro-fotovoltaicke-panely-1ks-omezena-nabidka-12925\/","name":"Orno MC4 PV Konektor pro fotovoltaick\u00e9 panely 1ks Omezen\u00e1 Nab\u00eddka -","isPartOf":{"@id":"https:\/\/www.oknobuild.com\/#website"},"primaryImageOfPage":{"@id":"https:\/\/www.oknobuild.com\/index.php\/produkt\/orno-mc4-pv-konektor-pro-fotovoltaicke-panely-1ks-omezena-nabidka-12925\/#primaryimage"},"image":{"@id":"https:\/\/www.oknobuild.com\/index.php\/produkt\/orno-mc4-pv-konektor-pro-fotovoltaicke-panely-1ks-omezena-nabidka-12925\/#primaryimage"},"thumbnailUrl":"https:\/\/www.oknobuild.com\/wp-content\/uploads\/2026\/SK0019242-CZ20260425-092632-0-1777080397-orno-mc4-pv-konektor-pro-fotovoltaicke-panely-1ks-846159.jp.webp","datePublished":"2026-04-27T04:41:04+00:00","breadcrumb":{"@id":"https:\/\/www.oknobuild.com\/index.php\/produkt\/orno-mc4-pv-konektor-pro-fotovoltaicke-panely-1ks-omezena-nabidka-12925\/#breadcrumb"},"inLanguage":"cs","potentialAction":[{"@type":"ReadAction","target":["https:\/\/www.oknobuild.com\/index.php\/produkt\/orno-mc4-pv-konektor-pro-fotovoltaicke-panely-1ks-omezena-nabidka-12925\/"]}]},{"@type":"ImageObject","inLanguage":"cs","@id":"https:\/\/www.oknobuild.com\/index.php\/produkt\/orno-mc4-pv-konektor-pro-fotovoltaicke-panely-1ks-omezena-nabidka-12925\/#primaryimage","url":"https:\/\/www.oknobuild.com\/wp-content\/uploads\/2026\/SK0019242-CZ20260425-092632-0-1777080397-orno-mc4-pv-konektor-pro-fotovoltaicke-panely-1ks-846159.jp.webp","contentUrl":"https:\/\/www.oknobuild.com\/wp-content\/uploads\/2026\/SK0019242-CZ20260425-092632-0-1777080397-orno-mc4-pv-konektor-pro-fotovoltaicke-panely-1ks-846159.jp.webp","width":600,"height":600},{"@type":"BreadcrumbList","@id":"https:\/\/www.oknobuild.com\/index.php\/produkt\/orno-mc4-pv-konektor-pro-fotovoltaicke-panely-1ks-omezena-nabidka-12925\/#breadcrumb","itemListElement":[{"@type":"ListItem","position":1,"name":"Home","item":"https:\/\/www.oknobuild.com\/"},{"@type":"ListItem","position":2,"name":"Products","item":"https:\/\/www.oknobuild.com\/index.php\/products\/"},{"@type":"ListItem","position":3,"name":"Orno MC4 PV Konektor pro fotovoltaick\u00e9 panely 1ks Omezen\u00e1 Nab\u00eddka"}]},{"@type":"WebSite","@id":"https:\/\/www.oknobuild.com\/#website","url":"https:\/\/www.oknobuild.com\/","name":"","description":"","potentialAction":[{"@type":"SearchAction","target":{"@type":"EntryPoint","urlTemplate":"https:\/\/www.oknobuild.com\/?s={search_term_string}"},"query-input":{"@type":"PropertyValueSpecification","valueRequired":true,"valueName":"search_term_string"}}],"inLanguage":"cs"}]}},"_links":{"self":[{"href":"https:\/\/www.oknobuild.com\/index.php\/wp-json\/wp\/v2\/product\/12925","targetHints":{"allow":["GET"]}}],"collection":[{"href":"https:\/\/www.oknobuild.com\/index.php\/wp-json\/wp\/v2\/product"}],"about":[{"href":"https:\/\/www.oknobuild.com\/index.php\/wp-json\/wp\/v2\/types\/product"}],"replies":[{"embeddable":true,"href":"https:\/\/www.oknobuild.com\/index.php\/wp-json\/wp\/v2\/comments?post=12925"}],"wp:featuredmedia":[{"embeddable":true,"href":"https:\/\/www.oknobuild.com\/index.php\/wp-json\/wp\/v2\/media\/13025"}],"wp:attachment":[{"href":"https:\/\/www.oknobuild.com\/index.php\/wp-json\/wp\/v2\/media?parent=12925"}],"wp:term":[{"taxonomy":"product_brand","embeddable":true,"href":"https:\/\/www.oknobuild.com\/index.php\/wp-json\/wp\/v2\/product_brand?post=12925"},{"taxonomy":"product_cat","embeddable":true,"href":"https:\/\/www.oknobuild.com\/index.php\/wp-json\/wp\/v2\/product_cat?post=12925"},{"taxonomy":"product_tag","embeddable":true,"href":"https:\/\/www.oknobuild.com\/index.php\/wp-json\/wp\/v2\/product_tag?post=12925"}],"curies":[{"name":"wp","href":"https:\/\/api.w.org\/{rel}","templated":true}]}}