{"id":1293,"date":"2026-04-27T04:40:44","date_gmt":"2026-04-27T04:40:44","guid":{"rendered":""},"modified":"2026-04-27T04:40:44","modified_gmt":"2026-04-27T04:40:44","slug":"vysoce-kvalitni-ceska-manufaktura-natur-modra-1293","status":"publish","type":"product","link":"https:\/\/www.oknobuild.com\/index.php\/produkt\/vysoce-kvalitni-ceska-manufaktura-natur-modra-1293\/","title":{"rendered":"Vysoce Kvalitn\u00ed \u010cesk\u00e1 Manufaktura Natur modr\u00e1"},"content":{"rendered":"<div class=\"detail-description__right\">\n<div class=\"parameters\">\n<div class=\"table table--simple\">\n<table>\n<tbody>\n<tr>\n<td colspan=\"2\">\n<h4>Konstrukce<\/h4>\n<\/td>\n<\/tr>\n<tr>\n<td>Materi\u00e1l<\/td>\n<td>smrk \/ borovice<\/td>\n<\/tr>\n<tr>\n<td>Povrchov\u00e1 \u00faprava<\/td>\n<td>tlakov\u00e1 impregnace<\/td>\n<\/tr>\n<tr>\n<td>Rozm\u011br podesty<\/td>\n<td>100 \u00d7 100\u00a0cm<\/td>\n<\/tr>\n<tr>\n<td>V\u00fd\u0161ka podesty<\/td>\n<td>125 cm<\/td>\n<\/tr>\n<tr>\n<td>V\u00fd\u0161ka h\u0159i\u0161t\u011b<\/td>\n<td>220 cm<\/td>\n<\/tr>\n<tr>\n<td colspan=\"2\">\n<h4>Hern\u00ed prvky<\/h4>\n<\/td>\n<\/tr>\n<tr>\n<td>Skluzavka<\/td>\n<td>Ano<\/td>\n<\/tr>\n<tr>\n<td>D\u00e9lka skluzavky<\/td>\n<td>220 cm<\/td>\n<\/tr>\n<tr>\n<td>Houpa\u010dka<\/td>\n<td>ano<\/td>\n<\/tr>\n<tr>\n<td>\u017deb\u0159\u00edk<\/td>\n<td>ano<\/td>\n<\/tr>\n<tr>\n<td colspan=\"2\">\n<h4>Instalace<\/h4>\n<\/td>\n<\/tr>\n<tr>\n<td>Stav dod\u00e1n\u00ed<\/td>\n<td>100% p\u0159edmontovan\u00e9<\/td>\n<\/tr>\n<tr>\n<td>Podklad<\/td>\n<td>tr\u00e1va, p\u00edsek, ka\u010d\u00edrek, mul\u010d<\/td>\n<\/tr>\n<tr>\n<td>Stavebn\u00ed p\u0159\u00edprava<\/td>\n<td>zapu\u0161t\u011bn\u00ed kulatin do zem\u011b min. 28\u00a0cm (bez betonov\u00e1n\u00ed)<\/td>\n<\/tr>\n<tr>\n<td>Prostor pro um\u00edst\u011bn\u00ed<\/td>\n<td>6,9\u00a0\u00d7 7,3\u00a0m<\/td>\n<\/tr>\n<tr>\n<td colspan=\"2\">\n<h4>Parametry<\/h4>\n<\/td>\n<\/tr>\n<tr>\n<td>P\u016fvod<\/td>\n<td>Vyrobeno v\u00a0\u010cR<\/td>\n<\/tr>\n<tr>\n<td>Z\u00e1ruka<\/td>\n<td>5 let<\/td>\n<\/tr>\n<tr>\n<td>Zna\u010dka<\/td>\n<td>\u010cesk\u00e1 Manufaktura<\/td>\n<\/tr>\n<\/tbody>\n<\/table><\/div>\n<\/div><\/div>\n<div class=\"detail-description__top\">\n<div class=\"rating-promo\">\n<div class=\"raty raty--big\" data-score=\"5\" data-read-only=\"true\" title=\"5\"><\/div>\n<div class=\"rating-promo__number\">\t\t\t<strong>2<\/strong><small>recenze<\/small>\t\t<\/div>\n<div class=\"rating-promo__number\">\t\t\t<strong>2<\/strong><small>z\u00e1kazn\u00edci doporu\u010duj\u00ed<\/small>\t\t<\/div>\n<p>\t\tV\u0161echny recenze\t<\/p><\/div>\n<\/p><\/div>\n<div class=\"detail-description__left\">\n<div class=\"detail-description__left__overflow\">\n<div class=\"detail-description__left__head\">\t\t\t\t\t\tPopis:\t\t\t\t\t<\/div>\n<div class=\"expert-card\">\n<div class=\"expert-card__person\">\t\t\t<span>\t\t\t\t<strong>Tom\u00e1\u0161 Grygar<\/strong>\t\t\t\t<small>specialista<\/small>\t\t\t<\/span>\t\t<\/div>\n<div class=\"expert-card__info\">\n<p>Mont\u00e1\u017e h\u0159i\u0161t\u011b je maxim\u00e1ln\u011b jednoduch\u00e1 \u2013 <strong>p\u0159edmontovan\u00e9 prvky v\u00fdrazn\u011b urychluj\u00ed instalaci<\/strong>. Pod\u00edvejte se tak\u00e9 na nejobl\u00edben\u011bj\u0161\u00ed model\u00a0z kategorie d\u011btsk\u00fdch h\u0159i\u0161\u0165, kter\u00fd nab\u00edz\u00ed v\u00edce hern\u00edch prvk\u016f.<\/p>\n<\/p><\/div>\n<\/p><\/div>\n<div class=\"ul-style ul-style--check\">\n<p>Toto d\u011btsk\u00e9 h\u0159i\u0161t\u011b tvo\u0159\u00ed <strong>v\u011b\u017e s podestou o rozm\u011bru 100 \u00d7 100 cm<\/strong> ve v\u00fd\u0161ce 125 cm. Sou\u010d\u00e1st\u00ed sestavy je skluzavka o d\u00e9lce 220 cm, \u017eeb\u0159\u00edk a houpa\u010dkov\u00fd modul, kter\u00fd roz\u0161i\u0159uje mo\u017enosti pohybu i z\u00e1bavy. H\u0159i\u0161t\u011b je vhodn\u00e9 pro d\u011bti od 3 do 12 let.<\/p>\n<ul class=\"plusminus\">\n<li><i class=\"fas fa-check\"><\/i><span>100% p\u0159edmontovan\u00e9 proveden\u00ed<\/span><\/li>\n<li><i class=\"fas fa-check\"><\/i><span>Mont\u00e1\u017e bez betonov\u00e1n\u00ed<\/span><\/li>\n<li><i class=\"fas fa-check\"><\/i><span>Robustn\u00ed konstrukce z fr\u00e9zovan\u00fdch kulatin<\/span><\/li>\n<\/ul>\n<p>Konstrukce je vyrobena <strong>z kvalitn\u00edho smrkov\u00e9ho d\u0159eva<\/strong> s tlakovou impregnac\u00ed, kter\u00e1 chr\u00e1n\u00ed materi\u00e1l p\u0159ed vlhkost\u00ed a prodlu\u017euje jeho \u017eivotnost. Robustn\u00ed proveden\u00ed z fr\u00e9zovan\u00fdch kulatin zaji\u0161\u0165uje vysokou stabilitu i p\u0159i ka\u017edodenn\u00edm pou\u017e\u00edv\u00e1n\u00ed. D\u00edky p\u0159\u00edrodn\u00edmu vzhledu h\u0159i\u0161t\u011b p\u0159irozen\u011b zapadne do ka\u017ed\u00e9 zahrady.<\/p>\n<p>Velkou v\u00fdhodou je 100% p\u0159edmontovan\u00e9 proveden\u00ed, kter\u00e9 v\u00fdrazn\u011b usnad\u0148uje samotnou mont\u00e1\u017e. Podesta, z\u00e1bradl\u00ed i \u017eeb\u0159\u00edk jsou ji\u017e smontovan\u00e9 a p\u0159ipraven\u00e9 k instalaci. Ukotven\u00ed se prov\u00e1d\u00ed zapu\u0161t\u011bn\u00edm kulatin do zem\u011b minim\u00e1ln\u011b 28 cm, <strong>bez nutnosti betonov\u00e1n\u00ed<\/strong>.<\/p>\n<\/div>\n<div class=\"detail-description__left__more\">\t\t\t\t\t\t<span> <\/span><span> <\/span>\t\t\t\t\t<\/div>\n<\/p><\/div>\n<\/p><\/div>\n<div class=\"detail-description__more\"><span> <\/span><span> <\/span><\/div>\n<\/p><\/div>\n<\/p><\/div>\n","protected":false},"excerpt":{"rendered":"<p>Konstrukce Materi\u00e1l smrk \/ borovice Povrchov\u00e1 \u00faprava tlakov\u00e1 impregnace Rozm\u011br podesty 100 \u00d7 100\u00a0cm V\u00fd\u0161ka podesty 125 cm V\u00fd\u0161ka h\u0159i\u0161t\u011b 220 cm Hern\u00ed prvky Skluzavka Ano D\u00e9lka skluzavky 220 cm Houpa\u010dka ano \u017deb\u0159\u00edk ano Instalace Stav dod\u00e1n\u00ed 100% p\u0159edmontovan\u00e9 Podklad tr\u00e1va, p\u00edsek, ka\u010d\u00edrek, mul\u010d Stavebn\u00ed p\u0159\u00edprava zapu\u0161t\u011bn\u00ed kulatin do zem\u011b min. 28\u00a0cm (bez betonov\u00e1n\u00ed) Prostor [&hellip;]<\/p>\n","protected":false},"featured_media":1393,"comment_status":"open","ping_status":"open","template":"","meta":[],"product_brand":[],"product_cat":[33],"product_tag":[],"class_list":{"0":"post-1293","1":"product","2":"type-product","3":"status-publish","4":"has-post-thumbnail","6":"product_cat-zahrada","8":"first","9":"instock","10":"sale","11":"shipping-taxable","12":"purchasable","13":"product-type-simple"},"yoast_head":"<!-- This site is optimized with the Yoast SEO plugin v26.8 - https:\/\/yoast.com\/product\/yoast-seo-wordpress\/ -->\n<title>Vysoce Kvalitn\u00ed \u010cesk\u00e1 Manufaktura Natur modr\u00e1 -<\/title>\n<meta name=\"robots\" content=\"index, follow, max-snippet:-1, max-image-preview:large, max-video-preview:-1\" \/>\n<link rel=\"canonical\" href=\"https:\/\/www.oknobuild.com\/index.php\/produkt\/vysoce-kvalitni-ceska-manufaktura-natur-modra-1293\/\" \/>\n<meta property=\"og:locale\" content=\"cs_CZ\" \/>\n<meta property=\"og:type\" content=\"article\" \/>\n<meta property=\"og:title\" content=\"Vysoce Kvalitn\u00ed \u010cesk\u00e1 Manufaktura Natur modr\u00e1 -\" \/>\n<meta property=\"og:description\" content=\"Konstrukce Materi\u00e1l smrk \/ borovice Povrchov\u00e1 \u00faprava tlakov\u00e1 impregnace Rozm\u011br podesty 100 \u00d7 100\u00a0cm V\u00fd\u0161ka podesty 125 cm V\u00fd\u0161ka h\u0159i\u0161t\u011b 220 cm Hern\u00ed prvky Skluzavka Ano D\u00e9lka skluzavky 220 cm Houpa\u010dka ano \u017deb\u0159\u00edk ano Instalace Stav dod\u00e1n\u00ed 100% p\u0159edmontovan\u00e9 Podklad tr\u00e1va, p\u00edsek, ka\u010d\u00edrek, mul\u010d Stavebn\u00ed p\u0159\u00edprava zapu\u0161t\u011bn\u00ed kulatin do zem\u011b min. 28\u00a0cm (bez betonov\u00e1n\u00ed) Prostor [&hellip;]\" \/>\n<meta property=\"og:url\" content=\"https:\/\/www.oknobuild.com\/index.php\/produkt\/vysoce-kvalitni-ceska-manufaktura-natur-modra-1293\/\" \/>\n<meta property=\"og:image\" content=\"https:\/\/www.oknobuild.com\/wp-content\/uploads\/2026\/SK0022254-CZ20260425-091936-0-1777079982-detske-hriste-na-zahradu-ceska-manufaktura-natur-modra-w120.webp\" \/>\n\t<meta property=\"og:image:width\" content=\"1000\" \/>\n\t<meta property=\"og:image:height\" content=\"523\" \/>\n\t<meta property=\"og:image:type\" content=\"image\/webp\" \/>\n<meta name=\"twitter:card\" content=\"summary_large_image\" \/>\n<meta name=\"twitter:label1\" content=\"Odhadovan\u00e1 doba \u010dten\u00ed\" \/>\n\t<meta name=\"twitter:data1\" content=\"1 minuta\" \/>\n<script type=\"application\/ld+json\" class=\"yoast-schema-graph\">{\"@context\":\"https:\/\/schema.org\",\"@graph\":[{\"@type\":\"WebPage\",\"@id\":\"https:\/\/www.oknobuild.com\/index.php\/produkt\/vysoce-kvalitni-ceska-manufaktura-natur-modra-1293\/\",\"url\":\"https:\/\/www.oknobuild.com\/index.php\/produkt\/vysoce-kvalitni-ceska-manufaktura-natur-modra-1293\/\",\"name\":\"Vysoce Kvalitn\u00ed \u010cesk\u00e1 Manufaktura Natur modr\u00e1 -\",\"isPartOf\":{\"@id\":\"https:\/\/www.oknobuild.com\/#website\"},\"primaryImageOfPage\":{\"@id\":\"https:\/\/www.oknobuild.com\/index.php\/produkt\/vysoce-kvalitni-ceska-manufaktura-natur-modra-1293\/#primaryimage\"},\"image\":{\"@id\":\"https:\/\/www.oknobuild.com\/index.php\/produkt\/vysoce-kvalitni-ceska-manufaktura-natur-modra-1293\/#primaryimage\"},\"thumbnailUrl\":\"https:\/\/www.oknobuild.com\/wp-content\/uploads\/2026\/SK0022254-CZ20260425-091936-0-1777079982-detske-hriste-na-zahradu-ceska-manufaktura-natur-modra-w120.webp\",\"datePublished\":\"2026-04-27T04:40:44+00:00\",\"breadcrumb\":{\"@id\":\"https:\/\/www.oknobuild.com\/index.php\/produkt\/vysoce-kvalitni-ceska-manufaktura-natur-modra-1293\/#breadcrumb\"},\"inLanguage\":\"cs\",\"potentialAction\":[{\"@type\":\"ReadAction\",\"target\":[\"https:\/\/www.oknobuild.com\/index.php\/produkt\/vysoce-kvalitni-ceska-manufaktura-natur-modra-1293\/\"]}]},{\"@type\":\"ImageObject\",\"inLanguage\":\"cs\",\"@id\":\"https:\/\/www.oknobuild.com\/index.php\/produkt\/vysoce-kvalitni-ceska-manufaktura-natur-modra-1293\/#primaryimage\",\"url\":\"https:\/\/www.oknobuild.com\/wp-content\/uploads\/2026\/SK0022254-CZ20260425-091936-0-1777079982-detske-hriste-na-zahradu-ceska-manufaktura-natur-modra-w120.webp\",\"contentUrl\":\"https:\/\/www.oknobuild.com\/wp-content\/uploads\/2026\/SK0022254-CZ20260425-091936-0-1777079982-detske-hriste-na-zahradu-ceska-manufaktura-natur-modra-w120.webp\",\"width\":1000,\"height\":523},{\"@type\":\"BreadcrumbList\",\"@id\":\"https:\/\/www.oknobuild.com\/index.php\/produkt\/vysoce-kvalitni-ceska-manufaktura-natur-modra-1293\/#breadcrumb\",\"itemListElement\":[{\"@type\":\"ListItem\",\"position\":1,\"name\":\"Home\",\"item\":\"https:\/\/www.oknobuild.com\/\"},{\"@type\":\"ListItem\",\"position\":2,\"name\":\"Products\",\"item\":\"https:\/\/www.oknobuild.com\/index.php\/products\/\"},{\"@type\":\"ListItem\",\"position\":3,\"name\":\"Vysoce Kvalitn\u00ed \u010cesk\u00e1 Manufaktura Natur modr\u00e1\"}]},{\"@type\":\"WebSite\",\"@id\":\"https:\/\/www.oknobuild.com\/#website\",\"url\":\"https:\/\/www.oknobuild.com\/\",\"name\":\"\",\"description\":\"\",\"potentialAction\":[{\"@type\":\"SearchAction\",\"target\":{\"@type\":\"EntryPoint\",\"urlTemplate\":\"https:\/\/www.oknobuild.com\/?s={search_term_string}\"},\"query-input\":{\"@type\":\"PropertyValueSpecification\",\"valueRequired\":true,\"valueName\":\"search_term_string\"}}],\"inLanguage\":\"cs\"}]}<\/script>\n<!-- \/ Yoast SEO plugin. -->","yoast_head_json":{"title":"Vysoce Kvalitn\u00ed \u010cesk\u00e1 Manufaktura Natur modr\u00e1 -","robots":{"index":"index","follow":"follow","max-snippet":"max-snippet:-1","max-image-preview":"max-image-preview:large","max-video-preview":"max-video-preview:-1"},"canonical":"https:\/\/www.oknobuild.com\/index.php\/produkt\/vysoce-kvalitni-ceska-manufaktura-natur-modra-1293\/","og_locale":"cs_CZ","og_type":"article","og_title":"Vysoce Kvalitn\u00ed \u010cesk\u00e1 Manufaktura Natur modr\u00e1 -","og_description":"Konstrukce Materi\u00e1l smrk \/ borovice Povrchov\u00e1 \u00faprava tlakov\u00e1 impregnace Rozm\u011br podesty 100 \u00d7 100\u00a0cm V\u00fd\u0161ka podesty 125 cm V\u00fd\u0161ka h\u0159i\u0161t\u011b 220 cm Hern\u00ed prvky Skluzavka Ano D\u00e9lka skluzavky 220 cm Houpa\u010dka ano \u017deb\u0159\u00edk ano Instalace Stav dod\u00e1n\u00ed 100% p\u0159edmontovan\u00e9 Podklad tr\u00e1va, p\u00edsek, ka\u010d\u00edrek, mul\u010d Stavebn\u00ed p\u0159\u00edprava zapu\u0161t\u011bn\u00ed kulatin do zem\u011b min. 28\u00a0cm (bez betonov\u00e1n\u00ed) Prostor [&hellip;]","og_url":"https:\/\/www.oknobuild.com\/index.php\/produkt\/vysoce-kvalitni-ceska-manufaktura-natur-modra-1293\/","og_image":[{"width":1000,"height":523,"url":"https:\/\/www.oknobuild.com\/wp-content\/uploads\/2026\/SK0022254-CZ20260425-091936-0-1777079982-detske-hriste-na-zahradu-ceska-manufaktura-natur-modra-w120.webp","type":"image\/webp"}],"twitter_card":"summary_large_image","twitter_misc":{"Odhadovan\u00e1 doba \u010dten\u00ed":"1 minuta"},"schema":{"@context":"https:\/\/schema.org","@graph":[{"@type":"WebPage","@id":"https:\/\/www.oknobuild.com\/index.php\/produkt\/vysoce-kvalitni-ceska-manufaktura-natur-modra-1293\/","url":"https:\/\/www.oknobuild.com\/index.php\/produkt\/vysoce-kvalitni-ceska-manufaktura-natur-modra-1293\/","name":"Vysoce Kvalitn\u00ed \u010cesk\u00e1 Manufaktura Natur modr\u00e1 -","isPartOf":{"@id":"https:\/\/www.oknobuild.com\/#website"},"primaryImageOfPage":{"@id":"https:\/\/www.oknobuild.com\/index.php\/produkt\/vysoce-kvalitni-ceska-manufaktura-natur-modra-1293\/#primaryimage"},"image":{"@id":"https:\/\/www.oknobuild.com\/index.php\/produkt\/vysoce-kvalitni-ceska-manufaktura-natur-modra-1293\/#primaryimage"},"thumbnailUrl":"https:\/\/www.oknobuild.com\/wp-content\/uploads\/2026\/SK0022254-CZ20260425-091936-0-1777079982-detske-hriste-na-zahradu-ceska-manufaktura-natur-modra-w120.webp","datePublished":"2026-04-27T04:40:44+00:00","breadcrumb":{"@id":"https:\/\/www.oknobuild.com\/index.php\/produkt\/vysoce-kvalitni-ceska-manufaktura-natur-modra-1293\/#breadcrumb"},"inLanguage":"cs","potentialAction":[{"@type":"ReadAction","target":["https:\/\/www.oknobuild.com\/index.php\/produkt\/vysoce-kvalitni-ceska-manufaktura-natur-modra-1293\/"]}]},{"@type":"ImageObject","inLanguage":"cs","@id":"https:\/\/www.oknobuild.com\/index.php\/produkt\/vysoce-kvalitni-ceska-manufaktura-natur-modra-1293\/#primaryimage","url":"https:\/\/www.oknobuild.com\/wp-content\/uploads\/2026\/SK0022254-CZ20260425-091936-0-1777079982-detske-hriste-na-zahradu-ceska-manufaktura-natur-modra-w120.webp","contentUrl":"https:\/\/www.oknobuild.com\/wp-content\/uploads\/2026\/SK0022254-CZ20260425-091936-0-1777079982-detske-hriste-na-zahradu-ceska-manufaktura-natur-modra-w120.webp","width":1000,"height":523},{"@type":"BreadcrumbList","@id":"https:\/\/www.oknobuild.com\/index.php\/produkt\/vysoce-kvalitni-ceska-manufaktura-natur-modra-1293\/#breadcrumb","itemListElement":[{"@type":"ListItem","position":1,"name":"Home","item":"https:\/\/www.oknobuild.com\/"},{"@type":"ListItem","position":2,"name":"Products","item":"https:\/\/www.oknobuild.com\/index.php\/products\/"},{"@type":"ListItem","position":3,"name":"Vysoce Kvalitn\u00ed \u010cesk\u00e1 Manufaktura Natur modr\u00e1"}]},{"@type":"WebSite","@id":"https:\/\/www.oknobuild.com\/#website","url":"https:\/\/www.oknobuild.com\/","name":"","description":"","potentialAction":[{"@type":"SearchAction","target":{"@type":"EntryPoint","urlTemplate":"https:\/\/www.oknobuild.com\/?s={search_term_string}"},"query-input":{"@type":"PropertyValueSpecification","valueRequired":true,"valueName":"search_term_string"}}],"inLanguage":"cs"}]}},"_links":{"self":[{"href":"https:\/\/www.oknobuild.com\/index.php\/wp-json\/wp\/v2\/product\/1293","targetHints":{"allow":["GET"]}}],"collection":[{"href":"https:\/\/www.oknobuild.com\/index.php\/wp-json\/wp\/v2\/product"}],"about":[{"href":"https:\/\/www.oknobuild.com\/index.php\/wp-json\/wp\/v2\/types\/product"}],"replies":[{"embeddable":true,"href":"https:\/\/www.oknobuild.com\/index.php\/wp-json\/wp\/v2\/comments?post=1293"}],"wp:featuredmedia":[{"embeddable":true,"href":"https:\/\/www.oknobuild.com\/index.php\/wp-json\/wp\/v2\/media\/1393"}],"wp:attachment":[{"href":"https:\/\/www.oknobuild.com\/index.php\/wp-json\/wp\/v2\/media?parent=1293"}],"wp:term":[{"taxonomy":"product_brand","embeddable":true,"href":"https:\/\/www.oknobuild.com\/index.php\/wp-json\/wp\/v2\/product_brand?post=1293"},{"taxonomy":"product_cat","embeddable":true,"href":"https:\/\/www.oknobuild.com\/index.php\/wp-json\/wp\/v2\/product_cat?post=1293"},{"taxonomy":"product_tag","embeddable":true,"href":"https:\/\/www.oknobuild.com\/index.php\/wp-json\/wp\/v2\/product_tag?post=1293"}],"curies":[{"name":"wp","href":"https:\/\/api.w.org\/{rel}","templated":true}]}}