{"id":12975,"date":"2026-04-27T04:41:04","date_gmt":"2026-04-27T04:41:04","guid":{"rendered":""},"modified":"2026-04-27T04:41:04","modified_gmt":"2026-04-27T04:41:04","slug":"znackovy-umyvadlo-na-desku-sat-infinitio-50x39-cm-ruzova-mat-12975","status":"publish","type":"product","link":"https:\/\/www.oknobuild.com\/index.php\/produkt\/znackovy-umyvadlo-na-desku-sat-infinitio-50x39-cm-ruzova-mat-12975\/","title":{"rendered":"Zna\u010dkov\u00fd Umyvadlo na desku SAT Infinitio 50&#215;39 cm, r\u016f\u017eov\u00e1 mat"},"content":{"rendered":"<div class=\"ProductDetail-content NoFixImageContainer\" id=\"productDescription\">\n<div class=\"Heading\">\n<h2 class=\"Heading-title\">Popis produktu <span class=''>Umyvadlo na desku SAT Infinitio 50&#215;39 cm, r\u016f\u017eov\u00e1 mat<\/span><\/h2>\n<\/p><\/div>\n<div class=\"ProductDetailContent\">\n<p><span style=\"font-size:16px\">Umyvadla <strong>Infinitio<\/strong> Drop-in p\u0159edstavuj\u00ed revoluci v designu umyvadel Drop-in.&nbsp;D\u00edky tlou\u0161\u0165ce keramiky, kter\u00e1 je pouze 3 a\u017e 5 mm, si tato \u0159ada umyvadel zachov\u00e1v\u00e1 v\u0161echny v\u00fdhody keramiky, jako je odolnost a snadn\u00e9 \u010di\u0161t\u011bn\u00ed.&nbsp;Poskytuje lehk\u00fd tvar, kter\u00fd byl d\u0159\u00edve mo\u017en\u00fd pouze u ocelov\u00fdch umyvadel.<\/span><\/p>\n<p><span style=\"font-size:16px\">Umyvadla Infinitio drop-in jsou vyr\u00e1b\u011bna odli\u0161n\u011b od standardn\u00edch <strong>keramick\u00fdch umyvadel<\/strong>.&nbsp;P\u0159i jejich v\u00fdrob\u011b je nutn\u00e9 pou\u017e\u00edt jin\u00fd materi\u00e1l a mnohem vy\u0161\u0161\u00ed teplotu v\u00fdpalu.&nbsp;D\u00edky tomu je mo\u017en\u00e9 z\u00edskat ten\u010d\u00ed st\u011bny a z\u00e1rove\u0148 zachovat v\u0161echny dobr\u00e9 vlastnosti keramiky.<\/span><\/p>\n<h3>Technick\u00e9 parametry<\/h3>\n<ul>\n<li><strong>Druh v\u00fdrobku:<\/strong> umyvadlo<\/li>\n<li><strong>Materi\u00e1l:<\/strong> keramika<\/li>\n<li><strong>Barva popisn\u00e1:<\/strong>&nbsp;r\u016f\u017eov\u00e1<\/li>\n<li><strong>V\u00fdbava:<\/strong> bez sifonu a baterie<\/li>\n<li><strong>Povrchov\u00e1 \u00faprava:<\/strong> mat<\/li>\n<li><strong>\u0160\u00ed\u0159ka:<\/strong> 50 cm<\/li>\n<li><strong>V\u00fd\u0161ka:<\/strong> 13 cm<\/li>\n<li><strong>Hloubka:<\/strong> 39 cm<\/li>\n<li><strong>Proveden\u00ed:<\/strong> bez otvoru pro baterii, bez p\u0159epadu<\/li>\n<li><strong>Umyvadlo s p\u0159epadem:<\/strong> ne<\/li>\n<li><strong>Proveden\u00ed umyvadla:<\/strong> na desku<\/li>\n<li><strong>Po\u010det odtok\u016f umyvadla:<\/strong> 1<\/li>\n<li><strong>Tvar umyvadla:<\/strong> obl\u00fd<\/li>\n<li><strong>Hmotnost balen\u00ed:<\/strong> 11,00 kg<\/li>\n<\/ul><\/div>\n<div class=\"ProductDetailContent\">                                                                    <\/div>\n<\/p><\/div>\n<\/p><\/div>\n<\/p><\/div>\n","protected":false},"excerpt":{"rendered":"<p>Popis produktu Umyvadlo na desku SAT Infinitio 50&#215;39 cm, r\u016f\u017eov\u00e1 mat Umyvadla Infinitio Drop-in p\u0159edstavuj\u00ed revoluci v designu umyvadel Drop-in.&nbsp;D\u00edky tlou\u0161\u0165ce keramiky, kter\u00e1 je pouze 3 a\u017e 5 mm, si tato \u0159ada umyvadel zachov\u00e1v\u00e1 v\u0161echny v\u00fdhody keramiky, jako je odolnost a snadn\u00e9 \u010di\u0161t\u011bn\u00ed.&nbsp;Poskytuje lehk\u00fd tvar, kter\u00fd byl d\u0159\u00edve mo\u017en\u00fd pouze u ocelov\u00fdch umyvadel. Umyvadla Infinitio [&hellip;]<\/p>\n","protected":false},"featured_media":13075,"comment_status":"open","ping_status":"open","template":"","meta":[],"product_brand":[],"product_cat":[65],"product_tag":[],"class_list":{"0":"post-12975","1":"product","2":"type-product","3":"status-publish","4":"has-post-thumbnail","6":"product_cat-koupelny","8":"first","9":"instock","10":"sale","11":"shipping-taxable","12":"purchasable","13":"product-type-simple"},"yoast_head":"<!-- This site is optimized with the Yoast SEO plugin v26.8 - https:\/\/yoast.com\/product\/yoast-seo-wordpress\/ -->\n<title>Zna\u010dkov\u00fd Umyvadlo na desku SAT Infinitio 50x39 cm, r\u016f\u017eov\u00e1 mat -<\/title>\n<meta name=\"robots\" content=\"index, follow, max-snippet:-1, max-image-preview:large, max-video-preview:-1\" \/>\n<link rel=\"canonical\" href=\"https:\/\/www.oknobuild.com\/index.php\/produkt\/znackovy-umyvadlo-na-desku-sat-infinitio-50x39-cm-ruzova-mat-12975\/\" \/>\n<meta property=\"og:locale\" content=\"cs_CZ\" \/>\n<meta property=\"og:type\" content=\"article\" \/>\n<meta property=\"og:title\" content=\"Zna\u010dkov\u00fd Umyvadlo na desku SAT Infinitio 50x39 cm, r\u016f\u017eov\u00e1 mat -\" \/>\n<meta property=\"og:description\" content=\"Popis produktu Umyvadlo na desku SAT Infinitio 50&#215;39 cm, r\u016f\u017eov\u00e1 mat Umyvadla Infinitio Drop-in p\u0159edstavuj\u00ed revoluci v designu umyvadel Drop-in.&nbsp;D\u00edky tlou\u0161\u0165ce keramiky, kter\u00e1 je pouze 3 a\u017e 5 mm, si tato \u0159ada umyvadel zachov\u00e1v\u00e1 v\u0161echny v\u00fdhody keramiky, jako je odolnost a snadn\u00e9 \u010di\u0161t\u011bn\u00ed.&nbsp;Poskytuje lehk\u00fd tvar, kter\u00fd byl d\u0159\u00edve mo\u017en\u00fd pouze u ocelov\u00fdch umyvadel. Umyvadla Infinitio [&hellip;]\" \/>\n<meta property=\"og:url\" content=\"https:\/\/www.oknobuild.com\/index.php\/produkt\/znackovy-umyvadlo-na-desku-sat-infinitio-50x39-cm-ruzova-mat-12975\/\" \/>\n<meta property=\"og:image\" content=\"https:\/\/www.oknobuild.com\/wp-content\/uploads\/2026\/SK0019325-CZ20260425-092632-0-1777080397-umyvadlo-na-desku-sat-infinitio-50x39-cm-ruzova-mat-850193..webp\" \/>\n\t<meta property=\"og:image:width\" content=\"600\" \/>\n\t<meta property=\"og:image:height\" content=\"600\" \/>\n\t<meta property=\"og:image:type\" content=\"image\/webp\" \/>\n<meta name=\"twitter:card\" content=\"summary_large_image\" \/>\n<meta name=\"twitter:label1\" content=\"Odhadovan\u00e1 doba \u010dten\u00ed\" \/>\n\t<meta name=\"twitter:data1\" content=\"1 minuta\" \/>\n<script type=\"application\/ld+json\" class=\"yoast-schema-graph\">{\"@context\":\"https:\/\/schema.org\",\"@graph\":[{\"@type\":\"WebPage\",\"@id\":\"https:\/\/www.oknobuild.com\/index.php\/produkt\/znackovy-umyvadlo-na-desku-sat-infinitio-50x39-cm-ruzova-mat-12975\/\",\"url\":\"https:\/\/www.oknobuild.com\/index.php\/produkt\/znackovy-umyvadlo-na-desku-sat-infinitio-50x39-cm-ruzova-mat-12975\/\",\"name\":\"Zna\u010dkov\u00fd Umyvadlo na desku SAT Infinitio 50x39 cm, r\u016f\u017eov\u00e1 mat -\",\"isPartOf\":{\"@id\":\"https:\/\/www.oknobuild.com\/#website\"},\"primaryImageOfPage\":{\"@id\":\"https:\/\/www.oknobuild.com\/index.php\/produkt\/znackovy-umyvadlo-na-desku-sat-infinitio-50x39-cm-ruzova-mat-12975\/#primaryimage\"},\"image\":{\"@id\":\"https:\/\/www.oknobuild.com\/index.php\/produkt\/znackovy-umyvadlo-na-desku-sat-infinitio-50x39-cm-ruzova-mat-12975\/#primaryimage\"},\"thumbnailUrl\":\"https:\/\/www.oknobuild.com\/wp-content\/uploads\/2026\/SK0019325-CZ20260425-092632-0-1777080397-umyvadlo-na-desku-sat-infinitio-50x39-cm-ruzova-mat-850193..webp\",\"datePublished\":\"2026-04-27T04:41:04+00:00\",\"breadcrumb\":{\"@id\":\"https:\/\/www.oknobuild.com\/index.php\/produkt\/znackovy-umyvadlo-na-desku-sat-infinitio-50x39-cm-ruzova-mat-12975\/#breadcrumb\"},\"inLanguage\":\"cs\",\"potentialAction\":[{\"@type\":\"ReadAction\",\"target\":[\"https:\/\/www.oknobuild.com\/index.php\/produkt\/znackovy-umyvadlo-na-desku-sat-infinitio-50x39-cm-ruzova-mat-12975\/\"]}]},{\"@type\":\"ImageObject\",\"inLanguage\":\"cs\",\"@id\":\"https:\/\/www.oknobuild.com\/index.php\/produkt\/znackovy-umyvadlo-na-desku-sat-infinitio-50x39-cm-ruzova-mat-12975\/#primaryimage\",\"url\":\"https:\/\/www.oknobuild.com\/wp-content\/uploads\/2026\/SK0019325-CZ20260425-092632-0-1777080397-umyvadlo-na-desku-sat-infinitio-50x39-cm-ruzova-mat-850193..webp\",\"contentUrl\":\"https:\/\/www.oknobuild.com\/wp-content\/uploads\/2026\/SK0019325-CZ20260425-092632-0-1777080397-umyvadlo-na-desku-sat-infinitio-50x39-cm-ruzova-mat-850193..webp\",\"width\":600,\"height\":600},{\"@type\":\"BreadcrumbList\",\"@id\":\"https:\/\/www.oknobuild.com\/index.php\/produkt\/znackovy-umyvadlo-na-desku-sat-infinitio-50x39-cm-ruzova-mat-12975\/#breadcrumb\",\"itemListElement\":[{\"@type\":\"ListItem\",\"position\":1,\"name\":\"Home\",\"item\":\"https:\/\/www.oknobuild.com\/\"},{\"@type\":\"ListItem\",\"position\":2,\"name\":\"Products\",\"item\":\"https:\/\/www.oknobuild.com\/index.php\/products\/\"},{\"@type\":\"ListItem\",\"position\":3,\"name\":\"Zna\u010dkov\u00fd Umyvadlo na desku SAT Infinitio 50&#215;39 cm, r\u016f\u017eov\u00e1 mat\"}]},{\"@type\":\"WebSite\",\"@id\":\"https:\/\/www.oknobuild.com\/#website\",\"url\":\"https:\/\/www.oknobuild.com\/\",\"name\":\"\",\"description\":\"\",\"potentialAction\":[{\"@type\":\"SearchAction\",\"target\":{\"@type\":\"EntryPoint\",\"urlTemplate\":\"https:\/\/www.oknobuild.com\/?s={search_term_string}\"},\"query-input\":{\"@type\":\"PropertyValueSpecification\",\"valueRequired\":true,\"valueName\":\"search_term_string\"}}],\"inLanguage\":\"cs\"}]}<\/script>\n<!-- \/ Yoast SEO plugin. -->","yoast_head_json":{"title":"Zna\u010dkov\u00fd Umyvadlo na desku SAT Infinitio 50x39 cm, r\u016f\u017eov\u00e1 mat -","robots":{"index":"index","follow":"follow","max-snippet":"max-snippet:-1","max-image-preview":"max-image-preview:large","max-video-preview":"max-video-preview:-1"},"canonical":"https:\/\/www.oknobuild.com\/index.php\/produkt\/znackovy-umyvadlo-na-desku-sat-infinitio-50x39-cm-ruzova-mat-12975\/","og_locale":"cs_CZ","og_type":"article","og_title":"Zna\u010dkov\u00fd Umyvadlo na desku SAT Infinitio 50x39 cm, r\u016f\u017eov\u00e1 mat -","og_description":"Popis produktu Umyvadlo na desku SAT Infinitio 50&#215;39 cm, r\u016f\u017eov\u00e1 mat Umyvadla Infinitio Drop-in p\u0159edstavuj\u00ed revoluci v designu umyvadel Drop-in.&nbsp;D\u00edky tlou\u0161\u0165ce keramiky, kter\u00e1 je pouze 3 a\u017e 5 mm, si tato \u0159ada umyvadel zachov\u00e1v\u00e1 v\u0161echny v\u00fdhody keramiky, jako je odolnost a snadn\u00e9 \u010di\u0161t\u011bn\u00ed.&nbsp;Poskytuje lehk\u00fd tvar, kter\u00fd byl d\u0159\u00edve mo\u017en\u00fd pouze u ocelov\u00fdch umyvadel. Umyvadla Infinitio [&hellip;]","og_url":"https:\/\/www.oknobuild.com\/index.php\/produkt\/znackovy-umyvadlo-na-desku-sat-infinitio-50x39-cm-ruzova-mat-12975\/","og_image":[{"width":600,"height":600,"url":"https:\/\/www.oknobuild.com\/wp-content\/uploads\/2026\/SK0019325-CZ20260425-092632-0-1777080397-umyvadlo-na-desku-sat-infinitio-50x39-cm-ruzova-mat-850193..webp","type":"image\/webp"}],"twitter_card":"summary_large_image","twitter_misc":{"Odhadovan\u00e1 doba \u010dten\u00ed":"1 minuta"},"schema":{"@context":"https:\/\/schema.org","@graph":[{"@type":"WebPage","@id":"https:\/\/www.oknobuild.com\/index.php\/produkt\/znackovy-umyvadlo-na-desku-sat-infinitio-50x39-cm-ruzova-mat-12975\/","url":"https:\/\/www.oknobuild.com\/index.php\/produkt\/znackovy-umyvadlo-na-desku-sat-infinitio-50x39-cm-ruzova-mat-12975\/","name":"Zna\u010dkov\u00fd Umyvadlo na desku SAT Infinitio 50x39 cm, r\u016f\u017eov\u00e1 mat -","isPartOf":{"@id":"https:\/\/www.oknobuild.com\/#website"},"primaryImageOfPage":{"@id":"https:\/\/www.oknobuild.com\/index.php\/produkt\/znackovy-umyvadlo-na-desku-sat-infinitio-50x39-cm-ruzova-mat-12975\/#primaryimage"},"image":{"@id":"https:\/\/www.oknobuild.com\/index.php\/produkt\/znackovy-umyvadlo-na-desku-sat-infinitio-50x39-cm-ruzova-mat-12975\/#primaryimage"},"thumbnailUrl":"https:\/\/www.oknobuild.com\/wp-content\/uploads\/2026\/SK0019325-CZ20260425-092632-0-1777080397-umyvadlo-na-desku-sat-infinitio-50x39-cm-ruzova-mat-850193..webp","datePublished":"2026-04-27T04:41:04+00:00","breadcrumb":{"@id":"https:\/\/www.oknobuild.com\/index.php\/produkt\/znackovy-umyvadlo-na-desku-sat-infinitio-50x39-cm-ruzova-mat-12975\/#breadcrumb"},"inLanguage":"cs","potentialAction":[{"@type":"ReadAction","target":["https:\/\/www.oknobuild.com\/index.php\/produkt\/znackovy-umyvadlo-na-desku-sat-infinitio-50x39-cm-ruzova-mat-12975\/"]}]},{"@type":"ImageObject","inLanguage":"cs","@id":"https:\/\/www.oknobuild.com\/index.php\/produkt\/znackovy-umyvadlo-na-desku-sat-infinitio-50x39-cm-ruzova-mat-12975\/#primaryimage","url":"https:\/\/www.oknobuild.com\/wp-content\/uploads\/2026\/SK0019325-CZ20260425-092632-0-1777080397-umyvadlo-na-desku-sat-infinitio-50x39-cm-ruzova-mat-850193..webp","contentUrl":"https:\/\/www.oknobuild.com\/wp-content\/uploads\/2026\/SK0019325-CZ20260425-092632-0-1777080397-umyvadlo-na-desku-sat-infinitio-50x39-cm-ruzova-mat-850193..webp","width":600,"height":600},{"@type":"BreadcrumbList","@id":"https:\/\/www.oknobuild.com\/index.php\/produkt\/znackovy-umyvadlo-na-desku-sat-infinitio-50x39-cm-ruzova-mat-12975\/#breadcrumb","itemListElement":[{"@type":"ListItem","position":1,"name":"Home","item":"https:\/\/www.oknobuild.com\/"},{"@type":"ListItem","position":2,"name":"Products","item":"https:\/\/www.oknobuild.com\/index.php\/products\/"},{"@type":"ListItem","position":3,"name":"Zna\u010dkov\u00fd Umyvadlo na desku SAT Infinitio 50&#215;39 cm, r\u016f\u017eov\u00e1 mat"}]},{"@type":"WebSite","@id":"https:\/\/www.oknobuild.com\/#website","url":"https:\/\/www.oknobuild.com\/","name":"","description":"","potentialAction":[{"@type":"SearchAction","target":{"@type":"EntryPoint","urlTemplate":"https:\/\/www.oknobuild.com\/?s={search_term_string}"},"query-input":{"@type":"PropertyValueSpecification","valueRequired":true,"valueName":"search_term_string"}}],"inLanguage":"cs"}]}},"_links":{"self":[{"href":"https:\/\/www.oknobuild.com\/index.php\/wp-json\/wp\/v2\/product\/12975","targetHints":{"allow":["GET"]}}],"collection":[{"href":"https:\/\/www.oknobuild.com\/index.php\/wp-json\/wp\/v2\/product"}],"about":[{"href":"https:\/\/www.oknobuild.com\/index.php\/wp-json\/wp\/v2\/types\/product"}],"replies":[{"embeddable":true,"href":"https:\/\/www.oknobuild.com\/index.php\/wp-json\/wp\/v2\/comments?post=12975"}],"wp:featuredmedia":[{"embeddable":true,"href":"https:\/\/www.oknobuild.com\/index.php\/wp-json\/wp\/v2\/media\/13075"}],"wp:attachment":[{"href":"https:\/\/www.oknobuild.com\/index.php\/wp-json\/wp\/v2\/media?parent=12975"}],"wp:term":[{"taxonomy":"product_brand","embeddable":true,"href":"https:\/\/www.oknobuild.com\/index.php\/wp-json\/wp\/v2\/product_brand?post=12975"},{"taxonomy":"product_cat","embeddable":true,"href":"https:\/\/www.oknobuild.com\/index.php\/wp-json\/wp\/v2\/product_cat?post=12975"},{"taxonomy":"product_tag","embeddable":true,"href":"https:\/\/www.oknobuild.com\/index.php\/wp-json\/wp\/v2\/product_tag?post=12975"}],"curies":[{"name":"wp","href":"https:\/\/api.w.org\/{rel}","templated":true}]}}