{"id":12983,"date":"2026-04-27T04:41:04","date_gmt":"2026-04-27T04:41:04","guid":{"rendered":""},"modified":"2026-04-27T04:41:04","modified_gmt":"2026-04-27T04:41:04","slug":"bezpecna-platba-regulus-koleno-45deg-s-inspekcnim-otvorem-prumer-80-pp-17385-12983","status":"publish","type":"product","link":"https:\/\/www.oknobuild.com\/index.php\/produkt\/bezpecna-platba-regulus-koleno-45deg-s-inspekcnim-otvorem-prumer-80-pp-17385-12983\/","title":{"rendered":"Bezpe\u010dn\u00e1 Platba Regulus Koleno 45\u00b0 s inspek\u010dn\u00edm otvorem pr\u016fm\u011br 80 PP &#8211; 17385"},"content":{"rendered":"<div class=\"ProductDetail-content NoFixImageContainer\" id=\"productDescription\">\n<div class=\"Heading\">\n<h2 class=\"Heading-title\">Popis produktu <span class=''>Regulus Koleno 45\u00b0 s inspek\u010dn\u00edm otvorem pr\u016fm\u011br 80 PP &#8211; 17385<\/span><\/h2>\n<\/p><\/div>\n<div class=\"ProductDetailContent\">                                                                    <\/div>\n<div class=\"ProductDetailContent\">                                                                    <\/div>\n<\/p><\/div>\n<\/p><\/div>\n<\/p><\/div>\n","protected":false},"excerpt":{"rendered":"<p>Popis produktu Regulus Koleno 45\u00b0 s inspek\u010dn\u00edm otvorem pr\u016fm\u011br 80 PP &#8211; 17385<\/p>\n","protected":false},"featured_media":13083,"comment_status":"open","ping_status":"open","template":"","meta":[],"product_brand":[],"product_cat":[67],"product_tag":[],"class_list":{"0":"post-12983","1":"product","2":"type-product","3":"status-publish","4":"has-post-thumbnail","6":"product_cat-topeni","8":"first","9":"instock","10":"sale","11":"shipping-taxable","12":"purchasable","13":"product-type-simple"},"yoast_head":"<!-- This site is optimized with the Yoast SEO plugin v26.8 - https:\/\/yoast.com\/product\/yoast-seo-wordpress\/ -->\n<title>Bezpe\u010dn\u00e1 Platba Regulus Koleno 45\u00b0 s inspek\u010dn\u00edm otvorem pr\u016fm\u011br 80 PP - 17385 -<\/title>\n<meta name=\"robots\" content=\"index, follow, max-snippet:-1, max-image-preview:large, max-video-preview:-1\" \/>\n<link rel=\"canonical\" href=\"https:\/\/www.oknobuild.com\/index.php\/produkt\/bezpecna-platba-regulus-koleno-45deg-s-inspekcnim-otvorem-prumer-80-pp-17385-12983\/\" \/>\n<meta property=\"og:locale\" content=\"cs_CZ\" \/>\n<meta property=\"og:type\" content=\"article\" \/>\n<meta property=\"og:title\" content=\"Bezpe\u010dn\u00e1 Platba Regulus Koleno 45\u00b0 s inspek\u010dn\u00edm otvorem pr\u016fm\u011br 80 PP - 17385 -\" \/>\n<meta property=\"og:description\" content=\"Popis produktu Regulus Koleno 45\u00b0 s inspek\u010dn\u00edm otvorem pr\u016fm\u011br 80 PP &#8211; 17385\" \/>\n<meta property=\"og:url\" content=\"https:\/\/www.oknobuild.com\/index.php\/produkt\/bezpecna-platba-regulus-koleno-45deg-s-inspekcnim-otvorem-prumer-80-pp-17385-12983\/\" \/>\n<meta property=\"og:image\" content=\"https:\/\/www.oknobuild.com\/wp-content\/uploads\/2026\/SK0019334-CZ20260425-092632-0-1777080397-regulus-koleno-45-s-inspekcnim-otvorem-prumer-80-pp-17385-9.webp\" \/>\n\t<meta property=\"og:image:width\" content=\"600\" \/>\n\t<meta property=\"og:image:height\" content=\"600\" \/>\n\t<meta property=\"og:image:type\" content=\"image\/webp\" \/>\n<meta name=\"twitter:card\" content=\"summary_large_image\" \/>\n<script type=\"application\/ld+json\" class=\"yoast-schema-graph\">{\"@context\":\"https:\/\/schema.org\",\"@graph\":[{\"@type\":\"WebPage\",\"@id\":\"https:\/\/www.oknobuild.com\/index.php\/produkt\/bezpecna-platba-regulus-koleno-45deg-s-inspekcnim-otvorem-prumer-80-pp-17385-12983\/\",\"url\":\"https:\/\/www.oknobuild.com\/index.php\/produkt\/bezpecna-platba-regulus-koleno-45deg-s-inspekcnim-otvorem-prumer-80-pp-17385-12983\/\",\"name\":\"Bezpe\u010dn\u00e1 Platba Regulus Koleno 45\u00b0 s inspek\u010dn\u00edm otvorem pr\u016fm\u011br 80 PP - 17385 -\",\"isPartOf\":{\"@id\":\"https:\/\/www.oknobuild.com\/#website\"},\"primaryImageOfPage\":{\"@id\":\"https:\/\/www.oknobuild.com\/index.php\/produkt\/bezpecna-platba-regulus-koleno-45deg-s-inspekcnim-otvorem-prumer-80-pp-17385-12983\/#primaryimage\"},\"image\":{\"@id\":\"https:\/\/www.oknobuild.com\/index.php\/produkt\/bezpecna-platba-regulus-koleno-45deg-s-inspekcnim-otvorem-prumer-80-pp-17385-12983\/#primaryimage\"},\"thumbnailUrl\":\"https:\/\/www.oknobuild.com\/wp-content\/uploads\/2026\/SK0019334-CZ20260425-092632-0-1777080397-regulus-koleno-45-s-inspekcnim-otvorem-prumer-80-pp-17385-9.webp\",\"datePublished\":\"2026-04-27T04:41:04+00:00\",\"breadcrumb\":{\"@id\":\"https:\/\/www.oknobuild.com\/index.php\/produkt\/bezpecna-platba-regulus-koleno-45deg-s-inspekcnim-otvorem-prumer-80-pp-17385-12983\/#breadcrumb\"},\"inLanguage\":\"cs\",\"potentialAction\":[{\"@type\":\"ReadAction\",\"target\":[\"https:\/\/www.oknobuild.com\/index.php\/produkt\/bezpecna-platba-regulus-koleno-45deg-s-inspekcnim-otvorem-prumer-80-pp-17385-12983\/\"]}]},{\"@type\":\"ImageObject\",\"inLanguage\":\"cs\",\"@id\":\"https:\/\/www.oknobuild.com\/index.php\/produkt\/bezpecna-platba-regulus-koleno-45deg-s-inspekcnim-otvorem-prumer-80-pp-17385-12983\/#primaryimage\",\"url\":\"https:\/\/www.oknobuild.com\/wp-content\/uploads\/2026\/SK0019334-CZ20260425-092632-0-1777080397-regulus-koleno-45-s-inspekcnim-otvorem-prumer-80-pp-17385-9.webp\",\"contentUrl\":\"https:\/\/www.oknobuild.com\/wp-content\/uploads\/2026\/SK0019334-CZ20260425-092632-0-1777080397-regulus-koleno-45-s-inspekcnim-otvorem-prumer-80-pp-17385-9.webp\",\"width\":600,\"height\":600},{\"@type\":\"BreadcrumbList\",\"@id\":\"https:\/\/www.oknobuild.com\/index.php\/produkt\/bezpecna-platba-regulus-koleno-45deg-s-inspekcnim-otvorem-prumer-80-pp-17385-12983\/#breadcrumb\",\"itemListElement\":[{\"@type\":\"ListItem\",\"position\":1,\"name\":\"Home\",\"item\":\"https:\/\/www.oknobuild.com\/\"},{\"@type\":\"ListItem\",\"position\":2,\"name\":\"Products\",\"item\":\"https:\/\/www.oknobuild.com\/index.php\/products\/\"},{\"@type\":\"ListItem\",\"position\":3,\"name\":\"Bezpe\u010dn\u00e1 Platba Regulus Koleno 45\u00b0 s inspek\u010dn\u00edm otvorem pr\u016fm\u011br 80 PP &#8211; 17385\"}]},{\"@type\":\"WebSite\",\"@id\":\"https:\/\/www.oknobuild.com\/#website\",\"url\":\"https:\/\/www.oknobuild.com\/\",\"name\":\"\",\"description\":\"\",\"potentialAction\":[{\"@type\":\"SearchAction\",\"target\":{\"@type\":\"EntryPoint\",\"urlTemplate\":\"https:\/\/www.oknobuild.com\/?s={search_term_string}\"},\"query-input\":{\"@type\":\"PropertyValueSpecification\",\"valueRequired\":true,\"valueName\":\"search_term_string\"}}],\"inLanguage\":\"cs\"}]}<\/script>\n<!-- \/ Yoast SEO plugin. -->","yoast_head_json":{"title":"Bezpe\u010dn\u00e1 Platba Regulus Koleno 45\u00b0 s inspek\u010dn\u00edm otvorem pr\u016fm\u011br 80 PP - 17385 -","robots":{"index":"index","follow":"follow","max-snippet":"max-snippet:-1","max-image-preview":"max-image-preview:large","max-video-preview":"max-video-preview:-1"},"canonical":"https:\/\/www.oknobuild.com\/index.php\/produkt\/bezpecna-platba-regulus-koleno-45deg-s-inspekcnim-otvorem-prumer-80-pp-17385-12983\/","og_locale":"cs_CZ","og_type":"article","og_title":"Bezpe\u010dn\u00e1 Platba Regulus Koleno 45\u00b0 s inspek\u010dn\u00edm otvorem pr\u016fm\u011br 80 PP - 17385 -","og_description":"Popis produktu Regulus Koleno 45\u00b0 s inspek\u010dn\u00edm otvorem pr\u016fm\u011br 80 PP &#8211; 17385","og_url":"https:\/\/www.oknobuild.com\/index.php\/produkt\/bezpecna-platba-regulus-koleno-45deg-s-inspekcnim-otvorem-prumer-80-pp-17385-12983\/","og_image":[{"width":600,"height":600,"url":"https:\/\/www.oknobuild.com\/wp-content\/uploads\/2026\/SK0019334-CZ20260425-092632-0-1777080397-regulus-koleno-45-s-inspekcnim-otvorem-prumer-80-pp-17385-9.webp","type":"image\/webp"}],"twitter_card":"summary_large_image","schema":{"@context":"https:\/\/schema.org","@graph":[{"@type":"WebPage","@id":"https:\/\/www.oknobuild.com\/index.php\/produkt\/bezpecna-platba-regulus-koleno-45deg-s-inspekcnim-otvorem-prumer-80-pp-17385-12983\/","url":"https:\/\/www.oknobuild.com\/index.php\/produkt\/bezpecna-platba-regulus-koleno-45deg-s-inspekcnim-otvorem-prumer-80-pp-17385-12983\/","name":"Bezpe\u010dn\u00e1 Platba Regulus Koleno 45\u00b0 s inspek\u010dn\u00edm otvorem pr\u016fm\u011br 80 PP - 17385 -","isPartOf":{"@id":"https:\/\/www.oknobuild.com\/#website"},"primaryImageOfPage":{"@id":"https:\/\/www.oknobuild.com\/index.php\/produkt\/bezpecna-platba-regulus-koleno-45deg-s-inspekcnim-otvorem-prumer-80-pp-17385-12983\/#primaryimage"},"image":{"@id":"https:\/\/www.oknobuild.com\/index.php\/produkt\/bezpecna-platba-regulus-koleno-45deg-s-inspekcnim-otvorem-prumer-80-pp-17385-12983\/#primaryimage"},"thumbnailUrl":"https:\/\/www.oknobuild.com\/wp-content\/uploads\/2026\/SK0019334-CZ20260425-092632-0-1777080397-regulus-koleno-45-s-inspekcnim-otvorem-prumer-80-pp-17385-9.webp","datePublished":"2026-04-27T04:41:04+00:00","breadcrumb":{"@id":"https:\/\/www.oknobuild.com\/index.php\/produkt\/bezpecna-platba-regulus-koleno-45deg-s-inspekcnim-otvorem-prumer-80-pp-17385-12983\/#breadcrumb"},"inLanguage":"cs","potentialAction":[{"@type":"ReadAction","target":["https:\/\/www.oknobuild.com\/index.php\/produkt\/bezpecna-platba-regulus-koleno-45deg-s-inspekcnim-otvorem-prumer-80-pp-17385-12983\/"]}]},{"@type":"ImageObject","inLanguage":"cs","@id":"https:\/\/www.oknobuild.com\/index.php\/produkt\/bezpecna-platba-regulus-koleno-45deg-s-inspekcnim-otvorem-prumer-80-pp-17385-12983\/#primaryimage","url":"https:\/\/www.oknobuild.com\/wp-content\/uploads\/2026\/SK0019334-CZ20260425-092632-0-1777080397-regulus-koleno-45-s-inspekcnim-otvorem-prumer-80-pp-17385-9.webp","contentUrl":"https:\/\/www.oknobuild.com\/wp-content\/uploads\/2026\/SK0019334-CZ20260425-092632-0-1777080397-regulus-koleno-45-s-inspekcnim-otvorem-prumer-80-pp-17385-9.webp","width":600,"height":600},{"@type":"BreadcrumbList","@id":"https:\/\/www.oknobuild.com\/index.php\/produkt\/bezpecna-platba-regulus-koleno-45deg-s-inspekcnim-otvorem-prumer-80-pp-17385-12983\/#breadcrumb","itemListElement":[{"@type":"ListItem","position":1,"name":"Home","item":"https:\/\/www.oknobuild.com\/"},{"@type":"ListItem","position":2,"name":"Products","item":"https:\/\/www.oknobuild.com\/index.php\/products\/"},{"@type":"ListItem","position":3,"name":"Bezpe\u010dn\u00e1 Platba Regulus Koleno 45\u00b0 s inspek\u010dn\u00edm otvorem pr\u016fm\u011br 80 PP &#8211; 17385"}]},{"@type":"WebSite","@id":"https:\/\/www.oknobuild.com\/#website","url":"https:\/\/www.oknobuild.com\/","name":"","description":"","potentialAction":[{"@type":"SearchAction","target":{"@type":"EntryPoint","urlTemplate":"https:\/\/www.oknobuild.com\/?s={search_term_string}"},"query-input":{"@type":"PropertyValueSpecification","valueRequired":true,"valueName":"search_term_string"}}],"inLanguage":"cs"}]}},"_links":{"self":[{"href":"https:\/\/www.oknobuild.com\/index.php\/wp-json\/wp\/v2\/product\/12983","targetHints":{"allow":["GET"]}}],"collection":[{"href":"https:\/\/www.oknobuild.com\/index.php\/wp-json\/wp\/v2\/product"}],"about":[{"href":"https:\/\/www.oknobuild.com\/index.php\/wp-json\/wp\/v2\/types\/product"}],"replies":[{"embeddable":true,"href":"https:\/\/www.oknobuild.com\/index.php\/wp-json\/wp\/v2\/comments?post=12983"}],"wp:featuredmedia":[{"embeddable":true,"href":"https:\/\/www.oknobuild.com\/index.php\/wp-json\/wp\/v2\/media\/13083"}],"wp:attachment":[{"href":"https:\/\/www.oknobuild.com\/index.php\/wp-json\/wp\/v2\/media?parent=12983"}],"wp:term":[{"taxonomy":"product_brand","embeddable":true,"href":"https:\/\/www.oknobuild.com\/index.php\/wp-json\/wp\/v2\/product_brand?post=12983"},{"taxonomy":"product_cat","embeddable":true,"href":"https:\/\/www.oknobuild.com\/index.php\/wp-json\/wp\/v2\/product_cat?post=12983"},{"taxonomy":"product_tag","embeddable":true,"href":"https:\/\/www.oknobuild.com\/index.php\/wp-json\/wp\/v2\/product_tag?post=12983"}],"curies":[{"name":"wp","href":"https:\/\/api.w.org\/{rel}","templated":true}]}}