{"id":12986,"date":"2026-04-27T04:41:04","date_gmt":"2026-04-27T04:41:04","guid":{"rendered":""},"modified":"2026-04-27T04:41:04","modified_gmt":"2026-04-27T04:41:04","slug":"jen-po-omezenou-doba-giacomini-ge555-k2-vstupni-sada-pro-patrove-rozdelovace-ge555-12986","status":"publish","type":"product","link":"https:\/\/www.oknobuild.com\/index.php\/produkt\/jen-po-omezenou-doba-giacomini-ge555-k2-vstupni-sada-pro-patrove-rozdelovace-ge555-12986\/","title":{"rendered":"Jen Po Omezenou Doba Giacomini GE555-K2 Vstupn\u00ed sada pro patrov\u00e9 rozd\u011blova\u010de GE555"},"content":{"rendered":"<div class=\"ProductDetail-content NoFixImageContainer\" id=\"productDescription\">\n<div class=\"Heading\">\n<h2 class=\"Heading-title\">Popis produktu <span class=''>Giacomini GE555-K2 Vstupn\u00ed sada pro patrov\u00e9 rozd\u011blova\u010de GE555<\/span><\/h2>\n<\/p><\/div>\n<div class=\"ProductDetailContent\">\n<p><span style=\"font-size:16px\">Vstupn\u00ed sada pro patrov\u00e9 rozd\u011blova\u010de GE555, vyva\u017eovac\u00ed ventil, kulov\u00fd kohout a filtr.<\/span><\/p>\n<p><span style=\"font-size:16px\"><strong>DN32<\/strong><\/span><\/p>\n<ul>\n<li><span style=\"font-size:16px\">3\/4&#8243;&nbsp;&nbsp;&nbsp;&nbsp; R701FY024 + R206BY004 + R259Y005<\/span><\/li>\n<li><span style=\"font-size:16px\">1&#8243;&nbsp;&nbsp;&nbsp;&nbsp;&nbsp;&nbsp;&nbsp;&nbsp; R701FY025 + R259Y007 + R206BY005 + R18Y005<\/span><\/li>\n<li><span style=\"font-size:16px\">1&#8243;1\/4&nbsp;&nbsp; R74AY106 + R259Y009 + R206BY006 + R18Y006<\/span><\/li>\n<\/ul>\n<p><span style=\"font-size:16px\"><strong>DN40<\/strong><\/span><\/p>\n<ul>\n<li><span style=\"font-size:16px\">1&#8243;1\/4&nbsp;&nbsp;&nbsp;&nbsp; Kulov\u00fd kohout + filtr + vyva\u017eovac\u00ed ventil<\/span><\/li>\n<li><span style=\"font-size:16px\">1&#8243;1\/2 &nbsp;&nbsp;&nbsp; Kulov\u00fd kohout + filtr + vyva\u017eovac\u00ed ventil<\/span><\/li>\n<\/ul>\n<p>&nbsp;<\/p>\n<div class=\"simple-translate-system-theme\" id=\"simple-translate\">\n<div>\n<div class=\"isShow simple-translate-button\" style=\"background-image:url(&quot;moz-extension:\/\/cf828ca7-3346-4d24-9228-d57f1b897cf8\/icons\/512.png&quot;); height:22px; left:-26px; top:68px; width:22px\">&nbsp;<\/div>\n<div class=\"simple-translate-panel\" style=\"font-size:13px; height:200px; left:0px; top:0px; width:300px\">\n<div class=\"simple-translate-result-wrapper\" style=\"overflow:hidden\">\n<div class=\"simple-translate-move\">&nbsp;<\/div>\n<div class=\"simple-translate-result-contents\">\n<p dir=\"auto\">&nbsp;<\/p>\n<p dir=\"auto\">&nbsp;<\/p>\n<\/div>\n<\/div>\n<\/div>\n<\/div>\n<\/div><\/div>\n<div class=\"ProductDetailContent\">                                                                    <\/div>\n<\/p><\/div>\n<\/p><\/div>\n<\/p><\/div>\n","protected":false},"excerpt":{"rendered":"<p>Popis produktu Giacomini GE555-K2 Vstupn\u00ed sada pro patrov\u00e9 rozd\u011blova\u010de GE555 Vstupn\u00ed sada pro patrov\u00e9 rozd\u011blova\u010de GE555, vyva\u017eovac\u00ed ventil, kulov\u00fd kohout a filtr. DN32 3\/4&#8243;&nbsp;&nbsp;&nbsp;&nbsp; R701FY024 + R206BY004 + R259Y005 1&#8243;&nbsp;&nbsp;&nbsp;&nbsp;&nbsp;&nbsp;&nbsp;&nbsp; R701FY025 + R259Y007 + R206BY005 + R18Y005 1&#8243;1\/4&nbsp;&nbsp; R74AY106 + R259Y009 + R206BY006 + R18Y006 DN40 1&#8243;1\/4&nbsp;&nbsp;&nbsp;&nbsp; Kulov\u00fd kohout + filtr + vyva\u017eovac\u00ed ventil 1&#8243;1\/2 [&hellip;]<\/p>\n","protected":false},"featured_media":13086,"comment_status":"open","ping_status":"open","template":"","meta":[],"product_brand":[],"product_cat":[67],"product_tag":[],"class_list":{"0":"post-12986","1":"product","2":"type-product","3":"status-publish","4":"has-post-thumbnail","6":"product_cat-topeni","8":"first","9":"instock","10":"sale","11":"shipping-taxable","12":"purchasable","13":"product-type-simple"},"yoast_head":"<!-- This site is optimized with the Yoast SEO plugin v26.8 - https:\/\/yoast.com\/product\/yoast-seo-wordpress\/ -->\n<title>Jen Po Omezenou Doba Giacomini GE555-K2 Vstupn\u00ed sada pro patrov\u00e9 rozd\u011blova\u010de GE555 -<\/title>\n<meta name=\"robots\" content=\"index, follow, max-snippet:-1, max-image-preview:large, max-video-preview:-1\" \/>\n<link rel=\"canonical\" href=\"https:\/\/www.oknobuild.com\/index.php\/produkt\/jen-po-omezenou-doba-giacomini-ge555-k2-vstupni-sada-pro-patrove-rozdelovace-ge555-12986\/\" \/>\n<meta property=\"og:locale\" content=\"cs_CZ\" \/>\n<meta property=\"og:type\" content=\"article\" \/>\n<meta property=\"og:title\" content=\"Jen Po Omezenou Doba Giacomini GE555-K2 Vstupn\u00ed sada pro patrov\u00e9 rozd\u011blova\u010de GE555 -\" \/>\n<meta property=\"og:description\" content=\"Popis produktu Giacomini GE555-K2 Vstupn\u00ed sada pro patrov\u00e9 rozd\u011blova\u010de GE555 Vstupn\u00ed sada pro patrov\u00e9 rozd\u011blova\u010de GE555, vyva\u017eovac\u00ed ventil, kulov\u00fd kohout a filtr. DN32 3\/4&#8243;&nbsp;&nbsp;&nbsp;&nbsp; R701FY024 + R206BY004 + R259Y005 1&#8243;&nbsp;&nbsp;&nbsp;&nbsp;&nbsp;&nbsp;&nbsp;&nbsp; R701FY025 + R259Y007 + R206BY005 + R18Y005 1&#8243;1\/4&nbsp;&nbsp; R74AY106 + R259Y009 + R206BY006 + R18Y006 DN40 1&#8243;1\/4&nbsp;&nbsp;&nbsp;&nbsp; Kulov\u00fd kohout + filtr + vyva\u017eovac\u00ed ventil 1&#8243;1\/2 [&hellip;]\" \/>\n<meta property=\"og:url\" content=\"https:\/\/www.oknobuild.com\/index.php\/produkt\/jen-po-omezenou-doba-giacomini-ge555-k2-vstupni-sada-pro-patrove-rozdelovace-ge555-12986\/\" \/>\n<meta property=\"og:image\" content=\"https:\/\/www.oknobuild.com\/wp-content\/uploads\/2026\/SK0019337-CZ20260425-092632-0-1777080397-giacomini-ge555-k2-vstupni-sada-pro-patrove-rozdelovace-ge5.webp\" \/>\n\t<meta property=\"og:image:width\" content=\"600\" \/>\n\t<meta property=\"og:image:height\" content=\"400\" \/>\n\t<meta property=\"og:image:type\" content=\"image\/webp\" \/>\n<meta name=\"twitter:card\" content=\"summary_large_image\" \/>\n<script type=\"application\/ld+json\" class=\"yoast-schema-graph\">{\"@context\":\"https:\/\/schema.org\",\"@graph\":[{\"@type\":\"WebPage\",\"@id\":\"https:\/\/www.oknobuild.com\/index.php\/produkt\/jen-po-omezenou-doba-giacomini-ge555-k2-vstupni-sada-pro-patrove-rozdelovace-ge555-12986\/\",\"url\":\"https:\/\/www.oknobuild.com\/index.php\/produkt\/jen-po-omezenou-doba-giacomini-ge555-k2-vstupni-sada-pro-patrove-rozdelovace-ge555-12986\/\",\"name\":\"Jen Po Omezenou Doba Giacomini GE555-K2 Vstupn\u00ed sada pro patrov\u00e9 rozd\u011blova\u010de GE555 -\",\"isPartOf\":{\"@id\":\"https:\/\/www.oknobuild.com\/#website\"},\"primaryImageOfPage\":{\"@id\":\"https:\/\/www.oknobuild.com\/index.php\/produkt\/jen-po-omezenou-doba-giacomini-ge555-k2-vstupni-sada-pro-patrove-rozdelovace-ge555-12986\/#primaryimage\"},\"image\":{\"@id\":\"https:\/\/www.oknobuild.com\/index.php\/produkt\/jen-po-omezenou-doba-giacomini-ge555-k2-vstupni-sada-pro-patrove-rozdelovace-ge555-12986\/#primaryimage\"},\"thumbnailUrl\":\"https:\/\/www.oknobuild.com\/wp-content\/uploads\/2026\/SK0019337-CZ20260425-092632-0-1777080397-giacomini-ge555-k2-vstupni-sada-pro-patrove-rozdelovace-ge5.webp\",\"datePublished\":\"2026-04-27T04:41:04+00:00\",\"breadcrumb\":{\"@id\":\"https:\/\/www.oknobuild.com\/index.php\/produkt\/jen-po-omezenou-doba-giacomini-ge555-k2-vstupni-sada-pro-patrove-rozdelovace-ge555-12986\/#breadcrumb\"},\"inLanguage\":\"cs\",\"potentialAction\":[{\"@type\":\"ReadAction\",\"target\":[\"https:\/\/www.oknobuild.com\/index.php\/produkt\/jen-po-omezenou-doba-giacomini-ge555-k2-vstupni-sada-pro-patrove-rozdelovace-ge555-12986\/\"]}]},{\"@type\":\"ImageObject\",\"inLanguage\":\"cs\",\"@id\":\"https:\/\/www.oknobuild.com\/index.php\/produkt\/jen-po-omezenou-doba-giacomini-ge555-k2-vstupni-sada-pro-patrove-rozdelovace-ge555-12986\/#primaryimage\",\"url\":\"https:\/\/www.oknobuild.com\/wp-content\/uploads\/2026\/SK0019337-CZ20260425-092632-0-1777080397-giacomini-ge555-k2-vstupni-sada-pro-patrove-rozdelovace-ge5.webp\",\"contentUrl\":\"https:\/\/www.oknobuild.com\/wp-content\/uploads\/2026\/SK0019337-CZ20260425-092632-0-1777080397-giacomini-ge555-k2-vstupni-sada-pro-patrove-rozdelovace-ge5.webp\",\"width\":600,\"height\":400},{\"@type\":\"BreadcrumbList\",\"@id\":\"https:\/\/www.oknobuild.com\/index.php\/produkt\/jen-po-omezenou-doba-giacomini-ge555-k2-vstupni-sada-pro-patrove-rozdelovace-ge555-12986\/#breadcrumb\",\"itemListElement\":[{\"@type\":\"ListItem\",\"position\":1,\"name\":\"Home\",\"item\":\"https:\/\/www.oknobuild.com\/\"},{\"@type\":\"ListItem\",\"position\":2,\"name\":\"Products\",\"item\":\"https:\/\/www.oknobuild.com\/index.php\/products\/\"},{\"@type\":\"ListItem\",\"position\":3,\"name\":\"Jen Po Omezenou Doba Giacomini GE555-K2 Vstupn\u00ed sada pro patrov\u00e9 rozd\u011blova\u010de GE555\"}]},{\"@type\":\"WebSite\",\"@id\":\"https:\/\/www.oknobuild.com\/#website\",\"url\":\"https:\/\/www.oknobuild.com\/\",\"name\":\"\",\"description\":\"\",\"potentialAction\":[{\"@type\":\"SearchAction\",\"target\":{\"@type\":\"EntryPoint\",\"urlTemplate\":\"https:\/\/www.oknobuild.com\/?s={search_term_string}\"},\"query-input\":{\"@type\":\"PropertyValueSpecification\",\"valueRequired\":true,\"valueName\":\"search_term_string\"}}],\"inLanguage\":\"cs\"}]}<\/script>\n<!-- \/ Yoast SEO plugin. -->","yoast_head_json":{"title":"Jen Po Omezenou Doba Giacomini GE555-K2 Vstupn\u00ed sada pro patrov\u00e9 rozd\u011blova\u010de GE555 -","robots":{"index":"index","follow":"follow","max-snippet":"max-snippet:-1","max-image-preview":"max-image-preview:large","max-video-preview":"max-video-preview:-1"},"canonical":"https:\/\/www.oknobuild.com\/index.php\/produkt\/jen-po-omezenou-doba-giacomini-ge555-k2-vstupni-sada-pro-patrove-rozdelovace-ge555-12986\/","og_locale":"cs_CZ","og_type":"article","og_title":"Jen Po Omezenou Doba Giacomini GE555-K2 Vstupn\u00ed sada pro patrov\u00e9 rozd\u011blova\u010de GE555 -","og_description":"Popis produktu Giacomini GE555-K2 Vstupn\u00ed sada pro patrov\u00e9 rozd\u011blova\u010de GE555 Vstupn\u00ed sada pro patrov\u00e9 rozd\u011blova\u010de GE555, vyva\u017eovac\u00ed ventil, kulov\u00fd kohout a filtr. DN32 3\/4&#8243;&nbsp;&nbsp;&nbsp;&nbsp; R701FY024 + R206BY004 + R259Y005 1&#8243;&nbsp;&nbsp;&nbsp;&nbsp;&nbsp;&nbsp;&nbsp;&nbsp; R701FY025 + R259Y007 + R206BY005 + R18Y005 1&#8243;1\/4&nbsp;&nbsp; R74AY106 + R259Y009 + R206BY006 + R18Y006 DN40 1&#8243;1\/4&nbsp;&nbsp;&nbsp;&nbsp; Kulov\u00fd kohout + filtr + vyva\u017eovac\u00ed ventil 1&#8243;1\/2 [&hellip;]","og_url":"https:\/\/www.oknobuild.com\/index.php\/produkt\/jen-po-omezenou-doba-giacomini-ge555-k2-vstupni-sada-pro-patrove-rozdelovace-ge555-12986\/","og_image":[{"width":600,"height":400,"url":"https:\/\/www.oknobuild.com\/wp-content\/uploads\/2026\/SK0019337-CZ20260425-092632-0-1777080397-giacomini-ge555-k2-vstupni-sada-pro-patrove-rozdelovace-ge5.webp","type":"image\/webp"}],"twitter_card":"summary_large_image","schema":{"@context":"https:\/\/schema.org","@graph":[{"@type":"WebPage","@id":"https:\/\/www.oknobuild.com\/index.php\/produkt\/jen-po-omezenou-doba-giacomini-ge555-k2-vstupni-sada-pro-patrove-rozdelovace-ge555-12986\/","url":"https:\/\/www.oknobuild.com\/index.php\/produkt\/jen-po-omezenou-doba-giacomini-ge555-k2-vstupni-sada-pro-patrove-rozdelovace-ge555-12986\/","name":"Jen Po Omezenou Doba Giacomini GE555-K2 Vstupn\u00ed sada pro patrov\u00e9 rozd\u011blova\u010de GE555 -","isPartOf":{"@id":"https:\/\/www.oknobuild.com\/#website"},"primaryImageOfPage":{"@id":"https:\/\/www.oknobuild.com\/index.php\/produkt\/jen-po-omezenou-doba-giacomini-ge555-k2-vstupni-sada-pro-patrove-rozdelovace-ge555-12986\/#primaryimage"},"image":{"@id":"https:\/\/www.oknobuild.com\/index.php\/produkt\/jen-po-omezenou-doba-giacomini-ge555-k2-vstupni-sada-pro-patrove-rozdelovace-ge555-12986\/#primaryimage"},"thumbnailUrl":"https:\/\/www.oknobuild.com\/wp-content\/uploads\/2026\/SK0019337-CZ20260425-092632-0-1777080397-giacomini-ge555-k2-vstupni-sada-pro-patrove-rozdelovace-ge5.webp","datePublished":"2026-04-27T04:41:04+00:00","breadcrumb":{"@id":"https:\/\/www.oknobuild.com\/index.php\/produkt\/jen-po-omezenou-doba-giacomini-ge555-k2-vstupni-sada-pro-patrove-rozdelovace-ge555-12986\/#breadcrumb"},"inLanguage":"cs","potentialAction":[{"@type":"ReadAction","target":["https:\/\/www.oknobuild.com\/index.php\/produkt\/jen-po-omezenou-doba-giacomini-ge555-k2-vstupni-sada-pro-patrove-rozdelovace-ge555-12986\/"]}]},{"@type":"ImageObject","inLanguage":"cs","@id":"https:\/\/www.oknobuild.com\/index.php\/produkt\/jen-po-omezenou-doba-giacomini-ge555-k2-vstupni-sada-pro-patrove-rozdelovace-ge555-12986\/#primaryimage","url":"https:\/\/www.oknobuild.com\/wp-content\/uploads\/2026\/SK0019337-CZ20260425-092632-0-1777080397-giacomini-ge555-k2-vstupni-sada-pro-patrove-rozdelovace-ge5.webp","contentUrl":"https:\/\/www.oknobuild.com\/wp-content\/uploads\/2026\/SK0019337-CZ20260425-092632-0-1777080397-giacomini-ge555-k2-vstupni-sada-pro-patrove-rozdelovace-ge5.webp","width":600,"height":400},{"@type":"BreadcrumbList","@id":"https:\/\/www.oknobuild.com\/index.php\/produkt\/jen-po-omezenou-doba-giacomini-ge555-k2-vstupni-sada-pro-patrove-rozdelovace-ge555-12986\/#breadcrumb","itemListElement":[{"@type":"ListItem","position":1,"name":"Home","item":"https:\/\/www.oknobuild.com\/"},{"@type":"ListItem","position":2,"name":"Products","item":"https:\/\/www.oknobuild.com\/index.php\/products\/"},{"@type":"ListItem","position":3,"name":"Jen Po Omezenou Doba Giacomini GE555-K2 Vstupn\u00ed sada pro patrov\u00e9 rozd\u011blova\u010de GE555"}]},{"@type":"WebSite","@id":"https:\/\/www.oknobuild.com\/#website","url":"https:\/\/www.oknobuild.com\/","name":"","description":"","potentialAction":[{"@type":"SearchAction","target":{"@type":"EntryPoint","urlTemplate":"https:\/\/www.oknobuild.com\/?s={search_term_string}"},"query-input":{"@type":"PropertyValueSpecification","valueRequired":true,"valueName":"search_term_string"}}],"inLanguage":"cs"}]}},"_links":{"self":[{"href":"https:\/\/www.oknobuild.com\/index.php\/wp-json\/wp\/v2\/product\/12986","targetHints":{"allow":["GET"]}}],"collection":[{"href":"https:\/\/www.oknobuild.com\/index.php\/wp-json\/wp\/v2\/product"}],"about":[{"href":"https:\/\/www.oknobuild.com\/index.php\/wp-json\/wp\/v2\/types\/product"}],"replies":[{"embeddable":true,"href":"https:\/\/www.oknobuild.com\/index.php\/wp-json\/wp\/v2\/comments?post=12986"}],"wp:featuredmedia":[{"embeddable":true,"href":"https:\/\/www.oknobuild.com\/index.php\/wp-json\/wp\/v2\/media\/13086"}],"wp:attachment":[{"href":"https:\/\/www.oknobuild.com\/index.php\/wp-json\/wp\/v2\/media?parent=12986"}],"wp:term":[{"taxonomy":"product_brand","embeddable":true,"href":"https:\/\/www.oknobuild.com\/index.php\/wp-json\/wp\/v2\/product_brand?post=12986"},{"taxonomy":"product_cat","embeddable":true,"href":"https:\/\/www.oknobuild.com\/index.php\/wp-json\/wp\/v2\/product_cat?post=12986"},{"taxonomy":"product_tag","embeddable":true,"href":"https:\/\/www.oknobuild.com\/index.php\/wp-json\/wp\/v2\/product_tag?post=12986"}],"curies":[{"name":"wp","href":"https:\/\/api.w.org\/{rel}","templated":true}]}}