{"id":13096,"date":"2026-04-27T04:41:05","date_gmt":"2026-04-27T04:41:05","guid":{"rendered":""},"modified":"2026-04-27T04:41:05","modified_gmt":"2026-04-27T04:41:05","slug":"regulus-ventil-kulovy-tricestny-s-pohonem-vzk-r-320-s-vrtanim-do-t-230v-dn20-expresni-doruceni-13096","status":"publish","type":"product","link":"https:\/\/www.oknobuild.com\/index.php\/produkt\/regulus-ventil-kulovy-tricestny-s-pohonem-vzk-r-320-s-vrtanim-do-t-230v-dn20-expresni-doruceni-13096\/","title":{"rendered":"Regulus Ventil kulov\u00fd t\u0159\u00edcestn\u00fd s pohonem VZK R 320 s vrt\u00e1n\u00edm do T, 230V, DN20 Expresn\u00ed Doru\u010den\u00ed"},"content":{"rendered":"<div class=\"ProductDetail-content NoFixImageContainer\" id=\"productDescription\">\n<div class=\"Heading\">\n<h2 class=\"Heading-title\">Popis produktu <span class=''>Regulus Ventil kulov\u00fd t\u0159\u00edcestn\u00fd s pohonem VZK R 320 s vrt\u00e1n\u00edm do T, 230V, DN20<\/span><\/h2>\n<\/p><\/div>\n<div class=\"ProductDetailContent\">\n<p>Z\u00f3nov\u00fd ventil kulov\u00fd s&nbsp;vrt\u00e1n\u00edm koule do T do otopn\u00fdch nebo sol\u00e1rn\u00edch syst\u00e9m\u016f s&nbsp;vodou nebo s&nbsp;nemrznouc\u00ed sm\u011bs\u00ed a&nbsp;do syst\u00e9m\u016f s&nbsp;pitnou vodou. Ventil je vybaven pohonem s&nbsp;dvoubodov\u00fdm ovl\u00e1d\u00e1n\u00edm. Pohon lze sejmout bez nutnosti demont\u00e1\u017ee ventilu. Do ventilu mus\u00ed b\u00fdt p\u0159ivedena pracovn\u00ed nula, trval\u00e1 f\u00e1ze a&nbsp;ovl\u00e1dac\u00ed f\u00e1ze. Bez ovl\u00e1dac\u00ed f\u00e1ze je otev\u0159en v\u00fdstup B, po p\u0159iveden\u00ed ovl\u00e1dac\u00ed f\u00e1ze se otev\u0159e v\u00fdstup A. Doba otev\u00edr\u00e1n\u00ed je 60 s. DN 20, PN 10, 3\/4&#8243; F.<\/p>\n<h3>Technick\u00e9 parametry<\/h3>\n<ul>\n<li><strong>Max. pracovn\u00ed tlak:<\/strong> 10 bar<\/li>\n<li><strong>Max. pracovn\u00ed teplota kapaliny:<\/strong> 110 \u00b0C<\/li>\n<li><strong>\u00dahel p\u0159estaven\u00ed ventilu:<\/strong> 90\u00b0<\/li>\n<li><strong>Pracovn\u00ed teplota okol\u00ed:<\/strong> 5\u201340 \u00b0C<\/li>\n<li><strong>Max. rozd\u00edl tlak\u016f:<\/strong> 10 bar<\/li>\n<\/ul>\n<h3>Elektrick\u00e9 parametry<\/h3>\n<ul>\n<li><strong>Nap\u00e1jen\u00ed:<\/strong> 230 V \/ 50 Hz<\/li>\n<li><strong>Max. spot\u0159eba:<\/strong> 4 VA<\/li>\n<li><strong>Max. proud:<\/strong> 17 mA<\/li>\n<li><strong>To\u010div\u00fd moment:<\/strong> 5 Nm<\/li>\n<li><strong>Stupe\u0148 kryt\u00ed:<\/strong> IP42<\/li>\n<li><strong>T\u0159\u00edda ochrany:<\/strong> II<\/li>\n<li><strong>Pr\u016f\u0159ez nap\u00e1jec\u00edho kabelu:<\/strong> 3 \u00d7 0,5 mm\u00b2<\/li>\n<li><strong>D\u00e9lka nap\u00e1jec\u00edho kabelu:<\/strong> 2 m<\/li>\n<\/ul>\n<h3>Materi\u00e1ly<\/h3>\n<ul>\n<li><strong>T\u011blo ventilu:<\/strong> CW617N<\/li>\n<li><strong>V\u0159eteno ventilu:<\/strong> poniklovan\u00e1 mosaz<\/li>\n<li><strong>Koule ventilu:<\/strong> chromovan\u00e1 mosaz<\/li>\n<li><strong>O-krou\u017eky:<\/strong> EPDM, FPM<\/li>\n<li><strong>T\u011bsn\u011bn\u00ed:<\/strong> PTFE<\/li>\n<li><strong>P\u0159\u00edvodn\u00ed kabel:<\/strong> PVC<\/li>\n<\/ul><\/div>\n<div class=\"ProductDetailContent\">                                                                    <\/div>\n<\/p><\/div>\n<\/p><\/div>\n<\/p><\/div>\n","protected":false},"excerpt":{"rendered":"<p>Popis produktu Regulus Ventil kulov\u00fd t\u0159\u00edcestn\u00fd s pohonem VZK R 320 s vrt\u00e1n\u00edm do T, 230V, DN20 Z\u00f3nov\u00fd ventil kulov\u00fd s&nbsp;vrt\u00e1n\u00edm koule do T do otopn\u00fdch nebo sol\u00e1rn\u00edch syst\u00e9m\u016f s&nbsp;vodou nebo s&nbsp;nemrznouc\u00ed sm\u011bs\u00ed a&nbsp;do syst\u00e9m\u016f s&nbsp;pitnou vodou. Ventil je vybaven pohonem s&nbsp;dvoubodov\u00fdm ovl\u00e1d\u00e1n\u00edm. Pohon lze sejmout bez nutnosti demont\u00e1\u017ee ventilu. Do ventilu mus\u00ed b\u00fdt p\u0159ivedena [&hellip;]<\/p>\n","protected":false},"featured_media":13196,"comment_status":"open","ping_status":"open","template":"","meta":[],"product_brand":[],"product_cat":[67],"product_tag":[],"class_list":{"0":"post-13096","1":"product","2":"type-product","3":"status-publish","4":"has-post-thumbnail","6":"product_cat-topeni","8":"first","9":"instock","10":"sale","11":"shipping-taxable","12":"purchasable","13":"product-type-simple"},"yoast_head":"<!-- This site is optimized with the Yoast SEO plugin v26.8 - https:\/\/yoast.com\/product\/yoast-seo-wordpress\/ -->\n<title>Regulus Ventil kulov\u00fd t\u0159\u00edcestn\u00fd s pohonem VZK R 320 s vrt\u00e1n\u00edm do T, 230V, DN20 Expresn\u00ed Doru\u010den\u00ed -<\/title>\n<meta name=\"robots\" content=\"index, follow, max-snippet:-1, max-image-preview:large, max-video-preview:-1\" \/>\n<link rel=\"canonical\" href=\"https:\/\/www.oknobuild.com\/index.php\/produkt\/regulus-ventil-kulovy-tricestny-s-pohonem-vzk-r-320-s-vrtanim-do-t-230v-dn20-expresni-doruceni-13096\/\" \/>\n<meta property=\"og:locale\" content=\"cs_CZ\" \/>\n<meta property=\"og:type\" content=\"article\" \/>\n<meta property=\"og:title\" content=\"Regulus Ventil kulov\u00fd t\u0159\u00edcestn\u00fd s pohonem VZK R 320 s vrt\u00e1n\u00edm do T, 230V, DN20 Expresn\u00ed Doru\u010den\u00ed -\" \/>\n<meta property=\"og:description\" content=\"Popis produktu Regulus Ventil kulov\u00fd t\u0159\u00edcestn\u00fd s pohonem VZK R 320 s vrt\u00e1n\u00edm do T, 230V, DN20 Z\u00f3nov\u00fd ventil kulov\u00fd s&nbsp;vrt\u00e1n\u00edm koule do T do otopn\u00fdch nebo sol\u00e1rn\u00edch syst\u00e9m\u016f s&nbsp;vodou nebo s&nbsp;nemrznouc\u00ed sm\u011bs\u00ed a&nbsp;do syst\u00e9m\u016f s&nbsp;pitnou vodou. Ventil je vybaven pohonem s&nbsp;dvoubodov\u00fdm ovl\u00e1d\u00e1n\u00edm. Pohon lze sejmout bez nutnosti demont\u00e1\u017ee ventilu. Do ventilu mus\u00ed b\u00fdt p\u0159ivedena [&hellip;]\" \/>\n<meta property=\"og:url\" content=\"https:\/\/www.oknobuild.com\/index.php\/produkt\/regulus-ventil-kulovy-tricestny-s-pohonem-vzk-r-320-s-vrtanim-do-t-230v-dn20-expresni-doruceni-13096\/\" \/>\n<meta property=\"og:image\" content=\"https:\/\/www.oknobuild.com\/wp-content\/uploads\/2026\/SK0019347-CZ20260425-092632-0-1777080397-regulus-ventil-kulovy-tricestny-s-pohonem-vzk-r-320-s-vrtan.webp\" \/>\n\t<meta property=\"og:image:width\" content=\"200\" \/>\n\t<meta property=\"og:image:height\" content=\"200\" \/>\n\t<meta property=\"og:image:type\" content=\"image\/webp\" \/>\n<meta name=\"twitter:card\" content=\"summary_large_image\" \/>\n<meta name=\"twitter:label1\" content=\"Odhadovan\u00e1 doba \u010dten\u00ed\" \/>\n\t<meta name=\"twitter:data1\" content=\"1 minuta\" \/>\n<script type=\"application\/ld+json\" class=\"yoast-schema-graph\">{\"@context\":\"https:\/\/schema.org\",\"@graph\":[{\"@type\":\"WebPage\",\"@id\":\"https:\/\/www.oknobuild.com\/index.php\/produkt\/regulus-ventil-kulovy-tricestny-s-pohonem-vzk-r-320-s-vrtanim-do-t-230v-dn20-expresni-doruceni-13096\/\",\"url\":\"https:\/\/www.oknobuild.com\/index.php\/produkt\/regulus-ventil-kulovy-tricestny-s-pohonem-vzk-r-320-s-vrtanim-do-t-230v-dn20-expresni-doruceni-13096\/\",\"name\":\"Regulus Ventil kulov\u00fd t\u0159\u00edcestn\u00fd s pohonem VZK R 320 s vrt\u00e1n\u00edm do T, 230V, DN20 Expresn\u00ed Doru\u010den\u00ed -\",\"isPartOf\":{\"@id\":\"https:\/\/www.oknobuild.com\/#website\"},\"primaryImageOfPage\":{\"@id\":\"https:\/\/www.oknobuild.com\/index.php\/produkt\/regulus-ventil-kulovy-tricestny-s-pohonem-vzk-r-320-s-vrtanim-do-t-230v-dn20-expresni-doruceni-13096\/#primaryimage\"},\"image\":{\"@id\":\"https:\/\/www.oknobuild.com\/index.php\/produkt\/regulus-ventil-kulovy-tricestny-s-pohonem-vzk-r-320-s-vrtanim-do-t-230v-dn20-expresni-doruceni-13096\/#primaryimage\"},\"thumbnailUrl\":\"https:\/\/www.oknobuild.com\/wp-content\/uploads\/2026\/SK0019347-CZ20260425-092632-0-1777080397-regulus-ventil-kulovy-tricestny-s-pohonem-vzk-r-320-s-vrtan.webp\",\"datePublished\":\"2026-04-27T04:41:05+00:00\",\"breadcrumb\":{\"@id\":\"https:\/\/www.oknobuild.com\/index.php\/produkt\/regulus-ventil-kulovy-tricestny-s-pohonem-vzk-r-320-s-vrtanim-do-t-230v-dn20-expresni-doruceni-13096\/#breadcrumb\"},\"inLanguage\":\"cs\",\"potentialAction\":[{\"@type\":\"ReadAction\",\"target\":[\"https:\/\/www.oknobuild.com\/index.php\/produkt\/regulus-ventil-kulovy-tricestny-s-pohonem-vzk-r-320-s-vrtanim-do-t-230v-dn20-expresni-doruceni-13096\/\"]}]},{\"@type\":\"ImageObject\",\"inLanguage\":\"cs\",\"@id\":\"https:\/\/www.oknobuild.com\/index.php\/produkt\/regulus-ventil-kulovy-tricestny-s-pohonem-vzk-r-320-s-vrtanim-do-t-230v-dn20-expresni-doruceni-13096\/#primaryimage\",\"url\":\"https:\/\/www.oknobuild.com\/wp-content\/uploads\/2026\/SK0019347-CZ20260425-092632-0-1777080397-regulus-ventil-kulovy-tricestny-s-pohonem-vzk-r-320-s-vrtan.webp\",\"contentUrl\":\"https:\/\/www.oknobuild.com\/wp-content\/uploads\/2026\/SK0019347-CZ20260425-092632-0-1777080397-regulus-ventil-kulovy-tricestny-s-pohonem-vzk-r-320-s-vrtan.webp\",\"width\":200,\"height\":200},{\"@type\":\"BreadcrumbList\",\"@id\":\"https:\/\/www.oknobuild.com\/index.php\/produkt\/regulus-ventil-kulovy-tricestny-s-pohonem-vzk-r-320-s-vrtanim-do-t-230v-dn20-expresni-doruceni-13096\/#breadcrumb\",\"itemListElement\":[{\"@type\":\"ListItem\",\"position\":1,\"name\":\"Home\",\"item\":\"https:\/\/www.oknobuild.com\/\"},{\"@type\":\"ListItem\",\"position\":2,\"name\":\"Products\",\"item\":\"https:\/\/www.oknobuild.com\/index.php\/products\/\"},{\"@type\":\"ListItem\",\"position\":3,\"name\":\"Regulus Ventil kulov\u00fd t\u0159\u00edcestn\u00fd s pohonem VZK R 320 s vrt\u00e1n\u00edm do T, 230V, DN20 Expresn\u00ed Doru\u010den\u00ed\"}]},{\"@type\":\"WebSite\",\"@id\":\"https:\/\/www.oknobuild.com\/#website\",\"url\":\"https:\/\/www.oknobuild.com\/\",\"name\":\"\",\"description\":\"\",\"potentialAction\":[{\"@type\":\"SearchAction\",\"target\":{\"@type\":\"EntryPoint\",\"urlTemplate\":\"https:\/\/www.oknobuild.com\/?s={search_term_string}\"},\"query-input\":{\"@type\":\"PropertyValueSpecification\",\"valueRequired\":true,\"valueName\":\"search_term_string\"}}],\"inLanguage\":\"cs\"}]}<\/script>\n<!-- \/ Yoast SEO plugin. -->","yoast_head_json":{"title":"Regulus Ventil kulov\u00fd t\u0159\u00edcestn\u00fd s pohonem VZK R 320 s vrt\u00e1n\u00edm do T, 230V, DN20 Expresn\u00ed Doru\u010den\u00ed -","robots":{"index":"index","follow":"follow","max-snippet":"max-snippet:-1","max-image-preview":"max-image-preview:large","max-video-preview":"max-video-preview:-1"},"canonical":"https:\/\/www.oknobuild.com\/index.php\/produkt\/regulus-ventil-kulovy-tricestny-s-pohonem-vzk-r-320-s-vrtanim-do-t-230v-dn20-expresni-doruceni-13096\/","og_locale":"cs_CZ","og_type":"article","og_title":"Regulus Ventil kulov\u00fd t\u0159\u00edcestn\u00fd s pohonem VZK R 320 s vrt\u00e1n\u00edm do T, 230V, DN20 Expresn\u00ed Doru\u010den\u00ed -","og_description":"Popis produktu Regulus Ventil kulov\u00fd t\u0159\u00edcestn\u00fd s pohonem VZK R 320 s vrt\u00e1n\u00edm do T, 230V, DN20 Z\u00f3nov\u00fd ventil kulov\u00fd s&nbsp;vrt\u00e1n\u00edm koule do T do otopn\u00fdch nebo sol\u00e1rn\u00edch syst\u00e9m\u016f s&nbsp;vodou nebo s&nbsp;nemrznouc\u00ed sm\u011bs\u00ed a&nbsp;do syst\u00e9m\u016f s&nbsp;pitnou vodou. Ventil je vybaven pohonem s&nbsp;dvoubodov\u00fdm ovl\u00e1d\u00e1n\u00edm. Pohon lze sejmout bez nutnosti demont\u00e1\u017ee ventilu. Do ventilu mus\u00ed b\u00fdt p\u0159ivedena [&hellip;]","og_url":"https:\/\/www.oknobuild.com\/index.php\/produkt\/regulus-ventil-kulovy-tricestny-s-pohonem-vzk-r-320-s-vrtanim-do-t-230v-dn20-expresni-doruceni-13096\/","og_image":[{"width":200,"height":200,"url":"https:\/\/www.oknobuild.com\/wp-content\/uploads\/2026\/SK0019347-CZ20260425-092632-0-1777080397-regulus-ventil-kulovy-tricestny-s-pohonem-vzk-r-320-s-vrtan.webp","type":"image\/webp"}],"twitter_card":"summary_large_image","twitter_misc":{"Odhadovan\u00e1 doba \u010dten\u00ed":"1 minuta"},"schema":{"@context":"https:\/\/schema.org","@graph":[{"@type":"WebPage","@id":"https:\/\/www.oknobuild.com\/index.php\/produkt\/regulus-ventil-kulovy-tricestny-s-pohonem-vzk-r-320-s-vrtanim-do-t-230v-dn20-expresni-doruceni-13096\/","url":"https:\/\/www.oknobuild.com\/index.php\/produkt\/regulus-ventil-kulovy-tricestny-s-pohonem-vzk-r-320-s-vrtanim-do-t-230v-dn20-expresni-doruceni-13096\/","name":"Regulus Ventil kulov\u00fd t\u0159\u00edcestn\u00fd s pohonem VZK R 320 s vrt\u00e1n\u00edm do T, 230V, DN20 Expresn\u00ed Doru\u010den\u00ed -","isPartOf":{"@id":"https:\/\/www.oknobuild.com\/#website"},"primaryImageOfPage":{"@id":"https:\/\/www.oknobuild.com\/index.php\/produkt\/regulus-ventil-kulovy-tricestny-s-pohonem-vzk-r-320-s-vrtanim-do-t-230v-dn20-expresni-doruceni-13096\/#primaryimage"},"image":{"@id":"https:\/\/www.oknobuild.com\/index.php\/produkt\/regulus-ventil-kulovy-tricestny-s-pohonem-vzk-r-320-s-vrtanim-do-t-230v-dn20-expresni-doruceni-13096\/#primaryimage"},"thumbnailUrl":"https:\/\/www.oknobuild.com\/wp-content\/uploads\/2026\/SK0019347-CZ20260425-092632-0-1777080397-regulus-ventil-kulovy-tricestny-s-pohonem-vzk-r-320-s-vrtan.webp","datePublished":"2026-04-27T04:41:05+00:00","breadcrumb":{"@id":"https:\/\/www.oknobuild.com\/index.php\/produkt\/regulus-ventil-kulovy-tricestny-s-pohonem-vzk-r-320-s-vrtanim-do-t-230v-dn20-expresni-doruceni-13096\/#breadcrumb"},"inLanguage":"cs","potentialAction":[{"@type":"ReadAction","target":["https:\/\/www.oknobuild.com\/index.php\/produkt\/regulus-ventil-kulovy-tricestny-s-pohonem-vzk-r-320-s-vrtanim-do-t-230v-dn20-expresni-doruceni-13096\/"]}]},{"@type":"ImageObject","inLanguage":"cs","@id":"https:\/\/www.oknobuild.com\/index.php\/produkt\/regulus-ventil-kulovy-tricestny-s-pohonem-vzk-r-320-s-vrtanim-do-t-230v-dn20-expresni-doruceni-13096\/#primaryimage","url":"https:\/\/www.oknobuild.com\/wp-content\/uploads\/2026\/SK0019347-CZ20260425-092632-0-1777080397-regulus-ventil-kulovy-tricestny-s-pohonem-vzk-r-320-s-vrtan.webp","contentUrl":"https:\/\/www.oknobuild.com\/wp-content\/uploads\/2026\/SK0019347-CZ20260425-092632-0-1777080397-regulus-ventil-kulovy-tricestny-s-pohonem-vzk-r-320-s-vrtan.webp","width":200,"height":200},{"@type":"BreadcrumbList","@id":"https:\/\/www.oknobuild.com\/index.php\/produkt\/regulus-ventil-kulovy-tricestny-s-pohonem-vzk-r-320-s-vrtanim-do-t-230v-dn20-expresni-doruceni-13096\/#breadcrumb","itemListElement":[{"@type":"ListItem","position":1,"name":"Home","item":"https:\/\/www.oknobuild.com\/"},{"@type":"ListItem","position":2,"name":"Products","item":"https:\/\/www.oknobuild.com\/index.php\/products\/"},{"@type":"ListItem","position":3,"name":"Regulus Ventil kulov\u00fd t\u0159\u00edcestn\u00fd s pohonem VZK R 320 s vrt\u00e1n\u00edm do T, 230V, DN20 Expresn\u00ed Doru\u010den\u00ed"}]},{"@type":"WebSite","@id":"https:\/\/www.oknobuild.com\/#website","url":"https:\/\/www.oknobuild.com\/","name":"","description":"","potentialAction":[{"@type":"SearchAction","target":{"@type":"EntryPoint","urlTemplate":"https:\/\/www.oknobuild.com\/?s={search_term_string}"},"query-input":{"@type":"PropertyValueSpecification","valueRequired":true,"valueName":"search_term_string"}}],"inLanguage":"cs"}]}},"_links":{"self":[{"href":"https:\/\/www.oknobuild.com\/index.php\/wp-json\/wp\/v2\/product\/13096","targetHints":{"allow":["GET"]}}],"collection":[{"href":"https:\/\/www.oknobuild.com\/index.php\/wp-json\/wp\/v2\/product"}],"about":[{"href":"https:\/\/www.oknobuild.com\/index.php\/wp-json\/wp\/v2\/types\/product"}],"replies":[{"embeddable":true,"href":"https:\/\/www.oknobuild.com\/index.php\/wp-json\/wp\/v2\/comments?post=13096"}],"wp:featuredmedia":[{"embeddable":true,"href":"https:\/\/www.oknobuild.com\/index.php\/wp-json\/wp\/v2\/media\/13196"}],"wp:attachment":[{"href":"https:\/\/www.oknobuild.com\/index.php\/wp-json\/wp\/v2\/media?parent=13096"}],"wp:term":[{"taxonomy":"product_brand","embeddable":true,"href":"https:\/\/www.oknobuild.com\/index.php\/wp-json\/wp\/v2\/product_brand?post=13096"},{"taxonomy":"product_cat","embeddable":true,"href":"https:\/\/www.oknobuild.com\/index.php\/wp-json\/wp\/v2\/product_cat?post=13096"},{"taxonomy":"product_tag","embeddable":true,"href":"https:\/\/www.oknobuild.com\/index.php\/wp-json\/wp\/v2\/product_tag?post=13096"}],"curies":[{"name":"wp","href":"https:\/\/api.w.org\/{rel}","templated":true}]}}