{"id":1312,"date":"2026-04-27T04:40:44","date_gmt":"2026-04-27T04:40:44","guid":{"rendered":""},"modified":"2026-04-27T04:40:44","modified_gmt":"2026-04-27T04:40:44","slug":"ceska-manufaktura-cipera-duo-modrin-zelena-vikendova-akce-1312","status":"publish","type":"product","link":"https:\/\/www.oknobuild.com\/index.php\/produkt\/ceska-manufaktura-cipera-duo-modrin-zelena-vikendova-akce-1312\/","title":{"rendered":"\u010cesk\u00e1 Manufaktura \u010cipera Duo mod\u0159\u00edn zelen\u00e1 V\u00edkendov\u00e1 Akce"},"content":{"rendered":"<div class=\"detail-description__right\">\n<div class=\"parameters\">\n<div class=\"table table--simple\">\n<table>\n<tbody>\n<tr>\n<td colspan=\"2\">\n<h4>Konstrukce<\/h4>\n<\/td>\n<\/tr>\n<tr>\n<td>Materi\u00e1l<\/td>\n<td>mod\u0159\u00edn, smrk \/ borovice<\/td>\n<\/tr>\n<tr>\n<td>Povrchov\u00e1 \u00faprava<\/td>\n<td>tlakov\u00e1 impregnace<\/td>\n<\/tr>\n<tr>\n<td>Rozm\u011br podesty<\/td>\n<td>100 \u00d7 100\u00a0cm<\/td>\n<\/tr>\n<tr>\n<td>V\u00fd\u0161ka podesty<\/td>\n<td>125 cm<\/td>\n<\/tr>\n<tr>\n<td>V\u00fd\u0161ka h\u0159i\u0161t\u011b<\/td>\n<td>200\u00a0\u2013 230\u00a0cm<\/td>\n<\/tr>\n<tr>\n<td colspan=\"2\">\n<h4>Hern\u00ed prvky<\/h4>\n<\/td>\n<\/tr>\n<tr>\n<td>Skluzavka<\/td>\n<td>Ano<\/td>\n<\/tr>\n<tr>\n<td>D\u00e9lka skluzavky<\/td>\n<td>220 cm<\/td>\n<\/tr>\n<tr>\n<td>\u0160plhac\u00ed lano<\/td>\n<td>ano<\/td>\n<\/tr>\n<tr>\n<td>Houpa\u010dka<\/td>\n<td>ano 2\u00d7<\/td>\n<\/tr>\n<tr>\n<td colspan=\"2\">\n<h4>Instalace<\/h4>\n<\/td>\n<\/tr>\n<tr>\n<td>Stav dod\u00e1n\u00ed<\/td>\n<td>100% p\u0159edmontovan\u00e9<\/td>\n<\/tr>\n<tr>\n<td>Podklad<\/td>\n<td>tr\u00e1va, p\u00edsek, ka\u010d\u00edrek, mul\u010d<\/td>\n<\/tr>\n<tr>\n<td>Stavebn\u00ed p\u0159\u00edprava<\/td>\n<td>standardn\u00ed ukotven\u00ed bez betonov\u00e1n\u00ed<\/td>\n<\/tr>\n<tr>\n<td>Prostor pro um\u00edst\u011bn\u00ed<\/td>\n<td>cca 6\u00a0\u00d7 7\u00a0m<\/td>\n<\/tr>\n<tr>\n<td>P\u0159edvrtan\u00e9 otvory<\/td>\n<td>ano<\/td>\n<\/tr>\n<tr>\n<td>Zalisovan\u00e9 matice<\/td>\n<td>ano<\/td>\n<\/tr>\n<tr>\n<td colspan=\"2\">\n<h4>Parametry<\/h4>\n<\/td>\n<\/tr>\n<tr>\n<td>P\u016fvod<\/td>\n<td>Vyrobeno v\u00a0\u010cR<\/td>\n<\/tr>\n<tr>\n<td>Z\u00e1ruka<\/td>\n<td>5 let<\/td>\n<\/tr>\n<tr>\n<td>Zna\u010dka<\/td>\n<td>\u010cesk\u00e1 Manufaktura<\/td>\n<\/tr>\n<\/tbody>\n<\/table><\/div>\n<\/div><\/div>\n<div class=\"detail-description__top\">\t\t\t\t<\/div>\n<div class=\"detail-description__left\">\n<div class=\"detail-description__left__overflow\">\n<div class=\"detail-description__left__head\">\t\t\t\t\t\tPopis:\t\t\t\t\t<\/div>\n<div class=\"expert-card\">\n<div class=\"expert-card__person\">\t\t\t<span>\t\t\t\t<strong>Tom\u00e1\u0161 Grygar<\/strong>\t\t\t\t<small>specialista<\/small>\t\t\t<\/span>\t\t<\/div>\n<div class=\"expert-card__info\">\n<p><strong>Mont\u00e1\u017e h\u0159i\u0161t\u011b je maxim\u00e1ln\u011b jednoduch\u00e1<\/strong>\u00a0\u2013 p\u0159edmontovan\u00e9 prvky, p\u0159edvrtan\u00e9 otvory a zalisovan\u00e9 matice v\u00fdrazn\u011b urychluj\u00ed instalaci.<\/p>\n<\/p><\/div>\n<\/p><\/div>\n<div class=\"ul-style ul-style--check\">\n<p>D\u011btsk\u00e9 h\u0159i\u0161t\u011b je postaven\u00e9 kolem jedin\u00e9 v\u011b\u017ee s prostornou podestou ve v\u00fd\u0161ce 125 cm, kter\u00e1 je p\u0159\u00edstupn\u00e1 \u017eeb\u0159\u00edkem a nab\u00edz\u00ed vstup na skluzavku pro z\u00e1bavn\u00e9 sjezdy. Sou\u010d\u00e1st\u00ed konstrukce je houpa\u010dkov\u00fd modul se dv\u011bma houpa\u010dkami, kter\u00fd umo\u017e\u0148uje spole\u010dnou hru v\u00edce d\u011bt\u00ed najednou. H\u0159i\u0161t\u011b je ide\u00e1ln\u00ed volbou pro zahrady a rodinn\u00e9 domy.<\/p>\n<ul class=\"plusminus\">\n<li><i class=\"fas fa-check\"><\/i><span>Robustn\u00ed konstrukce<\/span><\/li>\n<li><i class=\"fas fa-check\"><\/i><span>100% p\u0159edmontov\u00e1no<\/span><\/li>\n<\/ul>\n<p>Konstrukce je vyrobena z kvalitn\u00edho d\u0159eva (mod\u0159\u00edn nebo smrk\/borovice) s tlakovou impregnac\u00ed, kter\u00e1 zaji\u0161\u0165uje vysokou odolnost v\u016f\u010di pov\u011btrnostn\u00edm vliv\u016fm a dlouhou \u017eivotnost. P\u0159edvrtan\u00e9 otvory, zalisovan\u00e9 matice a p\u0159edmontovan\u00e9 prvky v\u00fdrazn\u011b zjednodu\u0161uj\u00ed a urychluj\u00ed mont\u00e1\u017e. Cel\u00e1 sestava je dod\u00e1v\u00e1na jako 100 % p\u0159edmontovan\u00e1.<\/p>\n<p>H\u0159i\u0161t\u011b je vhodn\u00e9 pro d\u011bti od p\u0159ibli\u017en\u011b 3 let v\u011bku a d\u00edky stabiln\u00ed konstrukci podporuje p\u0159irozen\u00fd pohyb, rovnov\u00e1hu i koordinaci. Doporu\u010den\u00fd prostor pro um\u00edst\u011bn\u00ed a vhodn\u00fd podklad (tr\u00e1va, p\u00edsek, ka\u010d\u00edrek, mul\u010d) p\u0159isp\u00edvaj\u00ed k bezpe\u010dn\u00e9mu a pohodln\u00e9mu hran\u00ed.<\/p>\n<\/div>\n<div class=\"detail-description__left__more\">\t\t\t\t\t\t<span> <\/span><span> <\/span>\t\t\t\t\t<\/div>\n<\/p><\/div>\n<\/p><\/div>\n<div class=\"detail-description__more\"><span> <\/span><span> <\/span><\/div>\n<\/p><\/div>\n<\/p><\/div>\n","protected":false},"excerpt":{"rendered":"<p>Konstrukce Materi\u00e1l mod\u0159\u00edn, smrk \/ borovice Povrchov\u00e1 \u00faprava tlakov\u00e1 impregnace Rozm\u011br podesty 100 \u00d7 100\u00a0cm V\u00fd\u0161ka podesty 125 cm V\u00fd\u0161ka h\u0159i\u0161t\u011b 200\u00a0\u2013 230\u00a0cm Hern\u00ed prvky Skluzavka Ano D\u00e9lka skluzavky 220 cm \u0160plhac\u00ed lano ano Houpa\u010dka ano 2\u00d7 Instalace Stav dod\u00e1n\u00ed 100% p\u0159edmontovan\u00e9 Podklad tr\u00e1va, p\u00edsek, ka\u010d\u00edrek, mul\u010d Stavebn\u00ed p\u0159\u00edprava standardn\u00ed ukotven\u00ed bez betonov\u00e1n\u00ed Prostor pro [&hellip;]<\/p>\n","protected":false},"featured_media":1412,"comment_status":"open","ping_status":"open","template":"","meta":[],"product_brand":[],"product_cat":[33],"product_tag":[],"class_list":{"0":"post-1312","1":"product","2":"type-product","3":"status-publish","4":"has-post-thumbnail","6":"product_cat-zahrada","8":"first","9":"instock","10":"sale","11":"shipping-taxable","12":"purchasable","13":"product-type-simple"},"yoast_head":"<!-- This site is optimized with the Yoast SEO plugin v26.8 - https:\/\/yoast.com\/product\/yoast-seo-wordpress\/ -->\n<title>\u010cesk\u00e1 Manufaktura \u010cipera Duo mod\u0159\u00edn zelen\u00e1 V\u00edkendov\u00e1 Akce -<\/title>\n<meta name=\"robots\" content=\"index, follow, max-snippet:-1, max-image-preview:large, max-video-preview:-1\" \/>\n<link rel=\"canonical\" href=\"https:\/\/www.oknobuild.com\/index.php\/produkt\/ceska-manufaktura-cipera-duo-modrin-zelena-vikendova-akce-1312\/\" \/>\n<meta property=\"og:locale\" content=\"cs_CZ\" \/>\n<meta property=\"og:type\" content=\"article\" \/>\n<meta property=\"og:title\" content=\"\u010cesk\u00e1 Manufaktura \u010cipera Duo mod\u0159\u00edn zelen\u00e1 V\u00edkendov\u00e1 Akce -\" \/>\n<meta property=\"og:description\" content=\"Konstrukce Materi\u00e1l mod\u0159\u00edn, smrk \/ borovice Povrchov\u00e1 \u00faprava tlakov\u00e1 impregnace Rozm\u011br podesty 100 \u00d7 100\u00a0cm V\u00fd\u0161ka podesty 125 cm V\u00fd\u0161ka h\u0159i\u0161t\u011b 200\u00a0\u2013 230\u00a0cm Hern\u00ed prvky Skluzavka Ano D\u00e9lka skluzavky 220 cm \u0160plhac\u00ed lano ano Houpa\u010dka ano 2\u00d7 Instalace Stav dod\u00e1n\u00ed 100% p\u0159edmontovan\u00e9 Podklad tr\u00e1va, p\u00edsek, ka\u010d\u00edrek, mul\u010d Stavebn\u00ed p\u0159\u00edprava standardn\u00ed ukotven\u00ed bez betonov\u00e1n\u00ed Prostor pro [&hellip;]\" \/>\n<meta property=\"og:url\" content=\"https:\/\/www.oknobuild.com\/index.php\/produkt\/ceska-manufaktura-cipera-duo-modrin-zelena-vikendova-akce-1312\/\" \/>\n<meta property=\"og:image\" content=\"https:\/\/www.oknobuild.com\/wp-content\/uploads\/2026\/SK0022273-CZ20260425-091936-0-1777079982-detske-hriste-na-zahradu-ceska-manufaktura-cipera-duo-modri.webp\" \/>\n\t<meta property=\"og:image:width\" content=\"1000\" \/>\n\t<meta property=\"og:image:height\" content=\"523\" \/>\n\t<meta property=\"og:image:type\" content=\"image\/webp\" \/>\n<meta name=\"twitter:card\" content=\"summary_large_image\" \/>\n<meta name=\"twitter:label1\" content=\"Odhadovan\u00e1 doba \u010dten\u00ed\" \/>\n\t<meta name=\"twitter:data1\" content=\"1 minuta\" \/>\n<script type=\"application\/ld+json\" class=\"yoast-schema-graph\">{\"@context\":\"https:\/\/schema.org\",\"@graph\":[{\"@type\":\"WebPage\",\"@id\":\"https:\/\/www.oknobuild.com\/index.php\/produkt\/ceska-manufaktura-cipera-duo-modrin-zelena-vikendova-akce-1312\/\",\"url\":\"https:\/\/www.oknobuild.com\/index.php\/produkt\/ceska-manufaktura-cipera-duo-modrin-zelena-vikendova-akce-1312\/\",\"name\":\"\u010cesk\u00e1 Manufaktura \u010cipera Duo mod\u0159\u00edn zelen\u00e1 V\u00edkendov\u00e1 Akce -\",\"isPartOf\":{\"@id\":\"https:\/\/www.oknobuild.com\/#website\"},\"primaryImageOfPage\":{\"@id\":\"https:\/\/www.oknobuild.com\/index.php\/produkt\/ceska-manufaktura-cipera-duo-modrin-zelena-vikendova-akce-1312\/#primaryimage\"},\"image\":{\"@id\":\"https:\/\/www.oknobuild.com\/index.php\/produkt\/ceska-manufaktura-cipera-duo-modrin-zelena-vikendova-akce-1312\/#primaryimage\"},\"thumbnailUrl\":\"https:\/\/www.oknobuild.com\/wp-content\/uploads\/2026\/SK0022273-CZ20260425-091936-0-1777079982-detske-hriste-na-zahradu-ceska-manufaktura-cipera-duo-modri.webp\",\"datePublished\":\"2026-04-27T04:40:44+00:00\",\"breadcrumb\":{\"@id\":\"https:\/\/www.oknobuild.com\/index.php\/produkt\/ceska-manufaktura-cipera-duo-modrin-zelena-vikendova-akce-1312\/#breadcrumb\"},\"inLanguage\":\"cs\",\"potentialAction\":[{\"@type\":\"ReadAction\",\"target\":[\"https:\/\/www.oknobuild.com\/index.php\/produkt\/ceska-manufaktura-cipera-duo-modrin-zelena-vikendova-akce-1312\/\"]}]},{\"@type\":\"ImageObject\",\"inLanguage\":\"cs\",\"@id\":\"https:\/\/www.oknobuild.com\/index.php\/produkt\/ceska-manufaktura-cipera-duo-modrin-zelena-vikendova-akce-1312\/#primaryimage\",\"url\":\"https:\/\/www.oknobuild.com\/wp-content\/uploads\/2026\/SK0022273-CZ20260425-091936-0-1777079982-detske-hriste-na-zahradu-ceska-manufaktura-cipera-duo-modri.webp\",\"contentUrl\":\"https:\/\/www.oknobuild.com\/wp-content\/uploads\/2026\/SK0022273-CZ20260425-091936-0-1777079982-detske-hriste-na-zahradu-ceska-manufaktura-cipera-duo-modri.webp\",\"width\":1000,\"height\":523},{\"@type\":\"BreadcrumbList\",\"@id\":\"https:\/\/www.oknobuild.com\/index.php\/produkt\/ceska-manufaktura-cipera-duo-modrin-zelena-vikendova-akce-1312\/#breadcrumb\",\"itemListElement\":[{\"@type\":\"ListItem\",\"position\":1,\"name\":\"Home\",\"item\":\"https:\/\/www.oknobuild.com\/\"},{\"@type\":\"ListItem\",\"position\":2,\"name\":\"Products\",\"item\":\"https:\/\/www.oknobuild.com\/index.php\/products\/\"},{\"@type\":\"ListItem\",\"position\":3,\"name\":\"\u010cesk\u00e1 Manufaktura \u010cipera Duo mod\u0159\u00edn zelen\u00e1 V\u00edkendov\u00e1 Akce\"}]},{\"@type\":\"WebSite\",\"@id\":\"https:\/\/www.oknobuild.com\/#website\",\"url\":\"https:\/\/www.oknobuild.com\/\",\"name\":\"\",\"description\":\"\",\"potentialAction\":[{\"@type\":\"SearchAction\",\"target\":{\"@type\":\"EntryPoint\",\"urlTemplate\":\"https:\/\/www.oknobuild.com\/?s={search_term_string}\"},\"query-input\":{\"@type\":\"PropertyValueSpecification\",\"valueRequired\":true,\"valueName\":\"search_term_string\"}}],\"inLanguage\":\"cs\"}]}<\/script>\n<!-- \/ Yoast SEO plugin. -->","yoast_head_json":{"title":"\u010cesk\u00e1 Manufaktura \u010cipera Duo mod\u0159\u00edn zelen\u00e1 V\u00edkendov\u00e1 Akce -","robots":{"index":"index","follow":"follow","max-snippet":"max-snippet:-1","max-image-preview":"max-image-preview:large","max-video-preview":"max-video-preview:-1"},"canonical":"https:\/\/www.oknobuild.com\/index.php\/produkt\/ceska-manufaktura-cipera-duo-modrin-zelena-vikendova-akce-1312\/","og_locale":"cs_CZ","og_type":"article","og_title":"\u010cesk\u00e1 Manufaktura \u010cipera Duo mod\u0159\u00edn zelen\u00e1 V\u00edkendov\u00e1 Akce -","og_description":"Konstrukce Materi\u00e1l mod\u0159\u00edn, smrk \/ borovice Povrchov\u00e1 \u00faprava tlakov\u00e1 impregnace Rozm\u011br podesty 100 \u00d7 100\u00a0cm V\u00fd\u0161ka podesty 125 cm V\u00fd\u0161ka h\u0159i\u0161t\u011b 200\u00a0\u2013 230\u00a0cm Hern\u00ed prvky Skluzavka Ano D\u00e9lka skluzavky 220 cm \u0160plhac\u00ed lano ano Houpa\u010dka ano 2\u00d7 Instalace Stav dod\u00e1n\u00ed 100% p\u0159edmontovan\u00e9 Podklad tr\u00e1va, p\u00edsek, ka\u010d\u00edrek, mul\u010d Stavebn\u00ed p\u0159\u00edprava standardn\u00ed ukotven\u00ed bez betonov\u00e1n\u00ed Prostor pro [&hellip;]","og_url":"https:\/\/www.oknobuild.com\/index.php\/produkt\/ceska-manufaktura-cipera-duo-modrin-zelena-vikendova-akce-1312\/","og_image":[{"width":1000,"height":523,"url":"https:\/\/www.oknobuild.com\/wp-content\/uploads\/2026\/SK0022273-CZ20260425-091936-0-1777079982-detske-hriste-na-zahradu-ceska-manufaktura-cipera-duo-modri.webp","type":"image\/webp"}],"twitter_card":"summary_large_image","twitter_misc":{"Odhadovan\u00e1 doba \u010dten\u00ed":"1 minuta"},"schema":{"@context":"https:\/\/schema.org","@graph":[{"@type":"WebPage","@id":"https:\/\/www.oknobuild.com\/index.php\/produkt\/ceska-manufaktura-cipera-duo-modrin-zelena-vikendova-akce-1312\/","url":"https:\/\/www.oknobuild.com\/index.php\/produkt\/ceska-manufaktura-cipera-duo-modrin-zelena-vikendova-akce-1312\/","name":"\u010cesk\u00e1 Manufaktura \u010cipera Duo mod\u0159\u00edn zelen\u00e1 V\u00edkendov\u00e1 Akce -","isPartOf":{"@id":"https:\/\/www.oknobuild.com\/#website"},"primaryImageOfPage":{"@id":"https:\/\/www.oknobuild.com\/index.php\/produkt\/ceska-manufaktura-cipera-duo-modrin-zelena-vikendova-akce-1312\/#primaryimage"},"image":{"@id":"https:\/\/www.oknobuild.com\/index.php\/produkt\/ceska-manufaktura-cipera-duo-modrin-zelena-vikendova-akce-1312\/#primaryimage"},"thumbnailUrl":"https:\/\/www.oknobuild.com\/wp-content\/uploads\/2026\/SK0022273-CZ20260425-091936-0-1777079982-detske-hriste-na-zahradu-ceska-manufaktura-cipera-duo-modri.webp","datePublished":"2026-04-27T04:40:44+00:00","breadcrumb":{"@id":"https:\/\/www.oknobuild.com\/index.php\/produkt\/ceska-manufaktura-cipera-duo-modrin-zelena-vikendova-akce-1312\/#breadcrumb"},"inLanguage":"cs","potentialAction":[{"@type":"ReadAction","target":["https:\/\/www.oknobuild.com\/index.php\/produkt\/ceska-manufaktura-cipera-duo-modrin-zelena-vikendova-akce-1312\/"]}]},{"@type":"ImageObject","inLanguage":"cs","@id":"https:\/\/www.oknobuild.com\/index.php\/produkt\/ceska-manufaktura-cipera-duo-modrin-zelena-vikendova-akce-1312\/#primaryimage","url":"https:\/\/www.oknobuild.com\/wp-content\/uploads\/2026\/SK0022273-CZ20260425-091936-0-1777079982-detske-hriste-na-zahradu-ceska-manufaktura-cipera-duo-modri.webp","contentUrl":"https:\/\/www.oknobuild.com\/wp-content\/uploads\/2026\/SK0022273-CZ20260425-091936-0-1777079982-detske-hriste-na-zahradu-ceska-manufaktura-cipera-duo-modri.webp","width":1000,"height":523},{"@type":"BreadcrumbList","@id":"https:\/\/www.oknobuild.com\/index.php\/produkt\/ceska-manufaktura-cipera-duo-modrin-zelena-vikendova-akce-1312\/#breadcrumb","itemListElement":[{"@type":"ListItem","position":1,"name":"Home","item":"https:\/\/www.oknobuild.com\/"},{"@type":"ListItem","position":2,"name":"Products","item":"https:\/\/www.oknobuild.com\/index.php\/products\/"},{"@type":"ListItem","position":3,"name":"\u010cesk\u00e1 Manufaktura \u010cipera Duo mod\u0159\u00edn zelen\u00e1 V\u00edkendov\u00e1 Akce"}]},{"@type":"WebSite","@id":"https:\/\/www.oknobuild.com\/#website","url":"https:\/\/www.oknobuild.com\/","name":"","description":"","potentialAction":[{"@type":"SearchAction","target":{"@type":"EntryPoint","urlTemplate":"https:\/\/www.oknobuild.com\/?s={search_term_string}"},"query-input":{"@type":"PropertyValueSpecification","valueRequired":true,"valueName":"search_term_string"}}],"inLanguage":"cs"}]}},"_links":{"self":[{"href":"https:\/\/www.oknobuild.com\/index.php\/wp-json\/wp\/v2\/product\/1312","targetHints":{"allow":["GET"]}}],"collection":[{"href":"https:\/\/www.oknobuild.com\/index.php\/wp-json\/wp\/v2\/product"}],"about":[{"href":"https:\/\/www.oknobuild.com\/index.php\/wp-json\/wp\/v2\/types\/product"}],"replies":[{"embeddable":true,"href":"https:\/\/www.oknobuild.com\/index.php\/wp-json\/wp\/v2\/comments?post=1312"}],"wp:featuredmedia":[{"embeddable":true,"href":"https:\/\/www.oknobuild.com\/index.php\/wp-json\/wp\/v2\/media\/1412"}],"wp:attachment":[{"href":"https:\/\/www.oknobuild.com\/index.php\/wp-json\/wp\/v2\/media?parent=1312"}],"wp:term":[{"taxonomy":"product_brand","embeddable":true,"href":"https:\/\/www.oknobuild.com\/index.php\/wp-json\/wp\/v2\/product_brand?post=1312"},{"taxonomy":"product_cat","embeddable":true,"href":"https:\/\/www.oknobuild.com\/index.php\/wp-json\/wp\/v2\/product_cat?post=1312"},{"taxonomy":"product_tag","embeddable":true,"href":"https:\/\/www.oknobuild.com\/index.php\/wp-json\/wp\/v2\/product_tag?post=1312"}],"curies":[{"name":"wp","href":"https:\/\/api.w.org\/{rel}","templated":true}]}}