{"id":13149,"date":"2026-04-27T04:41:05","date_gmt":"2026-04-27T04:41:05","guid":{"rendered":""},"modified":"2026-04-27T04:41:05","modified_gmt":"2026-04-27T04:41:05","slug":"nova-kolekce-novaservis-termostaticka-sada-na-otopna-telesa-se-stredovym-pripojenim-rohova-cerna-ztd30bl-13149","status":"publish","type":"product","link":"https:\/\/www.oknobuild.com\/index.php\/produkt\/nova-kolekce-novaservis-termostaticka-sada-na-otopna-telesa-se-stredovym-pripojenim-rohova-cerna-ztd30bl-13149\/","title":{"rendered":"Nov\u00e1 Kolekce Novaservis Termostatick\u00e1 sada na otopn\u00e1 t\u011blesa se st\u0159edov\u00fdm p\u0159ipojen\u00edm, rohov\u00e1, \u010dern\u00e1 &#8211; ZTD30BL"},"content":{"rendered":"<div class=\"ProductDetail-content NoFixImageContainer\" id=\"productDescription\">\n<div class=\"Heading\">\n<h2 class=\"Heading-title\">Popis produktu <span class=''>Novaservis Termostatick\u00e1 sada na otopn\u00e1 t\u011blesa se st\u0159edov\u00fdm p\u0159ipojen\u00edm, rohov\u00e1, \u010dern\u00e1 &#8211; ZTD30BL<\/span><\/h2>\n<\/p><\/div>\n<div class=\"ProductDetailContent\">                                                                    <\/div>\n<div class=\"ProductDetailContent\">\n<div class=\"ProductDetailContent-item\">                                            Lev\u00e9 i prav\u00e9 p\u0159ipojen\u00ed.<br \/>Technick\u00e9 parametry:<br \/>-Maxim\u00e1ln\u00ed pracovn\u00ed teplota: 100 \u00b0 C<br \/>-Maxim\u00e1ln\u00ed pracovn\u00ed tlak: 10 bar<br \/>-P\u0159ipojovac\u00ed rozte\u010d 50 mm<br \/>-mont\u00e1\u017e na v\u00edcevrstv\u00e9 trubky 16 x 2 i na m\u011b\u010f 15  mm<br \/>-Termostatick\u00e1 hlavice:<br \/>-P\u0159ipojen\u00ed: M30x1,5<br \/>-Maxim\u00e1ln\u00ed teplota okol\u00ed: 50 \u00b0 C<br \/>-Regula\u010dn\u00edch stup\u0148\u016f:  5<br \/>-Rozsah regulace: 8 &#8211; 29 \u00b0 C<br \/>-Ochrana proti mrazu:  9 \u00b0 C                                        <\/div>\n<div class=\"ProductDetailContent-item\">\n<ul>\n<li>Hloubka krabice [mm]: <strong>195 mm<\/strong><\/li>\n<li>\u0160\u00ed\u0159ka krabice [mm]: <strong>145 mm<\/strong><\/li>\n<li>V\u00fd\u0161ka krabice [mm]: <strong>65 mm<\/strong><\/li>\n<li>Proveden\u00ed: <strong>\u010dern\u00e1<\/strong><\/li>\n<li>Maxim\u00e1ln\u00ed pracovn\u00ed teplota [\u00b0C]: <strong>100 \u00b0C<\/strong><\/li>\n<li>Nomin\u00e1ln\u00ed tlak [bar]: <strong>10 bar<\/strong><\/li>\n<li>\u010c\u00e1rov\u00fd k\u00f3d: <strong>balen\u00ed s \u010d\u00e1rov\u00fdm k\u00f3dem pro maloobchodn\u00ed prodej<\/strong><\/li>\n<li>Maxim\u00e1ln\u00ed teplota okol\u00ed [\u00b0C]: <strong>50 \u00b0C<\/strong><\/li>\n<li>Ochrana proti mrazu [\u00b0C]: <strong>9 \u00b0C<\/strong><\/li>\n<li>Regula\u010dn\u00ed stupnice: <strong>* &#8211; 5<\/strong><\/li>\n<li>Rozsah nastaven\u00ed teploty [\u00b0C]: <strong>8-29 \u00b0C<\/strong><\/li>\n<li>P\u0159ipojen\u00ed: <strong>1\/2&#8243;<\/strong><\/li>\n<\/ul><\/div>\n<\/p><\/div>\n<\/p><\/div>\n<\/p><\/div>\n<\/p><\/div>\n","protected":false},"excerpt":{"rendered":"<p>Popis produktu Novaservis Termostatick\u00e1 sada na otopn\u00e1 t\u011blesa se st\u0159edov\u00fdm p\u0159ipojen\u00edm, rohov\u00e1, \u010dern\u00e1 &#8211; ZTD30BL Lev\u00e9 i prav\u00e9 p\u0159ipojen\u00ed.Technick\u00e9 parametry:-Maxim\u00e1ln\u00ed pracovn\u00ed teplota: 100 \u00b0 C-Maxim\u00e1ln\u00ed pracovn\u00ed tlak: 10 bar-P\u0159ipojovac\u00ed rozte\u010d 50 mm-mont\u00e1\u017e na v\u00edcevrstv\u00e9 trubky 16 x 2 i na m\u011b\u010f 15 mm-Termostatick\u00e1 hlavice:-P\u0159ipojen\u00ed: M30x1,5-Maxim\u00e1ln\u00ed teplota okol\u00ed: 50 \u00b0 C-Regula\u010dn\u00edch stup\u0148\u016f: 5-Rozsah regulace: 8 &#8211; [&hellip;]<\/p>\n","protected":false},"featured_media":13249,"comment_status":"open","ping_status":"open","template":"","meta":[],"product_brand":[],"product_cat":[67],"product_tag":[],"class_list":{"0":"post-13149","1":"product","2":"type-product","3":"status-publish","4":"has-post-thumbnail","6":"product_cat-topeni","8":"first","9":"instock","10":"sale","11":"shipping-taxable","12":"purchasable","13":"product-type-simple"},"yoast_head":"<!-- This site is optimized with the Yoast SEO plugin v26.8 - https:\/\/yoast.com\/product\/yoast-seo-wordpress\/ -->\n<title>Nov\u00e1 Kolekce Novaservis Termostatick\u00e1 sada na otopn\u00e1 t\u011blesa se st\u0159edov\u00fdm p\u0159ipojen\u00edm, rohov\u00e1, \u010dern\u00e1 - ZTD30BL -<\/title>\n<meta name=\"robots\" content=\"index, follow, max-snippet:-1, max-image-preview:large, max-video-preview:-1\" \/>\n<link rel=\"canonical\" href=\"https:\/\/www.oknobuild.com\/index.php\/produkt\/nova-kolekce-novaservis-termostaticka-sada-na-otopna-telesa-se-stredovym-pripojenim-rohova-cerna-ztd30bl-13149\/\" \/>\n<meta property=\"og:locale\" content=\"cs_CZ\" \/>\n<meta property=\"og:type\" content=\"article\" \/>\n<meta property=\"og:title\" content=\"Nov\u00e1 Kolekce Novaservis Termostatick\u00e1 sada na otopn\u00e1 t\u011blesa se st\u0159edov\u00fdm p\u0159ipojen\u00edm, rohov\u00e1, \u010dern\u00e1 - ZTD30BL -\" \/>\n<meta property=\"og:description\" content=\"Popis produktu Novaservis Termostatick\u00e1 sada na otopn\u00e1 t\u011blesa se st\u0159edov\u00fdm p\u0159ipojen\u00edm, rohov\u00e1, \u010dern\u00e1 &#8211; ZTD30BL Lev\u00e9 i prav\u00e9 p\u0159ipojen\u00ed.Technick\u00e9 parametry:-Maxim\u00e1ln\u00ed pracovn\u00ed teplota: 100 \u00b0 C-Maxim\u00e1ln\u00ed pracovn\u00ed tlak: 10 bar-P\u0159ipojovac\u00ed rozte\u010d 50 mm-mont\u00e1\u017e na v\u00edcevrstv\u00e9 trubky 16 x 2 i na m\u011b\u010f 15 mm-Termostatick\u00e1 hlavice:-P\u0159ipojen\u00ed: M30x1,5-Maxim\u00e1ln\u00ed teplota okol\u00ed: 50 \u00b0 C-Regula\u010dn\u00edch stup\u0148\u016f: 5-Rozsah regulace: 8 &#8211; [&hellip;]\" \/>\n<meta property=\"og:url\" content=\"https:\/\/www.oknobuild.com\/index.php\/produkt\/nova-kolekce-novaservis-termostaticka-sada-na-otopna-telesa-se-stredovym-pripojenim-rohova-cerna-ztd30bl-13149\/\" \/>\n<meta property=\"og:image\" content=\"https:\/\/www.oknobuild.com\/wp-content\/uploads\/2026\/SK0019401-CZ20260425-092632-0-1777080397-novaservis-termostaticka-sada-na-otopna-telesa-se-stredovym.webp\" \/>\n\t<meta property=\"og:image:width\" content=\"600\" \/>\n\t<meta property=\"og:image:height\" content=\"369\" \/>\n\t<meta property=\"og:image:type\" content=\"image\/webp\" \/>\n<meta name=\"twitter:card\" content=\"summary_large_image\" \/>\n<meta name=\"twitter:label1\" content=\"Odhadovan\u00e1 doba \u010dten\u00ed\" \/>\n\t<meta name=\"twitter:data1\" content=\"1 minuta\" \/>\n<script type=\"application\/ld+json\" class=\"yoast-schema-graph\">{\"@context\":\"https:\/\/schema.org\",\"@graph\":[{\"@type\":\"WebPage\",\"@id\":\"https:\/\/www.oknobuild.com\/index.php\/produkt\/nova-kolekce-novaservis-termostaticka-sada-na-otopna-telesa-se-stredovym-pripojenim-rohova-cerna-ztd30bl-13149\/\",\"url\":\"https:\/\/www.oknobuild.com\/index.php\/produkt\/nova-kolekce-novaservis-termostaticka-sada-na-otopna-telesa-se-stredovym-pripojenim-rohova-cerna-ztd30bl-13149\/\",\"name\":\"Nov\u00e1 Kolekce Novaservis Termostatick\u00e1 sada na otopn\u00e1 t\u011blesa se st\u0159edov\u00fdm p\u0159ipojen\u00edm, rohov\u00e1, \u010dern\u00e1 - ZTD30BL -\",\"isPartOf\":{\"@id\":\"https:\/\/www.oknobuild.com\/#website\"},\"primaryImageOfPage\":{\"@id\":\"https:\/\/www.oknobuild.com\/index.php\/produkt\/nova-kolekce-novaservis-termostaticka-sada-na-otopna-telesa-se-stredovym-pripojenim-rohova-cerna-ztd30bl-13149\/#primaryimage\"},\"image\":{\"@id\":\"https:\/\/www.oknobuild.com\/index.php\/produkt\/nova-kolekce-novaservis-termostaticka-sada-na-otopna-telesa-se-stredovym-pripojenim-rohova-cerna-ztd30bl-13149\/#primaryimage\"},\"thumbnailUrl\":\"https:\/\/www.oknobuild.com\/wp-content\/uploads\/2026\/SK0019401-CZ20260425-092632-0-1777080397-novaservis-termostaticka-sada-na-otopna-telesa-se-stredovym.webp\",\"datePublished\":\"2026-04-27T04:41:05+00:00\",\"breadcrumb\":{\"@id\":\"https:\/\/www.oknobuild.com\/index.php\/produkt\/nova-kolekce-novaservis-termostaticka-sada-na-otopna-telesa-se-stredovym-pripojenim-rohova-cerna-ztd30bl-13149\/#breadcrumb\"},\"inLanguage\":\"cs\",\"potentialAction\":[{\"@type\":\"ReadAction\",\"target\":[\"https:\/\/www.oknobuild.com\/index.php\/produkt\/nova-kolekce-novaservis-termostaticka-sada-na-otopna-telesa-se-stredovym-pripojenim-rohova-cerna-ztd30bl-13149\/\"]}]},{\"@type\":\"ImageObject\",\"inLanguage\":\"cs\",\"@id\":\"https:\/\/www.oknobuild.com\/index.php\/produkt\/nova-kolekce-novaservis-termostaticka-sada-na-otopna-telesa-se-stredovym-pripojenim-rohova-cerna-ztd30bl-13149\/#primaryimage\",\"url\":\"https:\/\/www.oknobuild.com\/wp-content\/uploads\/2026\/SK0019401-CZ20260425-092632-0-1777080397-novaservis-termostaticka-sada-na-otopna-telesa-se-stredovym.webp\",\"contentUrl\":\"https:\/\/www.oknobuild.com\/wp-content\/uploads\/2026\/SK0019401-CZ20260425-092632-0-1777080397-novaservis-termostaticka-sada-na-otopna-telesa-se-stredovym.webp\",\"width\":600,\"height\":369},{\"@type\":\"BreadcrumbList\",\"@id\":\"https:\/\/www.oknobuild.com\/index.php\/produkt\/nova-kolekce-novaservis-termostaticka-sada-na-otopna-telesa-se-stredovym-pripojenim-rohova-cerna-ztd30bl-13149\/#breadcrumb\",\"itemListElement\":[{\"@type\":\"ListItem\",\"position\":1,\"name\":\"Home\",\"item\":\"https:\/\/www.oknobuild.com\/\"},{\"@type\":\"ListItem\",\"position\":2,\"name\":\"Products\",\"item\":\"https:\/\/www.oknobuild.com\/index.php\/products\/\"},{\"@type\":\"ListItem\",\"position\":3,\"name\":\"Nov\u00e1 Kolekce Novaservis Termostatick\u00e1 sada na otopn\u00e1 t\u011blesa se st\u0159edov\u00fdm p\u0159ipojen\u00edm, rohov\u00e1, \u010dern\u00e1 &#8211; ZTD30BL\"}]},{\"@type\":\"WebSite\",\"@id\":\"https:\/\/www.oknobuild.com\/#website\",\"url\":\"https:\/\/www.oknobuild.com\/\",\"name\":\"\",\"description\":\"\",\"potentialAction\":[{\"@type\":\"SearchAction\",\"target\":{\"@type\":\"EntryPoint\",\"urlTemplate\":\"https:\/\/www.oknobuild.com\/?s={search_term_string}\"},\"query-input\":{\"@type\":\"PropertyValueSpecification\",\"valueRequired\":true,\"valueName\":\"search_term_string\"}}],\"inLanguage\":\"cs\"}]}<\/script>\n<!-- \/ Yoast SEO plugin. -->","yoast_head_json":{"title":"Nov\u00e1 Kolekce Novaservis Termostatick\u00e1 sada na otopn\u00e1 t\u011blesa se st\u0159edov\u00fdm p\u0159ipojen\u00edm, rohov\u00e1, \u010dern\u00e1 - ZTD30BL -","robots":{"index":"index","follow":"follow","max-snippet":"max-snippet:-1","max-image-preview":"max-image-preview:large","max-video-preview":"max-video-preview:-1"},"canonical":"https:\/\/www.oknobuild.com\/index.php\/produkt\/nova-kolekce-novaservis-termostaticka-sada-na-otopna-telesa-se-stredovym-pripojenim-rohova-cerna-ztd30bl-13149\/","og_locale":"cs_CZ","og_type":"article","og_title":"Nov\u00e1 Kolekce Novaservis Termostatick\u00e1 sada na otopn\u00e1 t\u011blesa se st\u0159edov\u00fdm p\u0159ipojen\u00edm, rohov\u00e1, \u010dern\u00e1 - ZTD30BL -","og_description":"Popis produktu Novaservis Termostatick\u00e1 sada na otopn\u00e1 t\u011blesa se st\u0159edov\u00fdm p\u0159ipojen\u00edm, rohov\u00e1, \u010dern\u00e1 &#8211; ZTD30BL Lev\u00e9 i prav\u00e9 p\u0159ipojen\u00ed.Technick\u00e9 parametry:-Maxim\u00e1ln\u00ed pracovn\u00ed teplota: 100 \u00b0 C-Maxim\u00e1ln\u00ed pracovn\u00ed tlak: 10 bar-P\u0159ipojovac\u00ed rozte\u010d 50 mm-mont\u00e1\u017e na v\u00edcevrstv\u00e9 trubky 16 x 2 i na m\u011b\u010f 15 mm-Termostatick\u00e1 hlavice:-P\u0159ipojen\u00ed: M30x1,5-Maxim\u00e1ln\u00ed teplota okol\u00ed: 50 \u00b0 C-Regula\u010dn\u00edch stup\u0148\u016f: 5-Rozsah regulace: 8 &#8211; [&hellip;]","og_url":"https:\/\/www.oknobuild.com\/index.php\/produkt\/nova-kolekce-novaservis-termostaticka-sada-na-otopna-telesa-se-stredovym-pripojenim-rohova-cerna-ztd30bl-13149\/","og_image":[{"width":600,"height":369,"url":"https:\/\/www.oknobuild.com\/wp-content\/uploads\/2026\/SK0019401-CZ20260425-092632-0-1777080397-novaservis-termostaticka-sada-na-otopna-telesa-se-stredovym.webp","type":"image\/webp"}],"twitter_card":"summary_large_image","twitter_misc":{"Odhadovan\u00e1 doba \u010dten\u00ed":"1 minuta"},"schema":{"@context":"https:\/\/schema.org","@graph":[{"@type":"WebPage","@id":"https:\/\/www.oknobuild.com\/index.php\/produkt\/nova-kolekce-novaservis-termostaticka-sada-na-otopna-telesa-se-stredovym-pripojenim-rohova-cerna-ztd30bl-13149\/","url":"https:\/\/www.oknobuild.com\/index.php\/produkt\/nova-kolekce-novaservis-termostaticka-sada-na-otopna-telesa-se-stredovym-pripojenim-rohova-cerna-ztd30bl-13149\/","name":"Nov\u00e1 Kolekce Novaservis Termostatick\u00e1 sada na otopn\u00e1 t\u011blesa se st\u0159edov\u00fdm p\u0159ipojen\u00edm, rohov\u00e1, \u010dern\u00e1 - ZTD30BL -","isPartOf":{"@id":"https:\/\/www.oknobuild.com\/#website"},"primaryImageOfPage":{"@id":"https:\/\/www.oknobuild.com\/index.php\/produkt\/nova-kolekce-novaservis-termostaticka-sada-na-otopna-telesa-se-stredovym-pripojenim-rohova-cerna-ztd30bl-13149\/#primaryimage"},"image":{"@id":"https:\/\/www.oknobuild.com\/index.php\/produkt\/nova-kolekce-novaservis-termostaticka-sada-na-otopna-telesa-se-stredovym-pripojenim-rohova-cerna-ztd30bl-13149\/#primaryimage"},"thumbnailUrl":"https:\/\/www.oknobuild.com\/wp-content\/uploads\/2026\/SK0019401-CZ20260425-092632-0-1777080397-novaservis-termostaticka-sada-na-otopna-telesa-se-stredovym.webp","datePublished":"2026-04-27T04:41:05+00:00","breadcrumb":{"@id":"https:\/\/www.oknobuild.com\/index.php\/produkt\/nova-kolekce-novaservis-termostaticka-sada-na-otopna-telesa-se-stredovym-pripojenim-rohova-cerna-ztd30bl-13149\/#breadcrumb"},"inLanguage":"cs","potentialAction":[{"@type":"ReadAction","target":["https:\/\/www.oknobuild.com\/index.php\/produkt\/nova-kolekce-novaservis-termostaticka-sada-na-otopna-telesa-se-stredovym-pripojenim-rohova-cerna-ztd30bl-13149\/"]}]},{"@type":"ImageObject","inLanguage":"cs","@id":"https:\/\/www.oknobuild.com\/index.php\/produkt\/nova-kolekce-novaservis-termostaticka-sada-na-otopna-telesa-se-stredovym-pripojenim-rohova-cerna-ztd30bl-13149\/#primaryimage","url":"https:\/\/www.oknobuild.com\/wp-content\/uploads\/2026\/SK0019401-CZ20260425-092632-0-1777080397-novaservis-termostaticka-sada-na-otopna-telesa-se-stredovym.webp","contentUrl":"https:\/\/www.oknobuild.com\/wp-content\/uploads\/2026\/SK0019401-CZ20260425-092632-0-1777080397-novaservis-termostaticka-sada-na-otopna-telesa-se-stredovym.webp","width":600,"height":369},{"@type":"BreadcrumbList","@id":"https:\/\/www.oknobuild.com\/index.php\/produkt\/nova-kolekce-novaservis-termostaticka-sada-na-otopna-telesa-se-stredovym-pripojenim-rohova-cerna-ztd30bl-13149\/#breadcrumb","itemListElement":[{"@type":"ListItem","position":1,"name":"Home","item":"https:\/\/www.oknobuild.com\/"},{"@type":"ListItem","position":2,"name":"Products","item":"https:\/\/www.oknobuild.com\/index.php\/products\/"},{"@type":"ListItem","position":3,"name":"Nov\u00e1 Kolekce Novaservis Termostatick\u00e1 sada na otopn\u00e1 t\u011blesa se st\u0159edov\u00fdm p\u0159ipojen\u00edm, rohov\u00e1, \u010dern\u00e1 &#8211; ZTD30BL"}]},{"@type":"WebSite","@id":"https:\/\/www.oknobuild.com\/#website","url":"https:\/\/www.oknobuild.com\/","name":"","description":"","potentialAction":[{"@type":"SearchAction","target":{"@type":"EntryPoint","urlTemplate":"https:\/\/www.oknobuild.com\/?s={search_term_string}"},"query-input":{"@type":"PropertyValueSpecification","valueRequired":true,"valueName":"search_term_string"}}],"inLanguage":"cs"}]}},"_links":{"self":[{"href":"https:\/\/www.oknobuild.com\/index.php\/wp-json\/wp\/v2\/product\/13149","targetHints":{"allow":["GET"]}}],"collection":[{"href":"https:\/\/www.oknobuild.com\/index.php\/wp-json\/wp\/v2\/product"}],"about":[{"href":"https:\/\/www.oknobuild.com\/index.php\/wp-json\/wp\/v2\/types\/product"}],"replies":[{"embeddable":true,"href":"https:\/\/www.oknobuild.com\/index.php\/wp-json\/wp\/v2\/comments?post=13149"}],"wp:featuredmedia":[{"embeddable":true,"href":"https:\/\/www.oknobuild.com\/index.php\/wp-json\/wp\/v2\/media\/13249"}],"wp:attachment":[{"href":"https:\/\/www.oknobuild.com\/index.php\/wp-json\/wp\/v2\/media?parent=13149"}],"wp:term":[{"taxonomy":"product_brand","embeddable":true,"href":"https:\/\/www.oknobuild.com\/index.php\/wp-json\/wp\/v2\/product_brand?post=13149"},{"taxonomy":"product_cat","embeddable":true,"href":"https:\/\/www.oknobuild.com\/index.php\/wp-json\/wp\/v2\/product_cat?post=13149"},{"taxonomy":"product_tag","embeddable":true,"href":"https:\/\/www.oknobuild.com\/index.php\/wp-json\/wp\/v2\/product_tag?post=13149"}],"curies":[{"name":"wp","href":"https:\/\/api.w.org\/{rel}","templated":true}]}}