{"id":13151,"date":"2026-04-27T04:41:05","date_gmt":"2026-04-27T04:41:05","guid":{"rendered":""},"modified":"2026-04-27T04:41:05","modified_gmt":"2026-04-27T04:41:05","slug":"vyhodna-nabidka-novaservis-expanzni-nadoba-do-topnych-systemu-zavesna-13151","status":"publish","type":"product","link":"https:\/\/www.oknobuild.com\/index.php\/produkt\/vyhodna-nabidka-novaservis-expanzni-nadoba-do-topnych-systemu-zavesna-13151\/","title":{"rendered":"V\u00fdhodn\u00e1 Nab\u00eddka Novaservis Expanzn\u00ed n\u00e1doba do topn\u00fdch syst\u00e9m\u016f, z\u00e1v\u011bsn\u00e1"},"content":{"rendered":"<div class=\"ProductDetail-content NoFixImageContainer\" id=\"productDescription\">\n<div class=\"Heading\">\n<h2 class=\"Heading-title\">Popis produktu <span class=''>Novaservis Expanzn\u00ed n\u00e1doba do topn\u00fdch syst\u00e9m\u016f, z\u00e1v\u011bsn\u00e1<\/span><\/h2>\n<\/p><\/div>\n<div class=\"ProductDetailContent\">\n<p><span style=\"font-size:16px\">Expanzn\u00ed n\u00e1doby se vyzna\u010duj\u00ed \u0161irokou \u0161k\u00e1lou pou\u017eitelnosti. Jsou pou\u017eiteln\u00e9 v rodinn\u00e9m domku i ve velk\u00fdch objektech. N\u00e1doby jsou dod\u00e1v\u00e1ny s vym\u011bnitelnou membr\u00e1nou.<\/span><\/p>\n<ul>\n<li><span style=\"font-size:16px\">P\u0159ipojen\u00ed 3\/4&#8243;<\/span><\/li>\n<li><span style=\"font-size:16px\">M\u00e9dium: voda<\/span><\/li>\n<li><span style=\"font-size:16px\">Instalace: z\u00e1v\u011bsn\u00e1<\/span><\/li>\n<\/ul><\/div>\n<div class=\"ProductDetailContent\">\n<div class=\"ProductDetailContent-item\">                                            Expanzn\u00ed n\u00e1doby se vyzna\u010duj\u00ed \u0161irokou \u0161k\u00e1lou pou\u017eitelnosti. Jsou pou\u017eiteln\u00e9 v rodinn\u00e9m domku i ve velk\u00fdch objektech.<br \/>N\u00e1doby jsou dod\u00e1v\u00e1ny s vym\u011bnitelnou membr\u00e1nou<br \/>Pro mont\u00e1\u017e mo\u017enost dokoupen\u00ed mont\u00e1\u017en\u00ed sady SADAEXP<br \/>P\u0159\u00edpojen\u00ed 3\/4&#8243;.                                        <\/div>\n<div class=\"ProductDetailContent-item\">\n<ul>\n<li>Hloubka krabice [mm]: <strong>320 mm<\/strong><\/li>\n<li>\u0160\u00ed\u0159ka krabice [mm]: <strong>180 mm<\/strong><\/li>\n<li>V\u00fd\u0161ka krabice [mm]: <strong>180 mm<\/strong><\/li>\n<li>Proveden\u00ed: <strong>5 litr\u016f<\/strong><\/li>\n<li>V\u00fd\u0161ka [mm]: <strong>304 mm<\/strong><\/li>\n<li>\u0160\u00ed\u0159ka [mm]: <strong>160 mm<\/strong><\/li>\n<li>Hloubka [mm]: <strong>160 mm<\/strong><\/li>\n<li>P\u0159epravovan\u00e9 m\u00e9dium: <strong>voda<\/strong><\/li>\n<\/ul><\/div>\n<\/p><\/div>\n<\/p><\/div>\n<\/p><\/div>\n<\/p><\/div>\n","protected":false},"excerpt":{"rendered":"<p>Popis produktu Novaservis Expanzn\u00ed n\u00e1doba do topn\u00fdch syst\u00e9m\u016f, z\u00e1v\u011bsn\u00e1 Expanzn\u00ed n\u00e1doby se vyzna\u010duj\u00ed \u0161irokou \u0161k\u00e1lou pou\u017eitelnosti. Jsou pou\u017eiteln\u00e9 v rodinn\u00e9m domku i ve velk\u00fdch objektech. N\u00e1doby jsou dod\u00e1v\u00e1ny s vym\u011bnitelnou membr\u00e1nou. P\u0159ipojen\u00ed 3\/4&#8243; M\u00e9dium: voda Instalace: z\u00e1v\u011bsn\u00e1 Expanzn\u00ed n\u00e1doby se vyzna\u010duj\u00ed \u0161irokou \u0161k\u00e1lou pou\u017eitelnosti. Jsou pou\u017eiteln\u00e9 v rodinn\u00e9m domku i ve velk\u00fdch objektech.N\u00e1doby jsou dod\u00e1v\u00e1ny [&hellip;]<\/p>\n","protected":false},"featured_media":13251,"comment_status":"open","ping_status":"open","template":"","meta":[],"product_brand":[],"product_cat":[67],"product_tag":[],"class_list":{"0":"post-13151","1":"product","2":"type-product","3":"status-publish","4":"has-post-thumbnail","6":"product_cat-topeni","8":"first","9":"instock","10":"sale","11":"shipping-taxable","12":"purchasable","13":"product-type-simple"},"yoast_head":"<!-- This site is optimized with the Yoast SEO plugin v26.8 - https:\/\/yoast.com\/product\/yoast-seo-wordpress\/ -->\n<title>V\u00fdhodn\u00e1 Nab\u00eddka Novaservis Expanzn\u00ed n\u00e1doba do topn\u00fdch syst\u00e9m\u016f, z\u00e1v\u011bsn\u00e1 -<\/title>\n<meta name=\"robots\" content=\"index, follow, max-snippet:-1, max-image-preview:large, max-video-preview:-1\" \/>\n<link rel=\"canonical\" href=\"https:\/\/www.oknobuild.com\/index.php\/produkt\/vyhodna-nabidka-novaservis-expanzni-nadoba-do-topnych-systemu-zavesna-13151\/\" \/>\n<meta property=\"og:locale\" content=\"cs_CZ\" \/>\n<meta property=\"og:type\" content=\"article\" \/>\n<meta property=\"og:title\" content=\"V\u00fdhodn\u00e1 Nab\u00eddka Novaservis Expanzn\u00ed n\u00e1doba do topn\u00fdch syst\u00e9m\u016f, z\u00e1v\u011bsn\u00e1 -\" \/>\n<meta property=\"og:description\" content=\"Popis produktu Novaservis Expanzn\u00ed n\u00e1doba do topn\u00fdch syst\u00e9m\u016f, z\u00e1v\u011bsn\u00e1 Expanzn\u00ed n\u00e1doby se vyzna\u010duj\u00ed \u0161irokou \u0161k\u00e1lou pou\u017eitelnosti. Jsou pou\u017eiteln\u00e9 v rodinn\u00e9m domku i ve velk\u00fdch objektech. N\u00e1doby jsou dod\u00e1v\u00e1ny s vym\u011bnitelnou membr\u00e1nou. P\u0159ipojen\u00ed 3\/4&#8243; M\u00e9dium: voda Instalace: z\u00e1v\u011bsn\u00e1 Expanzn\u00ed n\u00e1doby se vyzna\u010duj\u00ed \u0161irokou \u0161k\u00e1lou pou\u017eitelnosti. Jsou pou\u017eiteln\u00e9 v rodinn\u00e9m domku i ve velk\u00fdch objektech.N\u00e1doby jsou dod\u00e1v\u00e1ny [&hellip;]\" \/>\n<meta property=\"og:url\" content=\"https:\/\/www.oknobuild.com\/index.php\/produkt\/vyhodna-nabidka-novaservis-expanzni-nadoba-do-topnych-systemu-zavesna-13151\/\" \/>\n<meta property=\"og:image\" content=\"https:\/\/www.oknobuild.com\/wp-content\/uploads\/2026\/SK0019403-CZ20260425-092632-0-1777080397-novaservis-expanzni-nadoba-do-topnych-systemu-zavesna-12320.webp\" \/>\n\t<meta property=\"og:image:width\" content=\"400\" \/>\n\t<meta property=\"og:image:height\" content=\"600\" \/>\n\t<meta property=\"og:image:type\" content=\"image\/webp\" \/>\n<meta name=\"twitter:card\" content=\"summary_large_image\" \/>\n<meta name=\"twitter:label1\" content=\"Odhadovan\u00e1 doba \u010dten\u00ed\" \/>\n\t<meta name=\"twitter:data1\" content=\"1 minuta\" \/>\n<script type=\"application\/ld+json\" class=\"yoast-schema-graph\">{\"@context\":\"https:\/\/schema.org\",\"@graph\":[{\"@type\":\"WebPage\",\"@id\":\"https:\/\/www.oknobuild.com\/index.php\/produkt\/vyhodna-nabidka-novaservis-expanzni-nadoba-do-topnych-systemu-zavesna-13151\/\",\"url\":\"https:\/\/www.oknobuild.com\/index.php\/produkt\/vyhodna-nabidka-novaservis-expanzni-nadoba-do-topnych-systemu-zavesna-13151\/\",\"name\":\"V\u00fdhodn\u00e1 Nab\u00eddka Novaservis Expanzn\u00ed n\u00e1doba do topn\u00fdch syst\u00e9m\u016f, z\u00e1v\u011bsn\u00e1 -\",\"isPartOf\":{\"@id\":\"https:\/\/www.oknobuild.com\/#website\"},\"primaryImageOfPage\":{\"@id\":\"https:\/\/www.oknobuild.com\/index.php\/produkt\/vyhodna-nabidka-novaservis-expanzni-nadoba-do-topnych-systemu-zavesna-13151\/#primaryimage\"},\"image\":{\"@id\":\"https:\/\/www.oknobuild.com\/index.php\/produkt\/vyhodna-nabidka-novaservis-expanzni-nadoba-do-topnych-systemu-zavesna-13151\/#primaryimage\"},\"thumbnailUrl\":\"https:\/\/www.oknobuild.com\/wp-content\/uploads\/2026\/SK0019403-CZ20260425-092632-0-1777080397-novaservis-expanzni-nadoba-do-topnych-systemu-zavesna-12320.webp\",\"datePublished\":\"2026-04-27T04:41:05+00:00\",\"breadcrumb\":{\"@id\":\"https:\/\/www.oknobuild.com\/index.php\/produkt\/vyhodna-nabidka-novaservis-expanzni-nadoba-do-topnych-systemu-zavesna-13151\/#breadcrumb\"},\"inLanguage\":\"cs\",\"potentialAction\":[{\"@type\":\"ReadAction\",\"target\":[\"https:\/\/www.oknobuild.com\/index.php\/produkt\/vyhodna-nabidka-novaservis-expanzni-nadoba-do-topnych-systemu-zavesna-13151\/\"]}]},{\"@type\":\"ImageObject\",\"inLanguage\":\"cs\",\"@id\":\"https:\/\/www.oknobuild.com\/index.php\/produkt\/vyhodna-nabidka-novaservis-expanzni-nadoba-do-topnych-systemu-zavesna-13151\/#primaryimage\",\"url\":\"https:\/\/www.oknobuild.com\/wp-content\/uploads\/2026\/SK0019403-CZ20260425-092632-0-1777080397-novaservis-expanzni-nadoba-do-topnych-systemu-zavesna-12320.webp\",\"contentUrl\":\"https:\/\/www.oknobuild.com\/wp-content\/uploads\/2026\/SK0019403-CZ20260425-092632-0-1777080397-novaservis-expanzni-nadoba-do-topnych-systemu-zavesna-12320.webp\",\"width\":400,\"height\":600},{\"@type\":\"BreadcrumbList\",\"@id\":\"https:\/\/www.oknobuild.com\/index.php\/produkt\/vyhodna-nabidka-novaservis-expanzni-nadoba-do-topnych-systemu-zavesna-13151\/#breadcrumb\",\"itemListElement\":[{\"@type\":\"ListItem\",\"position\":1,\"name\":\"Home\",\"item\":\"https:\/\/www.oknobuild.com\/\"},{\"@type\":\"ListItem\",\"position\":2,\"name\":\"Products\",\"item\":\"https:\/\/www.oknobuild.com\/index.php\/products\/\"},{\"@type\":\"ListItem\",\"position\":3,\"name\":\"V\u00fdhodn\u00e1 Nab\u00eddka Novaservis Expanzn\u00ed n\u00e1doba do topn\u00fdch syst\u00e9m\u016f, z\u00e1v\u011bsn\u00e1\"}]},{\"@type\":\"WebSite\",\"@id\":\"https:\/\/www.oknobuild.com\/#website\",\"url\":\"https:\/\/www.oknobuild.com\/\",\"name\":\"\",\"description\":\"\",\"potentialAction\":[{\"@type\":\"SearchAction\",\"target\":{\"@type\":\"EntryPoint\",\"urlTemplate\":\"https:\/\/www.oknobuild.com\/?s={search_term_string}\"},\"query-input\":{\"@type\":\"PropertyValueSpecification\",\"valueRequired\":true,\"valueName\":\"search_term_string\"}}],\"inLanguage\":\"cs\"}]}<\/script>\n<!-- \/ Yoast SEO plugin. -->","yoast_head_json":{"title":"V\u00fdhodn\u00e1 Nab\u00eddka Novaservis Expanzn\u00ed n\u00e1doba do topn\u00fdch syst\u00e9m\u016f, z\u00e1v\u011bsn\u00e1 -","robots":{"index":"index","follow":"follow","max-snippet":"max-snippet:-1","max-image-preview":"max-image-preview:large","max-video-preview":"max-video-preview:-1"},"canonical":"https:\/\/www.oknobuild.com\/index.php\/produkt\/vyhodna-nabidka-novaservis-expanzni-nadoba-do-topnych-systemu-zavesna-13151\/","og_locale":"cs_CZ","og_type":"article","og_title":"V\u00fdhodn\u00e1 Nab\u00eddka Novaservis Expanzn\u00ed n\u00e1doba do topn\u00fdch syst\u00e9m\u016f, z\u00e1v\u011bsn\u00e1 -","og_description":"Popis produktu Novaservis Expanzn\u00ed n\u00e1doba do topn\u00fdch syst\u00e9m\u016f, z\u00e1v\u011bsn\u00e1 Expanzn\u00ed n\u00e1doby se vyzna\u010duj\u00ed \u0161irokou \u0161k\u00e1lou pou\u017eitelnosti. Jsou pou\u017eiteln\u00e9 v rodinn\u00e9m domku i ve velk\u00fdch objektech. N\u00e1doby jsou dod\u00e1v\u00e1ny s vym\u011bnitelnou membr\u00e1nou. P\u0159ipojen\u00ed 3\/4&#8243; M\u00e9dium: voda Instalace: z\u00e1v\u011bsn\u00e1 Expanzn\u00ed n\u00e1doby se vyzna\u010duj\u00ed \u0161irokou \u0161k\u00e1lou pou\u017eitelnosti. Jsou pou\u017eiteln\u00e9 v rodinn\u00e9m domku i ve velk\u00fdch objektech.N\u00e1doby jsou dod\u00e1v\u00e1ny [&hellip;]","og_url":"https:\/\/www.oknobuild.com\/index.php\/produkt\/vyhodna-nabidka-novaservis-expanzni-nadoba-do-topnych-systemu-zavesna-13151\/","og_image":[{"width":400,"height":600,"url":"https:\/\/www.oknobuild.com\/wp-content\/uploads\/2026\/SK0019403-CZ20260425-092632-0-1777080397-novaservis-expanzni-nadoba-do-topnych-systemu-zavesna-12320.webp","type":"image\/webp"}],"twitter_card":"summary_large_image","twitter_misc":{"Odhadovan\u00e1 doba \u010dten\u00ed":"1 minuta"},"schema":{"@context":"https:\/\/schema.org","@graph":[{"@type":"WebPage","@id":"https:\/\/www.oknobuild.com\/index.php\/produkt\/vyhodna-nabidka-novaservis-expanzni-nadoba-do-topnych-systemu-zavesna-13151\/","url":"https:\/\/www.oknobuild.com\/index.php\/produkt\/vyhodna-nabidka-novaservis-expanzni-nadoba-do-topnych-systemu-zavesna-13151\/","name":"V\u00fdhodn\u00e1 Nab\u00eddka Novaservis Expanzn\u00ed n\u00e1doba do topn\u00fdch syst\u00e9m\u016f, z\u00e1v\u011bsn\u00e1 -","isPartOf":{"@id":"https:\/\/www.oknobuild.com\/#website"},"primaryImageOfPage":{"@id":"https:\/\/www.oknobuild.com\/index.php\/produkt\/vyhodna-nabidka-novaservis-expanzni-nadoba-do-topnych-systemu-zavesna-13151\/#primaryimage"},"image":{"@id":"https:\/\/www.oknobuild.com\/index.php\/produkt\/vyhodna-nabidka-novaservis-expanzni-nadoba-do-topnych-systemu-zavesna-13151\/#primaryimage"},"thumbnailUrl":"https:\/\/www.oknobuild.com\/wp-content\/uploads\/2026\/SK0019403-CZ20260425-092632-0-1777080397-novaservis-expanzni-nadoba-do-topnych-systemu-zavesna-12320.webp","datePublished":"2026-04-27T04:41:05+00:00","breadcrumb":{"@id":"https:\/\/www.oknobuild.com\/index.php\/produkt\/vyhodna-nabidka-novaservis-expanzni-nadoba-do-topnych-systemu-zavesna-13151\/#breadcrumb"},"inLanguage":"cs","potentialAction":[{"@type":"ReadAction","target":["https:\/\/www.oknobuild.com\/index.php\/produkt\/vyhodna-nabidka-novaservis-expanzni-nadoba-do-topnych-systemu-zavesna-13151\/"]}]},{"@type":"ImageObject","inLanguage":"cs","@id":"https:\/\/www.oknobuild.com\/index.php\/produkt\/vyhodna-nabidka-novaservis-expanzni-nadoba-do-topnych-systemu-zavesna-13151\/#primaryimage","url":"https:\/\/www.oknobuild.com\/wp-content\/uploads\/2026\/SK0019403-CZ20260425-092632-0-1777080397-novaservis-expanzni-nadoba-do-topnych-systemu-zavesna-12320.webp","contentUrl":"https:\/\/www.oknobuild.com\/wp-content\/uploads\/2026\/SK0019403-CZ20260425-092632-0-1777080397-novaservis-expanzni-nadoba-do-topnych-systemu-zavesna-12320.webp","width":400,"height":600},{"@type":"BreadcrumbList","@id":"https:\/\/www.oknobuild.com\/index.php\/produkt\/vyhodna-nabidka-novaservis-expanzni-nadoba-do-topnych-systemu-zavesna-13151\/#breadcrumb","itemListElement":[{"@type":"ListItem","position":1,"name":"Home","item":"https:\/\/www.oknobuild.com\/"},{"@type":"ListItem","position":2,"name":"Products","item":"https:\/\/www.oknobuild.com\/index.php\/products\/"},{"@type":"ListItem","position":3,"name":"V\u00fdhodn\u00e1 Nab\u00eddka Novaservis Expanzn\u00ed n\u00e1doba do topn\u00fdch syst\u00e9m\u016f, z\u00e1v\u011bsn\u00e1"}]},{"@type":"WebSite","@id":"https:\/\/www.oknobuild.com\/#website","url":"https:\/\/www.oknobuild.com\/","name":"","description":"","potentialAction":[{"@type":"SearchAction","target":{"@type":"EntryPoint","urlTemplate":"https:\/\/www.oknobuild.com\/?s={search_term_string}"},"query-input":{"@type":"PropertyValueSpecification","valueRequired":true,"valueName":"search_term_string"}}],"inLanguage":"cs"}]}},"_links":{"self":[{"href":"https:\/\/www.oknobuild.com\/index.php\/wp-json\/wp\/v2\/product\/13151","targetHints":{"allow":["GET"]}}],"collection":[{"href":"https:\/\/www.oknobuild.com\/index.php\/wp-json\/wp\/v2\/product"}],"about":[{"href":"https:\/\/www.oknobuild.com\/index.php\/wp-json\/wp\/v2\/types\/product"}],"replies":[{"embeddable":true,"href":"https:\/\/www.oknobuild.com\/index.php\/wp-json\/wp\/v2\/comments?post=13151"}],"wp:featuredmedia":[{"embeddable":true,"href":"https:\/\/www.oknobuild.com\/index.php\/wp-json\/wp\/v2\/media\/13251"}],"wp:attachment":[{"href":"https:\/\/www.oknobuild.com\/index.php\/wp-json\/wp\/v2\/media?parent=13151"}],"wp:term":[{"taxonomy":"product_brand","embeddable":true,"href":"https:\/\/www.oknobuild.com\/index.php\/wp-json\/wp\/v2\/product_brand?post=13151"},{"taxonomy":"product_cat","embeddable":true,"href":"https:\/\/www.oknobuild.com\/index.php\/wp-json\/wp\/v2\/product_cat?post=13151"},{"taxonomy":"product_tag","embeddable":true,"href":"https:\/\/www.oknobuild.com\/index.php\/wp-json\/wp\/v2\/product_tag?post=13151"}],"curies":[{"name":"wp","href":"https:\/\/api.w.org\/{rel}","templated":true}]}}