{"id":1316,"date":"2026-04-27T04:40:44","date_gmt":"2026-04-27T04:40:44","guid":{"rendered":""},"modified":"2026-04-27T04:40:44","modified_gmt":"2026-04-27T04:40:44","slug":"znackovy-ceska-manufaktura-freeswing-240-cm-1316","status":"publish","type":"product","link":"https:\/\/www.oknobuild.com\/index.php\/produkt\/znackovy-ceska-manufaktura-freeswing-240-cm-1316\/","title":{"rendered":"Zna\u010dkov\u00fd \u010cesk\u00e1 Manufaktura Freeswing 240 cm"},"content":{"rendered":"<div class=\"detail-description__right\">\n<div class=\"parameters\">\n<div class=\"table table--simple\">\n<table>\n<tbody>\n<tr>\n<td colspan=\"2\">\n<h4>Vlastnosti<\/h4>\n<\/td>\n<\/tr>\n<tr>\n<td>Materi\u00e1l<\/td>\n<td>smrkov\u00e9, borovicov\u00e9 d\u0159evo<\/td>\n<\/tr>\n<tr>\n<td>Podklad<\/td>\n<td>tr\u00e1va \/ p\u00edsek \/ ka\u010d\u00edrek \/ mul\u010d<\/td>\n<\/tr>\n<tr>\n<td>Vhodn\u00e9 pro<\/td>\n<td>d\u011bti 3\u201312 let<\/td>\n<\/tr>\n<tr>\n<td colspan=\"2\">\n<h4>Parametry<\/h4>\n<\/td>\n<\/tr>\n<tr>\n<td>Z\u00e1ruka<\/td>\n<td>24 m\u011bs\u00edc\u016f<\/td>\n<\/tr>\n<tr>\n<td>Zna\u010dka<\/td>\n<td>\u010cesk\u00e1 Manufaktura<\/td>\n<\/tr>\n<\/tbody>\n<\/table><\/div>\n<\/div><\/div>\n<div class=\"detail-description__top\">\t\t\t\t<\/div>\n<div class=\"detail-description__left\">\n<div class=\"detail-description__left__overflow\">\n<div class=\"detail-description__left__head\">\t\t\t\t\t\tPopis:\t\t\t\t\t<\/div>\n<div class=\"ul-style ul-style--check\">\n<p>Variabiln\u00ed d\u0159ev\u011bn\u00e1 venkovn\u00ed konstrukce, kter\u00e1 p\u0159inese spoustu z\u00e1bavy na zahradu i d\u011btsk\u00e9 h\u0159i\u0161t\u011b. D\u00edky robustn\u00ed<strong> tlakov\u011b impregnovan\u00e9 d\u0159ev\u011bn\u00e9 konstrukci<\/strong> a \u0161ikm\u00fdm bo\u010dn\u00edm ramen\u016fm poskytuje dlouhotrvaj\u00edc\u00ed stabilitu a bezpe\u010dn\u00e9 houp\u00e1n\u00ed.<\/p>\n<ul class=\"plusminus\">\n<li><i class=\"fas fa-check\"><\/i><span>Univerz\u00e1ln\u00ed z\u00e1v\u011bsn\u00fd syst\u00e9m<\/span><\/li>\n<li><i class=\"fas fa-check\"><\/i><span>Snadn\u00e1 mont\u00e1\u017e a \u00fadr\u017eba<\/span><\/li>\n<li><i class=\"fas fa-check\"><\/i><span>Vysok\u00e1 stabilita a bezpe\u010dnost<\/span><\/li>\n<\/ul>\n<p>D\u00edky <strong>univerz\u00e1ln\u00edmu vrchn\u00edmu r\u00e1hnu<\/strong> si p\u0159izp\u016fsob\u00edte p\u0159esn\u011b podle pot\u0159eb \u2013 lze na n\u011bj snadno zav\u011bsit klasick\u00e9 houpa\u010dkov\u00e9 sed\u00e1ky, d\u011btsk\u00e9 seda\u010dky, hrazdy, provazov\u00e9 \u017eeb\u0159\u00edky, hn\u00edzda, duo houpa\u010dky nebo dal\u0161\u00ed z\u00e1v\u011bsn\u00e9 prvky. V\u00fdm\u011bna p\u0159\u00edslu\u0161enstv\u00ed je rychl\u00e1 a jednoduch\u00e1 d\u00edky karabinov\u00fdm h\u00e1\u010dk\u016fm.<\/p>\n<p>Houpa\u010dka je ide\u00e1ln\u00ed volbou pro rodiny s v\u011bt\u0161\u00ed zahradou, kde d\u011bti mohou rozv\u00edjet motoriku, u\u017e\u00edvat si hry venku a tr\u00e1vit \u010das aktivn\u011b. Robustn\u00ed konstrukce a kvalitn\u00ed materi\u00e1l zaru\u010duj\u00ed <strong>dlouhou \u017eivotnost a odolnost.<\/strong><\/p>\n<\/div>\n<div class=\"detail-description__left__more\">\t\t\t\t\t\t<span> <\/span><span> <\/span>\t\t\t\t\t<\/div>\n<\/p><\/div>\n<\/p><\/div>\n<div class=\"detail-description__more\"><span> <\/span><span> <\/span><\/div>\n<\/p><\/div>\n<\/p><\/div>\n","protected":false},"excerpt":{"rendered":"<p>Vlastnosti Materi\u00e1l smrkov\u00e9, borovicov\u00e9 d\u0159evo Podklad tr\u00e1va \/ p\u00edsek \/ ka\u010d\u00edrek \/ mul\u010d Vhodn\u00e9 pro d\u011bti 3\u201312 let Parametry Z\u00e1ruka 24 m\u011bs\u00edc\u016f Zna\u010dka \u010cesk\u00e1 Manufaktura Popis: Variabiln\u00ed d\u0159ev\u011bn\u00e1 venkovn\u00ed konstrukce, kter\u00e1 p\u0159inese spoustu z\u00e1bavy na zahradu i d\u011btsk\u00e9 h\u0159i\u0161t\u011b. D\u00edky robustn\u00ed tlakov\u011b impregnovan\u00e9 d\u0159ev\u011bn\u00e9 konstrukci a \u0161ikm\u00fdm bo\u010dn\u00edm ramen\u016fm poskytuje dlouhotrvaj\u00edc\u00ed stabilitu a bezpe\u010dn\u00e9 houp\u00e1n\u00ed. [&hellip;]<\/p>\n","protected":false},"featured_media":1416,"comment_status":"open","ping_status":"open","template":"","meta":[],"product_brand":[],"product_cat":[33],"product_tag":[],"class_list":{"0":"post-1316","1":"product","2":"type-product","3":"status-publish","4":"has-post-thumbnail","6":"product_cat-zahrada","8":"first","9":"instock","10":"sale","11":"shipping-taxable","12":"purchasable","13":"product-type-simple"},"yoast_head":"<!-- This site is optimized with the Yoast SEO plugin v26.8 - https:\/\/yoast.com\/product\/yoast-seo-wordpress\/ -->\n<title>Zna\u010dkov\u00fd \u010cesk\u00e1 Manufaktura Freeswing 240 cm -<\/title>\n<meta name=\"robots\" content=\"index, follow, max-snippet:-1, max-image-preview:large, max-video-preview:-1\" \/>\n<link rel=\"canonical\" href=\"https:\/\/www.oknobuild.com\/index.php\/produkt\/znackovy-ceska-manufaktura-freeswing-240-cm-1316\/\" \/>\n<meta property=\"og:locale\" content=\"cs_CZ\" \/>\n<meta property=\"og:type\" content=\"article\" \/>\n<meta property=\"og:title\" content=\"Zna\u010dkov\u00fd \u010cesk\u00e1 Manufaktura Freeswing 240 cm -\" \/>\n<meta property=\"og:description\" content=\"Vlastnosti Materi\u00e1l smrkov\u00e9, borovicov\u00e9 d\u0159evo Podklad tr\u00e1va \/ p\u00edsek \/ ka\u010d\u00edrek \/ mul\u010d Vhodn\u00e9 pro d\u011bti 3\u201312 let Parametry Z\u00e1ruka 24 m\u011bs\u00edc\u016f Zna\u010dka \u010cesk\u00e1 Manufaktura Popis: Variabiln\u00ed d\u0159ev\u011bn\u00e1 venkovn\u00ed konstrukce, kter\u00e1 p\u0159inese spoustu z\u00e1bavy na zahradu i d\u011btsk\u00e9 h\u0159i\u0161t\u011b. D\u00edky robustn\u00ed tlakov\u011b impregnovan\u00e9 d\u0159ev\u011bn\u00e9 konstrukci a \u0161ikm\u00fdm bo\u010dn\u00edm ramen\u016fm poskytuje dlouhotrvaj\u00edc\u00ed stabilitu a bezpe\u010dn\u00e9 houp\u00e1n\u00ed. [&hellip;]\" \/>\n<meta property=\"og:url\" content=\"https:\/\/www.oknobuild.com\/index.php\/produkt\/znackovy-ceska-manufaktura-freeswing-240-cm-1316\/\" \/>\n<meta property=\"og:image\" content=\"https:\/\/www.oknobuild.com\/wp-content\/uploads\/2026\/SK0022297-CZ20260425-091936-0-1777079982-houpacka-ceska-manufaktura-freeswing-w1200-h628-f8-afe685ba.webp\" \/>\n\t<meta property=\"og:image:width\" content=\"1000\" \/>\n\t<meta property=\"og:image:height\" content=\"523\" \/>\n\t<meta property=\"og:image:type\" content=\"image\/webp\" \/>\n<meta name=\"twitter:card\" content=\"summary_large_image\" \/>\n<meta name=\"twitter:label1\" content=\"Odhadovan\u00e1 doba \u010dten\u00ed\" \/>\n\t<meta name=\"twitter:data1\" content=\"1 minuta\" \/>\n<script type=\"application\/ld+json\" class=\"yoast-schema-graph\">{\"@context\":\"https:\/\/schema.org\",\"@graph\":[{\"@type\":\"WebPage\",\"@id\":\"https:\/\/www.oknobuild.com\/index.php\/produkt\/znackovy-ceska-manufaktura-freeswing-240-cm-1316\/\",\"url\":\"https:\/\/www.oknobuild.com\/index.php\/produkt\/znackovy-ceska-manufaktura-freeswing-240-cm-1316\/\",\"name\":\"Zna\u010dkov\u00fd \u010cesk\u00e1 Manufaktura Freeswing 240 cm -\",\"isPartOf\":{\"@id\":\"https:\/\/www.oknobuild.com\/#website\"},\"primaryImageOfPage\":{\"@id\":\"https:\/\/www.oknobuild.com\/index.php\/produkt\/znackovy-ceska-manufaktura-freeswing-240-cm-1316\/#primaryimage\"},\"image\":{\"@id\":\"https:\/\/www.oknobuild.com\/index.php\/produkt\/znackovy-ceska-manufaktura-freeswing-240-cm-1316\/#primaryimage\"},\"thumbnailUrl\":\"https:\/\/www.oknobuild.com\/wp-content\/uploads\/2026\/SK0022297-CZ20260425-091936-0-1777079982-houpacka-ceska-manufaktura-freeswing-w1200-h628-f8-afe685ba.webp\",\"datePublished\":\"2026-04-27T04:40:44+00:00\",\"breadcrumb\":{\"@id\":\"https:\/\/www.oknobuild.com\/index.php\/produkt\/znackovy-ceska-manufaktura-freeswing-240-cm-1316\/#breadcrumb\"},\"inLanguage\":\"cs\",\"potentialAction\":[{\"@type\":\"ReadAction\",\"target\":[\"https:\/\/www.oknobuild.com\/index.php\/produkt\/znackovy-ceska-manufaktura-freeswing-240-cm-1316\/\"]}]},{\"@type\":\"ImageObject\",\"inLanguage\":\"cs\",\"@id\":\"https:\/\/www.oknobuild.com\/index.php\/produkt\/znackovy-ceska-manufaktura-freeswing-240-cm-1316\/#primaryimage\",\"url\":\"https:\/\/www.oknobuild.com\/wp-content\/uploads\/2026\/SK0022297-CZ20260425-091936-0-1777079982-houpacka-ceska-manufaktura-freeswing-w1200-h628-f8-afe685ba.webp\",\"contentUrl\":\"https:\/\/www.oknobuild.com\/wp-content\/uploads\/2026\/SK0022297-CZ20260425-091936-0-1777079982-houpacka-ceska-manufaktura-freeswing-w1200-h628-f8-afe685ba.webp\",\"width\":1000,\"height\":523},{\"@type\":\"BreadcrumbList\",\"@id\":\"https:\/\/www.oknobuild.com\/index.php\/produkt\/znackovy-ceska-manufaktura-freeswing-240-cm-1316\/#breadcrumb\",\"itemListElement\":[{\"@type\":\"ListItem\",\"position\":1,\"name\":\"Home\",\"item\":\"https:\/\/www.oknobuild.com\/\"},{\"@type\":\"ListItem\",\"position\":2,\"name\":\"Products\",\"item\":\"https:\/\/www.oknobuild.com\/index.php\/products\/\"},{\"@type\":\"ListItem\",\"position\":3,\"name\":\"Zna\u010dkov\u00fd \u010cesk\u00e1 Manufaktura Freeswing 240 cm\"}]},{\"@type\":\"WebSite\",\"@id\":\"https:\/\/www.oknobuild.com\/#website\",\"url\":\"https:\/\/www.oknobuild.com\/\",\"name\":\"\",\"description\":\"\",\"potentialAction\":[{\"@type\":\"SearchAction\",\"target\":{\"@type\":\"EntryPoint\",\"urlTemplate\":\"https:\/\/www.oknobuild.com\/?s={search_term_string}\"},\"query-input\":{\"@type\":\"PropertyValueSpecification\",\"valueRequired\":true,\"valueName\":\"search_term_string\"}}],\"inLanguage\":\"cs\"}]}<\/script>\n<!-- \/ Yoast SEO plugin. -->","yoast_head_json":{"title":"Zna\u010dkov\u00fd \u010cesk\u00e1 Manufaktura Freeswing 240 cm -","robots":{"index":"index","follow":"follow","max-snippet":"max-snippet:-1","max-image-preview":"max-image-preview:large","max-video-preview":"max-video-preview:-1"},"canonical":"https:\/\/www.oknobuild.com\/index.php\/produkt\/znackovy-ceska-manufaktura-freeswing-240-cm-1316\/","og_locale":"cs_CZ","og_type":"article","og_title":"Zna\u010dkov\u00fd \u010cesk\u00e1 Manufaktura Freeswing 240 cm -","og_description":"Vlastnosti Materi\u00e1l smrkov\u00e9, borovicov\u00e9 d\u0159evo Podklad tr\u00e1va \/ p\u00edsek \/ ka\u010d\u00edrek \/ mul\u010d Vhodn\u00e9 pro d\u011bti 3\u201312 let Parametry Z\u00e1ruka 24 m\u011bs\u00edc\u016f Zna\u010dka \u010cesk\u00e1 Manufaktura Popis: Variabiln\u00ed d\u0159ev\u011bn\u00e1 venkovn\u00ed konstrukce, kter\u00e1 p\u0159inese spoustu z\u00e1bavy na zahradu i d\u011btsk\u00e9 h\u0159i\u0161t\u011b. D\u00edky robustn\u00ed tlakov\u011b impregnovan\u00e9 d\u0159ev\u011bn\u00e9 konstrukci a \u0161ikm\u00fdm bo\u010dn\u00edm ramen\u016fm poskytuje dlouhotrvaj\u00edc\u00ed stabilitu a bezpe\u010dn\u00e9 houp\u00e1n\u00ed. [&hellip;]","og_url":"https:\/\/www.oknobuild.com\/index.php\/produkt\/znackovy-ceska-manufaktura-freeswing-240-cm-1316\/","og_image":[{"width":1000,"height":523,"url":"https:\/\/www.oknobuild.com\/wp-content\/uploads\/2026\/SK0022297-CZ20260425-091936-0-1777079982-houpacka-ceska-manufaktura-freeswing-w1200-h628-f8-afe685ba.webp","type":"image\/webp"}],"twitter_card":"summary_large_image","twitter_misc":{"Odhadovan\u00e1 doba \u010dten\u00ed":"1 minuta"},"schema":{"@context":"https:\/\/schema.org","@graph":[{"@type":"WebPage","@id":"https:\/\/www.oknobuild.com\/index.php\/produkt\/znackovy-ceska-manufaktura-freeswing-240-cm-1316\/","url":"https:\/\/www.oknobuild.com\/index.php\/produkt\/znackovy-ceska-manufaktura-freeswing-240-cm-1316\/","name":"Zna\u010dkov\u00fd \u010cesk\u00e1 Manufaktura Freeswing 240 cm -","isPartOf":{"@id":"https:\/\/www.oknobuild.com\/#website"},"primaryImageOfPage":{"@id":"https:\/\/www.oknobuild.com\/index.php\/produkt\/znackovy-ceska-manufaktura-freeswing-240-cm-1316\/#primaryimage"},"image":{"@id":"https:\/\/www.oknobuild.com\/index.php\/produkt\/znackovy-ceska-manufaktura-freeswing-240-cm-1316\/#primaryimage"},"thumbnailUrl":"https:\/\/www.oknobuild.com\/wp-content\/uploads\/2026\/SK0022297-CZ20260425-091936-0-1777079982-houpacka-ceska-manufaktura-freeswing-w1200-h628-f8-afe685ba.webp","datePublished":"2026-04-27T04:40:44+00:00","breadcrumb":{"@id":"https:\/\/www.oknobuild.com\/index.php\/produkt\/znackovy-ceska-manufaktura-freeswing-240-cm-1316\/#breadcrumb"},"inLanguage":"cs","potentialAction":[{"@type":"ReadAction","target":["https:\/\/www.oknobuild.com\/index.php\/produkt\/znackovy-ceska-manufaktura-freeswing-240-cm-1316\/"]}]},{"@type":"ImageObject","inLanguage":"cs","@id":"https:\/\/www.oknobuild.com\/index.php\/produkt\/znackovy-ceska-manufaktura-freeswing-240-cm-1316\/#primaryimage","url":"https:\/\/www.oknobuild.com\/wp-content\/uploads\/2026\/SK0022297-CZ20260425-091936-0-1777079982-houpacka-ceska-manufaktura-freeswing-w1200-h628-f8-afe685ba.webp","contentUrl":"https:\/\/www.oknobuild.com\/wp-content\/uploads\/2026\/SK0022297-CZ20260425-091936-0-1777079982-houpacka-ceska-manufaktura-freeswing-w1200-h628-f8-afe685ba.webp","width":1000,"height":523},{"@type":"BreadcrumbList","@id":"https:\/\/www.oknobuild.com\/index.php\/produkt\/znackovy-ceska-manufaktura-freeswing-240-cm-1316\/#breadcrumb","itemListElement":[{"@type":"ListItem","position":1,"name":"Home","item":"https:\/\/www.oknobuild.com\/"},{"@type":"ListItem","position":2,"name":"Products","item":"https:\/\/www.oknobuild.com\/index.php\/products\/"},{"@type":"ListItem","position":3,"name":"Zna\u010dkov\u00fd \u010cesk\u00e1 Manufaktura Freeswing 240 cm"}]},{"@type":"WebSite","@id":"https:\/\/www.oknobuild.com\/#website","url":"https:\/\/www.oknobuild.com\/","name":"","description":"","potentialAction":[{"@type":"SearchAction","target":{"@type":"EntryPoint","urlTemplate":"https:\/\/www.oknobuild.com\/?s={search_term_string}"},"query-input":{"@type":"PropertyValueSpecification","valueRequired":true,"valueName":"search_term_string"}}],"inLanguage":"cs"}]}},"_links":{"self":[{"href":"https:\/\/www.oknobuild.com\/index.php\/wp-json\/wp\/v2\/product\/1316","targetHints":{"allow":["GET"]}}],"collection":[{"href":"https:\/\/www.oknobuild.com\/index.php\/wp-json\/wp\/v2\/product"}],"about":[{"href":"https:\/\/www.oknobuild.com\/index.php\/wp-json\/wp\/v2\/types\/product"}],"replies":[{"embeddable":true,"href":"https:\/\/www.oknobuild.com\/index.php\/wp-json\/wp\/v2\/comments?post=1316"}],"wp:featuredmedia":[{"embeddable":true,"href":"https:\/\/www.oknobuild.com\/index.php\/wp-json\/wp\/v2\/media\/1416"}],"wp:attachment":[{"href":"https:\/\/www.oknobuild.com\/index.php\/wp-json\/wp\/v2\/media?parent=1316"}],"wp:term":[{"taxonomy":"product_brand","embeddable":true,"href":"https:\/\/www.oknobuild.com\/index.php\/wp-json\/wp\/v2\/product_brand?post=1316"},{"taxonomy":"product_cat","embeddable":true,"href":"https:\/\/www.oknobuild.com\/index.php\/wp-json\/wp\/v2\/product_cat?post=1316"},{"taxonomy":"product_tag","embeddable":true,"href":"https:\/\/www.oknobuild.com\/index.php\/wp-json\/wp\/v2\/product_tag?post=1316"}],"curies":[{"name":"wp","href":"https:\/\/api.w.org\/{rel}","templated":true}]}}