{"id":13189,"date":"2026-04-27T04:41:05","date_gmt":"2026-04-27T04:41:05","guid":{"rendered":""},"modified":"2026-04-27T04:41:05","modified_gmt":"2026-04-27T04:41:05","slug":"overeny-elicent-decentralni-rekuperacni-jednotka-rec-smart-100-400-13189","status":"publish","type":"product","link":"https:\/\/www.oknobuild.com\/index.php\/produkt\/overeny-elicent-decentralni-rekuperacni-jednotka-rec-smart-100-400-13189\/","title":{"rendered":"Ov\u011b\u0159en\u00fd Elicent Decentr\u00e1ln\u00ed rekupera\u010dn\u00ed jednotka REC Smart 100\/400"},"content":{"rendered":"<div class=\"ProductDetail-content NoFixImageContainer\" id=\"productDescription\">\n<div class=\"Heading\">\n<h2 class=\"Heading-title\">Popis produktu <span class=''>Elicent Decentr\u00e1ln\u00ed rekupera\u010dn\u00ed jednotka REC Smart 100\/400<\/span><\/h2>\n<\/p><\/div>\n<div class=\"ProductDetailContent\">\n<h3>Charakteristika<\/h3>\n<ul>\n<li>Rekupera\u010dn\u00ed jednotka pro jednu m\u00edstnost do 40 m\u00b2<\/li>\n<li>\u00da\u010dinnost rekuperace a\u017e 75 %<\/li>\n<li>Snadn\u00e1 instalace<\/li>\n<li>Lze pou\u017e\u00edt pro vertik\u00e1ln\u00ed, tak horizont\u00e1ln\u00ed instalaci<\/li>\n<li>Pr\u016fm\u011br tubusu 10 cm<\/li>\n<li>Pom\u00e1h\u00e1 sn\u00ed\u017eit probl\u00e9my se vzdu\u0161nou vlhkost\u00ed a kondenzac\u00ed vodn\u00edch par<\/li>\n<li>Ur\u010dena pro kuchyn\u011b, koupelny<\/li>\n<li>Ide\u00e1ln\u00ed pro rekonstrukce, jako n\u00e1hrada pro nefunk\u010dn\u00ed ventil\u00e1tor, nevy\u017eaduje rozvody vzduchu<\/li>\n<li>Snadn\u00e1 \u00fadr\u017eba a \u010di\u0161t\u011bn\u00ed<\/li>\n<li>Tich\u00fd provoz &lt; 40 dB(A)<\/li>\n<\/ul>\n<h3>Dv\u011b proveden\u00ed<\/h3>\n<p><strong>1 &#8211; Standard<\/strong><\/p>\n<ul>\n<li>Pro trval\u00fd provoz p\u0159i n\u00edzk\u00fdch ot\u00e1\u010dk\u00e1ch 24\/7<\/li>\n<li>Jednotka se p\u0159epne manu\u00e1ln\u011b na nejvy\u0161\u0161\u00ed rychlost<\/li>\n<li>Jednotka p\u0159epne na nejvy\u0161\u0161\u00ed rychlost pokud je aktivn\u00ed \u010dasova\u010d (lze nastavit od 0 do 30minut), po vypnut\u00ed \u010dasova\u010de se vrac\u00ed zp\u011bt na minim\u00e1ln\u00ed ot\u00e1\u010dky<\/li>\n<\/ul>\n<p><strong>2 &#8211; Hygrostat<\/strong><\/p>\n<ul>\n<li>Pro trval\u00fd provoz p\u0159i n\u00edzk\u00fdch ot\u00e1\u010dk\u00e1ch 24\/7<\/li>\n<li>Jednotka p\u0159epne na nejvy\u0161\u0161\u00ed rychlost automaticky a plynule, pokud je aktivn\u00ed hygrostat (lze nastavit od 40 do 90%)<\/li>\n<li>Po sn\u00ed\u017een\u00ed vlhkosti pod nastavenou hodnotu (od 40 do 90%) se jednotka vrac\u00ed k chodu na minim\u00e1ln\u00ed ot\u00e1\u010dky<\/li>\n<\/ul>\n<h3>Technick\u00e9 parametry<\/h3>\n<table class=\"specs-bnp\">\n<thead>\n<tr>\n<th>Typ<\/th>\n<th>Rozm\u011bry [mm]<\/th>\n<th>Nap\u011bt\u00ed [V]<\/th>\n<th>Objemov\u00fd pr\u016ftok min\/max [m\u00b3\/h]<\/th>\n<th>V\u00fdkon min\/max [W]<\/th>\n<th>Proud min\/max [A]<\/th>\n<th>Hluk dB(A) LwA \/ LpA*<\/th>\n<th>Hmotnost [kg]<\/th>\n<th>Pr\u016fm\u011br \u2205<\/th>\n<th>Tlou\u0161\u0165ka st\u011bny max.&nbsp;[mm]<\/th>\n<\/tr>\n<\/thead>\n<tbody>\n<tr>\n<th scope=\"row\">REC Smart 100\/400<\/th>\n<td>100 \u00d7 400<\/td>\n<td>230<\/td>\n<td>27 \/ 53<\/td>\n<td>8,3 \/ 28,3<\/td>\n<td>0,075 \/ 0,207<\/td>\n<td>48,3 \/ 59,4 LwA, 27,7 \/ 39,3 LpA*<\/td>\n<td>3,8<\/td>\n<td>100<\/td>\n<td>400<\/td>\n<\/tr>\n<tr>\n<th scope=\"row\">REC Smart 100\/500<\/th>\n<td>100 \u00d7 500<\/td>\n<td>230<\/td>\n<td>27 \/ 53<\/td>\n<td>8,3 \/ 28,3<\/td>\n<td>0,075 \/ 0,207<\/td>\n<td>48,3 \/ 59,4 LwA, 27,7 \/ 39,3 LpA*<\/td>\n<td>3,9<\/td>\n<td>100<\/td>\n<td>500<\/td>\n<\/tr>\n<tr>\n<th scope=\"row\">REC Smart 100\/600<\/th>\n<td>100 \u00d7 600<\/td>\n<td>230<\/td>\n<td>27 \/ 53<\/td>\n<td>8,3 \/ 28,3<\/td>\n<td>0,075 \/ 0,207<\/td>\n<td>48,3 \/ 59,4 LwA, 27,7 \/ 39,3 LpA*<\/td>\n<td>4,0<\/td>\n<td>100<\/td>\n<td>600<\/td>\n<\/tr>\n<tr>\n<th scope=\"row\">REC Smart 100\/400 \u2013 <strong>Hygrostat<\/strong><\/th>\n<td>100 \u00d7 400<\/td>\n<td>230<\/td>\n<td>27 \/ 53<\/td>\n<td>8,3 \/ 28,3<\/td>\n<td>0,075 \/ 0,207<\/td>\n<td>48,3 \/ 59,4 LwA, 27,7 \/ 39,3 LpA*<\/td>\n<td>3,8<\/td>\n<td>100<\/td>\n<td>400<\/td>\n<\/tr>\n<tr>\n<th scope=\"row\">REC Smart 100\/500 \u2013 <strong>Hygrostat<\/strong><\/th>\n<td>100 \u00d7 500<\/td>\n<td>230<\/td>\n<td>27 \/ 53<\/td>\n<td>8,3 \/ 28,3<\/td>\n<td>0,075 \/ 0,207<\/td>\n<td>48,3 \/ 59,4 LwA, 27,7 \/ 39,3 LpA*<\/td>\n<td>3,9<\/td>\n<td>100<\/td>\n<td>500<\/td>\n<\/tr>\n<tr>\n<th scope=\"row\">REC Smart 100\/600 \u2013 <strong>Hygrostat<\/strong><\/th>\n<td>100 \u00d7 600<\/td>\n<td>230<\/td>\n<td>27 \/ 53<\/td>\n<td>8,3 \/ 28,3<\/td>\n<td>0,075 \/ 0,207<\/td>\n<td>48,3 \/ 59,4 LwA, 27,7 \/ 39,3 LpA*<\/td>\n<td>4,0<\/td>\n<td>100<\/td>\n<td>600<\/td>\n<\/tr>\n<\/tbody>\n<\/table>\n<div class=\"simple-translate-system-theme\" id=\"simple-translate\">\n<div>\n<div class=\"isShow simple-translate-button\" style=\"background-image:url(&quot;moz-extension:\/\/cf828ca7-3346-4d24-9228-d57f1b897cf8\/icons\/512.png&quot;); height:22px; left:100px; top:566px; width:22px\">&nbsp;<\/div>\n<div class=\" simple-translate-panel\" style=\"font-size:13px; height:200px; left:0px; top:0px; width:300px\">\n<div class=\"simple-translate-result-wrapper\" style=\"overflow:hidden\">\n<div class=\"simple-translate-move\" draggable=\"true\">&nbsp;<\/div>\n<div class=\"simple-translate-result-contents\">\n<p class=\"simple-translate-result\" dir=\"auto\">&nbsp;<\/p>\n<p class=\"simple-translate-candidate\" dir=\"auto\">&nbsp;<\/p>\n<\/div>\n<\/div>\n<\/div>\n<\/div>\n<\/div><\/div>\n<div class=\"ProductDetailContent\">                                                                    <\/div>\n<\/p><\/div>\n<\/p><\/div>\n<\/p><\/div>\n","protected":false},"excerpt":{"rendered":"<p>Popis produktu Elicent Decentr\u00e1ln\u00ed rekupera\u010dn\u00ed jednotka REC Smart 100\/400 Charakteristika Rekupera\u010dn\u00ed jednotka pro jednu m\u00edstnost do 40 m\u00b2 \u00da\u010dinnost rekuperace a\u017e 75 % Snadn\u00e1 instalace Lze pou\u017e\u00edt pro vertik\u00e1ln\u00ed, tak horizont\u00e1ln\u00ed instalaci Pr\u016fm\u011br tubusu 10 cm Pom\u00e1h\u00e1 sn\u00ed\u017eit probl\u00e9my se vzdu\u0161nou vlhkost\u00ed a kondenzac\u00ed vodn\u00edch par Ur\u010dena pro kuchyn\u011b, koupelny Ide\u00e1ln\u00ed pro rekonstrukce, jako n\u00e1hrada [&hellip;]<\/p>\n","protected":false},"featured_media":13289,"comment_status":"open","ping_status":"open","template":"","meta":[],"product_brand":[],"product_cat":[70],"product_tag":[],"class_list":{"0":"post-13189","1":"product","2":"type-product","3":"status-publish","4":"has-post-thumbnail","6":"product_cat-rekuperace-vzduchu-a-vody-vetrani","8":"first","9":"instock","10":"sale","11":"shipping-taxable","12":"purchasable","13":"product-type-simple"},"yoast_head":"<!-- This site is optimized with the Yoast SEO plugin v26.8 - https:\/\/yoast.com\/product\/yoast-seo-wordpress\/ -->\n<title>Ov\u011b\u0159en\u00fd Elicent Decentr\u00e1ln\u00ed rekupera\u010dn\u00ed jednotka REC Smart 100\/400 -<\/title>\n<meta name=\"robots\" content=\"index, follow, max-snippet:-1, max-image-preview:large, max-video-preview:-1\" \/>\n<link rel=\"canonical\" href=\"https:\/\/www.oknobuild.com\/index.php\/produkt\/overeny-elicent-decentralni-rekuperacni-jednotka-rec-smart-100-400-13189\/\" \/>\n<meta property=\"og:locale\" content=\"cs_CZ\" \/>\n<meta property=\"og:type\" content=\"article\" \/>\n<meta property=\"og:title\" content=\"Ov\u011b\u0159en\u00fd Elicent Decentr\u00e1ln\u00ed rekupera\u010dn\u00ed jednotka REC Smart 100\/400 -\" \/>\n<meta property=\"og:description\" content=\"Popis produktu Elicent Decentr\u00e1ln\u00ed rekupera\u010dn\u00ed jednotka REC Smart 100\/400 Charakteristika Rekupera\u010dn\u00ed jednotka pro jednu m\u00edstnost do 40 m\u00b2 \u00da\u010dinnost rekuperace a\u017e 75 % Snadn\u00e1 instalace Lze pou\u017e\u00edt pro vertik\u00e1ln\u00ed, tak horizont\u00e1ln\u00ed instalaci Pr\u016fm\u011br tubusu 10 cm Pom\u00e1h\u00e1 sn\u00ed\u017eit probl\u00e9my se vzdu\u0161nou vlhkost\u00ed a kondenzac\u00ed vodn\u00edch par Ur\u010dena pro kuchyn\u011b, koupelny Ide\u00e1ln\u00ed pro rekonstrukce, jako n\u00e1hrada [&hellip;]\" \/>\n<meta property=\"og:url\" content=\"https:\/\/www.oknobuild.com\/index.php\/produkt\/overeny-elicent-decentralni-rekuperacni-jednotka-rec-smart-100-400-13189\/\" \/>\n<meta property=\"og:image\" content=\"https:\/\/www.oknobuild.com\/wp-content\/uploads\/2026\/SK0019441-CZ20260425-092632-0-1777080397-elicent-decentralni-rekuperacni-jednotka-rec-smart-100-400-.webp\" \/>\n\t<meta property=\"og:image:width\" content=\"600\" \/>\n\t<meta property=\"og:image:height\" content=\"532\" \/>\n\t<meta property=\"og:image:type\" content=\"image\/webp\" \/>\n<meta name=\"twitter:card\" content=\"summary_large_image\" \/>\n<meta name=\"twitter:label1\" content=\"Odhadovan\u00e1 doba \u010dten\u00ed\" \/>\n\t<meta name=\"twitter:data1\" content=\"1 minuta\" \/>\n<script type=\"application\/ld+json\" class=\"yoast-schema-graph\">{\"@context\":\"https:\/\/schema.org\",\"@graph\":[{\"@type\":\"WebPage\",\"@id\":\"https:\/\/www.oknobuild.com\/index.php\/produkt\/overeny-elicent-decentralni-rekuperacni-jednotka-rec-smart-100-400-13189\/\",\"url\":\"https:\/\/www.oknobuild.com\/index.php\/produkt\/overeny-elicent-decentralni-rekuperacni-jednotka-rec-smart-100-400-13189\/\",\"name\":\"Ov\u011b\u0159en\u00fd Elicent Decentr\u00e1ln\u00ed rekupera\u010dn\u00ed jednotka REC Smart 100\/400 -\",\"isPartOf\":{\"@id\":\"https:\/\/www.oknobuild.com\/#website\"},\"primaryImageOfPage\":{\"@id\":\"https:\/\/www.oknobuild.com\/index.php\/produkt\/overeny-elicent-decentralni-rekuperacni-jednotka-rec-smart-100-400-13189\/#primaryimage\"},\"image\":{\"@id\":\"https:\/\/www.oknobuild.com\/index.php\/produkt\/overeny-elicent-decentralni-rekuperacni-jednotka-rec-smart-100-400-13189\/#primaryimage\"},\"thumbnailUrl\":\"https:\/\/www.oknobuild.com\/wp-content\/uploads\/2026\/SK0019441-CZ20260425-092632-0-1777080397-elicent-decentralni-rekuperacni-jednotka-rec-smart-100-400-.webp\",\"datePublished\":\"2026-04-27T04:41:05+00:00\",\"breadcrumb\":{\"@id\":\"https:\/\/www.oknobuild.com\/index.php\/produkt\/overeny-elicent-decentralni-rekuperacni-jednotka-rec-smart-100-400-13189\/#breadcrumb\"},\"inLanguage\":\"cs\",\"potentialAction\":[{\"@type\":\"ReadAction\",\"target\":[\"https:\/\/www.oknobuild.com\/index.php\/produkt\/overeny-elicent-decentralni-rekuperacni-jednotka-rec-smart-100-400-13189\/\"]}]},{\"@type\":\"ImageObject\",\"inLanguage\":\"cs\",\"@id\":\"https:\/\/www.oknobuild.com\/index.php\/produkt\/overeny-elicent-decentralni-rekuperacni-jednotka-rec-smart-100-400-13189\/#primaryimage\",\"url\":\"https:\/\/www.oknobuild.com\/wp-content\/uploads\/2026\/SK0019441-CZ20260425-092632-0-1777080397-elicent-decentralni-rekuperacni-jednotka-rec-smart-100-400-.webp\",\"contentUrl\":\"https:\/\/www.oknobuild.com\/wp-content\/uploads\/2026\/SK0019441-CZ20260425-092632-0-1777080397-elicent-decentralni-rekuperacni-jednotka-rec-smart-100-400-.webp\",\"width\":600,\"height\":532},{\"@type\":\"BreadcrumbList\",\"@id\":\"https:\/\/www.oknobuild.com\/index.php\/produkt\/overeny-elicent-decentralni-rekuperacni-jednotka-rec-smart-100-400-13189\/#breadcrumb\",\"itemListElement\":[{\"@type\":\"ListItem\",\"position\":1,\"name\":\"Home\",\"item\":\"https:\/\/www.oknobuild.com\/\"},{\"@type\":\"ListItem\",\"position\":2,\"name\":\"Products\",\"item\":\"https:\/\/www.oknobuild.com\/index.php\/products\/\"},{\"@type\":\"ListItem\",\"position\":3,\"name\":\"Ov\u011b\u0159en\u00fd Elicent Decentr\u00e1ln\u00ed rekupera\u010dn\u00ed jednotka REC Smart 100\/400\"}]},{\"@type\":\"WebSite\",\"@id\":\"https:\/\/www.oknobuild.com\/#website\",\"url\":\"https:\/\/www.oknobuild.com\/\",\"name\":\"\",\"description\":\"\",\"potentialAction\":[{\"@type\":\"SearchAction\",\"target\":{\"@type\":\"EntryPoint\",\"urlTemplate\":\"https:\/\/www.oknobuild.com\/?s={search_term_string}\"},\"query-input\":{\"@type\":\"PropertyValueSpecification\",\"valueRequired\":true,\"valueName\":\"search_term_string\"}}],\"inLanguage\":\"cs\"}]}<\/script>\n<!-- \/ Yoast SEO plugin. -->","yoast_head_json":{"title":"Ov\u011b\u0159en\u00fd Elicent Decentr\u00e1ln\u00ed rekupera\u010dn\u00ed jednotka REC Smart 100\/400 -","robots":{"index":"index","follow":"follow","max-snippet":"max-snippet:-1","max-image-preview":"max-image-preview:large","max-video-preview":"max-video-preview:-1"},"canonical":"https:\/\/www.oknobuild.com\/index.php\/produkt\/overeny-elicent-decentralni-rekuperacni-jednotka-rec-smart-100-400-13189\/","og_locale":"cs_CZ","og_type":"article","og_title":"Ov\u011b\u0159en\u00fd Elicent Decentr\u00e1ln\u00ed rekupera\u010dn\u00ed jednotka REC Smart 100\/400 -","og_description":"Popis produktu Elicent Decentr\u00e1ln\u00ed rekupera\u010dn\u00ed jednotka REC Smart 100\/400 Charakteristika Rekupera\u010dn\u00ed jednotka pro jednu m\u00edstnost do 40 m\u00b2 \u00da\u010dinnost rekuperace a\u017e 75 % Snadn\u00e1 instalace Lze pou\u017e\u00edt pro vertik\u00e1ln\u00ed, tak horizont\u00e1ln\u00ed instalaci Pr\u016fm\u011br tubusu 10 cm Pom\u00e1h\u00e1 sn\u00ed\u017eit probl\u00e9my se vzdu\u0161nou vlhkost\u00ed a kondenzac\u00ed vodn\u00edch par Ur\u010dena pro kuchyn\u011b, koupelny Ide\u00e1ln\u00ed pro rekonstrukce, jako n\u00e1hrada [&hellip;]","og_url":"https:\/\/www.oknobuild.com\/index.php\/produkt\/overeny-elicent-decentralni-rekuperacni-jednotka-rec-smart-100-400-13189\/","og_image":[{"width":600,"height":532,"url":"https:\/\/www.oknobuild.com\/wp-content\/uploads\/2026\/SK0019441-CZ20260425-092632-0-1777080397-elicent-decentralni-rekuperacni-jednotka-rec-smart-100-400-.webp","type":"image\/webp"}],"twitter_card":"summary_large_image","twitter_misc":{"Odhadovan\u00e1 doba \u010dten\u00ed":"1 minuta"},"schema":{"@context":"https:\/\/schema.org","@graph":[{"@type":"WebPage","@id":"https:\/\/www.oknobuild.com\/index.php\/produkt\/overeny-elicent-decentralni-rekuperacni-jednotka-rec-smart-100-400-13189\/","url":"https:\/\/www.oknobuild.com\/index.php\/produkt\/overeny-elicent-decentralni-rekuperacni-jednotka-rec-smart-100-400-13189\/","name":"Ov\u011b\u0159en\u00fd Elicent Decentr\u00e1ln\u00ed rekupera\u010dn\u00ed jednotka REC Smart 100\/400 -","isPartOf":{"@id":"https:\/\/www.oknobuild.com\/#website"},"primaryImageOfPage":{"@id":"https:\/\/www.oknobuild.com\/index.php\/produkt\/overeny-elicent-decentralni-rekuperacni-jednotka-rec-smart-100-400-13189\/#primaryimage"},"image":{"@id":"https:\/\/www.oknobuild.com\/index.php\/produkt\/overeny-elicent-decentralni-rekuperacni-jednotka-rec-smart-100-400-13189\/#primaryimage"},"thumbnailUrl":"https:\/\/www.oknobuild.com\/wp-content\/uploads\/2026\/SK0019441-CZ20260425-092632-0-1777080397-elicent-decentralni-rekuperacni-jednotka-rec-smart-100-400-.webp","datePublished":"2026-04-27T04:41:05+00:00","breadcrumb":{"@id":"https:\/\/www.oknobuild.com\/index.php\/produkt\/overeny-elicent-decentralni-rekuperacni-jednotka-rec-smart-100-400-13189\/#breadcrumb"},"inLanguage":"cs","potentialAction":[{"@type":"ReadAction","target":["https:\/\/www.oknobuild.com\/index.php\/produkt\/overeny-elicent-decentralni-rekuperacni-jednotka-rec-smart-100-400-13189\/"]}]},{"@type":"ImageObject","inLanguage":"cs","@id":"https:\/\/www.oknobuild.com\/index.php\/produkt\/overeny-elicent-decentralni-rekuperacni-jednotka-rec-smart-100-400-13189\/#primaryimage","url":"https:\/\/www.oknobuild.com\/wp-content\/uploads\/2026\/SK0019441-CZ20260425-092632-0-1777080397-elicent-decentralni-rekuperacni-jednotka-rec-smart-100-400-.webp","contentUrl":"https:\/\/www.oknobuild.com\/wp-content\/uploads\/2026\/SK0019441-CZ20260425-092632-0-1777080397-elicent-decentralni-rekuperacni-jednotka-rec-smart-100-400-.webp","width":600,"height":532},{"@type":"BreadcrumbList","@id":"https:\/\/www.oknobuild.com\/index.php\/produkt\/overeny-elicent-decentralni-rekuperacni-jednotka-rec-smart-100-400-13189\/#breadcrumb","itemListElement":[{"@type":"ListItem","position":1,"name":"Home","item":"https:\/\/www.oknobuild.com\/"},{"@type":"ListItem","position":2,"name":"Products","item":"https:\/\/www.oknobuild.com\/index.php\/products\/"},{"@type":"ListItem","position":3,"name":"Ov\u011b\u0159en\u00fd Elicent Decentr\u00e1ln\u00ed rekupera\u010dn\u00ed jednotka REC Smart 100\/400"}]},{"@type":"WebSite","@id":"https:\/\/www.oknobuild.com\/#website","url":"https:\/\/www.oknobuild.com\/","name":"","description":"","potentialAction":[{"@type":"SearchAction","target":{"@type":"EntryPoint","urlTemplate":"https:\/\/www.oknobuild.com\/?s={search_term_string}"},"query-input":{"@type":"PropertyValueSpecification","valueRequired":true,"valueName":"search_term_string"}}],"inLanguage":"cs"}]}},"_links":{"self":[{"href":"https:\/\/www.oknobuild.com\/index.php\/wp-json\/wp\/v2\/product\/13189","targetHints":{"allow":["GET"]}}],"collection":[{"href":"https:\/\/www.oknobuild.com\/index.php\/wp-json\/wp\/v2\/product"}],"about":[{"href":"https:\/\/www.oknobuild.com\/index.php\/wp-json\/wp\/v2\/types\/product"}],"replies":[{"embeddable":true,"href":"https:\/\/www.oknobuild.com\/index.php\/wp-json\/wp\/v2\/comments?post=13189"}],"wp:featuredmedia":[{"embeddable":true,"href":"https:\/\/www.oknobuild.com\/index.php\/wp-json\/wp\/v2\/media\/13289"}],"wp:attachment":[{"href":"https:\/\/www.oknobuild.com\/index.php\/wp-json\/wp\/v2\/media?parent=13189"}],"wp:term":[{"taxonomy":"product_brand","embeddable":true,"href":"https:\/\/www.oknobuild.com\/index.php\/wp-json\/wp\/v2\/product_brand?post=13189"},{"taxonomy":"product_cat","embeddable":true,"href":"https:\/\/www.oknobuild.com\/index.php\/wp-json\/wp\/v2\/product_cat?post=13189"},{"taxonomy":"product_tag","embeddable":true,"href":"https:\/\/www.oknobuild.com\/index.php\/wp-json\/wp\/v2\/product_tag?post=13189"}],"curies":[{"name":"wp","href":"https:\/\/api.w.org\/{rel}","templated":true}]}}