{"id":1325,"date":"2026-04-27T04:40:44","date_gmt":"2026-04-27T04:40:44","guid":{"rendered":""},"modified":"2026-04-27T04:40:44","modified_gmt":"2026-04-27T04:40:44","slug":"zlevneny-ceska-manufaktura-natur-12-cm-210-x-210-cm-1325","status":"publish","type":"product","link":"https:\/\/www.oknobuild.com\/index.php\/produkt\/zlevneny-ceska-manufaktura-natur-12-cm-210-x-210-cm-1325\/","title":{"rendered":"Zlevn\u011bn\u00fd \u010cesk\u00e1 Manufaktura Natur 12 cm 210 x 210 cm"},"content":{"rendered":"<div class=\"detail-description__right\">\n<div class=\"parameters\">\n<div class=\"table table--simple\">\n<table>\n<tbody>\n<tr>\n<td colspan=\"2\">\n<h4>Vlastnosti<\/h4>\n<\/td>\n<\/tr>\n<tr>\n<td>Materi\u00e1l<\/td>\n<td>smrkov\u00e9 d\u0159evo<\/td>\n<\/tr>\n<tr>\n<td>\u0160\u00ed\u0159ka<\/td>\n<td>160\u2013310 cm<\/td>\n<\/tr>\n<tr>\n<td>Hloubka<\/td>\n<td>160\u2013310 cm<\/td>\n<\/tr>\n<tr>\n<td>V\u00fd\u0161ka<\/td>\n<td>12\u201318 cm<\/td>\n<\/tr>\n<tr>\n<td colspan=\"2\">\n<h4>Parametry<\/h4>\n<\/td>\n<\/tr>\n<tr>\n<td>P\u016fvod<\/td>\n<td>Vyrobeno v\u00a0\u010cR<\/td>\n<\/tr>\n<tr>\n<td>Z\u00e1ruka<\/td>\n<td>24 m\u011bs\u00edc\u016f<\/td>\n<\/tr>\n<tr>\n<td>Zna\u010dka<\/td>\n<td>\u010cesk\u00e1 Manufaktura<\/td>\n<\/tr>\n<\/tbody>\n<\/table><\/div>\n<\/div><\/div>\n<div class=\"detail-description__top\">\t\t\t\t<\/div>\n<div class=\"detail-description__left\">\n<div class=\"detail-description__left__overflow\">\n<div class=\"detail-description__left__head\">\t\t\t\t\t\tPopis:\t\t\t\t\t<\/div>\n<div class=\"ul-style ul-style--check\">\n<p>P\u00edskovi\u0161t\u011b je vyrobeno <strong>z fr\u00e9zovan\u00e9 tlakov\u011b impregnovan\u00e9 smrkov\u00e9 kulatiny<\/strong> o pr\u016fm\u011bru 8 cm, kter\u00e1 je dvoustrann\u011b prota\u017een\u00e1 pro p\u0159esn\u00e9 dosednut\u00ed a vysokou stabilitu konstrukce. D\u00edky tlakov\u00e9 impregnaci je d\u0159evo chr\u00e1n\u011bno proti vlhkosti, hnilob\u011b a pov\u011btrnostn\u00edm vliv\u016fm, co\u017e zaji\u0161\u0165uje dlouhou \u017eivotnost p\u0159i venkovn\u00edm pou\u017eit\u00ed.<\/p>\n<ul class=\"plusminus\">\n<li><i class=\"fas fa-check\"><\/i><span>Stabiln\u00ed konstrukce<\/span><\/li>\n<li><i class=\"fas fa-check\"><\/i><span>Tlakov\u011b impregnovan\u00e9 d\u0159evo<\/span><\/li>\n<li><i class=\"fas fa-check\"><\/i><span>Jednoduch\u00e1 mont\u00e1\u017e<\/span><\/li>\n<\/ul>\n<p>V\u00fd\u0161ku p\u00edskovi\u0161t\u011b lze zvolit ve dvou variant\u00e1ch \u2013 dv\u011b \u0159ady kulatin s celkovou v\u00fd\u0161kou p\u0159ibli\u017en\u011b 12 cm nebo t\u0159i \u0159ady s v\u00fd\u0161kou cca 18 cm. Jednotliv\u00e9 kulatiny maj\u00ed d\u00e9lku 3 metry a v roz\u00edch se jednodu\u0161e p\u0159ekr\u00fdvaj\u00ed, co\u017e umo\u017e\u0148uje <strong>rychlou a velmi snadnou mont\u00e1\u017e<\/strong> bez slo\u017eit\u00fdch stavebn\u00edch \u00faprav.<\/p>\n<p>Sou\u010d\u00e1st\u00ed balen\u00ed je <strong>kompletn\u00ed spojovac\u00ed materi\u00e1l<\/strong>, tak\u017ee p\u00edskovi\u0161t\u011b je p\u0159ipraveno k okam\u017eit\u00e9 instalaci. Robustn\u00ed konstrukce a p\u0159\u00edrodn\u00ed vzhled d\u0159eva z n\u011bj \u010din\u00ed ide\u00e1ln\u00ed dopln\u011bk ka\u017ed\u00e9 zahrady nebo d\u011btsk\u00e9ho h\u0159i\u0161t\u011b.<\/p>\n<\/div>\n<div class=\"detail-description__left__more\">\t\t\t\t\t\t<span> <\/span><span> <\/span>\t\t\t\t\t<\/div>\n<\/p><\/div>\n<\/p><\/div>\n<div class=\"detail-description__more\"><span> <\/span><span> <\/span><\/div>\n<\/p><\/div>\n<\/p><\/div>\n","protected":false},"excerpt":{"rendered":"<p>Vlastnosti Materi\u00e1l smrkov\u00e9 d\u0159evo \u0160\u00ed\u0159ka 160\u2013310 cm Hloubka 160\u2013310 cm V\u00fd\u0161ka 12\u201318 cm Parametry P\u016fvod Vyrobeno v\u00a0\u010cR Z\u00e1ruka 24 m\u011bs\u00edc\u016f Zna\u010dka \u010cesk\u00e1 Manufaktura Popis: P\u00edskovi\u0161t\u011b je vyrobeno z fr\u00e9zovan\u00e9 tlakov\u011b impregnovan\u00e9 smrkov\u00e9 kulatiny o pr\u016fm\u011bru 8 cm, kter\u00e1 je dvoustrann\u011b prota\u017een\u00e1 pro p\u0159esn\u00e9 dosednut\u00ed a vysokou stabilitu konstrukce. D\u00edky tlakov\u00e9 impregnaci je d\u0159evo chr\u00e1n\u011bno proti [&hellip;]<\/p>\n","protected":false},"featured_media":1425,"comment_status":"open","ping_status":"open","template":"","meta":[],"product_brand":[],"product_cat":[33],"product_tag":[],"class_list":{"0":"post-1325","1":"product","2":"type-product","3":"status-publish","4":"has-post-thumbnail","6":"product_cat-zahrada","8":"first","9":"instock","10":"sale","11":"shipping-taxable","12":"purchasable","13":"product-type-simple"},"yoast_head":"<!-- This site is optimized with the Yoast SEO plugin v26.8 - https:\/\/yoast.com\/product\/yoast-seo-wordpress\/ -->\n<title>Zlevn\u011bn\u00fd \u010cesk\u00e1 Manufaktura Natur 12 cm 210 x 210 cm -<\/title>\n<meta name=\"robots\" content=\"index, follow, max-snippet:-1, max-image-preview:large, max-video-preview:-1\" \/>\n<link rel=\"canonical\" href=\"https:\/\/www.oknobuild.com\/index.php\/produkt\/zlevneny-ceska-manufaktura-natur-12-cm-210-x-210-cm-1325\/\" \/>\n<meta property=\"og:locale\" content=\"cs_CZ\" \/>\n<meta property=\"og:type\" content=\"article\" \/>\n<meta property=\"og:title\" content=\"Zlevn\u011bn\u00fd \u010cesk\u00e1 Manufaktura Natur 12 cm 210 x 210 cm -\" \/>\n<meta property=\"og:description\" content=\"Vlastnosti Materi\u00e1l smrkov\u00e9 d\u0159evo \u0160\u00ed\u0159ka 160\u2013310 cm Hloubka 160\u2013310 cm V\u00fd\u0161ka 12\u201318 cm Parametry P\u016fvod Vyrobeno v\u00a0\u010cR Z\u00e1ruka 24 m\u011bs\u00edc\u016f Zna\u010dka \u010cesk\u00e1 Manufaktura Popis: P\u00edskovi\u0161t\u011b je vyrobeno z fr\u00e9zovan\u00e9 tlakov\u011b impregnovan\u00e9 smrkov\u00e9 kulatiny o pr\u016fm\u011bru 8 cm, kter\u00e1 je dvoustrann\u011b prota\u017een\u00e1 pro p\u0159esn\u00e9 dosednut\u00ed a vysokou stabilitu konstrukce. D\u00edky tlakov\u00e9 impregnaci je d\u0159evo chr\u00e1n\u011bno proti [&hellip;]\" \/>\n<meta property=\"og:url\" content=\"https:\/\/www.oknobuild.com\/index.php\/produkt\/zlevneny-ceska-manufaktura-natur-12-cm-210-x-210-cm-1325\/\" \/>\n<meta property=\"og:image\" content=\"https:\/\/www.oknobuild.com\/wp-content\/uploads\/2026\/SK0022306-CZ20260425-091936-0-1777079982-piskoviste-ceska-manufaktura-natur-12-cm-210-x-210-cm-w1200.webp\" \/>\n\t<meta property=\"og:image:width\" content=\"1000\" \/>\n\t<meta property=\"og:image:height\" content=\"523\" \/>\n\t<meta property=\"og:image:type\" content=\"image\/webp\" \/>\n<meta name=\"twitter:card\" content=\"summary_large_image\" \/>\n<meta name=\"twitter:label1\" content=\"Odhadovan\u00e1 doba \u010dten\u00ed\" \/>\n\t<meta name=\"twitter:data1\" content=\"1 minuta\" \/>\n<script type=\"application\/ld+json\" class=\"yoast-schema-graph\">{\"@context\":\"https:\/\/schema.org\",\"@graph\":[{\"@type\":\"WebPage\",\"@id\":\"https:\/\/www.oknobuild.com\/index.php\/produkt\/zlevneny-ceska-manufaktura-natur-12-cm-210-x-210-cm-1325\/\",\"url\":\"https:\/\/www.oknobuild.com\/index.php\/produkt\/zlevneny-ceska-manufaktura-natur-12-cm-210-x-210-cm-1325\/\",\"name\":\"Zlevn\u011bn\u00fd \u010cesk\u00e1 Manufaktura Natur 12 cm 210 x 210 cm -\",\"isPartOf\":{\"@id\":\"https:\/\/www.oknobuild.com\/#website\"},\"primaryImageOfPage\":{\"@id\":\"https:\/\/www.oknobuild.com\/index.php\/produkt\/zlevneny-ceska-manufaktura-natur-12-cm-210-x-210-cm-1325\/#primaryimage\"},\"image\":{\"@id\":\"https:\/\/www.oknobuild.com\/index.php\/produkt\/zlevneny-ceska-manufaktura-natur-12-cm-210-x-210-cm-1325\/#primaryimage\"},\"thumbnailUrl\":\"https:\/\/www.oknobuild.com\/wp-content\/uploads\/2026\/SK0022306-CZ20260425-091936-0-1777079982-piskoviste-ceska-manufaktura-natur-12-cm-210-x-210-cm-w1200.webp\",\"datePublished\":\"2026-04-27T04:40:44+00:00\",\"breadcrumb\":{\"@id\":\"https:\/\/www.oknobuild.com\/index.php\/produkt\/zlevneny-ceska-manufaktura-natur-12-cm-210-x-210-cm-1325\/#breadcrumb\"},\"inLanguage\":\"cs\",\"potentialAction\":[{\"@type\":\"ReadAction\",\"target\":[\"https:\/\/www.oknobuild.com\/index.php\/produkt\/zlevneny-ceska-manufaktura-natur-12-cm-210-x-210-cm-1325\/\"]}]},{\"@type\":\"ImageObject\",\"inLanguage\":\"cs\",\"@id\":\"https:\/\/www.oknobuild.com\/index.php\/produkt\/zlevneny-ceska-manufaktura-natur-12-cm-210-x-210-cm-1325\/#primaryimage\",\"url\":\"https:\/\/www.oknobuild.com\/wp-content\/uploads\/2026\/SK0022306-CZ20260425-091936-0-1777079982-piskoviste-ceska-manufaktura-natur-12-cm-210-x-210-cm-w1200.webp\",\"contentUrl\":\"https:\/\/www.oknobuild.com\/wp-content\/uploads\/2026\/SK0022306-CZ20260425-091936-0-1777079982-piskoviste-ceska-manufaktura-natur-12-cm-210-x-210-cm-w1200.webp\",\"width\":1000,\"height\":523},{\"@type\":\"BreadcrumbList\",\"@id\":\"https:\/\/www.oknobuild.com\/index.php\/produkt\/zlevneny-ceska-manufaktura-natur-12-cm-210-x-210-cm-1325\/#breadcrumb\",\"itemListElement\":[{\"@type\":\"ListItem\",\"position\":1,\"name\":\"Home\",\"item\":\"https:\/\/www.oknobuild.com\/\"},{\"@type\":\"ListItem\",\"position\":2,\"name\":\"Products\",\"item\":\"https:\/\/www.oknobuild.com\/index.php\/products\/\"},{\"@type\":\"ListItem\",\"position\":3,\"name\":\"Zlevn\u011bn\u00fd \u010cesk\u00e1 Manufaktura Natur 12 cm 210 x 210 cm\"}]},{\"@type\":\"WebSite\",\"@id\":\"https:\/\/www.oknobuild.com\/#website\",\"url\":\"https:\/\/www.oknobuild.com\/\",\"name\":\"\",\"description\":\"\",\"potentialAction\":[{\"@type\":\"SearchAction\",\"target\":{\"@type\":\"EntryPoint\",\"urlTemplate\":\"https:\/\/www.oknobuild.com\/?s={search_term_string}\"},\"query-input\":{\"@type\":\"PropertyValueSpecification\",\"valueRequired\":true,\"valueName\":\"search_term_string\"}}],\"inLanguage\":\"cs\"}]}<\/script>\n<!-- \/ Yoast SEO plugin. -->","yoast_head_json":{"title":"Zlevn\u011bn\u00fd \u010cesk\u00e1 Manufaktura Natur 12 cm 210 x 210 cm -","robots":{"index":"index","follow":"follow","max-snippet":"max-snippet:-1","max-image-preview":"max-image-preview:large","max-video-preview":"max-video-preview:-1"},"canonical":"https:\/\/www.oknobuild.com\/index.php\/produkt\/zlevneny-ceska-manufaktura-natur-12-cm-210-x-210-cm-1325\/","og_locale":"cs_CZ","og_type":"article","og_title":"Zlevn\u011bn\u00fd \u010cesk\u00e1 Manufaktura Natur 12 cm 210 x 210 cm -","og_description":"Vlastnosti Materi\u00e1l smrkov\u00e9 d\u0159evo \u0160\u00ed\u0159ka 160\u2013310 cm Hloubka 160\u2013310 cm V\u00fd\u0161ka 12\u201318 cm Parametry P\u016fvod Vyrobeno v\u00a0\u010cR Z\u00e1ruka 24 m\u011bs\u00edc\u016f Zna\u010dka \u010cesk\u00e1 Manufaktura Popis: P\u00edskovi\u0161t\u011b je vyrobeno z fr\u00e9zovan\u00e9 tlakov\u011b impregnovan\u00e9 smrkov\u00e9 kulatiny o pr\u016fm\u011bru 8 cm, kter\u00e1 je dvoustrann\u011b prota\u017een\u00e1 pro p\u0159esn\u00e9 dosednut\u00ed a vysokou stabilitu konstrukce. D\u00edky tlakov\u00e9 impregnaci je d\u0159evo chr\u00e1n\u011bno proti [&hellip;]","og_url":"https:\/\/www.oknobuild.com\/index.php\/produkt\/zlevneny-ceska-manufaktura-natur-12-cm-210-x-210-cm-1325\/","og_image":[{"width":1000,"height":523,"url":"https:\/\/www.oknobuild.com\/wp-content\/uploads\/2026\/SK0022306-CZ20260425-091936-0-1777079982-piskoviste-ceska-manufaktura-natur-12-cm-210-x-210-cm-w1200.webp","type":"image\/webp"}],"twitter_card":"summary_large_image","twitter_misc":{"Odhadovan\u00e1 doba \u010dten\u00ed":"1 minuta"},"schema":{"@context":"https:\/\/schema.org","@graph":[{"@type":"WebPage","@id":"https:\/\/www.oknobuild.com\/index.php\/produkt\/zlevneny-ceska-manufaktura-natur-12-cm-210-x-210-cm-1325\/","url":"https:\/\/www.oknobuild.com\/index.php\/produkt\/zlevneny-ceska-manufaktura-natur-12-cm-210-x-210-cm-1325\/","name":"Zlevn\u011bn\u00fd \u010cesk\u00e1 Manufaktura Natur 12 cm 210 x 210 cm -","isPartOf":{"@id":"https:\/\/www.oknobuild.com\/#website"},"primaryImageOfPage":{"@id":"https:\/\/www.oknobuild.com\/index.php\/produkt\/zlevneny-ceska-manufaktura-natur-12-cm-210-x-210-cm-1325\/#primaryimage"},"image":{"@id":"https:\/\/www.oknobuild.com\/index.php\/produkt\/zlevneny-ceska-manufaktura-natur-12-cm-210-x-210-cm-1325\/#primaryimage"},"thumbnailUrl":"https:\/\/www.oknobuild.com\/wp-content\/uploads\/2026\/SK0022306-CZ20260425-091936-0-1777079982-piskoviste-ceska-manufaktura-natur-12-cm-210-x-210-cm-w1200.webp","datePublished":"2026-04-27T04:40:44+00:00","breadcrumb":{"@id":"https:\/\/www.oknobuild.com\/index.php\/produkt\/zlevneny-ceska-manufaktura-natur-12-cm-210-x-210-cm-1325\/#breadcrumb"},"inLanguage":"cs","potentialAction":[{"@type":"ReadAction","target":["https:\/\/www.oknobuild.com\/index.php\/produkt\/zlevneny-ceska-manufaktura-natur-12-cm-210-x-210-cm-1325\/"]}]},{"@type":"ImageObject","inLanguage":"cs","@id":"https:\/\/www.oknobuild.com\/index.php\/produkt\/zlevneny-ceska-manufaktura-natur-12-cm-210-x-210-cm-1325\/#primaryimage","url":"https:\/\/www.oknobuild.com\/wp-content\/uploads\/2026\/SK0022306-CZ20260425-091936-0-1777079982-piskoviste-ceska-manufaktura-natur-12-cm-210-x-210-cm-w1200.webp","contentUrl":"https:\/\/www.oknobuild.com\/wp-content\/uploads\/2026\/SK0022306-CZ20260425-091936-0-1777079982-piskoviste-ceska-manufaktura-natur-12-cm-210-x-210-cm-w1200.webp","width":1000,"height":523},{"@type":"BreadcrumbList","@id":"https:\/\/www.oknobuild.com\/index.php\/produkt\/zlevneny-ceska-manufaktura-natur-12-cm-210-x-210-cm-1325\/#breadcrumb","itemListElement":[{"@type":"ListItem","position":1,"name":"Home","item":"https:\/\/www.oknobuild.com\/"},{"@type":"ListItem","position":2,"name":"Products","item":"https:\/\/www.oknobuild.com\/index.php\/products\/"},{"@type":"ListItem","position":3,"name":"Zlevn\u011bn\u00fd \u010cesk\u00e1 Manufaktura Natur 12 cm 210 x 210 cm"}]},{"@type":"WebSite","@id":"https:\/\/www.oknobuild.com\/#website","url":"https:\/\/www.oknobuild.com\/","name":"","description":"","potentialAction":[{"@type":"SearchAction","target":{"@type":"EntryPoint","urlTemplate":"https:\/\/www.oknobuild.com\/?s={search_term_string}"},"query-input":{"@type":"PropertyValueSpecification","valueRequired":true,"valueName":"search_term_string"}}],"inLanguage":"cs"}]}},"_links":{"self":[{"href":"https:\/\/www.oknobuild.com\/index.php\/wp-json\/wp\/v2\/product\/1325","targetHints":{"allow":["GET"]}}],"collection":[{"href":"https:\/\/www.oknobuild.com\/index.php\/wp-json\/wp\/v2\/product"}],"about":[{"href":"https:\/\/www.oknobuild.com\/index.php\/wp-json\/wp\/v2\/types\/product"}],"replies":[{"embeddable":true,"href":"https:\/\/www.oknobuild.com\/index.php\/wp-json\/wp\/v2\/comments?post=1325"}],"wp:featuredmedia":[{"embeddable":true,"href":"https:\/\/www.oknobuild.com\/index.php\/wp-json\/wp\/v2\/media\/1425"}],"wp:attachment":[{"href":"https:\/\/www.oknobuild.com\/index.php\/wp-json\/wp\/v2\/media?parent=1325"}],"wp:term":[{"taxonomy":"product_brand","embeddable":true,"href":"https:\/\/www.oknobuild.com\/index.php\/wp-json\/wp\/v2\/product_brand?post=1325"},{"taxonomy":"product_cat","embeddable":true,"href":"https:\/\/www.oknobuild.com\/index.php\/wp-json\/wp\/v2\/product_cat?post=1325"},{"taxonomy":"product_tag","embeddable":true,"href":"https:\/\/www.oknobuild.com\/index.php\/wp-json\/wp\/v2\/product_tag?post=1325"}],"curies":[{"name":"wp","href":"https:\/\/api.w.org\/{rel}","templated":true}]}}