{"id":13305,"date":"2026-04-27T04:41:06","date_gmt":"2026-04-27T04:41:06","guid":{"rendered":""},"modified":"2026-04-27T04:41:06","modified_gmt":"2026-04-27T04:41:06","slug":"luftuj-vyustka-vzt-pro-rekuperaci-se-svetlem-luftomet-lumen-drevo-kruh-buk-mydlenka-vyhodna-nabidka-13305","status":"publish","type":"product","link":"https:\/\/www.oknobuild.com\/index.php\/produkt\/luftuj-vyustka-vzt-pro-rekuperaci-se-svetlem-luftomet-lumen-drevo-kruh-buk-mydlenka-vyhodna-nabidka-13305\/","title":{"rendered":"Luftuj Vy\u00fastka VZT pro rekuperaci se sv\u011btlem LUFTOMET LUMEN d\u0159evo kruh buk mydlenka V\u00fdhodn\u00e1 Nab\u00eddka"},"content":{"rendered":"<div class=\"ProductDetail-content NoFixImageContainer\" id=\"productDescription\">\n<div class=\"Heading\">\n<h2 class=\"Heading-title\">Popis produktu <span class=''>Luftuj Vy\u00fastka VZT pro rekuperaci se sv\u011btlem LUFTOMET LUMEN d\u0159evo kruh buk mydlenka<\/span><\/h2>\n<\/p><\/div>\n<div class=\"ProductDetailContent\">                                                                    <\/div>\n<div class=\"ProductDetailContent\">\n<div class=\"ProductDetailContent-item\">\n<p><strong>V\u011btr\u00e1 a sv\u00edt\u00ed,&nbsp; bale<\/strong><strong>n\u00ed Single Pack &#8211; v\u0161e co pot\u0159ebujete v jednom bal\u00ed\u010dku<\/strong><\/p>\n<p>Produktov\u00e1 \u0159ada vy\u00fastek s ozna\u010den\u00edm LUFTOMET\u00ae Lumen je speci\u00e1ln\u011b dimenzovan\u00e1 jako koncov\u00fd interi\u00e9rov\u00fd prvek v\u011btr\u00e1n\u00ed s centr\u00e1ln\u00ed ventila\u010dn\u00ed rekupera\u010dn\u00ed jednotkou. Lze jej pou\u017e\u00edt v rodinn\u00fdch domech, bytech a mal\u00fdch provozovn\u00e1ch.&nbsp; Zaji\u0161\u0165uje <strong>p\u0159\u00edvod a odvod vzduchu<\/strong> s mal\u00fdmi tlakov\u00fdmi ztr\u00e1tami a v\u00fdborn\u00fdmi hlukov\u00fdmi parametry. LUFTOMET\u00ae Lumen nejen v\u011btr\u00e1, ale i <strong>SV\u00cdT\u00cd<\/strong>.<\/p>\n<ul>\n<li>skv\u011bl\u00fd modern\u00ed design<\/li>\n<li>funkce vzduchotechnick\u00e9 vy\u00fastky &#8211; p\u0159iv\u00e1d\u00ed nebo odv\u00e1d\u00ed vzduch (neobsahuje ventil\u00e1tor)<\/li>\n<li>funkce sv\u011btla &#8211; sv\u00edt\u00ed d\u00edky integrovan\u00e9mu 12V LED modulu<\/li>\n<li>snadn\u00e1 mont\u00e1\u017e zd\u011b\u0159e i designov\u00e9 tal\u00ed\u0159e na zd\u011b\u0159 (neodymov\u00e9 magnety)<\/li>\n<li>unik\u00e1tn\u00ed \u0159e\u0161en\u00ed p\u0159ipojen\u00ed k vodi\u010d\u016fm (servis bez kontaktu s vodi\u010di)<\/li>\n<li>t\u011bsn\u00e9 a tich\u00e9 \u0159e\u0161en\u00ed<\/li>\n<li>n\u00edzk\u00e1 tlakov\u00e1 ztr\u00e1ta<\/li>\n<li>vhodn\u00e9 pro reziden\u010dn\u00ed v\u011btr\u00e1n\u00ed<\/li>\n<li>vhodn\u00e9 pro potrub\u00ed SPIRO (i tvarovky) nebo pro stropn\u00ed boxy syst\u00e9mu 75 nebo 90 mm<\/li>\n<\/ul>\n<h4>&nbsp;<\/h4>\n<h3><span style=\"color:#3598db\">LED modul<\/span><\/h3>\n<p>Designov\u00fd pohledov\u00fd tal\u00ed\u0159 obsahuje <strong>stm\u00edvateln\u00fd<\/strong> <strong>LED modul nap\u00e1jen\u00fd 12 V <\/strong>(vodi\u010de a trafo nejsou sou\u010d\u00e1st\u00ed balen\u00ed),<strong> kter\u00fd nab\u00edz\u00edme ve t\u0159ech teplot\u00e1ch chromati\u010dnosti.&nbsp;<\/strong><\/p>\n<h4>Charakteristika LED modulu<\/h4>\n<table border=\"1\" cellspacing=\"0\" style=\"border-collapse:collapse; width:900px\">\n<tbody>\n<tr>\n<td style=\"width:50%\">Teplota chromati\u010dnosti:<\/td>\n<td style=\"width:50%\">Nap\u011bt\u00ed: 12 V&nbsp;<\/td>\n<\/tr>\n<tr>\n<td style=\"width:50%\">W&#8230;..tepl\u00e1 (3 000 K)<\/td>\n<td style=\"width:50%\">P\u0159\u00edkon sv\u00edtidla: 7 W<\/td>\n<\/tr>\n<tr>\n<td style=\"width:50%\">N&#8230;..neutr\u00e1ln\u00ed (5 000 K)<\/td>\n<td style=\"width:50%\">Sv\u011bteln\u00fd tok: 650 lm<\/td>\n<\/tr>\n<tr>\n<td style=\"width:50%\">C&#8230;..studen\u00e1 (6 500 K<\/td>\n<td style=\"width:50%\">IP kryt\u00ed: IP20<\/td>\n<\/tr>\n<\/tbody>\n<\/table>\n<p>Balen\u00ed neobsahuje transform\u00e1tor.<\/p>\n<p>&nbsp;<\/p>\n<p><strong><\/strong><\/p>\n<p>&nbsp;<\/p>\n<h3><span style=\"color:#3598db\">Design<\/span><\/h3>\n<p>Precizn\u00ed proveden\u00ed a skv\u011bl\u00fd design p\u0159edur\u010duje v\u0161echny typy na\u0161ich koncov\u00fdch element\u016f vzduchotechniky s n\u00e1zvem LUFTOMET\u00ae k tomu, \u017ee na tuto technickou \u010d\u00e1st Va\u0161eho interi\u00e9ru budete n\u00e1le\u017eit\u011b py\u0161n\u00ed. Tento designov\u00fd prvek p\u0159inese do Va\u0161eho interi\u00e9ru nejen \u010derstv\u00fd vzduch, ale i originalitu, na kterou se r\u00e1di pod\u00edv\u00e1te.&nbsp;<\/p>\n<p>&nbsp;<\/p>\n<\/p>\n<p>&nbsp;<\/p>\n<h3><span style=\"color:#3598db\">Obsah balen\u00ed<\/span><\/h3>\n<p><strong><\/strong><\/p>\n<p>&nbsp;<\/p>\n<table border=\"1\" cellspacing=\"0\" style=\"border-collapse:collapse; width:900px\">\n<tbody>\n<tr>\n<td style=\"width:52.0337%\">1) p\u0159epravn\u00ed box se vsadkou (LP-B-1)<\/td>\n<td style=\"width:47.9663%\">4) 4 x kotv\u00edc\u00ed vrut<\/td>\n<\/tr>\n<tr>\n<td style=\"width:52.0337%\">2) mont\u00e1\u017en\u00ed r\u00e1me\u010dek Lumen (LR-L-XXX) &nbsp;<\/td>\n<td style=\"width:47.9663%\">5) 4 x natloukac\u00ed hmo\u017edinka DuoPower (vhodn\u00e1 pro s\u00e1drokarton, cihly apod.)<\/td>\n<\/tr>\n<tr>\n<td style=\"width:52.0337%\">3) pohledov\u00fd tal\u00ed\u0159 s LED modulem Lumen (LL-XX-XX-XX)<\/td>\n<td style=\"width:47.9663%\">6) n\u00e1vod &nbsp;<\/td>\n<\/tr>\n<\/tbody>\n<\/table>\n<h4>&nbsp;<\/h4>\n<h3><span style=\"color:#3598db\">Mont\u00e1\u017en\u00ed r\u00e1me\u010dek<\/span><\/h3>\n<p>Unik\u00e1tn\u011b \u0159e\u0161en\u00e1 zd\u011b\u0159 je vyrobena z materi\u00e1lu ABS a PETG. T\u011bsn\u00edc\u00ed guma je vyrobena z EPDM. Zd\u011b\u0159 obsahuje \u010dty\u0159i neodymov\u00e9 magnety.<\/p>\n<p>Pro LUFTOMET\u00ae Lumen je mont\u00e1\u017en\u00ed r\u00e1me\u010dek vyr\u00e1b\u011bn <strong>pro potrub\u00ed velikosti 100 a 125 mm.<\/strong><\/p>\n<\/p>\n<h4>V\u00fdhody mont\u00e1\u017en\u00ed r\u00e1me\u010dku (zd\u011b\u0159e)<\/h4>\n<p>1) EPDM guma pro dokonalou t\u011bsnost a snadnou mont\u00e1\u017e &#8211; zd\u011b\u0159 je po sund\u00e1n\u00ed t\u011bsn\u00edc\u00ed gumi\u010dky vhodn\u00e1 i pro mont\u00e1\u017e p\u0159\u00edmo do SPIRO tvarovek<\/p>\n<\/p>\n<p>&nbsp;<\/p>\n<p>2) kotven\u00ed zd\u011b\u0159e &#8211; kotv\u00ed se pomoc\u00ed \u010dty\u0159 vrut\u016f p\u0159es s\u00e1drokarton do boxu s lemem nebo do natloukac\u00ed hmo\u017edinky. Vruty jsou dokonale skryty uvnit\u0159 &#8222;kapi\u010dky&#8220; na spodn\u00ed stran\u011b zd\u011b\u0159e a jsou dostate\u010dn\u011b vzd\u00e1leny od hrany otvoru v s\u00e1drokartonu<\/p>\n<\/p>\n<p>&nbsp;<\/p>\n<\/p>\n<p>&nbsp;<\/p>\n<p>3) kotven\u00ed designov\u00e9ho tal\u00ed\u0159e &#8211; elegantn\u00ed a snadn\u00e9 \u0159e\u0161en\u00ed pomoc\u00ed \u010dty\u0159 neodymov\u00fdch magnet\u016f, kter\u00e9 vedou i proud do LED modulu (\u0159e\u0161en\u00ed chr\u00e1n\u011bno \u00da\u0159adem pr\u016fmyslov\u00e9ho vlastnictv\u00ed)<\/p>\n<\/p>\n<p>&nbsp;<\/p>\n<p>4) vybr\u00e1n\u00ed pro schov\u00e1n\u00ed vodi\u010d\u016f+jednoduch\u00e1 svorkovnice pro zapojen\u00ed vodi\u010d\u016f pomoc\u00ed vidli\u010dkov\u00fdch konektor\u016f<\/p>\n<p>&nbsp;<\/p>\n<\/p>\n<p>&nbsp;<\/p>\n<p>5) bezpe\u010dn\u00e9 uchycen\u00ed designov\u00e9ho pohledov\u00e9ho tal\u00ed\u0159e d\u00edky areta\u010dn\u00edm v\u00fdstupk\u016fm a sly\u0161iteln\u00e9mu dvojit\u00e9mu kliknut\u00ed<\/p>\n<p>&nbsp;<\/p>\n<\/p>\n<p>&nbsp;<\/p>\n<h3><span style=\"color:#3598db\">Pohledov\u00fd tal\u00ed\u0159 Lumen<\/span><\/h3>\n<p>Je osazen ze zadn\u00ed strany dv\u011bma kovov\u00fdmi protikusy, kter\u00e9 p\u0159ev\u00e1d\u00ed proud z magnet\u016f do zabudovan\u00e9ho LED modulu.&nbsp; LED modul je vym\u011bniteln\u00fd a stm\u00edvateln\u00fd. V\u00fdrobek je ur\u010den do z\u00e1kladn\u00edho vnit\u0159n\u00edho, \u010dist\u00e9ho a such\u00e9ho prost\u0159ed\u00ed bez chemick\u00fdch l\u00e1tek, v okol\u00ed nesm\u00ed b\u00fdt jin\u00fd velk\u00fd zdroj magnetismu. &nbsp;Doporu\u010den\u00e1 okoln\u00ed teplota je v rozmez\u00ed 10-40 \u00b0C , relativn\u00ed vlhkost 20- 80%, teplota dopravovan\u00e9ho vzduchu 10 \u00b0C a\u017e +40 \u00b0C.<\/p>\n<h3><span style=\"color:#3598db\">Rozm\u011bry<\/span><\/h3>\n<\/p>\n<table border=\"1\" cellspacing=\"0\" style=\"border-collapse:collapse; width:99.9684%\">\n<tbody>\n<tr>\n<td style=\"width:14.5739%\">C= 78,8 mm<\/td>\n<td style=\"width:29.5318%\">D1=141 mm<\/td>\n<td style=\"width:32.4389%\">A typ plast: 13 mm<\/td>\n<td style=\"width:23.3182%\">D3 &nbsp;typ &nbsp;kruh: 200 mm<\/td>\n<\/tr>\n<tr>\n<td style=\"width:14.5739%\">L= 44 mm<\/td>\n<td style=\"width:29.5318%\">D2 &nbsp;rozm\u011br 100 mm: 90 mm<\/td>\n<td style=\"width:32.4389%\">A typ d\u0159evo: 20 mm<\/td>\n<td style=\"width:23.3182%\">D3 typ \u010dtverec: 200 mm<\/td>\n<\/tr>\n<tr>\n<td style=\"width:14.5739%\">H= 8 mm<\/td>\n<td style=\"width:29.5318%\">D2 &nbsp;rozm\u011br 125 mm: 115 mm<\/td>\n<td style=\"width:32.4389%\">A typ beton: 5-10 mm (+-2 mm)<\/td>\n<td style=\"width:23.3182%\">F= 12 mm<\/td>\n<\/tr>\n<\/tbody>\n<\/table>\n<p>&nbsp;<\/p>\n<h3><span style=\"color:#3598db\">Materi\u00e1ly a p\u00e9\u010de o designov\u00e9 tal\u00ed\u0159e LUFTOMET\u00ae Lumen<\/span><\/h3>\n<p>\u010cist\u011bte pomoc\u00ed lehce vlhk\u00e9ho had\u0159\u00edku bez chemick\u00fdch l\u00e1tek.<br \/>Skladujte v teplot\u011b 10-40\u00b0 C, relativn\u00ed vlhkost 20-80 % bez p\u0159\u00edm\u00e9ho slune\u010dn\u00edho z\u00e1\u0159en\u00ed. V p\u0159\u00edpad\u011b skladov\u00e1n\u00ed v neorigin\u00e1ln\u00edch krabic\u00edch je nutn\u00e9 prokl\u00e1dat jednotliv\u00e9 tal\u00ed\u0159e, nejl\u00e9pe korkem. Jinak hroz\u00ed po\u0161kr\u00e1b\u00e1n\u00ed.<\/p>\n<p>LL-P-&#8230;.. PLEXISKLO: &nbsp;Chra\u0148te p\u0159ed po\u0161kr\u00e1b\u00e1n\u00edm. S tal\u00ed\u0159em manipulujte pomoc\u00ed textiln\u00edch rukavic, ot\u00edrejte antistatickou textili\u00ed.<\/p>\n<p>LL-W-&#8230;.. D\u0158EVO: Ka\u017ed\u00fd kus je origin\u00e1l a li\u0161\u00ed se kresbou, tvarem, trhlinami a \u017e\u00edh\u00e1n\u00edm, proto se nemus\u00ed zcela shodovat s vyobrazen\u00fdm vzorkem. D\u0159evo je pe\u010dliv\u011b su\u0161en\u00e9. Vznik dal\u0161\u00edch prasklin a zm\u011bny kresby a barevnosti z\u00e1vis\u00ed na prost\u0159ed\u00ed a jsou p\u0159irozenou charakteristikou materi\u00e1lu. Slune\u010dn\u00ed z\u00e1\u0159en\u00ed m\u016f\u017ee zp\u016fsobit zm\u011bnu odst\u00ednu. V p\u0159\u00edpad\u011b pou\u017eit\u00ed v extr\u00e9mn\u011b vlhk\u00e9m prost\u0159ed\u00ed pou\u017eijte vhodn\u00fd nez\u00e1vadn\u00fd n\u00e1t\u011br a obnovujte jej dle n\u00e1vodu v\u00fdrobce.<\/p>\n<p>LL-C-&#8230;.. BETON: Ka\u017ed\u00fd kus je origin\u00e1l, proto se nemus\u00ed zcela shodovat s vyobrazen\u00fdm proveden\u00edm. Slune\u010dn\u00ed z\u00e1\u0159en\u00ed m\u016f\u017ee zp\u016fsobit zm\u011bnu odst\u00ednu. V p\u0159\u00edpad\u011b pou\u017eit\u00ed ve vlhk\u00e9m prost\u0159ed\u00ed pou\u017eijte vhodn\u00fd nez\u00e1vadn\u00fd n\u00e1t\u011br a obnovujte jej dle n\u00e1vodu v\u00fdrobce. P\u0159i manipulaci zabra\u0148te kontaktu s mastnotou a jin\u00fdmi ne\u010distotami. Pou\u017e\u00edvejte \u010dist\u00e9 textiln\u00ed rukavice. LUFTOMET\u00ae z betonu nen\u00ed ur\u010den pro vertik\u00e1ln\u00ed mont\u00e1\u017e (na st\u011bnu), tuto instalaci konzultujte s v\u00fdrobcem\/dodavatelem.<\/p>\n<h3><span style=\"color:#3598db\">Servis<\/span><\/h3>\n<p>D\u00edky unik\u00e1tn\u00edmu veden\u00ed proudu p\u0159es magnety nen\u00ed nutn\u00e9 zd\u011b\u0159 demontovat ani p\u0159i \u010di\u0161t\u011bn\u00ed vzduchovod\u016f, ani p\u0159i v\u00fdm\u011bn\u011b LED modulu. Koncov\u00fd u\u017eivatel tak nikdy nep\u0159ich\u00e1z\u00ed do kontaktu s kabel\u00e1\u017e\u00ed. Po sejmut\u00ed designov\u00e9ho tal\u00ed\u0159e ze zd\u011b\u0159e je pro \u010di\u0161t\u011bn\u00ed vzduchovodu p\u0159ipraven kompletn\u011b voln\u00fd pr\u016f\u0159ez.<br \/>\u0158e\u0161en\u00ed spl\u0148uje nejvy\u0161\u0161\u00ed n\u00e1roky na design i funkcionalitu (pevnost, t\u011bsnost, snadn\u00e9 kotven\u00ed atd.)<\/p>\n<h3><span style=\"color:#3598db\">Voliteln\u00e9 p\u0159\u00edslu\u0161enstv\u00ed<\/span><\/h3>\n<p><span style=\"color:#000000\">1)&nbsp;<\/span>Deflektor pro LUFTOMET 95 stup\u0148\u016f b\u00edl\u00fd nebo \u010dern\u00fd<\/p>\n<p><span style=\"color:#000000\">2)&nbsp;<\/span>Filtra\u010dn\u00ed set do zd\u011b\u0159e LUFTOMET<\/p>\n<p>3)&nbsp;Transform\u00e1tor 12V pro 1-5 ks nebo 6-10 LUFTOMET Lumen<\/p>\n<p>4)&nbsp;Stm\u00edva\u010d jednobarevn\u00fd pro LUFTOMET Lumen<\/p>\n<p>5)&nbsp;Vidli\u010dkov\u00fd konektor pro Lumen set 2ks<\/p>\n<p>6)&nbsp;N\u00e1hradn\u00ed LED modul LUFTOMET module 7W<\/p>\n<p>7)&nbsp;Regul\u00e1tor pr\u016ftoku s tlum\u00edc\u00edmi \u00fa\u010dinky PF 100, 125, 160 mm<\/p>\n<p>Designov\u00e9 tal\u00ed\u0159e \u010dist\u011bte dle n\u00e1vodu.<br \/>&nbsp;<\/p>\n<p>*** Technick\u00e9 LUFTOMET\u00ae Lumen \u0159e\u0161en\u00ed je chr\u00e1n\u011bno u\u017eitn\u00fdm vzorem***<br \/>*** Design LUFTOMET\u00ae Lumen chr\u00e1n\u011bn pomoc\u00ed EUPIO- Registered Community Design***<\/p>\n<div>&nbsp;<\/div>\n<div>P\u0159ed prac\u00ed s magnety si p\u0159e\u010dt\u011bte bezpe\u010dnostn\u00ed list.<\/div>\n<div>&nbsp;<\/div>\n<div>&nbsp;<\/div>\n<div><\/div>\n<div>&nbsp;<\/div>\n<div>&nbsp;<\/div>\n<div>&nbsp;<\/div>\n<div>Ve\u0161ker\u00e1 vyobrazen\u00ed, technick\u00e9 \u00fadaje, m\u00edry [mm] a hmotnosti [kg] jsou nez\u00e1vazn\u00e9. Zm\u011bny slou\u017e\u00edc\u00ed technick\u00e9mu pokroku si vyhrazujeme.<\/div>\n<div>&nbsp;<\/div>\n<p><!-- KONEC k\u00f3du embedovan\u00e9ho konfigur\u00e1toru  --><\/p>\n<h4>Video: Balen\u00ed Single Pack LUFTOMET Lumen obsahuje<\/h4>\n<\/p>\n<p>&nbsp;<\/p>\n<h4>Video: LUFTOMET designov\u00e9 portfolio<\/h4>\n<\/p>\n<p>&nbsp;<\/p>\n<h4>Video: Mont\u00e1\u017en\u00ed n\u00e1vod varianta A &#8211; SPIRO, boxy bez l\u00edmce atd.<\/h4>\n<\/p>\n<p>&nbsp;<\/p>\n<h4>Video: Mont\u00e1\u017en\u00ed n\u00e1vod varianta B &#8211; stropn\u00ed box s l\u00edmcem napojen\u00fd na 75 nebo 90 mm potrub\u00ed<\/h4>\n<\/p>\n<p>&nbsp;<\/p>\n<\/p><\/div>\n<\/p><\/div>\n<\/p><\/div>\n<\/p><\/div>\n<\/p><\/div>\n","protected":false},"excerpt":{"rendered":"<p>Popis produktu Luftuj Vy\u00fastka VZT pro rekuperaci se sv\u011btlem LUFTOMET LUMEN d\u0159evo kruh buk mydlenka V\u011btr\u00e1 a sv\u00edt\u00ed,&nbsp; balen\u00ed Single Pack &#8211; v\u0161e co pot\u0159ebujete v jednom bal\u00ed\u010dku Produktov\u00e1 \u0159ada vy\u00fastek s ozna\u010den\u00edm LUFTOMET\u00ae Lumen je speci\u00e1ln\u011b dimenzovan\u00e1 jako koncov\u00fd interi\u00e9rov\u00fd prvek v\u011btr\u00e1n\u00ed s centr\u00e1ln\u00ed ventila\u010dn\u00ed rekupera\u010dn\u00ed jednotkou. Lze jej pou\u017e\u00edt v rodinn\u00fdch domech, bytech [&hellip;]<\/p>\n","protected":false},"featured_media":13405,"comment_status":"open","ping_status":"open","template":"","meta":[],"product_brand":[],"product_cat":[70],"product_tag":[],"class_list":{"0":"post-13305","1":"product","2":"type-product","3":"status-publish","4":"has-post-thumbnail","6":"product_cat-rekuperace-vzduchu-a-vody-vetrani","8":"first","9":"instock","10":"sale","11":"shipping-taxable","12":"purchasable","13":"product-type-simple"},"yoast_head":"<!-- This site is optimized with the Yoast SEO plugin v26.8 - https:\/\/yoast.com\/product\/yoast-seo-wordpress\/ -->\n<title>Luftuj Vy\u00fastka VZT pro rekuperaci se sv\u011btlem LUFTOMET LUMEN d\u0159evo kruh buk mydlenka V\u00fdhodn\u00e1 Nab\u00eddka -<\/title>\n<meta name=\"robots\" content=\"index, follow, max-snippet:-1, max-image-preview:large, max-video-preview:-1\" \/>\n<link rel=\"canonical\" href=\"https:\/\/www.oknobuild.com\/index.php\/produkt\/luftuj-vyustka-vzt-pro-rekuperaci-se-svetlem-luftomet-lumen-drevo-kruh-buk-mydlenka-vyhodna-nabidka-13305\/\" \/>\n<meta property=\"og:locale\" content=\"cs_CZ\" \/>\n<meta property=\"og:type\" content=\"article\" \/>\n<meta property=\"og:title\" content=\"Luftuj Vy\u00fastka VZT pro rekuperaci se sv\u011btlem LUFTOMET LUMEN d\u0159evo kruh buk mydlenka V\u00fdhodn\u00e1 Nab\u00eddka -\" \/>\n<meta property=\"og:description\" content=\"Popis produktu Luftuj Vy\u00fastka VZT pro rekuperaci se sv\u011btlem LUFTOMET LUMEN d\u0159evo kruh buk mydlenka V\u011btr\u00e1 a sv\u00edt\u00ed,&nbsp; balen\u00ed Single Pack &#8211; v\u0161e co pot\u0159ebujete v jednom bal\u00ed\u010dku Produktov\u00e1 \u0159ada vy\u00fastek s ozna\u010den\u00edm LUFTOMET\u00ae Lumen je speci\u00e1ln\u011b dimenzovan\u00e1 jako koncov\u00fd interi\u00e9rov\u00fd prvek v\u011btr\u00e1n\u00ed s centr\u00e1ln\u00ed ventila\u010dn\u00ed rekupera\u010dn\u00ed jednotkou. Lze jej pou\u017e\u00edt v rodinn\u00fdch domech, bytech [&hellip;]\" \/>\n<meta property=\"og:url\" content=\"https:\/\/www.oknobuild.com\/index.php\/produkt\/luftuj-vyustka-vzt-pro-rekuperaci-se-svetlem-luftomet-lumen-drevo-kruh-buk-mydlenka-vyhodna-nabidka-13305\/\" \/>\n<meta property=\"og:image\" content=\"https:\/\/www.oknobuild.com\/wp-content\/uploads\/2026\/SK0019457-CZ20260425-092632-0-1777080397-luftuj-vyustka-vzt-pro-rekuperaci-se-svetlem-luftomet-lumen.webp\" \/>\n\t<meta property=\"og:image:width\" content=\"454\" \/>\n\t<meta property=\"og:image:height\" content=\"454\" \/>\n\t<meta property=\"og:image:type\" content=\"image\/webp\" \/>\n<meta name=\"twitter:card\" content=\"summary_large_image\" \/>\n<meta name=\"twitter:label1\" content=\"Odhadovan\u00e1 doba \u010dten\u00ed\" \/>\n\t<meta name=\"twitter:data1\" content=\"6 minut\" \/>\n<script type=\"application\/ld+json\" class=\"yoast-schema-graph\">{\"@context\":\"https:\/\/schema.org\",\"@graph\":[{\"@type\":\"WebPage\",\"@id\":\"https:\/\/www.oknobuild.com\/index.php\/produkt\/luftuj-vyustka-vzt-pro-rekuperaci-se-svetlem-luftomet-lumen-drevo-kruh-buk-mydlenka-vyhodna-nabidka-13305\/\",\"url\":\"https:\/\/www.oknobuild.com\/index.php\/produkt\/luftuj-vyustka-vzt-pro-rekuperaci-se-svetlem-luftomet-lumen-drevo-kruh-buk-mydlenka-vyhodna-nabidka-13305\/\",\"name\":\"Luftuj Vy\u00fastka VZT pro rekuperaci se sv\u011btlem LUFTOMET LUMEN d\u0159evo kruh buk mydlenka V\u00fdhodn\u00e1 Nab\u00eddka -\",\"isPartOf\":{\"@id\":\"https:\/\/www.oknobuild.com\/#website\"},\"primaryImageOfPage\":{\"@id\":\"https:\/\/www.oknobuild.com\/index.php\/produkt\/luftuj-vyustka-vzt-pro-rekuperaci-se-svetlem-luftomet-lumen-drevo-kruh-buk-mydlenka-vyhodna-nabidka-13305\/#primaryimage\"},\"image\":{\"@id\":\"https:\/\/www.oknobuild.com\/index.php\/produkt\/luftuj-vyustka-vzt-pro-rekuperaci-se-svetlem-luftomet-lumen-drevo-kruh-buk-mydlenka-vyhodna-nabidka-13305\/#primaryimage\"},\"thumbnailUrl\":\"https:\/\/www.oknobuild.com\/wp-content\/uploads\/2026\/SK0019457-CZ20260425-092632-0-1777080397-luftuj-vyustka-vzt-pro-rekuperaci-se-svetlem-luftomet-lumen.webp\",\"datePublished\":\"2026-04-27T04:41:06+00:00\",\"breadcrumb\":{\"@id\":\"https:\/\/www.oknobuild.com\/index.php\/produkt\/luftuj-vyustka-vzt-pro-rekuperaci-se-svetlem-luftomet-lumen-drevo-kruh-buk-mydlenka-vyhodna-nabidka-13305\/#breadcrumb\"},\"inLanguage\":\"cs\",\"potentialAction\":[{\"@type\":\"ReadAction\",\"target\":[\"https:\/\/www.oknobuild.com\/index.php\/produkt\/luftuj-vyustka-vzt-pro-rekuperaci-se-svetlem-luftomet-lumen-drevo-kruh-buk-mydlenka-vyhodna-nabidka-13305\/\"]}]},{\"@type\":\"ImageObject\",\"inLanguage\":\"cs\",\"@id\":\"https:\/\/www.oknobuild.com\/index.php\/produkt\/luftuj-vyustka-vzt-pro-rekuperaci-se-svetlem-luftomet-lumen-drevo-kruh-buk-mydlenka-vyhodna-nabidka-13305\/#primaryimage\",\"url\":\"https:\/\/www.oknobuild.com\/wp-content\/uploads\/2026\/SK0019457-CZ20260425-092632-0-1777080397-luftuj-vyustka-vzt-pro-rekuperaci-se-svetlem-luftomet-lumen.webp\",\"contentUrl\":\"https:\/\/www.oknobuild.com\/wp-content\/uploads\/2026\/SK0019457-CZ20260425-092632-0-1777080397-luftuj-vyustka-vzt-pro-rekuperaci-se-svetlem-luftomet-lumen.webp\",\"width\":454,\"height\":454},{\"@type\":\"BreadcrumbList\",\"@id\":\"https:\/\/www.oknobuild.com\/index.php\/produkt\/luftuj-vyustka-vzt-pro-rekuperaci-se-svetlem-luftomet-lumen-drevo-kruh-buk-mydlenka-vyhodna-nabidka-13305\/#breadcrumb\",\"itemListElement\":[{\"@type\":\"ListItem\",\"position\":1,\"name\":\"Home\",\"item\":\"https:\/\/www.oknobuild.com\/\"},{\"@type\":\"ListItem\",\"position\":2,\"name\":\"Products\",\"item\":\"https:\/\/www.oknobuild.com\/index.php\/products\/\"},{\"@type\":\"ListItem\",\"position\":3,\"name\":\"Luftuj Vy\u00fastka VZT pro rekuperaci se sv\u011btlem LUFTOMET LUMEN d\u0159evo kruh buk mydlenka V\u00fdhodn\u00e1 Nab\u00eddka\"}]},{\"@type\":\"WebSite\",\"@id\":\"https:\/\/www.oknobuild.com\/#website\",\"url\":\"https:\/\/www.oknobuild.com\/\",\"name\":\"\",\"description\":\"\",\"potentialAction\":[{\"@type\":\"SearchAction\",\"target\":{\"@type\":\"EntryPoint\",\"urlTemplate\":\"https:\/\/www.oknobuild.com\/?s={search_term_string}\"},\"query-input\":{\"@type\":\"PropertyValueSpecification\",\"valueRequired\":true,\"valueName\":\"search_term_string\"}}],\"inLanguage\":\"cs\"}]}<\/script>\n<!-- \/ Yoast SEO plugin. -->","yoast_head_json":{"title":"Luftuj Vy\u00fastka VZT pro rekuperaci se sv\u011btlem LUFTOMET LUMEN d\u0159evo kruh buk mydlenka V\u00fdhodn\u00e1 Nab\u00eddka -","robots":{"index":"index","follow":"follow","max-snippet":"max-snippet:-1","max-image-preview":"max-image-preview:large","max-video-preview":"max-video-preview:-1"},"canonical":"https:\/\/www.oknobuild.com\/index.php\/produkt\/luftuj-vyustka-vzt-pro-rekuperaci-se-svetlem-luftomet-lumen-drevo-kruh-buk-mydlenka-vyhodna-nabidka-13305\/","og_locale":"cs_CZ","og_type":"article","og_title":"Luftuj Vy\u00fastka VZT pro rekuperaci se sv\u011btlem LUFTOMET LUMEN d\u0159evo kruh buk mydlenka V\u00fdhodn\u00e1 Nab\u00eddka -","og_description":"Popis produktu Luftuj Vy\u00fastka VZT pro rekuperaci se sv\u011btlem LUFTOMET LUMEN d\u0159evo kruh buk mydlenka V\u011btr\u00e1 a sv\u00edt\u00ed,&nbsp; balen\u00ed Single Pack &#8211; v\u0161e co pot\u0159ebujete v jednom bal\u00ed\u010dku Produktov\u00e1 \u0159ada vy\u00fastek s ozna\u010den\u00edm LUFTOMET\u00ae Lumen je speci\u00e1ln\u011b dimenzovan\u00e1 jako koncov\u00fd interi\u00e9rov\u00fd prvek v\u011btr\u00e1n\u00ed s centr\u00e1ln\u00ed ventila\u010dn\u00ed rekupera\u010dn\u00ed jednotkou. Lze jej pou\u017e\u00edt v rodinn\u00fdch domech, bytech [&hellip;]","og_url":"https:\/\/www.oknobuild.com\/index.php\/produkt\/luftuj-vyustka-vzt-pro-rekuperaci-se-svetlem-luftomet-lumen-drevo-kruh-buk-mydlenka-vyhodna-nabidka-13305\/","og_image":[{"width":454,"height":454,"url":"https:\/\/www.oknobuild.com\/wp-content\/uploads\/2026\/SK0019457-CZ20260425-092632-0-1777080397-luftuj-vyustka-vzt-pro-rekuperaci-se-svetlem-luftomet-lumen.webp","type":"image\/webp"}],"twitter_card":"summary_large_image","twitter_misc":{"Odhadovan\u00e1 doba \u010dten\u00ed":"6 minut"},"schema":{"@context":"https:\/\/schema.org","@graph":[{"@type":"WebPage","@id":"https:\/\/www.oknobuild.com\/index.php\/produkt\/luftuj-vyustka-vzt-pro-rekuperaci-se-svetlem-luftomet-lumen-drevo-kruh-buk-mydlenka-vyhodna-nabidka-13305\/","url":"https:\/\/www.oknobuild.com\/index.php\/produkt\/luftuj-vyustka-vzt-pro-rekuperaci-se-svetlem-luftomet-lumen-drevo-kruh-buk-mydlenka-vyhodna-nabidka-13305\/","name":"Luftuj Vy\u00fastka VZT pro rekuperaci se sv\u011btlem LUFTOMET LUMEN d\u0159evo kruh buk mydlenka V\u00fdhodn\u00e1 Nab\u00eddka -","isPartOf":{"@id":"https:\/\/www.oknobuild.com\/#website"},"primaryImageOfPage":{"@id":"https:\/\/www.oknobuild.com\/index.php\/produkt\/luftuj-vyustka-vzt-pro-rekuperaci-se-svetlem-luftomet-lumen-drevo-kruh-buk-mydlenka-vyhodna-nabidka-13305\/#primaryimage"},"image":{"@id":"https:\/\/www.oknobuild.com\/index.php\/produkt\/luftuj-vyustka-vzt-pro-rekuperaci-se-svetlem-luftomet-lumen-drevo-kruh-buk-mydlenka-vyhodna-nabidka-13305\/#primaryimage"},"thumbnailUrl":"https:\/\/www.oknobuild.com\/wp-content\/uploads\/2026\/SK0019457-CZ20260425-092632-0-1777080397-luftuj-vyustka-vzt-pro-rekuperaci-se-svetlem-luftomet-lumen.webp","datePublished":"2026-04-27T04:41:06+00:00","breadcrumb":{"@id":"https:\/\/www.oknobuild.com\/index.php\/produkt\/luftuj-vyustka-vzt-pro-rekuperaci-se-svetlem-luftomet-lumen-drevo-kruh-buk-mydlenka-vyhodna-nabidka-13305\/#breadcrumb"},"inLanguage":"cs","potentialAction":[{"@type":"ReadAction","target":["https:\/\/www.oknobuild.com\/index.php\/produkt\/luftuj-vyustka-vzt-pro-rekuperaci-se-svetlem-luftomet-lumen-drevo-kruh-buk-mydlenka-vyhodna-nabidka-13305\/"]}]},{"@type":"ImageObject","inLanguage":"cs","@id":"https:\/\/www.oknobuild.com\/index.php\/produkt\/luftuj-vyustka-vzt-pro-rekuperaci-se-svetlem-luftomet-lumen-drevo-kruh-buk-mydlenka-vyhodna-nabidka-13305\/#primaryimage","url":"https:\/\/www.oknobuild.com\/wp-content\/uploads\/2026\/SK0019457-CZ20260425-092632-0-1777080397-luftuj-vyustka-vzt-pro-rekuperaci-se-svetlem-luftomet-lumen.webp","contentUrl":"https:\/\/www.oknobuild.com\/wp-content\/uploads\/2026\/SK0019457-CZ20260425-092632-0-1777080397-luftuj-vyustka-vzt-pro-rekuperaci-se-svetlem-luftomet-lumen.webp","width":454,"height":454},{"@type":"BreadcrumbList","@id":"https:\/\/www.oknobuild.com\/index.php\/produkt\/luftuj-vyustka-vzt-pro-rekuperaci-se-svetlem-luftomet-lumen-drevo-kruh-buk-mydlenka-vyhodna-nabidka-13305\/#breadcrumb","itemListElement":[{"@type":"ListItem","position":1,"name":"Home","item":"https:\/\/www.oknobuild.com\/"},{"@type":"ListItem","position":2,"name":"Products","item":"https:\/\/www.oknobuild.com\/index.php\/products\/"},{"@type":"ListItem","position":3,"name":"Luftuj Vy\u00fastka VZT pro rekuperaci se sv\u011btlem LUFTOMET LUMEN d\u0159evo kruh buk mydlenka V\u00fdhodn\u00e1 Nab\u00eddka"}]},{"@type":"WebSite","@id":"https:\/\/www.oknobuild.com\/#website","url":"https:\/\/www.oknobuild.com\/","name":"","description":"","potentialAction":[{"@type":"SearchAction","target":{"@type":"EntryPoint","urlTemplate":"https:\/\/www.oknobuild.com\/?s={search_term_string}"},"query-input":{"@type":"PropertyValueSpecification","valueRequired":true,"valueName":"search_term_string"}}],"inLanguage":"cs"}]}},"_links":{"self":[{"href":"https:\/\/www.oknobuild.com\/index.php\/wp-json\/wp\/v2\/product\/13305","targetHints":{"allow":["GET"]}}],"collection":[{"href":"https:\/\/www.oknobuild.com\/index.php\/wp-json\/wp\/v2\/product"}],"about":[{"href":"https:\/\/www.oknobuild.com\/index.php\/wp-json\/wp\/v2\/types\/product"}],"replies":[{"embeddable":true,"href":"https:\/\/www.oknobuild.com\/index.php\/wp-json\/wp\/v2\/comments?post=13305"}],"wp:featuredmedia":[{"embeddable":true,"href":"https:\/\/www.oknobuild.com\/index.php\/wp-json\/wp\/v2\/media\/13405"}],"wp:attachment":[{"href":"https:\/\/www.oknobuild.com\/index.php\/wp-json\/wp\/v2\/media?parent=13305"}],"wp:term":[{"taxonomy":"product_brand","embeddable":true,"href":"https:\/\/www.oknobuild.com\/index.php\/wp-json\/wp\/v2\/product_brand?post=13305"},{"taxonomy":"product_cat","embeddable":true,"href":"https:\/\/www.oknobuild.com\/index.php\/wp-json\/wp\/v2\/product_cat?post=13305"},{"taxonomy":"product_tag","embeddable":true,"href":"https:\/\/www.oknobuild.com\/index.php\/wp-json\/wp\/v2\/product_tag?post=13305"}],"curies":[{"name":"wp","href":"https:\/\/api.w.org\/{rel}","templated":true}]}}