{"id":13330,"date":"2026-04-27T04:41:06","date_gmt":"2026-04-27T04:41:06","guid":{"rendered":""},"modified":"2026-04-27T04:41:06","modified_gmt":"2026-04-27T04:41:06","slug":"oblibeny-elicent-rec-duo-plus-rc-decentralni-rekuperacni-jednotka-pro-jednu-mistnost-max-30-m2-13330","status":"publish","type":"product","link":"https:\/\/www.oknobuild.com\/index.php\/produkt\/oblibeny-elicent-rec-duo-plus-rc-decentralni-rekuperacni-jednotka-pro-jednu-mistnost-max-30-m2-13330\/","title":{"rendered":"Obl\u00edben\u00fd Elicent REC DUO Plus RC Decentr\u00e1ln\u00ed rekupera\u010dn\u00ed jednotka pro jednu m\u00edstnost, max 30 m2"},"content":{"rendered":"<div class=\"ProductDetail-content NoFixImageContainer\" id=\"productDescription\">\n<div class=\"Heading\">\n<h2 class=\"Heading-title\">Popis produktu <span class=''>Elicent REC DUO Plus RC Decentr\u00e1ln\u00ed rekupera\u010dn\u00ed jednotka pro jednu m\u00edstnost, max 30 m2<\/span><\/h2>\n<\/p><\/div>\n<div class=\"ProductDetailContent\">\n<p>Mo\u017enost instalace dvou jednotek pro jednu m\u00edstost nebo dv\u011b odd\u011blen\u00e9 m\u00edstnosti.<\/p>\n<ul>\n<li>\u00da\u010dinnost rekuperace a\u017e 90%<\/li>\n<li>Snadn\u00e1 instalace<\/li>\n<li><strong>Pr\u016fm\u011br tubusu 100 nebo 150 mm<\/strong><\/li>\n<li><strong>P\u0159\u00edm\u00e9 ods\u00e1v\u00e1n\u00ed p\u0159es st\u011bnu o tlou\u0161\u0165ce 300 a\u017e 500 mm (REC DUO 100), 340 a\u017e 500 mm (REC DUO 150)<\/strong><\/li>\n<li><strong>Lze p\u0159izp\u016fsobit tlou\u0161\u0165ce st\u011bny 220 a\u017e 1000 mm (REC DUO 100), 250 a\u017e 1000mm (REC DUO 150)<\/strong><\/li>\n<li>Pom\u00e1h\u00e1 sn\u00ed\u017eit probl\u00e9my se vzdu\u0161nou vlhkost\u00ed a kondenzac\u00ed vodn\u00edch par<\/li>\n<li>Ur\u010dena pro kuchyn\u011b, koupelny, ob\u00fdvac\u00ed pokoje, lo\u017enice<\/li>\n<li>Ide\u00e1ln\u00ed pro rekonstrukce, jako n\u00e1hrada pro nefunk\u010dn\u00ed ventil\u00e1tor, nevy\u017eaduje rozvody vzduchu<\/li>\n<li>Snadn\u00e1 \u00fadr\u017eba a \u010di\u0161t\u011bn\u00ed<\/li>\n<li>Tich\u00fd provoz<\/li>\n<li>Stylov\u00fd a ultra tenk\u00fd p\u0159edn\u00ed kryt<\/li>\n<li>Kompaktn\u00ed rozm\u011bry<\/li>\n<li>Dod\u00e1v\u00e1n s filtry G3 pro p\u0159\u00edvod i odvod, jednodu\u0161e sn\u00edmateln\u00fd a omyvateln\u00fd<\/li>\n<li>Funkce Free-cooling a Protimrazov\u00e1 funkce<\/li>\n<li><strong>D\u00e1lkov\u00fd ovlada\u010d<\/strong> sou\u010d\u00e1st\u00ed balen\u00ed<\/li>\n<\/ul>\n<h3>Motor<\/h3>\n<ul>\n<li>EC motor<\/li>\n<li>Vyroben dle standard\u016f EN 60335-2-80, LVD 2014\/35\/UE, EMC 2014\/30\/UE<\/li>\n<li>IPX4<\/li>\n<\/ul>\n<h3>Rekuperace<\/h3>\n<ul>\n<li>\u00da\u010dinnost a\u017e 90%<\/li>\n<li>Protimrazov\u00e1 ochrana<\/li>\n<li>Tubus pro rekuper\u00e1tor lze zkr\u00e1tit nebo prodlou\u017eit pomoc\u00ed teleskopick\u00e9ho tubusu<\/li>\n<\/ul><\/div>\n<div class=\"ProductDetailContent\">                                                                    <\/div>\n<\/p><\/div>\n<\/p><\/div>\n<\/p><\/div>\n","protected":false},"excerpt":{"rendered":"<p>Popis produktu Elicent REC DUO Plus RC Decentr\u00e1ln\u00ed rekupera\u010dn\u00ed jednotka pro jednu m\u00edstnost, max 30 m2 Mo\u017enost instalace dvou jednotek pro jednu m\u00edstost nebo dv\u011b odd\u011blen\u00e9 m\u00edstnosti. \u00da\u010dinnost rekuperace a\u017e 90% Snadn\u00e1 instalace Pr\u016fm\u011br tubusu 100 nebo 150 mm P\u0159\u00edm\u00e9 ods\u00e1v\u00e1n\u00ed p\u0159es st\u011bnu o tlou\u0161\u0165ce 300 a\u017e 500 mm (REC DUO 100), 340 a\u017e 500 [&hellip;]<\/p>\n","protected":false},"featured_media":13430,"comment_status":"open","ping_status":"open","template":"","meta":[],"product_brand":[],"product_cat":[70],"product_tag":[],"class_list":{"0":"post-13330","1":"product","2":"type-product","3":"status-publish","4":"has-post-thumbnail","6":"product_cat-rekuperace-vzduchu-a-vody-vetrani","8":"first","9":"instock","10":"sale","11":"shipping-taxable","12":"purchasable","13":"product-type-simple"},"yoast_head":"<!-- This site is optimized with the Yoast SEO plugin v26.8 - https:\/\/yoast.com\/product\/yoast-seo-wordpress\/ -->\n<title>Obl\u00edben\u00fd Elicent REC DUO Plus RC Decentr\u00e1ln\u00ed rekupera\u010dn\u00ed jednotka pro jednu m\u00edstnost, max 30 m2 -<\/title>\n<meta name=\"robots\" content=\"index, follow, max-snippet:-1, max-image-preview:large, max-video-preview:-1\" \/>\n<link rel=\"canonical\" href=\"https:\/\/www.oknobuild.com\/index.php\/produkt\/oblibeny-elicent-rec-duo-plus-rc-decentralni-rekuperacni-jednotka-pro-jednu-mistnost-max-30-m2-13330\/\" \/>\n<meta property=\"og:locale\" content=\"cs_CZ\" \/>\n<meta property=\"og:type\" content=\"article\" \/>\n<meta property=\"og:title\" content=\"Obl\u00edben\u00fd Elicent REC DUO Plus RC Decentr\u00e1ln\u00ed rekupera\u010dn\u00ed jednotka pro jednu m\u00edstnost, max 30 m2 -\" \/>\n<meta property=\"og:description\" content=\"Popis produktu Elicent REC DUO Plus RC Decentr\u00e1ln\u00ed rekupera\u010dn\u00ed jednotka pro jednu m\u00edstnost, max 30 m2 Mo\u017enost instalace dvou jednotek pro jednu m\u00edstost nebo dv\u011b odd\u011blen\u00e9 m\u00edstnosti. \u00da\u010dinnost rekuperace a\u017e 90% Snadn\u00e1 instalace Pr\u016fm\u011br tubusu 100 nebo 150 mm P\u0159\u00edm\u00e9 ods\u00e1v\u00e1n\u00ed p\u0159es st\u011bnu o tlou\u0161\u0165ce 300 a\u017e 500 mm (REC DUO 100), 340 a\u017e 500 [&hellip;]\" \/>\n<meta property=\"og:url\" content=\"https:\/\/www.oknobuild.com\/index.php\/produkt\/oblibeny-elicent-rec-duo-plus-rc-decentralni-rekuperacni-jednotka-pro-jednu-mistnost-max-30-m2-13330\/\" \/>\n<meta property=\"og:image\" content=\"https:\/\/www.oknobuild.com\/wp-content\/uploads\/2026\/SK0019482-CZ20260425-092632-0-1777080397-elicent-rec-duo-plus-rc-decentralni-rekuperacni-jednotka-pr.webp\" \/>\n\t<meta property=\"og:image:width\" content=\"600\" \/>\n\t<meta property=\"og:image:height\" content=\"427\" \/>\n\t<meta property=\"og:image:type\" content=\"image\/webp\" \/>\n<meta name=\"twitter:card\" content=\"summary_large_image\" \/>\n<meta name=\"twitter:label1\" content=\"Odhadovan\u00e1 doba \u010dten\u00ed\" \/>\n\t<meta name=\"twitter:data1\" content=\"1 minuta\" \/>\n<script type=\"application\/ld+json\" class=\"yoast-schema-graph\">{\"@context\":\"https:\/\/schema.org\",\"@graph\":[{\"@type\":\"WebPage\",\"@id\":\"https:\/\/www.oknobuild.com\/index.php\/produkt\/oblibeny-elicent-rec-duo-plus-rc-decentralni-rekuperacni-jednotka-pro-jednu-mistnost-max-30-m2-13330\/\",\"url\":\"https:\/\/www.oknobuild.com\/index.php\/produkt\/oblibeny-elicent-rec-duo-plus-rc-decentralni-rekuperacni-jednotka-pro-jednu-mistnost-max-30-m2-13330\/\",\"name\":\"Obl\u00edben\u00fd Elicent REC DUO Plus RC Decentr\u00e1ln\u00ed rekupera\u010dn\u00ed jednotka pro jednu m\u00edstnost, max 30 m2 -\",\"isPartOf\":{\"@id\":\"https:\/\/www.oknobuild.com\/#website\"},\"primaryImageOfPage\":{\"@id\":\"https:\/\/www.oknobuild.com\/index.php\/produkt\/oblibeny-elicent-rec-duo-plus-rc-decentralni-rekuperacni-jednotka-pro-jednu-mistnost-max-30-m2-13330\/#primaryimage\"},\"image\":{\"@id\":\"https:\/\/www.oknobuild.com\/index.php\/produkt\/oblibeny-elicent-rec-duo-plus-rc-decentralni-rekuperacni-jednotka-pro-jednu-mistnost-max-30-m2-13330\/#primaryimage\"},\"thumbnailUrl\":\"https:\/\/www.oknobuild.com\/wp-content\/uploads\/2026\/SK0019482-CZ20260425-092632-0-1777080397-elicent-rec-duo-plus-rc-decentralni-rekuperacni-jednotka-pr.webp\",\"datePublished\":\"2026-04-27T04:41:06+00:00\",\"breadcrumb\":{\"@id\":\"https:\/\/www.oknobuild.com\/index.php\/produkt\/oblibeny-elicent-rec-duo-plus-rc-decentralni-rekuperacni-jednotka-pro-jednu-mistnost-max-30-m2-13330\/#breadcrumb\"},\"inLanguage\":\"cs\",\"potentialAction\":[{\"@type\":\"ReadAction\",\"target\":[\"https:\/\/www.oknobuild.com\/index.php\/produkt\/oblibeny-elicent-rec-duo-plus-rc-decentralni-rekuperacni-jednotka-pro-jednu-mistnost-max-30-m2-13330\/\"]}]},{\"@type\":\"ImageObject\",\"inLanguage\":\"cs\",\"@id\":\"https:\/\/www.oknobuild.com\/index.php\/produkt\/oblibeny-elicent-rec-duo-plus-rc-decentralni-rekuperacni-jednotka-pro-jednu-mistnost-max-30-m2-13330\/#primaryimage\",\"url\":\"https:\/\/www.oknobuild.com\/wp-content\/uploads\/2026\/SK0019482-CZ20260425-092632-0-1777080397-elicent-rec-duo-plus-rc-decentralni-rekuperacni-jednotka-pr.webp\",\"contentUrl\":\"https:\/\/www.oknobuild.com\/wp-content\/uploads\/2026\/SK0019482-CZ20260425-092632-0-1777080397-elicent-rec-duo-plus-rc-decentralni-rekuperacni-jednotka-pr.webp\",\"width\":600,\"height\":427},{\"@type\":\"BreadcrumbList\",\"@id\":\"https:\/\/www.oknobuild.com\/index.php\/produkt\/oblibeny-elicent-rec-duo-plus-rc-decentralni-rekuperacni-jednotka-pro-jednu-mistnost-max-30-m2-13330\/#breadcrumb\",\"itemListElement\":[{\"@type\":\"ListItem\",\"position\":1,\"name\":\"Home\",\"item\":\"https:\/\/www.oknobuild.com\/\"},{\"@type\":\"ListItem\",\"position\":2,\"name\":\"Products\",\"item\":\"https:\/\/www.oknobuild.com\/index.php\/products\/\"},{\"@type\":\"ListItem\",\"position\":3,\"name\":\"Obl\u00edben\u00fd Elicent REC DUO Plus RC Decentr\u00e1ln\u00ed rekupera\u010dn\u00ed jednotka pro jednu m\u00edstnost, max 30 m2\"}]},{\"@type\":\"WebSite\",\"@id\":\"https:\/\/www.oknobuild.com\/#website\",\"url\":\"https:\/\/www.oknobuild.com\/\",\"name\":\"\",\"description\":\"\",\"potentialAction\":[{\"@type\":\"SearchAction\",\"target\":{\"@type\":\"EntryPoint\",\"urlTemplate\":\"https:\/\/www.oknobuild.com\/?s={search_term_string}\"},\"query-input\":{\"@type\":\"PropertyValueSpecification\",\"valueRequired\":true,\"valueName\":\"search_term_string\"}}],\"inLanguage\":\"cs\"}]}<\/script>\n<!-- \/ Yoast SEO plugin. -->","yoast_head_json":{"title":"Obl\u00edben\u00fd Elicent REC DUO Plus RC Decentr\u00e1ln\u00ed rekupera\u010dn\u00ed jednotka pro jednu m\u00edstnost, max 30 m2 -","robots":{"index":"index","follow":"follow","max-snippet":"max-snippet:-1","max-image-preview":"max-image-preview:large","max-video-preview":"max-video-preview:-1"},"canonical":"https:\/\/www.oknobuild.com\/index.php\/produkt\/oblibeny-elicent-rec-duo-plus-rc-decentralni-rekuperacni-jednotka-pro-jednu-mistnost-max-30-m2-13330\/","og_locale":"cs_CZ","og_type":"article","og_title":"Obl\u00edben\u00fd Elicent REC DUO Plus RC Decentr\u00e1ln\u00ed rekupera\u010dn\u00ed jednotka pro jednu m\u00edstnost, max 30 m2 -","og_description":"Popis produktu Elicent REC DUO Plus RC Decentr\u00e1ln\u00ed rekupera\u010dn\u00ed jednotka pro jednu m\u00edstnost, max 30 m2 Mo\u017enost instalace dvou jednotek pro jednu m\u00edstost nebo dv\u011b odd\u011blen\u00e9 m\u00edstnosti. \u00da\u010dinnost rekuperace a\u017e 90% Snadn\u00e1 instalace Pr\u016fm\u011br tubusu 100 nebo 150 mm P\u0159\u00edm\u00e9 ods\u00e1v\u00e1n\u00ed p\u0159es st\u011bnu o tlou\u0161\u0165ce 300 a\u017e 500 mm (REC DUO 100), 340 a\u017e 500 [&hellip;]","og_url":"https:\/\/www.oknobuild.com\/index.php\/produkt\/oblibeny-elicent-rec-duo-plus-rc-decentralni-rekuperacni-jednotka-pro-jednu-mistnost-max-30-m2-13330\/","og_image":[{"width":600,"height":427,"url":"https:\/\/www.oknobuild.com\/wp-content\/uploads\/2026\/SK0019482-CZ20260425-092632-0-1777080397-elicent-rec-duo-plus-rc-decentralni-rekuperacni-jednotka-pr.webp","type":"image\/webp"}],"twitter_card":"summary_large_image","twitter_misc":{"Odhadovan\u00e1 doba \u010dten\u00ed":"1 minuta"},"schema":{"@context":"https:\/\/schema.org","@graph":[{"@type":"WebPage","@id":"https:\/\/www.oknobuild.com\/index.php\/produkt\/oblibeny-elicent-rec-duo-plus-rc-decentralni-rekuperacni-jednotka-pro-jednu-mistnost-max-30-m2-13330\/","url":"https:\/\/www.oknobuild.com\/index.php\/produkt\/oblibeny-elicent-rec-duo-plus-rc-decentralni-rekuperacni-jednotka-pro-jednu-mistnost-max-30-m2-13330\/","name":"Obl\u00edben\u00fd Elicent REC DUO Plus RC Decentr\u00e1ln\u00ed rekupera\u010dn\u00ed jednotka pro jednu m\u00edstnost, max 30 m2 -","isPartOf":{"@id":"https:\/\/www.oknobuild.com\/#website"},"primaryImageOfPage":{"@id":"https:\/\/www.oknobuild.com\/index.php\/produkt\/oblibeny-elicent-rec-duo-plus-rc-decentralni-rekuperacni-jednotka-pro-jednu-mistnost-max-30-m2-13330\/#primaryimage"},"image":{"@id":"https:\/\/www.oknobuild.com\/index.php\/produkt\/oblibeny-elicent-rec-duo-plus-rc-decentralni-rekuperacni-jednotka-pro-jednu-mistnost-max-30-m2-13330\/#primaryimage"},"thumbnailUrl":"https:\/\/www.oknobuild.com\/wp-content\/uploads\/2026\/SK0019482-CZ20260425-092632-0-1777080397-elicent-rec-duo-plus-rc-decentralni-rekuperacni-jednotka-pr.webp","datePublished":"2026-04-27T04:41:06+00:00","breadcrumb":{"@id":"https:\/\/www.oknobuild.com\/index.php\/produkt\/oblibeny-elicent-rec-duo-plus-rc-decentralni-rekuperacni-jednotka-pro-jednu-mistnost-max-30-m2-13330\/#breadcrumb"},"inLanguage":"cs","potentialAction":[{"@type":"ReadAction","target":["https:\/\/www.oknobuild.com\/index.php\/produkt\/oblibeny-elicent-rec-duo-plus-rc-decentralni-rekuperacni-jednotka-pro-jednu-mistnost-max-30-m2-13330\/"]}]},{"@type":"ImageObject","inLanguage":"cs","@id":"https:\/\/www.oknobuild.com\/index.php\/produkt\/oblibeny-elicent-rec-duo-plus-rc-decentralni-rekuperacni-jednotka-pro-jednu-mistnost-max-30-m2-13330\/#primaryimage","url":"https:\/\/www.oknobuild.com\/wp-content\/uploads\/2026\/SK0019482-CZ20260425-092632-0-1777080397-elicent-rec-duo-plus-rc-decentralni-rekuperacni-jednotka-pr.webp","contentUrl":"https:\/\/www.oknobuild.com\/wp-content\/uploads\/2026\/SK0019482-CZ20260425-092632-0-1777080397-elicent-rec-duo-plus-rc-decentralni-rekuperacni-jednotka-pr.webp","width":600,"height":427},{"@type":"BreadcrumbList","@id":"https:\/\/www.oknobuild.com\/index.php\/produkt\/oblibeny-elicent-rec-duo-plus-rc-decentralni-rekuperacni-jednotka-pro-jednu-mistnost-max-30-m2-13330\/#breadcrumb","itemListElement":[{"@type":"ListItem","position":1,"name":"Home","item":"https:\/\/www.oknobuild.com\/"},{"@type":"ListItem","position":2,"name":"Products","item":"https:\/\/www.oknobuild.com\/index.php\/products\/"},{"@type":"ListItem","position":3,"name":"Obl\u00edben\u00fd Elicent REC DUO Plus RC Decentr\u00e1ln\u00ed rekupera\u010dn\u00ed jednotka pro jednu m\u00edstnost, max 30 m2"}]},{"@type":"WebSite","@id":"https:\/\/www.oknobuild.com\/#website","url":"https:\/\/www.oknobuild.com\/","name":"","description":"","potentialAction":[{"@type":"SearchAction","target":{"@type":"EntryPoint","urlTemplate":"https:\/\/www.oknobuild.com\/?s={search_term_string}"},"query-input":{"@type":"PropertyValueSpecification","valueRequired":true,"valueName":"search_term_string"}}],"inLanguage":"cs"}]}},"_links":{"self":[{"href":"https:\/\/www.oknobuild.com\/index.php\/wp-json\/wp\/v2\/product\/13330","targetHints":{"allow":["GET"]}}],"collection":[{"href":"https:\/\/www.oknobuild.com\/index.php\/wp-json\/wp\/v2\/product"}],"about":[{"href":"https:\/\/www.oknobuild.com\/index.php\/wp-json\/wp\/v2\/types\/product"}],"replies":[{"embeddable":true,"href":"https:\/\/www.oknobuild.com\/index.php\/wp-json\/wp\/v2\/comments?post=13330"}],"wp:featuredmedia":[{"embeddable":true,"href":"https:\/\/www.oknobuild.com\/index.php\/wp-json\/wp\/v2\/media\/13430"}],"wp:attachment":[{"href":"https:\/\/www.oknobuild.com\/index.php\/wp-json\/wp\/v2\/media?parent=13330"}],"wp:term":[{"taxonomy":"product_brand","embeddable":true,"href":"https:\/\/www.oknobuild.com\/index.php\/wp-json\/wp\/v2\/product_brand?post=13330"},{"taxonomy":"product_cat","embeddable":true,"href":"https:\/\/www.oknobuild.com\/index.php\/wp-json\/wp\/v2\/product_cat?post=13330"},{"taxonomy":"product_tag","embeddable":true,"href":"https:\/\/www.oknobuild.com\/index.php\/wp-json\/wp\/v2\/product_tag?post=13330"}],"curies":[{"name":"wp","href":"https:\/\/api.w.org\/{rel}","templated":true}]}}