{"id":13360,"date":"2026-04-27T04:41:06","date_gmt":"2026-04-27T04:41:06","guid":{"rendered":""},"modified":"2026-04-27T04:41:06","modified_gmt":"2026-04-27T04:41:06","slug":"akce-sprchovy-set-sat-na-stenu-s-nastavitelnou-rozteci-chrom-satss34-13360","status":"publish","type":"product","link":"https:\/\/www.oknobuild.com\/index.php\/produkt\/akce-sprchovy-set-sat-na-stenu-s-nastavitelnou-rozteci-chrom-satss34-13360\/","title":{"rendered":"Akce Sprchov\u00fd set SAT na st\u011bnu, s nastavitelnou rozte\u010d\u00ed, chrom SATSS34"},"content":{"rendered":"<div class=\"ProductDetail-content NoFixImageContainer\" id=\"productDescription\">\n<div class=\"Heading\">\n<h2 class=\"Heading-title\">Popis produktu <span class=''>Sprchov\u00fd set SAT na st\u011bnu, s nastavitelnou rozte\u010d\u00ed, chrom SATSS34<\/span><\/h2>\n<\/p><\/div>\n<div class=\"ProductDetailContent\">\n<p><span style=\"font-size:16px\">Sprchov\u00fd set SAT s nastavitelnou rozte\u010d\u00ed umo\u017e\u0148uje p\u0159izp\u016fsobit si instalaci ty\u010de dle pot\u0159eby,&nbsp;bez nutnosti p\u0159evrt\u00e1v\u00e1n\u00ed p\u0159i v\u00fdm\u011bn\u011b p\u016fvodn\u00edho setu. Sou\u010d\u00e1st\u00ed setu je i 3-funk\u010dn\u00ed ru\u010dn\u00ed sprcha a sprchov\u00e1 hadice.<\/span><\/p>\n<ul>\n<li><span style=\"font-size:16px\"><strong>D\u00e9lka sprchov\u00e9 ty\u010de:<\/strong> 70 cm<\/span><\/li>\n<li><span style=\"font-size:16px\"><strong>Ru\u010dn\u00ed sprcha:<\/strong> 11 cm; 3 funkce<\/span><\/li>\n<li><span style=\"font-size:16px\"><strong>Sprchov\u00e1 hadice:<\/strong> 150 cm<\/span><\/li>\n<\/ul>\n<p><span style=\"font-size:16px\">Sprchov\u00e1 ty\u010d je v d\u00e9lce 70 cm s posuvn\u00fdm dr\u017e\u00e1kem sprchy,&nbsp;dovoluje tak nastaven\u00ed optim\u00e1ln\u00ed v\u00fd\u0161ky sprchy pro v\u0161echny \u010dleny dom\u00e1cnosti.<\/span><\/p>\n<p><span style=\"font-size:16px\">Ovl\u00e1d\u00e1n\u00ed jezdce je velice pohodln\u00e9, nastaven\u00ed v\u00fd\u0161ky je mo\u017en\u00e9 stisknut\u00edm tla\u010d\u00edtka na \u010deln\u00ed stran\u011b jezdce.<\/span><\/p>\n<p><span style=\"font-size:16px\">Sprchov\u00fd set disponuje jedine\u010dnou ru\u010dn\u00ed sprchou, \u010deln\u00ed strana sprchy a trysky jsou vyrobeny z&nbsp;jednoho kusu, tak\u017ee nez\u016fst\u00e1vaj\u00ed \u017e\u00e1dn\u00e9 mezery pro ne\u010distoty a bakterie, jako je tomu u b\u011b\u017en\u00fdch sprch. Materi\u00e1l p\u0159edn\u00ed strany sprchy je LSR silikon, kter\u00fd je osv\u011bd\u010den\u00fd jako potravin\u00e1\u0159sk\u00fd materi\u00e1l pou\u017e\u00edvan\u00fd na ka\u017edodenn\u00ed b\u00e1zi pro produkty jako jsou dortov\u00e9 formy, d\u011btsk\u00e9 dudl\u00edky apod. Nav\u00edc super m\u011bkk\u00fd povrch umo\u017e\u0148uje snadn\u00e9 \u010di\u0161t\u011bn\u00ed od vodn\u00edho kamene.<\/span><\/p>\n<\/p><\/div>\n<div class=\"ProductDetailContent\">                                                                    <\/div>\n<\/p><\/div>\n<\/p><\/div>\n<\/p><\/div>\n","protected":false},"excerpt":{"rendered":"<p>Popis produktu Sprchov\u00fd set SAT na st\u011bnu, s nastavitelnou rozte\u010d\u00ed, chrom SATSS34 Sprchov\u00fd set SAT s nastavitelnou rozte\u010d\u00ed umo\u017e\u0148uje p\u0159izp\u016fsobit si instalaci ty\u010de dle pot\u0159eby,&nbsp;bez nutnosti p\u0159evrt\u00e1v\u00e1n\u00ed p\u0159i v\u00fdm\u011bn\u011b p\u016fvodn\u00edho setu. Sou\u010d\u00e1st\u00ed setu je i 3-funk\u010dn\u00ed ru\u010dn\u00ed sprcha a sprchov\u00e1 hadice. D\u00e9lka sprchov\u00e9 ty\u010de: 70 cm Ru\u010dn\u00ed sprcha: 11 cm; 3 funkce Sprchov\u00e1 hadice: 150 [&hellip;]<\/p>\n","protected":false},"featured_media":13460,"comment_status":"open","ping_status":"open","template":"","meta":[],"product_brand":[],"product_cat":[65],"product_tag":[],"class_list":{"0":"post-13360","1":"product","2":"type-product","3":"status-publish","4":"has-post-thumbnail","6":"product_cat-koupelny","8":"first","9":"instock","10":"sale","11":"shipping-taxable","12":"purchasable","13":"product-type-simple"},"yoast_head":"<!-- This site is optimized with the Yoast SEO plugin v26.8 - https:\/\/yoast.com\/product\/yoast-seo-wordpress\/ -->\n<title>Akce Sprchov\u00fd set SAT na st\u011bnu, s nastavitelnou rozte\u010d\u00ed, chrom SATSS34 -<\/title>\n<meta name=\"robots\" content=\"index, follow, max-snippet:-1, max-image-preview:large, max-video-preview:-1\" \/>\n<link rel=\"canonical\" href=\"https:\/\/www.oknobuild.com\/index.php\/produkt\/akce-sprchovy-set-sat-na-stenu-s-nastavitelnou-rozteci-chrom-satss34-13360\/\" \/>\n<meta property=\"og:locale\" content=\"cs_CZ\" \/>\n<meta property=\"og:type\" content=\"article\" \/>\n<meta property=\"og:title\" content=\"Akce Sprchov\u00fd set SAT na st\u011bnu, s nastavitelnou rozte\u010d\u00ed, chrom SATSS34 -\" \/>\n<meta property=\"og:description\" content=\"Popis produktu Sprchov\u00fd set SAT na st\u011bnu, s nastavitelnou rozte\u010d\u00ed, chrom SATSS34 Sprchov\u00fd set SAT s nastavitelnou rozte\u010d\u00ed umo\u017e\u0148uje p\u0159izp\u016fsobit si instalaci ty\u010de dle pot\u0159eby,&nbsp;bez nutnosti p\u0159evrt\u00e1v\u00e1n\u00ed p\u0159i v\u00fdm\u011bn\u011b p\u016fvodn\u00edho setu. Sou\u010d\u00e1st\u00ed setu je i 3-funk\u010dn\u00ed ru\u010dn\u00ed sprcha a sprchov\u00e1 hadice. D\u00e9lka sprchov\u00e9 ty\u010de: 70 cm Ru\u010dn\u00ed sprcha: 11 cm; 3 funkce Sprchov\u00e1 hadice: 150 [&hellip;]\" \/>\n<meta property=\"og:url\" content=\"https:\/\/www.oknobuild.com\/index.php\/produkt\/akce-sprchovy-set-sat-na-stenu-s-nastavitelnou-rozteci-chrom-satss34-13360\/\" \/>\n<meta property=\"og:image\" content=\"https:\/\/www.oknobuild.com\/wp-content\/uploads\/2026\/SK0019512-CZ20260425-092632-0-1777080397-sprchovy-set-sat-na-stenu-s-nastavitelnou-rozteci-chrom-sat.webp\" \/>\n\t<meta property=\"og:image:width\" content=\"600\" \/>\n\t<meta property=\"og:image:height\" content=\"600\" \/>\n\t<meta property=\"og:image:type\" content=\"image\/webp\" \/>\n<meta name=\"twitter:card\" content=\"summary_large_image\" \/>\n<meta name=\"twitter:label1\" content=\"Odhadovan\u00e1 doba \u010dten\u00ed\" \/>\n\t<meta name=\"twitter:data1\" content=\"1 minuta\" \/>\n<script type=\"application\/ld+json\" class=\"yoast-schema-graph\">{\"@context\":\"https:\/\/schema.org\",\"@graph\":[{\"@type\":\"WebPage\",\"@id\":\"https:\/\/www.oknobuild.com\/index.php\/produkt\/akce-sprchovy-set-sat-na-stenu-s-nastavitelnou-rozteci-chrom-satss34-13360\/\",\"url\":\"https:\/\/www.oknobuild.com\/index.php\/produkt\/akce-sprchovy-set-sat-na-stenu-s-nastavitelnou-rozteci-chrom-satss34-13360\/\",\"name\":\"Akce Sprchov\u00fd set SAT na st\u011bnu, s nastavitelnou rozte\u010d\u00ed, chrom SATSS34 -\",\"isPartOf\":{\"@id\":\"https:\/\/www.oknobuild.com\/#website\"},\"primaryImageOfPage\":{\"@id\":\"https:\/\/www.oknobuild.com\/index.php\/produkt\/akce-sprchovy-set-sat-na-stenu-s-nastavitelnou-rozteci-chrom-satss34-13360\/#primaryimage\"},\"image\":{\"@id\":\"https:\/\/www.oknobuild.com\/index.php\/produkt\/akce-sprchovy-set-sat-na-stenu-s-nastavitelnou-rozteci-chrom-satss34-13360\/#primaryimage\"},\"thumbnailUrl\":\"https:\/\/www.oknobuild.com\/wp-content\/uploads\/2026\/SK0019512-CZ20260425-092632-0-1777080397-sprchovy-set-sat-na-stenu-s-nastavitelnou-rozteci-chrom-sat.webp\",\"datePublished\":\"2026-04-27T04:41:06+00:00\",\"breadcrumb\":{\"@id\":\"https:\/\/www.oknobuild.com\/index.php\/produkt\/akce-sprchovy-set-sat-na-stenu-s-nastavitelnou-rozteci-chrom-satss34-13360\/#breadcrumb\"},\"inLanguage\":\"cs\",\"potentialAction\":[{\"@type\":\"ReadAction\",\"target\":[\"https:\/\/www.oknobuild.com\/index.php\/produkt\/akce-sprchovy-set-sat-na-stenu-s-nastavitelnou-rozteci-chrom-satss34-13360\/\"]}]},{\"@type\":\"ImageObject\",\"inLanguage\":\"cs\",\"@id\":\"https:\/\/www.oknobuild.com\/index.php\/produkt\/akce-sprchovy-set-sat-na-stenu-s-nastavitelnou-rozteci-chrom-satss34-13360\/#primaryimage\",\"url\":\"https:\/\/www.oknobuild.com\/wp-content\/uploads\/2026\/SK0019512-CZ20260425-092632-0-1777080397-sprchovy-set-sat-na-stenu-s-nastavitelnou-rozteci-chrom-sat.webp\",\"contentUrl\":\"https:\/\/www.oknobuild.com\/wp-content\/uploads\/2026\/SK0019512-CZ20260425-092632-0-1777080397-sprchovy-set-sat-na-stenu-s-nastavitelnou-rozteci-chrom-sat.webp\",\"width\":600,\"height\":600},{\"@type\":\"BreadcrumbList\",\"@id\":\"https:\/\/www.oknobuild.com\/index.php\/produkt\/akce-sprchovy-set-sat-na-stenu-s-nastavitelnou-rozteci-chrom-satss34-13360\/#breadcrumb\",\"itemListElement\":[{\"@type\":\"ListItem\",\"position\":1,\"name\":\"Home\",\"item\":\"https:\/\/www.oknobuild.com\/\"},{\"@type\":\"ListItem\",\"position\":2,\"name\":\"Products\",\"item\":\"https:\/\/www.oknobuild.com\/index.php\/products\/\"},{\"@type\":\"ListItem\",\"position\":3,\"name\":\"Akce Sprchov\u00fd set SAT na st\u011bnu, s nastavitelnou rozte\u010d\u00ed, chrom SATSS34\"}]},{\"@type\":\"WebSite\",\"@id\":\"https:\/\/www.oknobuild.com\/#website\",\"url\":\"https:\/\/www.oknobuild.com\/\",\"name\":\"\",\"description\":\"\",\"potentialAction\":[{\"@type\":\"SearchAction\",\"target\":{\"@type\":\"EntryPoint\",\"urlTemplate\":\"https:\/\/www.oknobuild.com\/?s={search_term_string}\"},\"query-input\":{\"@type\":\"PropertyValueSpecification\",\"valueRequired\":true,\"valueName\":\"search_term_string\"}}],\"inLanguage\":\"cs\"}]}<\/script>\n<!-- \/ Yoast SEO plugin. -->","yoast_head_json":{"title":"Akce Sprchov\u00fd set SAT na st\u011bnu, s nastavitelnou rozte\u010d\u00ed, chrom SATSS34 -","robots":{"index":"index","follow":"follow","max-snippet":"max-snippet:-1","max-image-preview":"max-image-preview:large","max-video-preview":"max-video-preview:-1"},"canonical":"https:\/\/www.oknobuild.com\/index.php\/produkt\/akce-sprchovy-set-sat-na-stenu-s-nastavitelnou-rozteci-chrom-satss34-13360\/","og_locale":"cs_CZ","og_type":"article","og_title":"Akce Sprchov\u00fd set SAT na st\u011bnu, s nastavitelnou rozte\u010d\u00ed, chrom SATSS34 -","og_description":"Popis produktu Sprchov\u00fd set SAT na st\u011bnu, s nastavitelnou rozte\u010d\u00ed, chrom SATSS34 Sprchov\u00fd set SAT s nastavitelnou rozte\u010d\u00ed umo\u017e\u0148uje p\u0159izp\u016fsobit si instalaci ty\u010de dle pot\u0159eby,&nbsp;bez nutnosti p\u0159evrt\u00e1v\u00e1n\u00ed p\u0159i v\u00fdm\u011bn\u011b p\u016fvodn\u00edho setu. Sou\u010d\u00e1st\u00ed setu je i 3-funk\u010dn\u00ed ru\u010dn\u00ed sprcha a sprchov\u00e1 hadice. D\u00e9lka sprchov\u00e9 ty\u010de: 70 cm Ru\u010dn\u00ed sprcha: 11 cm; 3 funkce Sprchov\u00e1 hadice: 150 [&hellip;]","og_url":"https:\/\/www.oknobuild.com\/index.php\/produkt\/akce-sprchovy-set-sat-na-stenu-s-nastavitelnou-rozteci-chrom-satss34-13360\/","og_image":[{"width":600,"height":600,"url":"https:\/\/www.oknobuild.com\/wp-content\/uploads\/2026\/SK0019512-CZ20260425-092632-0-1777080397-sprchovy-set-sat-na-stenu-s-nastavitelnou-rozteci-chrom-sat.webp","type":"image\/webp"}],"twitter_card":"summary_large_image","twitter_misc":{"Odhadovan\u00e1 doba \u010dten\u00ed":"1 minuta"},"schema":{"@context":"https:\/\/schema.org","@graph":[{"@type":"WebPage","@id":"https:\/\/www.oknobuild.com\/index.php\/produkt\/akce-sprchovy-set-sat-na-stenu-s-nastavitelnou-rozteci-chrom-satss34-13360\/","url":"https:\/\/www.oknobuild.com\/index.php\/produkt\/akce-sprchovy-set-sat-na-stenu-s-nastavitelnou-rozteci-chrom-satss34-13360\/","name":"Akce Sprchov\u00fd set SAT na st\u011bnu, s nastavitelnou rozte\u010d\u00ed, chrom SATSS34 -","isPartOf":{"@id":"https:\/\/www.oknobuild.com\/#website"},"primaryImageOfPage":{"@id":"https:\/\/www.oknobuild.com\/index.php\/produkt\/akce-sprchovy-set-sat-na-stenu-s-nastavitelnou-rozteci-chrom-satss34-13360\/#primaryimage"},"image":{"@id":"https:\/\/www.oknobuild.com\/index.php\/produkt\/akce-sprchovy-set-sat-na-stenu-s-nastavitelnou-rozteci-chrom-satss34-13360\/#primaryimage"},"thumbnailUrl":"https:\/\/www.oknobuild.com\/wp-content\/uploads\/2026\/SK0019512-CZ20260425-092632-0-1777080397-sprchovy-set-sat-na-stenu-s-nastavitelnou-rozteci-chrom-sat.webp","datePublished":"2026-04-27T04:41:06+00:00","breadcrumb":{"@id":"https:\/\/www.oknobuild.com\/index.php\/produkt\/akce-sprchovy-set-sat-na-stenu-s-nastavitelnou-rozteci-chrom-satss34-13360\/#breadcrumb"},"inLanguage":"cs","potentialAction":[{"@type":"ReadAction","target":["https:\/\/www.oknobuild.com\/index.php\/produkt\/akce-sprchovy-set-sat-na-stenu-s-nastavitelnou-rozteci-chrom-satss34-13360\/"]}]},{"@type":"ImageObject","inLanguage":"cs","@id":"https:\/\/www.oknobuild.com\/index.php\/produkt\/akce-sprchovy-set-sat-na-stenu-s-nastavitelnou-rozteci-chrom-satss34-13360\/#primaryimage","url":"https:\/\/www.oknobuild.com\/wp-content\/uploads\/2026\/SK0019512-CZ20260425-092632-0-1777080397-sprchovy-set-sat-na-stenu-s-nastavitelnou-rozteci-chrom-sat.webp","contentUrl":"https:\/\/www.oknobuild.com\/wp-content\/uploads\/2026\/SK0019512-CZ20260425-092632-0-1777080397-sprchovy-set-sat-na-stenu-s-nastavitelnou-rozteci-chrom-sat.webp","width":600,"height":600},{"@type":"BreadcrumbList","@id":"https:\/\/www.oknobuild.com\/index.php\/produkt\/akce-sprchovy-set-sat-na-stenu-s-nastavitelnou-rozteci-chrom-satss34-13360\/#breadcrumb","itemListElement":[{"@type":"ListItem","position":1,"name":"Home","item":"https:\/\/www.oknobuild.com\/"},{"@type":"ListItem","position":2,"name":"Products","item":"https:\/\/www.oknobuild.com\/index.php\/products\/"},{"@type":"ListItem","position":3,"name":"Akce Sprchov\u00fd set SAT na st\u011bnu, s nastavitelnou rozte\u010d\u00ed, chrom SATSS34"}]},{"@type":"WebSite","@id":"https:\/\/www.oknobuild.com\/#website","url":"https:\/\/www.oknobuild.com\/","name":"","description":"","potentialAction":[{"@type":"SearchAction","target":{"@type":"EntryPoint","urlTemplate":"https:\/\/www.oknobuild.com\/?s={search_term_string}"},"query-input":{"@type":"PropertyValueSpecification","valueRequired":true,"valueName":"search_term_string"}}],"inLanguage":"cs"}]}},"_links":{"self":[{"href":"https:\/\/www.oknobuild.com\/index.php\/wp-json\/wp\/v2\/product\/13360","targetHints":{"allow":["GET"]}}],"collection":[{"href":"https:\/\/www.oknobuild.com\/index.php\/wp-json\/wp\/v2\/product"}],"about":[{"href":"https:\/\/www.oknobuild.com\/index.php\/wp-json\/wp\/v2\/types\/product"}],"replies":[{"embeddable":true,"href":"https:\/\/www.oknobuild.com\/index.php\/wp-json\/wp\/v2\/comments?post=13360"}],"wp:featuredmedia":[{"embeddable":true,"href":"https:\/\/www.oknobuild.com\/index.php\/wp-json\/wp\/v2\/media\/13460"}],"wp:attachment":[{"href":"https:\/\/www.oknobuild.com\/index.php\/wp-json\/wp\/v2\/media?parent=13360"}],"wp:term":[{"taxonomy":"product_brand","embeddable":true,"href":"https:\/\/www.oknobuild.com\/index.php\/wp-json\/wp\/v2\/product_brand?post=13360"},{"taxonomy":"product_cat","embeddable":true,"href":"https:\/\/www.oknobuild.com\/index.php\/wp-json\/wp\/v2\/product_cat?post=13360"},{"taxonomy":"product_tag","embeddable":true,"href":"https:\/\/www.oknobuild.com\/index.php\/wp-json\/wp\/v2\/product_tag?post=13360"}],"curies":[{"name":"wp","href":"https:\/\/api.w.org\/{rel}","templated":true}]}}