{"id":13364,"date":"2026-04-27T04:41:06","date_gmt":"2026-04-27T04:41:06","guid":{"rendered":""},"modified":"2026-04-27T04:41:06","modified_gmt":"2026-04-27T04:41:06","slug":"ivar-cs-magneticky-filtr-dirtstop-otocny-s-patentovanou-vlozkou-casove-omezene-13364","status":"publish","type":"product","link":"https:\/\/www.oknobuild.com\/index.php\/produkt\/ivar-cs-magneticky-filtr-dirtstop-otocny-s-patentovanou-vlozkou-casove-omezene-13364\/","title":{"rendered":"Ivar CS Magnetick\u00fd filtr Dirtstop oto\u010dn\u00fd s patentovanou vlo\u017ekou \u010casov\u011b Omezen\u00e9"},"content":{"rendered":"<div class=\"ProductDetail-content NoFixImageContainer\" id=\"productDescription\">\n<div class=\"Heading\">\n<h2 class=\"Heading-title\">Popis produktu <span class=''>Ivar CS Magnetick\u00fd filtr Dirtstop oto\u010dn\u00fd s patentovanou vlo\u017ekou<\/span><\/h2>\n<\/p><\/div>\n<div class=\"ProductDetailContent\">\n<p><span style=\"font-size:16px\">Magnetick\u00fd oto\u010dn\u00fd filtr IVAR.DIRTSTOP \u00ae je filtr s dvojitou separa\u010dn\u00ed funkc\u00ed pro odstran\u011bn\u00ed ne\u010distot, nezbytnou pro zv\u00fd\u0161en\u00ed \u017eivotnosti kotl\u016f, alternativn\u00edch zdroj\u016f, ob\u011bhov\u00fdch \u010derpadel, regula\u010dn\u00edch prvk\u016f a m\u011b\u0159i\u010d\u016f spot\u0159eby tepla. Zlep\u0161uje tepelnou v\u00fdm\u011bnu, celkovou \u00fa\u010dinnost otopn\u00e9ho syst\u00e9mu a chr\u00e1n\u00ed jej po mnoho let d\u00edky pravideln\u00e9 \u00fadr\u017eb\u011b a \u010di\u0161t\u011bn\u00ed. Dvojitou filtra\u010dn\u00ed funkc\u00ed je zabezpe\u010dena separace \/ odlou\u010den\u00ed v\u0161ech magnetick\u00fdch a nemagnetick\u00fdch ne\u010distot p\u0159i jednom pr\u016ftoku m\u00e9dia magnetick\u00fdm filtrem. D\u00edky patentovan\u00e9 oto\u010dn\u00e9 vlo\u017ece zaru\u010duje maxim\u00e1ln\u00ed filtra\u010dn\u00ed \u00fa\u010dinnost v jak\u00e9koli variabiln\u00ed pozici instalace. IVAR.DIRTSTOP \u00ae m\u016f\u017ee b\u00fdt instalov\u00e1n v otopn\u00fdch syst\u00e9mech s r\u016fzn\u00fdmi zdroji vyt\u00e1p\u011bn\u00ed, a\u0165 u\u017e se jedn\u00e1 o kotle, tepeln\u00e1 \u010derpadla nebo jin\u00e9 zdroje tepla. Pokud se topn\u00e9 m\u00e9dium pou\u017e\u00edv\u00e1 alternativn\u011b i pro chlazen\u00ed v l\u00e9t\u011b, mus\u00ed b\u00fdt IVAR.DIRTSTOP \u00ae dostate\u010dn\u011b izolov\u00e1n.<\/span><\/p>\n<ul>\n<li><span style=\"font-size:16px\"><strong>PN 3, T = 0 a\u017e +90 \u00b0C<\/strong><\/span><\/li>\n<li><span style=\"font-size:16px\">magnetick\u00fd oto\u010dn\u00fd filtr s&nbsp;dvojitou separa\u010dn\u00ed funkc\u00ed odstra\u0148uje magnetick\u00e9 i nemagnetick\u00e9 \u010d\u00e1stice z&nbsp;otopn\u00e9ho syst\u00e9mu p\u0159i jednom pr\u016ftoku m\u00e9dia<\/span><\/li>\n<li><span style=\"font-size:16px\">oto\u010dn\u00e1 filtra\u010dn\u00ed vlo\u017eka zaji\u0161\u0165uje maxim\u00e1ln\u00ed \u00fa\u010dinnost ve&nbsp;4 variabiln\u00edch instala\u010dn\u00edch pozic\u00edch<\/span><\/li>\n<li><span style=\"font-size:16px\">magnetick\u00e1 indukce 12.000&nbsp;G (Gauss)<\/span><\/li>\n<li><span style=\"font-size:16px\">maxim\u00e1ln\u00ed pr\u016ftok 1,46&nbsp;m<sup>3<\/sup>\/h<\/span><\/li>\n<li><span style=\"font-size:16px\">porozita filtra\u010dn\u00edho s\u00edtka 800 \u00b5m (0,8&nbsp;mm)<\/span><\/li>\n<li><span style=\"font-size:16px\">rozm\u011br 66 x 143 x 70&nbsp;mm<\/span><\/li>\n<li><span style=\"font-size:16px\">z\u00e1vit vnit\u0159n\u00ed \u2013 vn\u011bj\u0161\u00ed 3\/4\u201d FM<\/span><\/li>\n<li><span style=\"font-size:16px\">barevn\u00e9 proveden\u00ed \u0161ed\u00e1 \/ b\u00edl\u00e1<\/span><\/li>\n<li><span style=\"font-size:16px\">materi\u00e1l technopolymer IXEF\u00ae; mosaz CW617N, t\u011bsn\u011bn\u00ed EPDM<\/span><\/li>\n<\/ul><\/div>\n<div class=\"ProductDetailContent\">                                                                    <\/div>\n<\/p><\/div>\n<\/p><\/div>\n<\/p><\/div>\n","protected":false},"excerpt":{"rendered":"<p>Popis produktu Ivar CS Magnetick\u00fd filtr Dirtstop oto\u010dn\u00fd s patentovanou vlo\u017ekou Magnetick\u00fd oto\u010dn\u00fd filtr IVAR.DIRTSTOP \u00ae je filtr s dvojitou separa\u010dn\u00ed funkc\u00ed pro odstran\u011bn\u00ed ne\u010distot, nezbytnou pro zv\u00fd\u0161en\u00ed \u017eivotnosti kotl\u016f, alternativn\u00edch zdroj\u016f, ob\u011bhov\u00fdch \u010derpadel, regula\u010dn\u00edch prvk\u016f a m\u011b\u0159i\u010d\u016f spot\u0159eby tepla. Zlep\u0161uje tepelnou v\u00fdm\u011bnu, celkovou \u00fa\u010dinnost otopn\u00e9ho syst\u00e9mu a chr\u00e1n\u00ed jej po mnoho let d\u00edky pravideln\u00e9 [&hellip;]<\/p>\n","protected":false},"featured_media":13464,"comment_status":"open","ping_status":"open","template":"","meta":[],"product_brand":[],"product_cat":[67],"product_tag":[],"class_list":{"0":"post-13364","1":"product","2":"type-product","3":"status-publish","4":"has-post-thumbnail","6":"product_cat-topeni","8":"first","9":"instock","10":"sale","11":"shipping-taxable","12":"purchasable","13":"product-type-simple"},"yoast_head":"<!-- This site is optimized with the Yoast SEO plugin v26.8 - https:\/\/yoast.com\/product\/yoast-seo-wordpress\/ -->\n<title>Ivar CS Magnetick\u00fd filtr Dirtstop oto\u010dn\u00fd s patentovanou vlo\u017ekou \u010casov\u011b Omezen\u00e9 -<\/title>\n<meta name=\"robots\" content=\"index, follow, max-snippet:-1, max-image-preview:large, max-video-preview:-1\" \/>\n<link rel=\"canonical\" href=\"https:\/\/www.oknobuild.com\/index.php\/produkt\/ivar-cs-magneticky-filtr-dirtstop-otocny-s-patentovanou-vlozkou-casove-omezene-13364\/\" \/>\n<meta property=\"og:locale\" content=\"cs_CZ\" \/>\n<meta property=\"og:type\" content=\"article\" \/>\n<meta property=\"og:title\" content=\"Ivar CS Magnetick\u00fd filtr Dirtstop oto\u010dn\u00fd s patentovanou vlo\u017ekou \u010casov\u011b Omezen\u00e9 -\" \/>\n<meta property=\"og:description\" content=\"Popis produktu Ivar CS Magnetick\u00fd filtr Dirtstop oto\u010dn\u00fd s patentovanou vlo\u017ekou Magnetick\u00fd oto\u010dn\u00fd filtr IVAR.DIRTSTOP \u00ae je filtr s dvojitou separa\u010dn\u00ed funkc\u00ed pro odstran\u011bn\u00ed ne\u010distot, nezbytnou pro zv\u00fd\u0161en\u00ed \u017eivotnosti kotl\u016f, alternativn\u00edch zdroj\u016f, ob\u011bhov\u00fdch \u010derpadel, regula\u010dn\u00edch prvk\u016f a m\u011b\u0159i\u010d\u016f spot\u0159eby tepla. Zlep\u0161uje tepelnou v\u00fdm\u011bnu, celkovou \u00fa\u010dinnost otopn\u00e9ho syst\u00e9mu a chr\u00e1n\u00ed jej po mnoho let d\u00edky pravideln\u00e9 [&hellip;]\" \/>\n<meta property=\"og:url\" content=\"https:\/\/www.oknobuild.com\/index.php\/produkt\/ivar-cs-magneticky-filtr-dirtstop-otocny-s-patentovanou-vlozkou-casove-omezene-13364\/\" \/>\n<meta property=\"og:image\" content=\"https:\/\/www.oknobuild.com\/wp-content\/uploads\/2026\/SK0019516-CZ20260425-092632-0-1777080397-ivar-cs-magneticky-filtr-dirtstop-otocny-s-patentovanou-vlo.webp\" \/>\n\t<meta property=\"og:image:width\" content=\"599\" \/>\n\t<meta property=\"og:image:height\" content=\"600\" \/>\n\t<meta property=\"og:image:type\" content=\"image\/webp\" \/>\n<meta name=\"twitter:card\" content=\"summary_large_image\" \/>\n<meta name=\"twitter:label1\" content=\"Odhadovan\u00e1 doba \u010dten\u00ed\" \/>\n\t<meta name=\"twitter:data1\" content=\"1 minuta\" \/>\n<script type=\"application\/ld+json\" class=\"yoast-schema-graph\">{\"@context\":\"https:\/\/schema.org\",\"@graph\":[{\"@type\":\"WebPage\",\"@id\":\"https:\/\/www.oknobuild.com\/index.php\/produkt\/ivar-cs-magneticky-filtr-dirtstop-otocny-s-patentovanou-vlozkou-casove-omezene-13364\/\",\"url\":\"https:\/\/www.oknobuild.com\/index.php\/produkt\/ivar-cs-magneticky-filtr-dirtstop-otocny-s-patentovanou-vlozkou-casove-omezene-13364\/\",\"name\":\"Ivar CS Magnetick\u00fd filtr Dirtstop oto\u010dn\u00fd s patentovanou vlo\u017ekou \u010casov\u011b Omezen\u00e9 -\",\"isPartOf\":{\"@id\":\"https:\/\/www.oknobuild.com\/#website\"},\"primaryImageOfPage\":{\"@id\":\"https:\/\/www.oknobuild.com\/index.php\/produkt\/ivar-cs-magneticky-filtr-dirtstop-otocny-s-patentovanou-vlozkou-casove-omezene-13364\/#primaryimage\"},\"image\":{\"@id\":\"https:\/\/www.oknobuild.com\/index.php\/produkt\/ivar-cs-magneticky-filtr-dirtstop-otocny-s-patentovanou-vlozkou-casove-omezene-13364\/#primaryimage\"},\"thumbnailUrl\":\"https:\/\/www.oknobuild.com\/wp-content\/uploads\/2026\/SK0019516-CZ20260425-092632-0-1777080397-ivar-cs-magneticky-filtr-dirtstop-otocny-s-patentovanou-vlo.webp\",\"datePublished\":\"2026-04-27T04:41:06+00:00\",\"breadcrumb\":{\"@id\":\"https:\/\/www.oknobuild.com\/index.php\/produkt\/ivar-cs-magneticky-filtr-dirtstop-otocny-s-patentovanou-vlozkou-casove-omezene-13364\/#breadcrumb\"},\"inLanguage\":\"cs\",\"potentialAction\":[{\"@type\":\"ReadAction\",\"target\":[\"https:\/\/www.oknobuild.com\/index.php\/produkt\/ivar-cs-magneticky-filtr-dirtstop-otocny-s-patentovanou-vlozkou-casove-omezene-13364\/\"]}]},{\"@type\":\"ImageObject\",\"inLanguage\":\"cs\",\"@id\":\"https:\/\/www.oknobuild.com\/index.php\/produkt\/ivar-cs-magneticky-filtr-dirtstop-otocny-s-patentovanou-vlozkou-casove-omezene-13364\/#primaryimage\",\"url\":\"https:\/\/www.oknobuild.com\/wp-content\/uploads\/2026\/SK0019516-CZ20260425-092632-0-1777080397-ivar-cs-magneticky-filtr-dirtstop-otocny-s-patentovanou-vlo.webp\",\"contentUrl\":\"https:\/\/www.oknobuild.com\/wp-content\/uploads\/2026\/SK0019516-CZ20260425-092632-0-1777080397-ivar-cs-magneticky-filtr-dirtstop-otocny-s-patentovanou-vlo.webp\",\"width\":599,\"height\":600},{\"@type\":\"BreadcrumbList\",\"@id\":\"https:\/\/www.oknobuild.com\/index.php\/produkt\/ivar-cs-magneticky-filtr-dirtstop-otocny-s-patentovanou-vlozkou-casove-omezene-13364\/#breadcrumb\",\"itemListElement\":[{\"@type\":\"ListItem\",\"position\":1,\"name\":\"Home\",\"item\":\"https:\/\/www.oknobuild.com\/\"},{\"@type\":\"ListItem\",\"position\":2,\"name\":\"Products\",\"item\":\"https:\/\/www.oknobuild.com\/index.php\/products\/\"},{\"@type\":\"ListItem\",\"position\":3,\"name\":\"Ivar CS Magnetick\u00fd filtr Dirtstop oto\u010dn\u00fd s patentovanou vlo\u017ekou \u010casov\u011b Omezen\u00e9\"}]},{\"@type\":\"WebSite\",\"@id\":\"https:\/\/www.oknobuild.com\/#website\",\"url\":\"https:\/\/www.oknobuild.com\/\",\"name\":\"\",\"description\":\"\",\"potentialAction\":[{\"@type\":\"SearchAction\",\"target\":{\"@type\":\"EntryPoint\",\"urlTemplate\":\"https:\/\/www.oknobuild.com\/?s={search_term_string}\"},\"query-input\":{\"@type\":\"PropertyValueSpecification\",\"valueRequired\":true,\"valueName\":\"search_term_string\"}}],\"inLanguage\":\"cs\"}]}<\/script>\n<!-- \/ Yoast SEO plugin. -->","yoast_head_json":{"title":"Ivar CS Magnetick\u00fd filtr Dirtstop oto\u010dn\u00fd s patentovanou vlo\u017ekou \u010casov\u011b Omezen\u00e9 -","robots":{"index":"index","follow":"follow","max-snippet":"max-snippet:-1","max-image-preview":"max-image-preview:large","max-video-preview":"max-video-preview:-1"},"canonical":"https:\/\/www.oknobuild.com\/index.php\/produkt\/ivar-cs-magneticky-filtr-dirtstop-otocny-s-patentovanou-vlozkou-casove-omezene-13364\/","og_locale":"cs_CZ","og_type":"article","og_title":"Ivar CS Magnetick\u00fd filtr Dirtstop oto\u010dn\u00fd s patentovanou vlo\u017ekou \u010casov\u011b Omezen\u00e9 -","og_description":"Popis produktu Ivar CS Magnetick\u00fd filtr Dirtstop oto\u010dn\u00fd s patentovanou vlo\u017ekou Magnetick\u00fd oto\u010dn\u00fd filtr IVAR.DIRTSTOP \u00ae je filtr s dvojitou separa\u010dn\u00ed funkc\u00ed pro odstran\u011bn\u00ed ne\u010distot, nezbytnou pro zv\u00fd\u0161en\u00ed \u017eivotnosti kotl\u016f, alternativn\u00edch zdroj\u016f, ob\u011bhov\u00fdch \u010derpadel, regula\u010dn\u00edch prvk\u016f a m\u011b\u0159i\u010d\u016f spot\u0159eby tepla. Zlep\u0161uje tepelnou v\u00fdm\u011bnu, celkovou \u00fa\u010dinnost otopn\u00e9ho syst\u00e9mu a chr\u00e1n\u00ed jej po mnoho let d\u00edky pravideln\u00e9 [&hellip;]","og_url":"https:\/\/www.oknobuild.com\/index.php\/produkt\/ivar-cs-magneticky-filtr-dirtstop-otocny-s-patentovanou-vlozkou-casove-omezene-13364\/","og_image":[{"width":599,"height":600,"url":"https:\/\/www.oknobuild.com\/wp-content\/uploads\/2026\/SK0019516-CZ20260425-092632-0-1777080397-ivar-cs-magneticky-filtr-dirtstop-otocny-s-patentovanou-vlo.webp","type":"image\/webp"}],"twitter_card":"summary_large_image","twitter_misc":{"Odhadovan\u00e1 doba \u010dten\u00ed":"1 minuta"},"schema":{"@context":"https:\/\/schema.org","@graph":[{"@type":"WebPage","@id":"https:\/\/www.oknobuild.com\/index.php\/produkt\/ivar-cs-magneticky-filtr-dirtstop-otocny-s-patentovanou-vlozkou-casove-omezene-13364\/","url":"https:\/\/www.oknobuild.com\/index.php\/produkt\/ivar-cs-magneticky-filtr-dirtstop-otocny-s-patentovanou-vlozkou-casove-omezene-13364\/","name":"Ivar CS Magnetick\u00fd filtr Dirtstop oto\u010dn\u00fd s patentovanou vlo\u017ekou \u010casov\u011b Omezen\u00e9 -","isPartOf":{"@id":"https:\/\/www.oknobuild.com\/#website"},"primaryImageOfPage":{"@id":"https:\/\/www.oknobuild.com\/index.php\/produkt\/ivar-cs-magneticky-filtr-dirtstop-otocny-s-patentovanou-vlozkou-casove-omezene-13364\/#primaryimage"},"image":{"@id":"https:\/\/www.oknobuild.com\/index.php\/produkt\/ivar-cs-magneticky-filtr-dirtstop-otocny-s-patentovanou-vlozkou-casove-omezene-13364\/#primaryimage"},"thumbnailUrl":"https:\/\/www.oknobuild.com\/wp-content\/uploads\/2026\/SK0019516-CZ20260425-092632-0-1777080397-ivar-cs-magneticky-filtr-dirtstop-otocny-s-patentovanou-vlo.webp","datePublished":"2026-04-27T04:41:06+00:00","breadcrumb":{"@id":"https:\/\/www.oknobuild.com\/index.php\/produkt\/ivar-cs-magneticky-filtr-dirtstop-otocny-s-patentovanou-vlozkou-casove-omezene-13364\/#breadcrumb"},"inLanguage":"cs","potentialAction":[{"@type":"ReadAction","target":["https:\/\/www.oknobuild.com\/index.php\/produkt\/ivar-cs-magneticky-filtr-dirtstop-otocny-s-patentovanou-vlozkou-casove-omezene-13364\/"]}]},{"@type":"ImageObject","inLanguage":"cs","@id":"https:\/\/www.oknobuild.com\/index.php\/produkt\/ivar-cs-magneticky-filtr-dirtstop-otocny-s-patentovanou-vlozkou-casove-omezene-13364\/#primaryimage","url":"https:\/\/www.oknobuild.com\/wp-content\/uploads\/2026\/SK0019516-CZ20260425-092632-0-1777080397-ivar-cs-magneticky-filtr-dirtstop-otocny-s-patentovanou-vlo.webp","contentUrl":"https:\/\/www.oknobuild.com\/wp-content\/uploads\/2026\/SK0019516-CZ20260425-092632-0-1777080397-ivar-cs-magneticky-filtr-dirtstop-otocny-s-patentovanou-vlo.webp","width":599,"height":600},{"@type":"BreadcrumbList","@id":"https:\/\/www.oknobuild.com\/index.php\/produkt\/ivar-cs-magneticky-filtr-dirtstop-otocny-s-patentovanou-vlozkou-casove-omezene-13364\/#breadcrumb","itemListElement":[{"@type":"ListItem","position":1,"name":"Home","item":"https:\/\/www.oknobuild.com\/"},{"@type":"ListItem","position":2,"name":"Products","item":"https:\/\/www.oknobuild.com\/index.php\/products\/"},{"@type":"ListItem","position":3,"name":"Ivar CS Magnetick\u00fd filtr Dirtstop oto\u010dn\u00fd s patentovanou vlo\u017ekou \u010casov\u011b Omezen\u00e9"}]},{"@type":"WebSite","@id":"https:\/\/www.oknobuild.com\/#website","url":"https:\/\/www.oknobuild.com\/","name":"","description":"","potentialAction":[{"@type":"SearchAction","target":{"@type":"EntryPoint","urlTemplate":"https:\/\/www.oknobuild.com\/?s={search_term_string}"},"query-input":{"@type":"PropertyValueSpecification","valueRequired":true,"valueName":"search_term_string"}}],"inLanguage":"cs"}]}},"_links":{"self":[{"href":"https:\/\/www.oknobuild.com\/index.php\/wp-json\/wp\/v2\/product\/13364","targetHints":{"allow":["GET"]}}],"collection":[{"href":"https:\/\/www.oknobuild.com\/index.php\/wp-json\/wp\/v2\/product"}],"about":[{"href":"https:\/\/www.oknobuild.com\/index.php\/wp-json\/wp\/v2\/types\/product"}],"replies":[{"embeddable":true,"href":"https:\/\/www.oknobuild.com\/index.php\/wp-json\/wp\/v2\/comments?post=13364"}],"wp:featuredmedia":[{"embeddable":true,"href":"https:\/\/www.oknobuild.com\/index.php\/wp-json\/wp\/v2\/media\/13464"}],"wp:attachment":[{"href":"https:\/\/www.oknobuild.com\/index.php\/wp-json\/wp\/v2\/media?parent=13364"}],"wp:term":[{"taxonomy":"product_brand","embeddable":true,"href":"https:\/\/www.oknobuild.com\/index.php\/wp-json\/wp\/v2\/product_brand?post=13364"},{"taxonomy":"product_cat","embeddable":true,"href":"https:\/\/www.oknobuild.com\/index.php\/wp-json\/wp\/v2\/product_cat?post=13364"},{"taxonomy":"product_tag","embeddable":true,"href":"https:\/\/www.oknobuild.com\/index.php\/wp-json\/wp\/v2\/product_tag?post=13364"}],"curies":[{"name":"wp","href":"https:\/\/api.w.org\/{rel}","templated":true}]}}