{"id":13365,"date":"2026-04-27T04:41:06","date_gmt":"2026-04-27T04:41:06","guid":{"rendered":""},"modified":"2026-04-27T04:41:06","modified_gmt":"2026-04-27T04:41:06","slug":"omezena-nabidka-ivar-cs-magneticky-filtr-dirtstop-xl-otocny-s-cyklonovou-vlozkou-13365","status":"publish","type":"product","link":"https:\/\/www.oknobuild.com\/index.php\/produkt\/omezena-nabidka-ivar-cs-magneticky-filtr-dirtstop-xl-otocny-s-cyklonovou-vlozkou-13365\/","title":{"rendered":"Omezen\u00e1 Nab\u00eddka Ivar CS Magnetick\u00fd filtr Dirtstop XL oto\u010dn\u00fd s cyklonovou vlo\u017ekou"},"content":{"rendered":"<div class=\"ProductDetail-content NoFixImageContainer\" id=\"productDescription\">\n<div class=\"Heading\">\n<h2 class=\"Heading-title\">Popis produktu <span class=''>Ivar CS Magnetick\u00fd filtr Dirtstop XL oto\u010dn\u00fd s cyklonovou vlo\u017ekou<\/span><\/h2>\n<\/p><\/div>\n<div class=\"ProductDetailContent\">\n<p><span style=\"font-size:16px\">VAR.DIRTSTOP \u00ae XL je vysoce \u00fa\u010dinn\u00fd magnetick\u00fd filtr s trojitou separa\u010dn\u00ed funkc\u00ed odlou\u010den\u00ed ne\u010distot z otopn\u00e9 vody. Princip du\u00e1ln\u00edho magnetu separuje \/ odlu\u010duje v\u0161echny ne\u010distoty magnetick\u00e9 a cyklonov\u00fd efekt pr\u016ftoku otopn\u00e9 vody i ne\u010distoty nemagnetick\u00e9 (mechanick\u00e9). To v\u0161e p\u0159i jednom pr\u016ftoku m\u00e9dia magnetick\u00fdm filtrem. Funkce separace \/ odlou\u010den\u00ed ne\u010distot je nezbytn\u00e1 pro zv\u00fd\u0161en\u00ed \u017eivotnosti kotl\u016f, alternativn\u00edch zdroj\u016f, ob\u011bhov\u00fdch \u010derpadel, regula\u010dn\u00edch prvk\u016f a m\u011b\u0159i\u010d\u016f spot\u0159eby tepla. Vysok\u00fd pr\u016ftok je ide\u00e1ln\u00ed pro pou\u017eit\u00ed v syst\u00e9mech s tepeln\u00fdmi \u010derpadly, jako zdroje. <\/span><\/p>\n<p><span style=\"font-size:16px\">Zlep\u0161uje tepelnou v\u00fdm\u011bnu, celkovou \u00fa\u010dinnost otopn\u00e9ho syst\u00e9mu a chr\u00e1n\u00ed jej po mnoho let d\u00edky pravideln\u00e9 \u00fadr\u017eb\u011b a \u010di\u0161t\u011bn\u00ed. Kovov\u00e9 \u010d\u00e1sti otopn\u00e9ho syst\u00e9mu podl\u00e9haj\u00ed korozivn\u00edm jev\u016fm a uvol\u0148uj\u00ed do vody ne\u010distoty \u017eelezit\u00e9ho p\u016fvodu. Ne\u010distoty ne\u017eelezit\u00e9ho (miner\u00e1ln\u00edho) p\u016fvodu se mohou usazovat v m\u00edstech syst\u00e9mu s mal\u00fdm pr\u016fchodem, zp\u016fsobuj\u00ed p\u0159ek\u00e1\u017eky (odpor), zvy\u0161uj\u00ed hlu\u010dnost a zp\u016fsobuj\u00ed dal\u0161\u00ed poruchy. D\u00edky patentovan\u00e9 cyklonov\u00e9 vlo\u017ece je prov\u00e1d\u011bna po\u010d\u00e1te\u010dn\u00ed cyklonov\u00e1 separace ne\u010distot a n\u00e1sledn\u011b p\u016fsoben\u00edm siln\u00e9ho dvojit\u00e9ho neodymov\u00e9ho magnetu doch\u00e1z\u00ed k odlou\u010den\u00ed \u017eelezit\u00fdch ne\u010distot. Filtra\u010dn\u00ed s\u00edtko pak dokon\u010duje celou filtra\u010dn\u00ed operaci, kter\u00e1 je d\u00e1le zv\u00fdhodn\u011bna o velk\u00fd objem odkalovac\u00ed n\u00e1doby pro dekantaci ne\u010distot.<\/span><\/p>\n<p><span style=\"font-size:16px\">IVAR.DIRTSTOP \u00ae XL kombinuje trvalou a \u00fa\u010dinnou ochranu s kompaktn\u00edmi rozm\u011bry a velmi snadnou instalac\u00ed. Integrovan\u00e9 kulov\u00e9 uz\u00e1v\u011bry pro separaci od syst\u00e9mu a mo\u017enost \u010di\u0161t\u011bn\u00ed a \u00fadr\u017eby bez nutnosti vypou\u0161t\u011bt otopn\u00fd syst\u00e9m. Periodick\u00e9 \u010di\u0161t\u011bn\u00ed se prov\u00e1d\u00ed snadno a rychle, bez vypou\u0161t\u011bn\u00ed syst\u00e9mu.<\/span><\/p>\n<div class=\"product-detail__text\">\n<ul>\n<li><span style=\"font-size:16px\"><strong>PN 3, T = 0 a\u017e +90 \u00b0C<\/strong><\/span><\/li>\n<li><span style=\"font-size:16px\">vysoce \u00fa\u010dinn\u00fd magnetick\u00fd oto\u010dn\u00fd filtr s&nbsp;trojitou separa\u010dn\u00ed funkc\u00ed odstra\u0148uje magnetick\u00e9 \u010d\u00e1stice z&nbsp;otopn\u00e9ho syst\u00e9mu cyklonov\u00fdm pr\u016ftokem m\u00e9dia<\/span><\/li>\n<li><span style=\"font-size:16px\">magnetick\u00e1 indukce 2 x 12.000&nbsp;G (Gauss)<\/span><\/li>\n<li><span style=\"font-size:16px\">maxim\u00e1ln\u00ed pr\u016ftok a\u017e&nbsp;6,75&nbsp;m<sup>3<\/sup>\/h<\/span><\/li>\n<li><span style=\"font-size:16px\">porozita \u00fadr\u017ebov\u00e9ho filtra\u010dn\u00edho s\u00edtka 500 \u03bcm (0,5&nbsp;mm)<\/span><\/li>\n<li><span style=\"font-size:16px\">porozita provozn\u00edho filtra\u010dn\u00edho s\u00edtka 800 \u03bcm (0,8&nbsp;mm)<\/span><\/li>\n<li><span style=\"font-size:16px\">z\u00e1vit vnit\u0159n\u00ed &#8211; vnit\u0159n\u00ed 3\/4\u201d FF, 1&#8243; FF, 5\/4&#8243; FF<\/span><\/li>\n<li><span style=\"font-size:16px\">barevn\u00e9 proveden\u00ed \u010dern\u00e1<\/span><\/li>\n<li><span style=\"font-size:16px\">materi\u00e1l plast PA66 + GF 30&nbsp;%; mosaz CW617N, t\u011bsn\u011bn\u00ed EPDM<\/span><\/li>\n<\/ul>\n<\/div><\/div>\n<div class=\"ProductDetailContent\">                                                                    <\/div>\n<\/p><\/div>\n<\/p><\/div>\n<\/p><\/div>\n","protected":false},"excerpt":{"rendered":"<p>Popis produktu Ivar CS Magnetick\u00fd filtr Dirtstop XL oto\u010dn\u00fd s cyklonovou vlo\u017ekou VAR.DIRTSTOP \u00ae XL je vysoce \u00fa\u010dinn\u00fd magnetick\u00fd filtr s trojitou separa\u010dn\u00ed funkc\u00ed odlou\u010den\u00ed ne\u010distot z otopn\u00e9 vody. Princip du\u00e1ln\u00edho magnetu separuje \/ odlu\u010duje v\u0161echny ne\u010distoty magnetick\u00e9 a cyklonov\u00fd efekt pr\u016ftoku otopn\u00e9 vody i ne\u010distoty nemagnetick\u00e9 (mechanick\u00e9). To v\u0161e p\u0159i jednom pr\u016ftoku m\u00e9dia magnetick\u00fdm [&hellip;]<\/p>\n","protected":false},"featured_media":13465,"comment_status":"open","ping_status":"open","template":"","meta":[],"product_brand":[],"product_cat":[67],"product_tag":[],"class_list":{"0":"post-13365","1":"product","2":"type-product","3":"status-publish","4":"has-post-thumbnail","6":"product_cat-topeni","8":"first","9":"instock","10":"sale","11":"shipping-taxable","12":"purchasable","13":"product-type-simple"},"yoast_head":"<!-- This site is optimized with the Yoast SEO plugin v26.8 - https:\/\/yoast.com\/product\/yoast-seo-wordpress\/ -->\n<title>Omezen\u00e1 Nab\u00eddka Ivar CS Magnetick\u00fd filtr Dirtstop XL oto\u010dn\u00fd s cyklonovou vlo\u017ekou -<\/title>\n<meta name=\"robots\" content=\"index, follow, max-snippet:-1, max-image-preview:large, max-video-preview:-1\" \/>\n<link rel=\"canonical\" href=\"https:\/\/www.oknobuild.com\/index.php\/produkt\/omezena-nabidka-ivar-cs-magneticky-filtr-dirtstop-xl-otocny-s-cyklonovou-vlozkou-13365\/\" \/>\n<meta property=\"og:locale\" content=\"cs_CZ\" \/>\n<meta property=\"og:type\" content=\"article\" \/>\n<meta property=\"og:title\" content=\"Omezen\u00e1 Nab\u00eddka Ivar CS Magnetick\u00fd filtr Dirtstop XL oto\u010dn\u00fd s cyklonovou vlo\u017ekou -\" \/>\n<meta property=\"og:description\" content=\"Popis produktu Ivar CS Magnetick\u00fd filtr Dirtstop XL oto\u010dn\u00fd s cyklonovou vlo\u017ekou VAR.DIRTSTOP \u00ae XL je vysoce \u00fa\u010dinn\u00fd magnetick\u00fd filtr s trojitou separa\u010dn\u00ed funkc\u00ed odlou\u010den\u00ed ne\u010distot z otopn\u00e9 vody. Princip du\u00e1ln\u00edho magnetu separuje \/ odlu\u010duje v\u0161echny ne\u010distoty magnetick\u00e9 a cyklonov\u00fd efekt pr\u016ftoku otopn\u00e9 vody i ne\u010distoty nemagnetick\u00e9 (mechanick\u00e9). To v\u0161e p\u0159i jednom pr\u016ftoku m\u00e9dia magnetick\u00fdm [&hellip;]\" \/>\n<meta property=\"og:url\" content=\"https:\/\/www.oknobuild.com\/index.php\/produkt\/omezena-nabidka-ivar-cs-magneticky-filtr-dirtstop-xl-otocny-s-cyklonovou-vlozkou-13365\/\" \/>\n<meta property=\"og:image\" content=\"https:\/\/www.oknobuild.com\/wp-content\/uploads\/2026\/SK0019517-CZ20260425-092632-0-1777080397-ivar-cs-magneticky-filtr-dirtstop-xl-otocny-s-cyklonovou-vl.webp\" \/>\n\t<meta property=\"og:image:width\" content=\"597\" \/>\n\t<meta property=\"og:image:height\" content=\"600\" \/>\n\t<meta property=\"og:image:type\" content=\"image\/webp\" \/>\n<meta name=\"twitter:card\" content=\"summary_large_image\" \/>\n<meta name=\"twitter:label1\" content=\"Odhadovan\u00e1 doba \u010dten\u00ed\" \/>\n\t<meta name=\"twitter:data1\" content=\"2 minuty\" \/>\n<script type=\"application\/ld+json\" class=\"yoast-schema-graph\">{\"@context\":\"https:\/\/schema.org\",\"@graph\":[{\"@type\":\"WebPage\",\"@id\":\"https:\/\/www.oknobuild.com\/index.php\/produkt\/omezena-nabidka-ivar-cs-magneticky-filtr-dirtstop-xl-otocny-s-cyklonovou-vlozkou-13365\/\",\"url\":\"https:\/\/www.oknobuild.com\/index.php\/produkt\/omezena-nabidka-ivar-cs-magneticky-filtr-dirtstop-xl-otocny-s-cyklonovou-vlozkou-13365\/\",\"name\":\"Omezen\u00e1 Nab\u00eddka Ivar CS Magnetick\u00fd filtr Dirtstop XL oto\u010dn\u00fd s cyklonovou vlo\u017ekou -\",\"isPartOf\":{\"@id\":\"https:\/\/www.oknobuild.com\/#website\"},\"primaryImageOfPage\":{\"@id\":\"https:\/\/www.oknobuild.com\/index.php\/produkt\/omezena-nabidka-ivar-cs-magneticky-filtr-dirtstop-xl-otocny-s-cyklonovou-vlozkou-13365\/#primaryimage\"},\"image\":{\"@id\":\"https:\/\/www.oknobuild.com\/index.php\/produkt\/omezena-nabidka-ivar-cs-magneticky-filtr-dirtstop-xl-otocny-s-cyklonovou-vlozkou-13365\/#primaryimage\"},\"thumbnailUrl\":\"https:\/\/www.oknobuild.com\/wp-content\/uploads\/2026\/SK0019517-CZ20260425-092632-0-1777080397-ivar-cs-magneticky-filtr-dirtstop-xl-otocny-s-cyklonovou-vl.webp\",\"datePublished\":\"2026-04-27T04:41:06+00:00\",\"breadcrumb\":{\"@id\":\"https:\/\/www.oknobuild.com\/index.php\/produkt\/omezena-nabidka-ivar-cs-magneticky-filtr-dirtstop-xl-otocny-s-cyklonovou-vlozkou-13365\/#breadcrumb\"},\"inLanguage\":\"cs\",\"potentialAction\":[{\"@type\":\"ReadAction\",\"target\":[\"https:\/\/www.oknobuild.com\/index.php\/produkt\/omezena-nabidka-ivar-cs-magneticky-filtr-dirtstop-xl-otocny-s-cyklonovou-vlozkou-13365\/\"]}]},{\"@type\":\"ImageObject\",\"inLanguage\":\"cs\",\"@id\":\"https:\/\/www.oknobuild.com\/index.php\/produkt\/omezena-nabidka-ivar-cs-magneticky-filtr-dirtstop-xl-otocny-s-cyklonovou-vlozkou-13365\/#primaryimage\",\"url\":\"https:\/\/www.oknobuild.com\/wp-content\/uploads\/2026\/SK0019517-CZ20260425-092632-0-1777080397-ivar-cs-magneticky-filtr-dirtstop-xl-otocny-s-cyklonovou-vl.webp\",\"contentUrl\":\"https:\/\/www.oknobuild.com\/wp-content\/uploads\/2026\/SK0019517-CZ20260425-092632-0-1777080397-ivar-cs-magneticky-filtr-dirtstop-xl-otocny-s-cyklonovou-vl.webp\",\"width\":597,\"height\":600},{\"@type\":\"BreadcrumbList\",\"@id\":\"https:\/\/www.oknobuild.com\/index.php\/produkt\/omezena-nabidka-ivar-cs-magneticky-filtr-dirtstop-xl-otocny-s-cyklonovou-vlozkou-13365\/#breadcrumb\",\"itemListElement\":[{\"@type\":\"ListItem\",\"position\":1,\"name\":\"Home\",\"item\":\"https:\/\/www.oknobuild.com\/\"},{\"@type\":\"ListItem\",\"position\":2,\"name\":\"Products\",\"item\":\"https:\/\/www.oknobuild.com\/index.php\/products\/\"},{\"@type\":\"ListItem\",\"position\":3,\"name\":\"Omezen\u00e1 Nab\u00eddka Ivar CS Magnetick\u00fd filtr Dirtstop XL oto\u010dn\u00fd s cyklonovou vlo\u017ekou\"}]},{\"@type\":\"WebSite\",\"@id\":\"https:\/\/www.oknobuild.com\/#website\",\"url\":\"https:\/\/www.oknobuild.com\/\",\"name\":\"\",\"description\":\"\",\"potentialAction\":[{\"@type\":\"SearchAction\",\"target\":{\"@type\":\"EntryPoint\",\"urlTemplate\":\"https:\/\/www.oknobuild.com\/?s={search_term_string}\"},\"query-input\":{\"@type\":\"PropertyValueSpecification\",\"valueRequired\":true,\"valueName\":\"search_term_string\"}}],\"inLanguage\":\"cs\"}]}<\/script>\n<!-- \/ Yoast SEO plugin. -->","yoast_head_json":{"title":"Omezen\u00e1 Nab\u00eddka Ivar CS Magnetick\u00fd filtr Dirtstop XL oto\u010dn\u00fd s cyklonovou vlo\u017ekou -","robots":{"index":"index","follow":"follow","max-snippet":"max-snippet:-1","max-image-preview":"max-image-preview:large","max-video-preview":"max-video-preview:-1"},"canonical":"https:\/\/www.oknobuild.com\/index.php\/produkt\/omezena-nabidka-ivar-cs-magneticky-filtr-dirtstop-xl-otocny-s-cyklonovou-vlozkou-13365\/","og_locale":"cs_CZ","og_type":"article","og_title":"Omezen\u00e1 Nab\u00eddka Ivar CS Magnetick\u00fd filtr Dirtstop XL oto\u010dn\u00fd s cyklonovou vlo\u017ekou -","og_description":"Popis produktu Ivar CS Magnetick\u00fd filtr Dirtstop XL oto\u010dn\u00fd s cyklonovou vlo\u017ekou VAR.DIRTSTOP \u00ae XL je vysoce \u00fa\u010dinn\u00fd magnetick\u00fd filtr s trojitou separa\u010dn\u00ed funkc\u00ed odlou\u010den\u00ed ne\u010distot z otopn\u00e9 vody. Princip du\u00e1ln\u00edho magnetu separuje \/ odlu\u010duje v\u0161echny ne\u010distoty magnetick\u00e9 a cyklonov\u00fd efekt pr\u016ftoku otopn\u00e9 vody i ne\u010distoty nemagnetick\u00e9 (mechanick\u00e9). To v\u0161e p\u0159i jednom pr\u016ftoku m\u00e9dia magnetick\u00fdm [&hellip;]","og_url":"https:\/\/www.oknobuild.com\/index.php\/produkt\/omezena-nabidka-ivar-cs-magneticky-filtr-dirtstop-xl-otocny-s-cyklonovou-vlozkou-13365\/","og_image":[{"width":597,"height":600,"url":"https:\/\/www.oknobuild.com\/wp-content\/uploads\/2026\/SK0019517-CZ20260425-092632-0-1777080397-ivar-cs-magneticky-filtr-dirtstop-xl-otocny-s-cyklonovou-vl.webp","type":"image\/webp"}],"twitter_card":"summary_large_image","twitter_misc":{"Odhadovan\u00e1 doba \u010dten\u00ed":"2 minuty"},"schema":{"@context":"https:\/\/schema.org","@graph":[{"@type":"WebPage","@id":"https:\/\/www.oknobuild.com\/index.php\/produkt\/omezena-nabidka-ivar-cs-magneticky-filtr-dirtstop-xl-otocny-s-cyklonovou-vlozkou-13365\/","url":"https:\/\/www.oknobuild.com\/index.php\/produkt\/omezena-nabidka-ivar-cs-magneticky-filtr-dirtstop-xl-otocny-s-cyklonovou-vlozkou-13365\/","name":"Omezen\u00e1 Nab\u00eddka Ivar CS Magnetick\u00fd filtr Dirtstop XL oto\u010dn\u00fd s cyklonovou vlo\u017ekou -","isPartOf":{"@id":"https:\/\/www.oknobuild.com\/#website"},"primaryImageOfPage":{"@id":"https:\/\/www.oknobuild.com\/index.php\/produkt\/omezena-nabidka-ivar-cs-magneticky-filtr-dirtstop-xl-otocny-s-cyklonovou-vlozkou-13365\/#primaryimage"},"image":{"@id":"https:\/\/www.oknobuild.com\/index.php\/produkt\/omezena-nabidka-ivar-cs-magneticky-filtr-dirtstop-xl-otocny-s-cyklonovou-vlozkou-13365\/#primaryimage"},"thumbnailUrl":"https:\/\/www.oknobuild.com\/wp-content\/uploads\/2026\/SK0019517-CZ20260425-092632-0-1777080397-ivar-cs-magneticky-filtr-dirtstop-xl-otocny-s-cyklonovou-vl.webp","datePublished":"2026-04-27T04:41:06+00:00","breadcrumb":{"@id":"https:\/\/www.oknobuild.com\/index.php\/produkt\/omezena-nabidka-ivar-cs-magneticky-filtr-dirtstop-xl-otocny-s-cyklonovou-vlozkou-13365\/#breadcrumb"},"inLanguage":"cs","potentialAction":[{"@type":"ReadAction","target":["https:\/\/www.oknobuild.com\/index.php\/produkt\/omezena-nabidka-ivar-cs-magneticky-filtr-dirtstop-xl-otocny-s-cyklonovou-vlozkou-13365\/"]}]},{"@type":"ImageObject","inLanguage":"cs","@id":"https:\/\/www.oknobuild.com\/index.php\/produkt\/omezena-nabidka-ivar-cs-magneticky-filtr-dirtstop-xl-otocny-s-cyklonovou-vlozkou-13365\/#primaryimage","url":"https:\/\/www.oknobuild.com\/wp-content\/uploads\/2026\/SK0019517-CZ20260425-092632-0-1777080397-ivar-cs-magneticky-filtr-dirtstop-xl-otocny-s-cyklonovou-vl.webp","contentUrl":"https:\/\/www.oknobuild.com\/wp-content\/uploads\/2026\/SK0019517-CZ20260425-092632-0-1777080397-ivar-cs-magneticky-filtr-dirtstop-xl-otocny-s-cyklonovou-vl.webp","width":597,"height":600},{"@type":"BreadcrumbList","@id":"https:\/\/www.oknobuild.com\/index.php\/produkt\/omezena-nabidka-ivar-cs-magneticky-filtr-dirtstop-xl-otocny-s-cyklonovou-vlozkou-13365\/#breadcrumb","itemListElement":[{"@type":"ListItem","position":1,"name":"Home","item":"https:\/\/www.oknobuild.com\/"},{"@type":"ListItem","position":2,"name":"Products","item":"https:\/\/www.oknobuild.com\/index.php\/products\/"},{"@type":"ListItem","position":3,"name":"Omezen\u00e1 Nab\u00eddka Ivar CS Magnetick\u00fd filtr Dirtstop XL oto\u010dn\u00fd s cyklonovou vlo\u017ekou"}]},{"@type":"WebSite","@id":"https:\/\/www.oknobuild.com\/#website","url":"https:\/\/www.oknobuild.com\/","name":"","description":"","potentialAction":[{"@type":"SearchAction","target":{"@type":"EntryPoint","urlTemplate":"https:\/\/www.oknobuild.com\/?s={search_term_string}"},"query-input":{"@type":"PropertyValueSpecification","valueRequired":true,"valueName":"search_term_string"}}],"inLanguage":"cs"}]}},"_links":{"self":[{"href":"https:\/\/www.oknobuild.com\/index.php\/wp-json\/wp\/v2\/product\/13365","targetHints":{"allow":["GET"]}}],"collection":[{"href":"https:\/\/www.oknobuild.com\/index.php\/wp-json\/wp\/v2\/product"}],"about":[{"href":"https:\/\/www.oknobuild.com\/index.php\/wp-json\/wp\/v2\/types\/product"}],"replies":[{"embeddable":true,"href":"https:\/\/www.oknobuild.com\/index.php\/wp-json\/wp\/v2\/comments?post=13365"}],"wp:featuredmedia":[{"embeddable":true,"href":"https:\/\/www.oknobuild.com\/index.php\/wp-json\/wp\/v2\/media\/13465"}],"wp:attachment":[{"href":"https:\/\/www.oknobuild.com\/index.php\/wp-json\/wp\/v2\/media?parent=13365"}],"wp:term":[{"taxonomy":"product_brand","embeddable":true,"href":"https:\/\/www.oknobuild.com\/index.php\/wp-json\/wp\/v2\/product_brand?post=13365"},{"taxonomy":"product_cat","embeddable":true,"href":"https:\/\/www.oknobuild.com\/index.php\/wp-json\/wp\/v2\/product_cat?post=13365"},{"taxonomy":"product_tag","embeddable":true,"href":"https:\/\/www.oknobuild.com\/index.php\/wp-json\/wp\/v2\/product_tag?post=13365"}],"curies":[{"name":"wp","href":"https:\/\/api.w.org\/{rel}","templated":true}]}}