{"id":13370,"date":"2026-04-27T04:41:06","date_gmt":"2026-04-27T04:41:06","guid":{"rendered":""},"modified":"2026-04-27T04:41:06","modified_gmt":"2026-04-27T04:41:06","slug":"atrea-nahradni-filtracni-kazety-pro-duplex-inter-h-primo-od-vyrobce-13370","status":"publish","type":"product","link":"https:\/\/www.oknobuild.com\/index.php\/produkt\/atrea-nahradni-filtracni-kazety-pro-duplex-inter-h-primo-od-vyrobce-13370\/","title":{"rendered":"Atrea N\u00e1hradn\u00ed filtra\u010dn\u00ed kazety pro DUPLEX Inter-H P\u0159\u00edmo Od V\u00fdrobce"},"content":{"rendered":"<div class=\"ProductDetail-content NoFixImageContainer\" id=\"productDescription\">\n<div class=\"Heading\">\n<h2 class=\"Heading-title\">Popis produktu <span class=''>Atrea N\u00e1hradn\u00ed filtra\u010dn\u00ed kazety pro DUPLEX Inter-H<\/span><\/h2>\n<\/p><\/div>\n<div class=\"ProductDetailContent\">\n<p><span style=\"font-size:16px\">N\u00e1hradn\u00ed filtra\u010dn\u00ed kazety M5, F7 pro DUPLEX Inter-H.<\/span><\/p>\n<\/p><\/div>\n<div class=\"ProductDetailContent\">                                                                    <\/div>\n<\/p><\/div>\n<\/p><\/div>\n<\/p><\/div>\n","protected":false},"excerpt":{"rendered":"<p>Popis produktu Atrea N\u00e1hradn\u00ed filtra\u010dn\u00ed kazety pro DUPLEX Inter-H N\u00e1hradn\u00ed filtra\u010dn\u00ed kazety M5, F7 pro DUPLEX Inter-H.<\/p>\n","protected":false},"featured_media":13470,"comment_status":"open","ping_status":"open","template":"","meta":[],"product_brand":[],"product_cat":[70],"product_tag":[],"class_list":{"0":"post-13370","1":"product","2":"type-product","3":"status-publish","4":"has-post-thumbnail","6":"product_cat-rekuperace-vzduchu-a-vody-vetrani","8":"first","9":"instock","10":"sale","11":"shipping-taxable","12":"purchasable","13":"product-type-simple"},"yoast_head":"<!-- This site is optimized with the Yoast SEO plugin v26.8 - https:\/\/yoast.com\/product\/yoast-seo-wordpress\/ -->\n<title>Atrea N\u00e1hradn\u00ed filtra\u010dn\u00ed kazety pro DUPLEX Inter-H P\u0159\u00edmo Od V\u00fdrobce -<\/title>\n<meta name=\"robots\" content=\"index, follow, max-snippet:-1, max-image-preview:large, max-video-preview:-1\" \/>\n<link rel=\"canonical\" href=\"https:\/\/www.oknobuild.com\/index.php\/produkt\/atrea-nahradni-filtracni-kazety-pro-duplex-inter-h-primo-od-vyrobce-13370\/\" \/>\n<meta property=\"og:locale\" content=\"cs_CZ\" \/>\n<meta property=\"og:type\" content=\"article\" \/>\n<meta property=\"og:title\" content=\"Atrea N\u00e1hradn\u00ed filtra\u010dn\u00ed kazety pro DUPLEX Inter-H P\u0159\u00edmo Od V\u00fdrobce -\" \/>\n<meta property=\"og:description\" content=\"Popis produktu Atrea N\u00e1hradn\u00ed filtra\u010dn\u00ed kazety pro DUPLEX Inter-H N\u00e1hradn\u00ed filtra\u010dn\u00ed kazety M5, F7 pro DUPLEX Inter-H.\" \/>\n<meta property=\"og:url\" content=\"https:\/\/www.oknobuild.com\/index.php\/produkt\/atrea-nahradni-filtracni-kazety-pro-duplex-inter-h-primo-od-vyrobce-13370\/\" \/>\n<meta property=\"og:image\" content=\"https:\/\/www.oknobuild.com\/wp-content\/uploads\/2026\/SK0019524-CZ20260425-092632-0-1777080397-atrea-nahradni-filtracni-kazety-pro-duplex-inter-h-877184.j.webp\" \/>\n\t<meta property=\"og:image:width\" content=\"491\" \/>\n\t<meta property=\"og:image:height\" content=\"600\" \/>\n\t<meta property=\"og:image:type\" content=\"image\/webp\" \/>\n<meta name=\"twitter:card\" content=\"summary_large_image\" \/>\n<script type=\"application\/ld+json\" class=\"yoast-schema-graph\">{\"@context\":\"https:\/\/schema.org\",\"@graph\":[{\"@type\":\"WebPage\",\"@id\":\"https:\/\/www.oknobuild.com\/index.php\/produkt\/atrea-nahradni-filtracni-kazety-pro-duplex-inter-h-primo-od-vyrobce-13370\/\",\"url\":\"https:\/\/www.oknobuild.com\/index.php\/produkt\/atrea-nahradni-filtracni-kazety-pro-duplex-inter-h-primo-od-vyrobce-13370\/\",\"name\":\"Atrea N\u00e1hradn\u00ed filtra\u010dn\u00ed kazety pro DUPLEX Inter-H P\u0159\u00edmo Od V\u00fdrobce -\",\"isPartOf\":{\"@id\":\"https:\/\/www.oknobuild.com\/#website\"},\"primaryImageOfPage\":{\"@id\":\"https:\/\/www.oknobuild.com\/index.php\/produkt\/atrea-nahradni-filtracni-kazety-pro-duplex-inter-h-primo-od-vyrobce-13370\/#primaryimage\"},\"image\":{\"@id\":\"https:\/\/www.oknobuild.com\/index.php\/produkt\/atrea-nahradni-filtracni-kazety-pro-duplex-inter-h-primo-od-vyrobce-13370\/#primaryimage\"},\"thumbnailUrl\":\"https:\/\/www.oknobuild.com\/wp-content\/uploads\/2026\/SK0019524-CZ20260425-092632-0-1777080397-atrea-nahradni-filtracni-kazety-pro-duplex-inter-h-877184.j.webp\",\"datePublished\":\"2026-04-27T04:41:06+00:00\",\"breadcrumb\":{\"@id\":\"https:\/\/www.oknobuild.com\/index.php\/produkt\/atrea-nahradni-filtracni-kazety-pro-duplex-inter-h-primo-od-vyrobce-13370\/#breadcrumb\"},\"inLanguage\":\"cs\",\"potentialAction\":[{\"@type\":\"ReadAction\",\"target\":[\"https:\/\/www.oknobuild.com\/index.php\/produkt\/atrea-nahradni-filtracni-kazety-pro-duplex-inter-h-primo-od-vyrobce-13370\/\"]}]},{\"@type\":\"ImageObject\",\"inLanguage\":\"cs\",\"@id\":\"https:\/\/www.oknobuild.com\/index.php\/produkt\/atrea-nahradni-filtracni-kazety-pro-duplex-inter-h-primo-od-vyrobce-13370\/#primaryimage\",\"url\":\"https:\/\/www.oknobuild.com\/wp-content\/uploads\/2026\/SK0019524-CZ20260425-092632-0-1777080397-atrea-nahradni-filtracni-kazety-pro-duplex-inter-h-877184.j.webp\",\"contentUrl\":\"https:\/\/www.oknobuild.com\/wp-content\/uploads\/2026\/SK0019524-CZ20260425-092632-0-1777080397-atrea-nahradni-filtracni-kazety-pro-duplex-inter-h-877184.j.webp\",\"width\":491,\"height\":600},{\"@type\":\"BreadcrumbList\",\"@id\":\"https:\/\/www.oknobuild.com\/index.php\/produkt\/atrea-nahradni-filtracni-kazety-pro-duplex-inter-h-primo-od-vyrobce-13370\/#breadcrumb\",\"itemListElement\":[{\"@type\":\"ListItem\",\"position\":1,\"name\":\"Home\",\"item\":\"https:\/\/www.oknobuild.com\/\"},{\"@type\":\"ListItem\",\"position\":2,\"name\":\"Products\",\"item\":\"https:\/\/www.oknobuild.com\/index.php\/products\/\"},{\"@type\":\"ListItem\",\"position\":3,\"name\":\"Atrea N\u00e1hradn\u00ed filtra\u010dn\u00ed kazety pro DUPLEX Inter-H P\u0159\u00edmo Od V\u00fdrobce\"}]},{\"@type\":\"WebSite\",\"@id\":\"https:\/\/www.oknobuild.com\/#website\",\"url\":\"https:\/\/www.oknobuild.com\/\",\"name\":\"\",\"description\":\"\",\"potentialAction\":[{\"@type\":\"SearchAction\",\"target\":{\"@type\":\"EntryPoint\",\"urlTemplate\":\"https:\/\/www.oknobuild.com\/?s={search_term_string}\"},\"query-input\":{\"@type\":\"PropertyValueSpecification\",\"valueRequired\":true,\"valueName\":\"search_term_string\"}}],\"inLanguage\":\"cs\"}]}<\/script>\n<!-- \/ Yoast SEO plugin. -->","yoast_head_json":{"title":"Atrea N\u00e1hradn\u00ed filtra\u010dn\u00ed kazety pro DUPLEX Inter-H P\u0159\u00edmo Od V\u00fdrobce -","robots":{"index":"index","follow":"follow","max-snippet":"max-snippet:-1","max-image-preview":"max-image-preview:large","max-video-preview":"max-video-preview:-1"},"canonical":"https:\/\/www.oknobuild.com\/index.php\/produkt\/atrea-nahradni-filtracni-kazety-pro-duplex-inter-h-primo-od-vyrobce-13370\/","og_locale":"cs_CZ","og_type":"article","og_title":"Atrea N\u00e1hradn\u00ed filtra\u010dn\u00ed kazety pro DUPLEX Inter-H P\u0159\u00edmo Od V\u00fdrobce -","og_description":"Popis produktu Atrea N\u00e1hradn\u00ed filtra\u010dn\u00ed kazety pro DUPLEX Inter-H N\u00e1hradn\u00ed filtra\u010dn\u00ed kazety M5, F7 pro DUPLEX Inter-H.","og_url":"https:\/\/www.oknobuild.com\/index.php\/produkt\/atrea-nahradni-filtracni-kazety-pro-duplex-inter-h-primo-od-vyrobce-13370\/","og_image":[{"width":491,"height":600,"url":"https:\/\/www.oknobuild.com\/wp-content\/uploads\/2026\/SK0019524-CZ20260425-092632-0-1777080397-atrea-nahradni-filtracni-kazety-pro-duplex-inter-h-877184.j.webp","type":"image\/webp"}],"twitter_card":"summary_large_image","schema":{"@context":"https:\/\/schema.org","@graph":[{"@type":"WebPage","@id":"https:\/\/www.oknobuild.com\/index.php\/produkt\/atrea-nahradni-filtracni-kazety-pro-duplex-inter-h-primo-od-vyrobce-13370\/","url":"https:\/\/www.oknobuild.com\/index.php\/produkt\/atrea-nahradni-filtracni-kazety-pro-duplex-inter-h-primo-od-vyrobce-13370\/","name":"Atrea N\u00e1hradn\u00ed filtra\u010dn\u00ed kazety pro DUPLEX Inter-H P\u0159\u00edmo Od V\u00fdrobce -","isPartOf":{"@id":"https:\/\/www.oknobuild.com\/#website"},"primaryImageOfPage":{"@id":"https:\/\/www.oknobuild.com\/index.php\/produkt\/atrea-nahradni-filtracni-kazety-pro-duplex-inter-h-primo-od-vyrobce-13370\/#primaryimage"},"image":{"@id":"https:\/\/www.oknobuild.com\/index.php\/produkt\/atrea-nahradni-filtracni-kazety-pro-duplex-inter-h-primo-od-vyrobce-13370\/#primaryimage"},"thumbnailUrl":"https:\/\/www.oknobuild.com\/wp-content\/uploads\/2026\/SK0019524-CZ20260425-092632-0-1777080397-atrea-nahradni-filtracni-kazety-pro-duplex-inter-h-877184.j.webp","datePublished":"2026-04-27T04:41:06+00:00","breadcrumb":{"@id":"https:\/\/www.oknobuild.com\/index.php\/produkt\/atrea-nahradni-filtracni-kazety-pro-duplex-inter-h-primo-od-vyrobce-13370\/#breadcrumb"},"inLanguage":"cs","potentialAction":[{"@type":"ReadAction","target":["https:\/\/www.oknobuild.com\/index.php\/produkt\/atrea-nahradni-filtracni-kazety-pro-duplex-inter-h-primo-od-vyrobce-13370\/"]}]},{"@type":"ImageObject","inLanguage":"cs","@id":"https:\/\/www.oknobuild.com\/index.php\/produkt\/atrea-nahradni-filtracni-kazety-pro-duplex-inter-h-primo-od-vyrobce-13370\/#primaryimage","url":"https:\/\/www.oknobuild.com\/wp-content\/uploads\/2026\/SK0019524-CZ20260425-092632-0-1777080397-atrea-nahradni-filtracni-kazety-pro-duplex-inter-h-877184.j.webp","contentUrl":"https:\/\/www.oknobuild.com\/wp-content\/uploads\/2026\/SK0019524-CZ20260425-092632-0-1777080397-atrea-nahradni-filtracni-kazety-pro-duplex-inter-h-877184.j.webp","width":491,"height":600},{"@type":"BreadcrumbList","@id":"https:\/\/www.oknobuild.com\/index.php\/produkt\/atrea-nahradni-filtracni-kazety-pro-duplex-inter-h-primo-od-vyrobce-13370\/#breadcrumb","itemListElement":[{"@type":"ListItem","position":1,"name":"Home","item":"https:\/\/www.oknobuild.com\/"},{"@type":"ListItem","position":2,"name":"Products","item":"https:\/\/www.oknobuild.com\/index.php\/products\/"},{"@type":"ListItem","position":3,"name":"Atrea N\u00e1hradn\u00ed filtra\u010dn\u00ed kazety pro DUPLEX Inter-H P\u0159\u00edmo Od V\u00fdrobce"}]},{"@type":"WebSite","@id":"https:\/\/www.oknobuild.com\/#website","url":"https:\/\/www.oknobuild.com\/","name":"","description":"","potentialAction":[{"@type":"SearchAction","target":{"@type":"EntryPoint","urlTemplate":"https:\/\/www.oknobuild.com\/?s={search_term_string}"},"query-input":{"@type":"PropertyValueSpecification","valueRequired":true,"valueName":"search_term_string"}}],"inLanguage":"cs"}]}},"_links":{"self":[{"href":"https:\/\/www.oknobuild.com\/index.php\/wp-json\/wp\/v2\/product\/13370","targetHints":{"allow":["GET"]}}],"collection":[{"href":"https:\/\/www.oknobuild.com\/index.php\/wp-json\/wp\/v2\/product"}],"about":[{"href":"https:\/\/www.oknobuild.com\/index.php\/wp-json\/wp\/v2\/types\/product"}],"replies":[{"embeddable":true,"href":"https:\/\/www.oknobuild.com\/index.php\/wp-json\/wp\/v2\/comments?post=13370"}],"wp:featuredmedia":[{"embeddable":true,"href":"https:\/\/www.oknobuild.com\/index.php\/wp-json\/wp\/v2\/media\/13470"}],"wp:attachment":[{"href":"https:\/\/www.oknobuild.com\/index.php\/wp-json\/wp\/v2\/media?parent=13370"}],"wp:term":[{"taxonomy":"product_brand","embeddable":true,"href":"https:\/\/www.oknobuild.com\/index.php\/wp-json\/wp\/v2\/product_brand?post=13370"},{"taxonomy":"product_cat","embeddable":true,"href":"https:\/\/www.oknobuild.com\/index.php\/wp-json\/wp\/v2\/product_cat?post=13370"},{"taxonomy":"product_tag","embeddable":true,"href":"https:\/\/www.oknobuild.com\/index.php\/wp-json\/wp\/v2\/product_tag?post=13370"}],"curies":[{"name":"wp","href":"https:\/\/api.w.org\/{rel}","templated":true}]}}