{"id":13371,"date":"2026-04-27T04:41:06","date_gmt":"2026-04-27T04:41:06","guid":{"rendered":""},"modified":"2026-04-27T04:41:06","modified_gmt":"2026-04-27T04:41:06","slug":"primo-od-vyrobce-atrea-tkr-slim-t-tvarovka-pro-realizaci-zonovani-ve-vzduchotechnickych-rozvodech-13371","status":"publish","type":"product","link":"https:\/\/www.oknobuild.com\/index.php\/produkt\/primo-od-vyrobce-atrea-tkr-slim-t-tvarovka-pro-realizaci-zonovani-ve-vzduchotechnickych-rozvodech-13371\/","title":{"rendered":"P\u0159\u00edmo Od V\u00fdrobce Atrea TKR Slim T Tvarovka pro realizaci z\u00f3nov\u00e1n\u00ed ve vzduchotechnick\u00fdch rozvodech"},"content":{"rendered":"<div class=\"ProductDetail-content NoFixImageContainer\" id=\"productDescription\">\n<div class=\"Heading\">\n<h2 class=\"Heading-title\">Popis produktu <span class=''>Atrea TKR Slim T Tvarovka pro realizaci z\u00f3nov\u00e1n\u00ed ve vzduchotechnick\u00fdch rozvodech<\/span><\/h2>\n<\/p><\/div>\n<div class=\"ProductDetailContent\">\n<p><strong><span style=\"font-size:16px\">Voliteln\u00e9 p\u0159\u00edslu\u0161enstv\u00ed pro DUPLEX Pro \/ Pro-V \/ Easy2 \/ Slim \/ EC5-E \/ ECV5-E s regulac\u00ed aM \/ aM.CF<\/span><\/strong><\/p>\n<p><span style=\"font-size:16px\">Tvarovka TKR SLIM je ur\u010dena pro c\u00edlen\u00fd odvod vzduchu podle aktu\u00e1ln\u00ed pot\u0159eby. Skl\u00e1d\u00e1 se ze dvou uzav\u00edrac\u00edch klapek ovl\u00e1dan\u00fdch jedn\u00edm servopohonem. Klapky pracuj\u00ed antiparaleln\u011b, to znamen\u00e1, \u017ee pokud je jedna klapka otev\u0159en\u00e1, tak druh\u00e1 je zav\u0159en\u00e1 a naopak. Tvarovky se dod\u00e1vaj\u00ed ve t\u0159ech velikostech vstupn\u00edch\/v\u00fdstupn\u00edch hrdel a v proveden\u00ed s dv\u011bma druhy servopohon\u016f pro dvoustavov\u00e9 \u0159\u00edzen\u00ed nebo pro spojit\u00e9 \u0159\u00edzen\u00ed pomoc\u00ed komunika\u010dn\u00edho protokolu MP-bus.<\/span><\/p>\n<ul>\n<li><span style=\"font-size:16px\">Proveden\u00ed RL je univerz\u00e1ln\u00ed, ur\u010den\u00e9 pro pravou (R) nebo levou (L) instalaci. Volba mont\u00e1\u017en\u00ed polohy (R) nebo (L) prob\u00edh\u00e1 na m\u00edst\u011b mont\u00e1\u017ee dle pot\u0159eb dan\u00e9ho projektu.<\/span><\/li>\n<li><span style=\"font-size:16px\">Proveden\u00ed T umo\u017e\u0148uje dv\u011b mont\u00e1\u017en\u00ed polohy. Volba mont\u00e1\u017en\u00ed polohy (TR) nebo (TL) prob\u00edh\u00e1 na m\u00edst\u011b mont\u00e1\u017ee dle pot\u0159eb dan\u00e9ho projektu.<\/span><\/li>\n<\/ul>\n<p><span style=\"font-size:16px\">Varianty MP &#8211; nutn\u00e9 pou\u017e\u00edt pro syst\u00e9my s regul\u00e1tory pr\u016ftoku SMART BOX.<\/span><\/p>\n<\/p><\/div>\n<div class=\"ProductDetailContent\">                                                                    <\/div>\n<\/p><\/div>\n<\/p><\/div>\n<\/p><\/div>\n","protected":false},"excerpt":{"rendered":"<p>Popis produktu Atrea TKR Slim T Tvarovka pro realizaci z\u00f3nov\u00e1n\u00ed ve vzduchotechnick\u00fdch rozvodech Voliteln\u00e9 p\u0159\u00edslu\u0161enstv\u00ed pro DUPLEX Pro \/ Pro-V \/ Easy2 \/ Slim \/ EC5-E \/ ECV5-E s regulac\u00ed aM \/ aM.CF Tvarovka TKR SLIM je ur\u010dena pro c\u00edlen\u00fd odvod vzduchu podle aktu\u00e1ln\u00ed pot\u0159eby. Skl\u00e1d\u00e1 se ze dvou uzav\u00edrac\u00edch klapek ovl\u00e1dan\u00fdch jedn\u00edm servopohonem. Klapky [&hellip;]<\/p>\n","protected":false},"featured_media":13471,"comment_status":"open","ping_status":"open","template":"","meta":[],"product_brand":[],"product_cat":[70],"product_tag":[],"class_list":{"0":"post-13371","1":"product","2":"type-product","3":"status-publish","4":"has-post-thumbnail","6":"product_cat-rekuperace-vzduchu-a-vody-vetrani","8":"first","9":"instock","10":"sale","11":"shipping-taxable","12":"purchasable","13":"product-type-simple"},"yoast_head":"<!-- This site is optimized with the Yoast SEO plugin v26.8 - https:\/\/yoast.com\/product\/yoast-seo-wordpress\/ -->\n<title>P\u0159\u00edmo Od V\u00fdrobce Atrea TKR Slim T Tvarovka pro realizaci z\u00f3nov\u00e1n\u00ed ve vzduchotechnick\u00fdch rozvodech -<\/title>\n<meta name=\"robots\" content=\"index, follow, max-snippet:-1, max-image-preview:large, max-video-preview:-1\" \/>\n<link rel=\"canonical\" href=\"https:\/\/www.oknobuild.com\/index.php\/produkt\/primo-od-vyrobce-atrea-tkr-slim-t-tvarovka-pro-realizaci-zonovani-ve-vzduchotechnickych-rozvodech-13371\/\" \/>\n<meta property=\"og:locale\" content=\"cs_CZ\" \/>\n<meta property=\"og:type\" content=\"article\" \/>\n<meta property=\"og:title\" content=\"P\u0159\u00edmo Od V\u00fdrobce Atrea TKR Slim T Tvarovka pro realizaci z\u00f3nov\u00e1n\u00ed ve vzduchotechnick\u00fdch rozvodech -\" \/>\n<meta property=\"og:description\" content=\"Popis produktu Atrea TKR Slim T Tvarovka pro realizaci z\u00f3nov\u00e1n\u00ed ve vzduchotechnick\u00fdch rozvodech Voliteln\u00e9 p\u0159\u00edslu\u0161enstv\u00ed pro DUPLEX Pro \/ Pro-V \/ Easy2 \/ Slim \/ EC5-E \/ ECV5-E s regulac\u00ed aM \/ aM.CF Tvarovka TKR SLIM je ur\u010dena pro c\u00edlen\u00fd odvod vzduchu podle aktu\u00e1ln\u00ed pot\u0159eby. Skl\u00e1d\u00e1 se ze dvou uzav\u00edrac\u00edch klapek ovl\u00e1dan\u00fdch jedn\u00edm servopohonem. Klapky [&hellip;]\" \/>\n<meta property=\"og:url\" content=\"https:\/\/www.oknobuild.com\/index.php\/produkt\/primo-od-vyrobce-atrea-tkr-slim-t-tvarovka-pro-realizaci-zonovani-ve-vzduchotechnickych-rozvodech-13371\/\" \/>\n<meta property=\"og:image\" content=\"https:\/\/www.oknobuild.com\/wp-content\/uploads\/2026\/SK0019525-CZ20260425-092632-0-1777080397-atrea-tkr-slim-t-tvarovka-pro-realizaci-zonovani-ve-vzducho.webp\" \/>\n\t<meta property=\"og:image:width\" content=\"600\" \/>\n\t<meta property=\"og:image:height\" content=\"600\" \/>\n\t<meta property=\"og:image:type\" content=\"image\/webp\" \/>\n<meta name=\"twitter:card\" content=\"summary_large_image\" \/>\n<meta name=\"twitter:label1\" content=\"Odhadovan\u00e1 doba \u010dten\u00ed\" \/>\n\t<meta name=\"twitter:data1\" content=\"1 minuta\" \/>\n<script type=\"application\/ld+json\" class=\"yoast-schema-graph\">{\"@context\":\"https:\/\/schema.org\",\"@graph\":[{\"@type\":\"WebPage\",\"@id\":\"https:\/\/www.oknobuild.com\/index.php\/produkt\/primo-od-vyrobce-atrea-tkr-slim-t-tvarovka-pro-realizaci-zonovani-ve-vzduchotechnickych-rozvodech-13371\/\",\"url\":\"https:\/\/www.oknobuild.com\/index.php\/produkt\/primo-od-vyrobce-atrea-tkr-slim-t-tvarovka-pro-realizaci-zonovani-ve-vzduchotechnickych-rozvodech-13371\/\",\"name\":\"P\u0159\u00edmo Od V\u00fdrobce Atrea TKR Slim T Tvarovka pro realizaci z\u00f3nov\u00e1n\u00ed ve vzduchotechnick\u00fdch rozvodech -\",\"isPartOf\":{\"@id\":\"https:\/\/www.oknobuild.com\/#website\"},\"primaryImageOfPage\":{\"@id\":\"https:\/\/www.oknobuild.com\/index.php\/produkt\/primo-od-vyrobce-atrea-tkr-slim-t-tvarovka-pro-realizaci-zonovani-ve-vzduchotechnickych-rozvodech-13371\/#primaryimage\"},\"image\":{\"@id\":\"https:\/\/www.oknobuild.com\/index.php\/produkt\/primo-od-vyrobce-atrea-tkr-slim-t-tvarovka-pro-realizaci-zonovani-ve-vzduchotechnickych-rozvodech-13371\/#primaryimage\"},\"thumbnailUrl\":\"https:\/\/www.oknobuild.com\/wp-content\/uploads\/2026\/SK0019525-CZ20260425-092632-0-1777080397-atrea-tkr-slim-t-tvarovka-pro-realizaci-zonovani-ve-vzducho.webp\",\"datePublished\":\"2026-04-27T04:41:06+00:00\",\"breadcrumb\":{\"@id\":\"https:\/\/www.oknobuild.com\/index.php\/produkt\/primo-od-vyrobce-atrea-tkr-slim-t-tvarovka-pro-realizaci-zonovani-ve-vzduchotechnickych-rozvodech-13371\/#breadcrumb\"},\"inLanguage\":\"cs\",\"potentialAction\":[{\"@type\":\"ReadAction\",\"target\":[\"https:\/\/www.oknobuild.com\/index.php\/produkt\/primo-od-vyrobce-atrea-tkr-slim-t-tvarovka-pro-realizaci-zonovani-ve-vzduchotechnickych-rozvodech-13371\/\"]}]},{\"@type\":\"ImageObject\",\"inLanguage\":\"cs\",\"@id\":\"https:\/\/www.oknobuild.com\/index.php\/produkt\/primo-od-vyrobce-atrea-tkr-slim-t-tvarovka-pro-realizaci-zonovani-ve-vzduchotechnickych-rozvodech-13371\/#primaryimage\",\"url\":\"https:\/\/www.oknobuild.com\/wp-content\/uploads\/2026\/SK0019525-CZ20260425-092632-0-1777080397-atrea-tkr-slim-t-tvarovka-pro-realizaci-zonovani-ve-vzducho.webp\",\"contentUrl\":\"https:\/\/www.oknobuild.com\/wp-content\/uploads\/2026\/SK0019525-CZ20260425-092632-0-1777080397-atrea-tkr-slim-t-tvarovka-pro-realizaci-zonovani-ve-vzducho.webp\",\"width\":600,\"height\":600},{\"@type\":\"BreadcrumbList\",\"@id\":\"https:\/\/www.oknobuild.com\/index.php\/produkt\/primo-od-vyrobce-atrea-tkr-slim-t-tvarovka-pro-realizaci-zonovani-ve-vzduchotechnickych-rozvodech-13371\/#breadcrumb\",\"itemListElement\":[{\"@type\":\"ListItem\",\"position\":1,\"name\":\"Home\",\"item\":\"https:\/\/www.oknobuild.com\/\"},{\"@type\":\"ListItem\",\"position\":2,\"name\":\"Products\",\"item\":\"https:\/\/www.oknobuild.com\/index.php\/products\/\"},{\"@type\":\"ListItem\",\"position\":3,\"name\":\"P\u0159\u00edmo Od V\u00fdrobce Atrea TKR Slim T Tvarovka pro realizaci z\u00f3nov\u00e1n\u00ed ve vzduchotechnick\u00fdch rozvodech\"}]},{\"@type\":\"WebSite\",\"@id\":\"https:\/\/www.oknobuild.com\/#website\",\"url\":\"https:\/\/www.oknobuild.com\/\",\"name\":\"\",\"description\":\"\",\"potentialAction\":[{\"@type\":\"SearchAction\",\"target\":{\"@type\":\"EntryPoint\",\"urlTemplate\":\"https:\/\/www.oknobuild.com\/?s={search_term_string}\"},\"query-input\":{\"@type\":\"PropertyValueSpecification\",\"valueRequired\":true,\"valueName\":\"search_term_string\"}}],\"inLanguage\":\"cs\"}]}<\/script>\n<!-- \/ Yoast SEO plugin. -->","yoast_head_json":{"title":"P\u0159\u00edmo Od V\u00fdrobce Atrea TKR Slim T Tvarovka pro realizaci z\u00f3nov\u00e1n\u00ed ve vzduchotechnick\u00fdch rozvodech -","robots":{"index":"index","follow":"follow","max-snippet":"max-snippet:-1","max-image-preview":"max-image-preview:large","max-video-preview":"max-video-preview:-1"},"canonical":"https:\/\/www.oknobuild.com\/index.php\/produkt\/primo-od-vyrobce-atrea-tkr-slim-t-tvarovka-pro-realizaci-zonovani-ve-vzduchotechnickych-rozvodech-13371\/","og_locale":"cs_CZ","og_type":"article","og_title":"P\u0159\u00edmo Od V\u00fdrobce Atrea TKR Slim T Tvarovka pro realizaci z\u00f3nov\u00e1n\u00ed ve vzduchotechnick\u00fdch rozvodech -","og_description":"Popis produktu Atrea TKR Slim T Tvarovka pro realizaci z\u00f3nov\u00e1n\u00ed ve vzduchotechnick\u00fdch rozvodech Voliteln\u00e9 p\u0159\u00edslu\u0161enstv\u00ed pro DUPLEX Pro \/ Pro-V \/ Easy2 \/ Slim \/ EC5-E \/ ECV5-E s regulac\u00ed aM \/ aM.CF Tvarovka TKR SLIM je ur\u010dena pro c\u00edlen\u00fd odvod vzduchu podle aktu\u00e1ln\u00ed pot\u0159eby. Skl\u00e1d\u00e1 se ze dvou uzav\u00edrac\u00edch klapek ovl\u00e1dan\u00fdch jedn\u00edm servopohonem. Klapky [&hellip;]","og_url":"https:\/\/www.oknobuild.com\/index.php\/produkt\/primo-od-vyrobce-atrea-tkr-slim-t-tvarovka-pro-realizaci-zonovani-ve-vzduchotechnickych-rozvodech-13371\/","og_image":[{"width":600,"height":600,"url":"https:\/\/www.oknobuild.com\/wp-content\/uploads\/2026\/SK0019525-CZ20260425-092632-0-1777080397-atrea-tkr-slim-t-tvarovka-pro-realizaci-zonovani-ve-vzducho.webp","type":"image\/webp"}],"twitter_card":"summary_large_image","twitter_misc":{"Odhadovan\u00e1 doba \u010dten\u00ed":"1 minuta"},"schema":{"@context":"https:\/\/schema.org","@graph":[{"@type":"WebPage","@id":"https:\/\/www.oknobuild.com\/index.php\/produkt\/primo-od-vyrobce-atrea-tkr-slim-t-tvarovka-pro-realizaci-zonovani-ve-vzduchotechnickych-rozvodech-13371\/","url":"https:\/\/www.oknobuild.com\/index.php\/produkt\/primo-od-vyrobce-atrea-tkr-slim-t-tvarovka-pro-realizaci-zonovani-ve-vzduchotechnickych-rozvodech-13371\/","name":"P\u0159\u00edmo Od V\u00fdrobce Atrea TKR Slim T Tvarovka pro realizaci z\u00f3nov\u00e1n\u00ed ve vzduchotechnick\u00fdch rozvodech -","isPartOf":{"@id":"https:\/\/www.oknobuild.com\/#website"},"primaryImageOfPage":{"@id":"https:\/\/www.oknobuild.com\/index.php\/produkt\/primo-od-vyrobce-atrea-tkr-slim-t-tvarovka-pro-realizaci-zonovani-ve-vzduchotechnickych-rozvodech-13371\/#primaryimage"},"image":{"@id":"https:\/\/www.oknobuild.com\/index.php\/produkt\/primo-od-vyrobce-atrea-tkr-slim-t-tvarovka-pro-realizaci-zonovani-ve-vzduchotechnickych-rozvodech-13371\/#primaryimage"},"thumbnailUrl":"https:\/\/www.oknobuild.com\/wp-content\/uploads\/2026\/SK0019525-CZ20260425-092632-0-1777080397-atrea-tkr-slim-t-tvarovka-pro-realizaci-zonovani-ve-vzducho.webp","datePublished":"2026-04-27T04:41:06+00:00","breadcrumb":{"@id":"https:\/\/www.oknobuild.com\/index.php\/produkt\/primo-od-vyrobce-atrea-tkr-slim-t-tvarovka-pro-realizaci-zonovani-ve-vzduchotechnickych-rozvodech-13371\/#breadcrumb"},"inLanguage":"cs","potentialAction":[{"@type":"ReadAction","target":["https:\/\/www.oknobuild.com\/index.php\/produkt\/primo-od-vyrobce-atrea-tkr-slim-t-tvarovka-pro-realizaci-zonovani-ve-vzduchotechnickych-rozvodech-13371\/"]}]},{"@type":"ImageObject","inLanguage":"cs","@id":"https:\/\/www.oknobuild.com\/index.php\/produkt\/primo-od-vyrobce-atrea-tkr-slim-t-tvarovka-pro-realizaci-zonovani-ve-vzduchotechnickych-rozvodech-13371\/#primaryimage","url":"https:\/\/www.oknobuild.com\/wp-content\/uploads\/2026\/SK0019525-CZ20260425-092632-0-1777080397-atrea-tkr-slim-t-tvarovka-pro-realizaci-zonovani-ve-vzducho.webp","contentUrl":"https:\/\/www.oknobuild.com\/wp-content\/uploads\/2026\/SK0019525-CZ20260425-092632-0-1777080397-atrea-tkr-slim-t-tvarovka-pro-realizaci-zonovani-ve-vzducho.webp","width":600,"height":600},{"@type":"BreadcrumbList","@id":"https:\/\/www.oknobuild.com\/index.php\/produkt\/primo-od-vyrobce-atrea-tkr-slim-t-tvarovka-pro-realizaci-zonovani-ve-vzduchotechnickych-rozvodech-13371\/#breadcrumb","itemListElement":[{"@type":"ListItem","position":1,"name":"Home","item":"https:\/\/www.oknobuild.com\/"},{"@type":"ListItem","position":2,"name":"Products","item":"https:\/\/www.oknobuild.com\/index.php\/products\/"},{"@type":"ListItem","position":3,"name":"P\u0159\u00edmo Od V\u00fdrobce Atrea TKR Slim T Tvarovka pro realizaci z\u00f3nov\u00e1n\u00ed ve vzduchotechnick\u00fdch rozvodech"}]},{"@type":"WebSite","@id":"https:\/\/www.oknobuild.com\/#website","url":"https:\/\/www.oknobuild.com\/","name":"","description":"","potentialAction":[{"@type":"SearchAction","target":{"@type":"EntryPoint","urlTemplate":"https:\/\/www.oknobuild.com\/?s={search_term_string}"},"query-input":{"@type":"PropertyValueSpecification","valueRequired":true,"valueName":"search_term_string"}}],"inLanguage":"cs"}]}},"_links":{"self":[{"href":"https:\/\/www.oknobuild.com\/index.php\/wp-json\/wp\/v2\/product\/13371","targetHints":{"allow":["GET"]}}],"collection":[{"href":"https:\/\/www.oknobuild.com\/index.php\/wp-json\/wp\/v2\/product"}],"about":[{"href":"https:\/\/www.oknobuild.com\/index.php\/wp-json\/wp\/v2\/types\/product"}],"replies":[{"embeddable":true,"href":"https:\/\/www.oknobuild.com\/index.php\/wp-json\/wp\/v2\/comments?post=13371"}],"wp:featuredmedia":[{"embeddable":true,"href":"https:\/\/www.oknobuild.com\/index.php\/wp-json\/wp\/v2\/media\/13471"}],"wp:attachment":[{"href":"https:\/\/www.oknobuild.com\/index.php\/wp-json\/wp\/v2\/media?parent=13371"}],"wp:term":[{"taxonomy":"product_brand","embeddable":true,"href":"https:\/\/www.oknobuild.com\/index.php\/wp-json\/wp\/v2\/product_brand?post=13371"},{"taxonomy":"product_cat","embeddable":true,"href":"https:\/\/www.oknobuild.com\/index.php\/wp-json\/wp\/v2\/product_cat?post=13371"},{"taxonomy":"product_tag","embeddable":true,"href":"https:\/\/www.oknobuild.com\/index.php\/wp-json\/wp\/v2\/product_tag?post=13371"}],"curies":[{"name":"wp","href":"https:\/\/api.w.org\/{rel}","templated":true}]}}