{"id":13546,"date":"2026-04-27T04:41:06","date_gmt":"2026-04-27T04:41:06","guid":{"rendered":""},"modified":"2026-04-27T04:41:06","modified_gmt":"2026-04-27T04:41:06","slug":"ivar-cs-tydenni-prostorovy-termostat-s-wifi-ivar-witime-wall-posledni-sance-13546","status":"publish","type":"product","link":"https:\/\/www.oknobuild.com\/index.php\/produkt\/ivar-cs-tydenni-prostorovy-termostat-s-wifi-ivar-witime-wall-posledni-sance-13546\/","title":{"rendered":"Ivar CS T\u00fddenn\u00ed prostorov\u00fd termostat  s WiFi IVAR.WITIME WALL Posledn\u00ed \u0160ance"},"content":{"rendered":"<div class=\"ProductDetail-content NoFixImageContainer\" id=\"productDescription\">\n<div class=\"Heading\">\n<h2 class=\"Heading-title\">Popis produktu <span class=''>Ivar CS T\u00fddenn\u00ed prostorov\u00fd termostat  s WiFi IVAR.WITIME WALL<\/span><\/h2>\n<\/p><\/div>\n<div class=\"ProductDetailContent\">\n<ul>\n<li><span style=\"font-size:16px\">t\u00fddenn\u00ed digit\u00e1ln\u00ed termostat programovateln\u00fd z&nbsp;chytr\u00e9ho telefonu pomoc\u00ed aplikace Seitron Smart<\/span><\/li>\n<li><span style=\"font-size:16px\">komunikace mezi termostatem a&nbsp;rozvodnic\u00ed kabelem<\/span><\/li>\n<li><span style=\"font-size:16px\">rozsah nastaven\u00ed +5 \u00b0C a\u017e +40 \u00b0C<\/span><\/li>\n<li><span style=\"font-size:16px\">n\u00e1st\u011bnn\u00e9 proveden\u00ed; barva b\u00edl\u00e1 s&nbsp;e-ink displejem<\/span><\/li>\n<li><span style=\"font-size:16px\">mo\u017enost napojen\u00ed na&nbsp;ALEXA nebo GOOGLE HOME<\/span><\/li>\n<li><span style=\"font-size:16px\">umo\u017e\u0148uje p\u0159ipojen\u00ed extern\u00edho sn\u00edma\u010de STAD01 nebo STLD01 (NTC 10 kOhm)<\/span><\/li>\n<li><span style=\"font-size:16px\">nap\u00e1jec\u00ed nap\u011bt\u00ed&nbsp;230 V&nbsp;AC<\/span><\/li>\n<\/ul>\n<h3>Technick\u00e9 parametry<\/h3>\n<ul>\n<li><span style=\"font-size:16px\">Typ: N\u00e1st\u011bnn\u00fd programovateln\u00fd termostat<\/span><\/li>\n<li><span style=\"font-size:16px\">Displej: ePaper 2,13\u201d<\/span><\/li>\n<li><span style=\"font-size:16px\">Nap\u00e1jec\u00ed nap\u011bt\u00ed: 85..264 Vac 50..60 Hz<\/span><\/li>\n<li><span style=\"font-size:16px\">P\u0159\u00edkon: pod 2 W<\/span><\/li>\n<li><span style=\"font-size:16px\">Zat\u00ed\u017een\u00ed rel\u00e9ov\u00fdch kontakt\u016f: max 3 A 250 Vac SPDT<\/span><\/li>\n<li><span style=\"font-size:16px\">Wi-Fi: 802.11 b\/g\/n<\/span><\/li>\n<li><span style=\"font-size:16px\">Modbus\u00ae RTU<\/span><\/li>\n<li><span style=\"font-size:16px\">Rozsah nastaven\u00ed teploty: +5.0..+40.0 \u00b0C<\/span><\/li>\n<li><span style=\"font-size:16px\">Re\u017eim vyt\u00e1p\u011bn\u00ed \/ chlazen\u00ed<\/span><\/li>\n<li><span style=\"font-size:16px\">T\u00fddenn\u00ed nebo manu\u00e1ln\u00ed programov\u00e1n\u00ed<\/span><\/li>\n<li><span style=\"font-size:16px\">Funkce ochrany proti zamrznut\u00ed<\/span><\/li>\n<li><span style=\"font-size:16px\">Re\u017eim Boost pouze p\u0159es aplikaci (nastaviteln\u00fd na<\/span>&nbsp;<span style=\"font-size:16px\">30-60-90 minut)<\/span><\/li>\n<li><span style=\"font-size:16px\">Mo\u017enost p\u0159ipojen\u00ed d\u00e1lkov\u00e9ho sn\u00edma\u010de teploty<\/span><\/li>\n<li><span style=\"font-size:16px\">Hodiny nap\u00e1jen\u00e9 bateri\u00ed s mo\u017enost\u00ed nastaven\u00ed p\u0159es<\/span>&nbsp;<span style=\"font-size:16px\">web<\/span><\/li>\n<li><span style=\"font-size:16px\">Stupe\u0148 kryt\u00ed: IP 30<\/span><\/li>\n<li><span style=\"font-size:16px\">T\u0159\u00edda softwaru: A<\/span><\/li>\n<li><span style=\"font-size:16px\">Rozm\u011bry: 120x80x24 mm<\/span><\/li>\n<li><span style=\"font-size:16px\">T\u0159\u00edda regulace teploty: V<\/span><\/li>\n<\/ul><\/div>\n<div class=\"ProductDetailContent\">                                                                    <\/div>\n<\/p><\/div>\n<\/p><\/div>\n<\/p><\/div>\n","protected":false},"excerpt":{"rendered":"<p>Popis produktu Ivar CS T\u00fddenn\u00ed prostorov\u00fd termostat s WiFi IVAR.WITIME WALL t\u00fddenn\u00ed digit\u00e1ln\u00ed termostat programovateln\u00fd z&nbsp;chytr\u00e9ho telefonu pomoc\u00ed aplikace Seitron Smart komunikace mezi termostatem a&nbsp;rozvodnic\u00ed kabelem rozsah nastaven\u00ed +5 \u00b0C a\u017e +40 \u00b0C n\u00e1st\u011bnn\u00e9 proveden\u00ed; barva b\u00edl\u00e1 s&nbsp;e-ink displejem mo\u017enost napojen\u00ed na&nbsp;ALEXA nebo GOOGLE HOME umo\u017e\u0148uje p\u0159ipojen\u00ed extern\u00edho sn\u00edma\u010de STAD01 nebo STLD01 (NTC 10 kOhm) [&hellip;]<\/p>\n","protected":false},"featured_media":13646,"comment_status":"open","ping_status":"open","template":"","meta":[],"product_brand":[],"product_cat":[67],"product_tag":[],"class_list":{"0":"post-13546","1":"product","2":"type-product","3":"status-publish","4":"has-post-thumbnail","6":"product_cat-topeni","8":"first","9":"instock","10":"sale","11":"shipping-taxable","12":"purchasable","13":"product-type-simple"},"yoast_head":"<!-- This site is optimized with the Yoast SEO plugin v26.8 - https:\/\/yoast.com\/product\/yoast-seo-wordpress\/ -->\n<title>Ivar CS T\u00fddenn\u00ed prostorov\u00fd termostat s WiFi IVAR.WITIME WALL Posledn\u00ed \u0160ance -<\/title>\n<meta name=\"robots\" content=\"index, follow, max-snippet:-1, max-image-preview:large, max-video-preview:-1\" \/>\n<link rel=\"canonical\" href=\"https:\/\/www.oknobuild.com\/index.php\/produkt\/ivar-cs-tydenni-prostorovy-termostat-s-wifi-ivar-witime-wall-posledni-sance-13546\/\" \/>\n<meta property=\"og:locale\" content=\"cs_CZ\" \/>\n<meta property=\"og:type\" content=\"article\" \/>\n<meta property=\"og:title\" content=\"Ivar CS T\u00fddenn\u00ed prostorov\u00fd termostat s WiFi IVAR.WITIME WALL Posledn\u00ed \u0160ance -\" \/>\n<meta property=\"og:description\" content=\"Popis produktu Ivar CS T\u00fddenn\u00ed prostorov\u00fd termostat s WiFi IVAR.WITIME WALL t\u00fddenn\u00ed digit\u00e1ln\u00ed termostat programovateln\u00fd z&nbsp;chytr\u00e9ho telefonu pomoc\u00ed aplikace Seitron Smart komunikace mezi termostatem a&nbsp;rozvodnic\u00ed kabelem rozsah nastaven\u00ed +5 \u00b0C a\u017e +40 \u00b0C n\u00e1st\u011bnn\u00e9 proveden\u00ed; barva b\u00edl\u00e1 s&nbsp;e-ink displejem mo\u017enost napojen\u00ed na&nbsp;ALEXA nebo GOOGLE HOME umo\u017e\u0148uje p\u0159ipojen\u00ed extern\u00edho sn\u00edma\u010de STAD01 nebo STLD01 (NTC 10 kOhm) [&hellip;]\" \/>\n<meta property=\"og:url\" content=\"https:\/\/www.oknobuild.com\/index.php\/produkt\/ivar-cs-tydenni-prostorovy-termostat-s-wifi-ivar-witime-wall-posledni-sance-13546\/\" \/>\n<meta property=\"og:image\" content=\"https:\/\/www.oknobuild.com\/wp-content\/uploads\/2026\/SK0019609-CZ20260425-092632-0-1777080397-ivar-cs-tydenni-prostorovy-termostat-s-wifi-ivar-witime-wal.webp\" \/>\n\t<meta property=\"og:image:width\" content=\"600\" \/>\n\t<meta property=\"og:image:height\" content=\"477\" \/>\n\t<meta property=\"og:image:type\" content=\"image\/webp\" \/>\n<meta name=\"twitter:card\" content=\"summary_large_image\" \/>\n<meta name=\"twitter:label1\" content=\"Odhadovan\u00e1 doba \u010dten\u00ed\" \/>\n\t<meta name=\"twitter:data1\" content=\"1 minuta\" \/>\n<script type=\"application\/ld+json\" class=\"yoast-schema-graph\">{\"@context\":\"https:\/\/schema.org\",\"@graph\":[{\"@type\":\"WebPage\",\"@id\":\"https:\/\/www.oknobuild.com\/index.php\/produkt\/ivar-cs-tydenni-prostorovy-termostat-s-wifi-ivar-witime-wall-posledni-sance-13546\/\",\"url\":\"https:\/\/www.oknobuild.com\/index.php\/produkt\/ivar-cs-tydenni-prostorovy-termostat-s-wifi-ivar-witime-wall-posledni-sance-13546\/\",\"name\":\"Ivar CS T\u00fddenn\u00ed prostorov\u00fd termostat s WiFi IVAR.WITIME WALL Posledn\u00ed \u0160ance -\",\"isPartOf\":{\"@id\":\"https:\/\/www.oknobuild.com\/#website\"},\"primaryImageOfPage\":{\"@id\":\"https:\/\/www.oknobuild.com\/index.php\/produkt\/ivar-cs-tydenni-prostorovy-termostat-s-wifi-ivar-witime-wall-posledni-sance-13546\/#primaryimage\"},\"image\":{\"@id\":\"https:\/\/www.oknobuild.com\/index.php\/produkt\/ivar-cs-tydenni-prostorovy-termostat-s-wifi-ivar-witime-wall-posledni-sance-13546\/#primaryimage\"},\"thumbnailUrl\":\"https:\/\/www.oknobuild.com\/wp-content\/uploads\/2026\/SK0019609-CZ20260425-092632-0-1777080397-ivar-cs-tydenni-prostorovy-termostat-s-wifi-ivar-witime-wal.webp\",\"datePublished\":\"2026-04-27T04:41:06+00:00\",\"breadcrumb\":{\"@id\":\"https:\/\/www.oknobuild.com\/index.php\/produkt\/ivar-cs-tydenni-prostorovy-termostat-s-wifi-ivar-witime-wall-posledni-sance-13546\/#breadcrumb\"},\"inLanguage\":\"cs\",\"potentialAction\":[{\"@type\":\"ReadAction\",\"target\":[\"https:\/\/www.oknobuild.com\/index.php\/produkt\/ivar-cs-tydenni-prostorovy-termostat-s-wifi-ivar-witime-wall-posledni-sance-13546\/\"]}]},{\"@type\":\"ImageObject\",\"inLanguage\":\"cs\",\"@id\":\"https:\/\/www.oknobuild.com\/index.php\/produkt\/ivar-cs-tydenni-prostorovy-termostat-s-wifi-ivar-witime-wall-posledni-sance-13546\/#primaryimage\",\"url\":\"https:\/\/www.oknobuild.com\/wp-content\/uploads\/2026\/SK0019609-CZ20260425-092632-0-1777080397-ivar-cs-tydenni-prostorovy-termostat-s-wifi-ivar-witime-wal.webp\",\"contentUrl\":\"https:\/\/www.oknobuild.com\/wp-content\/uploads\/2026\/SK0019609-CZ20260425-092632-0-1777080397-ivar-cs-tydenni-prostorovy-termostat-s-wifi-ivar-witime-wal.webp\",\"width\":600,\"height\":477},{\"@type\":\"BreadcrumbList\",\"@id\":\"https:\/\/www.oknobuild.com\/index.php\/produkt\/ivar-cs-tydenni-prostorovy-termostat-s-wifi-ivar-witime-wall-posledni-sance-13546\/#breadcrumb\",\"itemListElement\":[{\"@type\":\"ListItem\",\"position\":1,\"name\":\"Home\",\"item\":\"https:\/\/www.oknobuild.com\/\"},{\"@type\":\"ListItem\",\"position\":2,\"name\":\"Products\",\"item\":\"https:\/\/www.oknobuild.com\/index.php\/products\/\"},{\"@type\":\"ListItem\",\"position\":3,\"name\":\"Ivar CS T\u00fddenn\u00ed prostorov\u00fd termostat s WiFi IVAR.WITIME WALL Posledn\u00ed \u0160ance\"}]},{\"@type\":\"WebSite\",\"@id\":\"https:\/\/www.oknobuild.com\/#website\",\"url\":\"https:\/\/www.oknobuild.com\/\",\"name\":\"\",\"description\":\"\",\"potentialAction\":[{\"@type\":\"SearchAction\",\"target\":{\"@type\":\"EntryPoint\",\"urlTemplate\":\"https:\/\/www.oknobuild.com\/?s={search_term_string}\"},\"query-input\":{\"@type\":\"PropertyValueSpecification\",\"valueRequired\":true,\"valueName\":\"search_term_string\"}}],\"inLanguage\":\"cs\"}]}<\/script>\n<!-- \/ Yoast SEO plugin. -->","yoast_head_json":{"title":"Ivar CS T\u00fddenn\u00ed prostorov\u00fd termostat s WiFi IVAR.WITIME WALL Posledn\u00ed \u0160ance -","robots":{"index":"index","follow":"follow","max-snippet":"max-snippet:-1","max-image-preview":"max-image-preview:large","max-video-preview":"max-video-preview:-1"},"canonical":"https:\/\/www.oknobuild.com\/index.php\/produkt\/ivar-cs-tydenni-prostorovy-termostat-s-wifi-ivar-witime-wall-posledni-sance-13546\/","og_locale":"cs_CZ","og_type":"article","og_title":"Ivar CS T\u00fddenn\u00ed prostorov\u00fd termostat s WiFi IVAR.WITIME WALL Posledn\u00ed \u0160ance -","og_description":"Popis produktu Ivar CS T\u00fddenn\u00ed prostorov\u00fd termostat s WiFi IVAR.WITIME WALL t\u00fddenn\u00ed digit\u00e1ln\u00ed termostat programovateln\u00fd z&nbsp;chytr\u00e9ho telefonu pomoc\u00ed aplikace Seitron Smart komunikace mezi termostatem a&nbsp;rozvodnic\u00ed kabelem rozsah nastaven\u00ed +5 \u00b0C a\u017e +40 \u00b0C n\u00e1st\u011bnn\u00e9 proveden\u00ed; barva b\u00edl\u00e1 s&nbsp;e-ink displejem mo\u017enost napojen\u00ed na&nbsp;ALEXA nebo GOOGLE HOME umo\u017e\u0148uje p\u0159ipojen\u00ed extern\u00edho sn\u00edma\u010de STAD01 nebo STLD01 (NTC 10 kOhm) [&hellip;]","og_url":"https:\/\/www.oknobuild.com\/index.php\/produkt\/ivar-cs-tydenni-prostorovy-termostat-s-wifi-ivar-witime-wall-posledni-sance-13546\/","og_image":[{"width":600,"height":477,"url":"https:\/\/www.oknobuild.com\/wp-content\/uploads\/2026\/SK0019609-CZ20260425-092632-0-1777080397-ivar-cs-tydenni-prostorovy-termostat-s-wifi-ivar-witime-wal.webp","type":"image\/webp"}],"twitter_card":"summary_large_image","twitter_misc":{"Odhadovan\u00e1 doba \u010dten\u00ed":"1 minuta"},"schema":{"@context":"https:\/\/schema.org","@graph":[{"@type":"WebPage","@id":"https:\/\/www.oknobuild.com\/index.php\/produkt\/ivar-cs-tydenni-prostorovy-termostat-s-wifi-ivar-witime-wall-posledni-sance-13546\/","url":"https:\/\/www.oknobuild.com\/index.php\/produkt\/ivar-cs-tydenni-prostorovy-termostat-s-wifi-ivar-witime-wall-posledni-sance-13546\/","name":"Ivar CS T\u00fddenn\u00ed prostorov\u00fd termostat s WiFi IVAR.WITIME WALL Posledn\u00ed \u0160ance -","isPartOf":{"@id":"https:\/\/www.oknobuild.com\/#website"},"primaryImageOfPage":{"@id":"https:\/\/www.oknobuild.com\/index.php\/produkt\/ivar-cs-tydenni-prostorovy-termostat-s-wifi-ivar-witime-wall-posledni-sance-13546\/#primaryimage"},"image":{"@id":"https:\/\/www.oknobuild.com\/index.php\/produkt\/ivar-cs-tydenni-prostorovy-termostat-s-wifi-ivar-witime-wall-posledni-sance-13546\/#primaryimage"},"thumbnailUrl":"https:\/\/www.oknobuild.com\/wp-content\/uploads\/2026\/SK0019609-CZ20260425-092632-0-1777080397-ivar-cs-tydenni-prostorovy-termostat-s-wifi-ivar-witime-wal.webp","datePublished":"2026-04-27T04:41:06+00:00","breadcrumb":{"@id":"https:\/\/www.oknobuild.com\/index.php\/produkt\/ivar-cs-tydenni-prostorovy-termostat-s-wifi-ivar-witime-wall-posledni-sance-13546\/#breadcrumb"},"inLanguage":"cs","potentialAction":[{"@type":"ReadAction","target":["https:\/\/www.oknobuild.com\/index.php\/produkt\/ivar-cs-tydenni-prostorovy-termostat-s-wifi-ivar-witime-wall-posledni-sance-13546\/"]}]},{"@type":"ImageObject","inLanguage":"cs","@id":"https:\/\/www.oknobuild.com\/index.php\/produkt\/ivar-cs-tydenni-prostorovy-termostat-s-wifi-ivar-witime-wall-posledni-sance-13546\/#primaryimage","url":"https:\/\/www.oknobuild.com\/wp-content\/uploads\/2026\/SK0019609-CZ20260425-092632-0-1777080397-ivar-cs-tydenni-prostorovy-termostat-s-wifi-ivar-witime-wal.webp","contentUrl":"https:\/\/www.oknobuild.com\/wp-content\/uploads\/2026\/SK0019609-CZ20260425-092632-0-1777080397-ivar-cs-tydenni-prostorovy-termostat-s-wifi-ivar-witime-wal.webp","width":600,"height":477},{"@type":"BreadcrumbList","@id":"https:\/\/www.oknobuild.com\/index.php\/produkt\/ivar-cs-tydenni-prostorovy-termostat-s-wifi-ivar-witime-wall-posledni-sance-13546\/#breadcrumb","itemListElement":[{"@type":"ListItem","position":1,"name":"Home","item":"https:\/\/www.oknobuild.com\/"},{"@type":"ListItem","position":2,"name":"Products","item":"https:\/\/www.oknobuild.com\/index.php\/products\/"},{"@type":"ListItem","position":3,"name":"Ivar CS T\u00fddenn\u00ed prostorov\u00fd termostat s WiFi IVAR.WITIME WALL Posledn\u00ed \u0160ance"}]},{"@type":"WebSite","@id":"https:\/\/www.oknobuild.com\/#website","url":"https:\/\/www.oknobuild.com\/","name":"","description":"","potentialAction":[{"@type":"SearchAction","target":{"@type":"EntryPoint","urlTemplate":"https:\/\/www.oknobuild.com\/?s={search_term_string}"},"query-input":{"@type":"PropertyValueSpecification","valueRequired":true,"valueName":"search_term_string"}}],"inLanguage":"cs"}]}},"_links":{"self":[{"href":"https:\/\/www.oknobuild.com\/index.php\/wp-json\/wp\/v2\/product\/13546","targetHints":{"allow":["GET"]}}],"collection":[{"href":"https:\/\/www.oknobuild.com\/index.php\/wp-json\/wp\/v2\/product"}],"about":[{"href":"https:\/\/www.oknobuild.com\/index.php\/wp-json\/wp\/v2\/types\/product"}],"replies":[{"embeddable":true,"href":"https:\/\/www.oknobuild.com\/index.php\/wp-json\/wp\/v2\/comments?post=13546"}],"wp:featuredmedia":[{"embeddable":true,"href":"https:\/\/www.oknobuild.com\/index.php\/wp-json\/wp\/v2\/media\/13646"}],"wp:attachment":[{"href":"https:\/\/www.oknobuild.com\/index.php\/wp-json\/wp\/v2\/media?parent=13546"}],"wp:term":[{"taxonomy":"product_brand","embeddable":true,"href":"https:\/\/www.oknobuild.com\/index.php\/wp-json\/wp\/v2\/product_brand?post=13546"},{"taxonomy":"product_cat","embeddable":true,"href":"https:\/\/www.oknobuild.com\/index.php\/wp-json\/wp\/v2\/product_cat?post=13546"},{"taxonomy":"product_tag","embeddable":true,"href":"https:\/\/www.oknobuild.com\/index.php\/wp-json\/wp\/v2\/product_tag?post=13546"}],"curies":[{"name":"wp","href":"https:\/\/api.w.org\/{rel}","templated":true}]}}