{"id":13547,"date":"2026-04-27T04:41:06","date_gmt":"2026-04-27T04:41:06","guid":{"rendered":""},"modified":"2026-04-27T04:41:06","modified_gmt":"2026-04-27T04:41:06","slug":"vyhodna-nabidka-ivar-cs-denni-prostorovy-termostat-ivar-tad-b-13547","status":"publish","type":"product","link":"https:\/\/www.oknobuild.com\/index.php\/produkt\/vyhodna-nabidka-ivar-cs-denni-prostorovy-termostat-ivar-tad-b-13547\/","title":{"rendered":"V\u00fdhodn\u00e1 Nab\u00eddka Ivar CS Denn\u00ed prostorov\u00fd termostat IVAR.TAD B"},"content":{"rendered":"<div class=\"ProductDetail-content NoFixImageContainer\" id=\"productDescription\">\n<div class=\"Heading\">\n<h2 class=\"Heading-title\">Popis produktu <span class=''>Ivar CS Denn\u00ed prostorov\u00fd termostat IVAR.TAD B<\/span><\/h2>\n<\/p><\/div>\n<div class=\"ProductDetailContent\">\n<p><span style=\"font-size:16px\">Digit\u00e1ln\u00ed termostat s displejem pro regulaci pokojov\u00e9 teploty s mo\u017enost\u00ed volby mezi r\u016fzn\u00fdmi regula\u010dn\u00edmi re\u017eimy a p\u0159\u00edslu\u0161n\u00fdmi teplotn\u00edmi nastaven\u00edmi: KOMFORTN\u00cd, \u00daSPORN\u00dd, OFF\/OCHRANA PROTI ZAMRZNUT\u00cd. Termostat m\u016f\u017ee b\u00fdt pou\u017eit jak v chladic\u00edch, tak v topn\u00fdch syst\u00e9mech. Je vybaven \u0161irok\u00fdm mod\u0159e podsv\u00edcen\u00fdm displejem pro zobrazen\u00ed v\u0161ech funk\u010dn\u00edch prvk\u016f a nam\u011b\u0159en\u00e9 pokojov\u00e9 teploty. Sn\u00edm\u00e1n\u00ed pokojov\u00e9 teploty m\u016f\u017ee b\u00fdt prov\u00e1d\u011bno vnit\u0159n\u00edm sn\u00edma\u010dem \u010di extern\u011b p\u0159ipojen\u00fdm d\u00e1lkov\u00fdm sn\u00edma\u010dem (voliteln\u00fd). Nav\u00edc za\u0159\u00edzen\u00ed nab\u00edz\u00ed mo\u017enost nastaven\u00ed teploty ochrany proti zamrznut\u00ed a teploty kompenzace regulace na vnit\u0159n\u00edm i d\u00e1lkov\u00e9m sn\u00edma\u010di.<\/span><\/p>\n<ul>\n<li><span style=\"font-size:16px\">denn\u00ed digit\u00e1ln\u00ed prostorov\u00fd termostat<\/span><\/li>\n<li><span style=\"font-size:16px\">rozsah nastaven\u00ed +5 \u00b0C a\u017e +40 \u00b0C<\/span><\/li>\n<li><span style=\"font-size:16px\">nap\u00e1jec\u00ed nap\u011bt\u00ed 3 V&nbsp;(bateriemi 2x 1,5&nbsp;V&nbsp;&nbsp;AAA)<\/span><\/li>\n<li><span style=\"font-size:16px\">pro p\u0159ipojen\u00ed extern\u00edho sn\u00edma\u010de teploty STAD01 nebo STLD01 (NTC 10 kOhm) nutno objednat konektor&nbsp;<strong>JST&nbsp;<\/strong> &#8211; na&nbsp;vy\u017e\u00e1d\u00e1n\u00ed<\/span><\/li>\n<\/ul><\/div>\n<div class=\"ProductDetailContent\">                                                                    <\/div>\n<\/p><\/div>\n<\/p><\/div>\n<\/p><\/div>\n","protected":false},"excerpt":{"rendered":"<p>Popis produktu Ivar CS Denn\u00ed prostorov\u00fd termostat IVAR.TAD B Digit\u00e1ln\u00ed termostat s displejem pro regulaci pokojov\u00e9 teploty s mo\u017enost\u00ed volby mezi r\u016fzn\u00fdmi regula\u010dn\u00edmi re\u017eimy a p\u0159\u00edslu\u0161n\u00fdmi teplotn\u00edmi nastaven\u00edmi: KOMFORTN\u00cd, \u00daSPORN\u00dd, OFF\/OCHRANA PROTI ZAMRZNUT\u00cd. Termostat m\u016f\u017ee b\u00fdt pou\u017eit jak v chladic\u00edch, tak v topn\u00fdch syst\u00e9mech. Je vybaven \u0161irok\u00fdm mod\u0159e podsv\u00edcen\u00fdm displejem pro zobrazen\u00ed v\u0161ech funk\u010dn\u00edch prvk\u016f [&hellip;]<\/p>\n","protected":false},"featured_media":13647,"comment_status":"open","ping_status":"open","template":"","meta":[],"product_brand":[],"product_cat":[67],"product_tag":[],"class_list":{"0":"post-13547","1":"product","2":"type-product","3":"status-publish","4":"has-post-thumbnail","6":"product_cat-topeni","8":"first","9":"instock","10":"sale","11":"shipping-taxable","12":"purchasable","13":"product-type-simple"},"yoast_head":"<!-- This site is optimized with the Yoast SEO plugin v26.8 - https:\/\/yoast.com\/product\/yoast-seo-wordpress\/ -->\n<title>V\u00fdhodn\u00e1 Nab\u00eddka Ivar CS Denn\u00ed prostorov\u00fd termostat IVAR.TAD B -<\/title>\n<meta name=\"robots\" content=\"index, follow, max-snippet:-1, max-image-preview:large, max-video-preview:-1\" \/>\n<link rel=\"canonical\" href=\"https:\/\/www.oknobuild.com\/index.php\/produkt\/vyhodna-nabidka-ivar-cs-denni-prostorovy-termostat-ivar-tad-b-13547\/\" \/>\n<meta property=\"og:locale\" content=\"cs_CZ\" \/>\n<meta property=\"og:type\" content=\"article\" \/>\n<meta property=\"og:title\" content=\"V\u00fdhodn\u00e1 Nab\u00eddka Ivar CS Denn\u00ed prostorov\u00fd termostat IVAR.TAD B -\" \/>\n<meta property=\"og:description\" content=\"Popis produktu Ivar CS Denn\u00ed prostorov\u00fd termostat IVAR.TAD B Digit\u00e1ln\u00ed termostat s displejem pro regulaci pokojov\u00e9 teploty s mo\u017enost\u00ed volby mezi r\u016fzn\u00fdmi regula\u010dn\u00edmi re\u017eimy a p\u0159\u00edslu\u0161n\u00fdmi teplotn\u00edmi nastaven\u00edmi: KOMFORTN\u00cd, \u00daSPORN\u00dd, OFF\/OCHRANA PROTI ZAMRZNUT\u00cd. Termostat m\u016f\u017ee b\u00fdt pou\u017eit jak v chladic\u00edch, tak v topn\u00fdch syst\u00e9mech. Je vybaven \u0161irok\u00fdm mod\u0159e podsv\u00edcen\u00fdm displejem pro zobrazen\u00ed v\u0161ech funk\u010dn\u00edch prvk\u016f [&hellip;]\" \/>\n<meta property=\"og:url\" content=\"https:\/\/www.oknobuild.com\/index.php\/produkt\/vyhodna-nabidka-ivar-cs-denni-prostorovy-termostat-ivar-tad-b-13547\/\" \/>\n<meta property=\"og:image\" content=\"https:\/\/www.oknobuild.com\/wp-content\/uploads\/2026\/SK0019610-CZ20260425-092632-0-1777080397-ivar-cs-denni-prostorovy-termostat-ivar-tad-b-916073.webp\" \/>\n\t<meta property=\"og:image:width\" content=\"600\" \/>\n\t<meta property=\"og:image:height\" content=\"600\" \/>\n\t<meta property=\"og:image:type\" content=\"image\/webp\" \/>\n<meta name=\"twitter:card\" content=\"summary_large_image\" \/>\n<meta name=\"twitter:label1\" content=\"Odhadovan\u00e1 doba \u010dten\u00ed\" \/>\n\t<meta name=\"twitter:data1\" content=\"1 minuta\" \/>\n<script type=\"application\/ld+json\" class=\"yoast-schema-graph\">{\"@context\":\"https:\/\/schema.org\",\"@graph\":[{\"@type\":\"WebPage\",\"@id\":\"https:\/\/www.oknobuild.com\/index.php\/produkt\/vyhodna-nabidka-ivar-cs-denni-prostorovy-termostat-ivar-tad-b-13547\/\",\"url\":\"https:\/\/www.oknobuild.com\/index.php\/produkt\/vyhodna-nabidka-ivar-cs-denni-prostorovy-termostat-ivar-tad-b-13547\/\",\"name\":\"V\u00fdhodn\u00e1 Nab\u00eddka Ivar CS Denn\u00ed prostorov\u00fd termostat IVAR.TAD B -\",\"isPartOf\":{\"@id\":\"https:\/\/www.oknobuild.com\/#website\"},\"primaryImageOfPage\":{\"@id\":\"https:\/\/www.oknobuild.com\/index.php\/produkt\/vyhodna-nabidka-ivar-cs-denni-prostorovy-termostat-ivar-tad-b-13547\/#primaryimage\"},\"image\":{\"@id\":\"https:\/\/www.oknobuild.com\/index.php\/produkt\/vyhodna-nabidka-ivar-cs-denni-prostorovy-termostat-ivar-tad-b-13547\/#primaryimage\"},\"thumbnailUrl\":\"https:\/\/www.oknobuild.com\/wp-content\/uploads\/2026\/SK0019610-CZ20260425-092632-0-1777080397-ivar-cs-denni-prostorovy-termostat-ivar-tad-b-916073.webp\",\"datePublished\":\"2026-04-27T04:41:06+00:00\",\"breadcrumb\":{\"@id\":\"https:\/\/www.oknobuild.com\/index.php\/produkt\/vyhodna-nabidka-ivar-cs-denni-prostorovy-termostat-ivar-tad-b-13547\/#breadcrumb\"},\"inLanguage\":\"cs\",\"potentialAction\":[{\"@type\":\"ReadAction\",\"target\":[\"https:\/\/www.oknobuild.com\/index.php\/produkt\/vyhodna-nabidka-ivar-cs-denni-prostorovy-termostat-ivar-tad-b-13547\/\"]}]},{\"@type\":\"ImageObject\",\"inLanguage\":\"cs\",\"@id\":\"https:\/\/www.oknobuild.com\/index.php\/produkt\/vyhodna-nabidka-ivar-cs-denni-prostorovy-termostat-ivar-tad-b-13547\/#primaryimage\",\"url\":\"https:\/\/www.oknobuild.com\/wp-content\/uploads\/2026\/SK0019610-CZ20260425-092632-0-1777080397-ivar-cs-denni-prostorovy-termostat-ivar-tad-b-916073.webp\",\"contentUrl\":\"https:\/\/www.oknobuild.com\/wp-content\/uploads\/2026\/SK0019610-CZ20260425-092632-0-1777080397-ivar-cs-denni-prostorovy-termostat-ivar-tad-b-916073.webp\",\"width\":600,\"height\":600},{\"@type\":\"BreadcrumbList\",\"@id\":\"https:\/\/www.oknobuild.com\/index.php\/produkt\/vyhodna-nabidka-ivar-cs-denni-prostorovy-termostat-ivar-tad-b-13547\/#breadcrumb\",\"itemListElement\":[{\"@type\":\"ListItem\",\"position\":1,\"name\":\"Home\",\"item\":\"https:\/\/www.oknobuild.com\/\"},{\"@type\":\"ListItem\",\"position\":2,\"name\":\"Products\",\"item\":\"https:\/\/www.oknobuild.com\/index.php\/products\/\"},{\"@type\":\"ListItem\",\"position\":3,\"name\":\"V\u00fdhodn\u00e1 Nab\u00eddka Ivar CS Denn\u00ed prostorov\u00fd termostat IVAR.TAD B\"}]},{\"@type\":\"WebSite\",\"@id\":\"https:\/\/www.oknobuild.com\/#website\",\"url\":\"https:\/\/www.oknobuild.com\/\",\"name\":\"\",\"description\":\"\",\"potentialAction\":[{\"@type\":\"SearchAction\",\"target\":{\"@type\":\"EntryPoint\",\"urlTemplate\":\"https:\/\/www.oknobuild.com\/?s={search_term_string}\"},\"query-input\":{\"@type\":\"PropertyValueSpecification\",\"valueRequired\":true,\"valueName\":\"search_term_string\"}}],\"inLanguage\":\"cs\"}]}<\/script>\n<!-- \/ Yoast SEO plugin. -->","yoast_head_json":{"title":"V\u00fdhodn\u00e1 Nab\u00eddka Ivar CS Denn\u00ed prostorov\u00fd termostat IVAR.TAD B -","robots":{"index":"index","follow":"follow","max-snippet":"max-snippet:-1","max-image-preview":"max-image-preview:large","max-video-preview":"max-video-preview:-1"},"canonical":"https:\/\/www.oknobuild.com\/index.php\/produkt\/vyhodna-nabidka-ivar-cs-denni-prostorovy-termostat-ivar-tad-b-13547\/","og_locale":"cs_CZ","og_type":"article","og_title":"V\u00fdhodn\u00e1 Nab\u00eddka Ivar CS Denn\u00ed prostorov\u00fd termostat IVAR.TAD B -","og_description":"Popis produktu Ivar CS Denn\u00ed prostorov\u00fd termostat IVAR.TAD B Digit\u00e1ln\u00ed termostat s displejem pro regulaci pokojov\u00e9 teploty s mo\u017enost\u00ed volby mezi r\u016fzn\u00fdmi regula\u010dn\u00edmi re\u017eimy a p\u0159\u00edslu\u0161n\u00fdmi teplotn\u00edmi nastaven\u00edmi: KOMFORTN\u00cd, \u00daSPORN\u00dd, OFF\/OCHRANA PROTI ZAMRZNUT\u00cd. Termostat m\u016f\u017ee b\u00fdt pou\u017eit jak v chladic\u00edch, tak v topn\u00fdch syst\u00e9mech. Je vybaven \u0161irok\u00fdm mod\u0159e podsv\u00edcen\u00fdm displejem pro zobrazen\u00ed v\u0161ech funk\u010dn\u00edch prvk\u016f [&hellip;]","og_url":"https:\/\/www.oknobuild.com\/index.php\/produkt\/vyhodna-nabidka-ivar-cs-denni-prostorovy-termostat-ivar-tad-b-13547\/","og_image":[{"width":600,"height":600,"url":"https:\/\/www.oknobuild.com\/wp-content\/uploads\/2026\/SK0019610-CZ20260425-092632-0-1777080397-ivar-cs-denni-prostorovy-termostat-ivar-tad-b-916073.webp","type":"image\/webp"}],"twitter_card":"summary_large_image","twitter_misc":{"Odhadovan\u00e1 doba \u010dten\u00ed":"1 minuta"},"schema":{"@context":"https:\/\/schema.org","@graph":[{"@type":"WebPage","@id":"https:\/\/www.oknobuild.com\/index.php\/produkt\/vyhodna-nabidka-ivar-cs-denni-prostorovy-termostat-ivar-tad-b-13547\/","url":"https:\/\/www.oknobuild.com\/index.php\/produkt\/vyhodna-nabidka-ivar-cs-denni-prostorovy-termostat-ivar-tad-b-13547\/","name":"V\u00fdhodn\u00e1 Nab\u00eddka Ivar CS Denn\u00ed prostorov\u00fd termostat IVAR.TAD B -","isPartOf":{"@id":"https:\/\/www.oknobuild.com\/#website"},"primaryImageOfPage":{"@id":"https:\/\/www.oknobuild.com\/index.php\/produkt\/vyhodna-nabidka-ivar-cs-denni-prostorovy-termostat-ivar-tad-b-13547\/#primaryimage"},"image":{"@id":"https:\/\/www.oknobuild.com\/index.php\/produkt\/vyhodna-nabidka-ivar-cs-denni-prostorovy-termostat-ivar-tad-b-13547\/#primaryimage"},"thumbnailUrl":"https:\/\/www.oknobuild.com\/wp-content\/uploads\/2026\/SK0019610-CZ20260425-092632-0-1777080397-ivar-cs-denni-prostorovy-termostat-ivar-tad-b-916073.webp","datePublished":"2026-04-27T04:41:06+00:00","breadcrumb":{"@id":"https:\/\/www.oknobuild.com\/index.php\/produkt\/vyhodna-nabidka-ivar-cs-denni-prostorovy-termostat-ivar-tad-b-13547\/#breadcrumb"},"inLanguage":"cs","potentialAction":[{"@type":"ReadAction","target":["https:\/\/www.oknobuild.com\/index.php\/produkt\/vyhodna-nabidka-ivar-cs-denni-prostorovy-termostat-ivar-tad-b-13547\/"]}]},{"@type":"ImageObject","inLanguage":"cs","@id":"https:\/\/www.oknobuild.com\/index.php\/produkt\/vyhodna-nabidka-ivar-cs-denni-prostorovy-termostat-ivar-tad-b-13547\/#primaryimage","url":"https:\/\/www.oknobuild.com\/wp-content\/uploads\/2026\/SK0019610-CZ20260425-092632-0-1777080397-ivar-cs-denni-prostorovy-termostat-ivar-tad-b-916073.webp","contentUrl":"https:\/\/www.oknobuild.com\/wp-content\/uploads\/2026\/SK0019610-CZ20260425-092632-0-1777080397-ivar-cs-denni-prostorovy-termostat-ivar-tad-b-916073.webp","width":600,"height":600},{"@type":"BreadcrumbList","@id":"https:\/\/www.oknobuild.com\/index.php\/produkt\/vyhodna-nabidka-ivar-cs-denni-prostorovy-termostat-ivar-tad-b-13547\/#breadcrumb","itemListElement":[{"@type":"ListItem","position":1,"name":"Home","item":"https:\/\/www.oknobuild.com\/"},{"@type":"ListItem","position":2,"name":"Products","item":"https:\/\/www.oknobuild.com\/index.php\/products\/"},{"@type":"ListItem","position":3,"name":"V\u00fdhodn\u00e1 Nab\u00eddka Ivar CS Denn\u00ed prostorov\u00fd termostat IVAR.TAD B"}]},{"@type":"WebSite","@id":"https:\/\/www.oknobuild.com\/#website","url":"https:\/\/www.oknobuild.com\/","name":"","description":"","potentialAction":[{"@type":"SearchAction","target":{"@type":"EntryPoint","urlTemplate":"https:\/\/www.oknobuild.com\/?s={search_term_string}"},"query-input":{"@type":"PropertyValueSpecification","valueRequired":true,"valueName":"search_term_string"}}],"inLanguage":"cs"}]}},"_links":{"self":[{"href":"https:\/\/www.oknobuild.com\/index.php\/wp-json\/wp\/v2\/product\/13547","targetHints":{"allow":["GET"]}}],"collection":[{"href":"https:\/\/www.oknobuild.com\/index.php\/wp-json\/wp\/v2\/product"}],"about":[{"href":"https:\/\/www.oknobuild.com\/index.php\/wp-json\/wp\/v2\/types\/product"}],"replies":[{"embeddable":true,"href":"https:\/\/www.oknobuild.com\/index.php\/wp-json\/wp\/v2\/comments?post=13547"}],"wp:featuredmedia":[{"embeddable":true,"href":"https:\/\/www.oknobuild.com\/index.php\/wp-json\/wp\/v2\/media\/13647"}],"wp:attachment":[{"href":"https:\/\/www.oknobuild.com\/index.php\/wp-json\/wp\/v2\/media?parent=13547"}],"wp:term":[{"taxonomy":"product_brand","embeddable":true,"href":"https:\/\/www.oknobuild.com\/index.php\/wp-json\/wp\/v2\/product_brand?post=13547"},{"taxonomy":"product_cat","embeddable":true,"href":"https:\/\/www.oknobuild.com\/index.php\/wp-json\/wp\/v2\/product_cat?post=13547"},{"taxonomy":"product_tag","embeddable":true,"href":"https:\/\/www.oknobuild.com\/index.php\/wp-json\/wp\/v2\/product_tag?post=13547"}],"curies":[{"name":"wp","href":"https:\/\/api.w.org\/{rel}","templated":true}]}}