{"id":13575,"date":"2026-04-27T04:41:06","date_gmt":"2026-04-27T04:41:06","guid":{"rendered":""},"modified":"2026-04-27T04:41:06","modified_gmt":"2026-04-27T04:41:06","slug":"zlevneny-gsi-modo-wc-sedatko-soft-close-duroplast-bila-chrom-13575","status":"publish","type":"product","link":"https:\/\/www.oknobuild.com\/index.php\/produkt\/zlevneny-gsi-modo-wc-sedatko-soft-close-duroplast-bila-chrom-13575\/","title":{"rendered":"Zlevn\u011bn\u00fd GSI MODO WC sed\u00e1tko Soft Close duroplast b\u00edl\u00e1\/chrom"},"content":{"rendered":"<div class=\"ProductDetail-content NoFixImageContainer\" id=\"productDescription\">\n<div class=\"Heading\">\n<h2 class=\"Heading-title\">Popis produktu <span class=''>GSI MODO WC sed\u00e1tko Soft Close duroplast b\u00edl\u00e1\/chrom<\/span><\/h2>\n<\/p><\/div>\n<div class=\"ProductDetailContent\">\n<p><span style=\"font-size:16px\">Easy Take (odn\u00edmateln\u00e9 sed\u00e1tko), SLIM (tenk\u00e9), Soft Close (pomal\u00e9 skl\u00e1p\u011bn\u00ed). <\/span><\/p>\n<ul>\n<li><span style=\"font-size:16px\">Rozm\u011br 37&#215;44 cm<\/span><\/li>\n<li><span style=\"font-size:16px\">Materi\u00e1l Duroplast<\/span><\/li>\n<\/ul><\/div>\n<div class=\"ProductDetailContent\">\n<div class=\"ProductDetailContent-item\">\n<div style=\"background-color:#f9f9f9; border-left:5px solid #4caf50; border-radius:8px; box-shadow:0 4px 12px rgba(0,0,0,0.1); font-family:Arial,sans-serif; margin-bottom:20px; padding:25px 20px 20px 20px; position:relative\"><!-- Ikona info v lev\u00e9m horn\u00edm rohu --><\/p>\n<div style=\"align-items:center; background-color:#4caf50; border-radius:50%; color:#ffffff; display:flex; font-size:18px; font-weight:bold; height:30px; justify-content:center; left:-10px; position:absolute; top:-10px; width:30px\">i<\/div>\n<h3 style=\"margin-left:15px\">\u2705 Jak spr\u00e1vn\u011b vybrat WC sed\u00e1tko<\/h3>\n<p>Jedn\u00edm z nejd\u016fle\u017eit\u011bj\u0161\u00edch krok\u016f p\u0159i v\u00fdb\u011bru WC sed\u00e1tka je spr\u00e1vn\u00e9 zam\u011b\u0159en\u00ed. \u010casem se m\u016f\u017ee st\u00e1t, \u017ee se sed\u00e1tko po\u0161kod\u00ed nebo ho budete cht\u00edt vym\u011bnit za nov\u00e9. Na jak\u00e9 rozm\u011bry si tedy d\u00e1t p\u0159i v\u00fdm\u011bn\u011b pozor?<\/p>\n<p><strong>Kl\u00ed\u010dov\u00e9 rozm\u011bry:<\/strong><\/p>\n<ul>\n<li>A \u2013 <strong>Rozte\u010d otvor\u016f<\/strong> pro uchycen\u00ed sed\u00e1tka k m\u00edse pomoc\u00ed pant\u016f<\/li>\n<li>B \u2013 <strong>Vn\u011bj\u0161\u00ed rozm\u011bry<\/strong>: \u0161\u00ed\u0159ka a d\u00e9lka sed\u00e1tka<\/li>\n<li>C \u2013 <strong>Vnit\u0159n\u00ed rozm\u011bry<\/strong>: \u0161\u00ed\u0159ka a d\u00e9lka otvoru<\/li>\n<li>D \u2013 <strong>Celkov\u00e1 d\u00e9lka<\/strong> sed\u00e1tka: od st\u0159edu pant\u016f po nejzaz\u0161\u00ed bod prk\u00e9nka<\/li>\n<\/ul>\n<p>Tyto rozm\u011bry doporu\u010dujeme p\u0159ed koup\u00ed pe\u010dliv\u011b p\u0159em\u011b\u0159it. M\u016f\u017eete je vid\u011bt zn\u00e1zorn\u011bn\u00e9 na n\u00e1sleduj\u00edc\u00edm obr\u00e1zku \u010di p\u0159\u00edkladu.<\/p>\n<p><strong>Nem\u016f\u017eete-li zm\u011b\u0159it star\u00e9 sed\u00e1tko<\/strong>, je t\u0159eba zm\u011b\u0159it p\u0159edev\u0161\u00edm:<\/p>\n<ul>\n<li><strong>Vn\u011bj\u0161\u00ed \u0161\u00ed\u0159ku m\u00edsy<\/strong> v jej\u00edm nej\u0161ir\u0161\u00edm m\u00edst\u011b<\/li>\n<li><strong>D\u00e9lku m\u00edsy<\/strong>: od st\u0159edu mont\u00e1\u017en\u00edch otvor\u016f (pro panty) po p\u0159edn\u00ed okraj m\u00edsy<\/li>\n<\/ul>\n<p>V tomto p\u0159\u00edpad\u011b jsou pro v\u00fdb\u011br nejd\u016fle\u017eit\u011bj\u0161\u00ed body <strong>B a D<\/strong>.<\/p>\n<p><strong>Pozn\u00e1mka:<\/strong> Sed\u00e1tko m\u016f\u017ee b\u00fdt p\u0159ibli\u017en\u011b o 2\u20133 cm \u0161ir\u0161\u00ed a del\u0161\u00ed ne\u017e m\u00edsa, ale <strong>nikdy ne men\u0161\u00ed<\/strong>.<\/p>\n<\/div>\n<\/p><\/div>\n<\/p><\/div>\n<\/p><\/div>\n<\/p><\/div>\n<\/p><\/div>\n","protected":false},"excerpt":{"rendered":"<p>Popis produktu GSI MODO WC sed\u00e1tko Soft Close duroplast b\u00edl\u00e1\/chrom Easy Take (odn\u00edmateln\u00e9 sed\u00e1tko), SLIM (tenk\u00e9), Soft Close (pomal\u00e9 skl\u00e1p\u011bn\u00ed). Rozm\u011br 37&#215;44 cm Materi\u00e1l Duroplast i \u2705 Jak spr\u00e1vn\u011b vybrat WC sed\u00e1tko Jedn\u00edm z nejd\u016fle\u017eit\u011bj\u0161\u00edch krok\u016f p\u0159i v\u00fdb\u011bru WC sed\u00e1tka je spr\u00e1vn\u00e9 zam\u011b\u0159en\u00ed. \u010casem se m\u016f\u017ee st\u00e1t, \u017ee se sed\u00e1tko po\u0161kod\u00ed nebo ho budete cht\u00edt [&hellip;]<\/p>\n","protected":false},"featured_media":13675,"comment_status":"open","ping_status":"open","template":"","meta":[],"product_brand":[],"product_cat":[65],"product_tag":[],"class_list":{"0":"post-13575","1":"product","2":"type-product","3":"status-publish","4":"has-post-thumbnail","6":"product_cat-koupelny","8":"first","9":"instock","10":"sale","11":"shipping-taxable","12":"purchasable","13":"product-type-simple"},"yoast_head":"<!-- This site is optimized with the Yoast SEO plugin v26.8 - https:\/\/yoast.com\/product\/yoast-seo-wordpress\/ -->\n<title>Zlevn\u011bn\u00fd GSI MODO WC sed\u00e1tko Soft Close duroplast b\u00edl\u00e1\/chrom -<\/title>\n<meta name=\"robots\" content=\"index, follow, max-snippet:-1, max-image-preview:large, max-video-preview:-1\" \/>\n<link rel=\"canonical\" href=\"https:\/\/www.oknobuild.com\/index.php\/produkt\/zlevneny-gsi-modo-wc-sedatko-soft-close-duroplast-bila-chrom-13575\/\" \/>\n<meta property=\"og:locale\" content=\"cs_CZ\" \/>\n<meta property=\"og:type\" content=\"article\" \/>\n<meta property=\"og:title\" content=\"Zlevn\u011bn\u00fd GSI MODO WC sed\u00e1tko Soft Close duroplast b\u00edl\u00e1\/chrom -\" \/>\n<meta property=\"og:description\" content=\"Popis produktu GSI MODO WC sed\u00e1tko Soft Close duroplast b\u00edl\u00e1\/chrom Easy Take (odn\u00edmateln\u00e9 sed\u00e1tko), SLIM (tenk\u00e9), Soft Close (pomal\u00e9 skl\u00e1p\u011bn\u00ed). Rozm\u011br 37&#215;44 cm Materi\u00e1l Duroplast i \u2705 Jak spr\u00e1vn\u011b vybrat WC sed\u00e1tko Jedn\u00edm z nejd\u016fle\u017eit\u011bj\u0161\u00edch krok\u016f p\u0159i v\u00fdb\u011bru WC sed\u00e1tka je spr\u00e1vn\u00e9 zam\u011b\u0159en\u00ed. \u010casem se m\u016f\u017ee st\u00e1t, \u017ee se sed\u00e1tko po\u0161kod\u00ed nebo ho budete cht\u00edt [&hellip;]\" \/>\n<meta property=\"og:url\" content=\"https:\/\/www.oknobuild.com\/index.php\/produkt\/zlevneny-gsi-modo-wc-sedatko-soft-close-duroplast-bila-chrom-13575\/\" \/>\n<meta property=\"og:image\" content=\"https:\/\/www.oknobuild.com\/wp-content\/uploads\/2026\/SK0019641-CZ20260425-092632-0-1777080397-gsi-modo-wc-sedatko-soft-close-duroplast-bila-chrom-916330..webp\" \/>\n\t<meta property=\"og:image:width\" content=\"600\" \/>\n\t<meta property=\"og:image:height\" content=\"600\" \/>\n\t<meta property=\"og:image:type\" content=\"image\/webp\" \/>\n<meta name=\"twitter:card\" content=\"summary_large_image\" \/>\n<meta name=\"twitter:label1\" content=\"Odhadovan\u00e1 doba \u010dten\u00ed\" \/>\n\t<meta name=\"twitter:data1\" content=\"1 minuta\" \/>\n<script type=\"application\/ld+json\" class=\"yoast-schema-graph\">{\"@context\":\"https:\/\/schema.org\",\"@graph\":[{\"@type\":\"WebPage\",\"@id\":\"https:\/\/www.oknobuild.com\/index.php\/produkt\/zlevneny-gsi-modo-wc-sedatko-soft-close-duroplast-bila-chrom-13575\/\",\"url\":\"https:\/\/www.oknobuild.com\/index.php\/produkt\/zlevneny-gsi-modo-wc-sedatko-soft-close-duroplast-bila-chrom-13575\/\",\"name\":\"Zlevn\u011bn\u00fd GSI MODO WC sed\u00e1tko Soft Close duroplast b\u00edl\u00e1\/chrom -\",\"isPartOf\":{\"@id\":\"https:\/\/www.oknobuild.com\/#website\"},\"primaryImageOfPage\":{\"@id\":\"https:\/\/www.oknobuild.com\/index.php\/produkt\/zlevneny-gsi-modo-wc-sedatko-soft-close-duroplast-bila-chrom-13575\/#primaryimage\"},\"image\":{\"@id\":\"https:\/\/www.oknobuild.com\/index.php\/produkt\/zlevneny-gsi-modo-wc-sedatko-soft-close-duroplast-bila-chrom-13575\/#primaryimage\"},\"thumbnailUrl\":\"https:\/\/www.oknobuild.com\/wp-content\/uploads\/2026\/SK0019641-CZ20260425-092632-0-1777080397-gsi-modo-wc-sedatko-soft-close-duroplast-bila-chrom-916330..webp\",\"datePublished\":\"2026-04-27T04:41:06+00:00\",\"breadcrumb\":{\"@id\":\"https:\/\/www.oknobuild.com\/index.php\/produkt\/zlevneny-gsi-modo-wc-sedatko-soft-close-duroplast-bila-chrom-13575\/#breadcrumb\"},\"inLanguage\":\"cs\",\"potentialAction\":[{\"@type\":\"ReadAction\",\"target\":[\"https:\/\/www.oknobuild.com\/index.php\/produkt\/zlevneny-gsi-modo-wc-sedatko-soft-close-duroplast-bila-chrom-13575\/\"]}]},{\"@type\":\"ImageObject\",\"inLanguage\":\"cs\",\"@id\":\"https:\/\/www.oknobuild.com\/index.php\/produkt\/zlevneny-gsi-modo-wc-sedatko-soft-close-duroplast-bila-chrom-13575\/#primaryimage\",\"url\":\"https:\/\/www.oknobuild.com\/wp-content\/uploads\/2026\/SK0019641-CZ20260425-092632-0-1777080397-gsi-modo-wc-sedatko-soft-close-duroplast-bila-chrom-916330..webp\",\"contentUrl\":\"https:\/\/www.oknobuild.com\/wp-content\/uploads\/2026\/SK0019641-CZ20260425-092632-0-1777080397-gsi-modo-wc-sedatko-soft-close-duroplast-bila-chrom-916330..webp\",\"width\":600,\"height\":600},{\"@type\":\"BreadcrumbList\",\"@id\":\"https:\/\/www.oknobuild.com\/index.php\/produkt\/zlevneny-gsi-modo-wc-sedatko-soft-close-duroplast-bila-chrom-13575\/#breadcrumb\",\"itemListElement\":[{\"@type\":\"ListItem\",\"position\":1,\"name\":\"Home\",\"item\":\"https:\/\/www.oknobuild.com\/\"},{\"@type\":\"ListItem\",\"position\":2,\"name\":\"Products\",\"item\":\"https:\/\/www.oknobuild.com\/index.php\/products\/\"},{\"@type\":\"ListItem\",\"position\":3,\"name\":\"Zlevn\u011bn\u00fd GSI MODO WC sed\u00e1tko Soft Close duroplast b\u00edl\u00e1\/chrom\"}]},{\"@type\":\"WebSite\",\"@id\":\"https:\/\/www.oknobuild.com\/#website\",\"url\":\"https:\/\/www.oknobuild.com\/\",\"name\":\"\",\"description\":\"\",\"potentialAction\":[{\"@type\":\"SearchAction\",\"target\":{\"@type\":\"EntryPoint\",\"urlTemplate\":\"https:\/\/www.oknobuild.com\/?s={search_term_string}\"},\"query-input\":{\"@type\":\"PropertyValueSpecification\",\"valueRequired\":true,\"valueName\":\"search_term_string\"}}],\"inLanguage\":\"cs\"}]}<\/script>\n<!-- \/ Yoast SEO plugin. -->","yoast_head_json":{"title":"Zlevn\u011bn\u00fd GSI MODO WC sed\u00e1tko Soft Close duroplast b\u00edl\u00e1\/chrom -","robots":{"index":"index","follow":"follow","max-snippet":"max-snippet:-1","max-image-preview":"max-image-preview:large","max-video-preview":"max-video-preview:-1"},"canonical":"https:\/\/www.oknobuild.com\/index.php\/produkt\/zlevneny-gsi-modo-wc-sedatko-soft-close-duroplast-bila-chrom-13575\/","og_locale":"cs_CZ","og_type":"article","og_title":"Zlevn\u011bn\u00fd GSI MODO WC sed\u00e1tko Soft Close duroplast b\u00edl\u00e1\/chrom -","og_description":"Popis produktu GSI MODO WC sed\u00e1tko Soft Close duroplast b\u00edl\u00e1\/chrom Easy Take (odn\u00edmateln\u00e9 sed\u00e1tko), SLIM (tenk\u00e9), Soft Close (pomal\u00e9 skl\u00e1p\u011bn\u00ed). Rozm\u011br 37&#215;44 cm Materi\u00e1l Duroplast i \u2705 Jak spr\u00e1vn\u011b vybrat WC sed\u00e1tko Jedn\u00edm z nejd\u016fle\u017eit\u011bj\u0161\u00edch krok\u016f p\u0159i v\u00fdb\u011bru WC sed\u00e1tka je spr\u00e1vn\u00e9 zam\u011b\u0159en\u00ed. \u010casem se m\u016f\u017ee st\u00e1t, \u017ee se sed\u00e1tko po\u0161kod\u00ed nebo ho budete cht\u00edt [&hellip;]","og_url":"https:\/\/www.oknobuild.com\/index.php\/produkt\/zlevneny-gsi-modo-wc-sedatko-soft-close-duroplast-bila-chrom-13575\/","og_image":[{"width":600,"height":600,"url":"https:\/\/www.oknobuild.com\/wp-content\/uploads\/2026\/SK0019641-CZ20260425-092632-0-1777080397-gsi-modo-wc-sedatko-soft-close-duroplast-bila-chrom-916330..webp","type":"image\/webp"}],"twitter_card":"summary_large_image","twitter_misc":{"Odhadovan\u00e1 doba \u010dten\u00ed":"1 minuta"},"schema":{"@context":"https:\/\/schema.org","@graph":[{"@type":"WebPage","@id":"https:\/\/www.oknobuild.com\/index.php\/produkt\/zlevneny-gsi-modo-wc-sedatko-soft-close-duroplast-bila-chrom-13575\/","url":"https:\/\/www.oknobuild.com\/index.php\/produkt\/zlevneny-gsi-modo-wc-sedatko-soft-close-duroplast-bila-chrom-13575\/","name":"Zlevn\u011bn\u00fd GSI MODO WC sed\u00e1tko Soft Close duroplast b\u00edl\u00e1\/chrom -","isPartOf":{"@id":"https:\/\/www.oknobuild.com\/#website"},"primaryImageOfPage":{"@id":"https:\/\/www.oknobuild.com\/index.php\/produkt\/zlevneny-gsi-modo-wc-sedatko-soft-close-duroplast-bila-chrom-13575\/#primaryimage"},"image":{"@id":"https:\/\/www.oknobuild.com\/index.php\/produkt\/zlevneny-gsi-modo-wc-sedatko-soft-close-duroplast-bila-chrom-13575\/#primaryimage"},"thumbnailUrl":"https:\/\/www.oknobuild.com\/wp-content\/uploads\/2026\/SK0019641-CZ20260425-092632-0-1777080397-gsi-modo-wc-sedatko-soft-close-duroplast-bila-chrom-916330..webp","datePublished":"2026-04-27T04:41:06+00:00","breadcrumb":{"@id":"https:\/\/www.oknobuild.com\/index.php\/produkt\/zlevneny-gsi-modo-wc-sedatko-soft-close-duroplast-bila-chrom-13575\/#breadcrumb"},"inLanguage":"cs","potentialAction":[{"@type":"ReadAction","target":["https:\/\/www.oknobuild.com\/index.php\/produkt\/zlevneny-gsi-modo-wc-sedatko-soft-close-duroplast-bila-chrom-13575\/"]}]},{"@type":"ImageObject","inLanguage":"cs","@id":"https:\/\/www.oknobuild.com\/index.php\/produkt\/zlevneny-gsi-modo-wc-sedatko-soft-close-duroplast-bila-chrom-13575\/#primaryimage","url":"https:\/\/www.oknobuild.com\/wp-content\/uploads\/2026\/SK0019641-CZ20260425-092632-0-1777080397-gsi-modo-wc-sedatko-soft-close-duroplast-bila-chrom-916330..webp","contentUrl":"https:\/\/www.oknobuild.com\/wp-content\/uploads\/2026\/SK0019641-CZ20260425-092632-0-1777080397-gsi-modo-wc-sedatko-soft-close-duroplast-bila-chrom-916330..webp","width":600,"height":600},{"@type":"BreadcrumbList","@id":"https:\/\/www.oknobuild.com\/index.php\/produkt\/zlevneny-gsi-modo-wc-sedatko-soft-close-duroplast-bila-chrom-13575\/#breadcrumb","itemListElement":[{"@type":"ListItem","position":1,"name":"Home","item":"https:\/\/www.oknobuild.com\/"},{"@type":"ListItem","position":2,"name":"Products","item":"https:\/\/www.oknobuild.com\/index.php\/products\/"},{"@type":"ListItem","position":3,"name":"Zlevn\u011bn\u00fd GSI MODO WC sed\u00e1tko Soft Close duroplast b\u00edl\u00e1\/chrom"}]},{"@type":"WebSite","@id":"https:\/\/www.oknobuild.com\/#website","url":"https:\/\/www.oknobuild.com\/","name":"","description":"","potentialAction":[{"@type":"SearchAction","target":{"@type":"EntryPoint","urlTemplate":"https:\/\/www.oknobuild.com\/?s={search_term_string}"},"query-input":{"@type":"PropertyValueSpecification","valueRequired":true,"valueName":"search_term_string"}}],"inLanguage":"cs"}]}},"_links":{"self":[{"href":"https:\/\/www.oknobuild.com\/index.php\/wp-json\/wp\/v2\/product\/13575","targetHints":{"allow":["GET"]}}],"collection":[{"href":"https:\/\/www.oknobuild.com\/index.php\/wp-json\/wp\/v2\/product"}],"about":[{"href":"https:\/\/www.oknobuild.com\/index.php\/wp-json\/wp\/v2\/types\/product"}],"replies":[{"embeddable":true,"href":"https:\/\/www.oknobuild.com\/index.php\/wp-json\/wp\/v2\/comments?post=13575"}],"wp:featuredmedia":[{"embeddable":true,"href":"https:\/\/www.oknobuild.com\/index.php\/wp-json\/wp\/v2\/media\/13675"}],"wp:attachment":[{"href":"https:\/\/www.oknobuild.com\/index.php\/wp-json\/wp\/v2\/media?parent=13575"}],"wp:term":[{"taxonomy":"product_brand","embeddable":true,"href":"https:\/\/www.oknobuild.com\/index.php\/wp-json\/wp\/v2\/product_brand?post=13575"},{"taxonomy":"product_cat","embeddable":true,"href":"https:\/\/www.oknobuild.com\/index.php\/wp-json\/wp\/v2\/product_cat?post=13575"},{"taxonomy":"product_tag","embeddable":true,"href":"https:\/\/www.oknobuild.com\/index.php\/wp-json\/wp\/v2\/product_tag?post=13575"}],"curies":[{"name":"wp","href":"https:\/\/api.w.org\/{rel}","templated":true}]}}