{"id":13714,"date":"2026-04-27T04:41:07","date_gmt":"2026-04-27T04:41:07","guid":{"rendered":""},"modified":"2026-04-27T04:41:07","modified_gmt":"2026-04-27T04:41:07","slug":"giacomini-r585cs-modularni-mozasny-rozdelovac-pro-sanitarni-systemy-nejprodavanejsi-13714","status":"publish","type":"product","link":"https:\/\/www.oknobuild.com\/index.php\/produkt\/giacomini-r585cs-modularni-mozasny-rozdelovac-pro-sanitarni-systemy-nejprodavanejsi-13714\/","title":{"rendered":"Giacomini R585CS Modul\u00e1rn\u00ed mozasn\u00fd rozd\u011blova\u010d pro sanit\u00e1rn\u00ed syst\u00e9my Nejprod\u00e1van\u011bj\u0161\u00ed"},"content":{"rendered":"<div class=\"ProductDetail-content NoFixImageContainer\" id=\"productDescription\">\n<div class=\"Heading\">\n<h2 class=\"Heading-title\">Popis produktu <span class=''>Giacomini R585CS Modul\u00e1rn\u00ed mozasn\u00fd rozd\u011blova\u010d pro sanit\u00e1rn\u00ed syst\u00e9my<\/span><\/h2>\n<\/p><\/div>\n<div class=\"ProductDetailContent\">\n<p>Modulov\u00e9 rozd\u011blova\u010de z poniklovan\u00e9 mosazi pro rozvody sanit\u00e1rn\u00ed vody s uzav\u00edrac\u00edmi ventily. Jednotliv\u00e9 moduly jsou osazeny t\u011bsn\u00edc\u00edm O-krou\u017ekem pro jejich snadn\u00e9 sestaven\u00ed bez nutnosti pou\u017eit\u00ed n\u00e1\u0159ad\u00ed. Sou\u010d\u00e1st\u00ed rozd\u011blova\u010de jsou uzav\u00edrac\u00ed ventily s plastovou ovl\u00e1dac\u00ed hlavou a desti\u010dkami pro identifikaci za\u0159\u00edzen\u00ed napojen\u00fdch na jednot-liv\u00fdch v\u00fdvodech. Jako voliteln\u00e9 p\u0159\u00edslu\u0161enstv\u00ed lze k rozd\u011blova\u010d\u016fm doobjednat kulov\u00e9 kohouty, z\u00e1tky a sk\u0159\u00ed\u0148<\/p>\n<ul>\n<li>provozn\u00ed m\u00e9dium: voda, glykol 30%<\/li>\n<li>teplotn\u00ed rozsah: 5\u00f7110 \u00b0C<\/li>\n<li>max. provozn\u00ed tlak: 10 bar<\/li>\n<li>st\u0159edov\u00e1 vzd\u00e1lenost: 40 mm<\/li>\n<li>Uzav\u00edrac\u00ed ventily s ru\u010dn\u00ed hlavou<\/li>\n<\/ul><\/div>\n<div class=\"ProductDetailContent\">                                                                    <\/div>\n<\/p><\/div>\n<\/p><\/div>\n<\/p><\/div>\n","protected":false},"excerpt":{"rendered":"<p>Popis produktu Giacomini R585CS Modul\u00e1rn\u00ed mozasn\u00fd rozd\u011blova\u010d pro sanit\u00e1rn\u00ed syst\u00e9my Modulov\u00e9 rozd\u011blova\u010de z poniklovan\u00e9 mosazi pro rozvody sanit\u00e1rn\u00ed vody s uzav\u00edrac\u00edmi ventily. Jednotliv\u00e9 moduly jsou osazeny t\u011bsn\u00edc\u00edm O-krou\u017ekem pro jejich snadn\u00e9 sestaven\u00ed bez nutnosti pou\u017eit\u00ed n\u00e1\u0159ad\u00ed. Sou\u010d\u00e1st\u00ed rozd\u011blova\u010de jsou uzav\u00edrac\u00ed ventily s plastovou ovl\u00e1dac\u00ed hlavou a desti\u010dkami pro identifikaci za\u0159\u00edzen\u00ed napojen\u00fdch na jednot-liv\u00fdch v\u00fdvodech. Jako [&hellip;]<\/p>\n","protected":false},"featured_media":13814,"comment_status":"open","ping_status":"open","template":"","meta":[],"product_brand":[],"product_cat":[67],"product_tag":[],"class_list":{"0":"post-13714","1":"product","2":"type-product","3":"status-publish","4":"has-post-thumbnail","6":"product_cat-topeni","8":"first","9":"instock","10":"sale","11":"shipping-taxable","12":"purchasable","13":"product-type-simple"},"yoast_head":"<!-- This site is optimized with the Yoast SEO plugin v26.8 - https:\/\/yoast.com\/product\/yoast-seo-wordpress\/ -->\n<title>Giacomini R585CS Modul\u00e1rn\u00ed mozasn\u00fd rozd\u011blova\u010d pro sanit\u00e1rn\u00ed syst\u00e9my Nejprod\u00e1van\u011bj\u0161\u00ed -<\/title>\n<meta name=\"robots\" content=\"index, follow, max-snippet:-1, max-image-preview:large, max-video-preview:-1\" \/>\n<link rel=\"canonical\" href=\"https:\/\/www.oknobuild.com\/index.php\/produkt\/giacomini-r585cs-modularni-mozasny-rozdelovac-pro-sanitarni-systemy-nejprodavanejsi-13714\/\" \/>\n<meta property=\"og:locale\" content=\"cs_CZ\" \/>\n<meta property=\"og:type\" content=\"article\" \/>\n<meta property=\"og:title\" content=\"Giacomini R585CS Modul\u00e1rn\u00ed mozasn\u00fd rozd\u011blova\u010d pro sanit\u00e1rn\u00ed syst\u00e9my Nejprod\u00e1van\u011bj\u0161\u00ed -\" \/>\n<meta property=\"og:description\" content=\"Popis produktu Giacomini R585CS Modul\u00e1rn\u00ed mozasn\u00fd rozd\u011blova\u010d pro sanit\u00e1rn\u00ed syst\u00e9my Modulov\u00e9 rozd\u011blova\u010de z poniklovan\u00e9 mosazi pro rozvody sanit\u00e1rn\u00ed vody s uzav\u00edrac\u00edmi ventily. Jednotliv\u00e9 moduly jsou osazeny t\u011bsn\u00edc\u00edm O-krou\u017ekem pro jejich snadn\u00e9 sestaven\u00ed bez nutnosti pou\u017eit\u00ed n\u00e1\u0159ad\u00ed. Sou\u010d\u00e1st\u00ed rozd\u011blova\u010de jsou uzav\u00edrac\u00ed ventily s plastovou ovl\u00e1dac\u00ed hlavou a desti\u010dkami pro identifikaci za\u0159\u00edzen\u00ed napojen\u00fdch na jednot-liv\u00fdch v\u00fdvodech. Jako [&hellip;]\" \/>\n<meta property=\"og:url\" content=\"https:\/\/www.oknobuild.com\/index.php\/produkt\/giacomini-r585cs-modularni-mozasny-rozdelovac-pro-sanitarni-systemy-nejprodavanejsi-13714\/\" \/>\n<meta property=\"og:image\" content=\"https:\/\/www.oknobuild.com\/wp-content\/uploads\/2026\/SK0019680-CZ20260425-092632-0-1777080397-giacomini-r585cs-modularni-mozasny-rozdelovac-pro-sanitarni.webp\" \/>\n\t<meta property=\"og:image:width\" content=\"600\" \/>\n\t<meta property=\"og:image:height\" content=\"383\" \/>\n\t<meta property=\"og:image:type\" content=\"image\/webp\" \/>\n<meta name=\"twitter:card\" content=\"summary_large_image\" \/>\n<meta name=\"twitter:label1\" content=\"Odhadovan\u00e1 doba \u010dten\u00ed\" \/>\n\t<meta name=\"twitter:data1\" content=\"1 minuta\" \/>\n<script type=\"application\/ld+json\" class=\"yoast-schema-graph\">{\"@context\":\"https:\/\/schema.org\",\"@graph\":[{\"@type\":\"WebPage\",\"@id\":\"https:\/\/www.oknobuild.com\/index.php\/produkt\/giacomini-r585cs-modularni-mozasny-rozdelovac-pro-sanitarni-systemy-nejprodavanejsi-13714\/\",\"url\":\"https:\/\/www.oknobuild.com\/index.php\/produkt\/giacomini-r585cs-modularni-mozasny-rozdelovac-pro-sanitarni-systemy-nejprodavanejsi-13714\/\",\"name\":\"Giacomini R585CS Modul\u00e1rn\u00ed mozasn\u00fd rozd\u011blova\u010d pro sanit\u00e1rn\u00ed syst\u00e9my Nejprod\u00e1van\u011bj\u0161\u00ed -\",\"isPartOf\":{\"@id\":\"https:\/\/www.oknobuild.com\/#website\"},\"primaryImageOfPage\":{\"@id\":\"https:\/\/www.oknobuild.com\/index.php\/produkt\/giacomini-r585cs-modularni-mozasny-rozdelovac-pro-sanitarni-systemy-nejprodavanejsi-13714\/#primaryimage\"},\"image\":{\"@id\":\"https:\/\/www.oknobuild.com\/index.php\/produkt\/giacomini-r585cs-modularni-mozasny-rozdelovac-pro-sanitarni-systemy-nejprodavanejsi-13714\/#primaryimage\"},\"thumbnailUrl\":\"https:\/\/www.oknobuild.com\/wp-content\/uploads\/2026\/SK0019680-CZ20260425-092632-0-1777080397-giacomini-r585cs-modularni-mozasny-rozdelovac-pro-sanitarni.webp\",\"datePublished\":\"2026-04-27T04:41:07+00:00\",\"breadcrumb\":{\"@id\":\"https:\/\/www.oknobuild.com\/index.php\/produkt\/giacomini-r585cs-modularni-mozasny-rozdelovac-pro-sanitarni-systemy-nejprodavanejsi-13714\/#breadcrumb\"},\"inLanguage\":\"cs\",\"potentialAction\":[{\"@type\":\"ReadAction\",\"target\":[\"https:\/\/www.oknobuild.com\/index.php\/produkt\/giacomini-r585cs-modularni-mozasny-rozdelovac-pro-sanitarni-systemy-nejprodavanejsi-13714\/\"]}]},{\"@type\":\"ImageObject\",\"inLanguage\":\"cs\",\"@id\":\"https:\/\/www.oknobuild.com\/index.php\/produkt\/giacomini-r585cs-modularni-mozasny-rozdelovac-pro-sanitarni-systemy-nejprodavanejsi-13714\/#primaryimage\",\"url\":\"https:\/\/www.oknobuild.com\/wp-content\/uploads\/2026\/SK0019680-CZ20260425-092632-0-1777080397-giacomini-r585cs-modularni-mozasny-rozdelovac-pro-sanitarni.webp\",\"contentUrl\":\"https:\/\/www.oknobuild.com\/wp-content\/uploads\/2026\/SK0019680-CZ20260425-092632-0-1777080397-giacomini-r585cs-modularni-mozasny-rozdelovac-pro-sanitarni.webp\",\"width\":600,\"height\":383},{\"@type\":\"BreadcrumbList\",\"@id\":\"https:\/\/www.oknobuild.com\/index.php\/produkt\/giacomini-r585cs-modularni-mozasny-rozdelovac-pro-sanitarni-systemy-nejprodavanejsi-13714\/#breadcrumb\",\"itemListElement\":[{\"@type\":\"ListItem\",\"position\":1,\"name\":\"Home\",\"item\":\"https:\/\/www.oknobuild.com\/\"},{\"@type\":\"ListItem\",\"position\":2,\"name\":\"Products\",\"item\":\"https:\/\/www.oknobuild.com\/index.php\/products\/\"},{\"@type\":\"ListItem\",\"position\":3,\"name\":\"Giacomini R585CS Modul\u00e1rn\u00ed mozasn\u00fd rozd\u011blova\u010d pro sanit\u00e1rn\u00ed syst\u00e9my Nejprod\u00e1van\u011bj\u0161\u00ed\"}]},{\"@type\":\"WebSite\",\"@id\":\"https:\/\/www.oknobuild.com\/#website\",\"url\":\"https:\/\/www.oknobuild.com\/\",\"name\":\"\",\"description\":\"\",\"potentialAction\":[{\"@type\":\"SearchAction\",\"target\":{\"@type\":\"EntryPoint\",\"urlTemplate\":\"https:\/\/www.oknobuild.com\/?s={search_term_string}\"},\"query-input\":{\"@type\":\"PropertyValueSpecification\",\"valueRequired\":true,\"valueName\":\"search_term_string\"}}],\"inLanguage\":\"cs\"}]}<\/script>\n<!-- \/ Yoast SEO plugin. -->","yoast_head_json":{"title":"Giacomini R585CS Modul\u00e1rn\u00ed mozasn\u00fd rozd\u011blova\u010d pro sanit\u00e1rn\u00ed syst\u00e9my Nejprod\u00e1van\u011bj\u0161\u00ed -","robots":{"index":"index","follow":"follow","max-snippet":"max-snippet:-1","max-image-preview":"max-image-preview:large","max-video-preview":"max-video-preview:-1"},"canonical":"https:\/\/www.oknobuild.com\/index.php\/produkt\/giacomini-r585cs-modularni-mozasny-rozdelovac-pro-sanitarni-systemy-nejprodavanejsi-13714\/","og_locale":"cs_CZ","og_type":"article","og_title":"Giacomini R585CS Modul\u00e1rn\u00ed mozasn\u00fd rozd\u011blova\u010d pro sanit\u00e1rn\u00ed syst\u00e9my Nejprod\u00e1van\u011bj\u0161\u00ed -","og_description":"Popis produktu Giacomini R585CS Modul\u00e1rn\u00ed mozasn\u00fd rozd\u011blova\u010d pro sanit\u00e1rn\u00ed syst\u00e9my Modulov\u00e9 rozd\u011blova\u010de z poniklovan\u00e9 mosazi pro rozvody sanit\u00e1rn\u00ed vody s uzav\u00edrac\u00edmi ventily. Jednotliv\u00e9 moduly jsou osazeny t\u011bsn\u00edc\u00edm O-krou\u017ekem pro jejich snadn\u00e9 sestaven\u00ed bez nutnosti pou\u017eit\u00ed n\u00e1\u0159ad\u00ed. Sou\u010d\u00e1st\u00ed rozd\u011blova\u010de jsou uzav\u00edrac\u00ed ventily s plastovou ovl\u00e1dac\u00ed hlavou a desti\u010dkami pro identifikaci za\u0159\u00edzen\u00ed napojen\u00fdch na jednot-liv\u00fdch v\u00fdvodech. Jako [&hellip;]","og_url":"https:\/\/www.oknobuild.com\/index.php\/produkt\/giacomini-r585cs-modularni-mozasny-rozdelovac-pro-sanitarni-systemy-nejprodavanejsi-13714\/","og_image":[{"width":600,"height":383,"url":"https:\/\/www.oknobuild.com\/wp-content\/uploads\/2026\/SK0019680-CZ20260425-092632-0-1777080397-giacomini-r585cs-modularni-mozasny-rozdelovac-pro-sanitarni.webp","type":"image\/webp"}],"twitter_card":"summary_large_image","twitter_misc":{"Odhadovan\u00e1 doba \u010dten\u00ed":"1 minuta"},"schema":{"@context":"https:\/\/schema.org","@graph":[{"@type":"WebPage","@id":"https:\/\/www.oknobuild.com\/index.php\/produkt\/giacomini-r585cs-modularni-mozasny-rozdelovac-pro-sanitarni-systemy-nejprodavanejsi-13714\/","url":"https:\/\/www.oknobuild.com\/index.php\/produkt\/giacomini-r585cs-modularni-mozasny-rozdelovac-pro-sanitarni-systemy-nejprodavanejsi-13714\/","name":"Giacomini R585CS Modul\u00e1rn\u00ed mozasn\u00fd rozd\u011blova\u010d pro sanit\u00e1rn\u00ed syst\u00e9my Nejprod\u00e1van\u011bj\u0161\u00ed -","isPartOf":{"@id":"https:\/\/www.oknobuild.com\/#website"},"primaryImageOfPage":{"@id":"https:\/\/www.oknobuild.com\/index.php\/produkt\/giacomini-r585cs-modularni-mozasny-rozdelovac-pro-sanitarni-systemy-nejprodavanejsi-13714\/#primaryimage"},"image":{"@id":"https:\/\/www.oknobuild.com\/index.php\/produkt\/giacomini-r585cs-modularni-mozasny-rozdelovac-pro-sanitarni-systemy-nejprodavanejsi-13714\/#primaryimage"},"thumbnailUrl":"https:\/\/www.oknobuild.com\/wp-content\/uploads\/2026\/SK0019680-CZ20260425-092632-0-1777080397-giacomini-r585cs-modularni-mozasny-rozdelovac-pro-sanitarni.webp","datePublished":"2026-04-27T04:41:07+00:00","breadcrumb":{"@id":"https:\/\/www.oknobuild.com\/index.php\/produkt\/giacomini-r585cs-modularni-mozasny-rozdelovac-pro-sanitarni-systemy-nejprodavanejsi-13714\/#breadcrumb"},"inLanguage":"cs","potentialAction":[{"@type":"ReadAction","target":["https:\/\/www.oknobuild.com\/index.php\/produkt\/giacomini-r585cs-modularni-mozasny-rozdelovac-pro-sanitarni-systemy-nejprodavanejsi-13714\/"]}]},{"@type":"ImageObject","inLanguage":"cs","@id":"https:\/\/www.oknobuild.com\/index.php\/produkt\/giacomini-r585cs-modularni-mozasny-rozdelovac-pro-sanitarni-systemy-nejprodavanejsi-13714\/#primaryimage","url":"https:\/\/www.oknobuild.com\/wp-content\/uploads\/2026\/SK0019680-CZ20260425-092632-0-1777080397-giacomini-r585cs-modularni-mozasny-rozdelovac-pro-sanitarni.webp","contentUrl":"https:\/\/www.oknobuild.com\/wp-content\/uploads\/2026\/SK0019680-CZ20260425-092632-0-1777080397-giacomini-r585cs-modularni-mozasny-rozdelovac-pro-sanitarni.webp","width":600,"height":383},{"@type":"BreadcrumbList","@id":"https:\/\/www.oknobuild.com\/index.php\/produkt\/giacomini-r585cs-modularni-mozasny-rozdelovac-pro-sanitarni-systemy-nejprodavanejsi-13714\/#breadcrumb","itemListElement":[{"@type":"ListItem","position":1,"name":"Home","item":"https:\/\/www.oknobuild.com\/"},{"@type":"ListItem","position":2,"name":"Products","item":"https:\/\/www.oknobuild.com\/index.php\/products\/"},{"@type":"ListItem","position":3,"name":"Giacomini R585CS Modul\u00e1rn\u00ed mozasn\u00fd rozd\u011blova\u010d pro sanit\u00e1rn\u00ed syst\u00e9my Nejprod\u00e1van\u011bj\u0161\u00ed"}]},{"@type":"WebSite","@id":"https:\/\/www.oknobuild.com\/#website","url":"https:\/\/www.oknobuild.com\/","name":"","description":"","potentialAction":[{"@type":"SearchAction","target":{"@type":"EntryPoint","urlTemplate":"https:\/\/www.oknobuild.com\/?s={search_term_string}"},"query-input":{"@type":"PropertyValueSpecification","valueRequired":true,"valueName":"search_term_string"}}],"inLanguage":"cs"}]}},"_links":{"self":[{"href":"https:\/\/www.oknobuild.com\/index.php\/wp-json\/wp\/v2\/product\/13714","targetHints":{"allow":["GET"]}}],"collection":[{"href":"https:\/\/www.oknobuild.com\/index.php\/wp-json\/wp\/v2\/product"}],"about":[{"href":"https:\/\/www.oknobuild.com\/index.php\/wp-json\/wp\/v2\/types\/product"}],"replies":[{"embeddable":true,"href":"https:\/\/www.oknobuild.com\/index.php\/wp-json\/wp\/v2\/comments?post=13714"}],"wp:featuredmedia":[{"embeddable":true,"href":"https:\/\/www.oknobuild.com\/index.php\/wp-json\/wp\/v2\/media\/13814"}],"wp:attachment":[{"href":"https:\/\/www.oknobuild.com\/index.php\/wp-json\/wp\/v2\/media?parent=13714"}],"wp:term":[{"taxonomy":"product_brand","embeddable":true,"href":"https:\/\/www.oknobuild.com\/index.php\/wp-json\/wp\/v2\/product_brand?post=13714"},{"taxonomy":"product_cat","embeddable":true,"href":"https:\/\/www.oknobuild.com\/index.php\/wp-json\/wp\/v2\/product_cat?post=13714"},{"taxonomy":"product_tag","embeddable":true,"href":"https:\/\/www.oknobuild.com\/index.php\/wp-json\/wp\/v2\/product_tag?post=13714"}],"curies":[{"name":"wp","href":"https:\/\/api.w.org\/{rel}","templated":true}]}}