{"id":13927,"date":"2026-04-27T04:41:07","date_gmt":"2026-04-27T04:41:07","guid":{"rendered":""},"modified":"2026-04-27T04:41:07","modified_gmt":"2026-04-27T04:41:07","slug":"znackovy-podomitkova-umyvadlova-baterie-rea-mason-cerna-rea-b0690-13927","status":"publish","type":"product","link":"https:\/\/www.oknobuild.com\/index.php\/produkt\/znackovy-podomitkova-umyvadlova-baterie-rea-mason-cerna-rea-b0690-13927\/","title":{"rendered":"Zna\u010dkov\u00fd Podom\u00edtkov\u00e1 umyvadlov\u00e1 baterie REA MASON \u010dern\u00e1 &#8211; REA-B0690"},"content":{"rendered":"<div class=\"ProductDetail-content NoFixImageContainer\" id=\"productDescription\">\n<div class=\"Heading\">\n<h2 class=\"Heading-title\">Popis produktu <span class=''>Podom\u00edtkov\u00e1 umyvadlov\u00e1 baterie REA MASON \u010dern\u00e1 &#8211; REA-B0690<\/span><\/h2>\n<\/p><\/div>\n<div class=\"ProductDetailContent\">                                                                    <\/div>\n<div class=\"ProductDetailContent\">\n<div class=\"ProductDetailContent-item\">\n<ul>\n<li>Typ baterie: <strong>umyvadlov\u00e1, vana<\/strong><\/li>\n<li>Zp\u016fsob mont\u00e1\u017ee: <strong>N\u00e1st\u011bnn\u00e1, Podom\u00edtkov\u00e1<\/strong><\/li>\n<li>Barva: <strong>\u010cern\u00e1<\/strong><\/li>\n<li>Typ v\u00fdtoku: <strong>Pevn\u00e1<\/strong><\/li>\n<li>Materi\u00e1l: <strong>Mosaz<\/strong><\/li>\n<li>Rozsah hubice: <strong>165<\/strong><\/li>\n<li>V\u00fd\u0161ka : <strong>100<\/strong><\/li>\n<li>Technologie povlakov\u00e1n\u00ed: <strong>Electroplating<\/strong><\/li>\n<li>Pr\u016fm\u011br p\u0159ipojen\u00ed: <strong>1\/2 palce<\/strong><\/li>\n<\/ul><\/div>\n<div class=\"ProductDetailContent-item\">\n<div style=\"background-color:#f9f9f9; border-left:5px solid #4caf50; border-radius:8px; box-shadow:0 4px 12px rgba(0,0,0,0.1); font-family:Arial,sans-serif; padding:25px 20px 20px 20px; position:relative\"><!-- Ikona info v lev\u00e9m horn\u00edm rohu --><\/p>\n<div style=\"align-items:center; background-color:#4caf50; border-radius:50%; color:#ffffff; display:flex; font-size:18px; font-weight:bold; height:30px; justify-content:center; left:-10px; position:absolute; top:-10px; width:30px\">i<\/div>\n<h3 style=\"margin-left:15px\">Jak a \u010d\u00edm \u010distit \u010dernou umyvadlovou baterii<\/h3>\n<p>\u010cern\u00e1 umyvadlov\u00e1 baterie vy\u017eaduje spr\u00e1vnou p\u00e9\u010di, aby si dlouhodob\u011b zachovala sv\u016fj elegantn\u00ed vzhled. Zde je n\u011bkolik tip\u016f, jak ji \u010distit a udr\u017eovat:<\/p>\n<p><strong>1. Pravideln\u00e9 \u010di\u0161t\u011bn\u00ed m\u011bkk\u00fdm had\u0159\u00edkem<\/strong><\/p>\n<p>Pou\u017e\u00edvejte m\u011bkk\u00fd had\u0159\u00edk nebo houbi\u010dku navlh\u010denou v tepl\u00e9 vod\u011b s jemn\u00fdm \u010distic\u00edm prost\u0159edkem. Vyhn\u011bte se abrazivn\u00edm houbi\u010dk\u00e1m, kter\u00e9 by mohly po\u0161kodit \u010dern\u00fd povrch.<\/p>\n<p><strong>2. Pou\u017eit\u00ed jemn\u00fdch \u010distic\u00edch prost\u0159edk\u016f<\/strong><\/p>\n<p>Nepou\u017e\u00edvejte agresivn\u00ed chemik\u00e1lie, b\u011blidla ani p\u0159\u00edpravky s chlorem \u010di alkoholem. Ide\u00e1ln\u00ed je sm\u011bs vody a jemn\u00e9ho sapon\u00e1tu nebo octa (v pom\u011bru 1:1).<\/p>\n<p><strong>3. Odstran\u011bn\u00ed vodn\u00edho kamene<\/strong><\/p>\n<p>Pokud se na umyvadlov\u00e9 baterii objev\u00ed vodn\u00ed k\u00e1men, aplikujte sm\u011bs vody a octa, nechte kr\u00e1tce p\u016fsobit a pot\u00e9 jemn\u011b ot\u0159ete. Nepou\u017e\u00edvejte hrub\u00e9 kart\u00e1\u010de ani dr\u00e1t\u011bnky.<\/p>\n<p><strong>4. D\u016fkladn\u00e9 osu\u0161en\u00ed po ka\u017ed\u00e9m pou\u017eit\u00ed<\/strong><\/p>\n<p>Aby se zabr\u00e1nilo tvorb\u011b skvrn od vodn\u00edch kapek, doporu\u010duje se \u010dernou baterii po ka\u017ed\u00e9m pou\u017eit\u00ed ot\u0159\u00edt such\u00fdm had\u0159\u00edkem.<\/p>\n<p>Pravidelnou p\u00e9\u010d\u00ed prodlou\u017e\u00edte \u017eivotnost <strong>\u010dern\u00e9 umyvadlov\u00e9 baterie<\/strong> a zachov\u00e1te jej\u00ed kr\u00e1sn\u00fd matn\u00fd nebo leskl\u00fd povrch bez skvrn a po\u0161kr\u00e1b\u00e1n\u00ed.<\/p>\n<\/div><\/div>\n<\/p><\/div>\n<\/p><\/div>\n<\/p><\/div>\n<\/p><\/div>\n","protected":false},"excerpt":{"rendered":"<p>Popis produktu Podom\u00edtkov\u00e1 umyvadlov\u00e1 baterie REA MASON \u010dern\u00e1 &#8211; REA-B0690 Typ baterie: umyvadlov\u00e1, vana Zp\u016fsob mont\u00e1\u017ee: N\u00e1st\u011bnn\u00e1, Podom\u00edtkov\u00e1 Barva: \u010cern\u00e1 Typ v\u00fdtoku: Pevn\u00e1 Materi\u00e1l: Mosaz Rozsah hubice: 165 V\u00fd\u0161ka : 100 Technologie povlakov\u00e1n\u00ed: Electroplating Pr\u016fm\u011br p\u0159ipojen\u00ed: 1\/2 palce i Jak a \u010d\u00edm \u010distit \u010dernou umyvadlovou baterii \u010cern\u00e1 umyvadlov\u00e1 baterie vy\u017eaduje spr\u00e1vnou p\u00e9\u010di, aby si dlouhodob\u011b [&hellip;]<\/p>\n","protected":false},"featured_media":14027,"comment_status":"open","ping_status":"open","template":"","meta":[],"product_brand":[],"product_cat":[65],"product_tag":[],"class_list":{"0":"post-13927","1":"product","2":"type-product","3":"status-publish","4":"has-post-thumbnail","6":"product_cat-koupelny","8":"first","9":"instock","10":"sale","11":"shipping-taxable","12":"purchasable","13":"product-type-simple"},"yoast_head":"<!-- This site is optimized with the Yoast SEO plugin v26.8 - https:\/\/yoast.com\/product\/yoast-seo-wordpress\/ -->\n<title>Zna\u010dkov\u00fd Podom\u00edtkov\u00e1 umyvadlov\u00e1 baterie REA MASON \u010dern\u00e1 - REA-B0690 -<\/title>\n<meta name=\"robots\" content=\"index, follow, max-snippet:-1, max-image-preview:large, max-video-preview:-1\" \/>\n<link rel=\"canonical\" href=\"https:\/\/www.oknobuild.com\/index.php\/produkt\/znackovy-podomitkova-umyvadlova-baterie-rea-mason-cerna-rea-b0690-13927\/\" \/>\n<meta property=\"og:locale\" content=\"cs_CZ\" \/>\n<meta property=\"og:type\" content=\"article\" \/>\n<meta property=\"og:title\" content=\"Zna\u010dkov\u00fd Podom\u00edtkov\u00e1 umyvadlov\u00e1 baterie REA MASON \u010dern\u00e1 - REA-B0690 -\" \/>\n<meta property=\"og:description\" content=\"Popis produktu Podom\u00edtkov\u00e1 umyvadlov\u00e1 baterie REA MASON \u010dern\u00e1 &#8211; REA-B0690 Typ baterie: umyvadlov\u00e1, vana Zp\u016fsob mont\u00e1\u017ee: N\u00e1st\u011bnn\u00e1, Podom\u00edtkov\u00e1 Barva: \u010cern\u00e1 Typ v\u00fdtoku: Pevn\u00e1 Materi\u00e1l: Mosaz Rozsah hubice: 165 V\u00fd\u0161ka : 100 Technologie povlakov\u00e1n\u00ed: Electroplating Pr\u016fm\u011br p\u0159ipojen\u00ed: 1\/2 palce i Jak a \u010d\u00edm \u010distit \u010dernou umyvadlovou baterii \u010cern\u00e1 umyvadlov\u00e1 baterie vy\u017eaduje spr\u00e1vnou p\u00e9\u010di, aby si dlouhodob\u011b [&hellip;]\" \/>\n<meta property=\"og:url\" content=\"https:\/\/www.oknobuild.com\/index.php\/produkt\/znackovy-podomitkova-umyvadlova-baterie-rea-mason-cerna-rea-b0690-13927\/\" \/>\n<meta property=\"og:image\" content=\"https:\/\/www.oknobuild.com\/wp-content\/uploads\/2026\/SK0019793-CZ20260425-092632-0-1777080397-podomitkova-umyvadlova-baterie-rea-mason-cerna-rea-b0690-91.webp\" \/>\n\t<meta property=\"og:image:width\" content=\"600\" \/>\n\t<meta property=\"og:image:height\" content=\"600\" \/>\n\t<meta property=\"og:image:type\" content=\"image\/webp\" \/>\n<meta name=\"twitter:card\" content=\"summary_large_image\" \/>\n<meta name=\"twitter:label1\" content=\"Odhadovan\u00e1 doba \u010dten\u00ed\" \/>\n\t<meta name=\"twitter:data1\" content=\"1 minuta\" \/>\n<script type=\"application\/ld+json\" class=\"yoast-schema-graph\">{\"@context\":\"https:\/\/schema.org\",\"@graph\":[{\"@type\":\"WebPage\",\"@id\":\"https:\/\/www.oknobuild.com\/index.php\/produkt\/znackovy-podomitkova-umyvadlova-baterie-rea-mason-cerna-rea-b0690-13927\/\",\"url\":\"https:\/\/www.oknobuild.com\/index.php\/produkt\/znackovy-podomitkova-umyvadlova-baterie-rea-mason-cerna-rea-b0690-13927\/\",\"name\":\"Zna\u010dkov\u00fd Podom\u00edtkov\u00e1 umyvadlov\u00e1 baterie REA MASON \u010dern\u00e1 - REA-B0690 -\",\"isPartOf\":{\"@id\":\"https:\/\/www.oknobuild.com\/#website\"},\"primaryImageOfPage\":{\"@id\":\"https:\/\/www.oknobuild.com\/index.php\/produkt\/znackovy-podomitkova-umyvadlova-baterie-rea-mason-cerna-rea-b0690-13927\/#primaryimage\"},\"image\":{\"@id\":\"https:\/\/www.oknobuild.com\/index.php\/produkt\/znackovy-podomitkova-umyvadlova-baterie-rea-mason-cerna-rea-b0690-13927\/#primaryimage\"},\"thumbnailUrl\":\"https:\/\/www.oknobuild.com\/wp-content\/uploads\/2026\/SK0019793-CZ20260425-092632-0-1777080397-podomitkova-umyvadlova-baterie-rea-mason-cerna-rea-b0690-91.webp\",\"datePublished\":\"2026-04-27T04:41:07+00:00\",\"breadcrumb\":{\"@id\":\"https:\/\/www.oknobuild.com\/index.php\/produkt\/znackovy-podomitkova-umyvadlova-baterie-rea-mason-cerna-rea-b0690-13927\/#breadcrumb\"},\"inLanguage\":\"cs\",\"potentialAction\":[{\"@type\":\"ReadAction\",\"target\":[\"https:\/\/www.oknobuild.com\/index.php\/produkt\/znackovy-podomitkova-umyvadlova-baterie-rea-mason-cerna-rea-b0690-13927\/\"]}]},{\"@type\":\"ImageObject\",\"inLanguage\":\"cs\",\"@id\":\"https:\/\/www.oknobuild.com\/index.php\/produkt\/znackovy-podomitkova-umyvadlova-baterie-rea-mason-cerna-rea-b0690-13927\/#primaryimage\",\"url\":\"https:\/\/www.oknobuild.com\/wp-content\/uploads\/2026\/SK0019793-CZ20260425-092632-0-1777080397-podomitkova-umyvadlova-baterie-rea-mason-cerna-rea-b0690-91.webp\",\"contentUrl\":\"https:\/\/www.oknobuild.com\/wp-content\/uploads\/2026\/SK0019793-CZ20260425-092632-0-1777080397-podomitkova-umyvadlova-baterie-rea-mason-cerna-rea-b0690-91.webp\",\"width\":600,\"height\":600},{\"@type\":\"BreadcrumbList\",\"@id\":\"https:\/\/www.oknobuild.com\/index.php\/produkt\/znackovy-podomitkova-umyvadlova-baterie-rea-mason-cerna-rea-b0690-13927\/#breadcrumb\",\"itemListElement\":[{\"@type\":\"ListItem\",\"position\":1,\"name\":\"Home\",\"item\":\"https:\/\/www.oknobuild.com\/\"},{\"@type\":\"ListItem\",\"position\":2,\"name\":\"Products\",\"item\":\"https:\/\/www.oknobuild.com\/index.php\/products\/\"},{\"@type\":\"ListItem\",\"position\":3,\"name\":\"Zna\u010dkov\u00fd Podom\u00edtkov\u00e1 umyvadlov\u00e1 baterie REA MASON \u010dern\u00e1 &#8211; REA-B0690\"}]},{\"@type\":\"WebSite\",\"@id\":\"https:\/\/www.oknobuild.com\/#website\",\"url\":\"https:\/\/www.oknobuild.com\/\",\"name\":\"\",\"description\":\"\",\"potentialAction\":[{\"@type\":\"SearchAction\",\"target\":{\"@type\":\"EntryPoint\",\"urlTemplate\":\"https:\/\/www.oknobuild.com\/?s={search_term_string}\"},\"query-input\":{\"@type\":\"PropertyValueSpecification\",\"valueRequired\":true,\"valueName\":\"search_term_string\"}}],\"inLanguage\":\"cs\"}]}<\/script>\n<!-- \/ Yoast SEO plugin. -->","yoast_head_json":{"title":"Zna\u010dkov\u00fd Podom\u00edtkov\u00e1 umyvadlov\u00e1 baterie REA MASON \u010dern\u00e1 - REA-B0690 -","robots":{"index":"index","follow":"follow","max-snippet":"max-snippet:-1","max-image-preview":"max-image-preview:large","max-video-preview":"max-video-preview:-1"},"canonical":"https:\/\/www.oknobuild.com\/index.php\/produkt\/znackovy-podomitkova-umyvadlova-baterie-rea-mason-cerna-rea-b0690-13927\/","og_locale":"cs_CZ","og_type":"article","og_title":"Zna\u010dkov\u00fd Podom\u00edtkov\u00e1 umyvadlov\u00e1 baterie REA MASON \u010dern\u00e1 - REA-B0690 -","og_description":"Popis produktu Podom\u00edtkov\u00e1 umyvadlov\u00e1 baterie REA MASON \u010dern\u00e1 &#8211; REA-B0690 Typ baterie: umyvadlov\u00e1, vana Zp\u016fsob mont\u00e1\u017ee: N\u00e1st\u011bnn\u00e1, Podom\u00edtkov\u00e1 Barva: \u010cern\u00e1 Typ v\u00fdtoku: Pevn\u00e1 Materi\u00e1l: Mosaz Rozsah hubice: 165 V\u00fd\u0161ka : 100 Technologie povlakov\u00e1n\u00ed: Electroplating Pr\u016fm\u011br p\u0159ipojen\u00ed: 1\/2 palce i Jak a \u010d\u00edm \u010distit \u010dernou umyvadlovou baterii \u010cern\u00e1 umyvadlov\u00e1 baterie vy\u017eaduje spr\u00e1vnou p\u00e9\u010di, aby si dlouhodob\u011b [&hellip;]","og_url":"https:\/\/www.oknobuild.com\/index.php\/produkt\/znackovy-podomitkova-umyvadlova-baterie-rea-mason-cerna-rea-b0690-13927\/","og_image":[{"width":600,"height":600,"url":"https:\/\/www.oknobuild.com\/wp-content\/uploads\/2026\/SK0019793-CZ20260425-092632-0-1777080397-podomitkova-umyvadlova-baterie-rea-mason-cerna-rea-b0690-91.webp","type":"image\/webp"}],"twitter_card":"summary_large_image","twitter_misc":{"Odhadovan\u00e1 doba \u010dten\u00ed":"1 minuta"},"schema":{"@context":"https:\/\/schema.org","@graph":[{"@type":"WebPage","@id":"https:\/\/www.oknobuild.com\/index.php\/produkt\/znackovy-podomitkova-umyvadlova-baterie-rea-mason-cerna-rea-b0690-13927\/","url":"https:\/\/www.oknobuild.com\/index.php\/produkt\/znackovy-podomitkova-umyvadlova-baterie-rea-mason-cerna-rea-b0690-13927\/","name":"Zna\u010dkov\u00fd Podom\u00edtkov\u00e1 umyvadlov\u00e1 baterie REA MASON \u010dern\u00e1 - REA-B0690 -","isPartOf":{"@id":"https:\/\/www.oknobuild.com\/#website"},"primaryImageOfPage":{"@id":"https:\/\/www.oknobuild.com\/index.php\/produkt\/znackovy-podomitkova-umyvadlova-baterie-rea-mason-cerna-rea-b0690-13927\/#primaryimage"},"image":{"@id":"https:\/\/www.oknobuild.com\/index.php\/produkt\/znackovy-podomitkova-umyvadlova-baterie-rea-mason-cerna-rea-b0690-13927\/#primaryimage"},"thumbnailUrl":"https:\/\/www.oknobuild.com\/wp-content\/uploads\/2026\/SK0019793-CZ20260425-092632-0-1777080397-podomitkova-umyvadlova-baterie-rea-mason-cerna-rea-b0690-91.webp","datePublished":"2026-04-27T04:41:07+00:00","breadcrumb":{"@id":"https:\/\/www.oknobuild.com\/index.php\/produkt\/znackovy-podomitkova-umyvadlova-baterie-rea-mason-cerna-rea-b0690-13927\/#breadcrumb"},"inLanguage":"cs","potentialAction":[{"@type":"ReadAction","target":["https:\/\/www.oknobuild.com\/index.php\/produkt\/znackovy-podomitkova-umyvadlova-baterie-rea-mason-cerna-rea-b0690-13927\/"]}]},{"@type":"ImageObject","inLanguage":"cs","@id":"https:\/\/www.oknobuild.com\/index.php\/produkt\/znackovy-podomitkova-umyvadlova-baterie-rea-mason-cerna-rea-b0690-13927\/#primaryimage","url":"https:\/\/www.oknobuild.com\/wp-content\/uploads\/2026\/SK0019793-CZ20260425-092632-0-1777080397-podomitkova-umyvadlova-baterie-rea-mason-cerna-rea-b0690-91.webp","contentUrl":"https:\/\/www.oknobuild.com\/wp-content\/uploads\/2026\/SK0019793-CZ20260425-092632-0-1777080397-podomitkova-umyvadlova-baterie-rea-mason-cerna-rea-b0690-91.webp","width":600,"height":600},{"@type":"BreadcrumbList","@id":"https:\/\/www.oknobuild.com\/index.php\/produkt\/znackovy-podomitkova-umyvadlova-baterie-rea-mason-cerna-rea-b0690-13927\/#breadcrumb","itemListElement":[{"@type":"ListItem","position":1,"name":"Home","item":"https:\/\/www.oknobuild.com\/"},{"@type":"ListItem","position":2,"name":"Products","item":"https:\/\/www.oknobuild.com\/index.php\/products\/"},{"@type":"ListItem","position":3,"name":"Zna\u010dkov\u00fd Podom\u00edtkov\u00e1 umyvadlov\u00e1 baterie REA MASON \u010dern\u00e1 &#8211; REA-B0690"}]},{"@type":"WebSite","@id":"https:\/\/www.oknobuild.com\/#website","url":"https:\/\/www.oknobuild.com\/","name":"","description":"","potentialAction":[{"@type":"SearchAction","target":{"@type":"EntryPoint","urlTemplate":"https:\/\/www.oknobuild.com\/?s={search_term_string}"},"query-input":{"@type":"PropertyValueSpecification","valueRequired":true,"valueName":"search_term_string"}}],"inLanguage":"cs"}]}},"_links":{"self":[{"href":"https:\/\/www.oknobuild.com\/index.php\/wp-json\/wp\/v2\/product\/13927","targetHints":{"allow":["GET"]}}],"collection":[{"href":"https:\/\/www.oknobuild.com\/index.php\/wp-json\/wp\/v2\/product"}],"about":[{"href":"https:\/\/www.oknobuild.com\/index.php\/wp-json\/wp\/v2\/types\/product"}],"replies":[{"embeddable":true,"href":"https:\/\/www.oknobuild.com\/index.php\/wp-json\/wp\/v2\/comments?post=13927"}],"wp:featuredmedia":[{"embeddable":true,"href":"https:\/\/www.oknobuild.com\/index.php\/wp-json\/wp\/v2\/media\/14027"}],"wp:attachment":[{"href":"https:\/\/www.oknobuild.com\/index.php\/wp-json\/wp\/v2\/media?parent=13927"}],"wp:term":[{"taxonomy":"product_brand","embeddable":true,"href":"https:\/\/www.oknobuild.com\/index.php\/wp-json\/wp\/v2\/product_brand?post=13927"},{"taxonomy":"product_cat","embeddable":true,"href":"https:\/\/www.oknobuild.com\/index.php\/wp-json\/wp\/v2\/product_cat?post=13927"},{"taxonomy":"product_tag","embeddable":true,"href":"https:\/\/www.oknobuild.com\/index.php\/wp-json\/wp\/v2\/product_tag?post=13927"}],"curies":[{"name":"wp","href":"https:\/\/api.w.org\/{rel}","templated":true}]}}