{"id":13958,"date":"2026-04-27T04:41:07","date_gmt":"2026-04-27T04:41:07","guid":{"rendered":""},"modified":"2026-04-27T04:41:07","modified_gmt":"2026-04-27T04:41:07","slug":"znackovy-rea-icon-drezova-stojankova-baterie-s-flexi-ramenem-cerna-zlata-rea-b5682-13958","status":"publish","type":"product","link":"https:\/\/www.oknobuild.com\/index.php\/produkt\/znackovy-rea-icon-drezova-stojankova-baterie-s-flexi-ramenem-cerna-zlata-rea-b5682-13958\/","title":{"rendered":"Zna\u010dkov\u00fd REA ICON D\u0159ezov\u00e1 stoj\u00e1nkov\u00e1 baterie s flexi ramenem \u010dern\u00e1-zlat\u00e1 &#8211; REA-B5682"},"content":{"rendered":"<div class=\"ProductDetail-content NoFixImageContainer\" id=\"productDescription\">\n<div class=\"Heading\">\n<h2 class=\"Heading-title\">Popis produktu <span class=''>REA ICON D\u0159ezov\u00e1 stoj\u00e1nkov\u00e1 baterie s flexi ramenem \u010dern\u00e1-zlat\u00e1 &#8211; REA-B5682<\/span><\/h2>\n<\/p><\/div>\n<div class=\"ProductDetailContent\">                                                                    <\/div>\n<div class=\"ProductDetailContent\">\n<div class=\"ProductDetailContent-item\">\n<ul>\n<li>Typ baterie: <strong>kuchyn\u011b<\/strong><\/li>\n<li>Zp\u016fsob mont\u00e1\u017ee: <strong>Stoj\u00e1nkov\u00e1<\/strong><\/li>\n<li>Barva: <strong>\u010cern\u00e1\/Zlat\u00e1<\/strong><\/li>\n<li>Typ v\u00fdtoku: <strong>Pohybliv\u00e1, Ohebn\u00e1<\/strong><\/li>\n<li>Materi\u00e1l: <strong>Mosaz<\/strong><\/li>\n<li>V\u00fd\u0161ka : <strong>520<\/strong><\/li>\n<li>Technologie povlakov\u00e1n\u00ed: <strong>Electroplating<\/strong><\/li>\n<li>Pr\u016fm\u011br p\u0159ipojen\u00ed: <strong>3\/8 palce<\/strong><\/li>\n<\/ul><\/div>\n<div class=\"ProductDetailContent-item\">\n<div style=\"background-color:#f9f9f9; border-left:5px solid #4caf50; border-radius:8px; box-shadow:0 4px 12px rgba(0,0,0,0.1); font-family:Arial,sans-serif; padding:25px 20px 20px 20px; position:relative\"><!-- Ikona info v lev\u00e9m horn\u00edm rohu --><\/p>\n<div style=\"align-items:center; background-color:#4caf50; border-radius:50%; color:#ffffff; display:flex; font-size:18px; font-weight:bold; height:30px; justify-content:center; left:-10px; position:absolute; top:-10px; width:30px\">i<\/div>\n<h3 style=\"margin-left:15px\">D\u0159ezov\u00e9 baterie s flexi ramenem \u2013 maxim\u00e1ln\u00ed flexibilita a komfort v kuchyni<\/h3>\n<p><strong>D\u0159ezov\u00e9 baterie s ohebn\u00fdm flexi ramenem<\/strong> jsou ide\u00e1ln\u00edm \u0159e\u0161en\u00edm pro ty, kte\u0159\u00ed hledaj\u00ed praktick\u00e9 a modern\u00ed vybaven\u00ed kuchyn\u011b. D\u00edky ohebn\u00e9mu rameni umo\u017e\u0148uj\u00ed snadn\u00e9 sm\u011brov\u00e1n\u00ed proudu vody p\u0159esn\u011b tam, kde je pot\u0159eba, co\u017e zjednodu\u0161uje myt\u00ed n\u00e1dob\u00ed, oplachov\u00e1n\u00ed ovoce a zeleniny nebo \u010di\u0161t\u011bn\u00ed d\u0159ezu.<\/p>\n<h3>Hlavn\u00ed v\u00fdhody d\u0159ezov\u00fdch bateri\u00ed s flexi silikonov\u00fdm ramenem:<\/h3>\n<p>\u2714 <strong>Flexibiln\u00ed ovl\u00e1d\u00e1n\u00ed<\/strong> \u2013 Ohebn\u00fd v\u00fdtok lze libovoln\u011b nastavovat podle aktu\u00e1ln\u00ed pot\u0159eby.<br \/>\u2714 <strong>Praktick\u00fd design<\/strong> \u2013 K dispozici v r\u016fzn\u00fdch barv\u00e1ch a materi\u00e1lech, v\u010detn\u011b elegantn\u00ed \u010dern\u00e9, nerezov\u00e9, nebo chromov\u00e9 varianty.<br \/>\u2714 <strong>\u00daspora vody<\/strong> \u2013 Modern\u00ed perl\u00e1tory pom\u00e1haj\u00ed sni\u017eovat spot\u0159ebu vody bez ztr\u00e1ty v\u00fdkonu.<br \/>\u2714 <strong>Snadn\u00e1 \u00fadr\u017eba<\/strong> \u2013 Povrch baterie je odoln\u00fd proti vodn\u00edmu kameni a snadno se \u010dist\u00ed.<\/p>\n<\/div><\/div>\n<\/p><\/div>\n<\/p><\/div>\n<\/p><\/div>\n<\/p><\/div>\n","protected":false},"excerpt":{"rendered":"<p>Popis produktu REA ICON D\u0159ezov\u00e1 stoj\u00e1nkov\u00e1 baterie s flexi ramenem \u010dern\u00e1-zlat\u00e1 &#8211; REA-B5682 Typ baterie: kuchyn\u011b Zp\u016fsob mont\u00e1\u017ee: Stoj\u00e1nkov\u00e1 Barva: \u010cern\u00e1\/Zlat\u00e1 Typ v\u00fdtoku: Pohybliv\u00e1, Ohebn\u00e1 Materi\u00e1l: Mosaz V\u00fd\u0161ka : 520 Technologie povlakov\u00e1n\u00ed: Electroplating Pr\u016fm\u011br p\u0159ipojen\u00ed: 3\/8 palce i D\u0159ezov\u00e9 baterie s flexi ramenem \u2013 maxim\u00e1ln\u00ed flexibilita a komfort v kuchyni D\u0159ezov\u00e9 baterie s ohebn\u00fdm flexi [&hellip;]<\/p>\n","protected":false},"featured_media":14058,"comment_status":"open","ping_status":"open","template":"","meta":[],"product_brand":[],"product_cat":[65],"product_tag":[],"class_list":{"0":"post-13958","1":"product","2":"type-product","3":"status-publish","4":"has-post-thumbnail","6":"product_cat-koupelny","8":"first","9":"instock","10":"sale","11":"shipping-taxable","12":"purchasable","13":"product-type-simple"},"yoast_head":"<!-- This site is optimized with the Yoast SEO plugin v26.8 - https:\/\/yoast.com\/product\/yoast-seo-wordpress\/ -->\n<title>Zna\u010dkov\u00fd REA ICON D\u0159ezov\u00e1 stoj\u00e1nkov\u00e1 baterie s flexi ramenem \u010dern\u00e1-zlat\u00e1 - REA-B5682 -<\/title>\n<meta name=\"robots\" content=\"index, follow, max-snippet:-1, max-image-preview:large, max-video-preview:-1\" \/>\n<link rel=\"canonical\" href=\"https:\/\/www.oknobuild.com\/index.php\/produkt\/znackovy-rea-icon-drezova-stojankova-baterie-s-flexi-ramenem-cerna-zlata-rea-b5682-13958\/\" \/>\n<meta property=\"og:locale\" content=\"cs_CZ\" \/>\n<meta property=\"og:type\" content=\"article\" \/>\n<meta property=\"og:title\" content=\"Zna\u010dkov\u00fd REA ICON D\u0159ezov\u00e1 stoj\u00e1nkov\u00e1 baterie s flexi ramenem \u010dern\u00e1-zlat\u00e1 - REA-B5682 -\" \/>\n<meta property=\"og:description\" content=\"Popis produktu REA ICON D\u0159ezov\u00e1 stoj\u00e1nkov\u00e1 baterie s flexi ramenem \u010dern\u00e1-zlat\u00e1 &#8211; REA-B5682 Typ baterie: kuchyn\u011b Zp\u016fsob mont\u00e1\u017ee: Stoj\u00e1nkov\u00e1 Barva: \u010cern\u00e1\/Zlat\u00e1 Typ v\u00fdtoku: Pohybliv\u00e1, Ohebn\u00e1 Materi\u00e1l: Mosaz V\u00fd\u0161ka : 520 Technologie povlakov\u00e1n\u00ed: Electroplating Pr\u016fm\u011br p\u0159ipojen\u00ed: 3\/8 palce i D\u0159ezov\u00e9 baterie s flexi ramenem \u2013 maxim\u00e1ln\u00ed flexibilita a komfort v kuchyni D\u0159ezov\u00e9 baterie s ohebn\u00fdm flexi [&hellip;]\" \/>\n<meta property=\"og:url\" content=\"https:\/\/www.oknobuild.com\/index.php\/produkt\/znackovy-rea-icon-drezova-stojankova-baterie-s-flexi-ramenem-cerna-zlata-rea-b5682-13958\/\" \/>\n<meta property=\"og:image\" content=\"https:\/\/www.oknobuild.com\/wp-content\/uploads\/2026\/SK0019824-CZ20260425-092632-0-1777080397-rea-icon-drezova-stojankova-baterie-s-flexi-ramenem-cerna-z.webp\" \/>\n\t<meta property=\"og:image:width\" content=\"600\" \/>\n\t<meta property=\"og:image:height\" content=\"600\" \/>\n\t<meta property=\"og:image:type\" content=\"image\/webp\" \/>\n<meta name=\"twitter:card\" content=\"summary_large_image\" \/>\n<meta name=\"twitter:label1\" content=\"Odhadovan\u00e1 doba \u010dten\u00ed\" \/>\n\t<meta name=\"twitter:data1\" content=\"1 minuta\" \/>\n<script type=\"application\/ld+json\" class=\"yoast-schema-graph\">{\"@context\":\"https:\/\/schema.org\",\"@graph\":[{\"@type\":\"WebPage\",\"@id\":\"https:\/\/www.oknobuild.com\/index.php\/produkt\/znackovy-rea-icon-drezova-stojankova-baterie-s-flexi-ramenem-cerna-zlata-rea-b5682-13958\/\",\"url\":\"https:\/\/www.oknobuild.com\/index.php\/produkt\/znackovy-rea-icon-drezova-stojankova-baterie-s-flexi-ramenem-cerna-zlata-rea-b5682-13958\/\",\"name\":\"Zna\u010dkov\u00fd REA ICON D\u0159ezov\u00e1 stoj\u00e1nkov\u00e1 baterie s flexi ramenem \u010dern\u00e1-zlat\u00e1 - REA-B5682 -\",\"isPartOf\":{\"@id\":\"https:\/\/www.oknobuild.com\/#website\"},\"primaryImageOfPage\":{\"@id\":\"https:\/\/www.oknobuild.com\/index.php\/produkt\/znackovy-rea-icon-drezova-stojankova-baterie-s-flexi-ramenem-cerna-zlata-rea-b5682-13958\/#primaryimage\"},\"image\":{\"@id\":\"https:\/\/www.oknobuild.com\/index.php\/produkt\/znackovy-rea-icon-drezova-stojankova-baterie-s-flexi-ramenem-cerna-zlata-rea-b5682-13958\/#primaryimage\"},\"thumbnailUrl\":\"https:\/\/www.oknobuild.com\/wp-content\/uploads\/2026\/SK0019824-CZ20260425-092632-0-1777080397-rea-icon-drezova-stojankova-baterie-s-flexi-ramenem-cerna-z.webp\",\"datePublished\":\"2026-04-27T04:41:07+00:00\",\"breadcrumb\":{\"@id\":\"https:\/\/www.oknobuild.com\/index.php\/produkt\/znackovy-rea-icon-drezova-stojankova-baterie-s-flexi-ramenem-cerna-zlata-rea-b5682-13958\/#breadcrumb\"},\"inLanguage\":\"cs\",\"potentialAction\":[{\"@type\":\"ReadAction\",\"target\":[\"https:\/\/www.oknobuild.com\/index.php\/produkt\/znackovy-rea-icon-drezova-stojankova-baterie-s-flexi-ramenem-cerna-zlata-rea-b5682-13958\/\"]}]},{\"@type\":\"ImageObject\",\"inLanguage\":\"cs\",\"@id\":\"https:\/\/www.oknobuild.com\/index.php\/produkt\/znackovy-rea-icon-drezova-stojankova-baterie-s-flexi-ramenem-cerna-zlata-rea-b5682-13958\/#primaryimage\",\"url\":\"https:\/\/www.oknobuild.com\/wp-content\/uploads\/2026\/SK0019824-CZ20260425-092632-0-1777080397-rea-icon-drezova-stojankova-baterie-s-flexi-ramenem-cerna-z.webp\",\"contentUrl\":\"https:\/\/www.oknobuild.com\/wp-content\/uploads\/2026\/SK0019824-CZ20260425-092632-0-1777080397-rea-icon-drezova-stojankova-baterie-s-flexi-ramenem-cerna-z.webp\",\"width\":600,\"height\":600},{\"@type\":\"BreadcrumbList\",\"@id\":\"https:\/\/www.oknobuild.com\/index.php\/produkt\/znackovy-rea-icon-drezova-stojankova-baterie-s-flexi-ramenem-cerna-zlata-rea-b5682-13958\/#breadcrumb\",\"itemListElement\":[{\"@type\":\"ListItem\",\"position\":1,\"name\":\"Home\",\"item\":\"https:\/\/www.oknobuild.com\/\"},{\"@type\":\"ListItem\",\"position\":2,\"name\":\"Products\",\"item\":\"https:\/\/www.oknobuild.com\/index.php\/products\/\"},{\"@type\":\"ListItem\",\"position\":3,\"name\":\"Zna\u010dkov\u00fd REA ICON D\u0159ezov\u00e1 stoj\u00e1nkov\u00e1 baterie s flexi ramenem \u010dern\u00e1-zlat\u00e1 &#8211; REA-B5682\"}]},{\"@type\":\"WebSite\",\"@id\":\"https:\/\/www.oknobuild.com\/#website\",\"url\":\"https:\/\/www.oknobuild.com\/\",\"name\":\"\",\"description\":\"\",\"potentialAction\":[{\"@type\":\"SearchAction\",\"target\":{\"@type\":\"EntryPoint\",\"urlTemplate\":\"https:\/\/www.oknobuild.com\/?s={search_term_string}\"},\"query-input\":{\"@type\":\"PropertyValueSpecification\",\"valueRequired\":true,\"valueName\":\"search_term_string\"}}],\"inLanguage\":\"cs\"}]}<\/script>\n<!-- \/ Yoast SEO plugin. -->","yoast_head_json":{"title":"Zna\u010dkov\u00fd REA ICON D\u0159ezov\u00e1 stoj\u00e1nkov\u00e1 baterie s flexi ramenem \u010dern\u00e1-zlat\u00e1 - REA-B5682 -","robots":{"index":"index","follow":"follow","max-snippet":"max-snippet:-1","max-image-preview":"max-image-preview:large","max-video-preview":"max-video-preview:-1"},"canonical":"https:\/\/www.oknobuild.com\/index.php\/produkt\/znackovy-rea-icon-drezova-stojankova-baterie-s-flexi-ramenem-cerna-zlata-rea-b5682-13958\/","og_locale":"cs_CZ","og_type":"article","og_title":"Zna\u010dkov\u00fd REA ICON D\u0159ezov\u00e1 stoj\u00e1nkov\u00e1 baterie s flexi ramenem \u010dern\u00e1-zlat\u00e1 - REA-B5682 -","og_description":"Popis produktu REA ICON D\u0159ezov\u00e1 stoj\u00e1nkov\u00e1 baterie s flexi ramenem \u010dern\u00e1-zlat\u00e1 &#8211; REA-B5682 Typ baterie: kuchyn\u011b Zp\u016fsob mont\u00e1\u017ee: Stoj\u00e1nkov\u00e1 Barva: \u010cern\u00e1\/Zlat\u00e1 Typ v\u00fdtoku: Pohybliv\u00e1, Ohebn\u00e1 Materi\u00e1l: Mosaz V\u00fd\u0161ka : 520 Technologie povlakov\u00e1n\u00ed: Electroplating Pr\u016fm\u011br p\u0159ipojen\u00ed: 3\/8 palce i D\u0159ezov\u00e9 baterie s flexi ramenem \u2013 maxim\u00e1ln\u00ed flexibilita a komfort v kuchyni D\u0159ezov\u00e9 baterie s ohebn\u00fdm flexi [&hellip;]","og_url":"https:\/\/www.oknobuild.com\/index.php\/produkt\/znackovy-rea-icon-drezova-stojankova-baterie-s-flexi-ramenem-cerna-zlata-rea-b5682-13958\/","og_image":[{"width":600,"height":600,"url":"https:\/\/www.oknobuild.com\/wp-content\/uploads\/2026\/SK0019824-CZ20260425-092632-0-1777080397-rea-icon-drezova-stojankova-baterie-s-flexi-ramenem-cerna-z.webp","type":"image\/webp"}],"twitter_card":"summary_large_image","twitter_misc":{"Odhadovan\u00e1 doba \u010dten\u00ed":"1 minuta"},"schema":{"@context":"https:\/\/schema.org","@graph":[{"@type":"WebPage","@id":"https:\/\/www.oknobuild.com\/index.php\/produkt\/znackovy-rea-icon-drezova-stojankova-baterie-s-flexi-ramenem-cerna-zlata-rea-b5682-13958\/","url":"https:\/\/www.oknobuild.com\/index.php\/produkt\/znackovy-rea-icon-drezova-stojankova-baterie-s-flexi-ramenem-cerna-zlata-rea-b5682-13958\/","name":"Zna\u010dkov\u00fd REA ICON D\u0159ezov\u00e1 stoj\u00e1nkov\u00e1 baterie s flexi ramenem \u010dern\u00e1-zlat\u00e1 - REA-B5682 -","isPartOf":{"@id":"https:\/\/www.oknobuild.com\/#website"},"primaryImageOfPage":{"@id":"https:\/\/www.oknobuild.com\/index.php\/produkt\/znackovy-rea-icon-drezova-stojankova-baterie-s-flexi-ramenem-cerna-zlata-rea-b5682-13958\/#primaryimage"},"image":{"@id":"https:\/\/www.oknobuild.com\/index.php\/produkt\/znackovy-rea-icon-drezova-stojankova-baterie-s-flexi-ramenem-cerna-zlata-rea-b5682-13958\/#primaryimage"},"thumbnailUrl":"https:\/\/www.oknobuild.com\/wp-content\/uploads\/2026\/SK0019824-CZ20260425-092632-0-1777080397-rea-icon-drezova-stojankova-baterie-s-flexi-ramenem-cerna-z.webp","datePublished":"2026-04-27T04:41:07+00:00","breadcrumb":{"@id":"https:\/\/www.oknobuild.com\/index.php\/produkt\/znackovy-rea-icon-drezova-stojankova-baterie-s-flexi-ramenem-cerna-zlata-rea-b5682-13958\/#breadcrumb"},"inLanguage":"cs","potentialAction":[{"@type":"ReadAction","target":["https:\/\/www.oknobuild.com\/index.php\/produkt\/znackovy-rea-icon-drezova-stojankova-baterie-s-flexi-ramenem-cerna-zlata-rea-b5682-13958\/"]}]},{"@type":"ImageObject","inLanguage":"cs","@id":"https:\/\/www.oknobuild.com\/index.php\/produkt\/znackovy-rea-icon-drezova-stojankova-baterie-s-flexi-ramenem-cerna-zlata-rea-b5682-13958\/#primaryimage","url":"https:\/\/www.oknobuild.com\/wp-content\/uploads\/2026\/SK0019824-CZ20260425-092632-0-1777080397-rea-icon-drezova-stojankova-baterie-s-flexi-ramenem-cerna-z.webp","contentUrl":"https:\/\/www.oknobuild.com\/wp-content\/uploads\/2026\/SK0019824-CZ20260425-092632-0-1777080397-rea-icon-drezova-stojankova-baterie-s-flexi-ramenem-cerna-z.webp","width":600,"height":600},{"@type":"BreadcrumbList","@id":"https:\/\/www.oknobuild.com\/index.php\/produkt\/znackovy-rea-icon-drezova-stojankova-baterie-s-flexi-ramenem-cerna-zlata-rea-b5682-13958\/#breadcrumb","itemListElement":[{"@type":"ListItem","position":1,"name":"Home","item":"https:\/\/www.oknobuild.com\/"},{"@type":"ListItem","position":2,"name":"Products","item":"https:\/\/www.oknobuild.com\/index.php\/products\/"},{"@type":"ListItem","position":3,"name":"Zna\u010dkov\u00fd REA ICON D\u0159ezov\u00e1 stoj\u00e1nkov\u00e1 baterie s flexi ramenem \u010dern\u00e1-zlat\u00e1 &#8211; REA-B5682"}]},{"@type":"WebSite","@id":"https:\/\/www.oknobuild.com\/#website","url":"https:\/\/www.oknobuild.com\/","name":"","description":"","potentialAction":[{"@type":"SearchAction","target":{"@type":"EntryPoint","urlTemplate":"https:\/\/www.oknobuild.com\/?s={search_term_string}"},"query-input":{"@type":"PropertyValueSpecification","valueRequired":true,"valueName":"search_term_string"}}],"inLanguage":"cs"}]}},"_links":{"self":[{"href":"https:\/\/www.oknobuild.com\/index.php\/wp-json\/wp\/v2\/product\/13958","targetHints":{"allow":["GET"]}}],"collection":[{"href":"https:\/\/www.oknobuild.com\/index.php\/wp-json\/wp\/v2\/product"}],"about":[{"href":"https:\/\/www.oknobuild.com\/index.php\/wp-json\/wp\/v2\/types\/product"}],"replies":[{"embeddable":true,"href":"https:\/\/www.oknobuild.com\/index.php\/wp-json\/wp\/v2\/comments?post=13958"}],"wp:featuredmedia":[{"embeddable":true,"href":"https:\/\/www.oknobuild.com\/index.php\/wp-json\/wp\/v2\/media\/14058"}],"wp:attachment":[{"href":"https:\/\/www.oknobuild.com\/index.php\/wp-json\/wp\/v2\/media?parent=13958"}],"wp:term":[{"taxonomy":"product_brand","embeddable":true,"href":"https:\/\/www.oknobuild.com\/index.php\/wp-json\/wp\/v2\/product_brand?post=13958"},{"taxonomy":"product_cat","embeddable":true,"href":"https:\/\/www.oknobuild.com\/index.php\/wp-json\/wp\/v2\/product_cat?post=13958"},{"taxonomy":"product_tag","embeddable":true,"href":"https:\/\/www.oknobuild.com\/index.php\/wp-json\/wp\/v2\/product_tag?post=13958"}],"curies":[{"name":"wp","href":"https:\/\/api.w.org\/{rel}","templated":true}]}}