{"id":14378,"date":"2026-04-27T04:41:08","date_gmt":"2026-04-27T04:41:08","guid":{"rendered":""},"modified":"2026-04-27T04:41:08","modified_gmt":"2026-04-27T04:41:08","slug":"zlevneny-bidetova-baterie-rea-tess-kartacovane-zlato-rea-b7010-14378","status":"publish","type":"product","link":"https:\/\/www.oknobuild.com\/produkt\/zlevneny-bidetova-baterie-rea-tess-kartacovane-zlato-rea-b7010-14378\/","title":{"rendered":"Zlevn\u011bn\u00fd Bidetov\u00e1 baterie REA Tess kart\u00e1\u010dovan\u00e9 zlato &#8211; REA-B7010"},"content":{"rendered":"<div class=\"ProductDetail-content NoFixImageContainer\" id=\"productDescription\">\n<div class=\"Heading\">\n<h2 class=\"Heading-title\">Popis produktu <span class=''>Bidetov\u00e1 baterie REA Tess kart\u00e1\u010dovan\u00e9 zlato &#8211; REA-B7010<\/span><\/h2>\n<\/p><\/div>\n<div class=\"ProductDetailContent\">                                                                    <\/div>\n<div class=\"ProductDetailContent\">\n<div class=\"ProductDetailContent-item\">\n<ul>\n<li>Typ baterie: <strong>bidet<\/strong><\/li>\n<li>Zp\u016fsob mont\u00e1\u017ee: <strong>Stoj\u00e1nkov\u00e1<\/strong><\/li>\n<li>Barva: <strong>Brou\u0161en\u00e9 zlato<\/strong><\/li>\n<li>Typ v\u00fdtoku: <strong>Pohybliv\u00e1<\/strong><\/li>\n<li>Materi\u00e1l: <strong>Mosaz<\/strong><\/li>\n<li>Rozsah hubice: <strong>90<\/strong><\/li>\n<li>V\u00fd\u0161ka : <strong>185<\/strong><\/li>\n<li>Technologie povlakov\u00e1n\u00ed: <strong>PVD<\/strong><\/li>\n<li>Pr\u016fm\u011br p\u0159ipojen\u00ed: <strong>3\/8 palce<\/strong><\/li>\n<\/ul><\/div>\n<\/p><\/div>\n<\/p><\/div>\n<\/p><\/div>\n<\/p><\/div>\n","protected":false},"excerpt":{"rendered":"<p>Popis produktu Bidetov\u00e1 baterie REA Tess kart\u00e1\u010dovan\u00e9 zlato &#8211; REA-B7010 Typ baterie: bidet Zp\u016fsob mont\u00e1\u017ee: Stoj\u00e1nkov\u00e1 Barva: Brou\u0161en\u00e9 zlato Typ v\u00fdtoku: Pohybliv\u00e1 Materi\u00e1l: Mosaz Rozsah hubice: 90 V\u00fd\u0161ka : 185 Technologie povlakov\u00e1n\u00ed: PVD Pr\u016fm\u011br p\u0159ipojen\u00ed: 3\/8 palce<\/p>\n","protected":false},"featured_media":14478,"template":"","meta":[],"product_brand":[],"product_cat":[65],"product_tag":[],"class_list":{"0":"post-14378","1":"product","2":"type-product","3":"status-publish","4":"has-post-thumbnail","6":"product_cat-koupelny","8":"first","9":"instock","10":"sale","11":"shipping-taxable","12":"purchasable","13":"product-type-simple"},"yoast_head":"<!-- This site is optimized with the Yoast SEO plugin v26.8 - https:\/\/yoast.com\/product\/yoast-seo-wordpress\/ -->\n<title>Zlevn\u011bn\u00fd Bidetov\u00e1 baterie REA Tess kart\u00e1\u010dovan\u00e9 zlato - REA-B7010 - Stavebn\u00ed materi\u00e1ly a vybaven\u00ed dom\u00e1cnosti<\/title>\n<meta name=\"robots\" content=\"index, follow, max-snippet:-1, max-image-preview:large, max-video-preview:-1\" \/>\n<link rel=\"canonical\" href=\"https:\/\/www.oknobuild.com\/index.php\/produkt\/zlevneny-bidetova-baterie-rea-tess-kartacovane-zlato-rea-b7010-14378\/\" \/>\n<meta property=\"og:locale\" content=\"cs_CZ\" \/>\n<meta property=\"og:type\" content=\"article\" \/>\n<meta property=\"og:title\" content=\"Zlevn\u011bn\u00fd Bidetov\u00e1 baterie REA Tess kart\u00e1\u010dovan\u00e9 zlato - REA-B7010 - Stavebn\u00ed materi\u00e1ly a vybaven\u00ed dom\u00e1cnosti\" \/>\n<meta property=\"og:description\" content=\"Popis produktu Bidetov\u00e1 baterie REA Tess kart\u00e1\u010dovan\u00e9 zlato &#8211; REA-B7010 Typ baterie: bidet Zp\u016fsob mont\u00e1\u017ee: Stoj\u00e1nkov\u00e1 Barva: Brou\u0161en\u00e9 zlato Typ v\u00fdtoku: Pohybliv\u00e1 Materi\u00e1l: Mosaz Rozsah hubice: 90 V\u00fd\u0161ka : 185 Technologie povlakov\u00e1n\u00ed: PVD Pr\u016fm\u011br p\u0159ipojen\u00ed: 3\/8 palce\" \/>\n<meta property=\"og:url\" content=\"https:\/\/www.oknobuild.com\/index.php\/produkt\/zlevneny-bidetova-baterie-rea-tess-kartacovane-zlato-rea-b7010-14378\/\" \/>\n<meta property=\"og:site_name\" content=\"Stavebn\u00ed materi\u00e1ly a vybaven\u00ed dom\u00e1cnosti\" \/>\n<meta property=\"og:image\" content=\"https:\/\/www.oknobuild.com\/wp-content\/uploads\/2026\/SK0020044-CZ20260425-092632-0-1777080397-bidetova-baterie-rea-tess-kartacovane-zlato-rea-b7010-92101.webp\" \/>\n\t<meta property=\"og:image:width\" content=\"600\" \/>\n\t<meta property=\"og:image:height\" content=\"600\" \/>\n\t<meta property=\"og:image:type\" content=\"image\/webp\" \/>\n<meta name=\"twitter:card\" content=\"summary_large_image\" \/>\n<script type=\"application\/ld+json\" class=\"yoast-schema-graph\">{\"@context\":\"https:\/\/schema.org\",\"@graph\":[{\"@type\":\"WebPage\",\"@id\":\"https:\/\/www.oknobuild.com\/index.php\/produkt\/zlevneny-bidetova-baterie-rea-tess-kartacovane-zlato-rea-b7010-14378\/\",\"url\":\"https:\/\/www.oknobuild.com\/index.php\/produkt\/zlevneny-bidetova-baterie-rea-tess-kartacovane-zlato-rea-b7010-14378\/\",\"name\":\"Zlevn\u011bn\u00fd Bidetov\u00e1 baterie REA Tess kart\u00e1\u010dovan\u00e9 zlato - REA-B7010 - Stavebn\u00ed materi\u00e1ly a vybaven\u00ed dom\u00e1cnosti\",\"isPartOf\":{\"@id\":\"https:\/\/www.oknobuild.com\/#website\"},\"primaryImageOfPage\":{\"@id\":\"https:\/\/www.oknobuild.com\/index.php\/produkt\/zlevneny-bidetova-baterie-rea-tess-kartacovane-zlato-rea-b7010-14378\/#primaryimage\"},\"image\":{\"@id\":\"https:\/\/www.oknobuild.com\/index.php\/produkt\/zlevneny-bidetova-baterie-rea-tess-kartacovane-zlato-rea-b7010-14378\/#primaryimage\"},\"thumbnailUrl\":\"https:\/\/www.oknobuild.com\/wp-content\/uploads\/2026\/SK0020044-CZ20260425-092632-0-1777080397-bidetova-baterie-rea-tess-kartacovane-zlato-rea-b7010-92101.webp\",\"datePublished\":\"2026-04-27T04:41:08+00:00\",\"breadcrumb\":{\"@id\":\"https:\/\/www.oknobuild.com\/index.php\/produkt\/zlevneny-bidetova-baterie-rea-tess-kartacovane-zlato-rea-b7010-14378\/#breadcrumb\"},\"inLanguage\":\"cs\",\"potentialAction\":[{\"@type\":\"ReadAction\",\"target\":[\"https:\/\/www.oknobuild.com\/index.php\/produkt\/zlevneny-bidetova-baterie-rea-tess-kartacovane-zlato-rea-b7010-14378\/\"]}]},{\"@type\":\"ImageObject\",\"inLanguage\":\"cs\",\"@id\":\"https:\/\/www.oknobuild.com\/index.php\/produkt\/zlevneny-bidetova-baterie-rea-tess-kartacovane-zlato-rea-b7010-14378\/#primaryimage\",\"url\":\"https:\/\/www.oknobuild.com\/wp-content\/uploads\/2026\/SK0020044-CZ20260425-092632-0-1777080397-bidetova-baterie-rea-tess-kartacovane-zlato-rea-b7010-92101.webp\",\"contentUrl\":\"https:\/\/www.oknobuild.com\/wp-content\/uploads\/2026\/SK0020044-CZ20260425-092632-0-1777080397-bidetova-baterie-rea-tess-kartacovane-zlato-rea-b7010-92101.webp\",\"width\":600,\"height\":600},{\"@type\":\"BreadcrumbList\",\"@id\":\"https:\/\/www.oknobuild.com\/index.php\/produkt\/zlevneny-bidetova-baterie-rea-tess-kartacovane-zlato-rea-b7010-14378\/#breadcrumb\",\"itemListElement\":[{\"@type\":\"ListItem\",\"position\":1,\"name\":\"Home\",\"item\":\"https:\/\/www.oknobuild.com\/\"},{\"@type\":\"ListItem\",\"position\":2,\"name\":\"Products\",\"item\":\"https:\/\/www.oknobuild.com\/products\/\"},{\"@type\":\"ListItem\",\"position\":3,\"name\":\"Zlevn\u011bn\u00fd Bidetov\u00e1 baterie REA Tess kart\u00e1\u010dovan\u00e9 zlato &#8211; REA-B7010\"}]},{\"@type\":\"WebSite\",\"@id\":\"https:\/\/www.oknobuild.com\/#website\",\"url\":\"https:\/\/www.oknobuild.com\/\",\"name\":\"Stavebn\u00ed materi\u00e1ly a vybaven\u00ed dom\u00e1cnosti\",\"description\":\"Stavebn\u00ed materi\u00e1ly a vybaven\u00ed dom\u00e1cnosti\",\"publisher\":{\"@id\":\"https:\/\/www.oknobuild.com\/#organization\"},\"potentialAction\":[{\"@type\":\"SearchAction\",\"target\":{\"@type\":\"EntryPoint\",\"urlTemplate\":\"https:\/\/www.oknobuild.com\/?s={search_term_string}\"},\"query-input\":{\"@type\":\"PropertyValueSpecification\",\"valueRequired\":true,\"valueName\":\"search_term_string\"}}],\"inLanguage\":\"cs\"},{\"@type\":\"Organization\",\"@id\":\"https:\/\/www.oknobuild.com\/#organization\",\"name\":\"Stavebn\u00ed materi\u00e1ly a vybaven\u00ed dom\u00e1cnosti\",\"url\":\"https:\/\/www.oknobuild.com\/\",\"logo\":{\"@type\":\"ImageObject\",\"inLanguage\":\"cs\",\"@id\":\"https:\/\/www.oknobuild.com\/#\/schema\/logo\/image\/\",\"url\":\"https:\/\/www.oknobuild.com\/wp-content\/uploads\/2026\/04\/oknobuild_logo.svg\",\"contentUrl\":\"https:\/\/www.oknobuild.com\/wp-content\/uploads\/2026\/04\/oknobuild_logo.svg\",\"width\":720,\"height\":180,\"caption\":\"Stavebn\u00ed materi\u00e1ly a vybaven\u00ed dom\u00e1cnosti\"},\"image\":{\"@id\":\"https:\/\/www.oknobuild.com\/#\/schema\/logo\/image\/\"}}]}<\/script>\n<!-- \/ Yoast SEO plugin. -->","yoast_head_json":{"title":"Zlevn\u011bn\u00fd Bidetov\u00e1 baterie REA Tess kart\u00e1\u010dovan\u00e9 zlato - REA-B7010 - Stavebn\u00ed materi\u00e1ly a vybaven\u00ed dom\u00e1cnosti","robots":{"index":"index","follow":"follow","max-snippet":"max-snippet:-1","max-image-preview":"max-image-preview:large","max-video-preview":"max-video-preview:-1"},"canonical":"https:\/\/www.oknobuild.com\/index.php\/produkt\/zlevneny-bidetova-baterie-rea-tess-kartacovane-zlato-rea-b7010-14378\/","og_locale":"cs_CZ","og_type":"article","og_title":"Zlevn\u011bn\u00fd Bidetov\u00e1 baterie REA Tess kart\u00e1\u010dovan\u00e9 zlato - REA-B7010 - Stavebn\u00ed materi\u00e1ly a vybaven\u00ed dom\u00e1cnosti","og_description":"Popis produktu Bidetov\u00e1 baterie REA Tess kart\u00e1\u010dovan\u00e9 zlato &#8211; REA-B7010 Typ baterie: bidet Zp\u016fsob mont\u00e1\u017ee: Stoj\u00e1nkov\u00e1 Barva: Brou\u0161en\u00e9 zlato Typ v\u00fdtoku: Pohybliv\u00e1 Materi\u00e1l: Mosaz Rozsah hubice: 90 V\u00fd\u0161ka : 185 Technologie povlakov\u00e1n\u00ed: PVD Pr\u016fm\u011br p\u0159ipojen\u00ed: 3\/8 palce","og_url":"https:\/\/www.oknobuild.com\/index.php\/produkt\/zlevneny-bidetova-baterie-rea-tess-kartacovane-zlato-rea-b7010-14378\/","og_site_name":"Stavebn\u00ed materi\u00e1ly a vybaven\u00ed dom\u00e1cnosti","og_image":[{"width":600,"height":600,"url":"https:\/\/www.oknobuild.com\/wp-content\/uploads\/2026\/SK0020044-CZ20260425-092632-0-1777080397-bidetova-baterie-rea-tess-kartacovane-zlato-rea-b7010-92101.webp","type":"image\/webp"}],"twitter_card":"summary_large_image","schema":{"@context":"https:\/\/schema.org","@graph":[{"@type":"WebPage","@id":"https:\/\/www.oknobuild.com\/index.php\/produkt\/zlevneny-bidetova-baterie-rea-tess-kartacovane-zlato-rea-b7010-14378\/","url":"https:\/\/www.oknobuild.com\/index.php\/produkt\/zlevneny-bidetova-baterie-rea-tess-kartacovane-zlato-rea-b7010-14378\/","name":"Zlevn\u011bn\u00fd Bidetov\u00e1 baterie REA Tess kart\u00e1\u010dovan\u00e9 zlato - REA-B7010 - Stavebn\u00ed materi\u00e1ly a vybaven\u00ed dom\u00e1cnosti","isPartOf":{"@id":"https:\/\/www.oknobuild.com\/#website"},"primaryImageOfPage":{"@id":"https:\/\/www.oknobuild.com\/index.php\/produkt\/zlevneny-bidetova-baterie-rea-tess-kartacovane-zlato-rea-b7010-14378\/#primaryimage"},"image":{"@id":"https:\/\/www.oknobuild.com\/index.php\/produkt\/zlevneny-bidetova-baterie-rea-tess-kartacovane-zlato-rea-b7010-14378\/#primaryimage"},"thumbnailUrl":"https:\/\/www.oknobuild.com\/wp-content\/uploads\/2026\/SK0020044-CZ20260425-092632-0-1777080397-bidetova-baterie-rea-tess-kartacovane-zlato-rea-b7010-92101.webp","datePublished":"2026-04-27T04:41:08+00:00","breadcrumb":{"@id":"https:\/\/www.oknobuild.com\/index.php\/produkt\/zlevneny-bidetova-baterie-rea-tess-kartacovane-zlato-rea-b7010-14378\/#breadcrumb"},"inLanguage":"cs","potentialAction":[{"@type":"ReadAction","target":["https:\/\/www.oknobuild.com\/index.php\/produkt\/zlevneny-bidetova-baterie-rea-tess-kartacovane-zlato-rea-b7010-14378\/"]}]},{"@type":"ImageObject","inLanguage":"cs","@id":"https:\/\/www.oknobuild.com\/index.php\/produkt\/zlevneny-bidetova-baterie-rea-tess-kartacovane-zlato-rea-b7010-14378\/#primaryimage","url":"https:\/\/www.oknobuild.com\/wp-content\/uploads\/2026\/SK0020044-CZ20260425-092632-0-1777080397-bidetova-baterie-rea-tess-kartacovane-zlato-rea-b7010-92101.webp","contentUrl":"https:\/\/www.oknobuild.com\/wp-content\/uploads\/2026\/SK0020044-CZ20260425-092632-0-1777080397-bidetova-baterie-rea-tess-kartacovane-zlato-rea-b7010-92101.webp","width":600,"height":600},{"@type":"BreadcrumbList","@id":"https:\/\/www.oknobuild.com\/index.php\/produkt\/zlevneny-bidetova-baterie-rea-tess-kartacovane-zlato-rea-b7010-14378\/#breadcrumb","itemListElement":[{"@type":"ListItem","position":1,"name":"Home","item":"https:\/\/www.oknobuild.com\/"},{"@type":"ListItem","position":2,"name":"Products","item":"https:\/\/www.oknobuild.com\/products\/"},{"@type":"ListItem","position":3,"name":"Zlevn\u011bn\u00fd Bidetov\u00e1 baterie REA Tess kart\u00e1\u010dovan\u00e9 zlato &#8211; REA-B7010"}]},{"@type":"WebSite","@id":"https:\/\/www.oknobuild.com\/#website","url":"https:\/\/www.oknobuild.com\/","name":"Stavebn\u00ed materi\u00e1ly a vybaven\u00ed dom\u00e1cnosti","description":"Stavebn\u00ed materi\u00e1ly a vybaven\u00ed dom\u00e1cnosti","publisher":{"@id":"https:\/\/www.oknobuild.com\/#organization"},"potentialAction":[{"@type":"SearchAction","target":{"@type":"EntryPoint","urlTemplate":"https:\/\/www.oknobuild.com\/?s={search_term_string}"},"query-input":{"@type":"PropertyValueSpecification","valueRequired":true,"valueName":"search_term_string"}}],"inLanguage":"cs"},{"@type":"Organization","@id":"https:\/\/www.oknobuild.com\/#organization","name":"Stavebn\u00ed materi\u00e1ly a vybaven\u00ed dom\u00e1cnosti","url":"https:\/\/www.oknobuild.com\/","logo":{"@type":"ImageObject","inLanguage":"cs","@id":"https:\/\/www.oknobuild.com\/#\/schema\/logo\/image\/","url":"https:\/\/www.oknobuild.com\/wp-content\/uploads\/2026\/04\/oknobuild_logo.svg","contentUrl":"https:\/\/www.oknobuild.com\/wp-content\/uploads\/2026\/04\/oknobuild_logo.svg","width":720,"height":180,"caption":"Stavebn\u00ed materi\u00e1ly a vybaven\u00ed dom\u00e1cnosti"},"image":{"@id":"https:\/\/www.oknobuild.com\/#\/schema\/logo\/image\/"}}]}},"_links":{"self":[{"href":"https:\/\/www.oknobuild.com\/wp-json\/wp\/v2\/product\/14378","targetHints":{"allow":["GET"]}}],"collection":[{"href":"https:\/\/www.oknobuild.com\/wp-json\/wp\/v2\/product"}],"about":[{"href":"https:\/\/www.oknobuild.com\/wp-json\/wp\/v2\/types\/product"}],"wp:featuredmedia":[{"embeddable":true,"href":"https:\/\/www.oknobuild.com\/wp-json\/wp\/v2\/media\/14478"}],"wp:attachment":[{"href":"https:\/\/www.oknobuild.com\/wp-json\/wp\/v2\/media?parent=14378"}],"wp:term":[{"taxonomy":"product_brand","embeddable":true,"href":"https:\/\/www.oknobuild.com\/wp-json\/wp\/v2\/product_brand?post=14378"},{"taxonomy":"product_cat","embeddable":true,"href":"https:\/\/www.oknobuild.com\/wp-json\/wp\/v2\/product_cat?post=14378"},{"taxonomy":"product_tag","embeddable":true,"href":"https:\/\/www.oknobuild.com\/wp-json\/wp\/v2\/product_tag?post=14378"}],"curies":[{"name":"wp","href":"https:\/\/api.w.org\/{rel}","templated":true}]}}