{"id":14538,"date":"2026-04-27T04:41:09","date_gmt":"2026-04-27T04:41:09","guid":{"rendered":""},"modified":"2026-04-27T04:41:09","modified_gmt":"2026-04-27T04:41:09","slug":"kerasan-inka-odkladna-keramicka-deska-12x35-5cm-zebra-341533-horka-nabidka-14538","status":"publish","type":"product","link":"https:\/\/www.oknobuild.com\/index.php\/produkt\/kerasan-inka-odkladna-keramicka-deska-12x35-5cm-zebra-341533-horka-nabidka-14538\/","title":{"rendered":"Kerasan INKA odkladn\u00e1 keramick\u00e1 deska 12&#215;35, 5cm, zebra 341533 Hork\u00e1 Nab\u00eddka"},"content":{"rendered":"<div class=\"tabs__content-outer\" id=\"tab_description\" data-hash=\"description\" data-tabindex=\"-1\">\n<div class=\"tabs__content toggle_description\" id=\"content_description\">\n<div class=\"wysiwyg-content\">\n<div class=\"product__tab product__description full-width\">\n<div class=\"container\">\n<div >\n<h3>Kerasan INKA odkladn\u00e1 keramick\u00e1 deska 12&#215;35, 5cm, zebra 341533<\/h3>\n<p style=\"text-align: justify;\">Sanit\u00e1rn\u00ed keramika INKA je jedine\u010dn\u00fdm projektem spole\u010dnosti Kerasan. Jedn\u00e1 se o&nbsp;dv\u011b velikosti umyvadel, kter\u00e1 jsou k&nbsp;dost\u00e1n\u00ed v&nbsp;b\u00edl\u00e9 a \u010dern\u00e9 barv\u011b. S\u00e9rii dopl\u0148uj\u00ed keramick\u00e9 desky slou\u017e\u00edc\u00ed jako odkladn\u00e9 plochy. Desky jsou nab\u00edzen\u00e9 v r\u016fzn\u00fdch rozm\u011brech s&nbsp;n\u011bkolika barevn\u00fdmi proveden\u00edmi a dekory. Umyvadla a desky lze libovoln\u011b kombinovat.<\/p>\n<p><\/p>\n<p><b>Vlastnosti<\/b><\/p>\n<ul>\n<li><span>Materi\u00e1l:<\/span> Keramika<\/li>\n<li><span>Barva:<\/span> \u010cern\u00e1<\/li>\n<li><span>Rozm\u011br:<\/span> 12&#215;35,5 cm<\/li>\n<li><span>\u0160\u00ed\u0159ka:<\/span> 120 mm<\/li>\n<li><span>Hloubka:<\/span> 355 mm<\/li>\n<li><span>Dekor:<\/span> Zebra<\/li>\n<\/ul>\n<\/div><\/div>\n<\/p><\/div>\n<\/p><\/div>\n<\/p><\/div>\n","protected":false},"excerpt":{"rendered":"<p>Kerasan INKA odkladn\u00e1 keramick\u00e1 deska 12&#215;35, 5cm, zebra 341533 Sanit\u00e1rn\u00ed keramika INKA je jedine\u010dn\u00fdm projektem spole\u010dnosti Kerasan. Jedn\u00e1 se o&nbsp;dv\u011b velikosti umyvadel, kter\u00e1 jsou k&nbsp;dost\u00e1n\u00ed v&nbsp;b\u00edl\u00e9 a \u010dern\u00e9 barv\u011b. S\u00e9rii dopl\u0148uj\u00ed keramick\u00e9 desky slou\u017e\u00edc\u00ed jako odkladn\u00e9 plochy. Desky jsou nab\u00edzen\u00e9 v r\u016fzn\u00fdch rozm\u011brech s&nbsp;n\u011bkolika barevn\u00fdmi proveden\u00edmi a dekory. Umyvadla a desky lze libovoln\u011b kombinovat. Vlastnosti [&hellip;]<\/p>\n","protected":false},"featured_media":14638,"comment_status":"open","ping_status":"open","template":"","meta":[],"product_brand":[],"product_cat":[71],"product_tag":[],"class_list":{"0":"post-14538","1":"product","2":"type-product","3":"status-publish","4":"has-post-thumbnail","6":"product_cat-koupelna","8":"first","9":"instock","10":"sale","11":"shipping-taxable","12":"purchasable","13":"product-type-simple"},"yoast_head":"<!-- This site is optimized with the Yoast SEO plugin v26.8 - https:\/\/yoast.com\/product\/yoast-seo-wordpress\/ -->\n<title>Kerasan INKA odkladn\u00e1 keramick\u00e1 deska 12x35, 5cm, zebra 341533 Hork\u00e1 Nab\u00eddka -<\/title>\n<meta name=\"robots\" content=\"index, follow, max-snippet:-1, max-image-preview:large, max-video-preview:-1\" \/>\n<link rel=\"canonical\" href=\"https:\/\/www.oknobuild.com\/index.php\/produkt\/kerasan-inka-odkladna-keramicka-deska-12x35-5cm-zebra-341533-horka-nabidka-14538\/\" \/>\n<meta property=\"og:locale\" content=\"cs_CZ\" \/>\n<meta property=\"og:type\" content=\"article\" \/>\n<meta property=\"og:title\" content=\"Kerasan INKA odkladn\u00e1 keramick\u00e1 deska 12x35, 5cm, zebra 341533 Hork\u00e1 Nab\u00eddka -\" \/>\n<meta property=\"og:description\" content=\"Kerasan INKA odkladn\u00e1 keramick\u00e1 deska 12&#215;35, 5cm, zebra 341533 Sanit\u00e1rn\u00ed keramika INKA je jedine\u010dn\u00fdm projektem spole\u010dnosti Kerasan. Jedn\u00e1 se o&nbsp;dv\u011b velikosti umyvadel, kter\u00e1 jsou k&nbsp;dost\u00e1n\u00ed v&nbsp;b\u00edl\u00e9 a \u010dern\u00e9 barv\u011b. S\u00e9rii dopl\u0148uj\u00ed keramick\u00e9 desky slou\u017e\u00edc\u00ed jako odkladn\u00e9 plochy. Desky jsou nab\u00edzen\u00e9 v r\u016fzn\u00fdch rozm\u011brech s&nbsp;n\u011bkolika barevn\u00fdmi proveden\u00edmi a dekory. Umyvadla a desky lze libovoln\u011b kombinovat. Vlastnosti [&hellip;]\" \/>\n<meta property=\"og:url\" content=\"https:\/\/www.oknobuild.com\/index.php\/produkt\/kerasan-inka-odkladna-keramicka-deska-12x35-5cm-zebra-341533-horka-nabidka-14538\/\" \/>\n<meta property=\"og:image\" content=\"https:\/\/www.oknobuild.com\/wp-content\/uploads\/2026\/SK0015509-CZ20260425-093041-0-1777080643-2398a33097aea7627bf9e0857eebb08d.webp\" \/>\n\t<meta property=\"og:image:width\" content=\"646\" \/>\n\t<meta property=\"og:image:height\" content=\"221\" \/>\n\t<meta property=\"og:image:type\" content=\"image\/webp\" \/>\n<meta name=\"twitter:card\" content=\"summary_large_image\" \/>\n<script type=\"application\/ld+json\" class=\"yoast-schema-graph\">{\"@context\":\"https:\/\/schema.org\",\"@graph\":[{\"@type\":\"WebPage\",\"@id\":\"https:\/\/www.oknobuild.com\/index.php\/produkt\/kerasan-inka-odkladna-keramicka-deska-12x35-5cm-zebra-341533-horka-nabidka-14538\/\",\"url\":\"https:\/\/www.oknobuild.com\/index.php\/produkt\/kerasan-inka-odkladna-keramicka-deska-12x35-5cm-zebra-341533-horka-nabidka-14538\/\",\"name\":\"Kerasan INKA odkladn\u00e1 keramick\u00e1 deska 12x35, 5cm, zebra 341533 Hork\u00e1 Nab\u00eddka -\",\"isPartOf\":{\"@id\":\"https:\/\/www.oknobuild.com\/#website\"},\"primaryImageOfPage\":{\"@id\":\"https:\/\/www.oknobuild.com\/index.php\/produkt\/kerasan-inka-odkladna-keramicka-deska-12x35-5cm-zebra-341533-horka-nabidka-14538\/#primaryimage\"},\"image\":{\"@id\":\"https:\/\/www.oknobuild.com\/index.php\/produkt\/kerasan-inka-odkladna-keramicka-deska-12x35-5cm-zebra-341533-horka-nabidka-14538\/#primaryimage\"},\"thumbnailUrl\":\"https:\/\/www.oknobuild.com\/wp-content\/uploads\/2026\/SK0015509-CZ20260425-093041-0-1777080643-2398a33097aea7627bf9e0857eebb08d.webp\",\"datePublished\":\"2026-04-27T04:41:09+00:00\",\"breadcrumb\":{\"@id\":\"https:\/\/www.oknobuild.com\/index.php\/produkt\/kerasan-inka-odkladna-keramicka-deska-12x35-5cm-zebra-341533-horka-nabidka-14538\/#breadcrumb\"},\"inLanguage\":\"cs\",\"potentialAction\":[{\"@type\":\"ReadAction\",\"target\":[\"https:\/\/www.oknobuild.com\/index.php\/produkt\/kerasan-inka-odkladna-keramicka-deska-12x35-5cm-zebra-341533-horka-nabidka-14538\/\"]}]},{\"@type\":\"ImageObject\",\"inLanguage\":\"cs\",\"@id\":\"https:\/\/www.oknobuild.com\/index.php\/produkt\/kerasan-inka-odkladna-keramicka-deska-12x35-5cm-zebra-341533-horka-nabidka-14538\/#primaryimage\",\"url\":\"https:\/\/www.oknobuild.com\/wp-content\/uploads\/2026\/SK0015509-CZ20260425-093041-0-1777080643-2398a33097aea7627bf9e0857eebb08d.webp\",\"contentUrl\":\"https:\/\/www.oknobuild.com\/wp-content\/uploads\/2026\/SK0015509-CZ20260425-093041-0-1777080643-2398a33097aea7627bf9e0857eebb08d.webp\",\"width\":646,\"height\":221},{\"@type\":\"BreadcrumbList\",\"@id\":\"https:\/\/www.oknobuild.com\/index.php\/produkt\/kerasan-inka-odkladna-keramicka-deska-12x35-5cm-zebra-341533-horka-nabidka-14538\/#breadcrumb\",\"itemListElement\":[{\"@type\":\"ListItem\",\"position\":1,\"name\":\"Home\",\"item\":\"https:\/\/www.oknobuild.com\/\"},{\"@type\":\"ListItem\",\"position\":2,\"name\":\"Products\",\"item\":\"https:\/\/www.oknobuild.com\/index.php\/products\/\"},{\"@type\":\"ListItem\",\"position\":3,\"name\":\"Kerasan INKA odkladn\u00e1 keramick\u00e1 deska 12&#215;35, 5cm, zebra 341533 Hork\u00e1 Nab\u00eddka\"}]},{\"@type\":\"WebSite\",\"@id\":\"https:\/\/www.oknobuild.com\/#website\",\"url\":\"https:\/\/www.oknobuild.com\/\",\"name\":\"\",\"description\":\"\",\"potentialAction\":[{\"@type\":\"SearchAction\",\"target\":{\"@type\":\"EntryPoint\",\"urlTemplate\":\"https:\/\/www.oknobuild.com\/?s={search_term_string}\"},\"query-input\":{\"@type\":\"PropertyValueSpecification\",\"valueRequired\":true,\"valueName\":\"search_term_string\"}}],\"inLanguage\":\"cs\"}]}<\/script>\n<!-- \/ Yoast SEO plugin. -->","yoast_head_json":{"title":"Kerasan INKA odkladn\u00e1 keramick\u00e1 deska 12x35, 5cm, zebra 341533 Hork\u00e1 Nab\u00eddka -","robots":{"index":"index","follow":"follow","max-snippet":"max-snippet:-1","max-image-preview":"max-image-preview:large","max-video-preview":"max-video-preview:-1"},"canonical":"https:\/\/www.oknobuild.com\/index.php\/produkt\/kerasan-inka-odkladna-keramicka-deska-12x35-5cm-zebra-341533-horka-nabidka-14538\/","og_locale":"cs_CZ","og_type":"article","og_title":"Kerasan INKA odkladn\u00e1 keramick\u00e1 deska 12x35, 5cm, zebra 341533 Hork\u00e1 Nab\u00eddka -","og_description":"Kerasan INKA odkladn\u00e1 keramick\u00e1 deska 12&#215;35, 5cm, zebra 341533 Sanit\u00e1rn\u00ed keramika INKA je jedine\u010dn\u00fdm projektem spole\u010dnosti Kerasan. Jedn\u00e1 se o&nbsp;dv\u011b velikosti umyvadel, kter\u00e1 jsou k&nbsp;dost\u00e1n\u00ed v&nbsp;b\u00edl\u00e9 a \u010dern\u00e9 barv\u011b. S\u00e9rii dopl\u0148uj\u00ed keramick\u00e9 desky slou\u017e\u00edc\u00ed jako odkladn\u00e9 plochy. Desky jsou nab\u00edzen\u00e9 v r\u016fzn\u00fdch rozm\u011brech s&nbsp;n\u011bkolika barevn\u00fdmi proveden\u00edmi a dekory. Umyvadla a desky lze libovoln\u011b kombinovat. Vlastnosti [&hellip;]","og_url":"https:\/\/www.oknobuild.com\/index.php\/produkt\/kerasan-inka-odkladna-keramicka-deska-12x35-5cm-zebra-341533-horka-nabidka-14538\/","og_image":[{"width":646,"height":221,"url":"https:\/\/www.oknobuild.com\/wp-content\/uploads\/2026\/SK0015509-CZ20260425-093041-0-1777080643-2398a33097aea7627bf9e0857eebb08d.webp","type":"image\/webp"}],"twitter_card":"summary_large_image","schema":{"@context":"https:\/\/schema.org","@graph":[{"@type":"WebPage","@id":"https:\/\/www.oknobuild.com\/index.php\/produkt\/kerasan-inka-odkladna-keramicka-deska-12x35-5cm-zebra-341533-horka-nabidka-14538\/","url":"https:\/\/www.oknobuild.com\/index.php\/produkt\/kerasan-inka-odkladna-keramicka-deska-12x35-5cm-zebra-341533-horka-nabidka-14538\/","name":"Kerasan INKA odkladn\u00e1 keramick\u00e1 deska 12x35, 5cm, zebra 341533 Hork\u00e1 Nab\u00eddka -","isPartOf":{"@id":"https:\/\/www.oknobuild.com\/#website"},"primaryImageOfPage":{"@id":"https:\/\/www.oknobuild.com\/index.php\/produkt\/kerasan-inka-odkladna-keramicka-deska-12x35-5cm-zebra-341533-horka-nabidka-14538\/#primaryimage"},"image":{"@id":"https:\/\/www.oknobuild.com\/index.php\/produkt\/kerasan-inka-odkladna-keramicka-deska-12x35-5cm-zebra-341533-horka-nabidka-14538\/#primaryimage"},"thumbnailUrl":"https:\/\/www.oknobuild.com\/wp-content\/uploads\/2026\/SK0015509-CZ20260425-093041-0-1777080643-2398a33097aea7627bf9e0857eebb08d.webp","datePublished":"2026-04-27T04:41:09+00:00","breadcrumb":{"@id":"https:\/\/www.oknobuild.com\/index.php\/produkt\/kerasan-inka-odkladna-keramicka-deska-12x35-5cm-zebra-341533-horka-nabidka-14538\/#breadcrumb"},"inLanguage":"cs","potentialAction":[{"@type":"ReadAction","target":["https:\/\/www.oknobuild.com\/index.php\/produkt\/kerasan-inka-odkladna-keramicka-deska-12x35-5cm-zebra-341533-horka-nabidka-14538\/"]}]},{"@type":"ImageObject","inLanguage":"cs","@id":"https:\/\/www.oknobuild.com\/index.php\/produkt\/kerasan-inka-odkladna-keramicka-deska-12x35-5cm-zebra-341533-horka-nabidka-14538\/#primaryimage","url":"https:\/\/www.oknobuild.com\/wp-content\/uploads\/2026\/SK0015509-CZ20260425-093041-0-1777080643-2398a33097aea7627bf9e0857eebb08d.webp","contentUrl":"https:\/\/www.oknobuild.com\/wp-content\/uploads\/2026\/SK0015509-CZ20260425-093041-0-1777080643-2398a33097aea7627bf9e0857eebb08d.webp","width":646,"height":221},{"@type":"BreadcrumbList","@id":"https:\/\/www.oknobuild.com\/index.php\/produkt\/kerasan-inka-odkladna-keramicka-deska-12x35-5cm-zebra-341533-horka-nabidka-14538\/#breadcrumb","itemListElement":[{"@type":"ListItem","position":1,"name":"Home","item":"https:\/\/www.oknobuild.com\/"},{"@type":"ListItem","position":2,"name":"Products","item":"https:\/\/www.oknobuild.com\/index.php\/products\/"},{"@type":"ListItem","position":3,"name":"Kerasan INKA odkladn\u00e1 keramick\u00e1 deska 12&#215;35, 5cm, zebra 341533 Hork\u00e1 Nab\u00eddka"}]},{"@type":"WebSite","@id":"https:\/\/www.oknobuild.com\/#website","url":"https:\/\/www.oknobuild.com\/","name":"","description":"","potentialAction":[{"@type":"SearchAction","target":{"@type":"EntryPoint","urlTemplate":"https:\/\/www.oknobuild.com\/?s={search_term_string}"},"query-input":{"@type":"PropertyValueSpecification","valueRequired":true,"valueName":"search_term_string"}}],"inLanguage":"cs"}]}},"_links":{"self":[{"href":"https:\/\/www.oknobuild.com\/index.php\/wp-json\/wp\/v2\/product\/14538","targetHints":{"allow":["GET"]}}],"collection":[{"href":"https:\/\/www.oknobuild.com\/index.php\/wp-json\/wp\/v2\/product"}],"about":[{"href":"https:\/\/www.oknobuild.com\/index.php\/wp-json\/wp\/v2\/types\/product"}],"replies":[{"embeddable":true,"href":"https:\/\/www.oknobuild.com\/index.php\/wp-json\/wp\/v2\/comments?post=14538"}],"wp:featuredmedia":[{"embeddable":true,"href":"https:\/\/www.oknobuild.com\/index.php\/wp-json\/wp\/v2\/media\/14638"}],"wp:attachment":[{"href":"https:\/\/www.oknobuild.com\/index.php\/wp-json\/wp\/v2\/media?parent=14538"}],"wp:term":[{"taxonomy":"product_brand","embeddable":true,"href":"https:\/\/www.oknobuild.com\/index.php\/wp-json\/wp\/v2\/product_brand?post=14538"},{"taxonomy":"product_cat","embeddable":true,"href":"https:\/\/www.oknobuild.com\/index.php\/wp-json\/wp\/v2\/product_cat?post=14538"},{"taxonomy":"product_tag","embeddable":true,"href":"https:\/\/www.oknobuild.com\/index.php\/wp-json\/wp\/v2\/product_tag?post=14538"}],"curies":[{"name":"wp","href":"https:\/\/api.w.org\/{rel}","templated":true}]}}