{"id":14542,"date":"2026-04-27T04:41:09","date_gmt":"2026-04-27T04:41:09","guid":{"rendered":""},"modified":"2026-04-27T04:41:09","modified_gmt":"2026-04-27T04:41:09","slug":"sapho-crest-konzole-s-polici-39-5x45x21-7cm-cerna-mat-ar402-nova-kolekce-14542","status":"publish","type":"product","link":"https:\/\/www.oknobuild.com\/index.php\/produkt\/sapho-crest-konzole-s-polici-39-5x45x21-7cm-cerna-mat-ar402-nova-kolekce-14542\/","title":{"rendered":"Sapho CREST konzole s polic\u00ed, 39, 5x45x21, 7cm, \u010dern\u00e1 mat AR402 Nov\u00e1 Kolekce"},"content":{"rendered":"<div class=\"tabs__content-outer\" id=\"tab_description\" data-hash=\"description\" data-tabindex=\"-1\">\n<div class=\"tabs__content toggle_description\" id=\"content_description\">\n<div class=\"wysiwyg-content\">\n<div class=\"product__tab product__description full-width\">\n<div class=\"container\">\n<div >\n<h3>Sapho CREST konzole s polic\u00ed, 39, 5x45x21, 7cm, \u010dern\u00e1 mat AR402<\/h3>\n<p>Konstrukce: lakovan\u00e1 ocel, poli\u010dka: lamino tl. 12 mm, \u010dern\u00e1 mat. <br \/>Upev\u0148ovac\u00ed \u0161rouby jsou sou\u010d\u00e1st\u00ed balen\u00ed.<\/p>\n<div class=\"product-explanation-item\">\n<h3>Lze vyrobit v tomto barevn\u00e9m proveden\u00ed:<\/h3>\n<p><strong>Cenov\u00e1 skupina C:<\/strong> p\u0159\u00edplatek 50%<br \/>jak\u00e1koliv barva dle vzorn\u00edku RAL nebo NCS v leskl\u00e9m nebo matn\u00e9m proveden\u00ed<\/p>\n<div style=\"float: left; width: 18%; text-align: center;\">RAL1019 \u0160edob\u00e9\u017eov\u00e1<\/div>\n<div style=\"float: left; width: 18%; text-align: center;\">RAL3004 Bord\u00f3<\/div>\n<div style=\"float: left; width: 18%; text-align: center;\">RAL6004 Modrozelen\u00e1<\/div>\n<div style=\"float: left; width: 18%; text-align: center;\">RAL7031 \u0160edomodr\u00e1<\/div>\n<div style=\"clear: both;\"><\/div>\n<p>Dodac\u00ed lh\u016fta je 6 t\u00fddn\u016f.<\/p>\n<\/p><\/div>\n<p><\/p>\n<p><b>Vlastnosti<\/b><\/p>\n<ul>\n<li><span>Materi\u00e1l:<\/span> MDF\/lamino, Ocel<\/li>\n<li><span>Barva:<\/span> \u010cern\u00e1<\/li>\n<li><span>Instalace:<\/span> Z\u00e1v\u011bsn\u00e9 na st\u011bnu<\/li>\n<li><span>Rozm\u011br:<\/span> 39,5x45x21,7 cm<\/li>\n<li><span>\u0160\u00ed\u0159ka:<\/span> 395 mm<\/li>\n<li><span>V\u00fd\u0161ka:<\/span> 450 mm<\/li>\n<li><span>Hloubka:<\/span> 217 mm<\/li>\n<li><span>Jin\u00e9 barevn\u00e9 proveden\u00ed:<\/span> Dle vzorn\u00edku<\/li>\n<li><span>Balen\u00ed obsahuje:<\/span> Mont\u00e1\u017en\u00ed sada<\/li>\n<\/ul>\n<\/div><\/div>\n<\/p><\/div>\n<\/p><\/div>\n<\/p><\/div>\n","protected":false},"excerpt":{"rendered":"<p>Sapho CREST konzole s polic\u00ed, 39, 5x45x21, 7cm, \u010dern\u00e1 mat AR402 Konstrukce: lakovan\u00e1 ocel, poli\u010dka: lamino tl. 12 mm, \u010dern\u00e1 mat. Upev\u0148ovac\u00ed \u0161rouby jsou sou\u010d\u00e1st\u00ed balen\u00ed. Lze vyrobit v tomto barevn\u00e9m proveden\u00ed: Cenov\u00e1 skupina C: p\u0159\u00edplatek 50%jak\u00e1koliv barva dle vzorn\u00edku RAL nebo NCS v leskl\u00e9m nebo matn\u00e9m proveden\u00ed RAL1019 \u0160edob\u00e9\u017eov\u00e1 RAL3004 Bord\u00f3 RAL6004 Modrozelen\u00e1 RAL7031 [&hellip;]<\/p>\n","protected":false},"featured_media":14642,"comment_status":"open","ping_status":"open","template":"","meta":[],"product_brand":[],"product_cat":[71],"product_tag":[],"class_list":{"0":"post-14542","1":"product","2":"type-product","3":"status-publish","4":"has-post-thumbnail","6":"product_cat-koupelna","8":"first","9":"instock","10":"sale","11":"shipping-taxable","12":"purchasable","13":"product-type-simple"},"yoast_head":"<!-- This site is optimized with the Yoast SEO plugin v26.8 - https:\/\/yoast.com\/product\/yoast-seo-wordpress\/ -->\n<title>Sapho CREST konzole s polic\u00ed, 39, 5x45x21, 7cm, \u010dern\u00e1 mat AR402 Nov\u00e1 Kolekce -<\/title>\n<meta name=\"robots\" content=\"index, follow, max-snippet:-1, max-image-preview:large, max-video-preview:-1\" \/>\n<link rel=\"canonical\" href=\"https:\/\/www.oknobuild.com\/index.php\/produkt\/sapho-crest-konzole-s-polici-39-5x45x21-7cm-cerna-mat-ar402-nova-kolekce-14542\/\" \/>\n<meta property=\"og:locale\" content=\"cs_CZ\" \/>\n<meta property=\"og:type\" content=\"article\" \/>\n<meta property=\"og:title\" content=\"Sapho CREST konzole s polic\u00ed, 39, 5x45x21, 7cm, \u010dern\u00e1 mat AR402 Nov\u00e1 Kolekce -\" \/>\n<meta property=\"og:description\" content=\"Sapho CREST konzole s polic\u00ed, 39, 5x45x21, 7cm, \u010dern\u00e1 mat AR402 Konstrukce: lakovan\u00e1 ocel, poli\u010dka: lamino tl. 12 mm, \u010dern\u00e1 mat. Upev\u0148ovac\u00ed \u0161rouby jsou sou\u010d\u00e1st\u00ed balen\u00ed. Lze vyrobit v tomto barevn\u00e9m proveden\u00ed: Cenov\u00e1 skupina C: p\u0159\u00edplatek 50%jak\u00e1koliv barva dle vzorn\u00edku RAL nebo NCS v leskl\u00e9m nebo matn\u00e9m proveden\u00ed RAL1019 \u0160edob\u00e9\u017eov\u00e1 RAL3004 Bord\u00f3 RAL6004 Modrozelen\u00e1 RAL7031 [&hellip;]\" \/>\n<meta property=\"og:url\" content=\"https:\/\/www.oknobuild.com\/index.php\/produkt\/sapho-crest-konzole-s-polici-39-5x45x21-7cm-cerna-mat-ar402-nova-kolekce-14542\/\" \/>\n<meta property=\"og:image\" content=\"https:\/\/www.oknobuild.com\/wp-content\/uploads\/2026\/SK0015513-CZ20260425-093041-0-1777080643-ffea5d9ddace3afd61c5f4b836fb0fba.webp\" \/>\n\t<meta property=\"og:image:width\" content=\"562\" \/>\n\t<meta property=\"og:image:height\" content=\"800\" \/>\n\t<meta property=\"og:image:type\" content=\"image\/webp\" \/>\n<meta name=\"twitter:card\" content=\"summary_large_image\" \/>\n<meta name=\"twitter:label1\" content=\"Odhadovan\u00e1 doba \u010dten\u00ed\" \/>\n\t<meta name=\"twitter:data1\" content=\"1 minuta\" \/>\n<script type=\"application\/ld+json\" class=\"yoast-schema-graph\">{\"@context\":\"https:\/\/schema.org\",\"@graph\":[{\"@type\":\"WebPage\",\"@id\":\"https:\/\/www.oknobuild.com\/index.php\/produkt\/sapho-crest-konzole-s-polici-39-5x45x21-7cm-cerna-mat-ar402-nova-kolekce-14542\/\",\"url\":\"https:\/\/www.oknobuild.com\/index.php\/produkt\/sapho-crest-konzole-s-polici-39-5x45x21-7cm-cerna-mat-ar402-nova-kolekce-14542\/\",\"name\":\"Sapho CREST konzole s polic\u00ed, 39, 5x45x21, 7cm, \u010dern\u00e1 mat AR402 Nov\u00e1 Kolekce -\",\"isPartOf\":{\"@id\":\"https:\/\/www.oknobuild.com\/#website\"},\"primaryImageOfPage\":{\"@id\":\"https:\/\/www.oknobuild.com\/index.php\/produkt\/sapho-crest-konzole-s-polici-39-5x45x21-7cm-cerna-mat-ar402-nova-kolekce-14542\/#primaryimage\"},\"image\":{\"@id\":\"https:\/\/www.oknobuild.com\/index.php\/produkt\/sapho-crest-konzole-s-polici-39-5x45x21-7cm-cerna-mat-ar402-nova-kolekce-14542\/#primaryimage\"},\"thumbnailUrl\":\"https:\/\/www.oknobuild.com\/wp-content\/uploads\/2026\/SK0015513-CZ20260425-093041-0-1777080643-ffea5d9ddace3afd61c5f4b836fb0fba.webp\",\"datePublished\":\"2026-04-27T04:41:09+00:00\",\"breadcrumb\":{\"@id\":\"https:\/\/www.oknobuild.com\/index.php\/produkt\/sapho-crest-konzole-s-polici-39-5x45x21-7cm-cerna-mat-ar402-nova-kolekce-14542\/#breadcrumb\"},\"inLanguage\":\"cs\",\"potentialAction\":[{\"@type\":\"ReadAction\",\"target\":[\"https:\/\/www.oknobuild.com\/index.php\/produkt\/sapho-crest-konzole-s-polici-39-5x45x21-7cm-cerna-mat-ar402-nova-kolekce-14542\/\"]}]},{\"@type\":\"ImageObject\",\"inLanguage\":\"cs\",\"@id\":\"https:\/\/www.oknobuild.com\/index.php\/produkt\/sapho-crest-konzole-s-polici-39-5x45x21-7cm-cerna-mat-ar402-nova-kolekce-14542\/#primaryimage\",\"url\":\"https:\/\/www.oknobuild.com\/wp-content\/uploads\/2026\/SK0015513-CZ20260425-093041-0-1777080643-ffea5d9ddace3afd61c5f4b836fb0fba.webp\",\"contentUrl\":\"https:\/\/www.oknobuild.com\/wp-content\/uploads\/2026\/SK0015513-CZ20260425-093041-0-1777080643-ffea5d9ddace3afd61c5f4b836fb0fba.webp\",\"width\":562,\"height\":800},{\"@type\":\"BreadcrumbList\",\"@id\":\"https:\/\/www.oknobuild.com\/index.php\/produkt\/sapho-crest-konzole-s-polici-39-5x45x21-7cm-cerna-mat-ar402-nova-kolekce-14542\/#breadcrumb\",\"itemListElement\":[{\"@type\":\"ListItem\",\"position\":1,\"name\":\"Home\",\"item\":\"https:\/\/www.oknobuild.com\/\"},{\"@type\":\"ListItem\",\"position\":2,\"name\":\"Products\",\"item\":\"https:\/\/www.oknobuild.com\/index.php\/products\/\"},{\"@type\":\"ListItem\",\"position\":3,\"name\":\"Sapho CREST konzole s polic\u00ed, 39, 5x45x21, 7cm, \u010dern\u00e1 mat AR402 Nov\u00e1 Kolekce\"}]},{\"@type\":\"WebSite\",\"@id\":\"https:\/\/www.oknobuild.com\/#website\",\"url\":\"https:\/\/www.oknobuild.com\/\",\"name\":\"\",\"description\":\"\",\"potentialAction\":[{\"@type\":\"SearchAction\",\"target\":{\"@type\":\"EntryPoint\",\"urlTemplate\":\"https:\/\/www.oknobuild.com\/?s={search_term_string}\"},\"query-input\":{\"@type\":\"PropertyValueSpecification\",\"valueRequired\":true,\"valueName\":\"search_term_string\"}}],\"inLanguage\":\"cs\"}]}<\/script>\n<!-- \/ Yoast SEO plugin. -->","yoast_head_json":{"title":"Sapho CREST konzole s polic\u00ed, 39, 5x45x21, 7cm, \u010dern\u00e1 mat AR402 Nov\u00e1 Kolekce -","robots":{"index":"index","follow":"follow","max-snippet":"max-snippet:-1","max-image-preview":"max-image-preview:large","max-video-preview":"max-video-preview:-1"},"canonical":"https:\/\/www.oknobuild.com\/index.php\/produkt\/sapho-crest-konzole-s-polici-39-5x45x21-7cm-cerna-mat-ar402-nova-kolekce-14542\/","og_locale":"cs_CZ","og_type":"article","og_title":"Sapho CREST konzole s polic\u00ed, 39, 5x45x21, 7cm, \u010dern\u00e1 mat AR402 Nov\u00e1 Kolekce -","og_description":"Sapho CREST konzole s polic\u00ed, 39, 5x45x21, 7cm, \u010dern\u00e1 mat AR402 Konstrukce: lakovan\u00e1 ocel, poli\u010dka: lamino tl. 12 mm, \u010dern\u00e1 mat. Upev\u0148ovac\u00ed \u0161rouby jsou sou\u010d\u00e1st\u00ed balen\u00ed. Lze vyrobit v tomto barevn\u00e9m proveden\u00ed: Cenov\u00e1 skupina C: p\u0159\u00edplatek 50%jak\u00e1koliv barva dle vzorn\u00edku RAL nebo NCS v leskl\u00e9m nebo matn\u00e9m proveden\u00ed RAL1019 \u0160edob\u00e9\u017eov\u00e1 RAL3004 Bord\u00f3 RAL6004 Modrozelen\u00e1 RAL7031 [&hellip;]","og_url":"https:\/\/www.oknobuild.com\/index.php\/produkt\/sapho-crest-konzole-s-polici-39-5x45x21-7cm-cerna-mat-ar402-nova-kolekce-14542\/","og_image":[{"width":562,"height":800,"url":"https:\/\/www.oknobuild.com\/wp-content\/uploads\/2026\/SK0015513-CZ20260425-093041-0-1777080643-ffea5d9ddace3afd61c5f4b836fb0fba.webp","type":"image\/webp"}],"twitter_card":"summary_large_image","twitter_misc":{"Odhadovan\u00e1 doba \u010dten\u00ed":"1 minuta"},"schema":{"@context":"https:\/\/schema.org","@graph":[{"@type":"WebPage","@id":"https:\/\/www.oknobuild.com\/index.php\/produkt\/sapho-crest-konzole-s-polici-39-5x45x21-7cm-cerna-mat-ar402-nova-kolekce-14542\/","url":"https:\/\/www.oknobuild.com\/index.php\/produkt\/sapho-crest-konzole-s-polici-39-5x45x21-7cm-cerna-mat-ar402-nova-kolekce-14542\/","name":"Sapho CREST konzole s polic\u00ed, 39, 5x45x21, 7cm, \u010dern\u00e1 mat AR402 Nov\u00e1 Kolekce -","isPartOf":{"@id":"https:\/\/www.oknobuild.com\/#website"},"primaryImageOfPage":{"@id":"https:\/\/www.oknobuild.com\/index.php\/produkt\/sapho-crest-konzole-s-polici-39-5x45x21-7cm-cerna-mat-ar402-nova-kolekce-14542\/#primaryimage"},"image":{"@id":"https:\/\/www.oknobuild.com\/index.php\/produkt\/sapho-crest-konzole-s-polici-39-5x45x21-7cm-cerna-mat-ar402-nova-kolekce-14542\/#primaryimage"},"thumbnailUrl":"https:\/\/www.oknobuild.com\/wp-content\/uploads\/2026\/SK0015513-CZ20260425-093041-0-1777080643-ffea5d9ddace3afd61c5f4b836fb0fba.webp","datePublished":"2026-04-27T04:41:09+00:00","breadcrumb":{"@id":"https:\/\/www.oknobuild.com\/index.php\/produkt\/sapho-crest-konzole-s-polici-39-5x45x21-7cm-cerna-mat-ar402-nova-kolekce-14542\/#breadcrumb"},"inLanguage":"cs","potentialAction":[{"@type":"ReadAction","target":["https:\/\/www.oknobuild.com\/index.php\/produkt\/sapho-crest-konzole-s-polici-39-5x45x21-7cm-cerna-mat-ar402-nova-kolekce-14542\/"]}]},{"@type":"ImageObject","inLanguage":"cs","@id":"https:\/\/www.oknobuild.com\/index.php\/produkt\/sapho-crest-konzole-s-polici-39-5x45x21-7cm-cerna-mat-ar402-nova-kolekce-14542\/#primaryimage","url":"https:\/\/www.oknobuild.com\/wp-content\/uploads\/2026\/SK0015513-CZ20260425-093041-0-1777080643-ffea5d9ddace3afd61c5f4b836fb0fba.webp","contentUrl":"https:\/\/www.oknobuild.com\/wp-content\/uploads\/2026\/SK0015513-CZ20260425-093041-0-1777080643-ffea5d9ddace3afd61c5f4b836fb0fba.webp","width":562,"height":800},{"@type":"BreadcrumbList","@id":"https:\/\/www.oknobuild.com\/index.php\/produkt\/sapho-crest-konzole-s-polici-39-5x45x21-7cm-cerna-mat-ar402-nova-kolekce-14542\/#breadcrumb","itemListElement":[{"@type":"ListItem","position":1,"name":"Home","item":"https:\/\/www.oknobuild.com\/"},{"@type":"ListItem","position":2,"name":"Products","item":"https:\/\/www.oknobuild.com\/index.php\/products\/"},{"@type":"ListItem","position":3,"name":"Sapho CREST konzole s polic\u00ed, 39, 5x45x21, 7cm, \u010dern\u00e1 mat AR402 Nov\u00e1 Kolekce"}]},{"@type":"WebSite","@id":"https:\/\/www.oknobuild.com\/#website","url":"https:\/\/www.oknobuild.com\/","name":"","description":"","potentialAction":[{"@type":"SearchAction","target":{"@type":"EntryPoint","urlTemplate":"https:\/\/www.oknobuild.com\/?s={search_term_string}"},"query-input":{"@type":"PropertyValueSpecification","valueRequired":true,"valueName":"search_term_string"}}],"inLanguage":"cs"}]}},"_links":{"self":[{"href":"https:\/\/www.oknobuild.com\/index.php\/wp-json\/wp\/v2\/product\/14542","targetHints":{"allow":["GET"]}}],"collection":[{"href":"https:\/\/www.oknobuild.com\/index.php\/wp-json\/wp\/v2\/product"}],"about":[{"href":"https:\/\/www.oknobuild.com\/index.php\/wp-json\/wp\/v2\/types\/product"}],"replies":[{"embeddable":true,"href":"https:\/\/www.oknobuild.com\/index.php\/wp-json\/wp\/v2\/comments?post=14542"}],"wp:featuredmedia":[{"embeddable":true,"href":"https:\/\/www.oknobuild.com\/index.php\/wp-json\/wp\/v2\/media\/14642"}],"wp:attachment":[{"href":"https:\/\/www.oknobuild.com\/index.php\/wp-json\/wp\/v2\/media?parent=14542"}],"wp:term":[{"taxonomy":"product_brand","embeddable":true,"href":"https:\/\/www.oknobuild.com\/index.php\/wp-json\/wp\/v2\/product_brand?post=14542"},{"taxonomy":"product_cat","embeddable":true,"href":"https:\/\/www.oknobuild.com\/index.php\/wp-json\/wp\/v2\/product_cat?post=14542"},{"taxonomy":"product_tag","embeddable":true,"href":"https:\/\/www.oknobuild.com\/index.php\/wp-json\/wp\/v2\/product_tag?post=14542"}],"curies":[{"name":"wp","href":"https:\/\/api.w.org\/{rel}","templated":true}]}}