{"id":14545,"date":"2026-04-27T04:41:09","date_gmt":"2026-04-27T04:41:09","guid":{"rendered":""},"modified":"2026-04-27T04:41:09","modified_gmt":"2026-04-27T04:41:09","slug":"objednat-nyni-sapho-plato-deska-rockstone-1600x24x500mm-bila-mat-pl160-0101-14545","status":"publish","type":"product","link":"https:\/\/www.oknobuild.com\/index.php\/produkt\/objednat-nyni-sapho-plato-deska-rockstone-1600x24x500mm-bila-mat-pl160-0101-14545\/","title":{"rendered":"Objednat Nyn\u00ed Sapho PLATO deska Rockstone 1600x24x500mm, b\u00edl\u00e1 mat PL160-0101"},"content":{"rendered":"<div class=\"tabs__content-outer\" id=\"tab_description\" data-hash=\"description\" data-tabindex=\"-1\">\n<div class=\"tabs__content toggle_description\" id=\"content_description\">\n<div class=\"wysiwyg-content\">\n<div class=\"product__tab product__description full-width\">\n<div class=\"container\">\n<div >\n<h3>Sapho PLATO deska Rockstone 1600x24x500mm, b\u00edl\u00e1 mat PL160-0101<\/h3>\n<ul>\n<li>Materi\u00e1l:&nbsp;Solid Surface &#8211; Rockstone<\/li>\n<li>Vzorn\u00edk dekor\u016f: zde<\/li>\n<li>\u0160\u00ed\u0159ka: 60 &#8211; 250 cm<\/li>\n<li>Hloubka: 36 a 50 cm<\/li>\n<li>Tlou\u0161\u0165ka: 2,4 cm<\/li>\n<li>Mo\u017enost v\u00fdroby atypick\u00fdch rozm\u011br\u016f (max. 250&#215;50 cm)<\/li>\n<li>Mo\u017enost dod\u00e1n\u00ed s otvory pro baterii a odpad dle v\u00fdkresu (lze vrtat i v m\u00edst\u011b instalace)<\/li>\n<\/ul>\n<p>&nbsp;P\u0159\u00edslu\u0161enstv\u00ed:<\/p>\n<ul>\n<li>Podp\u011brn\u00e9 konzole 36 a 50 cm<\/li>\n<li>Umyvadla na postaven\u00ed nebo z\u00e1pustn\u00e1 umyvadla<\/li>\n<li>AVICE sk\u0159\u00ed\u0148ky a kontejnery pod desku 50 cm<\/li>\n<li>ESPACE bo\u010dn\u00ed sk\u0159\u00edn\u011b<\/li>\n<li>HANG dr\u017e\u00e1ky osu\u0161ek<\/li>\n<li>Desky del\u0161\u00ed ne\u017e 1 m: doporu\u010dujeme instalaci skryt\u00e9 podp\u011brn\u00e9 konzole ka\u017ed\u00fdch 70 cm<\/li>\n<\/ul>\n<div class=\"product-explanation-item\">\n<h3>Desky lze vyrobit v tomto barevn\u00e9m proveden\u00ed:<\/h3>\n<div style=\"float: left; width: 16%; text-align: center;\">0101 Glacier white<\/div>\n<div style=\"float: left; width: 16%; text-align: center;\">0598 Black Attica<\/div>\n<div style=\"clear: both;\"><\/div>\n<p><strong>Pro objedn\u00e1n\u00ed vybran\u00e9ho dekoru kontaktujte prodejn\u00ed odd\u011blen\u00ed.<br \/><\/strong><\/p>\n<\/p><\/div>\n<div class=\"product-explanation-item\">\n<h3>Solid Surface (Rockstone, um\u011bl\u00fd k\u00e1men, technick\u00fd mramor)<\/h3>\n<p style=\"text-align: justify;\">Solid Surface je masivn\u00ed nepor\u00e9zn\u00ed materi\u00e1l vyroben\u00fd ze sm\u011bsi p\u0159\u00edrodn\u00edho kamene a akryl\u00e1tu. M\u00e1 homogenn\u00ed pevn\u00fd povrch a pou\u017e\u00edv\u00e1 se p\u0159edev\u0161\u00edm pro v\u00fdrobu pracovn\u00edch desek. D\u00edky rozmanitosti barev a textur se dob\u0159e kombinuje s jin\u00fdmi materi\u00e1ly. P\u00e9\u010de o n\u011bj je snadn\u00e1: \u0161kr\u00e1bance lze snadno odstranit pomoc\u00ed m\u011bkk\u00fdch \u010distic\u00edch prost\u0159edk\u016f a znovu tak obnovit lesk povrchu. Nav\u00edc vynik\u00e1 odolnost\u00ed proti skvrn\u00e1m a je nenas\u00e1kav\u00fd.<\/p>\n<\/p><\/div>\n<p><\/p>\n<p><b>Vlastnosti<\/b><\/p>\n<ul>\n<li><span>Materi\u00e1l:<\/span> Solid Surface &#8211; Um\u011bl\u00fd k\u00e1men<\/li>\n<li><span>Barva:<\/span> B\u00edl\u00e1 mat<\/li>\n<li><span>Instalace:<\/span> Z\u00e1v\u011bsn\u00e9 na st\u011bnu<\/li>\n<li><span>Rozm\u011br:<\/span> 160&#215;2,4&#215;50 cm<\/li>\n<li><span>Typ sk\u0159\u00ed\u0148ky:<\/span> Deska<\/li>\n<li><span>\u0160\u00ed\u0159ka:<\/span> 1600 mm<\/li>\n<li><span>V\u00fd\u0161ka:<\/span> 24 mm<\/li>\n<li><span>Hloubka:<\/span> 500 mm<\/li>\n<li><span>Typ umyvadla:<\/span> Umyvadlo na desku<\/li>\n<li><span>Jin\u00e9 barevn\u00e9 proveden\u00ed:<\/span> Dle vzorn\u00edku<\/li>\n<\/ul>\n<\/div><\/div>\n<\/p><\/div>\n<\/p><\/div>\n<\/p><\/div>\n","protected":false},"excerpt":{"rendered":"<p>Sapho PLATO deska Rockstone 1600x24x500mm, b\u00edl\u00e1 mat PL160-0101 Materi\u00e1l:&nbsp;Solid Surface &#8211; Rockstone Vzorn\u00edk dekor\u016f: zde \u0160\u00ed\u0159ka: 60 &#8211; 250 cm Hloubka: 36 a 50 cm Tlou\u0161\u0165ka: 2,4 cm Mo\u017enost v\u00fdroby atypick\u00fdch rozm\u011br\u016f (max. 250&#215;50 cm) Mo\u017enost dod\u00e1n\u00ed s otvory pro baterii a odpad dle v\u00fdkresu (lze vrtat i v m\u00edst\u011b instalace) &nbsp;P\u0159\u00edslu\u0161enstv\u00ed: Podp\u011brn\u00e9 konzole 36 [&hellip;]<\/p>\n","protected":false},"featured_media":14645,"comment_status":"open","ping_status":"open","template":"","meta":[],"product_brand":[],"product_cat":[71],"product_tag":[],"class_list":{"0":"post-14545","1":"product","2":"type-product","3":"status-publish","4":"has-post-thumbnail","6":"product_cat-koupelna","8":"first","9":"instock","10":"sale","11":"shipping-taxable","12":"purchasable","13":"product-type-simple"},"yoast_head":"<!-- This site is optimized with the Yoast SEO plugin v26.8 - https:\/\/yoast.com\/product\/yoast-seo-wordpress\/ -->\n<title>Objednat Nyn\u00ed Sapho PLATO deska Rockstone 1600x24x500mm, b\u00edl\u00e1 mat PL160-0101 -<\/title>\n<meta name=\"robots\" content=\"index, follow, max-snippet:-1, max-image-preview:large, max-video-preview:-1\" \/>\n<link rel=\"canonical\" href=\"https:\/\/www.oknobuild.com\/index.php\/produkt\/objednat-nyni-sapho-plato-deska-rockstone-1600x24x500mm-bila-mat-pl160-0101-14545\/\" \/>\n<meta property=\"og:locale\" content=\"cs_CZ\" \/>\n<meta property=\"og:type\" content=\"article\" \/>\n<meta property=\"og:title\" content=\"Objednat Nyn\u00ed Sapho PLATO deska Rockstone 1600x24x500mm, b\u00edl\u00e1 mat PL160-0101 -\" \/>\n<meta property=\"og:description\" content=\"Sapho PLATO deska Rockstone 1600x24x500mm, b\u00edl\u00e1 mat PL160-0101 Materi\u00e1l:&nbsp;Solid Surface &#8211; Rockstone Vzorn\u00edk dekor\u016f: zde \u0160\u00ed\u0159ka: 60 &#8211; 250 cm Hloubka: 36 a 50 cm Tlou\u0161\u0165ka: 2,4 cm Mo\u017enost v\u00fdroby atypick\u00fdch rozm\u011br\u016f (max. 250&#215;50 cm) Mo\u017enost dod\u00e1n\u00ed s otvory pro baterii a odpad dle v\u00fdkresu (lze vrtat i v m\u00edst\u011b instalace) &nbsp;P\u0159\u00edslu\u0161enstv\u00ed: Podp\u011brn\u00e9 konzole 36 [&hellip;]\" \/>\n<meta property=\"og:url\" content=\"https:\/\/www.oknobuild.com\/index.php\/produkt\/objednat-nyni-sapho-plato-deska-rockstone-1600x24x500mm-bila-mat-pl160-0101-14545\/\" \/>\n<meta property=\"og:image\" content=\"https:\/\/www.oknobuild.com\/wp-content\/uploads\/2026\/SK0015516-CZ20260425-093041-0-1777080643-3243f2be5db3c0d6488d208e4e0addd9.webp\" \/>\n\t<meta property=\"og:image:width\" content=\"725\" \/>\n\t<meta property=\"og:image:height\" content=\"800\" \/>\n\t<meta property=\"og:image:type\" content=\"image\/webp\" \/>\n<meta name=\"twitter:card\" content=\"summary_large_image\" \/>\n<meta name=\"twitter:label1\" content=\"Odhadovan\u00e1 doba \u010dten\u00ed\" \/>\n\t<meta name=\"twitter:data1\" content=\"1 minuta\" \/>\n<script type=\"application\/ld+json\" class=\"yoast-schema-graph\">{\"@context\":\"https:\/\/schema.org\",\"@graph\":[{\"@type\":\"WebPage\",\"@id\":\"https:\/\/www.oknobuild.com\/index.php\/produkt\/objednat-nyni-sapho-plato-deska-rockstone-1600x24x500mm-bila-mat-pl160-0101-14545\/\",\"url\":\"https:\/\/www.oknobuild.com\/index.php\/produkt\/objednat-nyni-sapho-plato-deska-rockstone-1600x24x500mm-bila-mat-pl160-0101-14545\/\",\"name\":\"Objednat Nyn\u00ed Sapho PLATO deska Rockstone 1600x24x500mm, b\u00edl\u00e1 mat PL160-0101 -\",\"isPartOf\":{\"@id\":\"https:\/\/www.oknobuild.com\/#website\"},\"primaryImageOfPage\":{\"@id\":\"https:\/\/www.oknobuild.com\/index.php\/produkt\/objednat-nyni-sapho-plato-deska-rockstone-1600x24x500mm-bila-mat-pl160-0101-14545\/#primaryimage\"},\"image\":{\"@id\":\"https:\/\/www.oknobuild.com\/index.php\/produkt\/objednat-nyni-sapho-plato-deska-rockstone-1600x24x500mm-bila-mat-pl160-0101-14545\/#primaryimage\"},\"thumbnailUrl\":\"https:\/\/www.oknobuild.com\/wp-content\/uploads\/2026\/SK0015516-CZ20260425-093041-0-1777080643-3243f2be5db3c0d6488d208e4e0addd9.webp\",\"datePublished\":\"2026-04-27T04:41:09+00:00\",\"breadcrumb\":{\"@id\":\"https:\/\/www.oknobuild.com\/index.php\/produkt\/objednat-nyni-sapho-plato-deska-rockstone-1600x24x500mm-bila-mat-pl160-0101-14545\/#breadcrumb\"},\"inLanguage\":\"cs\",\"potentialAction\":[{\"@type\":\"ReadAction\",\"target\":[\"https:\/\/www.oknobuild.com\/index.php\/produkt\/objednat-nyni-sapho-plato-deska-rockstone-1600x24x500mm-bila-mat-pl160-0101-14545\/\"]}]},{\"@type\":\"ImageObject\",\"inLanguage\":\"cs\",\"@id\":\"https:\/\/www.oknobuild.com\/index.php\/produkt\/objednat-nyni-sapho-plato-deska-rockstone-1600x24x500mm-bila-mat-pl160-0101-14545\/#primaryimage\",\"url\":\"https:\/\/www.oknobuild.com\/wp-content\/uploads\/2026\/SK0015516-CZ20260425-093041-0-1777080643-3243f2be5db3c0d6488d208e4e0addd9.webp\",\"contentUrl\":\"https:\/\/www.oknobuild.com\/wp-content\/uploads\/2026\/SK0015516-CZ20260425-093041-0-1777080643-3243f2be5db3c0d6488d208e4e0addd9.webp\",\"width\":725,\"height\":800},{\"@type\":\"BreadcrumbList\",\"@id\":\"https:\/\/www.oknobuild.com\/index.php\/produkt\/objednat-nyni-sapho-plato-deska-rockstone-1600x24x500mm-bila-mat-pl160-0101-14545\/#breadcrumb\",\"itemListElement\":[{\"@type\":\"ListItem\",\"position\":1,\"name\":\"Home\",\"item\":\"https:\/\/www.oknobuild.com\/\"},{\"@type\":\"ListItem\",\"position\":2,\"name\":\"Products\",\"item\":\"https:\/\/www.oknobuild.com\/index.php\/products\/\"},{\"@type\":\"ListItem\",\"position\":3,\"name\":\"Objednat Nyn\u00ed Sapho PLATO deska Rockstone 1600x24x500mm, b\u00edl\u00e1 mat PL160-0101\"}]},{\"@type\":\"WebSite\",\"@id\":\"https:\/\/www.oknobuild.com\/#website\",\"url\":\"https:\/\/www.oknobuild.com\/\",\"name\":\"\",\"description\":\"\",\"potentialAction\":[{\"@type\":\"SearchAction\",\"target\":{\"@type\":\"EntryPoint\",\"urlTemplate\":\"https:\/\/www.oknobuild.com\/?s={search_term_string}\"},\"query-input\":{\"@type\":\"PropertyValueSpecification\",\"valueRequired\":true,\"valueName\":\"search_term_string\"}}],\"inLanguage\":\"cs\"}]}<\/script>\n<!-- \/ Yoast SEO plugin. -->","yoast_head_json":{"title":"Objednat Nyn\u00ed Sapho PLATO deska Rockstone 1600x24x500mm, b\u00edl\u00e1 mat PL160-0101 -","robots":{"index":"index","follow":"follow","max-snippet":"max-snippet:-1","max-image-preview":"max-image-preview:large","max-video-preview":"max-video-preview:-1"},"canonical":"https:\/\/www.oknobuild.com\/index.php\/produkt\/objednat-nyni-sapho-plato-deska-rockstone-1600x24x500mm-bila-mat-pl160-0101-14545\/","og_locale":"cs_CZ","og_type":"article","og_title":"Objednat Nyn\u00ed Sapho PLATO deska Rockstone 1600x24x500mm, b\u00edl\u00e1 mat PL160-0101 -","og_description":"Sapho PLATO deska Rockstone 1600x24x500mm, b\u00edl\u00e1 mat PL160-0101 Materi\u00e1l:&nbsp;Solid Surface &#8211; Rockstone Vzorn\u00edk dekor\u016f: zde \u0160\u00ed\u0159ka: 60 &#8211; 250 cm Hloubka: 36 a 50 cm Tlou\u0161\u0165ka: 2,4 cm Mo\u017enost v\u00fdroby atypick\u00fdch rozm\u011br\u016f (max. 250&#215;50 cm) Mo\u017enost dod\u00e1n\u00ed s otvory pro baterii a odpad dle v\u00fdkresu (lze vrtat i v m\u00edst\u011b instalace) &nbsp;P\u0159\u00edslu\u0161enstv\u00ed: Podp\u011brn\u00e9 konzole 36 [&hellip;]","og_url":"https:\/\/www.oknobuild.com\/index.php\/produkt\/objednat-nyni-sapho-plato-deska-rockstone-1600x24x500mm-bila-mat-pl160-0101-14545\/","og_image":[{"width":725,"height":800,"url":"https:\/\/www.oknobuild.com\/wp-content\/uploads\/2026\/SK0015516-CZ20260425-093041-0-1777080643-3243f2be5db3c0d6488d208e4e0addd9.webp","type":"image\/webp"}],"twitter_card":"summary_large_image","twitter_misc":{"Odhadovan\u00e1 doba \u010dten\u00ed":"1 minuta"},"schema":{"@context":"https:\/\/schema.org","@graph":[{"@type":"WebPage","@id":"https:\/\/www.oknobuild.com\/index.php\/produkt\/objednat-nyni-sapho-plato-deska-rockstone-1600x24x500mm-bila-mat-pl160-0101-14545\/","url":"https:\/\/www.oknobuild.com\/index.php\/produkt\/objednat-nyni-sapho-plato-deska-rockstone-1600x24x500mm-bila-mat-pl160-0101-14545\/","name":"Objednat Nyn\u00ed Sapho PLATO deska Rockstone 1600x24x500mm, b\u00edl\u00e1 mat PL160-0101 -","isPartOf":{"@id":"https:\/\/www.oknobuild.com\/#website"},"primaryImageOfPage":{"@id":"https:\/\/www.oknobuild.com\/index.php\/produkt\/objednat-nyni-sapho-plato-deska-rockstone-1600x24x500mm-bila-mat-pl160-0101-14545\/#primaryimage"},"image":{"@id":"https:\/\/www.oknobuild.com\/index.php\/produkt\/objednat-nyni-sapho-plato-deska-rockstone-1600x24x500mm-bila-mat-pl160-0101-14545\/#primaryimage"},"thumbnailUrl":"https:\/\/www.oknobuild.com\/wp-content\/uploads\/2026\/SK0015516-CZ20260425-093041-0-1777080643-3243f2be5db3c0d6488d208e4e0addd9.webp","datePublished":"2026-04-27T04:41:09+00:00","breadcrumb":{"@id":"https:\/\/www.oknobuild.com\/index.php\/produkt\/objednat-nyni-sapho-plato-deska-rockstone-1600x24x500mm-bila-mat-pl160-0101-14545\/#breadcrumb"},"inLanguage":"cs","potentialAction":[{"@type":"ReadAction","target":["https:\/\/www.oknobuild.com\/index.php\/produkt\/objednat-nyni-sapho-plato-deska-rockstone-1600x24x500mm-bila-mat-pl160-0101-14545\/"]}]},{"@type":"ImageObject","inLanguage":"cs","@id":"https:\/\/www.oknobuild.com\/index.php\/produkt\/objednat-nyni-sapho-plato-deska-rockstone-1600x24x500mm-bila-mat-pl160-0101-14545\/#primaryimage","url":"https:\/\/www.oknobuild.com\/wp-content\/uploads\/2026\/SK0015516-CZ20260425-093041-0-1777080643-3243f2be5db3c0d6488d208e4e0addd9.webp","contentUrl":"https:\/\/www.oknobuild.com\/wp-content\/uploads\/2026\/SK0015516-CZ20260425-093041-0-1777080643-3243f2be5db3c0d6488d208e4e0addd9.webp","width":725,"height":800},{"@type":"BreadcrumbList","@id":"https:\/\/www.oknobuild.com\/index.php\/produkt\/objednat-nyni-sapho-plato-deska-rockstone-1600x24x500mm-bila-mat-pl160-0101-14545\/#breadcrumb","itemListElement":[{"@type":"ListItem","position":1,"name":"Home","item":"https:\/\/www.oknobuild.com\/"},{"@type":"ListItem","position":2,"name":"Products","item":"https:\/\/www.oknobuild.com\/index.php\/products\/"},{"@type":"ListItem","position":3,"name":"Objednat Nyn\u00ed Sapho PLATO deska Rockstone 1600x24x500mm, b\u00edl\u00e1 mat PL160-0101"}]},{"@type":"WebSite","@id":"https:\/\/www.oknobuild.com\/#website","url":"https:\/\/www.oknobuild.com\/","name":"","description":"","potentialAction":[{"@type":"SearchAction","target":{"@type":"EntryPoint","urlTemplate":"https:\/\/www.oknobuild.com\/?s={search_term_string}"},"query-input":{"@type":"PropertyValueSpecification","valueRequired":true,"valueName":"search_term_string"}}],"inLanguage":"cs"}]}},"_links":{"self":[{"href":"https:\/\/www.oknobuild.com\/index.php\/wp-json\/wp\/v2\/product\/14545","targetHints":{"allow":["GET"]}}],"collection":[{"href":"https:\/\/www.oknobuild.com\/index.php\/wp-json\/wp\/v2\/product"}],"about":[{"href":"https:\/\/www.oknobuild.com\/index.php\/wp-json\/wp\/v2\/types\/product"}],"replies":[{"embeddable":true,"href":"https:\/\/www.oknobuild.com\/index.php\/wp-json\/wp\/v2\/comments?post=14545"}],"wp:featuredmedia":[{"embeddable":true,"href":"https:\/\/www.oknobuild.com\/index.php\/wp-json\/wp\/v2\/media\/14645"}],"wp:attachment":[{"href":"https:\/\/www.oknobuild.com\/index.php\/wp-json\/wp\/v2\/media?parent=14545"}],"wp:term":[{"taxonomy":"product_brand","embeddable":true,"href":"https:\/\/www.oknobuild.com\/index.php\/wp-json\/wp\/v2\/product_brand?post=14545"},{"taxonomy":"product_cat","embeddable":true,"href":"https:\/\/www.oknobuild.com\/index.php\/wp-json\/wp\/v2\/product_cat?post=14545"},{"taxonomy":"product_tag","embeddable":true,"href":"https:\/\/www.oknobuild.com\/index.php\/wp-json\/wp\/v2\/product_tag?post=14545"}],"curies":[{"name":"wp","href":"https:\/\/api.w.org\/{rel}","templated":true}]}}