{"id":14546,"date":"2026-04-27T04:41:09","date_gmt":"2026-04-27T04:41:09","guid":{"rendered":""},"modified":"2026-04-27T04:41:09","modified_gmt":"2026-04-27T04:41:09","slug":"super-cena-sapho-avice-deska-60x36cm-dub-rover-av0664-14546","status":"publish","type":"product","link":"https:\/\/www.oknobuild.com\/index.php\/produkt\/super-cena-sapho-avice-deska-60x36cm-dub-rover-av0664-14546\/","title":{"rendered":"Super Cena Sapho AVICE deska 60x36cm, dub Rover AV0664"},"content":{"rendered":"<div class=\"tabs__content-outer\" id=\"tab_description\" data-hash=\"description\" data-tabindex=\"-1\">\n<div class=\"tabs__content toggle_description\" id=\"content_description\">\n<div class=\"wysiwyg-content\">\n<div class=\"product__tab product__description full-width\">\n<div class=\"container\">\n<div >\n<h3>Sapho AVICE deska 60x36cm, dub Rover AV0664<\/h3>\n<ul>\n<li>Materi\u00e1l: DTD deska + HPL lamin\u00e1t<\/li>\n<li>Povrch: vysokotlak\u00fd lamin\u00e1t<\/li>\n<li>Vzorn\u00edk dekor\u016f: zde<\/li>\n<li>\u0160\u00ed\u0159ka:&nbsp; 60 &#8211; 250 cm<\/li>\n<li>Hloubka 36 a 50 cm<\/li>\n<li>Tlou\u0161\u0165ka 5 cm<\/li>\n<li>Mo\u017enost v\u00fdroby atypick\u00fdch rozm\u011br\u016f (max. 250&#215;50 cm)<\/li>\n<li>Mo\u017enost dod\u00e1n\u00ed s otvory pro baterii a odpad dle v\u00fdkresu (lze vrtat i v m\u00edst\u011b instalace)<\/li>\n<\/ul>\n<p>&nbsp;P\u0159\u00edslu\u0161enstv\u00ed:<\/p>\n<ul>\n<li>Podp\u011brn\u00e9 konzole 36 a 50 cm<\/li>\n<li>Umyvadla na postaven\u00ed nebo z\u00e1pustn\u00e1 umyvadla<\/li>\n<li>AVICE sk\u0159\u00ed\u0148ky a kontejnery pod desku 50 cm<\/li>\n<li>ESPACE bo\u010dn\u00ed sk\u0159\u00edn\u011b<\/li>\n<li>AVICE dr\u017e\u00e1ky osu\u0161ek<\/li>\n<li>Desky del\u0161\u00ed ne\u017e 1 m: doporu\u010dujeme instalaci skryt\u00e9 podp\u011brn\u00e9 konzole ka\u017ed\u00fdch 70 cm<\/li>\n<\/ul>\n<div class=\"product-explanation-item\">\n<h3>Desky lze vyrobit v tomto barevn\u00e9m proveden\u00ed:<\/h3>\n<div style=\"float: left; width: 20%; text-align: center;\">5 Dub starob\u00edl\u00fd<\/div>\n<div style=\"float: left; width: 20%; text-align: center;\">4 Dub rover<\/div>\n<div style=\"float: left; width: 20%; text-align: center;\">11 Dub tmav\u00fd<\/div>\n<div style=\"float: left; width: 20%; text-align: center;\">8 Old wood<\/div>\n<div style=\"clear: both;\"><\/div>\n<div style=\"float: left; width: 100%; text-align: center;\"> <\/div>\n<div style=\"clear: both;\"><\/div>\n<div style=\"float: left; width: 20%; text-align: center;\">6 Aquamarine<\/div>\n<div style=\"float: left; width: 20%; text-align: center;\">10 \u0160ed\u00fd k\u00e1men<\/div>\n<div style=\"float: left; width: 20%; text-align: center;\">9 \u0160t\u00edpan\u00fd k\u00e1men<\/div>\n<div style=\"float: left; width: 20%; text-align: center;\">7 Cement<\/div>\n<div style=\"clear: both;\"><\/div>\n<\/p><\/div>\n<p><\/p>\n<p><b>Vlastnosti<\/b><\/p>\n<ul>\n<li><span>Materi\u00e1l:<\/span> DTD\/HPL lamin\u00e1t<\/li>\n<li><span>Barva:<\/span> Hn\u011bd\u00e1<\/li>\n<li><span>Instalace:<\/span> Z\u00e1v\u011bsn\u00e9 na st\u011bnu<\/li>\n<li><span>Rozm\u011br:<\/span> 60x5x36 cm<\/li>\n<li><span>Typ sk\u0159\u00ed\u0148ky:<\/span> Deska<\/li>\n<li><span>\u0160\u00ed\u0159ka:<\/span> 600 mm<\/li>\n<li><span>V\u00fd\u0161ka:<\/span> 50 mm<\/li>\n<li><span>Hloubka:<\/span> 360 mm<\/li>\n<li><span>Typ umyvadla:<\/span> Umyvadlo na desku<\/li>\n<li><span>Jin\u00e9 barevn\u00e9 proveden\u00ed:<\/span> Dle vzorn\u00edku<\/li>\n<li><span>Dekor:<\/span> Dub rover<\/li>\n<\/ul>\n<\/div><\/div>\n<\/p><\/div>\n<\/p><\/div>\n<\/p><\/div>\n","protected":false},"excerpt":{"rendered":"<p>Sapho AVICE deska 60x36cm, dub Rover AV0664 Materi\u00e1l: DTD deska + HPL lamin\u00e1t Povrch: vysokotlak\u00fd lamin\u00e1t Vzorn\u00edk dekor\u016f: zde \u0160\u00ed\u0159ka:&nbsp; 60 &#8211; 250 cm Hloubka 36 a 50 cm Tlou\u0161\u0165ka 5 cm Mo\u017enost v\u00fdroby atypick\u00fdch rozm\u011br\u016f (max. 250&#215;50 cm) Mo\u017enost dod\u00e1n\u00ed s otvory pro baterii a odpad dle v\u00fdkresu (lze vrtat i v m\u00edst\u011b instalace) [&hellip;]<\/p>\n","protected":false},"featured_media":14646,"comment_status":"open","ping_status":"open","template":"","meta":[],"product_brand":[],"product_cat":[71],"product_tag":[],"class_list":{"0":"post-14546","1":"product","2":"type-product","3":"status-publish","4":"has-post-thumbnail","6":"product_cat-koupelna","8":"first","9":"instock","10":"sale","11":"shipping-taxable","12":"purchasable","13":"product-type-simple"},"yoast_head":"<!-- This site is optimized with the Yoast SEO plugin v26.8 - https:\/\/yoast.com\/product\/yoast-seo-wordpress\/ -->\n<title>Super Cena Sapho AVICE deska 60x36cm, dub Rover AV0664 -<\/title>\n<meta name=\"robots\" content=\"index, follow, max-snippet:-1, max-image-preview:large, max-video-preview:-1\" \/>\n<link rel=\"canonical\" href=\"https:\/\/www.oknobuild.com\/index.php\/produkt\/super-cena-sapho-avice-deska-60x36cm-dub-rover-av0664-14546\/\" \/>\n<meta property=\"og:locale\" content=\"cs_CZ\" \/>\n<meta property=\"og:type\" content=\"article\" \/>\n<meta property=\"og:title\" content=\"Super Cena Sapho AVICE deska 60x36cm, dub Rover AV0664 -\" \/>\n<meta property=\"og:description\" content=\"Sapho AVICE deska 60x36cm, dub Rover AV0664 Materi\u00e1l: DTD deska + HPL lamin\u00e1t Povrch: vysokotlak\u00fd lamin\u00e1t Vzorn\u00edk dekor\u016f: zde \u0160\u00ed\u0159ka:&nbsp; 60 &#8211; 250 cm Hloubka 36 a 50 cm Tlou\u0161\u0165ka 5 cm Mo\u017enost v\u00fdroby atypick\u00fdch rozm\u011br\u016f (max. 250&#215;50 cm) Mo\u017enost dod\u00e1n\u00ed s otvory pro baterii a odpad dle v\u00fdkresu (lze vrtat i v m\u00edst\u011b instalace) [&hellip;]\" \/>\n<meta property=\"og:url\" content=\"https:\/\/www.oknobuild.com\/index.php\/produkt\/super-cena-sapho-avice-deska-60x36cm-dub-rover-av0664-14546\/\" \/>\n<meta property=\"og:image\" content=\"https:\/\/www.oknobuild.com\/wp-content\/uploads\/2026\/SK0015517-CZ20260425-093041-0-1777080643-31ce5300c3284f7e33205d23239bb76b.webp\" \/>\n\t<meta property=\"og:image:width\" content=\"635\" \/>\n\t<meta property=\"og:image:height\" content=\"800\" \/>\n\t<meta property=\"og:image:type\" content=\"image\/webp\" \/>\n<meta name=\"twitter:card\" content=\"summary_large_image\" \/>\n<meta name=\"twitter:label1\" content=\"Odhadovan\u00e1 doba \u010dten\u00ed\" \/>\n\t<meta name=\"twitter:data1\" content=\"1 minuta\" \/>\n<script type=\"application\/ld+json\" class=\"yoast-schema-graph\">{\"@context\":\"https:\/\/schema.org\",\"@graph\":[{\"@type\":\"WebPage\",\"@id\":\"https:\/\/www.oknobuild.com\/index.php\/produkt\/super-cena-sapho-avice-deska-60x36cm-dub-rover-av0664-14546\/\",\"url\":\"https:\/\/www.oknobuild.com\/index.php\/produkt\/super-cena-sapho-avice-deska-60x36cm-dub-rover-av0664-14546\/\",\"name\":\"Super Cena Sapho AVICE deska 60x36cm, dub Rover AV0664 -\",\"isPartOf\":{\"@id\":\"https:\/\/www.oknobuild.com\/#website\"},\"primaryImageOfPage\":{\"@id\":\"https:\/\/www.oknobuild.com\/index.php\/produkt\/super-cena-sapho-avice-deska-60x36cm-dub-rover-av0664-14546\/#primaryimage\"},\"image\":{\"@id\":\"https:\/\/www.oknobuild.com\/index.php\/produkt\/super-cena-sapho-avice-deska-60x36cm-dub-rover-av0664-14546\/#primaryimage\"},\"thumbnailUrl\":\"https:\/\/www.oknobuild.com\/wp-content\/uploads\/2026\/SK0015517-CZ20260425-093041-0-1777080643-31ce5300c3284f7e33205d23239bb76b.webp\",\"datePublished\":\"2026-04-27T04:41:09+00:00\",\"breadcrumb\":{\"@id\":\"https:\/\/www.oknobuild.com\/index.php\/produkt\/super-cena-sapho-avice-deska-60x36cm-dub-rover-av0664-14546\/#breadcrumb\"},\"inLanguage\":\"cs\",\"potentialAction\":[{\"@type\":\"ReadAction\",\"target\":[\"https:\/\/www.oknobuild.com\/index.php\/produkt\/super-cena-sapho-avice-deska-60x36cm-dub-rover-av0664-14546\/\"]}]},{\"@type\":\"ImageObject\",\"inLanguage\":\"cs\",\"@id\":\"https:\/\/www.oknobuild.com\/index.php\/produkt\/super-cena-sapho-avice-deska-60x36cm-dub-rover-av0664-14546\/#primaryimage\",\"url\":\"https:\/\/www.oknobuild.com\/wp-content\/uploads\/2026\/SK0015517-CZ20260425-093041-0-1777080643-31ce5300c3284f7e33205d23239bb76b.webp\",\"contentUrl\":\"https:\/\/www.oknobuild.com\/wp-content\/uploads\/2026\/SK0015517-CZ20260425-093041-0-1777080643-31ce5300c3284f7e33205d23239bb76b.webp\",\"width\":635,\"height\":800},{\"@type\":\"BreadcrumbList\",\"@id\":\"https:\/\/www.oknobuild.com\/index.php\/produkt\/super-cena-sapho-avice-deska-60x36cm-dub-rover-av0664-14546\/#breadcrumb\",\"itemListElement\":[{\"@type\":\"ListItem\",\"position\":1,\"name\":\"Home\",\"item\":\"https:\/\/www.oknobuild.com\/\"},{\"@type\":\"ListItem\",\"position\":2,\"name\":\"Products\",\"item\":\"https:\/\/www.oknobuild.com\/index.php\/products\/\"},{\"@type\":\"ListItem\",\"position\":3,\"name\":\"Super Cena Sapho AVICE deska 60x36cm, dub Rover AV0664\"}]},{\"@type\":\"WebSite\",\"@id\":\"https:\/\/www.oknobuild.com\/#website\",\"url\":\"https:\/\/www.oknobuild.com\/\",\"name\":\"\",\"description\":\"\",\"potentialAction\":[{\"@type\":\"SearchAction\",\"target\":{\"@type\":\"EntryPoint\",\"urlTemplate\":\"https:\/\/www.oknobuild.com\/?s={search_term_string}\"},\"query-input\":{\"@type\":\"PropertyValueSpecification\",\"valueRequired\":true,\"valueName\":\"search_term_string\"}}],\"inLanguage\":\"cs\"}]}<\/script>\n<!-- \/ Yoast SEO plugin. -->","yoast_head_json":{"title":"Super Cena Sapho AVICE deska 60x36cm, dub Rover AV0664 -","robots":{"index":"index","follow":"follow","max-snippet":"max-snippet:-1","max-image-preview":"max-image-preview:large","max-video-preview":"max-video-preview:-1"},"canonical":"https:\/\/www.oknobuild.com\/index.php\/produkt\/super-cena-sapho-avice-deska-60x36cm-dub-rover-av0664-14546\/","og_locale":"cs_CZ","og_type":"article","og_title":"Super Cena Sapho AVICE deska 60x36cm, dub Rover AV0664 -","og_description":"Sapho AVICE deska 60x36cm, dub Rover AV0664 Materi\u00e1l: DTD deska + HPL lamin\u00e1t Povrch: vysokotlak\u00fd lamin\u00e1t Vzorn\u00edk dekor\u016f: zde \u0160\u00ed\u0159ka:&nbsp; 60 &#8211; 250 cm Hloubka 36 a 50 cm Tlou\u0161\u0165ka 5 cm Mo\u017enost v\u00fdroby atypick\u00fdch rozm\u011br\u016f (max. 250&#215;50 cm) Mo\u017enost dod\u00e1n\u00ed s otvory pro baterii a odpad dle v\u00fdkresu (lze vrtat i v m\u00edst\u011b instalace) [&hellip;]","og_url":"https:\/\/www.oknobuild.com\/index.php\/produkt\/super-cena-sapho-avice-deska-60x36cm-dub-rover-av0664-14546\/","og_image":[{"width":635,"height":800,"url":"https:\/\/www.oknobuild.com\/wp-content\/uploads\/2026\/SK0015517-CZ20260425-093041-0-1777080643-31ce5300c3284f7e33205d23239bb76b.webp","type":"image\/webp"}],"twitter_card":"summary_large_image","twitter_misc":{"Odhadovan\u00e1 doba \u010dten\u00ed":"1 minuta"},"schema":{"@context":"https:\/\/schema.org","@graph":[{"@type":"WebPage","@id":"https:\/\/www.oknobuild.com\/index.php\/produkt\/super-cena-sapho-avice-deska-60x36cm-dub-rover-av0664-14546\/","url":"https:\/\/www.oknobuild.com\/index.php\/produkt\/super-cena-sapho-avice-deska-60x36cm-dub-rover-av0664-14546\/","name":"Super Cena Sapho AVICE deska 60x36cm, dub Rover AV0664 -","isPartOf":{"@id":"https:\/\/www.oknobuild.com\/#website"},"primaryImageOfPage":{"@id":"https:\/\/www.oknobuild.com\/index.php\/produkt\/super-cena-sapho-avice-deska-60x36cm-dub-rover-av0664-14546\/#primaryimage"},"image":{"@id":"https:\/\/www.oknobuild.com\/index.php\/produkt\/super-cena-sapho-avice-deska-60x36cm-dub-rover-av0664-14546\/#primaryimage"},"thumbnailUrl":"https:\/\/www.oknobuild.com\/wp-content\/uploads\/2026\/SK0015517-CZ20260425-093041-0-1777080643-31ce5300c3284f7e33205d23239bb76b.webp","datePublished":"2026-04-27T04:41:09+00:00","breadcrumb":{"@id":"https:\/\/www.oknobuild.com\/index.php\/produkt\/super-cena-sapho-avice-deska-60x36cm-dub-rover-av0664-14546\/#breadcrumb"},"inLanguage":"cs","potentialAction":[{"@type":"ReadAction","target":["https:\/\/www.oknobuild.com\/index.php\/produkt\/super-cena-sapho-avice-deska-60x36cm-dub-rover-av0664-14546\/"]}]},{"@type":"ImageObject","inLanguage":"cs","@id":"https:\/\/www.oknobuild.com\/index.php\/produkt\/super-cena-sapho-avice-deska-60x36cm-dub-rover-av0664-14546\/#primaryimage","url":"https:\/\/www.oknobuild.com\/wp-content\/uploads\/2026\/SK0015517-CZ20260425-093041-0-1777080643-31ce5300c3284f7e33205d23239bb76b.webp","contentUrl":"https:\/\/www.oknobuild.com\/wp-content\/uploads\/2026\/SK0015517-CZ20260425-093041-0-1777080643-31ce5300c3284f7e33205d23239bb76b.webp","width":635,"height":800},{"@type":"BreadcrumbList","@id":"https:\/\/www.oknobuild.com\/index.php\/produkt\/super-cena-sapho-avice-deska-60x36cm-dub-rover-av0664-14546\/#breadcrumb","itemListElement":[{"@type":"ListItem","position":1,"name":"Home","item":"https:\/\/www.oknobuild.com\/"},{"@type":"ListItem","position":2,"name":"Products","item":"https:\/\/www.oknobuild.com\/index.php\/products\/"},{"@type":"ListItem","position":3,"name":"Super Cena Sapho AVICE deska 60x36cm, dub Rover AV0664"}]},{"@type":"WebSite","@id":"https:\/\/www.oknobuild.com\/#website","url":"https:\/\/www.oknobuild.com\/","name":"","description":"","potentialAction":[{"@type":"SearchAction","target":{"@type":"EntryPoint","urlTemplate":"https:\/\/www.oknobuild.com\/?s={search_term_string}"},"query-input":{"@type":"PropertyValueSpecification","valueRequired":true,"valueName":"search_term_string"}}],"inLanguage":"cs"}]}},"_links":{"self":[{"href":"https:\/\/www.oknobuild.com\/index.php\/wp-json\/wp\/v2\/product\/14546","targetHints":{"allow":["GET"]}}],"collection":[{"href":"https:\/\/www.oknobuild.com\/index.php\/wp-json\/wp\/v2\/product"}],"about":[{"href":"https:\/\/www.oknobuild.com\/index.php\/wp-json\/wp\/v2\/types\/product"}],"replies":[{"embeddable":true,"href":"https:\/\/www.oknobuild.com\/index.php\/wp-json\/wp\/v2\/comments?post=14546"}],"wp:featuredmedia":[{"embeddable":true,"href":"https:\/\/www.oknobuild.com\/index.php\/wp-json\/wp\/v2\/media\/14646"}],"wp:attachment":[{"href":"https:\/\/www.oknobuild.com\/index.php\/wp-json\/wp\/v2\/media?parent=14546"}],"wp:term":[{"taxonomy":"product_brand","embeddable":true,"href":"https:\/\/www.oknobuild.com\/index.php\/wp-json\/wp\/v2\/product_brand?post=14546"},{"taxonomy":"product_cat","embeddable":true,"href":"https:\/\/www.oknobuild.com\/index.php\/wp-json\/wp\/v2\/product_cat?post=14546"},{"taxonomy":"product_tag","embeddable":true,"href":"https:\/\/www.oknobuild.com\/index.php\/wp-json\/wp\/v2\/product_tag?post=14546"}],"curies":[{"name":"wp","href":"https:\/\/api.w.org\/{rel}","templated":true}]}}