{"id":14547,"date":"2026-04-27T04:41:09","date_gmt":"2026-04-27T04:41:09","guid":{"rendered":""},"modified":"2026-04-27T04:41:09","modified_gmt":"2026-04-27T04:41:09","slug":"vysoce-kvalitni-metaform-rebecca-dvojity-drzak-rucniku-otocny-300mm-cerna-cc021-14547","status":"publish","type":"product","link":"https:\/\/www.oknobuild.com\/index.php\/produkt\/vysoce-kvalitni-metaform-rebecca-dvojity-drzak-rucniku-otocny-300mm-cerna-cc021-14547\/","title":{"rendered":"Vysoce Kvalitn\u00ed METAFORM REBECCA dvojit\u00fd dr\u017e\u00e1k ru\u010dn\u00edk\u016f oto\u010dn\u00fd 300mm, \u010dern\u00e1 CC021"},"content":{"rendered":"<div class=\"tabs__content-outer\" id=\"tab_description\" data-hash=\"description\" data-tabindex=\"-1\">\n<div class=\"tabs__content toggle_description\" id=\"content_description\">\n<div class=\"wysiwyg-content\">\n<div class=\"product__tab product__description full-width\">\n<div class=\"container\">\n<div >\n<h3>METAFORM REBECCA dvojit\u00fd dr\u017e\u00e1k ru\u010dn\u00edk\u016f oto\u010dn\u00fd 300mm, \u010dern\u00e1 CC021<\/h3>\n<p style=\"text-align: justify;\">Koupelnov\u00e9 dopl\u0148ky REBECCA evokuj\u00ed kr\u00e1su um\u011bleck\u00e9ho kov\u00e1\u0159stv\u00ed. Kovan\u00e9 \u00fachyty vkusn\u011b dopl\u0148uj\u00ed n\u00e1dobky z b\u00edl\u00e9 keramiky. Nechte se un\u00e9st surovou kr\u00e1sou zru\u010dn\u011b zpracovan\u00e9ho kovu s\u00e9rie REBECCA.<\/p>\n<div class=\"product-explanation-item\">\n<h3>Doporu\u010den\u00e1 \u00fadr\u017eba koupelnov\u00fdch dopl\u0148k\u016f v \u010dern\u00e9 nebo b\u00edl\u00e9 variant\u011b:<\/h3>\n<p style=\"text-align: justify;\">Pro zachov\u00e1n\u00ed estetick\u00e9 kvality se doporu\u010duje \u010distit povrch \u010dern\u00fdch a b\u00edl\u00fdch v\u00fdrobk\u016f (koupelnov\u00fdch dopl\u0148k\u016f, stojan\u016f a dal\u0161\u00edch), pouze m\u011bkk\u00fdm had\u0159\u00edkem a vodou. Z\u00e1rove\u0148 se doporu\u010duje v\u017edy po pou\u017eit\u00ed ot\u0159\u00edt povrch do sucha, aby na povrchu nez\u016fst\u00e1valy kapky vody, kter\u00e9 by se n\u00e1sledn\u011b mohly za\u010d\u00edt usazovat ve form\u011b vodn\u00edho kamene. <br \/>Pro \u010di\u0161t\u011bn\u00ed se nesm\u00ed pou\u017e\u00edvat abrazivn\u00ed prost\u0159edky ani agresivn\u00ed \u010distic\u00ed prost\u0159edky.<\/p>\n<\/p><\/div>\n<p><\/p>\n<p><b>Vlastnosti<\/b><\/p>\n<ul>\n<li><span>Materi\u00e1l:<\/span> Ocel<\/li>\n<li><span>Barva:<\/span> \u010cern\u00e1<\/li>\n<li><span>Instalace:<\/span> Lepen\u00ed, Vrt\u00e1n\u00ed<\/li>\n<li><span>Tvar:<\/span> Retro<\/li>\n<li><span>Rozm\u011br:<\/span> 362x88x50 mm<\/li>\n<li><span>Druh:<\/span> Dr\u017e\u00e1k ru\u010dn\u00edk\u016f: oto\u010dn\u00fd<\/li>\n<li><span>\u0160\u00ed\u0159ka:<\/span> 362 mm<\/li>\n<li><span>V\u00fd\u0161ka:<\/span> 88 mm<\/li>\n<li><span>Hloubka:<\/span> 50 mm<\/li>\n<li><span>D\u00e9lka:<\/span> 362 mm<\/li>\n<li><span>\u00dadr\u017eba:<\/span> Dle doporu\u010den\u00ed<\/li>\n<\/ul>\n<\/div><\/div>\n<\/p><\/div>\n<\/p><\/div>\n<\/p><\/div>\n","protected":false},"excerpt":{"rendered":"<p>METAFORM REBECCA dvojit\u00fd dr\u017e\u00e1k ru\u010dn\u00edk\u016f oto\u010dn\u00fd 300mm, \u010dern\u00e1 CC021 Koupelnov\u00e9 dopl\u0148ky REBECCA evokuj\u00ed kr\u00e1su um\u011bleck\u00e9ho kov\u00e1\u0159stv\u00ed. Kovan\u00e9 \u00fachyty vkusn\u011b dopl\u0148uj\u00ed n\u00e1dobky z b\u00edl\u00e9 keramiky. Nechte se un\u00e9st surovou kr\u00e1sou zru\u010dn\u011b zpracovan\u00e9ho kovu s\u00e9rie REBECCA. Doporu\u010den\u00e1 \u00fadr\u017eba koupelnov\u00fdch dopl\u0148k\u016f v \u010dern\u00e9 nebo b\u00edl\u00e9 variant\u011b: Pro zachov\u00e1n\u00ed estetick\u00e9 kvality se doporu\u010duje \u010distit povrch \u010dern\u00fdch a b\u00edl\u00fdch v\u00fdrobk\u016f [&hellip;]<\/p>\n","protected":false},"featured_media":14647,"comment_status":"open","ping_status":"open","template":"","meta":[],"product_brand":[],"product_cat":[71],"product_tag":[],"class_list":{"0":"post-14547","1":"product","2":"type-product","3":"status-publish","4":"has-post-thumbnail","6":"product_cat-koupelna","8":"first","9":"instock","10":"sale","11":"shipping-taxable","12":"purchasable","13":"product-type-simple"},"yoast_head":"<!-- This site is optimized with the Yoast SEO plugin v26.8 - https:\/\/yoast.com\/product\/yoast-seo-wordpress\/ -->\n<title>Vysoce Kvalitn\u00ed METAFORM REBECCA dvojit\u00fd dr\u017e\u00e1k ru\u010dn\u00edk\u016f oto\u010dn\u00fd 300mm, \u010dern\u00e1 CC021 -<\/title>\n<meta name=\"robots\" content=\"index, follow, max-snippet:-1, max-image-preview:large, max-video-preview:-1\" \/>\n<link rel=\"canonical\" href=\"https:\/\/www.oknobuild.com\/index.php\/produkt\/vysoce-kvalitni-metaform-rebecca-dvojity-drzak-rucniku-otocny-300mm-cerna-cc021-14547\/\" \/>\n<meta property=\"og:locale\" content=\"cs_CZ\" \/>\n<meta property=\"og:type\" content=\"article\" \/>\n<meta property=\"og:title\" content=\"Vysoce Kvalitn\u00ed METAFORM REBECCA dvojit\u00fd dr\u017e\u00e1k ru\u010dn\u00edk\u016f oto\u010dn\u00fd 300mm, \u010dern\u00e1 CC021 -\" \/>\n<meta property=\"og:description\" content=\"METAFORM REBECCA dvojit\u00fd dr\u017e\u00e1k ru\u010dn\u00edk\u016f oto\u010dn\u00fd 300mm, \u010dern\u00e1 CC021 Koupelnov\u00e9 dopl\u0148ky REBECCA evokuj\u00ed kr\u00e1su um\u011bleck\u00e9ho kov\u00e1\u0159stv\u00ed. Kovan\u00e9 \u00fachyty vkusn\u011b dopl\u0148uj\u00ed n\u00e1dobky z b\u00edl\u00e9 keramiky. Nechte se un\u00e9st surovou kr\u00e1sou zru\u010dn\u011b zpracovan\u00e9ho kovu s\u00e9rie REBECCA. Doporu\u010den\u00e1 \u00fadr\u017eba koupelnov\u00fdch dopl\u0148k\u016f v \u010dern\u00e9 nebo b\u00edl\u00e9 variant\u011b: Pro zachov\u00e1n\u00ed estetick\u00e9 kvality se doporu\u010duje \u010distit povrch \u010dern\u00fdch a b\u00edl\u00fdch v\u00fdrobk\u016f [&hellip;]\" \/>\n<meta property=\"og:url\" content=\"https:\/\/www.oknobuild.com\/index.php\/produkt\/vysoce-kvalitni-metaform-rebecca-dvojity-drzak-rucniku-otocny-300mm-cerna-cc021-14547\/\" \/>\n<meta property=\"og:image\" content=\"https:\/\/www.oknobuild.com\/wp-content\/uploads\/2026\/SK0015518-CZ20260425-093041-0-1777080643-2b21cd1dc5e12f01845931009eaa3eca.webp\" \/>\n\t<meta property=\"og:image:width\" content=\"866\" \/>\n\t<meta property=\"og:image:height\" content=\"800\" \/>\n\t<meta property=\"og:image:type\" content=\"image\/webp\" \/>\n<meta name=\"twitter:card\" content=\"summary_large_image\" \/>\n<meta name=\"twitter:label1\" content=\"Odhadovan\u00e1 doba \u010dten\u00ed\" \/>\n\t<meta name=\"twitter:data1\" content=\"1 minuta\" \/>\n<script type=\"application\/ld+json\" class=\"yoast-schema-graph\">{\"@context\":\"https:\/\/schema.org\",\"@graph\":[{\"@type\":\"WebPage\",\"@id\":\"https:\/\/www.oknobuild.com\/index.php\/produkt\/vysoce-kvalitni-metaform-rebecca-dvojity-drzak-rucniku-otocny-300mm-cerna-cc021-14547\/\",\"url\":\"https:\/\/www.oknobuild.com\/index.php\/produkt\/vysoce-kvalitni-metaform-rebecca-dvojity-drzak-rucniku-otocny-300mm-cerna-cc021-14547\/\",\"name\":\"Vysoce Kvalitn\u00ed METAFORM REBECCA dvojit\u00fd dr\u017e\u00e1k ru\u010dn\u00edk\u016f oto\u010dn\u00fd 300mm, \u010dern\u00e1 CC021 -\",\"isPartOf\":{\"@id\":\"https:\/\/www.oknobuild.com\/#website\"},\"primaryImageOfPage\":{\"@id\":\"https:\/\/www.oknobuild.com\/index.php\/produkt\/vysoce-kvalitni-metaform-rebecca-dvojity-drzak-rucniku-otocny-300mm-cerna-cc021-14547\/#primaryimage\"},\"image\":{\"@id\":\"https:\/\/www.oknobuild.com\/index.php\/produkt\/vysoce-kvalitni-metaform-rebecca-dvojity-drzak-rucniku-otocny-300mm-cerna-cc021-14547\/#primaryimage\"},\"thumbnailUrl\":\"https:\/\/www.oknobuild.com\/wp-content\/uploads\/2026\/SK0015518-CZ20260425-093041-0-1777080643-2b21cd1dc5e12f01845931009eaa3eca.webp\",\"datePublished\":\"2026-04-27T04:41:09+00:00\",\"breadcrumb\":{\"@id\":\"https:\/\/www.oknobuild.com\/index.php\/produkt\/vysoce-kvalitni-metaform-rebecca-dvojity-drzak-rucniku-otocny-300mm-cerna-cc021-14547\/#breadcrumb\"},\"inLanguage\":\"cs\",\"potentialAction\":[{\"@type\":\"ReadAction\",\"target\":[\"https:\/\/www.oknobuild.com\/index.php\/produkt\/vysoce-kvalitni-metaform-rebecca-dvojity-drzak-rucniku-otocny-300mm-cerna-cc021-14547\/\"]}]},{\"@type\":\"ImageObject\",\"inLanguage\":\"cs\",\"@id\":\"https:\/\/www.oknobuild.com\/index.php\/produkt\/vysoce-kvalitni-metaform-rebecca-dvojity-drzak-rucniku-otocny-300mm-cerna-cc021-14547\/#primaryimage\",\"url\":\"https:\/\/www.oknobuild.com\/wp-content\/uploads\/2026\/SK0015518-CZ20260425-093041-0-1777080643-2b21cd1dc5e12f01845931009eaa3eca.webp\",\"contentUrl\":\"https:\/\/www.oknobuild.com\/wp-content\/uploads\/2026\/SK0015518-CZ20260425-093041-0-1777080643-2b21cd1dc5e12f01845931009eaa3eca.webp\",\"width\":866,\"height\":800},{\"@type\":\"BreadcrumbList\",\"@id\":\"https:\/\/www.oknobuild.com\/index.php\/produkt\/vysoce-kvalitni-metaform-rebecca-dvojity-drzak-rucniku-otocny-300mm-cerna-cc021-14547\/#breadcrumb\",\"itemListElement\":[{\"@type\":\"ListItem\",\"position\":1,\"name\":\"Home\",\"item\":\"https:\/\/www.oknobuild.com\/\"},{\"@type\":\"ListItem\",\"position\":2,\"name\":\"Products\",\"item\":\"https:\/\/www.oknobuild.com\/index.php\/products\/\"},{\"@type\":\"ListItem\",\"position\":3,\"name\":\"Vysoce Kvalitn\u00ed METAFORM REBECCA dvojit\u00fd dr\u017e\u00e1k ru\u010dn\u00edk\u016f oto\u010dn\u00fd 300mm, \u010dern\u00e1 CC021\"}]},{\"@type\":\"WebSite\",\"@id\":\"https:\/\/www.oknobuild.com\/#website\",\"url\":\"https:\/\/www.oknobuild.com\/\",\"name\":\"\",\"description\":\"\",\"potentialAction\":[{\"@type\":\"SearchAction\",\"target\":{\"@type\":\"EntryPoint\",\"urlTemplate\":\"https:\/\/www.oknobuild.com\/?s={search_term_string}\"},\"query-input\":{\"@type\":\"PropertyValueSpecification\",\"valueRequired\":true,\"valueName\":\"search_term_string\"}}],\"inLanguage\":\"cs\"}]}<\/script>\n<!-- \/ Yoast SEO plugin. -->","yoast_head_json":{"title":"Vysoce Kvalitn\u00ed METAFORM REBECCA dvojit\u00fd dr\u017e\u00e1k ru\u010dn\u00edk\u016f oto\u010dn\u00fd 300mm, \u010dern\u00e1 CC021 -","robots":{"index":"index","follow":"follow","max-snippet":"max-snippet:-1","max-image-preview":"max-image-preview:large","max-video-preview":"max-video-preview:-1"},"canonical":"https:\/\/www.oknobuild.com\/index.php\/produkt\/vysoce-kvalitni-metaform-rebecca-dvojity-drzak-rucniku-otocny-300mm-cerna-cc021-14547\/","og_locale":"cs_CZ","og_type":"article","og_title":"Vysoce Kvalitn\u00ed METAFORM REBECCA dvojit\u00fd dr\u017e\u00e1k ru\u010dn\u00edk\u016f oto\u010dn\u00fd 300mm, \u010dern\u00e1 CC021 -","og_description":"METAFORM REBECCA dvojit\u00fd dr\u017e\u00e1k ru\u010dn\u00edk\u016f oto\u010dn\u00fd 300mm, \u010dern\u00e1 CC021 Koupelnov\u00e9 dopl\u0148ky REBECCA evokuj\u00ed kr\u00e1su um\u011bleck\u00e9ho kov\u00e1\u0159stv\u00ed. Kovan\u00e9 \u00fachyty vkusn\u011b dopl\u0148uj\u00ed n\u00e1dobky z b\u00edl\u00e9 keramiky. Nechte se un\u00e9st surovou kr\u00e1sou zru\u010dn\u011b zpracovan\u00e9ho kovu s\u00e9rie REBECCA. Doporu\u010den\u00e1 \u00fadr\u017eba koupelnov\u00fdch dopl\u0148k\u016f v \u010dern\u00e9 nebo b\u00edl\u00e9 variant\u011b: Pro zachov\u00e1n\u00ed estetick\u00e9 kvality se doporu\u010duje \u010distit povrch \u010dern\u00fdch a b\u00edl\u00fdch v\u00fdrobk\u016f [&hellip;]","og_url":"https:\/\/www.oknobuild.com\/index.php\/produkt\/vysoce-kvalitni-metaform-rebecca-dvojity-drzak-rucniku-otocny-300mm-cerna-cc021-14547\/","og_image":[{"width":866,"height":800,"url":"https:\/\/www.oknobuild.com\/wp-content\/uploads\/2026\/SK0015518-CZ20260425-093041-0-1777080643-2b21cd1dc5e12f01845931009eaa3eca.webp","type":"image\/webp"}],"twitter_card":"summary_large_image","twitter_misc":{"Odhadovan\u00e1 doba \u010dten\u00ed":"1 minuta"},"schema":{"@context":"https:\/\/schema.org","@graph":[{"@type":"WebPage","@id":"https:\/\/www.oknobuild.com\/index.php\/produkt\/vysoce-kvalitni-metaform-rebecca-dvojity-drzak-rucniku-otocny-300mm-cerna-cc021-14547\/","url":"https:\/\/www.oknobuild.com\/index.php\/produkt\/vysoce-kvalitni-metaform-rebecca-dvojity-drzak-rucniku-otocny-300mm-cerna-cc021-14547\/","name":"Vysoce Kvalitn\u00ed METAFORM REBECCA dvojit\u00fd dr\u017e\u00e1k ru\u010dn\u00edk\u016f oto\u010dn\u00fd 300mm, \u010dern\u00e1 CC021 -","isPartOf":{"@id":"https:\/\/www.oknobuild.com\/#website"},"primaryImageOfPage":{"@id":"https:\/\/www.oknobuild.com\/index.php\/produkt\/vysoce-kvalitni-metaform-rebecca-dvojity-drzak-rucniku-otocny-300mm-cerna-cc021-14547\/#primaryimage"},"image":{"@id":"https:\/\/www.oknobuild.com\/index.php\/produkt\/vysoce-kvalitni-metaform-rebecca-dvojity-drzak-rucniku-otocny-300mm-cerna-cc021-14547\/#primaryimage"},"thumbnailUrl":"https:\/\/www.oknobuild.com\/wp-content\/uploads\/2026\/SK0015518-CZ20260425-093041-0-1777080643-2b21cd1dc5e12f01845931009eaa3eca.webp","datePublished":"2026-04-27T04:41:09+00:00","breadcrumb":{"@id":"https:\/\/www.oknobuild.com\/index.php\/produkt\/vysoce-kvalitni-metaform-rebecca-dvojity-drzak-rucniku-otocny-300mm-cerna-cc021-14547\/#breadcrumb"},"inLanguage":"cs","potentialAction":[{"@type":"ReadAction","target":["https:\/\/www.oknobuild.com\/index.php\/produkt\/vysoce-kvalitni-metaform-rebecca-dvojity-drzak-rucniku-otocny-300mm-cerna-cc021-14547\/"]}]},{"@type":"ImageObject","inLanguage":"cs","@id":"https:\/\/www.oknobuild.com\/index.php\/produkt\/vysoce-kvalitni-metaform-rebecca-dvojity-drzak-rucniku-otocny-300mm-cerna-cc021-14547\/#primaryimage","url":"https:\/\/www.oknobuild.com\/wp-content\/uploads\/2026\/SK0015518-CZ20260425-093041-0-1777080643-2b21cd1dc5e12f01845931009eaa3eca.webp","contentUrl":"https:\/\/www.oknobuild.com\/wp-content\/uploads\/2026\/SK0015518-CZ20260425-093041-0-1777080643-2b21cd1dc5e12f01845931009eaa3eca.webp","width":866,"height":800},{"@type":"BreadcrumbList","@id":"https:\/\/www.oknobuild.com\/index.php\/produkt\/vysoce-kvalitni-metaform-rebecca-dvojity-drzak-rucniku-otocny-300mm-cerna-cc021-14547\/#breadcrumb","itemListElement":[{"@type":"ListItem","position":1,"name":"Home","item":"https:\/\/www.oknobuild.com\/"},{"@type":"ListItem","position":2,"name":"Products","item":"https:\/\/www.oknobuild.com\/index.php\/products\/"},{"@type":"ListItem","position":3,"name":"Vysoce Kvalitn\u00ed METAFORM REBECCA dvojit\u00fd dr\u017e\u00e1k ru\u010dn\u00edk\u016f oto\u010dn\u00fd 300mm, \u010dern\u00e1 CC021"}]},{"@type":"WebSite","@id":"https:\/\/www.oknobuild.com\/#website","url":"https:\/\/www.oknobuild.com\/","name":"","description":"","potentialAction":[{"@type":"SearchAction","target":{"@type":"EntryPoint","urlTemplate":"https:\/\/www.oknobuild.com\/?s={search_term_string}"},"query-input":{"@type":"PropertyValueSpecification","valueRequired":true,"valueName":"search_term_string"}}],"inLanguage":"cs"}]}},"_links":{"self":[{"href":"https:\/\/www.oknobuild.com\/index.php\/wp-json\/wp\/v2\/product\/14547","targetHints":{"allow":["GET"]}}],"collection":[{"href":"https:\/\/www.oknobuild.com\/index.php\/wp-json\/wp\/v2\/product"}],"about":[{"href":"https:\/\/www.oknobuild.com\/index.php\/wp-json\/wp\/v2\/types\/product"}],"replies":[{"embeddable":true,"href":"https:\/\/www.oknobuild.com\/index.php\/wp-json\/wp\/v2\/comments?post=14547"}],"wp:featuredmedia":[{"embeddable":true,"href":"https:\/\/www.oknobuild.com\/index.php\/wp-json\/wp\/v2\/media\/14647"}],"wp:attachment":[{"href":"https:\/\/www.oknobuild.com\/index.php\/wp-json\/wp\/v2\/media?parent=14547"}],"wp:term":[{"taxonomy":"product_brand","embeddable":true,"href":"https:\/\/www.oknobuild.com\/index.php\/wp-json\/wp\/v2\/product_brand?post=14547"},{"taxonomy":"product_cat","embeddable":true,"href":"https:\/\/www.oknobuild.com\/index.php\/wp-json\/wp\/v2\/product_cat?post=14547"},{"taxonomy":"product_tag","embeddable":true,"href":"https:\/\/www.oknobuild.com\/index.php\/wp-json\/wp\/v2\/product_tag?post=14547"}],"curies":[{"name":"wp","href":"https:\/\/api.w.org\/{rel}","templated":true}]}}