{"id":14551,"date":"2026-04-27T04:41:09","date_gmt":"2026-04-27T04:41:09","guid":{"rendered":""},"modified":"2026-04-27T04:41:09","modified_gmt":"2026-04-27T04:41:09","slug":"posledni-sance-gedy-afrodite-wc-stetka-na-postaveni-cement-4933-14551","status":"publish","type":"product","link":"https:\/\/www.oknobuild.com\/index.php\/produkt\/posledni-sance-gedy-afrodite-wc-stetka-na-postaveni-cement-4933-14551\/","title":{"rendered":"Posledn\u00ed \u0160ance Gedy AFRODITE WC \u0161t\u011btka na postaven\u00ed, cement 4933"},"content":{"rendered":"<div class=\"tabs__content-outer\" id=\"tab_description\" data-hash=\"description\" data-tabindex=\"-1\">\n<div class=\"tabs__content toggle_description\" id=\"content_description\">\n<div class=\"wysiwyg-content\">\n<div class=\"product__tab product__description full-width\">\n<div class=\"container\">\n<div >\n<h3>Gedy AFRODITE WC \u0161t\u011btka na postaven\u00ed, cement 4933<\/h3>\n<p style=\"text-align: justify;\">Dopl\u0148ky na postaven\u00ed z netradi\u010dn\u00edho materi\u00e1lu v neot\u0159el\u00e9m italsk\u00e9m designu zajist\u00e9 zaujmou p\u0159\u00edznivce modern\u00edho stylu a jemn\u00fdch tlumen\u00fdch barev.<\/p>\n<p><\/p>\n<p><b>Vlastnosti<\/b><\/p>\n<ul>\n<li><span>Materi\u00e1l:<\/span> Beton<\/li>\n<li><span>Barva:<\/span> B\u00e9\u017eov\u00e1<\/li>\n<li><span>Instalace:<\/span> Na postaven\u00ed<\/li>\n<li><span>Tvar:<\/span> Kruhov\u00e9<\/li>\n<li><span>Rozm\u011br:<\/span> 93&#215;470 mm<\/li>\n<li><span>Druh:<\/span> WC \u0161t\u011btka<\/li>\n<li><span>\u0160\u00ed\u0159ka:<\/span> 93 mm<\/li>\n<li><span>V\u00fd\u0161ka:<\/span> 470 mm<\/li>\n<li><span>Pr\u016fm\u011br:<\/span> 93 mm<\/li>\n<li><span>Hloubka:<\/span> 93 mm<\/li>\n<\/ul>\n<\/div><\/div>\n<\/p><\/div>\n<\/p><\/div>\n<\/p><\/div>\n","protected":false},"excerpt":{"rendered":"<p>Gedy AFRODITE WC \u0161t\u011btka na postaven\u00ed, cement 4933 Dopl\u0148ky na postaven\u00ed z netradi\u010dn\u00edho materi\u00e1lu v neot\u0159el\u00e9m italsk\u00e9m designu zajist\u00e9 zaujmou p\u0159\u00edznivce modern\u00edho stylu a jemn\u00fdch tlumen\u00fdch barev. Vlastnosti Materi\u00e1l: Beton Barva: B\u00e9\u017eov\u00e1 Instalace: Na postaven\u00ed Tvar: Kruhov\u00e9 Rozm\u011br: 93&#215;470 mm Druh: WC \u0161t\u011btka \u0160\u00ed\u0159ka: 93 mm V\u00fd\u0161ka: 470 mm Pr\u016fm\u011br: 93 mm Hloubka: 93 mm<\/p>\n","protected":false},"featured_media":14651,"comment_status":"open","ping_status":"open","template":"","meta":[],"product_brand":[],"product_cat":[71],"product_tag":[],"class_list":{"0":"post-14551","1":"product","2":"type-product","3":"status-publish","4":"has-post-thumbnail","6":"product_cat-koupelna","8":"first","9":"instock","10":"sale","11":"shipping-taxable","12":"purchasable","13":"product-type-simple"},"yoast_head":"<!-- This site is optimized with the Yoast SEO plugin v26.8 - https:\/\/yoast.com\/product\/yoast-seo-wordpress\/ -->\n<title>Posledn\u00ed \u0160ance Gedy AFRODITE WC \u0161t\u011btka na postaven\u00ed, cement 4933 -<\/title>\n<meta name=\"robots\" content=\"index, follow, max-snippet:-1, max-image-preview:large, max-video-preview:-1\" \/>\n<link rel=\"canonical\" href=\"https:\/\/www.oknobuild.com\/index.php\/produkt\/posledni-sance-gedy-afrodite-wc-stetka-na-postaveni-cement-4933-14551\/\" \/>\n<meta property=\"og:locale\" content=\"cs_CZ\" \/>\n<meta property=\"og:type\" content=\"article\" \/>\n<meta property=\"og:title\" content=\"Posledn\u00ed \u0160ance Gedy AFRODITE WC \u0161t\u011btka na postaven\u00ed, cement 4933 -\" \/>\n<meta property=\"og:description\" content=\"Gedy AFRODITE WC \u0161t\u011btka na postaven\u00ed, cement 4933 Dopl\u0148ky na postaven\u00ed z netradi\u010dn\u00edho materi\u00e1lu v neot\u0159el\u00e9m italsk\u00e9m designu zajist\u00e9 zaujmou p\u0159\u00edznivce modern\u00edho stylu a jemn\u00fdch tlumen\u00fdch barev. Vlastnosti Materi\u00e1l: Beton Barva: B\u00e9\u017eov\u00e1 Instalace: Na postaven\u00ed Tvar: Kruhov\u00e9 Rozm\u011br: 93&#215;470 mm Druh: WC \u0161t\u011btka \u0160\u00ed\u0159ka: 93 mm V\u00fd\u0161ka: 470 mm Pr\u016fm\u011br: 93 mm Hloubka: 93 mm\" \/>\n<meta property=\"og:url\" content=\"https:\/\/www.oknobuild.com\/index.php\/produkt\/posledni-sance-gedy-afrodite-wc-stetka-na-postaveni-cement-4933-14551\/\" \/>\n<meta property=\"og:image\" content=\"https:\/\/www.oknobuild.com\/wp-content\/uploads\/2026\/SK0015522-CZ20260425-093041-0-1777080643-51a0cdd823847a17cc2fa4f003d181c2.webp\" \/>\n\t<meta property=\"og:image:width\" content=\"483\" \/>\n\t<meta property=\"og:image:height\" content=\"800\" \/>\n\t<meta property=\"og:image:type\" content=\"image\/webp\" \/>\n<meta name=\"twitter:card\" content=\"summary_large_image\" \/>\n<script type=\"application\/ld+json\" class=\"yoast-schema-graph\">{\"@context\":\"https:\/\/schema.org\",\"@graph\":[{\"@type\":\"WebPage\",\"@id\":\"https:\/\/www.oknobuild.com\/index.php\/produkt\/posledni-sance-gedy-afrodite-wc-stetka-na-postaveni-cement-4933-14551\/\",\"url\":\"https:\/\/www.oknobuild.com\/index.php\/produkt\/posledni-sance-gedy-afrodite-wc-stetka-na-postaveni-cement-4933-14551\/\",\"name\":\"Posledn\u00ed \u0160ance Gedy AFRODITE WC \u0161t\u011btka na postaven\u00ed, cement 4933 -\",\"isPartOf\":{\"@id\":\"https:\/\/www.oknobuild.com\/#website\"},\"primaryImageOfPage\":{\"@id\":\"https:\/\/www.oknobuild.com\/index.php\/produkt\/posledni-sance-gedy-afrodite-wc-stetka-na-postaveni-cement-4933-14551\/#primaryimage\"},\"image\":{\"@id\":\"https:\/\/www.oknobuild.com\/index.php\/produkt\/posledni-sance-gedy-afrodite-wc-stetka-na-postaveni-cement-4933-14551\/#primaryimage\"},\"thumbnailUrl\":\"https:\/\/www.oknobuild.com\/wp-content\/uploads\/2026\/SK0015522-CZ20260425-093041-0-1777080643-51a0cdd823847a17cc2fa4f003d181c2.webp\",\"datePublished\":\"2026-04-27T04:41:09+00:00\",\"breadcrumb\":{\"@id\":\"https:\/\/www.oknobuild.com\/index.php\/produkt\/posledni-sance-gedy-afrodite-wc-stetka-na-postaveni-cement-4933-14551\/#breadcrumb\"},\"inLanguage\":\"cs\",\"potentialAction\":[{\"@type\":\"ReadAction\",\"target\":[\"https:\/\/www.oknobuild.com\/index.php\/produkt\/posledni-sance-gedy-afrodite-wc-stetka-na-postaveni-cement-4933-14551\/\"]}]},{\"@type\":\"ImageObject\",\"inLanguage\":\"cs\",\"@id\":\"https:\/\/www.oknobuild.com\/index.php\/produkt\/posledni-sance-gedy-afrodite-wc-stetka-na-postaveni-cement-4933-14551\/#primaryimage\",\"url\":\"https:\/\/www.oknobuild.com\/wp-content\/uploads\/2026\/SK0015522-CZ20260425-093041-0-1777080643-51a0cdd823847a17cc2fa4f003d181c2.webp\",\"contentUrl\":\"https:\/\/www.oknobuild.com\/wp-content\/uploads\/2026\/SK0015522-CZ20260425-093041-0-1777080643-51a0cdd823847a17cc2fa4f003d181c2.webp\",\"width\":483,\"height\":800},{\"@type\":\"BreadcrumbList\",\"@id\":\"https:\/\/www.oknobuild.com\/index.php\/produkt\/posledni-sance-gedy-afrodite-wc-stetka-na-postaveni-cement-4933-14551\/#breadcrumb\",\"itemListElement\":[{\"@type\":\"ListItem\",\"position\":1,\"name\":\"Home\",\"item\":\"https:\/\/www.oknobuild.com\/\"},{\"@type\":\"ListItem\",\"position\":2,\"name\":\"Products\",\"item\":\"https:\/\/www.oknobuild.com\/index.php\/products\/\"},{\"@type\":\"ListItem\",\"position\":3,\"name\":\"Posledn\u00ed \u0160ance Gedy AFRODITE WC \u0161t\u011btka na postaven\u00ed, cement 4933\"}]},{\"@type\":\"WebSite\",\"@id\":\"https:\/\/www.oknobuild.com\/#website\",\"url\":\"https:\/\/www.oknobuild.com\/\",\"name\":\"\",\"description\":\"\",\"potentialAction\":[{\"@type\":\"SearchAction\",\"target\":{\"@type\":\"EntryPoint\",\"urlTemplate\":\"https:\/\/www.oknobuild.com\/?s={search_term_string}\"},\"query-input\":{\"@type\":\"PropertyValueSpecification\",\"valueRequired\":true,\"valueName\":\"search_term_string\"}}],\"inLanguage\":\"cs\"}]}<\/script>\n<!-- \/ Yoast SEO plugin. -->","yoast_head_json":{"title":"Posledn\u00ed \u0160ance Gedy AFRODITE WC \u0161t\u011btka na postaven\u00ed, cement 4933 -","robots":{"index":"index","follow":"follow","max-snippet":"max-snippet:-1","max-image-preview":"max-image-preview:large","max-video-preview":"max-video-preview:-1"},"canonical":"https:\/\/www.oknobuild.com\/index.php\/produkt\/posledni-sance-gedy-afrodite-wc-stetka-na-postaveni-cement-4933-14551\/","og_locale":"cs_CZ","og_type":"article","og_title":"Posledn\u00ed \u0160ance Gedy AFRODITE WC \u0161t\u011btka na postaven\u00ed, cement 4933 -","og_description":"Gedy AFRODITE WC \u0161t\u011btka na postaven\u00ed, cement 4933 Dopl\u0148ky na postaven\u00ed z netradi\u010dn\u00edho materi\u00e1lu v neot\u0159el\u00e9m italsk\u00e9m designu zajist\u00e9 zaujmou p\u0159\u00edznivce modern\u00edho stylu a jemn\u00fdch tlumen\u00fdch barev. Vlastnosti Materi\u00e1l: Beton Barva: B\u00e9\u017eov\u00e1 Instalace: Na postaven\u00ed Tvar: Kruhov\u00e9 Rozm\u011br: 93&#215;470 mm Druh: WC \u0161t\u011btka \u0160\u00ed\u0159ka: 93 mm V\u00fd\u0161ka: 470 mm Pr\u016fm\u011br: 93 mm Hloubka: 93 mm","og_url":"https:\/\/www.oknobuild.com\/index.php\/produkt\/posledni-sance-gedy-afrodite-wc-stetka-na-postaveni-cement-4933-14551\/","og_image":[{"width":483,"height":800,"url":"https:\/\/www.oknobuild.com\/wp-content\/uploads\/2026\/SK0015522-CZ20260425-093041-0-1777080643-51a0cdd823847a17cc2fa4f003d181c2.webp","type":"image\/webp"}],"twitter_card":"summary_large_image","schema":{"@context":"https:\/\/schema.org","@graph":[{"@type":"WebPage","@id":"https:\/\/www.oknobuild.com\/index.php\/produkt\/posledni-sance-gedy-afrodite-wc-stetka-na-postaveni-cement-4933-14551\/","url":"https:\/\/www.oknobuild.com\/index.php\/produkt\/posledni-sance-gedy-afrodite-wc-stetka-na-postaveni-cement-4933-14551\/","name":"Posledn\u00ed \u0160ance Gedy AFRODITE WC \u0161t\u011btka na postaven\u00ed, cement 4933 -","isPartOf":{"@id":"https:\/\/www.oknobuild.com\/#website"},"primaryImageOfPage":{"@id":"https:\/\/www.oknobuild.com\/index.php\/produkt\/posledni-sance-gedy-afrodite-wc-stetka-na-postaveni-cement-4933-14551\/#primaryimage"},"image":{"@id":"https:\/\/www.oknobuild.com\/index.php\/produkt\/posledni-sance-gedy-afrodite-wc-stetka-na-postaveni-cement-4933-14551\/#primaryimage"},"thumbnailUrl":"https:\/\/www.oknobuild.com\/wp-content\/uploads\/2026\/SK0015522-CZ20260425-093041-0-1777080643-51a0cdd823847a17cc2fa4f003d181c2.webp","datePublished":"2026-04-27T04:41:09+00:00","breadcrumb":{"@id":"https:\/\/www.oknobuild.com\/index.php\/produkt\/posledni-sance-gedy-afrodite-wc-stetka-na-postaveni-cement-4933-14551\/#breadcrumb"},"inLanguage":"cs","potentialAction":[{"@type":"ReadAction","target":["https:\/\/www.oknobuild.com\/index.php\/produkt\/posledni-sance-gedy-afrodite-wc-stetka-na-postaveni-cement-4933-14551\/"]}]},{"@type":"ImageObject","inLanguage":"cs","@id":"https:\/\/www.oknobuild.com\/index.php\/produkt\/posledni-sance-gedy-afrodite-wc-stetka-na-postaveni-cement-4933-14551\/#primaryimage","url":"https:\/\/www.oknobuild.com\/wp-content\/uploads\/2026\/SK0015522-CZ20260425-093041-0-1777080643-51a0cdd823847a17cc2fa4f003d181c2.webp","contentUrl":"https:\/\/www.oknobuild.com\/wp-content\/uploads\/2026\/SK0015522-CZ20260425-093041-0-1777080643-51a0cdd823847a17cc2fa4f003d181c2.webp","width":483,"height":800},{"@type":"BreadcrumbList","@id":"https:\/\/www.oknobuild.com\/index.php\/produkt\/posledni-sance-gedy-afrodite-wc-stetka-na-postaveni-cement-4933-14551\/#breadcrumb","itemListElement":[{"@type":"ListItem","position":1,"name":"Home","item":"https:\/\/www.oknobuild.com\/"},{"@type":"ListItem","position":2,"name":"Products","item":"https:\/\/www.oknobuild.com\/index.php\/products\/"},{"@type":"ListItem","position":3,"name":"Posledn\u00ed \u0160ance Gedy AFRODITE WC \u0161t\u011btka na postaven\u00ed, cement 4933"}]},{"@type":"WebSite","@id":"https:\/\/www.oknobuild.com\/#website","url":"https:\/\/www.oknobuild.com\/","name":"","description":"","potentialAction":[{"@type":"SearchAction","target":{"@type":"EntryPoint","urlTemplate":"https:\/\/www.oknobuild.com\/?s={search_term_string}"},"query-input":{"@type":"PropertyValueSpecification","valueRequired":true,"valueName":"search_term_string"}}],"inLanguage":"cs"}]}},"_links":{"self":[{"href":"https:\/\/www.oknobuild.com\/index.php\/wp-json\/wp\/v2\/product\/14551","targetHints":{"allow":["GET"]}}],"collection":[{"href":"https:\/\/www.oknobuild.com\/index.php\/wp-json\/wp\/v2\/product"}],"about":[{"href":"https:\/\/www.oknobuild.com\/index.php\/wp-json\/wp\/v2\/types\/product"}],"replies":[{"embeddable":true,"href":"https:\/\/www.oknobuild.com\/index.php\/wp-json\/wp\/v2\/comments?post=14551"}],"wp:featuredmedia":[{"embeddable":true,"href":"https:\/\/www.oknobuild.com\/index.php\/wp-json\/wp\/v2\/media\/14651"}],"wp:attachment":[{"href":"https:\/\/www.oknobuild.com\/index.php\/wp-json\/wp\/v2\/media?parent=14551"}],"wp:term":[{"taxonomy":"product_brand","embeddable":true,"href":"https:\/\/www.oknobuild.com\/index.php\/wp-json\/wp\/v2\/product_brand?post=14551"},{"taxonomy":"product_cat","embeddable":true,"href":"https:\/\/www.oknobuild.com\/index.php\/wp-json\/wp\/v2\/product_cat?post=14551"},{"taxonomy":"product_tag","embeddable":true,"href":"https:\/\/www.oknobuild.com\/index.php\/wp-json\/wp\/v2\/product_tag?post=14551"}],"curies":[{"name":"wp","href":"https:\/\/api.w.org\/{rel}","templated":true}]}}