{"id":14553,"date":"2026-04-27T04:41:09","date_gmt":"2026-04-27T04:41:09","guid":{"rendered":""},"modified":"2026-04-27T04:41:09","modified_gmt":"2026-04-27T04:41:09","slug":"dokud-zasoby-vydrzi-aqualine-zrcadlo-50x90cm-bez-uchytu-22494-14553","status":"publish","type":"product","link":"https:\/\/www.oknobuild.com\/index.php\/produkt\/dokud-zasoby-vydrzi-aqualine-zrcadlo-50x90cm-bez-uchytu-22494-14553\/","title":{"rendered":"Dokud Z\u00e1soby Vydr\u017e\u00ed Aqualine Zrcadlo 50x90cm, bez \u00fachytu 22494"},"content":{"rendered":"<div class=\"tabs__content-outer\" id=\"tab_description\" data-hash=\"description\" data-tabindex=\"-1\">\n<div class=\"tabs__content toggle_description\" id=\"content_description\">\n<div class=\"wysiwyg-content\">\n<div class=\"product__tab product__description full-width\">\n<div class=\"container\">\n<div >\n<h3>Aqualine Zrcadlo 50x90cm, bez \u00fachytu 22494<\/h3>\n<div>\n<p>Brou\u0161en\u00e9 zrcadlo<\/p>\n<ul>\n<li>brou\u0161en\u00e9 hrany<\/li>\n<li>tlou\u0161\u0165ka zrcadla 4 mm<\/li>\n<\/ul>\n<p>Ur\u010deno k nalepen\u00ed nebo je mo\u017en\u00e9 dokoupit\u00a02x sadu pro zav\u011b\u0161en\u00ed ZS123.<\/p>\n<\/p><\/div>\n<p> <\/p>\n<p><strong>Vlastnosti<\/strong><\/p>\n<ul>\n<li><span>Tvar:<\/span> Obd\u00e9ln\u00edk<\/li>\n<li><span>Rozm\u011br:<\/span> 50&#215;90 cm<\/li>\n<li><span>\u0160\u00ed\u0159ka:<\/span> 500 mm<\/li>\n<li><span>V\u00fd\u0161ka:<\/span> 900 mm<\/li>\n<li><span>V\u00fdbava:<\/span> Oto\u010dn\u00e9 zav\u011b\u0161en\u00ed o 90\u00b0, Bez \u00fachytu<\/li>\n<li><span>Typ zrcadla:<\/span> Zrcadla jednoduch\u00e1<\/li>\n<\/ul>\n<\/div><\/div>\n<\/p><\/div>\n<\/p><\/div>\n<\/p><\/div>\n","protected":false},"excerpt":{"rendered":"<p>Aqualine Zrcadlo 50x90cm, bez \u00fachytu 22494 Brou\u0161en\u00e9 zrcadlo brou\u0161en\u00e9 hrany tlou\u0161\u0165ka zrcadla 4 mm Ur\u010deno k nalepen\u00ed nebo je mo\u017en\u00e9 dokoupit\u00a02x sadu pro zav\u011b\u0161en\u00ed ZS123. Vlastnosti Tvar: Obd\u00e9ln\u00edk Rozm\u011br: 50&#215;90 cm \u0160\u00ed\u0159ka: 500 mm V\u00fd\u0161ka: 900 mm V\u00fdbava: Oto\u010dn\u00e9 zav\u011b\u0161en\u00ed o 90\u00b0, Bez \u00fachytu Typ zrcadla: Zrcadla jednoduch\u00e1<\/p>\n","protected":false},"featured_media":14653,"comment_status":"open","ping_status":"open","template":"","meta":[],"product_brand":[],"product_cat":[71],"product_tag":[],"class_list":{"0":"post-14553","1":"product","2":"type-product","3":"status-publish","4":"has-post-thumbnail","6":"product_cat-koupelna","8":"first","9":"instock","10":"sale","11":"shipping-taxable","12":"purchasable","13":"product-type-simple"},"yoast_head":"<!-- This site is optimized with the Yoast SEO plugin v26.8 - https:\/\/yoast.com\/product\/yoast-seo-wordpress\/ -->\n<title>Dokud Z\u00e1soby Vydr\u017e\u00ed Aqualine Zrcadlo 50x90cm, bez \u00fachytu 22494 -<\/title>\n<meta name=\"robots\" content=\"index, follow, max-snippet:-1, max-image-preview:large, max-video-preview:-1\" \/>\n<link rel=\"canonical\" href=\"https:\/\/www.oknobuild.com\/index.php\/produkt\/dokud-zasoby-vydrzi-aqualine-zrcadlo-50x90cm-bez-uchytu-22494-14553\/\" \/>\n<meta property=\"og:locale\" content=\"cs_CZ\" \/>\n<meta property=\"og:type\" content=\"article\" \/>\n<meta property=\"og:title\" content=\"Dokud Z\u00e1soby Vydr\u017e\u00ed Aqualine Zrcadlo 50x90cm, bez \u00fachytu 22494 -\" \/>\n<meta property=\"og:description\" content=\"Aqualine Zrcadlo 50x90cm, bez \u00fachytu 22494 Brou\u0161en\u00e9 zrcadlo brou\u0161en\u00e9 hrany tlou\u0161\u0165ka zrcadla 4 mm Ur\u010deno k nalepen\u00ed nebo je mo\u017en\u00e9 dokoupit\u00a02x sadu pro zav\u011b\u0161en\u00ed ZS123. Vlastnosti Tvar: Obd\u00e9ln\u00edk Rozm\u011br: 50&#215;90 cm \u0160\u00ed\u0159ka: 500 mm V\u00fd\u0161ka: 900 mm V\u00fdbava: Oto\u010dn\u00e9 zav\u011b\u0161en\u00ed o 90\u00b0, Bez \u00fachytu Typ zrcadla: Zrcadla jednoduch\u00e1\" \/>\n<meta property=\"og:url\" content=\"https:\/\/www.oknobuild.com\/index.php\/produkt\/dokud-zasoby-vydrzi-aqualine-zrcadlo-50x90cm-bez-uchytu-22494-14553\/\" \/>\n<meta property=\"og:image\" content=\"https:\/\/www.oknobuild.com\/wp-content\/uploads\/2026\/SK0015524-CZ20260425-093041-0-1777080643-fc212570876b10716f39afcdf6c60cbd.webp\" \/>\n\t<meta property=\"og:image:width\" content=\"291\" \/>\n\t<meta property=\"og:image:height\" content=\"437\" \/>\n\t<meta property=\"og:image:type\" content=\"image\/webp\" \/>\n<meta name=\"twitter:card\" content=\"summary_large_image\" \/>\n<script type=\"application\/ld+json\" class=\"yoast-schema-graph\">{\"@context\":\"https:\/\/schema.org\",\"@graph\":[{\"@type\":\"WebPage\",\"@id\":\"https:\/\/www.oknobuild.com\/index.php\/produkt\/dokud-zasoby-vydrzi-aqualine-zrcadlo-50x90cm-bez-uchytu-22494-14553\/\",\"url\":\"https:\/\/www.oknobuild.com\/index.php\/produkt\/dokud-zasoby-vydrzi-aqualine-zrcadlo-50x90cm-bez-uchytu-22494-14553\/\",\"name\":\"Dokud Z\u00e1soby Vydr\u017e\u00ed Aqualine Zrcadlo 50x90cm, bez \u00fachytu 22494 -\",\"isPartOf\":{\"@id\":\"https:\/\/www.oknobuild.com\/#website\"},\"primaryImageOfPage\":{\"@id\":\"https:\/\/www.oknobuild.com\/index.php\/produkt\/dokud-zasoby-vydrzi-aqualine-zrcadlo-50x90cm-bez-uchytu-22494-14553\/#primaryimage\"},\"image\":{\"@id\":\"https:\/\/www.oknobuild.com\/index.php\/produkt\/dokud-zasoby-vydrzi-aqualine-zrcadlo-50x90cm-bez-uchytu-22494-14553\/#primaryimage\"},\"thumbnailUrl\":\"https:\/\/www.oknobuild.com\/wp-content\/uploads\/2026\/SK0015524-CZ20260425-093041-0-1777080643-fc212570876b10716f39afcdf6c60cbd.webp\",\"datePublished\":\"2026-04-27T04:41:09+00:00\",\"breadcrumb\":{\"@id\":\"https:\/\/www.oknobuild.com\/index.php\/produkt\/dokud-zasoby-vydrzi-aqualine-zrcadlo-50x90cm-bez-uchytu-22494-14553\/#breadcrumb\"},\"inLanguage\":\"cs\",\"potentialAction\":[{\"@type\":\"ReadAction\",\"target\":[\"https:\/\/www.oknobuild.com\/index.php\/produkt\/dokud-zasoby-vydrzi-aqualine-zrcadlo-50x90cm-bez-uchytu-22494-14553\/\"]}]},{\"@type\":\"ImageObject\",\"inLanguage\":\"cs\",\"@id\":\"https:\/\/www.oknobuild.com\/index.php\/produkt\/dokud-zasoby-vydrzi-aqualine-zrcadlo-50x90cm-bez-uchytu-22494-14553\/#primaryimage\",\"url\":\"https:\/\/www.oknobuild.com\/wp-content\/uploads\/2026\/SK0015524-CZ20260425-093041-0-1777080643-fc212570876b10716f39afcdf6c60cbd.webp\",\"contentUrl\":\"https:\/\/www.oknobuild.com\/wp-content\/uploads\/2026\/SK0015524-CZ20260425-093041-0-1777080643-fc212570876b10716f39afcdf6c60cbd.webp\",\"width\":291,\"height\":437},{\"@type\":\"BreadcrumbList\",\"@id\":\"https:\/\/www.oknobuild.com\/index.php\/produkt\/dokud-zasoby-vydrzi-aqualine-zrcadlo-50x90cm-bez-uchytu-22494-14553\/#breadcrumb\",\"itemListElement\":[{\"@type\":\"ListItem\",\"position\":1,\"name\":\"Home\",\"item\":\"https:\/\/www.oknobuild.com\/\"},{\"@type\":\"ListItem\",\"position\":2,\"name\":\"Products\",\"item\":\"https:\/\/www.oknobuild.com\/index.php\/products\/\"},{\"@type\":\"ListItem\",\"position\":3,\"name\":\"Dokud Z\u00e1soby Vydr\u017e\u00ed Aqualine Zrcadlo 50x90cm, bez \u00fachytu 22494\"}]},{\"@type\":\"WebSite\",\"@id\":\"https:\/\/www.oknobuild.com\/#website\",\"url\":\"https:\/\/www.oknobuild.com\/\",\"name\":\"\",\"description\":\"\",\"potentialAction\":[{\"@type\":\"SearchAction\",\"target\":{\"@type\":\"EntryPoint\",\"urlTemplate\":\"https:\/\/www.oknobuild.com\/?s={search_term_string}\"},\"query-input\":{\"@type\":\"PropertyValueSpecification\",\"valueRequired\":true,\"valueName\":\"search_term_string\"}}],\"inLanguage\":\"cs\"}]}<\/script>\n<!-- \/ Yoast SEO plugin. -->","yoast_head_json":{"title":"Dokud Z\u00e1soby Vydr\u017e\u00ed Aqualine Zrcadlo 50x90cm, bez \u00fachytu 22494 -","robots":{"index":"index","follow":"follow","max-snippet":"max-snippet:-1","max-image-preview":"max-image-preview:large","max-video-preview":"max-video-preview:-1"},"canonical":"https:\/\/www.oknobuild.com\/index.php\/produkt\/dokud-zasoby-vydrzi-aqualine-zrcadlo-50x90cm-bez-uchytu-22494-14553\/","og_locale":"cs_CZ","og_type":"article","og_title":"Dokud Z\u00e1soby Vydr\u017e\u00ed Aqualine Zrcadlo 50x90cm, bez \u00fachytu 22494 -","og_description":"Aqualine Zrcadlo 50x90cm, bez \u00fachytu 22494 Brou\u0161en\u00e9 zrcadlo brou\u0161en\u00e9 hrany tlou\u0161\u0165ka zrcadla 4 mm Ur\u010deno k nalepen\u00ed nebo je mo\u017en\u00e9 dokoupit\u00a02x sadu pro zav\u011b\u0161en\u00ed ZS123. Vlastnosti Tvar: Obd\u00e9ln\u00edk Rozm\u011br: 50&#215;90 cm \u0160\u00ed\u0159ka: 500 mm V\u00fd\u0161ka: 900 mm V\u00fdbava: Oto\u010dn\u00e9 zav\u011b\u0161en\u00ed o 90\u00b0, Bez \u00fachytu Typ zrcadla: Zrcadla jednoduch\u00e1","og_url":"https:\/\/www.oknobuild.com\/index.php\/produkt\/dokud-zasoby-vydrzi-aqualine-zrcadlo-50x90cm-bez-uchytu-22494-14553\/","og_image":[{"width":291,"height":437,"url":"https:\/\/www.oknobuild.com\/wp-content\/uploads\/2026\/SK0015524-CZ20260425-093041-0-1777080643-fc212570876b10716f39afcdf6c60cbd.webp","type":"image\/webp"}],"twitter_card":"summary_large_image","schema":{"@context":"https:\/\/schema.org","@graph":[{"@type":"WebPage","@id":"https:\/\/www.oknobuild.com\/index.php\/produkt\/dokud-zasoby-vydrzi-aqualine-zrcadlo-50x90cm-bez-uchytu-22494-14553\/","url":"https:\/\/www.oknobuild.com\/index.php\/produkt\/dokud-zasoby-vydrzi-aqualine-zrcadlo-50x90cm-bez-uchytu-22494-14553\/","name":"Dokud Z\u00e1soby Vydr\u017e\u00ed Aqualine Zrcadlo 50x90cm, bez \u00fachytu 22494 -","isPartOf":{"@id":"https:\/\/www.oknobuild.com\/#website"},"primaryImageOfPage":{"@id":"https:\/\/www.oknobuild.com\/index.php\/produkt\/dokud-zasoby-vydrzi-aqualine-zrcadlo-50x90cm-bez-uchytu-22494-14553\/#primaryimage"},"image":{"@id":"https:\/\/www.oknobuild.com\/index.php\/produkt\/dokud-zasoby-vydrzi-aqualine-zrcadlo-50x90cm-bez-uchytu-22494-14553\/#primaryimage"},"thumbnailUrl":"https:\/\/www.oknobuild.com\/wp-content\/uploads\/2026\/SK0015524-CZ20260425-093041-0-1777080643-fc212570876b10716f39afcdf6c60cbd.webp","datePublished":"2026-04-27T04:41:09+00:00","breadcrumb":{"@id":"https:\/\/www.oknobuild.com\/index.php\/produkt\/dokud-zasoby-vydrzi-aqualine-zrcadlo-50x90cm-bez-uchytu-22494-14553\/#breadcrumb"},"inLanguage":"cs","potentialAction":[{"@type":"ReadAction","target":["https:\/\/www.oknobuild.com\/index.php\/produkt\/dokud-zasoby-vydrzi-aqualine-zrcadlo-50x90cm-bez-uchytu-22494-14553\/"]}]},{"@type":"ImageObject","inLanguage":"cs","@id":"https:\/\/www.oknobuild.com\/index.php\/produkt\/dokud-zasoby-vydrzi-aqualine-zrcadlo-50x90cm-bez-uchytu-22494-14553\/#primaryimage","url":"https:\/\/www.oknobuild.com\/wp-content\/uploads\/2026\/SK0015524-CZ20260425-093041-0-1777080643-fc212570876b10716f39afcdf6c60cbd.webp","contentUrl":"https:\/\/www.oknobuild.com\/wp-content\/uploads\/2026\/SK0015524-CZ20260425-093041-0-1777080643-fc212570876b10716f39afcdf6c60cbd.webp","width":291,"height":437},{"@type":"BreadcrumbList","@id":"https:\/\/www.oknobuild.com\/index.php\/produkt\/dokud-zasoby-vydrzi-aqualine-zrcadlo-50x90cm-bez-uchytu-22494-14553\/#breadcrumb","itemListElement":[{"@type":"ListItem","position":1,"name":"Home","item":"https:\/\/www.oknobuild.com\/"},{"@type":"ListItem","position":2,"name":"Products","item":"https:\/\/www.oknobuild.com\/index.php\/products\/"},{"@type":"ListItem","position":3,"name":"Dokud Z\u00e1soby Vydr\u017e\u00ed Aqualine Zrcadlo 50x90cm, bez \u00fachytu 22494"}]},{"@type":"WebSite","@id":"https:\/\/www.oknobuild.com\/#website","url":"https:\/\/www.oknobuild.com\/","name":"","description":"","potentialAction":[{"@type":"SearchAction","target":{"@type":"EntryPoint","urlTemplate":"https:\/\/www.oknobuild.com\/?s={search_term_string}"},"query-input":{"@type":"PropertyValueSpecification","valueRequired":true,"valueName":"search_term_string"}}],"inLanguage":"cs"}]}},"_links":{"self":[{"href":"https:\/\/www.oknobuild.com\/index.php\/wp-json\/wp\/v2\/product\/14553","targetHints":{"allow":["GET"]}}],"collection":[{"href":"https:\/\/www.oknobuild.com\/index.php\/wp-json\/wp\/v2\/product"}],"about":[{"href":"https:\/\/www.oknobuild.com\/index.php\/wp-json\/wp\/v2\/types\/product"}],"replies":[{"embeddable":true,"href":"https:\/\/www.oknobuild.com\/index.php\/wp-json\/wp\/v2\/comments?post=14553"}],"wp:featuredmedia":[{"embeddable":true,"href":"https:\/\/www.oknobuild.com\/index.php\/wp-json\/wp\/v2\/media\/14653"}],"wp:attachment":[{"href":"https:\/\/www.oknobuild.com\/index.php\/wp-json\/wp\/v2\/media?parent=14553"}],"wp:term":[{"taxonomy":"product_brand","embeddable":true,"href":"https:\/\/www.oknobuild.com\/index.php\/wp-json\/wp\/v2\/product_brand?post=14553"},{"taxonomy":"product_cat","embeddable":true,"href":"https:\/\/www.oknobuild.com\/index.php\/wp-json\/wp\/v2\/product_cat?post=14553"},{"taxonomy":"product_tag","embeddable":true,"href":"https:\/\/www.oknobuild.com\/index.php\/wp-json\/wp\/v2\/product_tag?post=14553"}],"curies":[{"name":"wp","href":"https:\/\/api.w.org\/{rel}","templated":true}]}}