{"id":14554,"date":"2026-04-27T04:41:09","date_gmt":"2026-04-27T04:41:09","guid":{"rendered":""},"modified":"2026-04-27T04:41:09","modified_gmt":"2026-04-27T04:41:09","slug":"vyhodna-nabidka-sapho-nirox-zrcadlo-v-ramu-1200x700mm-dub-texas-nx127-2020-14554","status":"publish","type":"product","link":"https:\/\/www.oknobuild.com\/index.php\/produkt\/vyhodna-nabidka-sapho-nirox-zrcadlo-v-ramu-1200x700mm-dub-texas-nx127-2020-14554\/","title":{"rendered":"V\u00fdhodn\u00e1 Nab\u00eddka Sapho NIROX zrcadlo v r\u00e1mu 1200x700mm, dub texas NX127-2020"},"content":{"rendered":"<div class=\"tabs__content-outer\" id=\"tab_description\" data-hash=\"description\" data-tabindex=\"-1\">\n<div class=\"tabs__content toggle_description\" id=\"content_description\">\n<div class=\"wysiwyg-content\">\n<div class=\"product__tab product__description full-width\">\n<div class=\"container\">\n<div >\n<h3>Sapho NIROX zrcadlo v r\u00e1mu 1200x700mm, dub texas NX127-2020<\/h3>\n<div class=\"product-explanation-item\">\n<h3>Lze vyrobit v tomto barevn\u00e9m proveden\u00ed:<\/h3>\n<p><strong>Cenov\u00e1 skupina A <\/strong>p\u0159\u00edplatek 0%<\/p>\n<div style=\"float: left; width: 16%; text-align: center;\">30 B\u00edl\u00e1 lesk<\/div>\n<div style=\"float: left; width: 16%; text-align: center;\">11 Dub st\u0159\u00edbrn\u00fd<\/div>\n<div style=\"float: left; width: 16%; text-align: center;\">16 Borovice rustik<\/div>\n<div style=\"float: left; width: 16%; text-align: center;\">22 Dub alabama<\/div>\n<div style=\"float: left; width: 36%; text-align: center;\">\u00a0<\/div>\n<div style=\"clear: both;\">\u00a0<\/div>\n<div style=\"float: left; width: 100%; text-align: center;\">\u00a0<\/div>\n<div style=\"clear: both;\">\u00a0<\/div>\n<p><strong>Cenov\u00e1 skupina B:<\/strong> p\u0159\u00edplatek 30%<\/p>\n<div style=\"float: left; width: 16%; text-align: center;\">10 Dub polar<\/div>\n<div style=\"float: left; width: 16%; text-align: center;\">12 Dub mocca<\/div>\n<div style=\"float: left; width: 16%; text-align: center;\">20 Dub texas<\/div>\n<div style=\"float: left; width: 16%; text-align: center;\">15 Dub sherwood<\/div>\n<div style=\"clear: both;\">\u00a0<\/div>\n<div style=\"float: left; width: 100%; text-align: center;\">\u00a0<\/div>\n<div style=\"clear: both;\">\u00a0<\/div>\n<div style=\"float: left; width: 16%; text-align: center;\">19 Dub collingwood<\/div>\n<div style=\"float: left; width: 16%; text-align: center;\">13 Jilm bardini<\/div>\n<div style=\"float: left; width: 16%; text-align: center;\">21 Mali wenge<\/div>\n<div style=\"float: left; width: 16%; text-align: center;\">17 O\u0159ech yosemite<\/div>\n<div style=\"float: left; width: 16%; text-align: center;\">18 Dub \u010dern\u00fd<\/div>\n<div style=\"clear: both;\">\u00a0<\/div>\n<div style=\"float: left; width: 100%; text-align: center;\">\u00a0<\/div>\n<div style=\"clear: both;\">\u00a0<\/div>\n<div style=\"float: left; width: 16%; text-align: center;\">31 B\u00edl\u00e1 mat<\/div>\n<div style=\"float: left; width: 16%; text-align: center;\">32 Ka\u0161m\u00edrov\u00e1 matn\u00e1<\/div>\n<div style=\"float: left; width: 16%; text-align: center;\">33 \u0160ed\u00e1 matn\u00e1<\/div>\n<div style=\"float: left; width: 16%; text-align: center;\">34 Antracit matn\u00fd<\/div>\n<div style=\"float: left; width: 16%; text-align: center;\">35 \u010cern\u00e1 matn\u00e1<\/div>\n<div style=\"clear: both;\">\u00a0<\/div>\n<div style=\"float: left; width: 100%; text-align: center;\">\u00a0<\/div>\n<div style=\"clear: both;\">\u00a0<\/div>\n<p><strong>Cenov\u00e1 skupina C:<\/strong> p\u0159\u00edplatek 50%<\/p>\n<div style=\"float: left; width: 16%; text-align: center;\">23 Dub alabama strip<br \/>(pouze dv\u00ed\u0159ka\/\u010delo)<\/div>\n<div style=\"clear: both;\">\u00a0<\/div>\n<p>jak\u00e1koliv barva dle vzorn\u00edku RAL nebo NCS v leskl\u00e9m nebo matn\u00e9m proveden\u00ed<\/p>\n<div style=\"float: left; width: 16%; text-align: center;\">RAL1019 \u0160edob\u00e9\u017eov\u00e1<\/div>\n<div style=\"float: left; width: 16%; text-align: center;\">RAL3004 Bord\u00f3<\/div>\n<div style=\"float: left; width: 16%; text-align: center;\">RAL6004 Modrozelen\u00e1<\/div>\n<div style=\"float: left; width: 16%; text-align: center;\">RAL7031 \u0160edomodr\u00e1<\/div>\n<div style=\"clear: both;\">\u00a0<\/div>\n<p>Dodac\u00ed lh\u016fta cenov\u00fdch skupin B a C je 6 t\u00fddn\u016f.<\/p>\n<\/p><\/div>\n<p> <\/p>\n<p><strong>Vlastnosti<\/strong><\/p>\n<ul>\n<li><span>Materi\u00e1l:<\/span> MDF\/lamino<\/li>\n<li><span>Tvar:<\/span> Obd\u00e9ln\u00edk<\/li>\n<li><span>Rozm\u011br:<\/span> 120x70x2,8 cm<\/li>\n<li><span>\u0160\u00ed\u0159ka:<\/span> 1200 mm<\/li>\n<li><span>V\u00fd\u0161ka:<\/span> 700 mm<\/li>\n<li><span>Jin\u00e9 barevn\u00e9 proveden\u00ed:<\/span> Dle vzorn\u00edku<\/li>\n<li><span>Dekor:<\/span> Dub Texas<\/li>\n<li><span>Typ zrcadla:<\/span> Zrcadla v r\u00e1mu<\/li>\n<li><span>Barva r\u00e1mu:<\/span> Hn\u011bd\u00e1<\/li>\n<\/ul>\n<\/div><\/div>\n<\/p><\/div>\n<\/p><\/div>\n<\/p><\/div>\n","protected":false},"excerpt":{"rendered":"<p>Sapho NIROX zrcadlo v r\u00e1mu 1200x700mm, dub texas NX127-2020 Lze vyrobit v tomto barevn\u00e9m proveden\u00ed: Cenov\u00e1 skupina A p\u0159\u00edplatek 0% 30 B\u00edl\u00e1 lesk 11 Dub st\u0159\u00edbrn\u00fd 16 Borovice rustik 22 Dub alabama \u00a0 \u00a0 \u00a0 \u00a0 Cenov\u00e1 skupina B: p\u0159\u00edplatek 30% 10 Dub polar 12 Dub mocca 20 Dub texas 15 Dub sherwood \u00a0 \u00a0 [&hellip;]<\/p>\n","protected":false},"featured_media":14654,"comment_status":"open","ping_status":"open","template":"","meta":[],"product_brand":[],"product_cat":[71],"product_tag":[],"class_list":{"0":"post-14554","1":"product","2":"type-product","3":"status-publish","4":"has-post-thumbnail","6":"product_cat-koupelna","8":"first","9":"instock","10":"sale","11":"shipping-taxable","12":"purchasable","13":"product-type-simple"},"yoast_head":"<!-- This site is optimized with the Yoast SEO plugin v26.8 - https:\/\/yoast.com\/product\/yoast-seo-wordpress\/ -->\n<title>V\u00fdhodn\u00e1 Nab\u00eddka Sapho NIROX zrcadlo v r\u00e1mu 1200x700mm, dub texas NX127-2020 -<\/title>\n<meta name=\"robots\" content=\"index, follow, max-snippet:-1, max-image-preview:large, max-video-preview:-1\" \/>\n<link rel=\"canonical\" href=\"https:\/\/www.oknobuild.com\/index.php\/produkt\/vyhodna-nabidka-sapho-nirox-zrcadlo-v-ramu-1200x700mm-dub-texas-nx127-2020-14554\/\" \/>\n<meta property=\"og:locale\" content=\"cs_CZ\" \/>\n<meta property=\"og:type\" content=\"article\" \/>\n<meta property=\"og:title\" content=\"V\u00fdhodn\u00e1 Nab\u00eddka Sapho NIROX zrcadlo v r\u00e1mu 1200x700mm, dub texas NX127-2020 -\" \/>\n<meta property=\"og:description\" content=\"Sapho NIROX zrcadlo v r\u00e1mu 1200x700mm, dub texas NX127-2020 Lze vyrobit v tomto barevn\u00e9m proveden\u00ed: Cenov\u00e1 skupina A p\u0159\u00edplatek 0% 30 B\u00edl\u00e1 lesk 11 Dub st\u0159\u00edbrn\u00fd 16 Borovice rustik 22 Dub alabama \u00a0 \u00a0 \u00a0 \u00a0 Cenov\u00e1 skupina B: p\u0159\u00edplatek 30% 10 Dub polar 12 Dub mocca 20 Dub texas 15 Dub sherwood \u00a0 \u00a0 [&hellip;]\" \/>\n<meta property=\"og:url\" content=\"https:\/\/www.oknobuild.com\/index.php\/produkt\/vyhodna-nabidka-sapho-nirox-zrcadlo-v-ramu-1200x700mm-dub-texas-nx127-2020-14554\/\" \/>\n<meta property=\"og:image\" content=\"https:\/\/www.oknobuild.com\/wp-content\/uploads\/2026\/SK0015525-CZ20260425-093041-0-1777080643-015033cecb2361c5b1a9c6f2b5e8205b.webp\" \/>\n\t<meta property=\"og:image:width\" content=\"983\" \/>\n\t<meta property=\"og:image:height\" content=\"800\" \/>\n\t<meta property=\"og:image:type\" content=\"image\/webp\" \/>\n<meta name=\"twitter:card\" content=\"summary_large_image\" \/>\n<meta name=\"twitter:label1\" content=\"Odhadovan\u00e1 doba \u010dten\u00ed\" \/>\n\t<meta name=\"twitter:data1\" content=\"1 minuta\" \/>\n<script type=\"application\/ld+json\" class=\"yoast-schema-graph\">{\"@context\":\"https:\/\/schema.org\",\"@graph\":[{\"@type\":\"WebPage\",\"@id\":\"https:\/\/www.oknobuild.com\/index.php\/produkt\/vyhodna-nabidka-sapho-nirox-zrcadlo-v-ramu-1200x700mm-dub-texas-nx127-2020-14554\/\",\"url\":\"https:\/\/www.oknobuild.com\/index.php\/produkt\/vyhodna-nabidka-sapho-nirox-zrcadlo-v-ramu-1200x700mm-dub-texas-nx127-2020-14554\/\",\"name\":\"V\u00fdhodn\u00e1 Nab\u00eddka Sapho NIROX zrcadlo v r\u00e1mu 1200x700mm, dub texas NX127-2020 -\",\"isPartOf\":{\"@id\":\"https:\/\/www.oknobuild.com\/#website\"},\"primaryImageOfPage\":{\"@id\":\"https:\/\/www.oknobuild.com\/index.php\/produkt\/vyhodna-nabidka-sapho-nirox-zrcadlo-v-ramu-1200x700mm-dub-texas-nx127-2020-14554\/#primaryimage\"},\"image\":{\"@id\":\"https:\/\/www.oknobuild.com\/index.php\/produkt\/vyhodna-nabidka-sapho-nirox-zrcadlo-v-ramu-1200x700mm-dub-texas-nx127-2020-14554\/#primaryimage\"},\"thumbnailUrl\":\"https:\/\/www.oknobuild.com\/wp-content\/uploads\/2026\/SK0015525-CZ20260425-093041-0-1777080643-015033cecb2361c5b1a9c6f2b5e8205b.webp\",\"datePublished\":\"2026-04-27T04:41:09+00:00\",\"breadcrumb\":{\"@id\":\"https:\/\/www.oknobuild.com\/index.php\/produkt\/vyhodna-nabidka-sapho-nirox-zrcadlo-v-ramu-1200x700mm-dub-texas-nx127-2020-14554\/#breadcrumb\"},\"inLanguage\":\"cs\",\"potentialAction\":[{\"@type\":\"ReadAction\",\"target\":[\"https:\/\/www.oknobuild.com\/index.php\/produkt\/vyhodna-nabidka-sapho-nirox-zrcadlo-v-ramu-1200x700mm-dub-texas-nx127-2020-14554\/\"]}]},{\"@type\":\"ImageObject\",\"inLanguage\":\"cs\",\"@id\":\"https:\/\/www.oknobuild.com\/index.php\/produkt\/vyhodna-nabidka-sapho-nirox-zrcadlo-v-ramu-1200x700mm-dub-texas-nx127-2020-14554\/#primaryimage\",\"url\":\"https:\/\/www.oknobuild.com\/wp-content\/uploads\/2026\/SK0015525-CZ20260425-093041-0-1777080643-015033cecb2361c5b1a9c6f2b5e8205b.webp\",\"contentUrl\":\"https:\/\/www.oknobuild.com\/wp-content\/uploads\/2026\/SK0015525-CZ20260425-093041-0-1777080643-015033cecb2361c5b1a9c6f2b5e8205b.webp\",\"width\":983,\"height\":800},{\"@type\":\"BreadcrumbList\",\"@id\":\"https:\/\/www.oknobuild.com\/index.php\/produkt\/vyhodna-nabidka-sapho-nirox-zrcadlo-v-ramu-1200x700mm-dub-texas-nx127-2020-14554\/#breadcrumb\",\"itemListElement\":[{\"@type\":\"ListItem\",\"position\":1,\"name\":\"Home\",\"item\":\"https:\/\/www.oknobuild.com\/\"},{\"@type\":\"ListItem\",\"position\":2,\"name\":\"Products\",\"item\":\"https:\/\/www.oknobuild.com\/index.php\/products\/\"},{\"@type\":\"ListItem\",\"position\":3,\"name\":\"V\u00fdhodn\u00e1 Nab\u00eddka Sapho NIROX zrcadlo v r\u00e1mu 1200x700mm, dub texas NX127-2020\"}]},{\"@type\":\"WebSite\",\"@id\":\"https:\/\/www.oknobuild.com\/#website\",\"url\":\"https:\/\/www.oknobuild.com\/\",\"name\":\"\",\"description\":\"\",\"potentialAction\":[{\"@type\":\"SearchAction\",\"target\":{\"@type\":\"EntryPoint\",\"urlTemplate\":\"https:\/\/www.oknobuild.com\/?s={search_term_string}\"},\"query-input\":{\"@type\":\"PropertyValueSpecification\",\"valueRequired\":true,\"valueName\":\"search_term_string\"}}],\"inLanguage\":\"cs\"}]}<\/script>\n<!-- \/ Yoast SEO plugin. -->","yoast_head_json":{"title":"V\u00fdhodn\u00e1 Nab\u00eddka Sapho NIROX zrcadlo v r\u00e1mu 1200x700mm, dub texas NX127-2020 -","robots":{"index":"index","follow":"follow","max-snippet":"max-snippet:-1","max-image-preview":"max-image-preview:large","max-video-preview":"max-video-preview:-1"},"canonical":"https:\/\/www.oknobuild.com\/index.php\/produkt\/vyhodna-nabidka-sapho-nirox-zrcadlo-v-ramu-1200x700mm-dub-texas-nx127-2020-14554\/","og_locale":"cs_CZ","og_type":"article","og_title":"V\u00fdhodn\u00e1 Nab\u00eddka Sapho NIROX zrcadlo v r\u00e1mu 1200x700mm, dub texas NX127-2020 -","og_description":"Sapho NIROX zrcadlo v r\u00e1mu 1200x700mm, dub texas NX127-2020 Lze vyrobit v tomto barevn\u00e9m proveden\u00ed: Cenov\u00e1 skupina A p\u0159\u00edplatek 0% 30 B\u00edl\u00e1 lesk 11 Dub st\u0159\u00edbrn\u00fd 16 Borovice rustik 22 Dub alabama \u00a0 \u00a0 \u00a0 \u00a0 Cenov\u00e1 skupina B: p\u0159\u00edplatek 30% 10 Dub polar 12 Dub mocca 20 Dub texas 15 Dub sherwood \u00a0 \u00a0 [&hellip;]","og_url":"https:\/\/www.oknobuild.com\/index.php\/produkt\/vyhodna-nabidka-sapho-nirox-zrcadlo-v-ramu-1200x700mm-dub-texas-nx127-2020-14554\/","og_image":[{"width":983,"height":800,"url":"https:\/\/www.oknobuild.com\/wp-content\/uploads\/2026\/SK0015525-CZ20260425-093041-0-1777080643-015033cecb2361c5b1a9c6f2b5e8205b.webp","type":"image\/webp"}],"twitter_card":"summary_large_image","twitter_misc":{"Odhadovan\u00e1 doba \u010dten\u00ed":"1 minuta"},"schema":{"@context":"https:\/\/schema.org","@graph":[{"@type":"WebPage","@id":"https:\/\/www.oknobuild.com\/index.php\/produkt\/vyhodna-nabidka-sapho-nirox-zrcadlo-v-ramu-1200x700mm-dub-texas-nx127-2020-14554\/","url":"https:\/\/www.oknobuild.com\/index.php\/produkt\/vyhodna-nabidka-sapho-nirox-zrcadlo-v-ramu-1200x700mm-dub-texas-nx127-2020-14554\/","name":"V\u00fdhodn\u00e1 Nab\u00eddka Sapho NIROX zrcadlo v r\u00e1mu 1200x700mm, dub texas NX127-2020 -","isPartOf":{"@id":"https:\/\/www.oknobuild.com\/#website"},"primaryImageOfPage":{"@id":"https:\/\/www.oknobuild.com\/index.php\/produkt\/vyhodna-nabidka-sapho-nirox-zrcadlo-v-ramu-1200x700mm-dub-texas-nx127-2020-14554\/#primaryimage"},"image":{"@id":"https:\/\/www.oknobuild.com\/index.php\/produkt\/vyhodna-nabidka-sapho-nirox-zrcadlo-v-ramu-1200x700mm-dub-texas-nx127-2020-14554\/#primaryimage"},"thumbnailUrl":"https:\/\/www.oknobuild.com\/wp-content\/uploads\/2026\/SK0015525-CZ20260425-093041-0-1777080643-015033cecb2361c5b1a9c6f2b5e8205b.webp","datePublished":"2026-04-27T04:41:09+00:00","breadcrumb":{"@id":"https:\/\/www.oknobuild.com\/index.php\/produkt\/vyhodna-nabidka-sapho-nirox-zrcadlo-v-ramu-1200x700mm-dub-texas-nx127-2020-14554\/#breadcrumb"},"inLanguage":"cs","potentialAction":[{"@type":"ReadAction","target":["https:\/\/www.oknobuild.com\/index.php\/produkt\/vyhodna-nabidka-sapho-nirox-zrcadlo-v-ramu-1200x700mm-dub-texas-nx127-2020-14554\/"]}]},{"@type":"ImageObject","inLanguage":"cs","@id":"https:\/\/www.oknobuild.com\/index.php\/produkt\/vyhodna-nabidka-sapho-nirox-zrcadlo-v-ramu-1200x700mm-dub-texas-nx127-2020-14554\/#primaryimage","url":"https:\/\/www.oknobuild.com\/wp-content\/uploads\/2026\/SK0015525-CZ20260425-093041-0-1777080643-015033cecb2361c5b1a9c6f2b5e8205b.webp","contentUrl":"https:\/\/www.oknobuild.com\/wp-content\/uploads\/2026\/SK0015525-CZ20260425-093041-0-1777080643-015033cecb2361c5b1a9c6f2b5e8205b.webp","width":983,"height":800},{"@type":"BreadcrumbList","@id":"https:\/\/www.oknobuild.com\/index.php\/produkt\/vyhodna-nabidka-sapho-nirox-zrcadlo-v-ramu-1200x700mm-dub-texas-nx127-2020-14554\/#breadcrumb","itemListElement":[{"@type":"ListItem","position":1,"name":"Home","item":"https:\/\/www.oknobuild.com\/"},{"@type":"ListItem","position":2,"name":"Products","item":"https:\/\/www.oknobuild.com\/index.php\/products\/"},{"@type":"ListItem","position":3,"name":"V\u00fdhodn\u00e1 Nab\u00eddka Sapho NIROX zrcadlo v r\u00e1mu 1200x700mm, dub texas NX127-2020"}]},{"@type":"WebSite","@id":"https:\/\/www.oknobuild.com\/#website","url":"https:\/\/www.oknobuild.com\/","name":"","description":"","potentialAction":[{"@type":"SearchAction","target":{"@type":"EntryPoint","urlTemplate":"https:\/\/www.oknobuild.com\/?s={search_term_string}"},"query-input":{"@type":"PropertyValueSpecification","valueRequired":true,"valueName":"search_term_string"}}],"inLanguage":"cs"}]}},"_links":{"self":[{"href":"https:\/\/www.oknobuild.com\/index.php\/wp-json\/wp\/v2\/product\/14554","targetHints":{"allow":["GET"]}}],"collection":[{"href":"https:\/\/www.oknobuild.com\/index.php\/wp-json\/wp\/v2\/product"}],"about":[{"href":"https:\/\/www.oknobuild.com\/index.php\/wp-json\/wp\/v2\/types\/product"}],"replies":[{"embeddable":true,"href":"https:\/\/www.oknobuild.com\/index.php\/wp-json\/wp\/v2\/comments?post=14554"}],"wp:featuredmedia":[{"embeddable":true,"href":"https:\/\/www.oknobuild.com\/index.php\/wp-json\/wp\/v2\/media\/14654"}],"wp:attachment":[{"href":"https:\/\/www.oknobuild.com\/index.php\/wp-json\/wp\/v2\/media?parent=14554"}],"wp:term":[{"taxonomy":"product_brand","embeddable":true,"href":"https:\/\/www.oknobuild.com\/index.php\/wp-json\/wp\/v2\/product_brand?post=14554"},{"taxonomy":"product_cat","embeddable":true,"href":"https:\/\/www.oknobuild.com\/index.php\/wp-json\/wp\/v2\/product_cat?post=14554"},{"taxonomy":"product_tag","embeddable":true,"href":"https:\/\/www.oknobuild.com\/index.php\/wp-json\/wp\/v2\/product_tag?post=14554"}],"curies":[{"name":"wp","href":"https:\/\/api.w.org\/{rel}","templated":true}]}}