{"id":14555,"date":"2026-04-27T04:41:09","date_gmt":"2026-04-27T04:41:09","guid":{"rendered":""},"modified":"2026-04-27T04:41:09","modified_gmt":"2026-04-27T04:41:09","slug":"sapho-corner-pripojovaci-sada-ventilu-termostaticka-triaxialni-leve-provedeni-nerez-mat-cp1511ls-oblibeny-14555","status":"publish","type":"product","link":"https:\/\/www.oknobuild.com\/index.php\/produkt\/sapho-corner-pripojovaci-sada-ventilu-termostaticka-triaxialni-leve-provedeni-nerez-mat-cp1511ls-oblibeny-14555\/","title":{"rendered":"Sapho CORNER p\u0159ipojovac\u00ed sada ventil\u016f termostatick\u00e1 triaxi\u00e1ln\u00ed, lev\u00e9 proveden\u00ed, nerez mat CP1511LS Obl\u00edben\u00fd"},"content":{"rendered":"<div class=\"tabs__content-outer\" id=\"tab_description\" data-hash=\"description\" data-tabindex=\"-1\">\n<div class=\"tabs__content toggle_description\" id=\"content_description\">\n<div class=\"wysiwyg-content\">\n<div class=\"product__tab product__description full-width\">\n<div class=\"container\">\n<div >\n<h3>Sapho CORNER p\u0159ipojovac\u00ed sada ventil\u016f termostatick\u00e1 triaxi\u00e1ln\u00ed, lev\u00e9 proveden\u00ed, nerez mat CP1511LS<\/h3>\n<div class=\"product-explanation-item\">\n<h3>\u00dast\u0159edn\u00ed vyt\u00e1p\u011bn\u00ed<\/h3>\n<div style=\"float: left;\"><\/div>\n<p style=\"text-align: justify;\">V p\u0159\u00edpad\u011b \u00fast\u0159edn\u00edho vyt\u00e1p\u011bn\u00ed je d\u016fle\u017eit\u00fd v\u00fdb\u011br p\u0159ipojovac\u00ed sady ventil\u016f. Na v\u00fdb\u011br je pou\u017eit\u00ed ru\u010dn\u00edho ventilu nebo ventilu s termostatickou hlavic\u00ed.<\/p>\n<p style=\"text-align: justify;\"><strong>Ru\u010dn\u00ed ventil:<\/strong> Ovl\u00e1dac\u00ed <strong>hlavice ventilu lze instalovat na levou \/ pravou stranu<\/strong> <strong>bez ohledu na m\u00edsto p\u0159\u00edvodu tepl\u00e9 vody.<\/strong> Ovl\u00e1d\u00e1n\u00ed regulace teploty je manu\u00e1ln\u00ed.<br \/><strong>Ventil s termostatickou hlavic\u00ed:<\/strong> Integrovan\u00fd termostat udr\u017euje nastavenou teplotu okol\u00ed. <strong>Termostatick\u00e1 hlavice mus\u00ed b\u00fdt v m\u00edst\u011b p\u0159\u00edvodu tepl\u00e9 vody (mimo MONO ONE).<\/strong><\/p>\n<p style=\"text-align: justify;\">N\u00e1mi nab\u00edzen\u00e9 p\u0159ipojovac\u00ed ventily jsou dod\u00e1v\u00e1ny v\u010detn\u011b sv\u011brn\u00e9ho \u0161rouben\u00ed na nejb\u011b\u017en\u011bj\u0161\u00ed potrub\u00ed (\u00d815 mm Cu a \u00d816 mm Alupex), pro dopojen\u00ed tak nen\u00ed t\u0159eba nic dokupovat. Pro zakryt\u00ed p\u0159\u00edvodn\u00edch trubek a otvor\u016f ve zdi doporu\u010dujeme p\u0159ikoupit kryc\u00ed rozety.<\/p>\n<div style=\"float: left; width: 40%; text-align: center;\"><strong>Topen\u00ed s p\u0159ipojovac\u00ed rozte\u010d\u00ed 50 mm<\/strong><\/div>\n<div style=\"float: left; width: 40%; text-align: center;\"><strong>Topen\u00ed s bo\u010dn\u00edm p\u0159ipojen\u00edm<\/strong><\/div>\n<div style=\"float: left; width: 20%; text-align: center;\"><strong>Topen\u00ed s jednobodov\u00fdm p\u0159ipojen\u00edm<\/strong><\/div>\n<div style=\"clear: both;\"><\/div>\n<\/p><\/div>\n<p><\/p>\n<p><b>Vlastnosti<\/b><\/p>\n<ul>\n<li><span>Barva:<\/span> Brou\u0161en\u00fd nerez<\/li>\n<li><span>V\u00fdbava:<\/span> Termostat, hlavice vlevo, Bo\u010dn\u00ed<\/li>\n<li><span>Mo\u017enost vyt\u00e1p\u011bn\u00ed:<\/span> \u00dast\u0159edn\u00ed vyt\u00e1p\u011bn\u00ed<\/li>\n<\/ul>\n<\/div><\/div>\n<\/p><\/div>\n<\/p><\/div>\n<\/p><\/div>\n","protected":false},"excerpt":{"rendered":"<p>Sapho CORNER p\u0159ipojovac\u00ed sada ventil\u016f termostatick\u00e1 triaxi\u00e1ln\u00ed, lev\u00e9 proveden\u00ed, nerez mat CP1511LS \u00dast\u0159edn\u00ed vyt\u00e1p\u011bn\u00ed V p\u0159\u00edpad\u011b \u00fast\u0159edn\u00edho vyt\u00e1p\u011bn\u00ed je d\u016fle\u017eit\u00fd v\u00fdb\u011br p\u0159ipojovac\u00ed sady ventil\u016f. Na v\u00fdb\u011br je pou\u017eit\u00ed ru\u010dn\u00edho ventilu nebo ventilu s termostatickou hlavic\u00ed. Ru\u010dn\u00ed ventil: Ovl\u00e1dac\u00ed hlavice ventilu lze instalovat na levou \/ pravou stranu bez ohledu na m\u00edsto p\u0159\u00edvodu tepl\u00e9 vody. Ovl\u00e1d\u00e1n\u00ed [&hellip;]<\/p>\n","protected":false},"featured_media":14655,"comment_status":"open","ping_status":"open","template":"","meta":[],"product_brand":[],"product_cat":[71],"product_tag":[],"class_list":{"0":"post-14555","1":"product","2":"type-product","3":"status-publish","4":"has-post-thumbnail","6":"product_cat-koupelna","8":"first","9":"instock","10":"sale","11":"shipping-taxable","12":"purchasable","13":"product-type-simple"},"yoast_head":"<!-- This site is optimized with the Yoast SEO plugin v26.8 - https:\/\/yoast.com\/product\/yoast-seo-wordpress\/ -->\n<title>Sapho CORNER p\u0159ipojovac\u00ed sada ventil\u016f termostatick\u00e1 triaxi\u00e1ln\u00ed, lev\u00e9 proveden\u00ed, nerez mat CP1511LS Obl\u00edben\u00fd -<\/title>\n<meta name=\"robots\" content=\"index, follow, max-snippet:-1, max-image-preview:large, max-video-preview:-1\" \/>\n<link rel=\"canonical\" href=\"https:\/\/www.oknobuild.com\/index.php\/produkt\/sapho-corner-pripojovaci-sada-ventilu-termostaticka-triaxialni-leve-provedeni-nerez-mat-cp1511ls-oblibeny-14555\/\" \/>\n<meta property=\"og:locale\" content=\"cs_CZ\" \/>\n<meta property=\"og:type\" content=\"article\" \/>\n<meta property=\"og:title\" content=\"Sapho CORNER p\u0159ipojovac\u00ed sada ventil\u016f termostatick\u00e1 triaxi\u00e1ln\u00ed, lev\u00e9 proveden\u00ed, nerez mat CP1511LS Obl\u00edben\u00fd -\" \/>\n<meta property=\"og:description\" content=\"Sapho CORNER p\u0159ipojovac\u00ed sada ventil\u016f termostatick\u00e1 triaxi\u00e1ln\u00ed, lev\u00e9 proveden\u00ed, nerez mat CP1511LS \u00dast\u0159edn\u00ed vyt\u00e1p\u011bn\u00ed V p\u0159\u00edpad\u011b \u00fast\u0159edn\u00edho vyt\u00e1p\u011bn\u00ed je d\u016fle\u017eit\u00fd v\u00fdb\u011br p\u0159ipojovac\u00ed sady ventil\u016f. Na v\u00fdb\u011br je pou\u017eit\u00ed ru\u010dn\u00edho ventilu nebo ventilu s termostatickou hlavic\u00ed. Ru\u010dn\u00ed ventil: Ovl\u00e1dac\u00ed hlavice ventilu lze instalovat na levou \/ pravou stranu bez ohledu na m\u00edsto p\u0159\u00edvodu tepl\u00e9 vody. Ovl\u00e1d\u00e1n\u00ed [&hellip;]\" \/>\n<meta property=\"og:url\" content=\"https:\/\/www.oknobuild.com\/index.php\/produkt\/sapho-corner-pripojovaci-sada-ventilu-termostaticka-triaxialni-leve-provedeni-nerez-mat-cp1511ls-oblibeny-14555\/\" \/>\n<meta property=\"og:image\" content=\"https:\/\/www.oknobuild.com\/wp-content\/uploads\/2026\/SK0015526-CZ20260425-093041-0-1777080643-89df1bea2c8571846bb8ccb5d8a06905.webp\" \/>\n\t<meta property=\"og:image:width\" content=\"1000\" \/>\n\t<meta property=\"og:image:height\" content=\"517\" \/>\n\t<meta property=\"og:image:type\" content=\"image\/webp\" \/>\n<meta name=\"twitter:card\" content=\"summary_large_image\" \/>\n<meta name=\"twitter:label1\" content=\"Odhadovan\u00e1 doba \u010dten\u00ed\" \/>\n\t<meta name=\"twitter:data1\" content=\"1 minuta\" \/>\n<script type=\"application\/ld+json\" class=\"yoast-schema-graph\">{\"@context\":\"https:\/\/schema.org\",\"@graph\":[{\"@type\":\"WebPage\",\"@id\":\"https:\/\/www.oknobuild.com\/index.php\/produkt\/sapho-corner-pripojovaci-sada-ventilu-termostaticka-triaxialni-leve-provedeni-nerez-mat-cp1511ls-oblibeny-14555\/\",\"url\":\"https:\/\/www.oknobuild.com\/index.php\/produkt\/sapho-corner-pripojovaci-sada-ventilu-termostaticka-triaxialni-leve-provedeni-nerez-mat-cp1511ls-oblibeny-14555\/\",\"name\":\"Sapho CORNER p\u0159ipojovac\u00ed sada ventil\u016f termostatick\u00e1 triaxi\u00e1ln\u00ed, lev\u00e9 proveden\u00ed, nerez mat CP1511LS Obl\u00edben\u00fd -\",\"isPartOf\":{\"@id\":\"https:\/\/www.oknobuild.com\/#website\"},\"primaryImageOfPage\":{\"@id\":\"https:\/\/www.oknobuild.com\/index.php\/produkt\/sapho-corner-pripojovaci-sada-ventilu-termostaticka-triaxialni-leve-provedeni-nerez-mat-cp1511ls-oblibeny-14555\/#primaryimage\"},\"image\":{\"@id\":\"https:\/\/www.oknobuild.com\/index.php\/produkt\/sapho-corner-pripojovaci-sada-ventilu-termostaticka-triaxialni-leve-provedeni-nerez-mat-cp1511ls-oblibeny-14555\/#primaryimage\"},\"thumbnailUrl\":\"https:\/\/www.oknobuild.com\/wp-content\/uploads\/2026\/SK0015526-CZ20260425-093041-0-1777080643-89df1bea2c8571846bb8ccb5d8a06905.webp\",\"datePublished\":\"2026-04-27T04:41:09+00:00\",\"breadcrumb\":{\"@id\":\"https:\/\/www.oknobuild.com\/index.php\/produkt\/sapho-corner-pripojovaci-sada-ventilu-termostaticka-triaxialni-leve-provedeni-nerez-mat-cp1511ls-oblibeny-14555\/#breadcrumb\"},\"inLanguage\":\"cs\",\"potentialAction\":[{\"@type\":\"ReadAction\",\"target\":[\"https:\/\/www.oknobuild.com\/index.php\/produkt\/sapho-corner-pripojovaci-sada-ventilu-termostaticka-triaxialni-leve-provedeni-nerez-mat-cp1511ls-oblibeny-14555\/\"]}]},{\"@type\":\"ImageObject\",\"inLanguage\":\"cs\",\"@id\":\"https:\/\/www.oknobuild.com\/index.php\/produkt\/sapho-corner-pripojovaci-sada-ventilu-termostaticka-triaxialni-leve-provedeni-nerez-mat-cp1511ls-oblibeny-14555\/#primaryimage\",\"url\":\"https:\/\/www.oknobuild.com\/wp-content\/uploads\/2026\/SK0015526-CZ20260425-093041-0-1777080643-89df1bea2c8571846bb8ccb5d8a06905.webp\",\"contentUrl\":\"https:\/\/www.oknobuild.com\/wp-content\/uploads\/2026\/SK0015526-CZ20260425-093041-0-1777080643-89df1bea2c8571846bb8ccb5d8a06905.webp\",\"width\":1000,\"height\":517},{\"@type\":\"BreadcrumbList\",\"@id\":\"https:\/\/www.oknobuild.com\/index.php\/produkt\/sapho-corner-pripojovaci-sada-ventilu-termostaticka-triaxialni-leve-provedeni-nerez-mat-cp1511ls-oblibeny-14555\/#breadcrumb\",\"itemListElement\":[{\"@type\":\"ListItem\",\"position\":1,\"name\":\"Home\",\"item\":\"https:\/\/www.oknobuild.com\/\"},{\"@type\":\"ListItem\",\"position\":2,\"name\":\"Products\",\"item\":\"https:\/\/www.oknobuild.com\/index.php\/products\/\"},{\"@type\":\"ListItem\",\"position\":3,\"name\":\"Sapho CORNER p\u0159ipojovac\u00ed sada ventil\u016f termostatick\u00e1 triaxi\u00e1ln\u00ed, lev\u00e9 proveden\u00ed, nerez mat CP1511LS Obl\u00edben\u00fd\"}]},{\"@type\":\"WebSite\",\"@id\":\"https:\/\/www.oknobuild.com\/#website\",\"url\":\"https:\/\/www.oknobuild.com\/\",\"name\":\"\",\"description\":\"\",\"potentialAction\":[{\"@type\":\"SearchAction\",\"target\":{\"@type\":\"EntryPoint\",\"urlTemplate\":\"https:\/\/www.oknobuild.com\/?s={search_term_string}\"},\"query-input\":{\"@type\":\"PropertyValueSpecification\",\"valueRequired\":true,\"valueName\":\"search_term_string\"}}],\"inLanguage\":\"cs\"}]}<\/script>\n<!-- \/ Yoast SEO plugin. -->","yoast_head_json":{"title":"Sapho CORNER p\u0159ipojovac\u00ed sada ventil\u016f termostatick\u00e1 triaxi\u00e1ln\u00ed, lev\u00e9 proveden\u00ed, nerez mat CP1511LS Obl\u00edben\u00fd -","robots":{"index":"index","follow":"follow","max-snippet":"max-snippet:-1","max-image-preview":"max-image-preview:large","max-video-preview":"max-video-preview:-1"},"canonical":"https:\/\/www.oknobuild.com\/index.php\/produkt\/sapho-corner-pripojovaci-sada-ventilu-termostaticka-triaxialni-leve-provedeni-nerez-mat-cp1511ls-oblibeny-14555\/","og_locale":"cs_CZ","og_type":"article","og_title":"Sapho CORNER p\u0159ipojovac\u00ed sada ventil\u016f termostatick\u00e1 triaxi\u00e1ln\u00ed, lev\u00e9 proveden\u00ed, nerez mat CP1511LS Obl\u00edben\u00fd -","og_description":"Sapho CORNER p\u0159ipojovac\u00ed sada ventil\u016f termostatick\u00e1 triaxi\u00e1ln\u00ed, lev\u00e9 proveden\u00ed, nerez mat CP1511LS \u00dast\u0159edn\u00ed vyt\u00e1p\u011bn\u00ed V p\u0159\u00edpad\u011b \u00fast\u0159edn\u00edho vyt\u00e1p\u011bn\u00ed je d\u016fle\u017eit\u00fd v\u00fdb\u011br p\u0159ipojovac\u00ed sady ventil\u016f. Na v\u00fdb\u011br je pou\u017eit\u00ed ru\u010dn\u00edho ventilu nebo ventilu s termostatickou hlavic\u00ed. Ru\u010dn\u00ed ventil: Ovl\u00e1dac\u00ed hlavice ventilu lze instalovat na levou \/ pravou stranu bez ohledu na m\u00edsto p\u0159\u00edvodu tepl\u00e9 vody. Ovl\u00e1d\u00e1n\u00ed [&hellip;]","og_url":"https:\/\/www.oknobuild.com\/index.php\/produkt\/sapho-corner-pripojovaci-sada-ventilu-termostaticka-triaxialni-leve-provedeni-nerez-mat-cp1511ls-oblibeny-14555\/","og_image":[{"width":1000,"height":517,"url":"https:\/\/www.oknobuild.com\/wp-content\/uploads\/2026\/SK0015526-CZ20260425-093041-0-1777080643-89df1bea2c8571846bb8ccb5d8a06905.webp","type":"image\/webp"}],"twitter_card":"summary_large_image","twitter_misc":{"Odhadovan\u00e1 doba \u010dten\u00ed":"1 minuta"},"schema":{"@context":"https:\/\/schema.org","@graph":[{"@type":"WebPage","@id":"https:\/\/www.oknobuild.com\/index.php\/produkt\/sapho-corner-pripojovaci-sada-ventilu-termostaticka-triaxialni-leve-provedeni-nerez-mat-cp1511ls-oblibeny-14555\/","url":"https:\/\/www.oknobuild.com\/index.php\/produkt\/sapho-corner-pripojovaci-sada-ventilu-termostaticka-triaxialni-leve-provedeni-nerez-mat-cp1511ls-oblibeny-14555\/","name":"Sapho CORNER p\u0159ipojovac\u00ed sada ventil\u016f termostatick\u00e1 triaxi\u00e1ln\u00ed, lev\u00e9 proveden\u00ed, nerez mat CP1511LS Obl\u00edben\u00fd -","isPartOf":{"@id":"https:\/\/www.oknobuild.com\/#website"},"primaryImageOfPage":{"@id":"https:\/\/www.oknobuild.com\/index.php\/produkt\/sapho-corner-pripojovaci-sada-ventilu-termostaticka-triaxialni-leve-provedeni-nerez-mat-cp1511ls-oblibeny-14555\/#primaryimage"},"image":{"@id":"https:\/\/www.oknobuild.com\/index.php\/produkt\/sapho-corner-pripojovaci-sada-ventilu-termostaticka-triaxialni-leve-provedeni-nerez-mat-cp1511ls-oblibeny-14555\/#primaryimage"},"thumbnailUrl":"https:\/\/www.oknobuild.com\/wp-content\/uploads\/2026\/SK0015526-CZ20260425-093041-0-1777080643-89df1bea2c8571846bb8ccb5d8a06905.webp","datePublished":"2026-04-27T04:41:09+00:00","breadcrumb":{"@id":"https:\/\/www.oknobuild.com\/index.php\/produkt\/sapho-corner-pripojovaci-sada-ventilu-termostaticka-triaxialni-leve-provedeni-nerez-mat-cp1511ls-oblibeny-14555\/#breadcrumb"},"inLanguage":"cs","potentialAction":[{"@type":"ReadAction","target":["https:\/\/www.oknobuild.com\/index.php\/produkt\/sapho-corner-pripojovaci-sada-ventilu-termostaticka-triaxialni-leve-provedeni-nerez-mat-cp1511ls-oblibeny-14555\/"]}]},{"@type":"ImageObject","inLanguage":"cs","@id":"https:\/\/www.oknobuild.com\/index.php\/produkt\/sapho-corner-pripojovaci-sada-ventilu-termostaticka-triaxialni-leve-provedeni-nerez-mat-cp1511ls-oblibeny-14555\/#primaryimage","url":"https:\/\/www.oknobuild.com\/wp-content\/uploads\/2026\/SK0015526-CZ20260425-093041-0-1777080643-89df1bea2c8571846bb8ccb5d8a06905.webp","contentUrl":"https:\/\/www.oknobuild.com\/wp-content\/uploads\/2026\/SK0015526-CZ20260425-093041-0-1777080643-89df1bea2c8571846bb8ccb5d8a06905.webp","width":1000,"height":517},{"@type":"BreadcrumbList","@id":"https:\/\/www.oknobuild.com\/index.php\/produkt\/sapho-corner-pripojovaci-sada-ventilu-termostaticka-triaxialni-leve-provedeni-nerez-mat-cp1511ls-oblibeny-14555\/#breadcrumb","itemListElement":[{"@type":"ListItem","position":1,"name":"Home","item":"https:\/\/www.oknobuild.com\/"},{"@type":"ListItem","position":2,"name":"Products","item":"https:\/\/www.oknobuild.com\/index.php\/products\/"},{"@type":"ListItem","position":3,"name":"Sapho CORNER p\u0159ipojovac\u00ed sada ventil\u016f termostatick\u00e1 triaxi\u00e1ln\u00ed, lev\u00e9 proveden\u00ed, nerez mat CP1511LS Obl\u00edben\u00fd"}]},{"@type":"WebSite","@id":"https:\/\/www.oknobuild.com\/#website","url":"https:\/\/www.oknobuild.com\/","name":"","description":"","potentialAction":[{"@type":"SearchAction","target":{"@type":"EntryPoint","urlTemplate":"https:\/\/www.oknobuild.com\/?s={search_term_string}"},"query-input":{"@type":"PropertyValueSpecification","valueRequired":true,"valueName":"search_term_string"}}],"inLanguage":"cs"}]}},"_links":{"self":[{"href":"https:\/\/www.oknobuild.com\/index.php\/wp-json\/wp\/v2\/product\/14555","targetHints":{"allow":["GET"]}}],"collection":[{"href":"https:\/\/www.oknobuild.com\/index.php\/wp-json\/wp\/v2\/product"}],"about":[{"href":"https:\/\/www.oknobuild.com\/index.php\/wp-json\/wp\/v2\/types\/product"}],"replies":[{"embeddable":true,"href":"https:\/\/www.oknobuild.com\/index.php\/wp-json\/wp\/v2\/comments?post=14555"}],"wp:featuredmedia":[{"embeddable":true,"href":"https:\/\/www.oknobuild.com\/index.php\/wp-json\/wp\/v2\/media\/14655"}],"wp:attachment":[{"href":"https:\/\/www.oknobuild.com\/index.php\/wp-json\/wp\/v2\/media?parent=14555"}],"wp:term":[{"taxonomy":"product_brand","embeddable":true,"href":"https:\/\/www.oknobuild.com\/index.php\/wp-json\/wp\/v2\/product_brand?post=14555"},{"taxonomy":"product_cat","embeddable":true,"href":"https:\/\/www.oknobuild.com\/index.php\/wp-json\/wp\/v2\/product_cat?post=14555"},{"taxonomy":"product_tag","embeddable":true,"href":"https:\/\/www.oknobuild.com\/index.php\/wp-json\/wp\/v2\/product_tag?post=14555"}],"curies":[{"name":"wp","href":"https:\/\/api.w.org\/{rel}","templated":true}]}}