{"id":14556,"date":"2026-04-27T04:41:09","date_gmt":"2026-04-27T04:41:09","guid":{"rendered":""},"modified":"2026-04-27T04:41:09","modified_gmt":"2026-04-27T04:41:09","slug":"sapho-block-otopne-teleso-280x1750-mm-bila-mat-ir184-akce-14556","status":"publish","type":"product","link":"https:\/\/www.oknobuild.com\/index.php\/produkt\/sapho-block-otopne-teleso-280x1750-mm-bila-mat-ir184-akce-14556\/","title":{"rendered":"Sapho BLOCK otopn\u00e9 t\u011bleso 280&#215;1750 mm, b\u00edl\u00e1 mat IR184 Akce"},"content":{"rendered":"<div class=\"tabs__content-outer\" id=\"tab_description\" data-hash=\"description\" data-tabindex=\"-1\">\n<div class=\"tabs__content toggle_description\" id=\"content_description\">\n<div class=\"wysiwyg-content\">\n<div class=\"product__tab product__description full-width\">\n<div class=\"container\">\n<div >\n<h3>Sapho BLOCK otopn\u00e9 t\u011bleso 280&#215;1750 mm, b\u00edl\u00e1 mat IR184<\/h3>\n<p style=\"text-align: justify;\">Designov\u00fd radi\u00e1tor ve dvou barevn\u00fdch variant\u00e1ch a dvou rozm\u011brech. A\u010dkoliv m\u00e1 topen\u00ed st\u0159edov\u00e9 p\u0159ipojen\u00ed, lze u n\u011bj z\u00e1rove\u0148 pou\u017e\u00edt topn\u00e9 ty\u010de.<\/p>\n<ul>\n<li>Topn\u00e1 ty\u010d a p\u0159ipojovac\u00ed ventily nejsou sou\u010d\u00e1st\u00ed balen\u00ed<\/li>\n<\/ul>\n<div class=\"product-explanation-item\">\n<h3>\u00dast\u0159edn\u00ed vyt\u00e1p\u011bn\u00ed<\/h3>\n<div style=\"float: left;\"><\/div>\n<p style=\"text-align: justify;\">V p\u0159\u00edpad\u011b \u00fast\u0159edn\u00edho vyt\u00e1p\u011bn\u00ed je d\u016fle\u017eit\u00fd v\u00fdb\u011br p\u0159ipojovac\u00ed sady ventil\u016f. Na v\u00fdb\u011br je pou\u017eit\u00ed ru\u010dn\u00edho ventilu nebo ventilu s termostatickou hlavic\u00ed.<\/p>\n<p style=\"text-align: justify;\"><strong>Ru\u010dn\u00ed ventil:<\/strong> Ovl\u00e1dac\u00ed <strong>hlavice ventilu lze instalovat na levou \/ pravou stranu<\/strong> <strong>bez ohledu na m\u00edsto p\u0159\u00edvodu tepl\u00e9 vody.<\/strong> Ovl\u00e1d\u00e1n\u00ed regulace teploty je manu\u00e1ln\u00ed.<br \/><strong>Ventil s termostatickou hlavic\u00ed:<\/strong> Integrovan\u00fd termostat udr\u017euje nastavenou teplotu okol\u00ed. <strong>Termostatick\u00e1 hlavice mus\u00ed b\u00fdt v m\u00edst\u011b p\u0159\u00edvodu tepl\u00e9 vody (mimo MONO ONE).<\/strong><\/p>\n<p style=\"text-align: justify;\">N\u00e1mi nab\u00edzen\u00e9 p\u0159ipojovac\u00ed ventily jsou dod\u00e1v\u00e1ny v\u010detn\u011b sv\u011brn\u00e9ho \u0161rouben\u00ed na nejb\u011b\u017en\u011bj\u0161\u00ed potrub\u00ed (\u00d815 mm Cu a \u00d816 mm Alupex), pro dopojen\u00ed tak nen\u00ed t\u0159eba nic dokupovat. Pro zakryt\u00ed p\u0159\u00edvodn\u00edch trubek a otvor\u016f ve zdi doporu\u010dujeme p\u0159ikoupit kryc\u00ed rozety.<\/p>\n<div style=\"float: left; width: 40%; text-align: center;\"><strong>Topen\u00ed s p\u0159ipojovac\u00ed rozte\u010d\u00ed 50 mm<\/strong><\/div>\n<div style=\"float: left; width: 40%; text-align: center;\"><strong>Topen\u00ed s bo\u010dn\u00edm p\u0159ipojen\u00edm<\/strong><\/div>\n<div style=\"float: left; width: 20%; text-align: center;\"><strong>Topen\u00ed s jednobodov\u00fdm p\u0159ipojen\u00edm<\/strong><\/div>\n<div style=\"clear: both;\"><\/div>\n<\/p><\/div>\n<div class=\"product-explanation-item\">\n<h3>Elektrick\u00e9 vyt\u00e1p\u011bn\u00ed<\/h3>\n<div style=\"float: left;\"><\/div>\n<p style=\"text-align: justify;\">Pokud je otopn\u00e9 t\u011bleso <strong>vyt\u00e1p\u011bno<\/strong> pouze elektricky, tozn. <strong>pouze za pomoci topn\u00e9 ty\u010de, je nutn\u00e9 zakoupit \u00bd&#8220; z\u00e1slepku k radi\u00e1tor\u016fm<\/strong>. Ta slou\u017e\u00ed k zaslepen\u00ed druh\u00e9ho otvoru v t\u011blese, kter\u00fd by byl jinak pou\u017eit pro p\u0159ipojovac\u00ed ventil \u00fast\u0159edn\u00edho vyt\u00e1p\u011bn\u00ed.<br \/>Topn\u00e9 t\u011bleso doporu\u010dujeme naplnit destilovanou vodou. Doporu\u010dujeme t\u00e9\u017e nemrznouc\u00ed teplonosnou antikorozn\u00ed kapalinou zna\u010dky LIKIDO.<br \/>Topnou ty\u010d doporu\u010dujeme se stejn\u00fdm nebo podobn\u00fdm v\u00fdkonem dle specifikace dan\u00e9ho topn\u00e9ho t\u011blesa. U topn\u00fdch ty\u010d\u00ed s termostatem se reguluje teplota kapaliny v radi\u00e1toru.<\/p>\n<div style=\"float: left; width: 25%; text-align: center;\"><strong>Topen\u00ed s p\u0159ipojovac\u00ed rozte\u010d\u00ed 50 mm<\/strong><\/div>\n<div style=\"float: left; width: 25%; text-align: center;\"><strong>Topen\u00ed s bo\u010dn\u00edm p\u0159ipojen\u00edm<\/strong><\/div>\n<div style=\"clear: both;\"><\/div>\n<\/p><\/div>\n<div class=\"product-explanation-item\">\n<h3>Kombinace \u00fast\u0159edn\u00edho a elektrick\u00e9ho vyt\u00e1p\u011bn\u00ed<\/h3>\n<div style=\"float: left;\"><\/div>\n<p style=\"text-align: justify;\">Kombinovan\u00e9 p\u0159ipojen\u00ed umo\u017e\u0148uje oh\u0159\u00edvat t\u011bleso jak centr\u00e1ln\u00edm syst\u00e9mem vyt\u00e1p\u011bn\u00ed, tak vyu\u017e\u00edt pro samostatn\u00fd oh\u0159ev elektrickou topnou ty\u010d mimo topnou sezonu. Topnou ty\u010d doporu\u010dujeme se stejn\u00fdm nebo podobn\u00fdm v\u00fdkonem dle specifikace dan\u00e9ho topn\u00e9ho t\u011blesa.<\/p>\n<p style=\"text-align: justify;\">Pokud se jedn\u00e1 o t\u011bleso se st\u0159edov\u00fdm p\u0159ipojen\u00edm, z\u00e1le\u017e\u00ed na tom, zda lze ty\u010d propojit p\u0159es ventil (v tomto p\u0159\u00edpad\u011b se pou\u017eije kombinovan\u00fd ventil) nebo se ty\u010d p\u0159ipojuje samostatn\u011b do stojny t\u011blesa (v tomto p\u0159\u00edpad\u011b se pou\u017eije klasick\u00fd ventil). V p\u0159\u00edpad\u011b bo\u010dn\u00edho p\u0159ipojen\u00ed se v\u017edy pou\u017eije kombinovan\u00fd ventil. Na v\u00fdb\u011br je pou\u017eit\u00ed ru\u010dn\u00edho ventilu nebo ventilu s termostatickou hlavic\u00ed. <\/p>\n<p style=\"text-align: justify;\"><strong>Ru\u010dn\u00ed ventil:<\/strong> Ovl\u00e1dac\u00ed <strong>hlavice ventilu lze instalovat na levou \/ pravou stranu<\/strong> <strong>bez ohledu na m\u00edsto p\u0159\u00edvodu tepl\u00e9 vody.<\/strong> Ovl\u00e1d\u00e1n\u00ed regulace teploty je manu\u00e1ln\u00ed.<br \/><strong>Ventil s termostatickou hlavic\u00ed:<\/strong> Integrovan\u00fd termostat udr\u017euje nastavenou teplotu okol\u00ed. <strong>Termostatick\u00e1 hlavice mus\u00ed b\u00fdt v m\u00edst\u011b p\u0159\u00edvodu tepl\u00e9 vody (mimo MONO ONE).<\/strong><\/p>\n<p style=\"text-align: justify;\">N\u00e1mi nab\u00edzen\u00e9 p\u0159ipojovac\u00ed ventily jsou dod\u00e1v\u00e1ny v\u010detn\u011b sv\u011brn\u00e9ho \u0161rouben\u00ed na nejb\u011b\u017en\u011bj\u0161\u00ed potrub\u00ed (\u00d815 mm Cu a \u00d816 mm Alupex), pro dopojen\u00ed tak nen\u00ed t\u0159eba nic dokupovat. Pro zakryt\u00ed p\u0159\u00edvodn\u00edch trubek a otvor\u016f ve zdi doporu\u010dujeme p\u0159ikoupit kryc\u00ed rozety.<\/p>\n<div style=\"float: left; width: 40%; text-align: center;\"><strong>Topen\u00ed s p\u0159ipojovac\u00ed rozte\u010d\u00ed 50 mm<\/strong><\/div>\n<div style=\"float: left; width: 25%; text-align: center;\"><strong>Topen\u00ed s bo\u010dn\u00edm p\u0159ipojen\u00edm<\/strong><\/div>\n<div style=\"float: left; width: 25%; text-align: center;\"><strong>Topen\u00ed s jednobodov\u00fdm p\u0159ipojen\u00edm<\/strong><\/div>\n<div style=\"clear: both;\"><\/div>\n<\/p><\/div>\n<p><\/p>\n<p><b>Vlastnosti<\/b><\/p>\n<ul>\n<li><span>Materi\u00e1l:<\/span> Ocel<\/li>\n<li><span>Barva:<\/span> B\u00edl\u00e1 mat<\/li>\n<li><span>Tvar:<\/span> R\u00e1mov\u00e9<\/li>\n<li><span>Rozm\u011br:<\/span> 280&#215;1750 mm<\/li>\n<li><span>\u0160\u00ed\u0159ka:<\/span> 280 mm<\/li>\n<li><span>V\u00fd\u0161ka:<\/span> 1750 mm<\/li>\n<li><span>Mo\u017enost vyt\u00e1p\u011bn\u00ed:<\/span> \u00dast\u0159edn\u00ed vyt\u00e1p\u011bn\u00ed, Elektrick\u00e9 vyt\u00e1p\u011bn\u00ed, Kombinovan\u00e9 vyt\u00e1p\u011bn\u00ed<\/li>\n<li><span>Objem:<\/span> 8.2 l<\/li>\n<li><span>V\u00fdkon:<\/span> 461 W<\/li>\n<li><span>Doporu\u010den\u00e1 el. topn\u00e1 ty\u010d:<\/span> 400 W<\/li>\n<li><span>Rozte\u010d p\u0159ipojen\u00ed:<\/span> 50 mm<\/li>\n<li><span>Teplotn\u00ed sp\u00e1d:<\/span> 75\/65\/20 \u00b0C<\/li>\n<li><span>Rozte\u010d p\u0159ipojen\u00ed 50 mm:<\/span> Symetrick\u00e9 (na st\u0159ed)<\/li>\n<\/ul>\n<\/div><\/div>\n<\/p><\/div>\n<\/p><\/div>\n<\/p><\/div>\n","protected":false},"excerpt":{"rendered":"<p>Sapho BLOCK otopn\u00e9 t\u011bleso 280&#215;1750 mm, b\u00edl\u00e1 mat IR184 Designov\u00fd radi\u00e1tor ve dvou barevn\u00fdch variant\u00e1ch a dvou rozm\u011brech. A\u010dkoliv m\u00e1 topen\u00ed st\u0159edov\u00e9 p\u0159ipojen\u00ed, lze u n\u011bj z\u00e1rove\u0148 pou\u017e\u00edt topn\u00e9 ty\u010de. Topn\u00e1 ty\u010d a p\u0159ipojovac\u00ed ventily nejsou sou\u010d\u00e1st\u00ed balen\u00ed \u00dast\u0159edn\u00ed vyt\u00e1p\u011bn\u00ed V p\u0159\u00edpad\u011b \u00fast\u0159edn\u00edho vyt\u00e1p\u011bn\u00ed je d\u016fle\u017eit\u00fd v\u00fdb\u011br p\u0159ipojovac\u00ed sady ventil\u016f. Na v\u00fdb\u011br je pou\u017eit\u00ed ru\u010dn\u00edho [&hellip;]<\/p>\n","protected":false},"featured_media":14656,"comment_status":"open","ping_status":"open","template":"","meta":[],"product_brand":[],"product_cat":[71],"product_tag":[],"class_list":{"0":"post-14556","1":"product","2":"type-product","3":"status-publish","4":"has-post-thumbnail","6":"product_cat-koupelna","8":"first","9":"instock","10":"sale","11":"shipping-taxable","12":"purchasable","13":"product-type-simple"},"yoast_head":"<!-- This site is optimized with the Yoast SEO plugin v26.8 - https:\/\/yoast.com\/product\/yoast-seo-wordpress\/ -->\n<title>Sapho BLOCK otopn\u00e9 t\u011bleso 280x1750 mm, b\u00edl\u00e1 mat IR184 Akce -<\/title>\n<meta name=\"robots\" content=\"index, follow, max-snippet:-1, max-image-preview:large, max-video-preview:-1\" \/>\n<link rel=\"canonical\" href=\"https:\/\/www.oknobuild.com\/index.php\/produkt\/sapho-block-otopne-teleso-280x1750-mm-bila-mat-ir184-akce-14556\/\" \/>\n<meta property=\"og:locale\" content=\"cs_CZ\" \/>\n<meta property=\"og:type\" content=\"article\" \/>\n<meta property=\"og:title\" content=\"Sapho BLOCK otopn\u00e9 t\u011bleso 280x1750 mm, b\u00edl\u00e1 mat IR184 Akce -\" \/>\n<meta property=\"og:description\" content=\"Sapho BLOCK otopn\u00e9 t\u011bleso 280&#215;1750 mm, b\u00edl\u00e1 mat IR184 Designov\u00fd radi\u00e1tor ve dvou barevn\u00fdch variant\u00e1ch a dvou rozm\u011brech. A\u010dkoliv m\u00e1 topen\u00ed st\u0159edov\u00e9 p\u0159ipojen\u00ed, lze u n\u011bj z\u00e1rove\u0148 pou\u017e\u00edt topn\u00e9 ty\u010de. Topn\u00e1 ty\u010d a p\u0159ipojovac\u00ed ventily nejsou sou\u010d\u00e1st\u00ed balen\u00ed \u00dast\u0159edn\u00ed vyt\u00e1p\u011bn\u00ed V p\u0159\u00edpad\u011b \u00fast\u0159edn\u00edho vyt\u00e1p\u011bn\u00ed je d\u016fle\u017eit\u00fd v\u00fdb\u011br p\u0159ipojovac\u00ed sady ventil\u016f. Na v\u00fdb\u011br je pou\u017eit\u00ed ru\u010dn\u00edho [&hellip;]\" \/>\n<meta property=\"og:url\" content=\"https:\/\/www.oknobuild.com\/index.php\/produkt\/sapho-block-otopne-teleso-280x1750-mm-bila-mat-ir184-akce-14556\/\" \/>\n<meta property=\"og:image\" content=\"https:\/\/www.oknobuild.com\/wp-content\/uploads\/2026\/SK0015527-CZ20260425-093041-0-1777080643-41f151258072eec03a42c262c84cd7c3.webp\" \/>\n\t<meta property=\"og:image:width\" content=\"122\" \/>\n\t<meta property=\"og:image:height\" content=\"800\" \/>\n\t<meta property=\"og:image:type\" content=\"image\/webp\" \/>\n<meta name=\"twitter:card\" content=\"summary_large_image\" \/>\n<meta name=\"twitter:label1\" content=\"Odhadovan\u00e1 doba \u010dten\u00ed\" \/>\n\t<meta name=\"twitter:data1\" content=\"3 minuty\" \/>\n<script type=\"application\/ld+json\" class=\"yoast-schema-graph\">{\"@context\":\"https:\/\/schema.org\",\"@graph\":[{\"@type\":\"WebPage\",\"@id\":\"https:\/\/www.oknobuild.com\/index.php\/produkt\/sapho-block-otopne-teleso-280x1750-mm-bila-mat-ir184-akce-14556\/\",\"url\":\"https:\/\/www.oknobuild.com\/index.php\/produkt\/sapho-block-otopne-teleso-280x1750-mm-bila-mat-ir184-akce-14556\/\",\"name\":\"Sapho BLOCK otopn\u00e9 t\u011bleso 280x1750 mm, b\u00edl\u00e1 mat IR184 Akce -\",\"isPartOf\":{\"@id\":\"https:\/\/www.oknobuild.com\/#website\"},\"primaryImageOfPage\":{\"@id\":\"https:\/\/www.oknobuild.com\/index.php\/produkt\/sapho-block-otopne-teleso-280x1750-mm-bila-mat-ir184-akce-14556\/#primaryimage\"},\"image\":{\"@id\":\"https:\/\/www.oknobuild.com\/index.php\/produkt\/sapho-block-otopne-teleso-280x1750-mm-bila-mat-ir184-akce-14556\/#primaryimage\"},\"thumbnailUrl\":\"https:\/\/www.oknobuild.com\/wp-content\/uploads\/2026\/SK0015527-CZ20260425-093041-0-1777080643-41f151258072eec03a42c262c84cd7c3.webp\",\"datePublished\":\"2026-04-27T04:41:09+00:00\",\"breadcrumb\":{\"@id\":\"https:\/\/www.oknobuild.com\/index.php\/produkt\/sapho-block-otopne-teleso-280x1750-mm-bila-mat-ir184-akce-14556\/#breadcrumb\"},\"inLanguage\":\"cs\",\"potentialAction\":[{\"@type\":\"ReadAction\",\"target\":[\"https:\/\/www.oknobuild.com\/index.php\/produkt\/sapho-block-otopne-teleso-280x1750-mm-bila-mat-ir184-akce-14556\/\"]}]},{\"@type\":\"ImageObject\",\"inLanguage\":\"cs\",\"@id\":\"https:\/\/www.oknobuild.com\/index.php\/produkt\/sapho-block-otopne-teleso-280x1750-mm-bila-mat-ir184-akce-14556\/#primaryimage\",\"url\":\"https:\/\/www.oknobuild.com\/wp-content\/uploads\/2026\/SK0015527-CZ20260425-093041-0-1777080643-41f151258072eec03a42c262c84cd7c3.webp\",\"contentUrl\":\"https:\/\/www.oknobuild.com\/wp-content\/uploads\/2026\/SK0015527-CZ20260425-093041-0-1777080643-41f151258072eec03a42c262c84cd7c3.webp\",\"width\":122,\"height\":800},{\"@type\":\"BreadcrumbList\",\"@id\":\"https:\/\/www.oknobuild.com\/index.php\/produkt\/sapho-block-otopne-teleso-280x1750-mm-bila-mat-ir184-akce-14556\/#breadcrumb\",\"itemListElement\":[{\"@type\":\"ListItem\",\"position\":1,\"name\":\"Home\",\"item\":\"https:\/\/www.oknobuild.com\/\"},{\"@type\":\"ListItem\",\"position\":2,\"name\":\"Products\",\"item\":\"https:\/\/www.oknobuild.com\/index.php\/products\/\"},{\"@type\":\"ListItem\",\"position\":3,\"name\":\"Sapho BLOCK otopn\u00e9 t\u011bleso 280&#215;1750 mm, b\u00edl\u00e1 mat IR184 Akce\"}]},{\"@type\":\"WebSite\",\"@id\":\"https:\/\/www.oknobuild.com\/#website\",\"url\":\"https:\/\/www.oknobuild.com\/\",\"name\":\"\",\"description\":\"\",\"potentialAction\":[{\"@type\":\"SearchAction\",\"target\":{\"@type\":\"EntryPoint\",\"urlTemplate\":\"https:\/\/www.oknobuild.com\/?s={search_term_string}\"},\"query-input\":{\"@type\":\"PropertyValueSpecification\",\"valueRequired\":true,\"valueName\":\"search_term_string\"}}],\"inLanguage\":\"cs\"}]}<\/script>\n<!-- \/ Yoast SEO plugin. -->","yoast_head_json":{"title":"Sapho BLOCK otopn\u00e9 t\u011bleso 280x1750 mm, b\u00edl\u00e1 mat IR184 Akce -","robots":{"index":"index","follow":"follow","max-snippet":"max-snippet:-1","max-image-preview":"max-image-preview:large","max-video-preview":"max-video-preview:-1"},"canonical":"https:\/\/www.oknobuild.com\/index.php\/produkt\/sapho-block-otopne-teleso-280x1750-mm-bila-mat-ir184-akce-14556\/","og_locale":"cs_CZ","og_type":"article","og_title":"Sapho BLOCK otopn\u00e9 t\u011bleso 280x1750 mm, b\u00edl\u00e1 mat IR184 Akce -","og_description":"Sapho BLOCK otopn\u00e9 t\u011bleso 280&#215;1750 mm, b\u00edl\u00e1 mat IR184 Designov\u00fd radi\u00e1tor ve dvou barevn\u00fdch variant\u00e1ch a dvou rozm\u011brech. A\u010dkoliv m\u00e1 topen\u00ed st\u0159edov\u00e9 p\u0159ipojen\u00ed, lze u n\u011bj z\u00e1rove\u0148 pou\u017e\u00edt topn\u00e9 ty\u010de. Topn\u00e1 ty\u010d a p\u0159ipojovac\u00ed ventily nejsou sou\u010d\u00e1st\u00ed balen\u00ed \u00dast\u0159edn\u00ed vyt\u00e1p\u011bn\u00ed V p\u0159\u00edpad\u011b \u00fast\u0159edn\u00edho vyt\u00e1p\u011bn\u00ed je d\u016fle\u017eit\u00fd v\u00fdb\u011br p\u0159ipojovac\u00ed sady ventil\u016f. Na v\u00fdb\u011br je pou\u017eit\u00ed ru\u010dn\u00edho [&hellip;]","og_url":"https:\/\/www.oknobuild.com\/index.php\/produkt\/sapho-block-otopne-teleso-280x1750-mm-bila-mat-ir184-akce-14556\/","og_image":[{"width":122,"height":800,"url":"https:\/\/www.oknobuild.com\/wp-content\/uploads\/2026\/SK0015527-CZ20260425-093041-0-1777080643-41f151258072eec03a42c262c84cd7c3.webp","type":"image\/webp"}],"twitter_card":"summary_large_image","twitter_misc":{"Odhadovan\u00e1 doba \u010dten\u00ed":"3 minuty"},"schema":{"@context":"https:\/\/schema.org","@graph":[{"@type":"WebPage","@id":"https:\/\/www.oknobuild.com\/index.php\/produkt\/sapho-block-otopne-teleso-280x1750-mm-bila-mat-ir184-akce-14556\/","url":"https:\/\/www.oknobuild.com\/index.php\/produkt\/sapho-block-otopne-teleso-280x1750-mm-bila-mat-ir184-akce-14556\/","name":"Sapho BLOCK otopn\u00e9 t\u011bleso 280x1750 mm, b\u00edl\u00e1 mat IR184 Akce -","isPartOf":{"@id":"https:\/\/www.oknobuild.com\/#website"},"primaryImageOfPage":{"@id":"https:\/\/www.oknobuild.com\/index.php\/produkt\/sapho-block-otopne-teleso-280x1750-mm-bila-mat-ir184-akce-14556\/#primaryimage"},"image":{"@id":"https:\/\/www.oknobuild.com\/index.php\/produkt\/sapho-block-otopne-teleso-280x1750-mm-bila-mat-ir184-akce-14556\/#primaryimage"},"thumbnailUrl":"https:\/\/www.oknobuild.com\/wp-content\/uploads\/2026\/SK0015527-CZ20260425-093041-0-1777080643-41f151258072eec03a42c262c84cd7c3.webp","datePublished":"2026-04-27T04:41:09+00:00","breadcrumb":{"@id":"https:\/\/www.oknobuild.com\/index.php\/produkt\/sapho-block-otopne-teleso-280x1750-mm-bila-mat-ir184-akce-14556\/#breadcrumb"},"inLanguage":"cs","potentialAction":[{"@type":"ReadAction","target":["https:\/\/www.oknobuild.com\/index.php\/produkt\/sapho-block-otopne-teleso-280x1750-mm-bila-mat-ir184-akce-14556\/"]}]},{"@type":"ImageObject","inLanguage":"cs","@id":"https:\/\/www.oknobuild.com\/index.php\/produkt\/sapho-block-otopne-teleso-280x1750-mm-bila-mat-ir184-akce-14556\/#primaryimage","url":"https:\/\/www.oknobuild.com\/wp-content\/uploads\/2026\/SK0015527-CZ20260425-093041-0-1777080643-41f151258072eec03a42c262c84cd7c3.webp","contentUrl":"https:\/\/www.oknobuild.com\/wp-content\/uploads\/2026\/SK0015527-CZ20260425-093041-0-1777080643-41f151258072eec03a42c262c84cd7c3.webp","width":122,"height":800},{"@type":"BreadcrumbList","@id":"https:\/\/www.oknobuild.com\/index.php\/produkt\/sapho-block-otopne-teleso-280x1750-mm-bila-mat-ir184-akce-14556\/#breadcrumb","itemListElement":[{"@type":"ListItem","position":1,"name":"Home","item":"https:\/\/www.oknobuild.com\/"},{"@type":"ListItem","position":2,"name":"Products","item":"https:\/\/www.oknobuild.com\/index.php\/products\/"},{"@type":"ListItem","position":3,"name":"Sapho BLOCK otopn\u00e9 t\u011bleso 280&#215;1750 mm, b\u00edl\u00e1 mat IR184 Akce"}]},{"@type":"WebSite","@id":"https:\/\/www.oknobuild.com\/#website","url":"https:\/\/www.oknobuild.com\/","name":"","description":"","potentialAction":[{"@type":"SearchAction","target":{"@type":"EntryPoint","urlTemplate":"https:\/\/www.oknobuild.com\/?s={search_term_string}"},"query-input":{"@type":"PropertyValueSpecification","valueRequired":true,"valueName":"search_term_string"}}],"inLanguage":"cs"}]}},"_links":{"self":[{"href":"https:\/\/www.oknobuild.com\/index.php\/wp-json\/wp\/v2\/product\/14556","targetHints":{"allow":["GET"]}}],"collection":[{"href":"https:\/\/www.oknobuild.com\/index.php\/wp-json\/wp\/v2\/product"}],"about":[{"href":"https:\/\/www.oknobuild.com\/index.php\/wp-json\/wp\/v2\/types\/product"}],"replies":[{"embeddable":true,"href":"https:\/\/www.oknobuild.com\/index.php\/wp-json\/wp\/v2\/comments?post=14556"}],"wp:featuredmedia":[{"embeddable":true,"href":"https:\/\/www.oknobuild.com\/index.php\/wp-json\/wp\/v2\/media\/14656"}],"wp:attachment":[{"href":"https:\/\/www.oknobuild.com\/index.php\/wp-json\/wp\/v2\/media?parent=14556"}],"wp:term":[{"taxonomy":"product_brand","embeddable":true,"href":"https:\/\/www.oknobuild.com\/index.php\/wp-json\/wp\/v2\/product_brand?post=14556"},{"taxonomy":"product_cat","embeddable":true,"href":"https:\/\/www.oknobuild.com\/index.php\/wp-json\/wp\/v2\/product_cat?post=14556"},{"taxonomy":"product_tag","embeddable":true,"href":"https:\/\/www.oknobuild.com\/index.php\/wp-json\/wp\/v2\/product_tag?post=14556"}],"curies":[{"name":"wp","href":"https:\/\/api.w.org\/{rel}","templated":true}]}}