{"id":14561,"date":"2026-04-27T04:41:09","date_gmt":"2026-04-27T04:41:09","guid":{"rendered":""},"modified":"2026-04-27T04:41:09","modified_gmt":"2026-04-27T04:41:09","slug":"must-have-sapho-solaris-stojankova-bidetova-baterie-bez-vypusti-chrom-wd003-14561","status":"publish","type":"product","link":"https:\/\/www.oknobuild.com\/index.php\/produkt\/must-have-sapho-solaris-stojankova-bidetova-baterie-bez-vypusti-chrom-wd003-14561\/","title":{"rendered":"Must-Have Sapho SOLARIS stoj\u00e1nkov\u00e1 bidetov\u00e1 baterie bez v\u00fdpusti, chrom WD003"},"content":{"rendered":"<div class=\"tabs__content-outer\" id=\"tab_description\" data-hash=\"description\" data-tabindex=\"-1\">\n<div class=\"tabs__content toggle_description\" id=\"content_description\">\n<div class=\"wysiwyg-content\">\n<div class=\"product__tab product__description full-width\">\n<div class=\"container\">\n<div >\n<h3>Sapho SOLARIS stoj\u00e1nkov\u00e1 bidetov\u00e1 baterie bez v\u00fdpusti, chrom WD003<\/h3>\n<p style=\"text-align: justify;\">\u0160t\u00edhl\u00e9 t\u011blo baterie dopln\u011bn\u00e9 o detaily v industri\u00e1ln\u00edm stylu &#8211; to je s\u00e9rie SOLARIS. Vysoce le\u0161t\u011bn\u00fd chromov\u00fd povrch v minimalistick\u00e9m designu se bez probl\u00e9m\u016f za\u010dlen\u00ed do jak\u00e9hokoli interi\u00e9ru koupelny. Elegantn\u00ed matn\u011b \u010dern\u00e1 povrchov\u00e1 \u00faprava bude zase skv\u011blou volbou pro koupelnu industri\u00e1ln\u011b lad\u011bnou. S\u00e9rie zahrnuje i nab\u00eddku rukojet\u00ed v dekoru zlato mat a r\u016f\u017eov\u00e9 zlato mat (nelze pou\u017e\u00edt pro podom\u00edtkov\u00e9 sprchov\u00e9 termostatick\u00e9 baterie), kterou lze o\u017eivit zd\u00e1nliv\u011b chladn\u00fd technick\u00fd design bateri\u00ed.<\/p>\n<p><\/p>\n<p><b>Vlastnosti<\/b><\/p>\n<ul>\n<li><span>Materi\u00e1l:<\/span> Mosaz<\/li>\n<li><span>Barva:<\/span> St\u0159\u00edbrn\u00e1<\/li>\n<li><span>Instalace:<\/span> Stoj\u00e1nkov\u00e1<\/li>\n<li><span>Tvar:<\/span> Kruhov\u00e9<\/li>\n<li><span>V\u00fd\u0161ka:<\/span> 170 mm<\/li>\n<li><span>Druh ovl\u00e1d\u00e1n\u00ed:<\/span> P\u00e1ka<\/li>\n<li><span>Pr\u016fm\u011br kartu\u0161e:<\/span> 25 mm<\/li>\n<\/ul>\n<\/div><\/div>\n<\/p><\/div>\n<\/p><\/div>\n<\/p><\/div>\n","protected":false},"excerpt":{"rendered":"<p>Sapho SOLARIS stoj\u00e1nkov\u00e1 bidetov\u00e1 baterie bez v\u00fdpusti, chrom WD003 \u0160t\u00edhl\u00e9 t\u011blo baterie dopln\u011bn\u00e9 o detaily v industri\u00e1ln\u00edm stylu &#8211; to je s\u00e9rie SOLARIS. Vysoce le\u0161t\u011bn\u00fd chromov\u00fd povrch v minimalistick\u00e9m designu se bez probl\u00e9m\u016f za\u010dlen\u00ed do jak\u00e9hokoli interi\u00e9ru koupelny. Elegantn\u00ed matn\u011b \u010dern\u00e1 povrchov\u00e1 \u00faprava bude zase skv\u011blou volbou pro koupelnu industri\u00e1ln\u011b lad\u011bnou. S\u00e9rie zahrnuje i nab\u00eddku [&hellip;]<\/p>\n","protected":false},"featured_media":14661,"comment_status":"open","ping_status":"open","template":"","meta":[],"product_brand":[],"product_cat":[71],"product_tag":[],"class_list":{"0":"post-14561","1":"product","2":"type-product","3":"status-publish","4":"has-post-thumbnail","6":"product_cat-koupelna","8":"first","9":"instock","10":"sale","11":"shipping-taxable","12":"purchasable","13":"product-type-simple"},"yoast_head":"<!-- This site is optimized with the Yoast SEO plugin v26.8 - https:\/\/yoast.com\/product\/yoast-seo-wordpress\/ -->\n<title>Must-Have Sapho SOLARIS stoj\u00e1nkov\u00e1 bidetov\u00e1 baterie bez v\u00fdpusti, chrom WD003 -<\/title>\n<meta name=\"robots\" content=\"index, follow, max-snippet:-1, max-image-preview:large, max-video-preview:-1\" \/>\n<link rel=\"canonical\" href=\"https:\/\/www.oknobuild.com\/index.php\/produkt\/must-have-sapho-solaris-stojankova-bidetova-baterie-bez-vypusti-chrom-wd003-14561\/\" \/>\n<meta property=\"og:locale\" content=\"cs_CZ\" \/>\n<meta property=\"og:type\" content=\"article\" \/>\n<meta property=\"og:title\" content=\"Must-Have Sapho SOLARIS stoj\u00e1nkov\u00e1 bidetov\u00e1 baterie bez v\u00fdpusti, chrom WD003 -\" \/>\n<meta property=\"og:description\" content=\"Sapho SOLARIS stoj\u00e1nkov\u00e1 bidetov\u00e1 baterie bez v\u00fdpusti, chrom WD003 \u0160t\u00edhl\u00e9 t\u011blo baterie dopln\u011bn\u00e9 o detaily v industri\u00e1ln\u00edm stylu &#8211; to je s\u00e9rie SOLARIS. Vysoce le\u0161t\u011bn\u00fd chromov\u00fd povrch v minimalistick\u00e9m designu se bez probl\u00e9m\u016f za\u010dlen\u00ed do jak\u00e9hokoli interi\u00e9ru koupelny. Elegantn\u00ed matn\u011b \u010dern\u00e1 povrchov\u00e1 \u00faprava bude zase skv\u011blou volbou pro koupelnu industri\u00e1ln\u011b lad\u011bnou. S\u00e9rie zahrnuje i nab\u00eddku [&hellip;]\" \/>\n<meta property=\"og:url\" content=\"https:\/\/www.oknobuild.com\/index.php\/produkt\/must-have-sapho-solaris-stojankova-bidetova-baterie-bez-vypusti-chrom-wd003-14561\/\" \/>\n<meta property=\"og:image\" content=\"https:\/\/www.oknobuild.com\/wp-content\/uploads\/2026\/SK0015532-CZ20260425-093041-0-1777080643-0eccc9a64bef4c1c1c73cb347bbc28c2.webp\" \/>\n\t<meta property=\"og:image:width\" content=\"626\" \/>\n\t<meta property=\"og:image:height\" content=\"800\" \/>\n\t<meta property=\"og:image:type\" content=\"image\/webp\" \/>\n<meta name=\"twitter:card\" content=\"summary_large_image\" \/>\n<meta name=\"twitter:label1\" content=\"Odhadovan\u00e1 doba \u010dten\u00ed\" \/>\n\t<meta name=\"twitter:data1\" content=\"1 minuta\" \/>\n<script type=\"application\/ld+json\" class=\"yoast-schema-graph\">{\"@context\":\"https:\/\/schema.org\",\"@graph\":[{\"@type\":\"WebPage\",\"@id\":\"https:\/\/www.oknobuild.com\/index.php\/produkt\/must-have-sapho-solaris-stojankova-bidetova-baterie-bez-vypusti-chrom-wd003-14561\/\",\"url\":\"https:\/\/www.oknobuild.com\/index.php\/produkt\/must-have-sapho-solaris-stojankova-bidetova-baterie-bez-vypusti-chrom-wd003-14561\/\",\"name\":\"Must-Have Sapho SOLARIS stoj\u00e1nkov\u00e1 bidetov\u00e1 baterie bez v\u00fdpusti, chrom WD003 -\",\"isPartOf\":{\"@id\":\"https:\/\/www.oknobuild.com\/#website\"},\"primaryImageOfPage\":{\"@id\":\"https:\/\/www.oknobuild.com\/index.php\/produkt\/must-have-sapho-solaris-stojankova-bidetova-baterie-bez-vypusti-chrom-wd003-14561\/#primaryimage\"},\"image\":{\"@id\":\"https:\/\/www.oknobuild.com\/index.php\/produkt\/must-have-sapho-solaris-stojankova-bidetova-baterie-bez-vypusti-chrom-wd003-14561\/#primaryimage\"},\"thumbnailUrl\":\"https:\/\/www.oknobuild.com\/wp-content\/uploads\/2026\/SK0015532-CZ20260425-093041-0-1777080643-0eccc9a64bef4c1c1c73cb347bbc28c2.webp\",\"datePublished\":\"2026-04-27T04:41:09+00:00\",\"breadcrumb\":{\"@id\":\"https:\/\/www.oknobuild.com\/index.php\/produkt\/must-have-sapho-solaris-stojankova-bidetova-baterie-bez-vypusti-chrom-wd003-14561\/#breadcrumb\"},\"inLanguage\":\"cs\",\"potentialAction\":[{\"@type\":\"ReadAction\",\"target\":[\"https:\/\/www.oknobuild.com\/index.php\/produkt\/must-have-sapho-solaris-stojankova-bidetova-baterie-bez-vypusti-chrom-wd003-14561\/\"]}]},{\"@type\":\"ImageObject\",\"inLanguage\":\"cs\",\"@id\":\"https:\/\/www.oknobuild.com\/index.php\/produkt\/must-have-sapho-solaris-stojankova-bidetova-baterie-bez-vypusti-chrom-wd003-14561\/#primaryimage\",\"url\":\"https:\/\/www.oknobuild.com\/wp-content\/uploads\/2026\/SK0015532-CZ20260425-093041-0-1777080643-0eccc9a64bef4c1c1c73cb347bbc28c2.webp\",\"contentUrl\":\"https:\/\/www.oknobuild.com\/wp-content\/uploads\/2026\/SK0015532-CZ20260425-093041-0-1777080643-0eccc9a64bef4c1c1c73cb347bbc28c2.webp\",\"width\":626,\"height\":800},{\"@type\":\"BreadcrumbList\",\"@id\":\"https:\/\/www.oknobuild.com\/index.php\/produkt\/must-have-sapho-solaris-stojankova-bidetova-baterie-bez-vypusti-chrom-wd003-14561\/#breadcrumb\",\"itemListElement\":[{\"@type\":\"ListItem\",\"position\":1,\"name\":\"Home\",\"item\":\"https:\/\/www.oknobuild.com\/\"},{\"@type\":\"ListItem\",\"position\":2,\"name\":\"Products\",\"item\":\"https:\/\/www.oknobuild.com\/index.php\/products\/\"},{\"@type\":\"ListItem\",\"position\":3,\"name\":\"Must-Have Sapho SOLARIS stoj\u00e1nkov\u00e1 bidetov\u00e1 baterie bez v\u00fdpusti, chrom WD003\"}]},{\"@type\":\"WebSite\",\"@id\":\"https:\/\/www.oknobuild.com\/#website\",\"url\":\"https:\/\/www.oknobuild.com\/\",\"name\":\"\",\"description\":\"\",\"potentialAction\":[{\"@type\":\"SearchAction\",\"target\":{\"@type\":\"EntryPoint\",\"urlTemplate\":\"https:\/\/www.oknobuild.com\/?s={search_term_string}\"},\"query-input\":{\"@type\":\"PropertyValueSpecification\",\"valueRequired\":true,\"valueName\":\"search_term_string\"}}],\"inLanguage\":\"cs\"}]}<\/script>\n<!-- \/ Yoast SEO plugin. -->","yoast_head_json":{"title":"Must-Have Sapho SOLARIS stoj\u00e1nkov\u00e1 bidetov\u00e1 baterie bez v\u00fdpusti, chrom WD003 -","robots":{"index":"index","follow":"follow","max-snippet":"max-snippet:-1","max-image-preview":"max-image-preview:large","max-video-preview":"max-video-preview:-1"},"canonical":"https:\/\/www.oknobuild.com\/index.php\/produkt\/must-have-sapho-solaris-stojankova-bidetova-baterie-bez-vypusti-chrom-wd003-14561\/","og_locale":"cs_CZ","og_type":"article","og_title":"Must-Have Sapho SOLARIS stoj\u00e1nkov\u00e1 bidetov\u00e1 baterie bez v\u00fdpusti, chrom WD003 -","og_description":"Sapho SOLARIS stoj\u00e1nkov\u00e1 bidetov\u00e1 baterie bez v\u00fdpusti, chrom WD003 \u0160t\u00edhl\u00e9 t\u011blo baterie dopln\u011bn\u00e9 o detaily v industri\u00e1ln\u00edm stylu &#8211; to je s\u00e9rie SOLARIS. Vysoce le\u0161t\u011bn\u00fd chromov\u00fd povrch v minimalistick\u00e9m designu se bez probl\u00e9m\u016f za\u010dlen\u00ed do jak\u00e9hokoli interi\u00e9ru koupelny. Elegantn\u00ed matn\u011b \u010dern\u00e1 povrchov\u00e1 \u00faprava bude zase skv\u011blou volbou pro koupelnu industri\u00e1ln\u011b lad\u011bnou. S\u00e9rie zahrnuje i nab\u00eddku [&hellip;]","og_url":"https:\/\/www.oknobuild.com\/index.php\/produkt\/must-have-sapho-solaris-stojankova-bidetova-baterie-bez-vypusti-chrom-wd003-14561\/","og_image":[{"width":626,"height":800,"url":"https:\/\/www.oknobuild.com\/wp-content\/uploads\/2026\/SK0015532-CZ20260425-093041-0-1777080643-0eccc9a64bef4c1c1c73cb347bbc28c2.webp","type":"image\/webp"}],"twitter_card":"summary_large_image","twitter_misc":{"Odhadovan\u00e1 doba \u010dten\u00ed":"1 minuta"},"schema":{"@context":"https:\/\/schema.org","@graph":[{"@type":"WebPage","@id":"https:\/\/www.oknobuild.com\/index.php\/produkt\/must-have-sapho-solaris-stojankova-bidetova-baterie-bez-vypusti-chrom-wd003-14561\/","url":"https:\/\/www.oknobuild.com\/index.php\/produkt\/must-have-sapho-solaris-stojankova-bidetova-baterie-bez-vypusti-chrom-wd003-14561\/","name":"Must-Have Sapho SOLARIS stoj\u00e1nkov\u00e1 bidetov\u00e1 baterie bez v\u00fdpusti, chrom WD003 -","isPartOf":{"@id":"https:\/\/www.oknobuild.com\/#website"},"primaryImageOfPage":{"@id":"https:\/\/www.oknobuild.com\/index.php\/produkt\/must-have-sapho-solaris-stojankova-bidetova-baterie-bez-vypusti-chrom-wd003-14561\/#primaryimage"},"image":{"@id":"https:\/\/www.oknobuild.com\/index.php\/produkt\/must-have-sapho-solaris-stojankova-bidetova-baterie-bez-vypusti-chrom-wd003-14561\/#primaryimage"},"thumbnailUrl":"https:\/\/www.oknobuild.com\/wp-content\/uploads\/2026\/SK0015532-CZ20260425-093041-0-1777080643-0eccc9a64bef4c1c1c73cb347bbc28c2.webp","datePublished":"2026-04-27T04:41:09+00:00","breadcrumb":{"@id":"https:\/\/www.oknobuild.com\/index.php\/produkt\/must-have-sapho-solaris-stojankova-bidetova-baterie-bez-vypusti-chrom-wd003-14561\/#breadcrumb"},"inLanguage":"cs","potentialAction":[{"@type":"ReadAction","target":["https:\/\/www.oknobuild.com\/index.php\/produkt\/must-have-sapho-solaris-stojankova-bidetova-baterie-bez-vypusti-chrom-wd003-14561\/"]}]},{"@type":"ImageObject","inLanguage":"cs","@id":"https:\/\/www.oknobuild.com\/index.php\/produkt\/must-have-sapho-solaris-stojankova-bidetova-baterie-bez-vypusti-chrom-wd003-14561\/#primaryimage","url":"https:\/\/www.oknobuild.com\/wp-content\/uploads\/2026\/SK0015532-CZ20260425-093041-0-1777080643-0eccc9a64bef4c1c1c73cb347bbc28c2.webp","contentUrl":"https:\/\/www.oknobuild.com\/wp-content\/uploads\/2026\/SK0015532-CZ20260425-093041-0-1777080643-0eccc9a64bef4c1c1c73cb347bbc28c2.webp","width":626,"height":800},{"@type":"BreadcrumbList","@id":"https:\/\/www.oknobuild.com\/index.php\/produkt\/must-have-sapho-solaris-stojankova-bidetova-baterie-bez-vypusti-chrom-wd003-14561\/#breadcrumb","itemListElement":[{"@type":"ListItem","position":1,"name":"Home","item":"https:\/\/www.oknobuild.com\/"},{"@type":"ListItem","position":2,"name":"Products","item":"https:\/\/www.oknobuild.com\/index.php\/products\/"},{"@type":"ListItem","position":3,"name":"Must-Have Sapho SOLARIS stoj\u00e1nkov\u00e1 bidetov\u00e1 baterie bez v\u00fdpusti, chrom WD003"}]},{"@type":"WebSite","@id":"https:\/\/www.oknobuild.com\/#website","url":"https:\/\/www.oknobuild.com\/","name":"","description":"","potentialAction":[{"@type":"SearchAction","target":{"@type":"EntryPoint","urlTemplate":"https:\/\/www.oknobuild.com\/?s={search_term_string}"},"query-input":{"@type":"PropertyValueSpecification","valueRequired":true,"valueName":"search_term_string"}}],"inLanguage":"cs"}]}},"_links":{"self":[{"href":"https:\/\/www.oknobuild.com\/index.php\/wp-json\/wp\/v2\/product\/14561","targetHints":{"allow":["GET"]}}],"collection":[{"href":"https:\/\/www.oknobuild.com\/index.php\/wp-json\/wp\/v2\/product"}],"about":[{"href":"https:\/\/www.oknobuild.com\/index.php\/wp-json\/wp\/v2\/types\/product"}],"replies":[{"embeddable":true,"href":"https:\/\/www.oknobuild.com\/index.php\/wp-json\/wp\/v2\/comments?post=14561"}],"wp:featuredmedia":[{"embeddable":true,"href":"https:\/\/www.oknobuild.com\/index.php\/wp-json\/wp\/v2\/media\/14661"}],"wp:attachment":[{"href":"https:\/\/www.oknobuild.com\/index.php\/wp-json\/wp\/v2\/media?parent=14561"}],"wp:term":[{"taxonomy":"product_brand","embeddable":true,"href":"https:\/\/www.oknobuild.com\/index.php\/wp-json\/wp\/v2\/product_brand?post=14561"},{"taxonomy":"product_cat","embeddable":true,"href":"https:\/\/www.oknobuild.com\/index.php\/wp-json\/wp\/v2\/product_cat?post=14561"},{"taxonomy":"product_tag","embeddable":true,"href":"https:\/\/www.oknobuild.com\/index.php\/wp-json\/wp\/v2\/product_tag?post=14561"}],"curies":[{"name":"wp","href":"https:\/\/api.w.org\/{rel}","templated":true}]}}