{"id":14571,"date":"2026-04-27T04:41:09","date_gmt":"2026-04-27T04:41:09","guid":{"rendered":""},"modified":"2026-04-27T04:41:09","modified_gmt":"2026-04-27T04:41:09","slug":"zlevneny-kerasan-waldorf-keramicke-umyvadlo-80x55cm-3-otvory-bila-4141k1-3-14571","status":"publish","type":"product","link":"https:\/\/www.oknobuild.com\/index.php\/produkt\/zlevneny-kerasan-waldorf-keramicke-umyvadlo-80x55cm-3-otvory-bila-4141k1-3-14571\/","title":{"rendered":"Zlevn\u011bn\u00fd Kerasan WALDORF keramick\u00e9 umyvadlo 80x55cm, 3 otvory, b\u00edl\u00e1 4141K1-3"},"content":{"rendered":"<div class=\"tabs__content-outer\" id=\"tab_description\" data-hash=\"description\" data-tabindex=\"-1\">\n<div class=\"tabs__content toggle_description\" id=\"content_description\">\n<div class=\"wysiwyg-content\">\n<div class=\"product__tab product__description full-width\">\n<div class=\"container\">\n<div >\n<h3>Kerasan WALDORF keramick\u00e9 umyvadlo 80x55cm, 3 otvory, b\u00edl\u00e1 4141K1-3<\/h3>\n<p style=\"text-align: justify;\">Luxus po\u010d\u00e1tku dvac\u00e1t\u00e9ho stolet\u00ed, novogotick\u00e1 architektura v\u00a0Americe, vzne\u0161en\u00e9 a elegantn\u00ed linie: to je pouze p\u00e1r z\u00a0mnoha asociac\u00ed, kter\u00e9 n\u00e1zev WALDORF vyvol\u00e1v\u00e1. Kerasan znovu zpracoval tyto inspirace a vytvo\u0159il luxusn\u00ed kolekci sanit\u00e1rn\u00ed keramiky vysok\u00e9 kvality, kterou je ide\u00e1ln\u00ed kombinovat v\u00a0modern\u00edm i\u00a0klasick\u00e9m stylu. Charakteristick\u00fdmi prvky jsou obd\u00e9ln\u00edkov\u00fd tvar, kter\u00fd je zm\u011bk\u010den zaoblen\u00fdmi rohy a nav\u00edc hrany s\u00a0dvojitou tlou\u0161\u0165kou, kter\u00e9 p\u0159ipom\u00ednaj\u00ed klasick\u00fd a monument\u00e1ln\u00ed styl. S\u00e9rie WALDORF zahrnuje prvky pro kompletn\u00ed koupelnu. Stylovou zaj\u00edmavost\u00ed je u umyvadel vodorovn\u011b um\u00edst\u011bn\u00fd p\u0159epadov\u00fd otvor s ozdobn\u00fdm zakon\u010den\u00edm.<\/p>\n<p> <\/p>\n<p><strong>Vlastnosti<\/strong><\/p>\n<ul>\n<li><span>Materi\u00e1l:<\/span> Keramika<\/li>\n<li><span>Barva:<\/span> B\u00edl\u00e1<\/li>\n<li><span>Instalace:<\/span> N\u00e1st\u011bnn\u00e1-\u0161rouby<\/li>\n<li><span>P\u0159epad:<\/span> Ano<\/li>\n<li><span>Tvar:<\/span> Retro<\/li>\n<li><span>Otvor pro baterii:<\/span> 3 otvory<\/li>\n<li><span>Rozm\u011br:<\/span> 80&#215;55 cm<\/li>\n<li><span>\u0160\u00ed\u0159ka:<\/span> 800 mm<\/li>\n<li><span>Hloubka:<\/span> 550 mm<\/li>\n<li><span>Typ umyvadla:<\/span> Klasick\u00e9 umyvadlo<\/li>\n<\/ul>\n<\/div><\/div>\n<\/p><\/div>\n<\/p><\/div>\n<\/p><\/div>\n","protected":false},"excerpt":{"rendered":"<p>Kerasan WALDORF keramick\u00e9 umyvadlo 80x55cm, 3 otvory, b\u00edl\u00e1 4141K1-3 Luxus po\u010d\u00e1tku dvac\u00e1t\u00e9ho stolet\u00ed, novogotick\u00e1 architektura v\u00a0Americe, vzne\u0161en\u00e9 a elegantn\u00ed linie: to je pouze p\u00e1r z\u00a0mnoha asociac\u00ed, kter\u00e9 n\u00e1zev WALDORF vyvol\u00e1v\u00e1. Kerasan znovu zpracoval tyto inspirace a vytvo\u0159il luxusn\u00ed kolekci sanit\u00e1rn\u00ed keramiky vysok\u00e9 kvality, kterou je ide\u00e1ln\u00ed kombinovat v\u00a0modern\u00edm i\u00a0klasick\u00e9m stylu. Charakteristick\u00fdmi prvky jsou obd\u00e9ln\u00edkov\u00fd tvar, [&hellip;]<\/p>\n","protected":false},"featured_media":14671,"comment_status":"open","ping_status":"open","template":"","meta":[],"product_brand":[],"product_cat":[71],"product_tag":[],"class_list":{"0":"post-14571","1":"product","2":"type-product","3":"status-publish","4":"has-post-thumbnail","6":"product_cat-koupelna","8":"first","9":"instock","10":"sale","11":"shipping-taxable","12":"purchasable","13":"product-type-simple"},"yoast_head":"<!-- This site is optimized with the Yoast SEO plugin v26.8 - https:\/\/yoast.com\/product\/yoast-seo-wordpress\/ -->\n<title>Zlevn\u011bn\u00fd Kerasan WALDORF keramick\u00e9 umyvadlo 80x55cm, 3 otvory, b\u00edl\u00e1 4141K1-3 -<\/title>\n<meta name=\"robots\" content=\"index, follow, max-snippet:-1, max-image-preview:large, max-video-preview:-1\" \/>\n<link rel=\"canonical\" href=\"https:\/\/www.oknobuild.com\/index.php\/produkt\/zlevneny-kerasan-waldorf-keramicke-umyvadlo-80x55cm-3-otvory-bila-4141k1-3-14571\/\" \/>\n<meta property=\"og:locale\" content=\"cs_CZ\" \/>\n<meta property=\"og:type\" content=\"article\" \/>\n<meta property=\"og:title\" content=\"Zlevn\u011bn\u00fd Kerasan WALDORF keramick\u00e9 umyvadlo 80x55cm, 3 otvory, b\u00edl\u00e1 4141K1-3 -\" \/>\n<meta property=\"og:description\" content=\"Kerasan WALDORF keramick\u00e9 umyvadlo 80x55cm, 3 otvory, b\u00edl\u00e1 4141K1-3 Luxus po\u010d\u00e1tku dvac\u00e1t\u00e9ho stolet\u00ed, novogotick\u00e1 architektura v\u00a0Americe, vzne\u0161en\u00e9 a elegantn\u00ed linie: to je pouze p\u00e1r z\u00a0mnoha asociac\u00ed, kter\u00e9 n\u00e1zev WALDORF vyvol\u00e1v\u00e1. Kerasan znovu zpracoval tyto inspirace a vytvo\u0159il luxusn\u00ed kolekci sanit\u00e1rn\u00ed keramiky vysok\u00e9 kvality, kterou je ide\u00e1ln\u00ed kombinovat v\u00a0modern\u00edm i\u00a0klasick\u00e9m stylu. Charakteristick\u00fdmi prvky jsou obd\u00e9ln\u00edkov\u00fd tvar, [&hellip;]\" \/>\n<meta property=\"og:url\" content=\"https:\/\/www.oknobuild.com\/index.php\/produkt\/zlevneny-kerasan-waldorf-keramicke-umyvadlo-80x55cm-3-otvory-bila-4141k1-3-14571\/\" \/>\n<meta property=\"og:image\" content=\"https:\/\/www.oknobuild.com\/wp-content\/uploads\/2026\/SK0015542-CZ20260425-093041-0-1777080643-21eb06314a6bb8eb362215080ec84c0f.webp\" \/>\n\t<meta property=\"og:image:width\" content=\"1000\" \/>\n\t<meta property=\"og:image:height\" content=\"522\" \/>\n\t<meta property=\"og:image:type\" content=\"image\/webp\" \/>\n<meta name=\"twitter:card\" content=\"summary_large_image\" \/>\n<meta name=\"twitter:label1\" content=\"Odhadovan\u00e1 doba \u010dten\u00ed\" \/>\n\t<meta name=\"twitter:data1\" content=\"1 minuta\" \/>\n<script type=\"application\/ld+json\" class=\"yoast-schema-graph\">{\"@context\":\"https:\/\/schema.org\",\"@graph\":[{\"@type\":\"WebPage\",\"@id\":\"https:\/\/www.oknobuild.com\/index.php\/produkt\/zlevneny-kerasan-waldorf-keramicke-umyvadlo-80x55cm-3-otvory-bila-4141k1-3-14571\/\",\"url\":\"https:\/\/www.oknobuild.com\/index.php\/produkt\/zlevneny-kerasan-waldorf-keramicke-umyvadlo-80x55cm-3-otvory-bila-4141k1-3-14571\/\",\"name\":\"Zlevn\u011bn\u00fd Kerasan WALDORF keramick\u00e9 umyvadlo 80x55cm, 3 otvory, b\u00edl\u00e1 4141K1-3 -\",\"isPartOf\":{\"@id\":\"https:\/\/www.oknobuild.com\/#website\"},\"primaryImageOfPage\":{\"@id\":\"https:\/\/www.oknobuild.com\/index.php\/produkt\/zlevneny-kerasan-waldorf-keramicke-umyvadlo-80x55cm-3-otvory-bila-4141k1-3-14571\/#primaryimage\"},\"image\":{\"@id\":\"https:\/\/www.oknobuild.com\/index.php\/produkt\/zlevneny-kerasan-waldorf-keramicke-umyvadlo-80x55cm-3-otvory-bila-4141k1-3-14571\/#primaryimage\"},\"thumbnailUrl\":\"https:\/\/www.oknobuild.com\/wp-content\/uploads\/2026\/SK0015542-CZ20260425-093041-0-1777080643-21eb06314a6bb8eb362215080ec84c0f.webp\",\"datePublished\":\"2026-04-27T04:41:09+00:00\",\"breadcrumb\":{\"@id\":\"https:\/\/www.oknobuild.com\/index.php\/produkt\/zlevneny-kerasan-waldorf-keramicke-umyvadlo-80x55cm-3-otvory-bila-4141k1-3-14571\/#breadcrumb\"},\"inLanguage\":\"cs\",\"potentialAction\":[{\"@type\":\"ReadAction\",\"target\":[\"https:\/\/www.oknobuild.com\/index.php\/produkt\/zlevneny-kerasan-waldorf-keramicke-umyvadlo-80x55cm-3-otvory-bila-4141k1-3-14571\/\"]}]},{\"@type\":\"ImageObject\",\"inLanguage\":\"cs\",\"@id\":\"https:\/\/www.oknobuild.com\/index.php\/produkt\/zlevneny-kerasan-waldorf-keramicke-umyvadlo-80x55cm-3-otvory-bila-4141k1-3-14571\/#primaryimage\",\"url\":\"https:\/\/www.oknobuild.com\/wp-content\/uploads\/2026\/SK0015542-CZ20260425-093041-0-1777080643-21eb06314a6bb8eb362215080ec84c0f.webp\",\"contentUrl\":\"https:\/\/www.oknobuild.com\/wp-content\/uploads\/2026\/SK0015542-CZ20260425-093041-0-1777080643-21eb06314a6bb8eb362215080ec84c0f.webp\",\"width\":1000,\"height\":522},{\"@type\":\"BreadcrumbList\",\"@id\":\"https:\/\/www.oknobuild.com\/index.php\/produkt\/zlevneny-kerasan-waldorf-keramicke-umyvadlo-80x55cm-3-otvory-bila-4141k1-3-14571\/#breadcrumb\",\"itemListElement\":[{\"@type\":\"ListItem\",\"position\":1,\"name\":\"Home\",\"item\":\"https:\/\/www.oknobuild.com\/\"},{\"@type\":\"ListItem\",\"position\":2,\"name\":\"Products\",\"item\":\"https:\/\/www.oknobuild.com\/index.php\/products\/\"},{\"@type\":\"ListItem\",\"position\":3,\"name\":\"Zlevn\u011bn\u00fd Kerasan WALDORF keramick\u00e9 umyvadlo 80x55cm, 3 otvory, b\u00edl\u00e1 4141K1-3\"}]},{\"@type\":\"WebSite\",\"@id\":\"https:\/\/www.oknobuild.com\/#website\",\"url\":\"https:\/\/www.oknobuild.com\/\",\"name\":\"\",\"description\":\"\",\"potentialAction\":[{\"@type\":\"SearchAction\",\"target\":{\"@type\":\"EntryPoint\",\"urlTemplate\":\"https:\/\/www.oknobuild.com\/?s={search_term_string}\"},\"query-input\":{\"@type\":\"PropertyValueSpecification\",\"valueRequired\":true,\"valueName\":\"search_term_string\"}}],\"inLanguage\":\"cs\"}]}<\/script>\n<!-- \/ Yoast SEO plugin. -->","yoast_head_json":{"title":"Zlevn\u011bn\u00fd Kerasan WALDORF keramick\u00e9 umyvadlo 80x55cm, 3 otvory, b\u00edl\u00e1 4141K1-3 -","robots":{"index":"index","follow":"follow","max-snippet":"max-snippet:-1","max-image-preview":"max-image-preview:large","max-video-preview":"max-video-preview:-1"},"canonical":"https:\/\/www.oknobuild.com\/index.php\/produkt\/zlevneny-kerasan-waldorf-keramicke-umyvadlo-80x55cm-3-otvory-bila-4141k1-3-14571\/","og_locale":"cs_CZ","og_type":"article","og_title":"Zlevn\u011bn\u00fd Kerasan WALDORF keramick\u00e9 umyvadlo 80x55cm, 3 otvory, b\u00edl\u00e1 4141K1-3 -","og_description":"Kerasan WALDORF keramick\u00e9 umyvadlo 80x55cm, 3 otvory, b\u00edl\u00e1 4141K1-3 Luxus po\u010d\u00e1tku dvac\u00e1t\u00e9ho stolet\u00ed, novogotick\u00e1 architektura v\u00a0Americe, vzne\u0161en\u00e9 a elegantn\u00ed linie: to je pouze p\u00e1r z\u00a0mnoha asociac\u00ed, kter\u00e9 n\u00e1zev WALDORF vyvol\u00e1v\u00e1. Kerasan znovu zpracoval tyto inspirace a vytvo\u0159il luxusn\u00ed kolekci sanit\u00e1rn\u00ed keramiky vysok\u00e9 kvality, kterou je ide\u00e1ln\u00ed kombinovat v\u00a0modern\u00edm i\u00a0klasick\u00e9m stylu. Charakteristick\u00fdmi prvky jsou obd\u00e9ln\u00edkov\u00fd tvar, [&hellip;]","og_url":"https:\/\/www.oknobuild.com\/index.php\/produkt\/zlevneny-kerasan-waldorf-keramicke-umyvadlo-80x55cm-3-otvory-bila-4141k1-3-14571\/","og_image":[{"width":1000,"height":522,"url":"https:\/\/www.oknobuild.com\/wp-content\/uploads\/2026\/SK0015542-CZ20260425-093041-0-1777080643-21eb06314a6bb8eb362215080ec84c0f.webp","type":"image\/webp"}],"twitter_card":"summary_large_image","twitter_misc":{"Odhadovan\u00e1 doba \u010dten\u00ed":"1 minuta"},"schema":{"@context":"https:\/\/schema.org","@graph":[{"@type":"WebPage","@id":"https:\/\/www.oknobuild.com\/index.php\/produkt\/zlevneny-kerasan-waldorf-keramicke-umyvadlo-80x55cm-3-otvory-bila-4141k1-3-14571\/","url":"https:\/\/www.oknobuild.com\/index.php\/produkt\/zlevneny-kerasan-waldorf-keramicke-umyvadlo-80x55cm-3-otvory-bila-4141k1-3-14571\/","name":"Zlevn\u011bn\u00fd Kerasan WALDORF keramick\u00e9 umyvadlo 80x55cm, 3 otvory, b\u00edl\u00e1 4141K1-3 -","isPartOf":{"@id":"https:\/\/www.oknobuild.com\/#website"},"primaryImageOfPage":{"@id":"https:\/\/www.oknobuild.com\/index.php\/produkt\/zlevneny-kerasan-waldorf-keramicke-umyvadlo-80x55cm-3-otvory-bila-4141k1-3-14571\/#primaryimage"},"image":{"@id":"https:\/\/www.oknobuild.com\/index.php\/produkt\/zlevneny-kerasan-waldorf-keramicke-umyvadlo-80x55cm-3-otvory-bila-4141k1-3-14571\/#primaryimage"},"thumbnailUrl":"https:\/\/www.oknobuild.com\/wp-content\/uploads\/2026\/SK0015542-CZ20260425-093041-0-1777080643-21eb06314a6bb8eb362215080ec84c0f.webp","datePublished":"2026-04-27T04:41:09+00:00","breadcrumb":{"@id":"https:\/\/www.oknobuild.com\/index.php\/produkt\/zlevneny-kerasan-waldorf-keramicke-umyvadlo-80x55cm-3-otvory-bila-4141k1-3-14571\/#breadcrumb"},"inLanguage":"cs","potentialAction":[{"@type":"ReadAction","target":["https:\/\/www.oknobuild.com\/index.php\/produkt\/zlevneny-kerasan-waldorf-keramicke-umyvadlo-80x55cm-3-otvory-bila-4141k1-3-14571\/"]}]},{"@type":"ImageObject","inLanguage":"cs","@id":"https:\/\/www.oknobuild.com\/index.php\/produkt\/zlevneny-kerasan-waldorf-keramicke-umyvadlo-80x55cm-3-otvory-bila-4141k1-3-14571\/#primaryimage","url":"https:\/\/www.oknobuild.com\/wp-content\/uploads\/2026\/SK0015542-CZ20260425-093041-0-1777080643-21eb06314a6bb8eb362215080ec84c0f.webp","contentUrl":"https:\/\/www.oknobuild.com\/wp-content\/uploads\/2026\/SK0015542-CZ20260425-093041-0-1777080643-21eb06314a6bb8eb362215080ec84c0f.webp","width":1000,"height":522},{"@type":"BreadcrumbList","@id":"https:\/\/www.oknobuild.com\/index.php\/produkt\/zlevneny-kerasan-waldorf-keramicke-umyvadlo-80x55cm-3-otvory-bila-4141k1-3-14571\/#breadcrumb","itemListElement":[{"@type":"ListItem","position":1,"name":"Home","item":"https:\/\/www.oknobuild.com\/"},{"@type":"ListItem","position":2,"name":"Products","item":"https:\/\/www.oknobuild.com\/index.php\/products\/"},{"@type":"ListItem","position":3,"name":"Zlevn\u011bn\u00fd Kerasan WALDORF keramick\u00e9 umyvadlo 80x55cm, 3 otvory, b\u00edl\u00e1 4141K1-3"}]},{"@type":"WebSite","@id":"https:\/\/www.oknobuild.com\/#website","url":"https:\/\/www.oknobuild.com\/","name":"","description":"","potentialAction":[{"@type":"SearchAction","target":{"@type":"EntryPoint","urlTemplate":"https:\/\/www.oknobuild.com\/?s={search_term_string}"},"query-input":{"@type":"PropertyValueSpecification","valueRequired":true,"valueName":"search_term_string"}}],"inLanguage":"cs"}]}},"_links":{"self":[{"href":"https:\/\/www.oknobuild.com\/index.php\/wp-json\/wp\/v2\/product\/14571","targetHints":{"allow":["GET"]}}],"collection":[{"href":"https:\/\/www.oknobuild.com\/index.php\/wp-json\/wp\/v2\/product"}],"about":[{"href":"https:\/\/www.oknobuild.com\/index.php\/wp-json\/wp\/v2\/types\/product"}],"replies":[{"embeddable":true,"href":"https:\/\/www.oknobuild.com\/index.php\/wp-json\/wp\/v2\/comments?post=14571"}],"wp:featuredmedia":[{"embeddable":true,"href":"https:\/\/www.oknobuild.com\/index.php\/wp-json\/wp\/v2\/media\/14671"}],"wp:attachment":[{"href":"https:\/\/www.oknobuild.com\/index.php\/wp-json\/wp\/v2\/media?parent=14571"}],"wp:term":[{"taxonomy":"product_brand","embeddable":true,"href":"https:\/\/www.oknobuild.com\/index.php\/wp-json\/wp\/v2\/product_brand?post=14571"},{"taxonomy":"product_cat","embeddable":true,"href":"https:\/\/www.oknobuild.com\/index.php\/wp-json\/wp\/v2\/product_cat?post=14571"},{"taxonomy":"product_tag","embeddable":true,"href":"https:\/\/www.oknobuild.com\/index.php\/wp-json\/wp\/v2\/product_tag?post=14571"}],"curies":[{"name":"wp","href":"https:\/\/api.w.org\/{rel}","templated":true}]}}