{"id":14572,"date":"2026-04-27T04:41:09","date_gmt":"2026-04-27T04:41:09","guid":{"rendered":""},"modified":"2026-04-27T04:41:09","modified_gmt":"2026-04-27T04:41:09","slug":"akce-sapho-mirro-galerka-s-led-osvetlenim-100x70x16cm-jilm-bardini-mc100-0013-14572","status":"publish","type":"product","link":"https:\/\/www.oknobuild.com\/index.php\/produkt\/akce-sapho-mirro-galerka-s-led-osvetlenim-100x70x16cm-jilm-bardini-mc100-0013-14572\/","title":{"rendered":"Akce Sapho MIRR\u00d3 galerka s LED osv\u011btlen\u00edm, 100x70x16cm, jilm bardini MC100-0013"},"content":{"rendered":"<div class=\"tabs__content-outer\" id=\"tab_description\" data-hash=\"description\" data-tabindex=\"-1\">\n<div class=\"tabs__content toggle_description\" id=\"content_description\">\n<div class=\"wysiwyg-content\">\n<div class=\"product__tab product__description full-width\">\n<div class=\"container\">\n<div >\n<h3>Sapho MIRR\u00d3 galerka s LED osv\u011btlen\u00edm, 100x70x16cm, jilm bardini MC100-0013<\/h3>\n<div>\n<ul>\n<li>6 v\u00fd\u0161kov\u011b nastaviteln\u00fdch sklen\u011bn\u00fdch polic<\/li>\n<li>panty BLUM s tlumen\u00edm Blumotion<\/li>\n<li>v cen\u011b LED osv\u011btlen\u00ed nad galerku<\/li>\n<li>kovov\u00e1 \u00fachytka pro snadn\u00e9 otv\u00edr\u00e1n\u00ed<\/li>\n<li>zapnut\u00ed\/vypnut\u00ed osv\u011btlen\u00ed p\u0159es extern\u00ed vyp\u00edna\u010d<\/li>\n<\/ul><\/div>\n<p style=\"text-align: justify;\">Galerky MIRR\u00d3 &#8211; dal\u0161\u00ed krok k\u00a0dokonal\u00e9mu designu. Vnit\u0159n\u00ed prostor galerek se sklen\u011bn\u00fdmi nastaviteln\u00fdmi policemi poskytuje dostatek m\u00edsta pro uskladn\u011bn\u00ed kosmetiky, hygienick\u00fdch pot\u0159eb i holic\u00edho strojku. Nav\u00edc i p\u0159i otev\u0159en\u00ed galerky m\u016f\u017eete pou\u017e\u00edvat zrcadlo d\u00edky oboustrann\u00fdm zrcadlov\u00fdm dv\u00ed\u0159k\u016fm. Dov\u00edr\u00e1n\u00ed dv\u00ed\u0159ek s dotahem zaji\u0161\u0165uje zna\u010dkov\u00e9 kov\u00e1n\u00ed BLUM s\u00a0do\u017eivotn\u00ed z\u00e1rukou. V\u00fdkonn\u00e9 LED osv\u011btlen\u00ed, elektrick\u00e1 z\u00e1suvka a designov\u00e1 \u00fachytka dv\u00ed\u0159ek ji\u017e jen dopl\u0148uj\u00ed funk\u010dnost a prakti\u010dnost. Nav\u00edc lze galerky kombinovat s\u00a0otev\u0159en\u00fdmi policemi RIWA.<br \/>Ke galerk\u00e1m lze objednat bezdotykov\u00fd senzor pro ovl\u00e1d\u00e1n\u00ed osv\u011btlen\u00ed. Senzor je um\u00edst\u011bn uprost\u0159ed spodn\u00ed \u010d\u00e1sti korpusu galerky.<br \/>Galerky nab\u00edz\u00edme v \u0161\u00ed\u0159k\u00e1ch 50, 60, 80, 90, 100 a 120 cm a v\u00a0barevn\u00fdch proveden\u00edch dle vzorn\u00edku.<\/p>\n<div class=\"product-explanation-item\">\n<h3>Lze vyrobit v tomto barevn\u00e9m proveden\u00ed:<\/h3>\n<p><strong>Cenov\u00e1 skupina A <\/strong>p\u0159\u00edplatek 0%<\/p>\n<div style=\"float: left; width: 16%; text-align: center;\">30 B\u00edl\u00e1 lesk<\/div>\n<div style=\"float: left; width: 16%; text-align: center;\">11 Dub st\u0159\u00edbrn\u00fd<\/div>\n<div style=\"float: left; width: 16%; text-align: center;\">16 Borovice rustik<\/div>\n<div style=\"float: left; width: 16%; text-align: center;\">22 Dub alabama<\/div>\n<div style=\"float: left; width: 36%; text-align: center;\">\u00a0<\/div>\n<div style=\"clear: both;\">\u00a0<\/div>\n<div style=\"float: left; width: 100%; text-align: center;\">\u00a0<\/div>\n<div style=\"clear: both;\">\u00a0<\/div>\n<p><strong>Cenov\u00e1 skupina B:<\/strong> p\u0159\u00edplatek 30%<\/p>\n<div style=\"float: left; width: 16%; text-align: center;\">10 Dub polar<\/div>\n<div style=\"float: left; width: 16%; text-align: center;\">12 Dub mocca<\/div>\n<div style=\"float: left; width: 16%; text-align: center;\">20 Dub texas<\/div>\n<div style=\"float: left; width: 16%; text-align: center;\">15 Dub sherwood<\/div>\n<div style=\"clear: both;\">\u00a0<\/div>\n<div style=\"float: left; width: 100%; text-align: center;\">\u00a0<\/div>\n<div style=\"clear: both;\">\u00a0<\/div>\n<div style=\"float: left; width: 16%; text-align: center;\">19 Dub collingwood<\/div>\n<div style=\"float: left; width: 16%; text-align: center;\">13 Jilm bardini<\/div>\n<div style=\"float: left; width: 16%; text-align: center;\">21 Mali wenge<\/div>\n<div style=\"float: left; width: 16%; text-align: center;\">17 O\u0159ech yosemite<\/div>\n<div style=\"float: left; width: 16%; text-align: center;\">18 Dub \u010dern\u00fd<\/div>\n<div style=\"clear: both;\">\u00a0<\/div>\n<div style=\"float: left; width: 100%; text-align: center;\">\u00a0<\/div>\n<div style=\"clear: both;\">\u00a0<\/div>\n<div style=\"float: left; width: 16%; text-align: center;\">31 B\u00edl\u00e1 mat<\/div>\n<div style=\"float: left; width: 16%; text-align: center;\">32 Ka\u0161m\u00edrov\u00e1 matn\u00e1<\/div>\n<div style=\"float: left; width: 16%; text-align: center;\">33 \u0160ed\u00e1 matn\u00e1<\/div>\n<div style=\"float: left; width: 16%; text-align: center;\">34 Antracit matn\u00fd<\/div>\n<div style=\"float: left; width: 16%; text-align: center;\">35 \u010cern\u00e1 matn\u00e1<\/div>\n<div style=\"clear: both;\">\u00a0<\/div>\n<div style=\"float: left; width: 100%; text-align: center;\">\u00a0<\/div>\n<div style=\"clear: both;\">\u00a0<\/div>\n<p><strong>Cenov\u00e1 skupina C:<\/strong> p\u0159\u00edplatek 50%<\/p>\n<div style=\"float: left; width: 16%; text-align: center;\">23 Dub alabama strip<br \/>(pouze dv\u00ed\u0159ka\/\u010delo)<\/div>\n<div style=\"clear: both;\">\u00a0<\/div>\n<p>jak\u00e1koliv barva dle vzorn\u00edku RAL nebo NCS v leskl\u00e9m nebo matn\u00e9m proveden\u00ed<\/p>\n<div style=\"float: left; width: 16%; text-align: center;\">RAL1019 \u0160edob\u00e9\u017eov\u00e1<\/div>\n<div style=\"float: left; width: 16%; text-align: center;\">RAL3004 Bord\u00f3<\/div>\n<div style=\"float: left; width: 16%; text-align: center;\">RAL6004 Modrozelen\u00e1<\/div>\n<div style=\"float: left; width: 16%; text-align: center;\">RAL7031 \u0160edomodr\u00e1<\/div>\n<div style=\"clear: both;\">\u00a0<\/div>\n<p>Dodac\u00ed lh\u016fta cenov\u00fdch skupin B a C je 6 t\u00fddn\u016f.<\/p>\n<\/p><\/div>\n<div class=\"product-explanation-item\">\n<h3>Barva LED: Studen\u00e1 b\u00edl\u00e1<\/h3>\n<p style=\"text-align: justify;\">Pro ur\u010den\u00ed barvy sv\u011btla se pou\u017e\u00edv\u00e1 pojem \u201eteplota chromati\u010dnosti\u201c. Jej\u00ed hodnoty se ud\u00e1vaj\u00ed v jednotk\u00e1ch Kelvin\u016f (K). Studen\u00e1 b\u00edl\u00e1 je barva vyza\u0159ovan\u00e9ho sv\u011btla v rozmez\u00ed 5700 &#8211; 6500 K. Toto sv\u011btlo je chladn\u00e9, jasn\u00e9 a \u010dasto s lehce modr\u00fdm n\u00e1dechem. P\u0159irozen\u011b podporuje bd\u011blost, proto je vhodn\u00e9 do pracovn\u00edch prostor a koupelen na osv\u011btlen\u00ed galerek a zrcadel.<\/p>\n<p style=\"text-align: justify;\">\n<\/p><\/div>\n<div class=\"product-explanation-item\">\n<h3>Zpomalovac\u00ed panty<\/h3>\n<div style=\"float: left;\"><\/div>\n<p>N\u00e1bytek je vybaven mechanismem zpomalovac\u00edch pant\u016f u dv\u00ed\u0159ek. Dv\u00ed\u0159ka sta\u010d\u00ed jen lehce postr\u010dit a ona se ji\u017e sama dov\u0159ou.<\/p>\n<\/p><\/div>\n<p> <\/p>\n<p><strong>Vlastnosti<\/strong><\/p>\n<ul>\n<li><span>Materi\u00e1l:<\/span> MDF\/lamino<\/li>\n<li><span>Barva:<\/span> B\u00e9\u017eov\u00e1<\/li>\n<li><span>Stupe\u0148_kryt\u00ed:<\/span> IP44<\/li>\n<li><span>Rozm\u011br:<\/span> 100x70x16 cm<\/li>\n<li><span>\u0160\u00ed\u0159ka:<\/span> 1000 mm<\/li>\n<li><span>V\u00fd\u0161ka:<\/span> 700 mm<\/li>\n<li><span>Hloubka:<\/span> 160 mm<\/li>\n<li><span>Jin\u00e9 barevn\u00e9 proveden\u00ed:<\/span> Dle vzorn\u00edku<\/li>\n<li><span>V\u00fdbava:<\/span> Osv\u011btlen\u00ed, Elektrick\u00e1 z\u00e1suvka, Oboustrann\u00e1 zrcadlov\u00e1 dv\u00ed\u0159ka, Zpomalovac\u00ed panty<\/li>\n<li><span>Dekor:<\/span> Jilm bardini<\/li>\n<li><span>P\u0159\u00edkon:<\/span> 10 W<\/li>\n<li><span>Barva LED:<\/span> Studen\u00e1 b\u00edl\u00e1 (5 700 &#8211; 6 500 K)<\/li>\n<li><span>Sv\u00edtivost:<\/span> 791 lm<\/li>\n<li><span>Ovl\u00e1d\u00e1n\u00ed sv\u011btla:<\/span> Nen\u00ed sou\u010d\u00e1st\u00ed<\/li>\n<li><span>Typ osv\u011btlen\u00ed:<\/span> LED<\/li>\n<\/ul>\n<\/div><\/div>\n<\/p><\/div>\n<\/p><\/div>\n<\/p><\/div>\n","protected":false},"excerpt":{"rendered":"<p>Sapho MIRR\u00d3 galerka s LED osv\u011btlen\u00edm, 100x70x16cm, jilm bardini MC100-0013 6 v\u00fd\u0161kov\u011b nastaviteln\u00fdch sklen\u011bn\u00fdch polic panty BLUM s tlumen\u00edm Blumotion v cen\u011b LED osv\u011btlen\u00ed nad galerku kovov\u00e1 \u00fachytka pro snadn\u00e9 otv\u00edr\u00e1n\u00ed zapnut\u00ed\/vypnut\u00ed osv\u011btlen\u00ed p\u0159es extern\u00ed vyp\u00edna\u010d Galerky MIRR\u00d3 &#8211; dal\u0161\u00ed krok k\u00a0dokonal\u00e9mu designu. Vnit\u0159n\u00ed prostor galerek se sklen\u011bn\u00fdmi nastaviteln\u00fdmi policemi poskytuje dostatek m\u00edsta pro uskladn\u011bn\u00ed [&hellip;]<\/p>\n","protected":false},"featured_media":14672,"comment_status":"open","ping_status":"open","template":"","meta":[],"product_brand":[],"product_cat":[71],"product_tag":[],"class_list":{"0":"post-14572","1":"product","2":"type-product","3":"status-publish","4":"has-post-thumbnail","6":"product_cat-koupelna","8":"first","9":"instock","10":"sale","11":"shipping-taxable","12":"purchasable","13":"product-type-simple"},"yoast_head":"<!-- This site is optimized with the Yoast SEO plugin v26.8 - https:\/\/yoast.com\/product\/yoast-seo-wordpress\/ -->\n<title>Akce Sapho MIRR\u00d3 galerka s LED osv\u011btlen\u00edm, 100x70x16cm, jilm bardini MC100-0013 -<\/title>\n<meta name=\"robots\" content=\"index, follow, max-snippet:-1, max-image-preview:large, max-video-preview:-1\" \/>\n<link rel=\"canonical\" href=\"https:\/\/www.oknobuild.com\/index.php\/produkt\/akce-sapho-mirro-galerka-s-led-osvetlenim-100x70x16cm-jilm-bardini-mc100-0013-14572\/\" \/>\n<meta property=\"og:locale\" content=\"cs_CZ\" \/>\n<meta property=\"og:type\" content=\"article\" \/>\n<meta property=\"og:title\" content=\"Akce Sapho MIRR\u00d3 galerka s LED osv\u011btlen\u00edm, 100x70x16cm, jilm bardini MC100-0013 -\" \/>\n<meta property=\"og:description\" content=\"Sapho MIRR\u00d3 galerka s LED osv\u011btlen\u00edm, 100x70x16cm, jilm bardini MC100-0013 6 v\u00fd\u0161kov\u011b nastaviteln\u00fdch sklen\u011bn\u00fdch polic panty BLUM s tlumen\u00edm Blumotion v cen\u011b LED osv\u011btlen\u00ed nad galerku kovov\u00e1 \u00fachytka pro snadn\u00e9 otv\u00edr\u00e1n\u00ed zapnut\u00ed\/vypnut\u00ed osv\u011btlen\u00ed p\u0159es extern\u00ed vyp\u00edna\u010d Galerky MIRR\u00d3 &#8211; dal\u0161\u00ed krok k\u00a0dokonal\u00e9mu designu. Vnit\u0159n\u00ed prostor galerek se sklen\u011bn\u00fdmi nastaviteln\u00fdmi policemi poskytuje dostatek m\u00edsta pro uskladn\u011bn\u00ed [&hellip;]\" \/>\n<meta property=\"og:url\" content=\"https:\/\/www.oknobuild.com\/index.php\/produkt\/akce-sapho-mirro-galerka-s-led-osvetlenim-100x70x16cm-jilm-bardini-mc100-0013-14572\/\" \/>\n<meta property=\"og:image\" content=\"https:\/\/www.oknobuild.com\/wp-content\/uploads\/2026\/SK0015543-CZ20260425-093041-0-1777080643-9ecd9ddd2342d09b31efe0d4770eaa69.webp\" \/>\n\t<meta property=\"og:image:width\" content=\"891\" \/>\n\t<meta property=\"og:image:height\" content=\"785\" \/>\n\t<meta property=\"og:image:type\" content=\"image\/webp\" \/>\n<meta name=\"twitter:card\" content=\"summary_large_image\" \/>\n<meta name=\"twitter:label1\" content=\"Odhadovan\u00e1 doba \u010dten\u00ed\" \/>\n\t<meta name=\"twitter:data1\" content=\"2 minuty\" \/>\n<script type=\"application\/ld+json\" class=\"yoast-schema-graph\">{\"@context\":\"https:\/\/schema.org\",\"@graph\":[{\"@type\":\"WebPage\",\"@id\":\"https:\/\/www.oknobuild.com\/index.php\/produkt\/akce-sapho-mirro-galerka-s-led-osvetlenim-100x70x16cm-jilm-bardini-mc100-0013-14572\/\",\"url\":\"https:\/\/www.oknobuild.com\/index.php\/produkt\/akce-sapho-mirro-galerka-s-led-osvetlenim-100x70x16cm-jilm-bardini-mc100-0013-14572\/\",\"name\":\"Akce Sapho MIRR\u00d3 galerka s LED osv\u011btlen\u00edm, 100x70x16cm, jilm bardini MC100-0013 -\",\"isPartOf\":{\"@id\":\"https:\/\/www.oknobuild.com\/#website\"},\"primaryImageOfPage\":{\"@id\":\"https:\/\/www.oknobuild.com\/index.php\/produkt\/akce-sapho-mirro-galerka-s-led-osvetlenim-100x70x16cm-jilm-bardini-mc100-0013-14572\/#primaryimage\"},\"image\":{\"@id\":\"https:\/\/www.oknobuild.com\/index.php\/produkt\/akce-sapho-mirro-galerka-s-led-osvetlenim-100x70x16cm-jilm-bardini-mc100-0013-14572\/#primaryimage\"},\"thumbnailUrl\":\"https:\/\/www.oknobuild.com\/wp-content\/uploads\/2026\/SK0015543-CZ20260425-093041-0-1777080643-9ecd9ddd2342d09b31efe0d4770eaa69.webp\",\"datePublished\":\"2026-04-27T04:41:09+00:00\",\"breadcrumb\":{\"@id\":\"https:\/\/www.oknobuild.com\/index.php\/produkt\/akce-sapho-mirro-galerka-s-led-osvetlenim-100x70x16cm-jilm-bardini-mc100-0013-14572\/#breadcrumb\"},\"inLanguage\":\"cs\",\"potentialAction\":[{\"@type\":\"ReadAction\",\"target\":[\"https:\/\/www.oknobuild.com\/index.php\/produkt\/akce-sapho-mirro-galerka-s-led-osvetlenim-100x70x16cm-jilm-bardini-mc100-0013-14572\/\"]}]},{\"@type\":\"ImageObject\",\"inLanguage\":\"cs\",\"@id\":\"https:\/\/www.oknobuild.com\/index.php\/produkt\/akce-sapho-mirro-galerka-s-led-osvetlenim-100x70x16cm-jilm-bardini-mc100-0013-14572\/#primaryimage\",\"url\":\"https:\/\/www.oknobuild.com\/wp-content\/uploads\/2026\/SK0015543-CZ20260425-093041-0-1777080643-9ecd9ddd2342d09b31efe0d4770eaa69.webp\",\"contentUrl\":\"https:\/\/www.oknobuild.com\/wp-content\/uploads\/2026\/SK0015543-CZ20260425-093041-0-1777080643-9ecd9ddd2342d09b31efe0d4770eaa69.webp\",\"width\":891,\"height\":785},{\"@type\":\"BreadcrumbList\",\"@id\":\"https:\/\/www.oknobuild.com\/index.php\/produkt\/akce-sapho-mirro-galerka-s-led-osvetlenim-100x70x16cm-jilm-bardini-mc100-0013-14572\/#breadcrumb\",\"itemListElement\":[{\"@type\":\"ListItem\",\"position\":1,\"name\":\"Home\",\"item\":\"https:\/\/www.oknobuild.com\/\"},{\"@type\":\"ListItem\",\"position\":2,\"name\":\"Products\",\"item\":\"https:\/\/www.oknobuild.com\/index.php\/products\/\"},{\"@type\":\"ListItem\",\"position\":3,\"name\":\"Akce Sapho MIRR\u00d3 galerka s LED osv\u011btlen\u00edm, 100x70x16cm, jilm bardini MC100-0013\"}]},{\"@type\":\"WebSite\",\"@id\":\"https:\/\/www.oknobuild.com\/#website\",\"url\":\"https:\/\/www.oknobuild.com\/\",\"name\":\"\",\"description\":\"\",\"potentialAction\":[{\"@type\":\"SearchAction\",\"target\":{\"@type\":\"EntryPoint\",\"urlTemplate\":\"https:\/\/www.oknobuild.com\/?s={search_term_string}\"},\"query-input\":{\"@type\":\"PropertyValueSpecification\",\"valueRequired\":true,\"valueName\":\"search_term_string\"}}],\"inLanguage\":\"cs\"}]}<\/script>\n<!-- \/ Yoast SEO plugin. -->","yoast_head_json":{"title":"Akce Sapho MIRR\u00d3 galerka s LED osv\u011btlen\u00edm, 100x70x16cm, jilm bardini MC100-0013 -","robots":{"index":"index","follow":"follow","max-snippet":"max-snippet:-1","max-image-preview":"max-image-preview:large","max-video-preview":"max-video-preview:-1"},"canonical":"https:\/\/www.oknobuild.com\/index.php\/produkt\/akce-sapho-mirro-galerka-s-led-osvetlenim-100x70x16cm-jilm-bardini-mc100-0013-14572\/","og_locale":"cs_CZ","og_type":"article","og_title":"Akce Sapho MIRR\u00d3 galerka s LED osv\u011btlen\u00edm, 100x70x16cm, jilm bardini MC100-0013 -","og_description":"Sapho MIRR\u00d3 galerka s LED osv\u011btlen\u00edm, 100x70x16cm, jilm bardini MC100-0013 6 v\u00fd\u0161kov\u011b nastaviteln\u00fdch sklen\u011bn\u00fdch polic panty BLUM s tlumen\u00edm Blumotion v cen\u011b LED osv\u011btlen\u00ed nad galerku kovov\u00e1 \u00fachytka pro snadn\u00e9 otv\u00edr\u00e1n\u00ed zapnut\u00ed\/vypnut\u00ed osv\u011btlen\u00ed p\u0159es extern\u00ed vyp\u00edna\u010d Galerky MIRR\u00d3 &#8211; dal\u0161\u00ed krok k\u00a0dokonal\u00e9mu designu. Vnit\u0159n\u00ed prostor galerek se sklen\u011bn\u00fdmi nastaviteln\u00fdmi policemi poskytuje dostatek m\u00edsta pro uskladn\u011bn\u00ed [&hellip;]","og_url":"https:\/\/www.oknobuild.com\/index.php\/produkt\/akce-sapho-mirro-galerka-s-led-osvetlenim-100x70x16cm-jilm-bardini-mc100-0013-14572\/","og_image":[{"width":891,"height":785,"url":"https:\/\/www.oknobuild.com\/wp-content\/uploads\/2026\/SK0015543-CZ20260425-093041-0-1777080643-9ecd9ddd2342d09b31efe0d4770eaa69.webp","type":"image\/webp"}],"twitter_card":"summary_large_image","twitter_misc":{"Odhadovan\u00e1 doba \u010dten\u00ed":"2 minuty"},"schema":{"@context":"https:\/\/schema.org","@graph":[{"@type":"WebPage","@id":"https:\/\/www.oknobuild.com\/index.php\/produkt\/akce-sapho-mirro-galerka-s-led-osvetlenim-100x70x16cm-jilm-bardini-mc100-0013-14572\/","url":"https:\/\/www.oknobuild.com\/index.php\/produkt\/akce-sapho-mirro-galerka-s-led-osvetlenim-100x70x16cm-jilm-bardini-mc100-0013-14572\/","name":"Akce Sapho MIRR\u00d3 galerka s LED osv\u011btlen\u00edm, 100x70x16cm, jilm bardini MC100-0013 -","isPartOf":{"@id":"https:\/\/www.oknobuild.com\/#website"},"primaryImageOfPage":{"@id":"https:\/\/www.oknobuild.com\/index.php\/produkt\/akce-sapho-mirro-galerka-s-led-osvetlenim-100x70x16cm-jilm-bardini-mc100-0013-14572\/#primaryimage"},"image":{"@id":"https:\/\/www.oknobuild.com\/index.php\/produkt\/akce-sapho-mirro-galerka-s-led-osvetlenim-100x70x16cm-jilm-bardini-mc100-0013-14572\/#primaryimage"},"thumbnailUrl":"https:\/\/www.oknobuild.com\/wp-content\/uploads\/2026\/SK0015543-CZ20260425-093041-0-1777080643-9ecd9ddd2342d09b31efe0d4770eaa69.webp","datePublished":"2026-04-27T04:41:09+00:00","breadcrumb":{"@id":"https:\/\/www.oknobuild.com\/index.php\/produkt\/akce-sapho-mirro-galerka-s-led-osvetlenim-100x70x16cm-jilm-bardini-mc100-0013-14572\/#breadcrumb"},"inLanguage":"cs","potentialAction":[{"@type":"ReadAction","target":["https:\/\/www.oknobuild.com\/index.php\/produkt\/akce-sapho-mirro-galerka-s-led-osvetlenim-100x70x16cm-jilm-bardini-mc100-0013-14572\/"]}]},{"@type":"ImageObject","inLanguage":"cs","@id":"https:\/\/www.oknobuild.com\/index.php\/produkt\/akce-sapho-mirro-galerka-s-led-osvetlenim-100x70x16cm-jilm-bardini-mc100-0013-14572\/#primaryimage","url":"https:\/\/www.oknobuild.com\/wp-content\/uploads\/2026\/SK0015543-CZ20260425-093041-0-1777080643-9ecd9ddd2342d09b31efe0d4770eaa69.webp","contentUrl":"https:\/\/www.oknobuild.com\/wp-content\/uploads\/2026\/SK0015543-CZ20260425-093041-0-1777080643-9ecd9ddd2342d09b31efe0d4770eaa69.webp","width":891,"height":785},{"@type":"BreadcrumbList","@id":"https:\/\/www.oknobuild.com\/index.php\/produkt\/akce-sapho-mirro-galerka-s-led-osvetlenim-100x70x16cm-jilm-bardini-mc100-0013-14572\/#breadcrumb","itemListElement":[{"@type":"ListItem","position":1,"name":"Home","item":"https:\/\/www.oknobuild.com\/"},{"@type":"ListItem","position":2,"name":"Products","item":"https:\/\/www.oknobuild.com\/index.php\/products\/"},{"@type":"ListItem","position":3,"name":"Akce Sapho MIRR\u00d3 galerka s LED osv\u011btlen\u00edm, 100x70x16cm, jilm bardini MC100-0013"}]},{"@type":"WebSite","@id":"https:\/\/www.oknobuild.com\/#website","url":"https:\/\/www.oknobuild.com\/","name":"","description":"","potentialAction":[{"@type":"SearchAction","target":{"@type":"EntryPoint","urlTemplate":"https:\/\/www.oknobuild.com\/?s={search_term_string}"},"query-input":{"@type":"PropertyValueSpecification","valueRequired":true,"valueName":"search_term_string"}}],"inLanguage":"cs"}]}},"_links":{"self":[{"href":"https:\/\/www.oknobuild.com\/index.php\/wp-json\/wp\/v2\/product\/14572","targetHints":{"allow":["GET"]}}],"collection":[{"href":"https:\/\/www.oknobuild.com\/index.php\/wp-json\/wp\/v2\/product"}],"about":[{"href":"https:\/\/www.oknobuild.com\/index.php\/wp-json\/wp\/v2\/types\/product"}],"replies":[{"embeddable":true,"href":"https:\/\/www.oknobuild.com\/index.php\/wp-json\/wp\/v2\/comments?post=14572"}],"wp:featuredmedia":[{"embeddable":true,"href":"https:\/\/www.oknobuild.com\/index.php\/wp-json\/wp\/v2\/media\/14672"}],"wp:attachment":[{"href":"https:\/\/www.oknobuild.com\/index.php\/wp-json\/wp\/v2\/media?parent=14572"}],"wp:term":[{"taxonomy":"product_brand","embeddable":true,"href":"https:\/\/www.oknobuild.com\/index.php\/wp-json\/wp\/v2\/product_brand?post=14572"},{"taxonomy":"product_cat","embeddable":true,"href":"https:\/\/www.oknobuild.com\/index.php\/wp-json\/wp\/v2\/product_cat?post=14572"},{"taxonomy":"product_tag","embeddable":true,"href":"https:\/\/www.oknobuild.com\/index.php\/wp-json\/wp\/v2\/product_tag?post=14572"}],"curies":[{"name":"wp","href":"https:\/\/api.w.org\/{rel}","templated":true}]}}