{"id":14725,"date":"2026-04-27T04:41:09","date_gmt":"2026-04-27T04:41:09","guid":{"rendered":""},"modified":"2026-04-27T04:41:09","modified_gmt":"2026-04-27T04:41:09","slug":"akce-polysan-universal-sedak-na-vanu-70x25-cm-cerna-73257-14725","status":"publish","type":"product","link":"https:\/\/www.oknobuild.com\/index.php\/produkt\/akce-polysan-universal-sedak-na-vanu-70x25-cm-cerna-73257-14725\/","title":{"rendered":"Akce Polysan UNIVERSAL sed\u00e1k na vanu, 70&#215;25 cm, \u010dern\u00e1 73257"},"content":{"rendered":"<div class=\"tabs__content-outer\" id=\"tab_description\" data-hash=\"description\" data-tabindex=\"-1\">\n<div class=\"tabs__content toggle_description\" id=\"content_description\">\n<div class=\"wysiwyg-content\">\n<div class=\"product__tab product__description full-width\">\n<div class=\"container\">\n<div >\n<h3>Polysan UNIVERSAL sed\u00e1k na vanu, 70&#215;25 cm, \u010dern\u00e1 73257<\/h3>\n<p>Sed\u00e1k do vany zajist\u00ed maxim\u00e1ln\u00ed pohodl\u00ed p\u0159i sprchov\u00e1n\u00ed ve van\u011b i p\u0159i p\u00e9\u010di o nohy. Po n\u00e1ro\u010dn\u00e9m dni\u00a0poslou\u017e\u00ed i jako\u00a0police na vanu a m\u016f\u017eete si na n\u011bj odlo\u017eit sklenku v\u00edna nebo roze\u010dtenou knihu. Sed\u00e1k je tak\u00e9 velk\u00fdm pomocn\u00edkem pro lidi s omezenou hybnost\u00ed. Protiskluzn\u00e9 p\u011bnov\u00e9 podlo\u017eky na spodn\u00ed stran\u011b zajist\u00ed, \u017ee z\u016fstane pevn\u011b na sv\u00e9m m\u00edst\u011b.<br \/>Maxim\u00e1ln\u00ed nosnost: 130 kg<\/p>\n<div class=\"product-explanation-item\">\n<h3>HPL lamin\u00e1t<\/h3>\n<p style=\"text-align: justify;\">Kompaktn\u00ed desky HPL, nebo-li vysokotlak\u00e9ho lamin\u00e1tu, jsou homogenn\u00edm materi\u00e1lem ide\u00e1ln\u00edm pro precizn\u00ed zpracov\u00e1n\u00ed. Jsou vhodn\u00e9 zejm\u00e9na do oblast\u00ed se zvl\u00e1\u0161tn\u00edmi hygienick\u00fdmi po\u017eadavky a zv\u00fd\u0161en\u00fdmi n\u00e1roky na odolnost proti vlhkosti.<\/p>\n<\/p><\/div>\n<p><\/p>\n<p><b>Vlastnosti<\/b><\/p>\n<ul>\n<li><span>Materi\u00e1l:<\/span> HPL lamin\u00e1t<\/li>\n<li><span>Barva:<\/span> \u010cern\u00e1<\/li>\n<li><span>Rozm\u011br:<\/span> 70&#215;25 cm<\/li>\n<li><span>\u0160\u00ed\u0159ka:<\/span> 700 mm<\/li>\n<li><span>Hloubka:<\/span> 250 mm<\/li>\n<\/ul>\n<\/div><\/div>\n<\/p><\/div>\n<\/p><\/div>\n<\/p><\/div>\n","protected":false},"excerpt":{"rendered":"<p>Polysan UNIVERSAL sed\u00e1k na vanu, 70&#215;25 cm, \u010dern\u00e1 73257 Sed\u00e1k do vany zajist\u00ed maxim\u00e1ln\u00ed pohodl\u00ed p\u0159i sprchov\u00e1n\u00ed ve van\u011b i p\u0159i p\u00e9\u010di o nohy. Po n\u00e1ro\u010dn\u00e9m dni\u00a0poslou\u017e\u00ed i jako\u00a0police na vanu a m\u016f\u017eete si na n\u011bj odlo\u017eit sklenku v\u00edna nebo roze\u010dtenou knihu. Sed\u00e1k je tak\u00e9 velk\u00fdm pomocn\u00edkem pro lidi s omezenou hybnost\u00ed. Protiskluzn\u00e9 p\u011bnov\u00e9 podlo\u017eky [&hellip;]<\/p>\n","protected":false},"featured_media":14825,"comment_status":"open","ping_status":"open","template":"","meta":[],"product_brand":[],"product_cat":[71],"product_tag":[],"class_list":{"0":"post-14725","1":"product","2":"type-product","3":"status-publish","4":"has-post-thumbnail","6":"product_cat-koupelna","8":"first","9":"instock","10":"sale","11":"shipping-taxable","12":"purchasable","13":"product-type-simple"},"yoast_head":"<!-- This site is optimized with the Yoast SEO plugin v26.8 - https:\/\/yoast.com\/product\/yoast-seo-wordpress\/ -->\n<title>Akce Polysan UNIVERSAL sed\u00e1k na vanu, 70x25 cm, \u010dern\u00e1 73257 -<\/title>\n<meta name=\"robots\" content=\"index, follow, max-snippet:-1, max-image-preview:large, max-video-preview:-1\" \/>\n<link rel=\"canonical\" href=\"https:\/\/www.oknobuild.com\/index.php\/produkt\/akce-polysan-universal-sedak-na-vanu-70x25-cm-cerna-73257-14725\/\" \/>\n<meta property=\"og:locale\" content=\"cs_CZ\" \/>\n<meta property=\"og:type\" content=\"article\" \/>\n<meta property=\"og:title\" content=\"Akce Polysan UNIVERSAL sed\u00e1k na vanu, 70x25 cm, \u010dern\u00e1 73257 -\" \/>\n<meta property=\"og:description\" content=\"Polysan UNIVERSAL sed\u00e1k na vanu, 70&#215;25 cm, \u010dern\u00e1 73257 Sed\u00e1k do vany zajist\u00ed maxim\u00e1ln\u00ed pohodl\u00ed p\u0159i sprchov\u00e1n\u00ed ve van\u011b i p\u0159i p\u00e9\u010di o nohy. Po n\u00e1ro\u010dn\u00e9m dni\u00a0poslou\u017e\u00ed i jako\u00a0police na vanu a m\u016f\u017eete si na n\u011bj odlo\u017eit sklenku v\u00edna nebo roze\u010dtenou knihu. Sed\u00e1k je tak\u00e9 velk\u00fdm pomocn\u00edkem pro lidi s omezenou hybnost\u00ed. Protiskluzn\u00e9 p\u011bnov\u00e9 podlo\u017eky [&hellip;]\" \/>\n<meta property=\"og:url\" content=\"https:\/\/www.oknobuild.com\/index.php\/produkt\/akce-polysan-universal-sedak-na-vanu-70x25-cm-cerna-73257-14725\/\" \/>\n<meta property=\"og:image\" content=\"https:\/\/www.oknobuild.com\/wp-content\/uploads\/2026\/SK0015600-CZ20260425-093041-0-1777080643-0bc781be99b26239527c4dc4b91edfe2.webp\" \/>\n\t<meta property=\"og:image:width\" content=\"1000\" \/>\n\t<meta property=\"og:image:height\" content=\"415\" \/>\n\t<meta property=\"og:image:type\" content=\"image\/webp\" \/>\n<meta name=\"twitter:card\" content=\"summary_large_image\" \/>\n<meta name=\"twitter:label1\" content=\"Odhadovan\u00e1 doba \u010dten\u00ed\" \/>\n\t<meta name=\"twitter:data1\" content=\"1 minuta\" \/>\n<script type=\"application\/ld+json\" class=\"yoast-schema-graph\">{\"@context\":\"https:\/\/schema.org\",\"@graph\":[{\"@type\":\"WebPage\",\"@id\":\"https:\/\/www.oknobuild.com\/index.php\/produkt\/akce-polysan-universal-sedak-na-vanu-70x25-cm-cerna-73257-14725\/\",\"url\":\"https:\/\/www.oknobuild.com\/index.php\/produkt\/akce-polysan-universal-sedak-na-vanu-70x25-cm-cerna-73257-14725\/\",\"name\":\"Akce Polysan UNIVERSAL sed\u00e1k na vanu, 70x25 cm, \u010dern\u00e1 73257 -\",\"isPartOf\":{\"@id\":\"https:\/\/www.oknobuild.com\/#website\"},\"primaryImageOfPage\":{\"@id\":\"https:\/\/www.oknobuild.com\/index.php\/produkt\/akce-polysan-universal-sedak-na-vanu-70x25-cm-cerna-73257-14725\/#primaryimage\"},\"image\":{\"@id\":\"https:\/\/www.oknobuild.com\/index.php\/produkt\/akce-polysan-universal-sedak-na-vanu-70x25-cm-cerna-73257-14725\/#primaryimage\"},\"thumbnailUrl\":\"https:\/\/www.oknobuild.com\/wp-content\/uploads\/2026\/SK0015600-CZ20260425-093041-0-1777080643-0bc781be99b26239527c4dc4b91edfe2.webp\",\"datePublished\":\"2026-04-27T04:41:09+00:00\",\"breadcrumb\":{\"@id\":\"https:\/\/www.oknobuild.com\/index.php\/produkt\/akce-polysan-universal-sedak-na-vanu-70x25-cm-cerna-73257-14725\/#breadcrumb\"},\"inLanguage\":\"cs\",\"potentialAction\":[{\"@type\":\"ReadAction\",\"target\":[\"https:\/\/www.oknobuild.com\/index.php\/produkt\/akce-polysan-universal-sedak-na-vanu-70x25-cm-cerna-73257-14725\/\"]}]},{\"@type\":\"ImageObject\",\"inLanguage\":\"cs\",\"@id\":\"https:\/\/www.oknobuild.com\/index.php\/produkt\/akce-polysan-universal-sedak-na-vanu-70x25-cm-cerna-73257-14725\/#primaryimage\",\"url\":\"https:\/\/www.oknobuild.com\/wp-content\/uploads\/2026\/SK0015600-CZ20260425-093041-0-1777080643-0bc781be99b26239527c4dc4b91edfe2.webp\",\"contentUrl\":\"https:\/\/www.oknobuild.com\/wp-content\/uploads\/2026\/SK0015600-CZ20260425-093041-0-1777080643-0bc781be99b26239527c4dc4b91edfe2.webp\",\"width\":1000,\"height\":415},{\"@type\":\"BreadcrumbList\",\"@id\":\"https:\/\/www.oknobuild.com\/index.php\/produkt\/akce-polysan-universal-sedak-na-vanu-70x25-cm-cerna-73257-14725\/#breadcrumb\",\"itemListElement\":[{\"@type\":\"ListItem\",\"position\":1,\"name\":\"Home\",\"item\":\"https:\/\/www.oknobuild.com\/\"},{\"@type\":\"ListItem\",\"position\":2,\"name\":\"Products\",\"item\":\"https:\/\/www.oknobuild.com\/index.php\/products\/\"},{\"@type\":\"ListItem\",\"position\":3,\"name\":\"Akce Polysan UNIVERSAL sed\u00e1k na vanu, 70&#215;25 cm, \u010dern\u00e1 73257\"}]},{\"@type\":\"WebSite\",\"@id\":\"https:\/\/www.oknobuild.com\/#website\",\"url\":\"https:\/\/www.oknobuild.com\/\",\"name\":\"\",\"description\":\"\",\"potentialAction\":[{\"@type\":\"SearchAction\",\"target\":{\"@type\":\"EntryPoint\",\"urlTemplate\":\"https:\/\/www.oknobuild.com\/?s={search_term_string}\"},\"query-input\":{\"@type\":\"PropertyValueSpecification\",\"valueRequired\":true,\"valueName\":\"search_term_string\"}}],\"inLanguage\":\"cs\"}]}<\/script>\n<!-- \/ Yoast SEO plugin. -->","yoast_head_json":{"title":"Akce Polysan UNIVERSAL sed\u00e1k na vanu, 70x25 cm, \u010dern\u00e1 73257 -","robots":{"index":"index","follow":"follow","max-snippet":"max-snippet:-1","max-image-preview":"max-image-preview:large","max-video-preview":"max-video-preview:-1"},"canonical":"https:\/\/www.oknobuild.com\/index.php\/produkt\/akce-polysan-universal-sedak-na-vanu-70x25-cm-cerna-73257-14725\/","og_locale":"cs_CZ","og_type":"article","og_title":"Akce Polysan UNIVERSAL sed\u00e1k na vanu, 70x25 cm, \u010dern\u00e1 73257 -","og_description":"Polysan UNIVERSAL sed\u00e1k na vanu, 70&#215;25 cm, \u010dern\u00e1 73257 Sed\u00e1k do vany zajist\u00ed maxim\u00e1ln\u00ed pohodl\u00ed p\u0159i sprchov\u00e1n\u00ed ve van\u011b i p\u0159i p\u00e9\u010di o nohy. Po n\u00e1ro\u010dn\u00e9m dni\u00a0poslou\u017e\u00ed i jako\u00a0police na vanu a m\u016f\u017eete si na n\u011bj odlo\u017eit sklenku v\u00edna nebo roze\u010dtenou knihu. Sed\u00e1k je tak\u00e9 velk\u00fdm pomocn\u00edkem pro lidi s omezenou hybnost\u00ed. Protiskluzn\u00e9 p\u011bnov\u00e9 podlo\u017eky [&hellip;]","og_url":"https:\/\/www.oknobuild.com\/index.php\/produkt\/akce-polysan-universal-sedak-na-vanu-70x25-cm-cerna-73257-14725\/","og_image":[{"width":1000,"height":415,"url":"https:\/\/www.oknobuild.com\/wp-content\/uploads\/2026\/SK0015600-CZ20260425-093041-0-1777080643-0bc781be99b26239527c4dc4b91edfe2.webp","type":"image\/webp"}],"twitter_card":"summary_large_image","twitter_misc":{"Odhadovan\u00e1 doba \u010dten\u00ed":"1 minuta"},"schema":{"@context":"https:\/\/schema.org","@graph":[{"@type":"WebPage","@id":"https:\/\/www.oknobuild.com\/index.php\/produkt\/akce-polysan-universal-sedak-na-vanu-70x25-cm-cerna-73257-14725\/","url":"https:\/\/www.oknobuild.com\/index.php\/produkt\/akce-polysan-universal-sedak-na-vanu-70x25-cm-cerna-73257-14725\/","name":"Akce Polysan UNIVERSAL sed\u00e1k na vanu, 70x25 cm, \u010dern\u00e1 73257 -","isPartOf":{"@id":"https:\/\/www.oknobuild.com\/#website"},"primaryImageOfPage":{"@id":"https:\/\/www.oknobuild.com\/index.php\/produkt\/akce-polysan-universal-sedak-na-vanu-70x25-cm-cerna-73257-14725\/#primaryimage"},"image":{"@id":"https:\/\/www.oknobuild.com\/index.php\/produkt\/akce-polysan-universal-sedak-na-vanu-70x25-cm-cerna-73257-14725\/#primaryimage"},"thumbnailUrl":"https:\/\/www.oknobuild.com\/wp-content\/uploads\/2026\/SK0015600-CZ20260425-093041-0-1777080643-0bc781be99b26239527c4dc4b91edfe2.webp","datePublished":"2026-04-27T04:41:09+00:00","breadcrumb":{"@id":"https:\/\/www.oknobuild.com\/index.php\/produkt\/akce-polysan-universal-sedak-na-vanu-70x25-cm-cerna-73257-14725\/#breadcrumb"},"inLanguage":"cs","potentialAction":[{"@type":"ReadAction","target":["https:\/\/www.oknobuild.com\/index.php\/produkt\/akce-polysan-universal-sedak-na-vanu-70x25-cm-cerna-73257-14725\/"]}]},{"@type":"ImageObject","inLanguage":"cs","@id":"https:\/\/www.oknobuild.com\/index.php\/produkt\/akce-polysan-universal-sedak-na-vanu-70x25-cm-cerna-73257-14725\/#primaryimage","url":"https:\/\/www.oknobuild.com\/wp-content\/uploads\/2026\/SK0015600-CZ20260425-093041-0-1777080643-0bc781be99b26239527c4dc4b91edfe2.webp","contentUrl":"https:\/\/www.oknobuild.com\/wp-content\/uploads\/2026\/SK0015600-CZ20260425-093041-0-1777080643-0bc781be99b26239527c4dc4b91edfe2.webp","width":1000,"height":415},{"@type":"BreadcrumbList","@id":"https:\/\/www.oknobuild.com\/index.php\/produkt\/akce-polysan-universal-sedak-na-vanu-70x25-cm-cerna-73257-14725\/#breadcrumb","itemListElement":[{"@type":"ListItem","position":1,"name":"Home","item":"https:\/\/www.oknobuild.com\/"},{"@type":"ListItem","position":2,"name":"Products","item":"https:\/\/www.oknobuild.com\/index.php\/products\/"},{"@type":"ListItem","position":3,"name":"Akce Polysan UNIVERSAL sed\u00e1k na vanu, 70&#215;25 cm, \u010dern\u00e1 73257"}]},{"@type":"WebSite","@id":"https:\/\/www.oknobuild.com\/#website","url":"https:\/\/www.oknobuild.com\/","name":"","description":"","potentialAction":[{"@type":"SearchAction","target":{"@type":"EntryPoint","urlTemplate":"https:\/\/www.oknobuild.com\/?s={search_term_string}"},"query-input":{"@type":"PropertyValueSpecification","valueRequired":true,"valueName":"search_term_string"}}],"inLanguage":"cs"}]}},"_links":{"self":[{"href":"https:\/\/www.oknobuild.com\/index.php\/wp-json\/wp\/v2\/product\/14725","targetHints":{"allow":["GET"]}}],"collection":[{"href":"https:\/\/www.oknobuild.com\/index.php\/wp-json\/wp\/v2\/product"}],"about":[{"href":"https:\/\/www.oknobuild.com\/index.php\/wp-json\/wp\/v2\/types\/product"}],"replies":[{"embeddable":true,"href":"https:\/\/www.oknobuild.com\/index.php\/wp-json\/wp\/v2\/comments?post=14725"}],"wp:featuredmedia":[{"embeddable":true,"href":"https:\/\/www.oknobuild.com\/index.php\/wp-json\/wp\/v2\/media\/14825"}],"wp:attachment":[{"href":"https:\/\/www.oknobuild.com\/index.php\/wp-json\/wp\/v2\/media?parent=14725"}],"wp:term":[{"taxonomy":"product_brand","embeddable":true,"href":"https:\/\/www.oknobuild.com\/index.php\/wp-json\/wp\/v2\/product_brand?post=14725"},{"taxonomy":"product_cat","embeddable":true,"href":"https:\/\/www.oknobuild.com\/index.php\/wp-json\/wp\/v2\/product_cat?post=14725"},{"taxonomy":"product_tag","embeddable":true,"href":"https:\/\/www.oknobuild.com\/index.php\/wp-json\/wp\/v2\/product_tag?post=14725"}],"curies":[{"name":"wp","href":"https:\/\/api.w.org\/{rel}","templated":true}]}}