{"id":14984,"date":"2026-04-27T04:41:10","date_gmt":"2026-04-27T04:41:10","guid":{"rendered":""},"modified":"2026-04-27T04:41:10","modified_gmt":"2026-04-27T04:41:10","slug":"zlevneny-sapho-sklenena-police-700mm-chrom-cire-sklo-my009-15-14984","status":"publish","type":"product","link":"https:\/\/www.oknobuild.com\/index.php\/produkt\/zlevneny-sapho-sklenena-police-700mm-chrom-cire-sklo-my009-15-14984\/","title":{"rendered":"Zlevn\u011bn\u00fd Sapho Sklen\u011bn\u00e1 police 700mm, chrom\/\u010dir\u00e9 sklo MY009-15"},"content":{"rendered":"<div class=\"tabs__content-outer\" id=\"tab_description\" data-hash=\"description\" data-tabindex=\"-1\">\n<div class=\"tabs__content toggle_description\" id=\"content_description\">\n<div class=\"wysiwyg-content\">\n<div class=\"product__tab product__description full-width\">\n<div class=\"container\">\n<div >\n<h3>Sapho Sklen\u011bn\u00e1 police 700mm, chrom\/\u010dir\u00e9 sklo MY009-15<\/h3>\n<p style=\"text-align: justify;\">Snad inspirov\u00e1n pohledem na kr\u00e1su Pyrenej\u00ed navrhl design\u00e9r s\u00e9rii dopl\u0148k\u016f PIRENEI. Masivn\u00ed z\u00e1kladna, kombinace p\u0159\u00edm\u00fdch lini\u00ed a zaoblen\u00fdch hran je spojen\u00edm elegance a majest\u00e1tnosti. Na v\u00fdb\u011br jsou dopl\u0148ky v proveden\u00ed v chromov\u00e9, matn\u00e9 \u010dern\u00e9, matn\u00e9 b\u00edl\u00e9, zlat\u00e9 a matn\u00e9 zlat\u00e9 variant\u011b.<\/p>\n<p><\/p>\n<p><b>Vlastnosti<\/b><\/p>\n<ul>\n<li><span>Materi\u00e1l:<\/span> Sklo, Slitina<\/li>\n<li><span>Barva:<\/span> St\u0159\u00edbrn\u00e1<\/li>\n<li><span>Instalace:<\/span> Vrt\u00e1n\u00ed<\/li>\n<li><span>Tvar:<\/span> Hranat\u00e9<\/li>\n<li><span>Rozm\u011br:<\/span> 700x21x100 mm<\/li>\n<li><span>Druh:<\/span> Poli\u010dka<\/li>\n<li><span>\u0160\u00ed\u0159ka:<\/span> 700 mm<\/li>\n<li><span>V\u00fd\u0161ka:<\/span> 21 mm<\/li>\n<li><span>Hloubka:<\/span> 100 mm<\/li>\n<li><span>D\u00e9lka:<\/span> 700 mm<\/li>\n<\/ul>\n<\/div><\/div>\n<\/p><\/div>\n<\/p><\/div>\n<\/p><\/div>\n","protected":false},"excerpt":{"rendered":"<p>Sapho Sklen\u011bn\u00e1 police 700mm, chrom\/\u010dir\u00e9 sklo MY009-15 Snad inspirov\u00e1n pohledem na kr\u00e1su Pyrenej\u00ed navrhl design\u00e9r s\u00e9rii dopl\u0148k\u016f PIRENEI. Masivn\u00ed z\u00e1kladna, kombinace p\u0159\u00edm\u00fdch lini\u00ed a zaoblen\u00fdch hran je spojen\u00edm elegance a majest\u00e1tnosti. Na v\u00fdb\u011br jsou dopl\u0148ky v proveden\u00ed v chromov\u00e9, matn\u00e9 \u010dern\u00e9, matn\u00e9 b\u00edl\u00e9, zlat\u00e9 a matn\u00e9 zlat\u00e9 variant\u011b. Vlastnosti Materi\u00e1l: Sklo, Slitina Barva: St\u0159\u00edbrn\u00e1 Instalace: [&hellip;]<\/p>\n","protected":false},"featured_media":15084,"comment_status":"open","ping_status":"open","template":"","meta":[],"product_brand":[],"product_cat":[71],"product_tag":[],"class_list":{"0":"post-14984","1":"product","2":"type-product","3":"status-publish","4":"has-post-thumbnail","6":"product_cat-koupelna","8":"first","9":"instock","10":"sale","11":"shipping-taxable","12":"purchasable","13":"product-type-simple"},"yoast_head":"<!-- This site is optimized with the Yoast SEO plugin v26.8 - https:\/\/yoast.com\/product\/yoast-seo-wordpress\/ -->\n<title>Zlevn\u011bn\u00fd Sapho Sklen\u011bn\u00e1 police 700mm, chrom\/\u010dir\u00e9 sklo MY009-15 -<\/title>\n<meta name=\"robots\" content=\"index, follow, max-snippet:-1, max-image-preview:large, max-video-preview:-1\" \/>\n<link rel=\"canonical\" href=\"https:\/\/www.oknobuild.com\/index.php\/produkt\/zlevneny-sapho-sklenena-police-700mm-chrom-cire-sklo-my009-15-14984\/\" \/>\n<meta property=\"og:locale\" content=\"cs_CZ\" \/>\n<meta property=\"og:type\" content=\"article\" \/>\n<meta property=\"og:title\" content=\"Zlevn\u011bn\u00fd Sapho Sklen\u011bn\u00e1 police 700mm, chrom\/\u010dir\u00e9 sklo MY009-15 -\" \/>\n<meta property=\"og:description\" content=\"Sapho Sklen\u011bn\u00e1 police 700mm, chrom\/\u010dir\u00e9 sklo MY009-15 Snad inspirov\u00e1n pohledem na kr\u00e1su Pyrenej\u00ed navrhl design\u00e9r s\u00e9rii dopl\u0148k\u016f PIRENEI. Masivn\u00ed z\u00e1kladna, kombinace p\u0159\u00edm\u00fdch lini\u00ed a zaoblen\u00fdch hran je spojen\u00edm elegance a majest\u00e1tnosti. Na v\u00fdb\u011br jsou dopl\u0148ky v proveden\u00ed v chromov\u00e9, matn\u00e9 \u010dern\u00e9, matn\u00e9 b\u00edl\u00e9, zlat\u00e9 a matn\u00e9 zlat\u00e9 variant\u011b. Vlastnosti Materi\u00e1l: Sklo, Slitina Barva: St\u0159\u00edbrn\u00e1 Instalace: [&hellip;]\" \/>\n<meta property=\"og:url\" content=\"https:\/\/www.oknobuild.com\/index.php\/produkt\/zlevneny-sapho-sklenena-police-700mm-chrom-cire-sklo-my009-15-14984\/\" \/>\n<meta property=\"og:image\" content=\"https:\/\/www.oknobuild.com\/wp-content\/uploads\/2026\/SK0015771-CZ20260425-093041-0-1777080643-7cddcd2bb902545ca28f16c6c3d6ee22.webp\" \/>\n\t<meta property=\"og:image:width\" content=\"1000\" \/>\n\t<meta property=\"og:image:height\" content=\"222\" \/>\n\t<meta property=\"og:image:type\" content=\"image\/webp\" \/>\n<meta name=\"twitter:card\" content=\"summary_large_image\" \/>\n<script type=\"application\/ld+json\" class=\"yoast-schema-graph\">{\"@context\":\"https:\/\/schema.org\",\"@graph\":[{\"@type\":\"WebPage\",\"@id\":\"https:\/\/www.oknobuild.com\/index.php\/produkt\/zlevneny-sapho-sklenena-police-700mm-chrom-cire-sklo-my009-15-14984\/\",\"url\":\"https:\/\/www.oknobuild.com\/index.php\/produkt\/zlevneny-sapho-sklenena-police-700mm-chrom-cire-sklo-my009-15-14984\/\",\"name\":\"Zlevn\u011bn\u00fd Sapho Sklen\u011bn\u00e1 police 700mm, chrom\/\u010dir\u00e9 sklo MY009-15 -\",\"isPartOf\":{\"@id\":\"https:\/\/www.oknobuild.com\/#website\"},\"primaryImageOfPage\":{\"@id\":\"https:\/\/www.oknobuild.com\/index.php\/produkt\/zlevneny-sapho-sklenena-police-700mm-chrom-cire-sklo-my009-15-14984\/#primaryimage\"},\"image\":{\"@id\":\"https:\/\/www.oknobuild.com\/index.php\/produkt\/zlevneny-sapho-sklenena-police-700mm-chrom-cire-sklo-my009-15-14984\/#primaryimage\"},\"thumbnailUrl\":\"https:\/\/www.oknobuild.com\/wp-content\/uploads\/2026\/SK0015771-CZ20260425-093041-0-1777080643-7cddcd2bb902545ca28f16c6c3d6ee22.webp\",\"datePublished\":\"2026-04-27T04:41:10+00:00\",\"breadcrumb\":{\"@id\":\"https:\/\/www.oknobuild.com\/index.php\/produkt\/zlevneny-sapho-sklenena-police-700mm-chrom-cire-sklo-my009-15-14984\/#breadcrumb\"},\"inLanguage\":\"cs\",\"potentialAction\":[{\"@type\":\"ReadAction\",\"target\":[\"https:\/\/www.oknobuild.com\/index.php\/produkt\/zlevneny-sapho-sklenena-police-700mm-chrom-cire-sklo-my009-15-14984\/\"]}]},{\"@type\":\"ImageObject\",\"inLanguage\":\"cs\",\"@id\":\"https:\/\/www.oknobuild.com\/index.php\/produkt\/zlevneny-sapho-sklenena-police-700mm-chrom-cire-sklo-my009-15-14984\/#primaryimage\",\"url\":\"https:\/\/www.oknobuild.com\/wp-content\/uploads\/2026\/SK0015771-CZ20260425-093041-0-1777080643-7cddcd2bb902545ca28f16c6c3d6ee22.webp\",\"contentUrl\":\"https:\/\/www.oknobuild.com\/wp-content\/uploads\/2026\/SK0015771-CZ20260425-093041-0-1777080643-7cddcd2bb902545ca28f16c6c3d6ee22.webp\",\"width\":1000,\"height\":222},{\"@type\":\"BreadcrumbList\",\"@id\":\"https:\/\/www.oknobuild.com\/index.php\/produkt\/zlevneny-sapho-sklenena-police-700mm-chrom-cire-sklo-my009-15-14984\/#breadcrumb\",\"itemListElement\":[{\"@type\":\"ListItem\",\"position\":1,\"name\":\"Home\",\"item\":\"https:\/\/www.oknobuild.com\/\"},{\"@type\":\"ListItem\",\"position\":2,\"name\":\"Products\",\"item\":\"https:\/\/www.oknobuild.com\/index.php\/products\/\"},{\"@type\":\"ListItem\",\"position\":3,\"name\":\"Zlevn\u011bn\u00fd Sapho Sklen\u011bn\u00e1 police 700mm, chrom\/\u010dir\u00e9 sklo MY009-15\"}]},{\"@type\":\"WebSite\",\"@id\":\"https:\/\/www.oknobuild.com\/#website\",\"url\":\"https:\/\/www.oknobuild.com\/\",\"name\":\"\",\"description\":\"\",\"potentialAction\":[{\"@type\":\"SearchAction\",\"target\":{\"@type\":\"EntryPoint\",\"urlTemplate\":\"https:\/\/www.oknobuild.com\/?s={search_term_string}\"},\"query-input\":{\"@type\":\"PropertyValueSpecification\",\"valueRequired\":true,\"valueName\":\"search_term_string\"}}],\"inLanguage\":\"cs\"}]}<\/script>\n<!-- \/ Yoast SEO plugin. -->","yoast_head_json":{"title":"Zlevn\u011bn\u00fd Sapho Sklen\u011bn\u00e1 police 700mm, chrom\/\u010dir\u00e9 sklo MY009-15 -","robots":{"index":"index","follow":"follow","max-snippet":"max-snippet:-1","max-image-preview":"max-image-preview:large","max-video-preview":"max-video-preview:-1"},"canonical":"https:\/\/www.oknobuild.com\/index.php\/produkt\/zlevneny-sapho-sklenena-police-700mm-chrom-cire-sklo-my009-15-14984\/","og_locale":"cs_CZ","og_type":"article","og_title":"Zlevn\u011bn\u00fd Sapho Sklen\u011bn\u00e1 police 700mm, chrom\/\u010dir\u00e9 sklo MY009-15 -","og_description":"Sapho Sklen\u011bn\u00e1 police 700mm, chrom\/\u010dir\u00e9 sklo MY009-15 Snad inspirov\u00e1n pohledem na kr\u00e1su Pyrenej\u00ed navrhl design\u00e9r s\u00e9rii dopl\u0148k\u016f PIRENEI. Masivn\u00ed z\u00e1kladna, kombinace p\u0159\u00edm\u00fdch lini\u00ed a zaoblen\u00fdch hran je spojen\u00edm elegance a majest\u00e1tnosti. Na v\u00fdb\u011br jsou dopl\u0148ky v proveden\u00ed v chromov\u00e9, matn\u00e9 \u010dern\u00e9, matn\u00e9 b\u00edl\u00e9, zlat\u00e9 a matn\u00e9 zlat\u00e9 variant\u011b. Vlastnosti Materi\u00e1l: Sklo, Slitina Barva: St\u0159\u00edbrn\u00e1 Instalace: [&hellip;]","og_url":"https:\/\/www.oknobuild.com\/index.php\/produkt\/zlevneny-sapho-sklenena-police-700mm-chrom-cire-sklo-my009-15-14984\/","og_image":[{"width":1000,"height":222,"url":"https:\/\/www.oknobuild.com\/wp-content\/uploads\/2026\/SK0015771-CZ20260425-093041-0-1777080643-7cddcd2bb902545ca28f16c6c3d6ee22.webp","type":"image\/webp"}],"twitter_card":"summary_large_image","schema":{"@context":"https:\/\/schema.org","@graph":[{"@type":"WebPage","@id":"https:\/\/www.oknobuild.com\/index.php\/produkt\/zlevneny-sapho-sklenena-police-700mm-chrom-cire-sklo-my009-15-14984\/","url":"https:\/\/www.oknobuild.com\/index.php\/produkt\/zlevneny-sapho-sklenena-police-700mm-chrom-cire-sklo-my009-15-14984\/","name":"Zlevn\u011bn\u00fd Sapho Sklen\u011bn\u00e1 police 700mm, chrom\/\u010dir\u00e9 sklo MY009-15 -","isPartOf":{"@id":"https:\/\/www.oknobuild.com\/#website"},"primaryImageOfPage":{"@id":"https:\/\/www.oknobuild.com\/index.php\/produkt\/zlevneny-sapho-sklenena-police-700mm-chrom-cire-sklo-my009-15-14984\/#primaryimage"},"image":{"@id":"https:\/\/www.oknobuild.com\/index.php\/produkt\/zlevneny-sapho-sklenena-police-700mm-chrom-cire-sklo-my009-15-14984\/#primaryimage"},"thumbnailUrl":"https:\/\/www.oknobuild.com\/wp-content\/uploads\/2026\/SK0015771-CZ20260425-093041-0-1777080643-7cddcd2bb902545ca28f16c6c3d6ee22.webp","datePublished":"2026-04-27T04:41:10+00:00","breadcrumb":{"@id":"https:\/\/www.oknobuild.com\/index.php\/produkt\/zlevneny-sapho-sklenena-police-700mm-chrom-cire-sklo-my009-15-14984\/#breadcrumb"},"inLanguage":"cs","potentialAction":[{"@type":"ReadAction","target":["https:\/\/www.oknobuild.com\/index.php\/produkt\/zlevneny-sapho-sklenena-police-700mm-chrom-cire-sklo-my009-15-14984\/"]}]},{"@type":"ImageObject","inLanguage":"cs","@id":"https:\/\/www.oknobuild.com\/index.php\/produkt\/zlevneny-sapho-sklenena-police-700mm-chrom-cire-sklo-my009-15-14984\/#primaryimage","url":"https:\/\/www.oknobuild.com\/wp-content\/uploads\/2026\/SK0015771-CZ20260425-093041-0-1777080643-7cddcd2bb902545ca28f16c6c3d6ee22.webp","contentUrl":"https:\/\/www.oknobuild.com\/wp-content\/uploads\/2026\/SK0015771-CZ20260425-093041-0-1777080643-7cddcd2bb902545ca28f16c6c3d6ee22.webp","width":1000,"height":222},{"@type":"BreadcrumbList","@id":"https:\/\/www.oknobuild.com\/index.php\/produkt\/zlevneny-sapho-sklenena-police-700mm-chrom-cire-sklo-my009-15-14984\/#breadcrumb","itemListElement":[{"@type":"ListItem","position":1,"name":"Home","item":"https:\/\/www.oknobuild.com\/"},{"@type":"ListItem","position":2,"name":"Products","item":"https:\/\/www.oknobuild.com\/index.php\/products\/"},{"@type":"ListItem","position":3,"name":"Zlevn\u011bn\u00fd Sapho Sklen\u011bn\u00e1 police 700mm, chrom\/\u010dir\u00e9 sklo MY009-15"}]},{"@type":"WebSite","@id":"https:\/\/www.oknobuild.com\/#website","url":"https:\/\/www.oknobuild.com\/","name":"","description":"","potentialAction":[{"@type":"SearchAction","target":{"@type":"EntryPoint","urlTemplate":"https:\/\/www.oknobuild.com\/?s={search_term_string}"},"query-input":{"@type":"PropertyValueSpecification","valueRequired":true,"valueName":"search_term_string"}}],"inLanguage":"cs"}]}},"_links":{"self":[{"href":"https:\/\/www.oknobuild.com\/index.php\/wp-json\/wp\/v2\/product\/14984","targetHints":{"allow":["GET"]}}],"collection":[{"href":"https:\/\/www.oknobuild.com\/index.php\/wp-json\/wp\/v2\/product"}],"about":[{"href":"https:\/\/www.oknobuild.com\/index.php\/wp-json\/wp\/v2\/types\/product"}],"replies":[{"embeddable":true,"href":"https:\/\/www.oknobuild.com\/index.php\/wp-json\/wp\/v2\/comments?post=14984"}],"wp:featuredmedia":[{"embeddable":true,"href":"https:\/\/www.oknobuild.com\/index.php\/wp-json\/wp\/v2\/media\/15084"}],"wp:attachment":[{"href":"https:\/\/www.oknobuild.com\/index.php\/wp-json\/wp\/v2\/media?parent=14984"}],"wp:term":[{"taxonomy":"product_brand","embeddable":true,"href":"https:\/\/www.oknobuild.com\/index.php\/wp-json\/wp\/v2\/product_brand?post=14984"},{"taxonomy":"product_cat","embeddable":true,"href":"https:\/\/www.oknobuild.com\/index.php\/wp-json\/wp\/v2\/product_cat?post=14984"},{"taxonomy":"product_tag","embeddable":true,"href":"https:\/\/www.oknobuild.com\/index.php\/wp-json\/wp\/v2\/product_tag?post=14984"}],"curies":[{"name":"wp","href":"https:\/\/api.w.org\/{rel}","templated":true}]}}