{"id":15732,"date":"2026-04-27T04:41:12","date_gmt":"2026-04-27T04:41:12","guid":{"rendered":""},"modified":"2026-04-27T04:41:12","modified_gmt":"2026-04-27T04:41:12","slug":"zlevneny-sapho-ska-konzole-s-polici-600x400x460mm-bila-mat-ska111-15732","status":"publish","type":"product","link":"https:\/\/www.oknobuild.com\/index.php\/produkt\/zlevneny-sapho-ska-konzole-s-polici-600x400x460mm-bila-mat-ska111-15732\/","title":{"rendered":"Zlevn\u011bn\u00fd Sapho SKA konzole s polic\u00ed 600x400x460mm, b\u00edl\u00e1 mat SKA111"},"content":{"rendered":"<div class=\"tabs__content-outer\" id=\"tab_description\" data-hash=\"description\" data-tabindex=\"-1\">\n<div class=\"tabs__content toggle_description\" id=\"content_description\">\n<div class=\"wysiwyg-content\">\n<div class=\"product__tab product__description full-width\">\n<div class=\"container\">\n<div >\n<h3>Sapho SKA konzole s polic\u00ed 600x400x460mm, b\u00edl\u00e1 mat SKA111<\/h3>\n<ul>\n<li>Konstrukce pod umyvadlo, s b\u00edlou polic\u00ed z lakovan\u00e9 MDF desky.<\/li>\n<li>Sou\u010d\u00e1st\u00ed balen\u00ed jsou kotevn\u00ed \u0161rouby do zdi a krytky v barv\u011b konstrukce.<\/li>\n<\/ul>\n<p style=\"text-align: justify;\">Industri\u00e1ln\u00ed styl nic nep\u0159edst\u00edr\u00e1. Je jednoduch\u00fd, minimalistick\u00fd, m\u00edv\u00e1 ostr\u00e9 hrany a p\u0159\u00edm\u00e9 linie. Sv\u00e9 uplatn\u011bn\u00ed zde nach\u00e1z\u00ed p\u0159edev\u0161\u00edm kovov\u00e9 prvky ve sv\u00e9 p\u016fvodn\u00ed neuhlazen\u00e9 podob\u011b. Nej\u010dast\u011bji se setk\u00e1v\u00e1me s kontrastem b\u00edl\u00e9 a \u010dern\u00e9 barvy. Tento styl je inspirov\u00e1n star\u00fdmi pr\u016fmyslov\u00fdmi halami a ukazuje jednoduchou kr\u00e1su, kter\u00e1 se ukr\u00fdv\u00e1 za obna\u017een\u00fdmi trubkami a kovov\u00fdmi konstrukcemi, jak\u00fdmi jsou i konstrukce s\u00e9rie SKA.<\/p>\n<p style=\"text-align: justify;\">Standardn\u011b dod\u00e1v\u00e1me konstrukce v b\u00edl\u00e9 a \u010dern\u00e9 barv\u011b, v matn\u00e9m proveden\u00ed. Za p\u0159\u00edplatek 40 % lze vyrobit v jak\u00e9mkoli odst\u00ednu RAL. Dodac\u00ed lh\u016fta je 8 t\u00fddn\u016f.<\/p>\n<div class=\"product-explanation-item\">\n<h3>Lze vyrobit v tomto barevn\u00e9m proveden\u00ed:<\/h3>\n<p><strong>Cenov\u00e1 skupina C:<\/strong> p\u0159\u00edplatek 50%<br \/>jak\u00e1koliv barva dle vzorn\u00edku RAL nebo NCS v leskl\u00e9m nebo matn\u00e9m proveden\u00ed<\/p>\n<div style=\"float: left; width: 18%; text-align: center;\">RAL1019 \u0160edob\u00e9\u017eov\u00e1<\/div>\n<div style=\"float: left; width: 18%; text-align: center;\">RAL3004 Bord\u00f3<\/div>\n<div style=\"float: left; width: 18%; text-align: center;\">RAL6004 Modrozelen\u00e1<\/div>\n<div style=\"float: left; width: 18%; text-align: center;\">RAL7031 \u0160edomodr\u00e1<\/div>\n<div style=\"clear: both;\"><\/div>\n<p>Dodac\u00ed lh\u016fta je 6 t\u00fddn\u016f.<\/p>\n<\/p><\/div>\n<p><\/p>\n<p><b>Vlastnosti<\/b><\/p>\n<ul>\n<li><span>Materi\u00e1l:<\/span> MDF, Ocel<\/li>\n<li><span>Barva:<\/span> B\u00edl\u00e1 mat<\/li>\n<li><span>Instalace:<\/span> Z\u00e1v\u011bsn\u00e9 na st\u011bnu<\/li>\n<li><span>Rozm\u011br:<\/span> 600 mm<\/li>\n<li><span>\u0160\u00ed\u0159ka:<\/span> 596 mm<\/li>\n<li><span>Hloubka:<\/span> 458 mm<\/li>\n<li><span>Jin\u00e9 barevn\u00e9 proveden\u00ed:<\/span> Dle vzorn\u00edku<\/li>\n<li><span>Balen\u00ed obsahuje:<\/span> Mont\u00e1\u017en\u00ed sada<\/li>\n<\/ul>\n<\/div><\/div>\n<\/p><\/div>\n<\/p><\/div>\n<\/p><\/div>\n","protected":false},"excerpt":{"rendered":"<p>Sapho SKA konzole s polic\u00ed 600x400x460mm, b\u00edl\u00e1 mat SKA111 Konstrukce pod umyvadlo, s b\u00edlou polic\u00ed z lakovan\u00e9 MDF desky. Sou\u010d\u00e1st\u00ed balen\u00ed jsou kotevn\u00ed \u0161rouby do zdi a krytky v barv\u011b konstrukce. Industri\u00e1ln\u00ed styl nic nep\u0159edst\u00edr\u00e1. Je jednoduch\u00fd, minimalistick\u00fd, m\u00edv\u00e1 ostr\u00e9 hrany a p\u0159\u00edm\u00e9 linie. Sv\u00e9 uplatn\u011bn\u00ed zde nach\u00e1z\u00ed p\u0159edev\u0161\u00edm kovov\u00e9 prvky ve sv\u00e9 p\u016fvodn\u00ed neuhlazen\u00e9 [&hellip;]<\/p>\n","protected":false},"featured_media":15832,"comment_status":"open","ping_status":"open","template":"","meta":[],"product_brand":[],"product_cat":[71],"product_tag":[],"class_list":{"0":"post-15732","1":"product","2":"type-product","3":"status-publish","4":"has-post-thumbnail","6":"product_cat-koupelna","8":"first","9":"instock","10":"sale","11":"shipping-taxable","12":"purchasable","13":"product-type-simple"},"yoast_head":"<!-- This site is optimized with the Yoast SEO plugin v26.8 - https:\/\/yoast.com\/product\/yoast-seo-wordpress\/ -->\n<title>Zlevn\u011bn\u00fd Sapho SKA konzole s polic\u00ed 600x400x460mm, b\u00edl\u00e1 mat SKA111 -<\/title>\n<meta name=\"robots\" content=\"index, follow, max-snippet:-1, max-image-preview:large, max-video-preview:-1\" \/>\n<link rel=\"canonical\" href=\"https:\/\/www.oknobuild.com\/index.php\/produkt\/zlevneny-sapho-ska-konzole-s-polici-600x400x460mm-bila-mat-ska111-15732\/\" \/>\n<meta property=\"og:locale\" content=\"cs_CZ\" \/>\n<meta property=\"og:type\" content=\"article\" \/>\n<meta property=\"og:title\" content=\"Zlevn\u011bn\u00fd Sapho SKA konzole s polic\u00ed 600x400x460mm, b\u00edl\u00e1 mat SKA111 -\" \/>\n<meta property=\"og:description\" content=\"Sapho SKA konzole s polic\u00ed 600x400x460mm, b\u00edl\u00e1 mat SKA111 Konstrukce pod umyvadlo, s b\u00edlou polic\u00ed z lakovan\u00e9 MDF desky. Sou\u010d\u00e1st\u00ed balen\u00ed jsou kotevn\u00ed \u0161rouby do zdi a krytky v barv\u011b konstrukce. Industri\u00e1ln\u00ed styl nic nep\u0159edst\u00edr\u00e1. Je jednoduch\u00fd, minimalistick\u00fd, m\u00edv\u00e1 ostr\u00e9 hrany a p\u0159\u00edm\u00e9 linie. Sv\u00e9 uplatn\u011bn\u00ed zde nach\u00e1z\u00ed p\u0159edev\u0161\u00edm kovov\u00e9 prvky ve sv\u00e9 p\u016fvodn\u00ed neuhlazen\u00e9 [&hellip;]\" \/>\n<meta property=\"og:url\" content=\"https:\/\/www.oknobuild.com\/index.php\/produkt\/zlevneny-sapho-ska-konzole-s-polici-600x400x460mm-bila-mat-ska111-15732\/\" \/>\n<meta property=\"og:image\" content=\"https:\/\/www.oknobuild.com\/wp-content\/uploads\/2026\/SK0016139-CZ20260425-093041-0-1777080643-af9b6f982bcc545b5e8b248098d76bc3.webp\" \/>\n\t<meta property=\"og:image:width\" content=\"991\" \/>\n\t<meta property=\"og:image:height\" content=\"800\" \/>\n\t<meta property=\"og:image:type\" content=\"image\/webp\" \/>\n<meta name=\"twitter:card\" content=\"summary_large_image\" \/>\n<meta name=\"twitter:label1\" content=\"Odhadovan\u00e1 doba \u010dten\u00ed\" \/>\n\t<meta name=\"twitter:data1\" content=\"1 minuta\" \/>\n<script type=\"application\/ld+json\" class=\"yoast-schema-graph\">{\"@context\":\"https:\/\/schema.org\",\"@graph\":[{\"@type\":\"WebPage\",\"@id\":\"https:\/\/www.oknobuild.com\/index.php\/produkt\/zlevneny-sapho-ska-konzole-s-polici-600x400x460mm-bila-mat-ska111-15732\/\",\"url\":\"https:\/\/www.oknobuild.com\/index.php\/produkt\/zlevneny-sapho-ska-konzole-s-polici-600x400x460mm-bila-mat-ska111-15732\/\",\"name\":\"Zlevn\u011bn\u00fd Sapho SKA konzole s polic\u00ed 600x400x460mm, b\u00edl\u00e1 mat SKA111 -\",\"isPartOf\":{\"@id\":\"https:\/\/www.oknobuild.com\/#website\"},\"primaryImageOfPage\":{\"@id\":\"https:\/\/www.oknobuild.com\/index.php\/produkt\/zlevneny-sapho-ska-konzole-s-polici-600x400x460mm-bila-mat-ska111-15732\/#primaryimage\"},\"image\":{\"@id\":\"https:\/\/www.oknobuild.com\/index.php\/produkt\/zlevneny-sapho-ska-konzole-s-polici-600x400x460mm-bila-mat-ska111-15732\/#primaryimage\"},\"thumbnailUrl\":\"https:\/\/www.oknobuild.com\/wp-content\/uploads\/2026\/SK0016139-CZ20260425-093041-0-1777080643-af9b6f982bcc545b5e8b248098d76bc3.webp\",\"datePublished\":\"2026-04-27T04:41:12+00:00\",\"breadcrumb\":{\"@id\":\"https:\/\/www.oknobuild.com\/index.php\/produkt\/zlevneny-sapho-ska-konzole-s-polici-600x400x460mm-bila-mat-ska111-15732\/#breadcrumb\"},\"inLanguage\":\"cs\",\"potentialAction\":[{\"@type\":\"ReadAction\",\"target\":[\"https:\/\/www.oknobuild.com\/index.php\/produkt\/zlevneny-sapho-ska-konzole-s-polici-600x400x460mm-bila-mat-ska111-15732\/\"]}]},{\"@type\":\"ImageObject\",\"inLanguage\":\"cs\",\"@id\":\"https:\/\/www.oknobuild.com\/index.php\/produkt\/zlevneny-sapho-ska-konzole-s-polici-600x400x460mm-bila-mat-ska111-15732\/#primaryimage\",\"url\":\"https:\/\/www.oknobuild.com\/wp-content\/uploads\/2026\/SK0016139-CZ20260425-093041-0-1777080643-af9b6f982bcc545b5e8b248098d76bc3.webp\",\"contentUrl\":\"https:\/\/www.oknobuild.com\/wp-content\/uploads\/2026\/SK0016139-CZ20260425-093041-0-1777080643-af9b6f982bcc545b5e8b248098d76bc3.webp\",\"width\":991,\"height\":800},{\"@type\":\"BreadcrumbList\",\"@id\":\"https:\/\/www.oknobuild.com\/index.php\/produkt\/zlevneny-sapho-ska-konzole-s-polici-600x400x460mm-bila-mat-ska111-15732\/#breadcrumb\",\"itemListElement\":[{\"@type\":\"ListItem\",\"position\":1,\"name\":\"Home\",\"item\":\"https:\/\/www.oknobuild.com\/\"},{\"@type\":\"ListItem\",\"position\":2,\"name\":\"Products\",\"item\":\"https:\/\/www.oknobuild.com\/index.php\/products\/\"},{\"@type\":\"ListItem\",\"position\":3,\"name\":\"Zlevn\u011bn\u00fd Sapho SKA konzole s polic\u00ed 600x400x460mm, b\u00edl\u00e1 mat SKA111\"}]},{\"@type\":\"WebSite\",\"@id\":\"https:\/\/www.oknobuild.com\/#website\",\"url\":\"https:\/\/www.oknobuild.com\/\",\"name\":\"\",\"description\":\"\",\"potentialAction\":[{\"@type\":\"SearchAction\",\"target\":{\"@type\":\"EntryPoint\",\"urlTemplate\":\"https:\/\/www.oknobuild.com\/?s={search_term_string}\"},\"query-input\":{\"@type\":\"PropertyValueSpecification\",\"valueRequired\":true,\"valueName\":\"search_term_string\"}}],\"inLanguage\":\"cs\"}]}<\/script>\n<!-- \/ Yoast SEO plugin. -->","yoast_head_json":{"title":"Zlevn\u011bn\u00fd Sapho SKA konzole s polic\u00ed 600x400x460mm, b\u00edl\u00e1 mat SKA111 -","robots":{"index":"index","follow":"follow","max-snippet":"max-snippet:-1","max-image-preview":"max-image-preview:large","max-video-preview":"max-video-preview:-1"},"canonical":"https:\/\/www.oknobuild.com\/index.php\/produkt\/zlevneny-sapho-ska-konzole-s-polici-600x400x460mm-bila-mat-ska111-15732\/","og_locale":"cs_CZ","og_type":"article","og_title":"Zlevn\u011bn\u00fd Sapho SKA konzole s polic\u00ed 600x400x460mm, b\u00edl\u00e1 mat SKA111 -","og_description":"Sapho SKA konzole s polic\u00ed 600x400x460mm, b\u00edl\u00e1 mat SKA111 Konstrukce pod umyvadlo, s b\u00edlou polic\u00ed z lakovan\u00e9 MDF desky. Sou\u010d\u00e1st\u00ed balen\u00ed jsou kotevn\u00ed \u0161rouby do zdi a krytky v barv\u011b konstrukce. Industri\u00e1ln\u00ed styl nic nep\u0159edst\u00edr\u00e1. Je jednoduch\u00fd, minimalistick\u00fd, m\u00edv\u00e1 ostr\u00e9 hrany a p\u0159\u00edm\u00e9 linie. Sv\u00e9 uplatn\u011bn\u00ed zde nach\u00e1z\u00ed p\u0159edev\u0161\u00edm kovov\u00e9 prvky ve sv\u00e9 p\u016fvodn\u00ed neuhlazen\u00e9 [&hellip;]","og_url":"https:\/\/www.oknobuild.com\/index.php\/produkt\/zlevneny-sapho-ska-konzole-s-polici-600x400x460mm-bila-mat-ska111-15732\/","og_image":[{"width":991,"height":800,"url":"https:\/\/www.oknobuild.com\/wp-content\/uploads\/2026\/SK0016139-CZ20260425-093041-0-1777080643-af9b6f982bcc545b5e8b248098d76bc3.webp","type":"image\/webp"}],"twitter_card":"summary_large_image","twitter_misc":{"Odhadovan\u00e1 doba \u010dten\u00ed":"1 minuta"},"schema":{"@context":"https:\/\/schema.org","@graph":[{"@type":"WebPage","@id":"https:\/\/www.oknobuild.com\/index.php\/produkt\/zlevneny-sapho-ska-konzole-s-polici-600x400x460mm-bila-mat-ska111-15732\/","url":"https:\/\/www.oknobuild.com\/index.php\/produkt\/zlevneny-sapho-ska-konzole-s-polici-600x400x460mm-bila-mat-ska111-15732\/","name":"Zlevn\u011bn\u00fd Sapho SKA konzole s polic\u00ed 600x400x460mm, b\u00edl\u00e1 mat SKA111 -","isPartOf":{"@id":"https:\/\/www.oknobuild.com\/#website"},"primaryImageOfPage":{"@id":"https:\/\/www.oknobuild.com\/index.php\/produkt\/zlevneny-sapho-ska-konzole-s-polici-600x400x460mm-bila-mat-ska111-15732\/#primaryimage"},"image":{"@id":"https:\/\/www.oknobuild.com\/index.php\/produkt\/zlevneny-sapho-ska-konzole-s-polici-600x400x460mm-bila-mat-ska111-15732\/#primaryimage"},"thumbnailUrl":"https:\/\/www.oknobuild.com\/wp-content\/uploads\/2026\/SK0016139-CZ20260425-093041-0-1777080643-af9b6f982bcc545b5e8b248098d76bc3.webp","datePublished":"2026-04-27T04:41:12+00:00","breadcrumb":{"@id":"https:\/\/www.oknobuild.com\/index.php\/produkt\/zlevneny-sapho-ska-konzole-s-polici-600x400x460mm-bila-mat-ska111-15732\/#breadcrumb"},"inLanguage":"cs","potentialAction":[{"@type":"ReadAction","target":["https:\/\/www.oknobuild.com\/index.php\/produkt\/zlevneny-sapho-ska-konzole-s-polici-600x400x460mm-bila-mat-ska111-15732\/"]}]},{"@type":"ImageObject","inLanguage":"cs","@id":"https:\/\/www.oknobuild.com\/index.php\/produkt\/zlevneny-sapho-ska-konzole-s-polici-600x400x460mm-bila-mat-ska111-15732\/#primaryimage","url":"https:\/\/www.oknobuild.com\/wp-content\/uploads\/2026\/SK0016139-CZ20260425-093041-0-1777080643-af9b6f982bcc545b5e8b248098d76bc3.webp","contentUrl":"https:\/\/www.oknobuild.com\/wp-content\/uploads\/2026\/SK0016139-CZ20260425-093041-0-1777080643-af9b6f982bcc545b5e8b248098d76bc3.webp","width":991,"height":800},{"@type":"BreadcrumbList","@id":"https:\/\/www.oknobuild.com\/index.php\/produkt\/zlevneny-sapho-ska-konzole-s-polici-600x400x460mm-bila-mat-ska111-15732\/#breadcrumb","itemListElement":[{"@type":"ListItem","position":1,"name":"Home","item":"https:\/\/www.oknobuild.com\/"},{"@type":"ListItem","position":2,"name":"Products","item":"https:\/\/www.oknobuild.com\/index.php\/products\/"},{"@type":"ListItem","position":3,"name":"Zlevn\u011bn\u00fd Sapho SKA konzole s polic\u00ed 600x400x460mm, b\u00edl\u00e1 mat SKA111"}]},{"@type":"WebSite","@id":"https:\/\/www.oknobuild.com\/#website","url":"https:\/\/www.oknobuild.com\/","name":"","description":"","potentialAction":[{"@type":"SearchAction","target":{"@type":"EntryPoint","urlTemplate":"https:\/\/www.oknobuild.com\/?s={search_term_string}"},"query-input":{"@type":"PropertyValueSpecification","valueRequired":true,"valueName":"search_term_string"}}],"inLanguage":"cs"}]}},"_links":{"self":[{"href":"https:\/\/www.oknobuild.com\/index.php\/wp-json\/wp\/v2\/product\/15732","targetHints":{"allow":["GET"]}}],"collection":[{"href":"https:\/\/www.oknobuild.com\/index.php\/wp-json\/wp\/v2\/product"}],"about":[{"href":"https:\/\/www.oknobuild.com\/index.php\/wp-json\/wp\/v2\/types\/product"}],"replies":[{"embeddable":true,"href":"https:\/\/www.oknobuild.com\/index.php\/wp-json\/wp\/v2\/comments?post=15732"}],"wp:featuredmedia":[{"embeddable":true,"href":"https:\/\/www.oknobuild.com\/index.php\/wp-json\/wp\/v2\/media\/15832"}],"wp:attachment":[{"href":"https:\/\/www.oknobuild.com\/index.php\/wp-json\/wp\/v2\/media?parent=15732"}],"wp:term":[{"taxonomy":"product_brand","embeddable":true,"href":"https:\/\/www.oknobuild.com\/index.php\/wp-json\/wp\/v2\/product_brand?post=15732"},{"taxonomy":"product_cat","embeddable":true,"href":"https:\/\/www.oknobuild.com\/index.php\/wp-json\/wp\/v2\/product_cat?post=15732"},{"taxonomy":"product_tag","embeddable":true,"href":"https:\/\/www.oknobuild.com\/index.php\/wp-json\/wp\/v2\/product_tag?post=15732"}],"curies":[{"name":"wp","href":"https:\/\/api.w.org\/{rel}","templated":true}]}}