{"id":16133,"date":"2026-04-27T04:41:13","date_gmt":"2026-04-27T04:41:13","guid":{"rendered":""},"modified":"2026-04-27T04:41:13","modified_gmt":"2026-04-27T04:41:13","slug":"znackovy-gsi-kube-x-keramicke-dvojumyvadlo-120x47cm-brousena-spodni-hrana-3-otvory-bila-extraglaze-94259311-16133","status":"publish","type":"product","link":"https:\/\/www.oknobuild.com\/index.php\/produkt\/znackovy-gsi-kube-x-keramicke-dvojumyvadlo-120x47cm-brousena-spodni-hrana-3-otvory-bila-extraglaze-94259311-16133\/","title":{"rendered":"Zna\u010dkov\u00fd GSI KUBE X keramick\u00e9 dvojumyvadlo 120x47cm, brou\u0161en\u00e1 spodn\u00ed hrana, 3 otvory, b\u00edl\u00e1 ExtraGlaze 94259311"},"content":{"rendered":"<div class=\"tabs__content-outer\" id=\"tab_description\" data-hash=\"description\" data-tabindex=\"-1\">\n<div class=\"tabs__content toggle_description\" id=\"content_description\">\n<div class=\"wysiwyg-content\">\n<div class=\"product__tab product__description full-width\">\n<div class=\"container\">\n<div >\n<h3>GSI KUBE X keramick\u00e9 dvojumyvadlo 120x47cm, brou\u0161en\u00e1 spodn\u00ed hrana, 3 otvory, b\u00edl\u00e1 ExtraGlaze 94259311<\/h3>\n<p style=\"text-align: justify;\">S\u00e9rie KUBE X vych\u00e1z\u00ed ze sou\u010dasn\u00e9ho trendu pravo\u00fahl\u00fdch tvar\u016f s \u00fasporn\u00fdmi liniemi a \u0161t\u00edhl\u00fdmi hranami. Kolekce nab\u00edz\u00ed \u010dtvercov\u00e1 umyvadla od v\u011bt\u0161\u00edch a\u017e po nejmen\u0161\u00ed velikosti s mo\u017enost\u00ed instalace zav\u011b\u0161en\u00edm na st\u011bnu a k polo\u017een\u00ed na desku nebo sk\u0159\u00ed\u0148ku.<br \/>Sou\u010d\u00e1st\u00ed s\u00e9rie umyvadel jsou nav\u00edc dv\u011b kulat\u00e1 umyvadla na desku a dv\u011b obd\u00e9ln\u00edkov\u00e1 vestavn\u00e1 umyvadla, v\u0161echna s velmi \u0161t\u00edhl\u00fdmi hranami.<br \/>Sanit\u00e1rn\u00ed keramika je vybavena technick\u00fdmi inovacemi GSI: antibakteri\u00e1ln\u00ed glazurou Extraglaze\u00ae, toalety splachovac\u00edm syst\u00e9mem Save Water a syst\u00e9mem SwirlFlush\u00ae, WC sed\u00e1tka mechanismem Quick Release a syst\u00e9mem Soft Close. Vybran\u00e9 produkty jsou dostupn\u00e9 tak\u00e9 v b\u00edl\u00e9 matn\u00e9 a \u010dern\u00e9 matn\u00e9.<\/p>\n<div class=\"product-explanation-item\">\n<h3><strong>Keramick\u00e1 glazura ExtraGlaze\u00ae Antibacterial<\/strong><\/h3>\n<div style=\"float: left;\"><\/div>\n<p style=\"text-align: justify;\">Antibakteri\u00e1ln\u00ed glazura Extraglaze\u00ae Antibacterial, je obohacen\u00e1 o ionty st\u0159\u00edbra a titanu. Aplikuje se na produkty ji\u017e b\u011bhem v\u00fdrobn\u00edho procesu p\u0159ed vyp\u00e1len\u00edm, \u010d\u00edm\u017e je zaru\u010den jej\u00ed trval\u00fd \u00fa\u010dinek. Extraglaze\u00ae Antibacterial dod\u00e1v\u00e1 keramice dokonale hladk\u00fd povrch, vysok\u00fd lesk, antibakteri\u00e1ln\u00ed \u00fa\u010dinek a ochranu proti v\u00e1penn\u00fdm usazenin\u00e1m. Povrch Extraglaze\u00ae Antibacterial je standardn\u011b aplikov\u00e1n na v\u0161echny v\u00fdrobky spole\u010dnosti GSI.<\/p>\n<div style=\"float: left; width: 30%; text-align: center;\">B\u011b\u017en\u00e1 glazura<\/div>\n<div style=\"float: left; width: 30%; text-align: center;\">Extraglaze\u00ae Antibacterial<\/div>\n<div style=\"clear: both;\">\u00a0<\/div>\n<\/p><\/div>\n<p> <\/p>\n<p><strong>Vlastnosti<\/strong><\/p>\n<ul>\n<li><span>Materi\u00e1l:<\/span> Keramika<\/li>\n<li><span>Barva:<\/span> B\u00edl\u00e1<\/li>\n<li><span>Instalace:<\/span> N\u00e1st\u011bnn\u00e1-\u0161rouby<\/li>\n<li><span>P\u0159epad:<\/span> Ano<\/li>\n<li><span>Tvar:<\/span> Obd\u00e9ln\u00edk<\/li>\n<li><span>Otvor pro baterii:<\/span> 3 otvory<\/li>\n<li><span>Rozm\u011br:<\/span> 120x16x47 cm<\/li>\n<li><span>\u0160\u00ed\u0159ka:<\/span> 1200 mm<\/li>\n<li><span>V\u00fd\u0161ka:<\/span> 160 mm<\/li>\n<li><span>Hloubka:<\/span> 470 mm<\/li>\n<li><span>Typ umyvadla:<\/span> Dvojumyvadlo<\/li>\n<li><span>V\u00fdbava:<\/span> ExtraGlaze<\/li>\n<\/ul>\n<\/div><\/div>\n<\/p><\/div>\n<\/p><\/div>\n<\/p><\/div>\n","protected":false},"excerpt":{"rendered":"<p>GSI KUBE X keramick\u00e9 dvojumyvadlo 120x47cm, brou\u0161en\u00e1 spodn\u00ed hrana, 3 otvory, b\u00edl\u00e1 ExtraGlaze 94259311 S\u00e9rie KUBE X vych\u00e1z\u00ed ze sou\u010dasn\u00e9ho trendu pravo\u00fahl\u00fdch tvar\u016f s \u00fasporn\u00fdmi liniemi a \u0161t\u00edhl\u00fdmi hranami. Kolekce nab\u00edz\u00ed \u010dtvercov\u00e1 umyvadla od v\u011bt\u0161\u00edch a\u017e po nejmen\u0161\u00ed velikosti s mo\u017enost\u00ed instalace zav\u011b\u0161en\u00edm na st\u011bnu a k polo\u017een\u00ed na desku nebo sk\u0159\u00ed\u0148ku.Sou\u010d\u00e1st\u00ed s\u00e9rie umyvadel jsou [&hellip;]<\/p>\n","protected":false},"featured_media":16233,"comment_status":"open","ping_status":"open","template":"","meta":[],"product_brand":[],"product_cat":[71],"product_tag":[],"class_list":{"0":"post-16133","1":"product","2":"type-product","3":"status-publish","4":"has-post-thumbnail","6":"product_cat-koupelna","8":"first","9":"instock","10":"sale","11":"shipping-taxable","12":"purchasable","13":"product-type-simple"},"yoast_head":"<!-- This site is optimized with the Yoast SEO plugin v26.8 - https:\/\/yoast.com\/product\/yoast-seo-wordpress\/ -->\n<title>Zna\u010dkov\u00fd GSI KUBE X keramick\u00e9 dvojumyvadlo 120x47cm, brou\u0161en\u00e1 spodn\u00ed hrana, 3 otvory, b\u00edl\u00e1 ExtraGlaze 94259311 -<\/title>\n<meta name=\"robots\" content=\"index, follow, max-snippet:-1, max-image-preview:large, max-video-preview:-1\" \/>\n<link rel=\"canonical\" href=\"https:\/\/www.oknobuild.com\/index.php\/produkt\/znackovy-gsi-kube-x-keramicke-dvojumyvadlo-120x47cm-brousena-spodni-hrana-3-otvory-bila-extraglaze-94259311-16133\/\" \/>\n<meta property=\"og:locale\" content=\"cs_CZ\" \/>\n<meta property=\"og:type\" content=\"article\" \/>\n<meta property=\"og:title\" content=\"Zna\u010dkov\u00fd GSI KUBE X keramick\u00e9 dvojumyvadlo 120x47cm, brou\u0161en\u00e1 spodn\u00ed hrana, 3 otvory, b\u00edl\u00e1 ExtraGlaze 94259311 -\" \/>\n<meta property=\"og:description\" content=\"GSI KUBE X keramick\u00e9 dvojumyvadlo 120x47cm, brou\u0161en\u00e1 spodn\u00ed hrana, 3 otvory, b\u00edl\u00e1 ExtraGlaze 94259311 S\u00e9rie KUBE X vych\u00e1z\u00ed ze sou\u010dasn\u00e9ho trendu pravo\u00fahl\u00fdch tvar\u016f s \u00fasporn\u00fdmi liniemi a \u0161t\u00edhl\u00fdmi hranami. Kolekce nab\u00edz\u00ed \u010dtvercov\u00e1 umyvadla od v\u011bt\u0161\u00edch a\u017e po nejmen\u0161\u00ed velikosti s mo\u017enost\u00ed instalace zav\u011b\u0161en\u00edm na st\u011bnu a k polo\u017een\u00ed na desku nebo sk\u0159\u00ed\u0148ku.Sou\u010d\u00e1st\u00ed s\u00e9rie umyvadel jsou [&hellip;]\" \/>\n<meta property=\"og:url\" content=\"https:\/\/www.oknobuild.com\/index.php\/produkt\/znackovy-gsi-kube-x-keramicke-dvojumyvadlo-120x47cm-brousena-spodni-hrana-3-otvory-bila-extraglaze-94259311-16133\/\" \/>\n<meta property=\"og:image\" content=\"https:\/\/www.oknobuild.com\/wp-content\/uploads\/2026\/SK0016347-CZ20260425-093041-0-1777080643-80fecd25b1e445086610922184507b67.webp\" \/>\n\t<meta property=\"og:image:width\" content=\"931\" \/>\n\t<meta property=\"og:image:height\" content=\"569\" \/>\n\t<meta property=\"og:image:type\" content=\"image\/webp\" \/>\n<meta name=\"twitter:card\" content=\"summary_large_image\" \/>\n<meta name=\"twitter:label1\" content=\"Odhadovan\u00e1 doba \u010dten\u00ed\" \/>\n\t<meta name=\"twitter:data1\" content=\"1 minuta\" \/>\n<script type=\"application\/ld+json\" class=\"yoast-schema-graph\">{\"@context\":\"https:\/\/schema.org\",\"@graph\":[{\"@type\":\"WebPage\",\"@id\":\"https:\/\/www.oknobuild.com\/index.php\/produkt\/znackovy-gsi-kube-x-keramicke-dvojumyvadlo-120x47cm-brousena-spodni-hrana-3-otvory-bila-extraglaze-94259311-16133\/\",\"url\":\"https:\/\/www.oknobuild.com\/index.php\/produkt\/znackovy-gsi-kube-x-keramicke-dvojumyvadlo-120x47cm-brousena-spodni-hrana-3-otvory-bila-extraglaze-94259311-16133\/\",\"name\":\"Zna\u010dkov\u00fd GSI KUBE X keramick\u00e9 dvojumyvadlo 120x47cm, brou\u0161en\u00e1 spodn\u00ed hrana, 3 otvory, b\u00edl\u00e1 ExtraGlaze 94259311 -\",\"isPartOf\":{\"@id\":\"https:\/\/www.oknobuild.com\/#website\"},\"primaryImageOfPage\":{\"@id\":\"https:\/\/www.oknobuild.com\/index.php\/produkt\/znackovy-gsi-kube-x-keramicke-dvojumyvadlo-120x47cm-brousena-spodni-hrana-3-otvory-bila-extraglaze-94259311-16133\/#primaryimage\"},\"image\":{\"@id\":\"https:\/\/www.oknobuild.com\/index.php\/produkt\/znackovy-gsi-kube-x-keramicke-dvojumyvadlo-120x47cm-brousena-spodni-hrana-3-otvory-bila-extraglaze-94259311-16133\/#primaryimage\"},\"thumbnailUrl\":\"https:\/\/www.oknobuild.com\/wp-content\/uploads\/2026\/SK0016347-CZ20260425-093041-0-1777080643-80fecd25b1e445086610922184507b67.webp\",\"datePublished\":\"2026-04-27T04:41:13+00:00\",\"breadcrumb\":{\"@id\":\"https:\/\/www.oknobuild.com\/index.php\/produkt\/znackovy-gsi-kube-x-keramicke-dvojumyvadlo-120x47cm-brousena-spodni-hrana-3-otvory-bila-extraglaze-94259311-16133\/#breadcrumb\"},\"inLanguage\":\"cs\",\"potentialAction\":[{\"@type\":\"ReadAction\",\"target\":[\"https:\/\/www.oknobuild.com\/index.php\/produkt\/znackovy-gsi-kube-x-keramicke-dvojumyvadlo-120x47cm-brousena-spodni-hrana-3-otvory-bila-extraglaze-94259311-16133\/\"]}]},{\"@type\":\"ImageObject\",\"inLanguage\":\"cs\",\"@id\":\"https:\/\/www.oknobuild.com\/index.php\/produkt\/znackovy-gsi-kube-x-keramicke-dvojumyvadlo-120x47cm-brousena-spodni-hrana-3-otvory-bila-extraglaze-94259311-16133\/#primaryimage\",\"url\":\"https:\/\/www.oknobuild.com\/wp-content\/uploads\/2026\/SK0016347-CZ20260425-093041-0-1777080643-80fecd25b1e445086610922184507b67.webp\",\"contentUrl\":\"https:\/\/www.oknobuild.com\/wp-content\/uploads\/2026\/SK0016347-CZ20260425-093041-0-1777080643-80fecd25b1e445086610922184507b67.webp\",\"width\":931,\"height\":569},{\"@type\":\"BreadcrumbList\",\"@id\":\"https:\/\/www.oknobuild.com\/index.php\/produkt\/znackovy-gsi-kube-x-keramicke-dvojumyvadlo-120x47cm-brousena-spodni-hrana-3-otvory-bila-extraglaze-94259311-16133\/#breadcrumb\",\"itemListElement\":[{\"@type\":\"ListItem\",\"position\":1,\"name\":\"Home\",\"item\":\"https:\/\/www.oknobuild.com\/\"},{\"@type\":\"ListItem\",\"position\":2,\"name\":\"Products\",\"item\":\"https:\/\/www.oknobuild.com\/index.php\/products\/\"},{\"@type\":\"ListItem\",\"position\":3,\"name\":\"Zna\u010dkov\u00fd GSI KUBE X keramick\u00e9 dvojumyvadlo 120x47cm, brou\u0161en\u00e1 spodn\u00ed hrana, 3 otvory, b\u00edl\u00e1 ExtraGlaze 94259311\"}]},{\"@type\":\"WebSite\",\"@id\":\"https:\/\/www.oknobuild.com\/#website\",\"url\":\"https:\/\/www.oknobuild.com\/\",\"name\":\"\",\"description\":\"\",\"potentialAction\":[{\"@type\":\"SearchAction\",\"target\":{\"@type\":\"EntryPoint\",\"urlTemplate\":\"https:\/\/www.oknobuild.com\/?s={search_term_string}\"},\"query-input\":{\"@type\":\"PropertyValueSpecification\",\"valueRequired\":true,\"valueName\":\"search_term_string\"}}],\"inLanguage\":\"cs\"}]}<\/script>\n<!-- \/ Yoast SEO plugin. -->","yoast_head_json":{"title":"Zna\u010dkov\u00fd GSI KUBE X keramick\u00e9 dvojumyvadlo 120x47cm, brou\u0161en\u00e1 spodn\u00ed hrana, 3 otvory, b\u00edl\u00e1 ExtraGlaze 94259311 -","robots":{"index":"index","follow":"follow","max-snippet":"max-snippet:-1","max-image-preview":"max-image-preview:large","max-video-preview":"max-video-preview:-1"},"canonical":"https:\/\/www.oknobuild.com\/index.php\/produkt\/znackovy-gsi-kube-x-keramicke-dvojumyvadlo-120x47cm-brousena-spodni-hrana-3-otvory-bila-extraglaze-94259311-16133\/","og_locale":"cs_CZ","og_type":"article","og_title":"Zna\u010dkov\u00fd GSI KUBE X keramick\u00e9 dvojumyvadlo 120x47cm, brou\u0161en\u00e1 spodn\u00ed hrana, 3 otvory, b\u00edl\u00e1 ExtraGlaze 94259311 -","og_description":"GSI KUBE X keramick\u00e9 dvojumyvadlo 120x47cm, brou\u0161en\u00e1 spodn\u00ed hrana, 3 otvory, b\u00edl\u00e1 ExtraGlaze 94259311 S\u00e9rie KUBE X vych\u00e1z\u00ed ze sou\u010dasn\u00e9ho trendu pravo\u00fahl\u00fdch tvar\u016f s \u00fasporn\u00fdmi liniemi a \u0161t\u00edhl\u00fdmi hranami. Kolekce nab\u00edz\u00ed \u010dtvercov\u00e1 umyvadla od v\u011bt\u0161\u00edch a\u017e po nejmen\u0161\u00ed velikosti s mo\u017enost\u00ed instalace zav\u011b\u0161en\u00edm na st\u011bnu a k polo\u017een\u00ed na desku nebo sk\u0159\u00ed\u0148ku.Sou\u010d\u00e1st\u00ed s\u00e9rie umyvadel jsou [&hellip;]","og_url":"https:\/\/www.oknobuild.com\/index.php\/produkt\/znackovy-gsi-kube-x-keramicke-dvojumyvadlo-120x47cm-brousena-spodni-hrana-3-otvory-bila-extraglaze-94259311-16133\/","og_image":[{"width":931,"height":569,"url":"https:\/\/www.oknobuild.com\/wp-content\/uploads\/2026\/SK0016347-CZ20260425-093041-0-1777080643-80fecd25b1e445086610922184507b67.webp","type":"image\/webp"}],"twitter_card":"summary_large_image","twitter_misc":{"Odhadovan\u00e1 doba \u010dten\u00ed":"1 minuta"},"schema":{"@context":"https:\/\/schema.org","@graph":[{"@type":"WebPage","@id":"https:\/\/www.oknobuild.com\/index.php\/produkt\/znackovy-gsi-kube-x-keramicke-dvojumyvadlo-120x47cm-brousena-spodni-hrana-3-otvory-bila-extraglaze-94259311-16133\/","url":"https:\/\/www.oknobuild.com\/index.php\/produkt\/znackovy-gsi-kube-x-keramicke-dvojumyvadlo-120x47cm-brousena-spodni-hrana-3-otvory-bila-extraglaze-94259311-16133\/","name":"Zna\u010dkov\u00fd GSI KUBE X keramick\u00e9 dvojumyvadlo 120x47cm, brou\u0161en\u00e1 spodn\u00ed hrana, 3 otvory, b\u00edl\u00e1 ExtraGlaze 94259311 -","isPartOf":{"@id":"https:\/\/www.oknobuild.com\/#website"},"primaryImageOfPage":{"@id":"https:\/\/www.oknobuild.com\/index.php\/produkt\/znackovy-gsi-kube-x-keramicke-dvojumyvadlo-120x47cm-brousena-spodni-hrana-3-otvory-bila-extraglaze-94259311-16133\/#primaryimage"},"image":{"@id":"https:\/\/www.oknobuild.com\/index.php\/produkt\/znackovy-gsi-kube-x-keramicke-dvojumyvadlo-120x47cm-brousena-spodni-hrana-3-otvory-bila-extraglaze-94259311-16133\/#primaryimage"},"thumbnailUrl":"https:\/\/www.oknobuild.com\/wp-content\/uploads\/2026\/SK0016347-CZ20260425-093041-0-1777080643-80fecd25b1e445086610922184507b67.webp","datePublished":"2026-04-27T04:41:13+00:00","breadcrumb":{"@id":"https:\/\/www.oknobuild.com\/index.php\/produkt\/znackovy-gsi-kube-x-keramicke-dvojumyvadlo-120x47cm-brousena-spodni-hrana-3-otvory-bila-extraglaze-94259311-16133\/#breadcrumb"},"inLanguage":"cs","potentialAction":[{"@type":"ReadAction","target":["https:\/\/www.oknobuild.com\/index.php\/produkt\/znackovy-gsi-kube-x-keramicke-dvojumyvadlo-120x47cm-brousena-spodni-hrana-3-otvory-bila-extraglaze-94259311-16133\/"]}]},{"@type":"ImageObject","inLanguage":"cs","@id":"https:\/\/www.oknobuild.com\/index.php\/produkt\/znackovy-gsi-kube-x-keramicke-dvojumyvadlo-120x47cm-brousena-spodni-hrana-3-otvory-bila-extraglaze-94259311-16133\/#primaryimage","url":"https:\/\/www.oknobuild.com\/wp-content\/uploads\/2026\/SK0016347-CZ20260425-093041-0-1777080643-80fecd25b1e445086610922184507b67.webp","contentUrl":"https:\/\/www.oknobuild.com\/wp-content\/uploads\/2026\/SK0016347-CZ20260425-093041-0-1777080643-80fecd25b1e445086610922184507b67.webp","width":931,"height":569},{"@type":"BreadcrumbList","@id":"https:\/\/www.oknobuild.com\/index.php\/produkt\/znackovy-gsi-kube-x-keramicke-dvojumyvadlo-120x47cm-brousena-spodni-hrana-3-otvory-bila-extraglaze-94259311-16133\/#breadcrumb","itemListElement":[{"@type":"ListItem","position":1,"name":"Home","item":"https:\/\/www.oknobuild.com\/"},{"@type":"ListItem","position":2,"name":"Products","item":"https:\/\/www.oknobuild.com\/index.php\/products\/"},{"@type":"ListItem","position":3,"name":"Zna\u010dkov\u00fd GSI KUBE X keramick\u00e9 dvojumyvadlo 120x47cm, brou\u0161en\u00e1 spodn\u00ed hrana, 3 otvory, b\u00edl\u00e1 ExtraGlaze 94259311"}]},{"@type":"WebSite","@id":"https:\/\/www.oknobuild.com\/#website","url":"https:\/\/www.oknobuild.com\/","name":"","description":"","potentialAction":[{"@type":"SearchAction","target":{"@type":"EntryPoint","urlTemplate":"https:\/\/www.oknobuild.com\/?s={search_term_string}"},"query-input":{"@type":"PropertyValueSpecification","valueRequired":true,"valueName":"search_term_string"}}],"inLanguage":"cs"}]}},"_links":{"self":[{"href":"https:\/\/www.oknobuild.com\/index.php\/wp-json\/wp\/v2\/product\/16133","targetHints":{"allow":["GET"]}}],"collection":[{"href":"https:\/\/www.oknobuild.com\/index.php\/wp-json\/wp\/v2\/product"}],"about":[{"href":"https:\/\/www.oknobuild.com\/index.php\/wp-json\/wp\/v2\/types\/product"}],"replies":[{"embeddable":true,"href":"https:\/\/www.oknobuild.com\/index.php\/wp-json\/wp\/v2\/comments?post=16133"}],"wp:featuredmedia":[{"embeddable":true,"href":"https:\/\/www.oknobuild.com\/index.php\/wp-json\/wp\/v2\/media\/16233"}],"wp:attachment":[{"href":"https:\/\/www.oknobuild.com\/index.php\/wp-json\/wp\/v2\/media?parent=16133"}],"wp:term":[{"taxonomy":"product_brand","embeddable":true,"href":"https:\/\/www.oknobuild.com\/index.php\/wp-json\/wp\/v2\/product_brand?post=16133"},{"taxonomy":"product_cat","embeddable":true,"href":"https:\/\/www.oknobuild.com\/index.php\/wp-json\/wp\/v2\/product_cat?post=16133"},{"taxonomy":"product_tag","embeddable":true,"href":"https:\/\/www.oknobuild.com\/index.php\/wp-json\/wp\/v2\/product_tag?post=16133"}],"curies":[{"name":"wp","href":"https:\/\/api.w.org\/{rel}","templated":true}]}}