{"id":16720,"date":"2026-04-27T04:41:14","date_gmt":"2026-04-27T04:41:14","guid":{"rendered":""},"modified":"2026-04-27T04:41:14","modified_gmt":"2026-04-27T04:41:14","slug":"znackovy-polysan-easy-tristenny-sprchovy-kout-900x700mm-skladaci-dvere-l-p-varianta-cire-sklo-el1990el3115el3115-16720","status":"publish","type":"product","link":"https:\/\/www.oknobuild.com\/index.php\/produkt\/znackovy-polysan-easy-tristenny-sprchovy-kout-900x700mm-skladaci-dvere-l-p-varianta-cire-sklo-el1990el3115el3115-16720\/","title":{"rendered":"Zna\u010dkov\u00fd Polysan EASY t\u0159\u00edst\u011bnn\u00fd sprchov\u00fd kout 900x700mm, skl\u00e1dac\u00ed dve\u0159e, L\/P varianta, \u010dir\u00e9 sklo EL1990EL3115EL3115"},"content":{"rendered":"<div class=\"tabs__content-outer\" id=\"tab_description\" data-hash=\"description\" data-tabindex=\"-1\">\n<div class=\"tabs__content toggle_description\" id=\"content_description\">\n<div class=\"wysiwyg-content\">\n<div class=\"product__tab product__description full-width\">\n<div class=\"container\">\n<div >\n<h3>Polysan EASY t\u0159\u00edst\u011bnn\u00fd sprchov\u00fd kout 900x700mm, skl\u00e1dac\u00ed dve\u0159e, L\/P varianta, \u010dir\u00e9 sklo EL1990EL3115EL3115<\/h3>\n<p style=\"text-align: justify;\">Elegantn\u00ed \u0159ada sprchov\u00fdch z\u00e1st\u011bn EASY p\u0159edstavuje jednoduch\u00e9 a praktick\u00e9 \u0159e\u0161en\u00ed pro sprchov\u00e1n\u00ed ve sv\u011b\u017e\u00edm a lehk\u00e9m designu. Z\u00e1st\u011bny s posuvn\u00fdmi dve\u0159mi se posouvaj\u00ed na zdvojen\u00fdch kuli\u010dkov\u00fdch pojezdech, tak\u017ee p\u0159i otev\u00edr\u00e1n\u00ed neub\u00edraj\u00ed na prostoru kolem sprchov\u00e9ho koutu. V s\u00e9rii jsou zastoupeny i z\u00e1st\u011bny s dve\u0159mi pivotov\u00fdmi a skl\u00e1dac\u00edmi. Z\u00e1st\u011bny disponuj\u00ed bezpe\u010dnostn\u00edm sklem o s\u00edle 6 mm zasazen\u00fdm do profil\u016f z le\u0161t\u011bn\u00e9ho hlin\u00edku.&nbsp;K \u010di\u0161t\u011bn\u00ed skel doporu\u010dujeme ASC \u010dist\u00edc\u00ed a ochrann\u00fd prost\u0159edek, 94000.<\/p>\n<p><strong>Celkov\u00e1 charakteristika&nbsp;sprchov\u00fdch z\u00e1st\u011bn&nbsp;s\u00e9rie EASY:<\/strong><\/p>\n<ul>\n<li>\u010ctvrtkruhov\u00e9 z\u00e1st\u011bny s&nbsp;dvoud\u00edln\u00fdmi posuvn\u00fdmi obloukov\u00fdmi dve\u0159mi, rohov\u00fd vstup<\/li>\n<li>\u010ctvercov\u00e9 z\u00e1st\u011bny s&nbsp;dvoud\u00edln\u00fdmi posuvn\u00fdmi dve\u0159mi, rohov\u00fd vstup<\/li>\n<li>Posuvn\u00e9 dve\u0159e se syst\u00e9mem vykl\u00e1p\u011bn\u00ed pomoc\u00ed spodn\u00edch lo\u017eisek pro snadn\u00e9 \u010di\u0161t\u011bn\u00ed<\/li>\n<li>Horn\u00ed a spodn\u00ed zdvojen\u00e9 lo\u017eiskov\u00e9 pojezdy posuvn\u00fdch dve\u0159\u00ed zaru\u010duj\u00ed bezprobl\u00e9mov\u00fd chod<\/li>\n<li>Snadn\u00e1 mont\u00e1\u017e, u posuvn\u00fdch a skl\u00e1dac\u00edch dve\u0159\u00ed tolerance 20 mm nastaven\u00edm skel v&nbsp;profilu<\/li>\n<li>Pivotov\u00e9 dve\u0159e umo\u017e\u0148uj\u00ed nastaven\u00ed instala\u010dn\u00ed \u0161\u00ed\u0159ky v rozsahu a\u017e 140 mm<\/li>\n<li>U pivotov\u00fdch dve\u0159\u00ed je sklo uchyceno v&nbsp;oto\u010dn\u00e9m pivotov\u00e9m pantu, co\u017e je mechanismus s dlouhou \u017eivotnost\u00ed<\/li>\n<li>Kombinac\u00ed bo\u010dn\u00ed st\u011bny a dve\u0159\u00ed z\u00edsk\u00e1te obd\u00e9ln\u00edkovou z\u00e1st\u011bnu &#8211; na v\u00fdb\u011br dve\u0159e posuvn\u00e9, pivotov\u00e9 a skl\u00e1dac\u00ed<\/li>\n<li>Bezpe\u010dnostn\u00ed \u010dir\u00e9 sklo z\u00e1st\u011bn o&nbsp;s\u00edle 6 mm<\/li>\n<li>U vybran\u00fdch model\u016f na v\u00fdb\u011br i Brick sklo<\/li>\n<li>Le\u0161t\u011bn\u00e9 hlin\u00edkov\u00e9 profily umoc\u0148uj\u00ed eleganci z\u00e1st\u011bn<\/li>\n<li>Instala\u010dn\u00ed rozm\u011br dve\u0159\u00ed do niky lze d\u00edky roz\u0161i\u0159ovac\u00edmu profilu EL825 zv\u011bt\u0161it o 25 mm na ka\u017edou stranu, celkem o 50 mm<\/li>\n<li>Bo\u010dn\u00ed st\u011bnu lze ke v\u0161em typ\u016fm dve\u0159\u00ed instalovat z lev\u00e9 i prav\u00e9 strany, bez ohledu na stranu otev\u00edr\u00e1n\u00ed dve\u0159\u00ed<\/li>\n<li>Dve\u0159e umo\u017e\u0148uj\u00ed variabiln\u00ed instalaci s&nbsp;lev\u00fdm nebo prav\u00fdm otev\u00edr\u00e1n\u00edm<\/li>\n<\/ul>\n<table style=\"width: 700px;\" border=\"0\">\n<tbody>\n<tr>\n<td><\/td>\n<td><\/td>\n<td><\/td>\n<\/tr>\n<tr>\n<td style=\"vertical-align: top;\">Prakticky&nbsp;navr\u017een\u00e9 madlo <br \/>pro pohodln\u00e9 otev\u00edr\u00e1n\u00ed dve\u0159\u00ed<\/td>\n<td style=\"vertical-align: top;\">P\u0159\u00edpadn\u00e9 nerovnosti st\u011bny elegantn\u011b<br \/>skryje profil, do kter\u00e9ho se zasouv\u00e1<br \/>sklo dle pot\u0159eby a\u017e 20 mm<\/td>\n<td style=\"vertical-align: top;\">Bezprobl\u00e9mov\u00fd chod a snadn\u00e9 \u010di\u0161t\u011bn\u00ed<br \/>posuvn\u00fdch dve\u0159\u00ed zaji\u0161\u0165uj\u00ed<br \/>zdvojen\u00e9 v\u00fdklopn\u00e9 pojezdy<\/td>\n<\/tr>\n<\/tbody>\n<\/table>\n<table style=\"width: 700px;\" border=\"0\">\n<tbody>\n<tr>\n<td>Na v\u00fdb\u011br jsou dve\u0159e:<\/td>\n<td><\/td>\n<td><\/td>\n<\/tr>\n<tr>\n<td><\/td>\n<td><\/td>\n<td><\/td>\n<\/tr>\n<tr>\n<td style=\"vertical-align: top;\">&#8230; posuvn\u00e9<\/td>\n<td style=\"vertical-align: top;\">&#8230;pivotov\u00e9,<br \/>kter\u00e9 umo\u017en\u00ed nastaven\u00ed instala\u010dn\u00ed<br \/>\u0161\u00ed\u0159ky v rozsahu a\u017e 140 mm<\/td>\n<td style=\"vertical-align: top;\">&#8230; skl\u00e1dac\u00ed<\/td>\n<\/tr>\n<\/tbody>\n<\/table>\n<div class=\"product-explanation-item\">\n<h3>Sm\u011br otev\u00edr\u00e1n\u00ed &#8211; univerz\u00e1ln\u00ed<\/h3>\n<p style=\"text-align: justify;\">Instalace je mo\u017en\u00e1 s lev\u00fdm nebo prav\u00fdm otev\u00edr\u00e1n\u00edm dve\u0159\u00ed.<\/p>\n<\/p><\/div>\n<div class=\"product-explanation-item\">\n<h3>R\u00e1mov\u00e9 sprchov\u00e9 z\u00e1st\u011bny<\/h3>\n<p style=\"text-align: justify;\">V\u00fdhodou r\u00e1mov\u00e9ho proveden\u00ed z\u00e1st\u011bny je lep\u0161\u00ed ochrana proti st\u0159\u00edkaj\u00edc\u00ed vod\u011b. I v p\u0159\u00edpad\u011b intenzivn\u00edho sprchov\u00e1n\u00ed zabr\u00e1n\u00ed r\u00e1m ve spodn\u00ed vodorovn\u00e9 \u010d\u00e1sti dve\u0159\u00ed p\u0159ete\u010den\u00ed vody mimo sprchov\u00fd kout. Ur\u010ditou nev\u00fdhodou je, \u017ee tyto z\u00e1st\u011bny nejsou bezbari\u00e9rov\u00e9 a r\u00e1m p\u016fsob\u00ed robustn\u011b.<\/p>\n<\/p><\/div>\n<p><\/p>\n<p><b>Vlastnosti<\/b><\/p>\n<ul>\n<li><span>Vlastnosti:<\/span> R\u00e1mov\u00e9 proveden\u00ed<\/li>\n<li><span>Tvar:<\/span> T\u0159\u00edst\u011bnn\u00e9<\/li>\n<li><span>Rozm\u011br:<\/span> 90&#215;70 cm<\/li>\n<li><span>\u0160\u00ed\u0159ka:<\/span> 900 mm<\/li>\n<li><span>V\u00fd\u0161ka:<\/span> 1900 mm<\/li>\n<li><span>Hloubka:<\/span> 700 mm<\/li>\n<li><span>Typ v\u00fdpln\u011b:<\/span> \u010cir\u00e9 sklo<\/li>\n<li><span>Tlou\u0161\u0165ka skla:<\/span> 6 mm<\/li>\n<li><span>Barva:<\/span> St\u0159\u00edbrn\u00e1<\/li>\n<li><span>Syst\u00e9m otev\u00edr\u00e1n\u00ed dve\u0159\u00ed:<\/span> zalamovac\u00ed<\/li>\n<li><span>\u0160\u00ed\u0159ka vstupu:<\/span> 550 mm<\/li>\n<li><span>Sm\u011br otev\u00edr\u00e1n\u00ed:<\/span> Univerz\u00e1ln\u00ed<\/li>\n<\/ul>\n<\/div><\/div>\n<\/p><\/div>\n<\/p><\/div>\n<\/p><\/div>\n","protected":false},"excerpt":{"rendered":"<p>Polysan EASY t\u0159\u00edst\u011bnn\u00fd sprchov\u00fd kout 900x700mm, skl\u00e1dac\u00ed dve\u0159e, L\/P varianta, \u010dir\u00e9 sklo EL1990EL3115EL3115 Elegantn\u00ed \u0159ada sprchov\u00fdch z\u00e1st\u011bn EASY p\u0159edstavuje jednoduch\u00e9 a praktick\u00e9 \u0159e\u0161en\u00ed pro sprchov\u00e1n\u00ed ve sv\u011b\u017e\u00edm a lehk\u00e9m designu. Z\u00e1st\u011bny s posuvn\u00fdmi dve\u0159mi se posouvaj\u00ed na zdvojen\u00fdch kuli\u010dkov\u00fdch pojezdech, tak\u017ee p\u0159i otev\u00edr\u00e1n\u00ed neub\u00edraj\u00ed na prostoru kolem sprchov\u00e9ho koutu. V s\u00e9rii jsou zastoupeny i z\u00e1st\u011bny [&hellip;]<\/p>\n","protected":false},"featured_media":16820,"comment_status":"open","ping_status":"open","template":"","meta":[],"product_brand":[],"product_cat":[71],"product_tag":[],"class_list":{"0":"post-16720","1":"product","2":"type-product","3":"status-publish","4":"has-post-thumbnail","6":"product_cat-koupelna","8":"first","9":"instock","10":"sale","11":"shipping-taxable","12":"purchasable","13":"product-type-simple"},"yoast_head":"<!-- This site is optimized with the Yoast SEO plugin v26.8 - https:\/\/yoast.com\/product\/yoast-seo-wordpress\/ -->\n<title>Zna\u010dkov\u00fd Polysan EASY t\u0159\u00edst\u011bnn\u00fd sprchov\u00fd kout 900x700mm, skl\u00e1dac\u00ed dve\u0159e, L\/P varianta, \u010dir\u00e9 sklo EL1990EL3115EL3115 -<\/title>\n<meta name=\"robots\" content=\"index, follow, max-snippet:-1, max-image-preview:large, max-video-preview:-1\" \/>\n<link rel=\"canonical\" href=\"https:\/\/www.oknobuild.com\/index.php\/produkt\/znackovy-polysan-easy-tristenny-sprchovy-kout-900x700mm-skladaci-dvere-l-p-varianta-cire-sklo-el1990el3115el3115-16720\/\" \/>\n<meta property=\"og:locale\" content=\"cs_CZ\" \/>\n<meta property=\"og:type\" content=\"article\" \/>\n<meta property=\"og:title\" content=\"Zna\u010dkov\u00fd Polysan EASY t\u0159\u00edst\u011bnn\u00fd sprchov\u00fd kout 900x700mm, skl\u00e1dac\u00ed dve\u0159e, L\/P varianta, \u010dir\u00e9 sklo EL1990EL3115EL3115 -\" \/>\n<meta property=\"og:description\" content=\"Polysan EASY t\u0159\u00edst\u011bnn\u00fd sprchov\u00fd kout 900x700mm, skl\u00e1dac\u00ed dve\u0159e, L\/P varianta, \u010dir\u00e9 sklo EL1990EL3115EL3115 Elegantn\u00ed \u0159ada sprchov\u00fdch z\u00e1st\u011bn EASY p\u0159edstavuje jednoduch\u00e9 a praktick\u00e9 \u0159e\u0161en\u00ed pro sprchov\u00e1n\u00ed ve sv\u011b\u017e\u00edm a lehk\u00e9m designu. Z\u00e1st\u011bny s posuvn\u00fdmi dve\u0159mi se posouvaj\u00ed na zdvojen\u00fdch kuli\u010dkov\u00fdch pojezdech, tak\u017ee p\u0159i otev\u00edr\u00e1n\u00ed neub\u00edraj\u00ed na prostoru kolem sprchov\u00e9ho koutu. V s\u00e9rii jsou zastoupeny i z\u00e1st\u011bny [&hellip;]\" \/>\n<meta property=\"og:url\" content=\"https:\/\/www.oknobuild.com\/index.php\/produkt\/znackovy-polysan-easy-tristenny-sprchovy-kout-900x700mm-skladaci-dvere-l-p-varianta-cire-sklo-el1990el3115el3115-16720\/\" \/>\n<meta property=\"og:image\" content=\"https:\/\/www.oknobuild.com\/wp-content\/uploads\/2026\/SK0016659-CZ20260425-093041-0-1777080643-98d813dce2839a6cd1bcf8f85e39478a.webp\" \/>\n\t<meta property=\"og:image:width\" content=\"778\" \/>\n\t<meta property=\"og:image:height\" content=\"800\" \/>\n\t<meta property=\"og:image:type\" content=\"image\/webp\" \/>\n<meta name=\"twitter:card\" content=\"summary_large_image\" \/>\n<meta name=\"twitter:label1\" content=\"Odhadovan\u00e1 doba \u010dten\u00ed\" \/>\n\t<meta name=\"twitter:data1\" content=\"3 minuty\" \/>\n<script type=\"application\/ld+json\" class=\"yoast-schema-graph\">{\"@context\":\"https:\/\/schema.org\",\"@graph\":[{\"@type\":\"WebPage\",\"@id\":\"https:\/\/www.oknobuild.com\/index.php\/produkt\/znackovy-polysan-easy-tristenny-sprchovy-kout-900x700mm-skladaci-dvere-l-p-varianta-cire-sklo-el1990el3115el3115-16720\/\",\"url\":\"https:\/\/www.oknobuild.com\/index.php\/produkt\/znackovy-polysan-easy-tristenny-sprchovy-kout-900x700mm-skladaci-dvere-l-p-varianta-cire-sklo-el1990el3115el3115-16720\/\",\"name\":\"Zna\u010dkov\u00fd Polysan EASY t\u0159\u00edst\u011bnn\u00fd sprchov\u00fd kout 900x700mm, skl\u00e1dac\u00ed dve\u0159e, L\/P varianta, \u010dir\u00e9 sklo EL1990EL3115EL3115 -\",\"isPartOf\":{\"@id\":\"https:\/\/www.oknobuild.com\/#website\"},\"primaryImageOfPage\":{\"@id\":\"https:\/\/www.oknobuild.com\/index.php\/produkt\/znackovy-polysan-easy-tristenny-sprchovy-kout-900x700mm-skladaci-dvere-l-p-varianta-cire-sklo-el1990el3115el3115-16720\/#primaryimage\"},\"image\":{\"@id\":\"https:\/\/www.oknobuild.com\/index.php\/produkt\/znackovy-polysan-easy-tristenny-sprchovy-kout-900x700mm-skladaci-dvere-l-p-varianta-cire-sklo-el1990el3115el3115-16720\/#primaryimage\"},\"thumbnailUrl\":\"https:\/\/www.oknobuild.com\/wp-content\/uploads\/2026\/SK0016659-CZ20260425-093041-0-1777080643-98d813dce2839a6cd1bcf8f85e39478a.webp\",\"datePublished\":\"2026-04-27T04:41:14+00:00\",\"breadcrumb\":{\"@id\":\"https:\/\/www.oknobuild.com\/index.php\/produkt\/znackovy-polysan-easy-tristenny-sprchovy-kout-900x700mm-skladaci-dvere-l-p-varianta-cire-sklo-el1990el3115el3115-16720\/#breadcrumb\"},\"inLanguage\":\"cs\",\"potentialAction\":[{\"@type\":\"ReadAction\",\"target\":[\"https:\/\/www.oknobuild.com\/index.php\/produkt\/znackovy-polysan-easy-tristenny-sprchovy-kout-900x700mm-skladaci-dvere-l-p-varianta-cire-sklo-el1990el3115el3115-16720\/\"]}]},{\"@type\":\"ImageObject\",\"inLanguage\":\"cs\",\"@id\":\"https:\/\/www.oknobuild.com\/index.php\/produkt\/znackovy-polysan-easy-tristenny-sprchovy-kout-900x700mm-skladaci-dvere-l-p-varianta-cire-sklo-el1990el3115el3115-16720\/#primaryimage\",\"url\":\"https:\/\/www.oknobuild.com\/wp-content\/uploads\/2026\/SK0016659-CZ20260425-093041-0-1777080643-98d813dce2839a6cd1bcf8f85e39478a.webp\",\"contentUrl\":\"https:\/\/www.oknobuild.com\/wp-content\/uploads\/2026\/SK0016659-CZ20260425-093041-0-1777080643-98d813dce2839a6cd1bcf8f85e39478a.webp\",\"width\":778,\"height\":800},{\"@type\":\"BreadcrumbList\",\"@id\":\"https:\/\/www.oknobuild.com\/index.php\/produkt\/znackovy-polysan-easy-tristenny-sprchovy-kout-900x700mm-skladaci-dvere-l-p-varianta-cire-sklo-el1990el3115el3115-16720\/#breadcrumb\",\"itemListElement\":[{\"@type\":\"ListItem\",\"position\":1,\"name\":\"Home\",\"item\":\"https:\/\/www.oknobuild.com\/\"},{\"@type\":\"ListItem\",\"position\":2,\"name\":\"Products\",\"item\":\"https:\/\/www.oknobuild.com\/index.php\/products\/\"},{\"@type\":\"ListItem\",\"position\":3,\"name\":\"Zna\u010dkov\u00fd Polysan EASY t\u0159\u00edst\u011bnn\u00fd sprchov\u00fd kout 900x700mm, skl\u00e1dac\u00ed dve\u0159e, L\/P varianta, \u010dir\u00e9 sklo EL1990EL3115EL3115\"}]},{\"@type\":\"WebSite\",\"@id\":\"https:\/\/www.oknobuild.com\/#website\",\"url\":\"https:\/\/www.oknobuild.com\/\",\"name\":\"\",\"description\":\"\",\"potentialAction\":[{\"@type\":\"SearchAction\",\"target\":{\"@type\":\"EntryPoint\",\"urlTemplate\":\"https:\/\/www.oknobuild.com\/?s={search_term_string}\"},\"query-input\":{\"@type\":\"PropertyValueSpecification\",\"valueRequired\":true,\"valueName\":\"search_term_string\"}}],\"inLanguage\":\"cs\"}]}<\/script>\n<!-- \/ Yoast SEO plugin. -->","yoast_head_json":{"title":"Zna\u010dkov\u00fd Polysan EASY t\u0159\u00edst\u011bnn\u00fd sprchov\u00fd kout 900x700mm, skl\u00e1dac\u00ed dve\u0159e, L\/P varianta, \u010dir\u00e9 sklo EL1990EL3115EL3115 -","robots":{"index":"index","follow":"follow","max-snippet":"max-snippet:-1","max-image-preview":"max-image-preview:large","max-video-preview":"max-video-preview:-1"},"canonical":"https:\/\/www.oknobuild.com\/index.php\/produkt\/znackovy-polysan-easy-tristenny-sprchovy-kout-900x700mm-skladaci-dvere-l-p-varianta-cire-sklo-el1990el3115el3115-16720\/","og_locale":"cs_CZ","og_type":"article","og_title":"Zna\u010dkov\u00fd Polysan EASY t\u0159\u00edst\u011bnn\u00fd sprchov\u00fd kout 900x700mm, skl\u00e1dac\u00ed dve\u0159e, L\/P varianta, \u010dir\u00e9 sklo EL1990EL3115EL3115 -","og_description":"Polysan EASY t\u0159\u00edst\u011bnn\u00fd sprchov\u00fd kout 900x700mm, skl\u00e1dac\u00ed dve\u0159e, L\/P varianta, \u010dir\u00e9 sklo EL1990EL3115EL3115 Elegantn\u00ed \u0159ada sprchov\u00fdch z\u00e1st\u011bn EASY p\u0159edstavuje jednoduch\u00e9 a praktick\u00e9 \u0159e\u0161en\u00ed pro sprchov\u00e1n\u00ed ve sv\u011b\u017e\u00edm a lehk\u00e9m designu. Z\u00e1st\u011bny s posuvn\u00fdmi dve\u0159mi se posouvaj\u00ed na zdvojen\u00fdch kuli\u010dkov\u00fdch pojezdech, tak\u017ee p\u0159i otev\u00edr\u00e1n\u00ed neub\u00edraj\u00ed na prostoru kolem sprchov\u00e9ho koutu. V s\u00e9rii jsou zastoupeny i z\u00e1st\u011bny [&hellip;]","og_url":"https:\/\/www.oknobuild.com\/index.php\/produkt\/znackovy-polysan-easy-tristenny-sprchovy-kout-900x700mm-skladaci-dvere-l-p-varianta-cire-sklo-el1990el3115el3115-16720\/","og_image":[{"width":778,"height":800,"url":"https:\/\/www.oknobuild.com\/wp-content\/uploads\/2026\/SK0016659-CZ20260425-093041-0-1777080643-98d813dce2839a6cd1bcf8f85e39478a.webp","type":"image\/webp"}],"twitter_card":"summary_large_image","twitter_misc":{"Odhadovan\u00e1 doba \u010dten\u00ed":"3 minuty"},"schema":{"@context":"https:\/\/schema.org","@graph":[{"@type":"WebPage","@id":"https:\/\/www.oknobuild.com\/index.php\/produkt\/znackovy-polysan-easy-tristenny-sprchovy-kout-900x700mm-skladaci-dvere-l-p-varianta-cire-sklo-el1990el3115el3115-16720\/","url":"https:\/\/www.oknobuild.com\/index.php\/produkt\/znackovy-polysan-easy-tristenny-sprchovy-kout-900x700mm-skladaci-dvere-l-p-varianta-cire-sklo-el1990el3115el3115-16720\/","name":"Zna\u010dkov\u00fd Polysan EASY t\u0159\u00edst\u011bnn\u00fd sprchov\u00fd kout 900x700mm, skl\u00e1dac\u00ed dve\u0159e, L\/P varianta, \u010dir\u00e9 sklo EL1990EL3115EL3115 -","isPartOf":{"@id":"https:\/\/www.oknobuild.com\/#website"},"primaryImageOfPage":{"@id":"https:\/\/www.oknobuild.com\/index.php\/produkt\/znackovy-polysan-easy-tristenny-sprchovy-kout-900x700mm-skladaci-dvere-l-p-varianta-cire-sklo-el1990el3115el3115-16720\/#primaryimage"},"image":{"@id":"https:\/\/www.oknobuild.com\/index.php\/produkt\/znackovy-polysan-easy-tristenny-sprchovy-kout-900x700mm-skladaci-dvere-l-p-varianta-cire-sklo-el1990el3115el3115-16720\/#primaryimage"},"thumbnailUrl":"https:\/\/www.oknobuild.com\/wp-content\/uploads\/2026\/SK0016659-CZ20260425-093041-0-1777080643-98d813dce2839a6cd1bcf8f85e39478a.webp","datePublished":"2026-04-27T04:41:14+00:00","breadcrumb":{"@id":"https:\/\/www.oknobuild.com\/index.php\/produkt\/znackovy-polysan-easy-tristenny-sprchovy-kout-900x700mm-skladaci-dvere-l-p-varianta-cire-sklo-el1990el3115el3115-16720\/#breadcrumb"},"inLanguage":"cs","potentialAction":[{"@type":"ReadAction","target":["https:\/\/www.oknobuild.com\/index.php\/produkt\/znackovy-polysan-easy-tristenny-sprchovy-kout-900x700mm-skladaci-dvere-l-p-varianta-cire-sklo-el1990el3115el3115-16720\/"]}]},{"@type":"ImageObject","inLanguage":"cs","@id":"https:\/\/www.oknobuild.com\/index.php\/produkt\/znackovy-polysan-easy-tristenny-sprchovy-kout-900x700mm-skladaci-dvere-l-p-varianta-cire-sklo-el1990el3115el3115-16720\/#primaryimage","url":"https:\/\/www.oknobuild.com\/wp-content\/uploads\/2026\/SK0016659-CZ20260425-093041-0-1777080643-98d813dce2839a6cd1bcf8f85e39478a.webp","contentUrl":"https:\/\/www.oknobuild.com\/wp-content\/uploads\/2026\/SK0016659-CZ20260425-093041-0-1777080643-98d813dce2839a6cd1bcf8f85e39478a.webp","width":778,"height":800},{"@type":"BreadcrumbList","@id":"https:\/\/www.oknobuild.com\/index.php\/produkt\/znackovy-polysan-easy-tristenny-sprchovy-kout-900x700mm-skladaci-dvere-l-p-varianta-cire-sklo-el1990el3115el3115-16720\/#breadcrumb","itemListElement":[{"@type":"ListItem","position":1,"name":"Home","item":"https:\/\/www.oknobuild.com\/"},{"@type":"ListItem","position":2,"name":"Products","item":"https:\/\/www.oknobuild.com\/index.php\/products\/"},{"@type":"ListItem","position":3,"name":"Zna\u010dkov\u00fd Polysan EASY t\u0159\u00edst\u011bnn\u00fd sprchov\u00fd kout 900x700mm, skl\u00e1dac\u00ed dve\u0159e, L\/P varianta, \u010dir\u00e9 sklo EL1990EL3115EL3115"}]},{"@type":"WebSite","@id":"https:\/\/www.oknobuild.com\/#website","url":"https:\/\/www.oknobuild.com\/","name":"","description":"","potentialAction":[{"@type":"SearchAction","target":{"@type":"EntryPoint","urlTemplate":"https:\/\/www.oknobuild.com\/?s={search_term_string}"},"query-input":{"@type":"PropertyValueSpecification","valueRequired":true,"valueName":"search_term_string"}}],"inLanguage":"cs"}]}},"_links":{"self":[{"href":"https:\/\/www.oknobuild.com\/index.php\/wp-json\/wp\/v2\/product\/16720","targetHints":{"allow":["GET"]}}],"collection":[{"href":"https:\/\/www.oknobuild.com\/index.php\/wp-json\/wp\/v2\/product"}],"about":[{"href":"https:\/\/www.oknobuild.com\/index.php\/wp-json\/wp\/v2\/types\/product"}],"replies":[{"embeddable":true,"href":"https:\/\/www.oknobuild.com\/index.php\/wp-json\/wp\/v2\/comments?post=16720"}],"wp:featuredmedia":[{"embeddable":true,"href":"https:\/\/www.oknobuild.com\/index.php\/wp-json\/wp\/v2\/media\/16820"}],"wp:attachment":[{"href":"https:\/\/www.oknobuild.com\/index.php\/wp-json\/wp\/v2\/media?parent=16720"}],"wp:term":[{"taxonomy":"product_brand","embeddable":true,"href":"https:\/\/www.oknobuild.com\/index.php\/wp-json\/wp\/v2\/product_brand?post=16720"},{"taxonomy":"product_cat","embeddable":true,"href":"https:\/\/www.oknobuild.com\/index.php\/wp-json\/wp\/v2\/product_cat?post=16720"},{"taxonomy":"product_tag","embeddable":true,"href":"https:\/\/www.oknobuild.com\/index.php\/wp-json\/wp\/v2\/product_tag?post=16720"}],"curies":[{"name":"wp","href":"https:\/\/api.w.org\/{rel}","templated":true}]}}